{"id":4102,"date":"2025-01-21T09:57:19","date_gmt":"2025-01-21T08:57:19","guid":{"rendered":"https:\/\/fdasrl.it\/prodotto\/bebedouro-em-ferro-fundido-de-nivel-automatico-para-bovinos-e-equinos\/"},"modified":"2025-01-21T09:57:19","modified_gmt":"2025-01-21T08:57:19","slug":"bebedouro-em-ferro-fundido-de-nivel-automatico-para-bovinos-e-equinos","status":"publish","type":"product","link":"https:\/\/fdasrl.it\/pt-pt\/prodotto\/bebedouro-em-ferro-fundido-de-nivel-automatico-para-bovinos-e-equinos\/","title":{"rendered":"Bebedouro em ferro fundido de n\u00edvel autom\u00e1tico para bovinos e equinos"},"content":{"rendered":"<h3 data-start=\"396\" data-end=\"488\">Bebedouro em ferro fundido de n\u00edvel constante autom\u00e1tico de 4,5 litros para bovinos e equinos \u2013 modelo FDA<\/h3>\n<h4 data-start=\"490\" data-end=\"780\">O bebedouro autom\u00e1tico FDA \u00e9 a solu\u00e7\u00e3o ideal para garantir um abastecimento constante e seguro de \u00e1gua a bovinos e equinos.<\/h4>\n<p data-start=\"490\" data-end=\"780\">Fabricado em <strong data-start=\"639\" data-end=\"700\">ferro fundido esmaltado e pintado com tratamento de cataforese<\/strong>, foi concebido para resistir ao tempo mesmo em ambientes pecu\u00e1rios exigentes.<\/p>\n<p data-start=\"782\" data-end=\"1116\">Equipado com <strong data-start=\"792\" data-end=\"843\">v\u00e1lvula de boia FAR 16P de esfera ajust\u00e1vel<\/strong>, mant\u00e9m automaticamente o n\u00edvel da \u00e1gua constante, reduzindo desperd\u00edcios e interven\u00e7\u00f5es manuais. A <strong data-start=\"945\" data-end=\"979\">prote\u00e7\u00e3o em a\u00e7o inoxid\u00e1vel 304<\/strong> assegura resist\u00eancia e higiene adicionais, enquanto o <strong data-start=\"1030\" data-end=\"1060\">tamp\u00e3o de drenagem integrado<\/strong> permite uma limpeza r\u00e1pida e simples da bacia. <\/p>\n<p data-start=\"1118\" data-end=\"1253\">Gra\u00e7as ao <strong data-start=\"1128\" data-end=\"1157\">design compacto e robusto<\/strong>, o bebedouro pode ser instalado na <strong data-start=\"1198\" data-end=\"1222\">parede ou em poste<\/strong>, com entrada de \u00e1gua por baixo.<\/p>\n<hr data-start=\"1255\" data-end=\"1258\">\n<h3 data-start=\"1260\" data-end=\"1292\">\u2699\ufe0f Caracter\u00edsticas t\u00e9cnicas:<\/h3>\n<ul data-start=\"1294\" data-end=\"1681\">\n<li data-start=\"1294\" data-end=\"1321\">\n<p data-start=\"1296\" data-end=\"1321\"><strong data-start=\"1296\" data-end=\"1308\">Capacidade<\/strong>: 4,5 litros<\/p>\n<\/li>\n<li data-start=\"1322\" data-end=\"1378\">\n<p data-start=\"1324\" data-end=\"1378\"><strong data-start=\"1324\" data-end=\"1337\">Material<\/strong>: ferro fundido esmaltado, a\u00e7o inoxid\u00e1vel AISI 304<\/p>\n<\/li>\n<li data-start=\"1379\" data-end=\"1433\">\n<p data-start=\"1381\" data-end=\"1433\"><strong data-start=\"1381\" data-end=\"1392\">V\u00e1lvula<\/strong>: FAR 16P de n\u00edvel constante ajust\u00e1vel<\/p>\n<\/li>\n<li data-start=\"1434\" data-end=\"1452\">\n<p data-start=\"1436\" data-end=\"1452\"><strong data-start=\"1436\" data-end=\"1444\">Peso<\/strong>: 7 kg<\/p>\n<\/li>\n<li data-start=\"1453\" data-end=\"1494\">\n<p data-start=\"1455\" data-end=\"1494\"><strong data-start=\"1455\" data-end=\"1485\">Di\u00e2metro interno da bacia<\/strong>: 21 cm<\/p>\n<\/li>\n<li data-start=\"1495\" data-end=\"1546\">\n<p data-start=\"1497\" data-end=\"1546\"><strong data-start=\"1497\" data-end=\"1514\">Instala\u00e7\u00e3o<\/strong>: na parede ou em tubo vertical<\/p>\n<\/li>\n<li data-start=\"1547\" data-end=\"1622\">\n<p data-start=\"1549\" data-end=\"1622\"><strong data-start=\"1549\" data-end=\"1564\">Tratamento<\/strong>: pintura por cataforese, resistente \u00e0 corros\u00e3o<\/p>\n<\/li>\n<li data-start=\"1623\" data-end=\"1681\">\n<p data-start=\"1625\" data-end=\"1681\"><strong data-start=\"1625\" data-end=\"1641\">Manuten\u00e7\u00e3o<\/strong>: dreno inferior para limpeza r\u00e1pida<\/p>\n<\/li>\n<\/ul>\n<p>&nbsp;<\/p>\n<p>\ud83d\udc49 Solicite pre\u00e7o para revenda: <a href=\"mailto:info@fdasrl.it\">CLIQUE AQUI<\/a><\/p>\n<p>\ud83d\udc49 Compre-o na nossa <a href=\"https:\/\/fda-shop.it\/shop\/articoli-per-allevamento\/abbeveratoi\/abbeveratoio-automatico-a-livello-costante-in-ghisa-45-l#\/299-tipo_di_fissaggio_-a_muro\" target=\"_blank\" rel=\"noopener\">loja online<\/a><\/p>\n","protected":false},"excerpt":{"rendered":"<p>Bebedouro em ferro fundido esmaltado de 4,5 l com n\u00edvel constante, v\u00e1lvula FAR 16P e prote\u00e7\u00e3o inox. Ideal para bovinos e equinos. <\/p>\n","protected":false},"featured_media":884,"comment_status":"open","ping_status":"closed","template":"","meta":{"_et_pb_use_builder":"","_et_pb_old_content":"","_et_gb_content_width":""},"product_brand":[],"product_cat":[554,502,383,609],"product_tag":[976,977],"class_list":{"0":"post-4102","1":"product","2":"type-product","3":"status-publish","4":"has-post-thumbnail","6":"product_cat-bebedouros-2","7":"product_cat-bebedouros","8":"product_cat-bovinos","9":"product_cat-cavalos","10":"product_tag-fa-ag-ferro-fundido","11":"product_tag-faag-ferro-fundido","13":"first","14":"instock","15":"shipping-taxable","16":"product-type-simple"},"yoast_head":"<!-- This site is optimized with the Yoast SEO Premium plugin v27.5 (Yoast SEO v27.6) - https:\/\/yoast.com\/product\/yoast-seo-premium-wordpress\/ -->\n<title>Bebedouro em ferro fundido de n\u00edvel autom\u00e1tico para bovinos e equinos - FDA srl<\/title>\n<meta name=\"description\" content=\"Escolha o Bebedouro em ferro fundido de n\u00edvel autom\u00e1tico para bovinos e equinos para uma gest\u00e3o de \u00e1gua sem desperd\u00edcios. Saiba mais agora!\" \/>\n<meta name=\"robots\" content=\"index, follow, max-snippet:-1, max-image-preview:large, max-video-preview:-1\" \/>\n<link rel=\"canonical\" href=\"https:\/\/fdasrl.it\/pt-pt\/prodotto\/bebedouro-em-ferro-fundido-de-nivel-automatico-para-bovinos-e-equinos\/\" \/>\n<meta property=\"og:locale\" content=\"pt_PT\" \/>\n<meta property=\"og:type\" content=\"article\" \/>\n<meta property=\"og:title\" content=\"Bebedouro em ferro fundido de n\u00edvel autom\u00e1tico para bovinos e equinos\" \/>\n<meta property=\"og:description\" content=\"Escolha o Bebedouro em ferro fundido de n\u00edvel autom\u00e1tico para bovinos e equinos para uma gest\u00e3o de \u00e1gua sem desperd\u00edcios. Saiba mais agora!\" \/>\n<meta property=\"og:url\" content=\"https:\/\/fdasrl.it\/pt-pt\/prodotto\/bebedouro-em-ferro-fundido-de-nivel-automatico-para-bovinos-e-equinos\/\" \/>\n<meta property=\"og:site_name\" content=\"FDA srl\" \/>\n<meta property=\"article:publisher\" content=\"https:\/\/www.facebook.com\/share\/1MWhFWg1Tp\/?mibextid=LQQJ4d\" \/>\n<meta property=\"og:image\" content=\"https:\/\/fdasrl.it\/wp-content\/uploads\/2025\/01\/vaschetta-abbeveratoio-ghisa-fda-1.webp\" \/>\n\t<meta property=\"og:image:width\" content=\"1684\" \/>\n\t<meta property=\"og:image:height\" content=\"1190\" \/>\n\t<meta property=\"og:image:type\" content=\"image\/webp\" \/>\n<meta name=\"twitter:card\" content=\"summary_large_image\" \/>\n<meta name=\"twitter:label1\" content=\"pre\u00e7o\" \/>\n\t<meta name=\"twitter:data1\" content=\"\" \/>\n\t<meta name=\"twitter:label2\" content=\"Disponibilidade\" \/>\n\t<meta name=\"twitter:data2\" content=\"Em stock\" \/>\n<meta property=\"product:price:currency\" content=\"EUR\" \/>\n<meta property=\"og:availability\" content=\"instock\" \/>\n<meta property=\"product:availability\" content=\"instock\" \/>\n<meta property=\"product:retailer_item_id\" content=\"FAAG-GHISA\" \/>\n<meta property=\"product:condition\" content=\"new\" \/>\n<!-- \/ Yoast SEO Premium plugin. -->","yoast_head_json":{"title":"Bebedouro em ferro fundido de n\u00edvel autom\u00e1tico para bovinos e equinos - FDA srl","description":"Escolha o Bebedouro em ferro fundido de n\u00edvel autom\u00e1tico para bovinos e equinos para uma gest\u00e3o de \u00e1gua sem desperd\u00edcios. Saiba mais agora!","robots":{"index":"index","follow":"follow","max-snippet":"max-snippet:-1","max-image-preview":"max-image-preview:large","max-video-preview":"max-video-preview:-1"},"canonical":"https:\/\/fdasrl.it\/pt-pt\/prodotto\/bebedouro-em-ferro-fundido-de-nivel-automatico-para-bovinos-e-equinos\/","og_locale":"pt_PT","og_type":"article","og_title":"Bebedouro em ferro fundido de n\u00edvel autom\u00e1tico para bovinos e equinos","og_description":"Escolha o Bebedouro em ferro fundido de n\u00edvel autom\u00e1tico para bovinos e equinos para uma gest\u00e3o de \u00e1gua sem desperd\u00edcios. Saiba mais agora!","og_url":"https:\/\/fdasrl.it\/pt-pt\/prodotto\/bebedouro-em-ferro-fundido-de-nivel-automatico-para-bovinos-e-equinos\/","og_site_name":"FDA srl","article_publisher":"https:\/\/www.facebook.com\/share\/1MWhFWg1Tp\/?mibextid=LQQJ4d","og_image":[{"width":1684,"height":1190,"url":"https:\/\/fdasrl.it\/wp-content\/uploads\/2025\/01\/vaschetta-abbeveratoio-ghisa-fda-1.webp","type":"image\/webp"}],"twitter_card":"summary_large_image","twitter_misc":{"pre\u00e7o":"","Disponibilidade":"Em stock"},"schema":{"@context":"https:\/\/schema.org","@graph":[{"@type":"WebPage","@id":"https:\/\/fdasrl.it\/pt-pt\/prodotto\/bebedouro-em-ferro-fundido-de-nivel-automatico-para-bovinos-e-equinos\/","url":"https:\/\/fdasrl.it\/pt-pt\/prodotto\/bebedouro-em-ferro-fundido-de-nivel-automatico-para-bovinos-e-equinos\/","name":"Bebedouro em ferro fundido de n\u00edvel autom\u00e1tico para bovinos e equinos - FDA srl","isPartOf":{"@id":"https:\/\/fdasrl.it\/pt-pt\/#website"},"primaryImageOfPage":{"@id":"https:\/\/fdasrl.it\/pt-pt\/prodotto\/bebedouro-em-ferro-fundido-de-nivel-automatico-para-bovinos-e-equinos\/#primaryimage"},"image":{"@id":"https:\/\/fdasrl.it\/pt-pt\/prodotto\/bebedouro-em-ferro-fundido-de-nivel-automatico-para-bovinos-e-equinos\/#primaryimage"},"thumbnailUrl":"https:\/\/fdasrl.it\/wp-content\/uploads\/2025\/01\/vaschetta-abbeveratoio-ghisa-fda-1.webp","datePublished":"2025-01-21T08:57:19+00:00","description":"Escolha o Bebedouro em ferro fundido de n\u00edvel autom\u00e1tico para bovinos e equinos para uma gest\u00e3o de \u00e1gua sem desperd\u00edcios. Saiba mais agora!","breadcrumb":{"@id":"https:\/\/fdasrl.it\/pt-pt\/prodotto\/bebedouro-em-ferro-fundido-de-nivel-automatico-para-bovinos-e-equinos\/#breadcrumb"},"inLanguage":"pt-PT","potentialAction":[{"@type":"ReadAction","target":["https:\/\/fdasrl.it\/pt-pt\/prodotto\/bebedouro-em-ferro-fundido-de-nivel-automatico-para-bovinos-e-equinos\/"]}]},{"@type":"ImageObject","inLanguage":"pt-PT","@id":"https:\/\/fdasrl.it\/pt-pt\/prodotto\/bebedouro-em-ferro-fundido-de-nivel-automatico-para-bovinos-e-equinos\/#primaryimage","url":"https:\/\/fdasrl.it\/wp-content\/uploads\/2025\/01\/vaschetta-abbeveratoio-ghisa-fda-1.webp","contentUrl":"https:\/\/fdasrl.it\/wp-content\/uploads\/2025\/01\/vaschetta-abbeveratoio-ghisa-fda-1.webp","width":1684,"height":1190,"caption":"Vaschetta abbeveratoio in ghisa smaltata verde a livello costante - vista 1"},{"@type":"BreadcrumbList","@id":"https:\/\/fdasrl.it\/pt-pt\/prodotto\/bebedouro-em-ferro-fundido-de-nivel-automatico-para-bovinos-e-equinos\/#breadcrumb","itemListElement":[{"@type":"ListItem","position":1,"name":"Home","item":"https:\/\/fdasrl.it\/pt-pt\/inicio\/"},{"@type":"ListItem","position":2,"name":"Loja","item":"https:\/\/fdasrl.it\/pt-pt\/loja\/"},{"@type":"ListItem","position":3,"name":"Bebedouro em ferro fundido de n\u00edvel autom\u00e1tico para bovinos e equinos"}]},{"@type":"WebSite","@id":"https:\/\/fdasrl.it\/pt-pt\/#website","url":"https:\/\/fdasrl.it\/pt-pt\/","name":"FDA srl","description":"Equipment for animal husbandry","publisher":{"@id":"https:\/\/fdasrl.it\/pt-pt\/#organization"},"potentialAction":[{"@type":"SearchAction","target":{"@type":"EntryPoint","urlTemplate":"https:\/\/fdasrl.it\/pt-pt\/?s={search_term_string}"},"query-input":{"@type":"PropertyValueSpecification","valueRequired":true,"valueName":"search_term_string"}}],"inLanguage":"pt-PT"},{"@type":"Organization","@id":"https:\/\/fdasrl.it\/pt-pt\/#organization","name":"FDA srl","url":"https:\/\/fdasrl.it\/pt-pt\/","logo":{"@type":"ImageObject","inLanguage":"pt-PT","@id":"https:\/\/fdasrl.it\/pt-pt\/#\/schema\/logo\/image\/","url":"https:\/\/fdasrl.it\/wp-content\/uploads\/2024\/12\/Logo-FDA.png","contentUrl":"https:\/\/fdasrl.it\/wp-content\/uploads\/2024\/12\/Logo-FDA.png","width":316,"height":119,"caption":"FDA srl"},"image":{"@id":"https:\/\/fdasrl.it\/pt-pt\/#\/schema\/logo\/image\/"},"sameAs":["https:\/\/www.facebook.com\/share\/1MWhFWg1Tp\/?mibextid=LQQJ4d","https:\/\/www.instagram.com\/fda_srl\/profilecard\/?igsh=YW5lbzJ6MWg0d21u","https:\/\/www.youtube.com\/@FDASRL_ANIMALCARE"],"description":"FDA SRL \u2013 Equipment for animal husbandry nasce con l\u2019obiettivo di offrire soluzioni affidabili e innovative per l\u2019allevamento moderno. Con anni di esperienza nel settore zootecnico, progettiamo e realizziamo attrezzature destinate al benessere animale e alla gestione efficiente delle stalle: vasche, abbeveratoi, mangiatoie e sistemi di riscaldamento pensati per durare nel tempo e semplificare il lavoro quotidiano degli allevatori. Dalla progettazione alla produzione, ogni nostro prodotto \u00e8 studiato nei minimi dettagli, testato con cura e costruito per rispondere alle esigenze reali del settore. La nostra forza \u00e8 unire artigianalit\u00e0, tecnologia e competenza tecnica per trasformare ogni progetto in una soluzione concreta e funzionale. Oggi FDA SRL \u00e8 un punto di riferimento per privati e rivenditori che cercano qualit\u00e0, affidabilit\u00e0 e innovazione nelle attrezzature per l\u2019allevamento.","email":"info@fdasrl.it","telephone":"+390522826820","legalName":"F.D.A. SRL","foundingDate":"2024-10-13","vatID":"03075840359","taxID":"03075840359","numberOfEmployees":{"@type":"QuantitativeValue","minValue":"1","maxValue":"10"}}]},"product_price_currency":"EUR","og_availability":"instock","product_availability":"instock","product_retailer_item_id":"FAAG-GHISA","product_condition":"new"},"_links":{"self":[{"href":"https:\/\/fdasrl.it\/pt-pt\/wp-json\/wp\/v2\/product\/4102","targetHints":{"allow":["GET"]}}],"collection":[{"href":"https:\/\/fdasrl.it\/pt-pt\/wp-json\/wp\/v2\/product"}],"about":[{"href":"https:\/\/fdasrl.it\/pt-pt\/wp-json\/wp\/v2\/types\/product"}],"replies":[{"embeddable":true,"href":"https:\/\/fdasrl.it\/pt-pt\/wp-json\/wp\/v2\/comments?post=4102"}],"wp:featuredmedia":[{"embeddable":true,"href":"https:\/\/fdasrl.it\/pt-pt\/wp-json\/wp\/v2\/media\/884"}],"wp:attachment":[{"href":"https:\/\/fdasrl.it\/pt-pt\/wp-json\/wp\/v2\/media?parent=4102"}],"wp:term":[{"taxonomy":"product_brand","embeddable":true,"href":"https:\/\/fdasrl.it\/pt-pt\/wp-json\/wp\/v2\/product_brand?post=4102"},{"taxonomy":"product_cat","embeddable":true,"href":"https:\/\/fdasrl.it\/pt-pt\/wp-json\/wp\/v2\/product_cat?post=4102"},{"taxonomy":"product_tag","embeddable":true,"href":"https:\/\/fdasrl.it\/pt-pt\/wp-json\/wp\/v2\/product_tag?post=4102"}],"curies":[{"name":"wp","href":"https:\/\/api.w.org\/{rel}","templated":true}]}}