{"id":4236,"date":"2025-01-21T09:53:08","date_gmt":"2025-01-21T08:53:08","guid":{"rendered":"https:\/\/fdasrl.it\/prodotto\/bebedouro-polipropileno-de-alta-resistencia\/"},"modified":"2025-01-21T09:53:08","modified_gmt":"2025-01-21T08:53:08","slug":"bebedouro-polipropileno-de-alta-resistencia","status":"publish","type":"product","link":"https:\/\/fdasrl.it\/pt-pt\/prodotto\/bebedouro-polipropileno-de-alta-resistencia\/","title":{"rendered":"BEBEDOURO POLIPROPILENO DE ALTA RESIST\u00caNCIA"},"content":{"rendered":"<h3><strong>Bebedouro em polipropileno de alta resist\u00eancia para bovinos, equinos, caprinos, ovinos e c\u00e3es<\/strong><\/h3>\n<h4 data-start=\"416\" data-end=\"791\">O bebedouro FAAG POLIPROP da FDA SRL foi concebido para garantir <strong data-start=\"483\" data-end=\"514\">resist\u00eancia, durabilidade e higiene<\/strong> em qualquer ambiente zoot\u00e9cnico.<\/h4>\n<p data-start=\"416\" data-end=\"791\">Gra\u00e7as \u00e0 elevada espessura da cuba (1,6 kg apenas o corpo moldado) e \u00e0 <strong data-start=\"628\" data-end=\"682\">v\u00e1lvula de boia de n\u00edvel constante regul\u00e1vel<\/strong>, assegura um fornecimento de \u00e1gua cont\u00ednuo e fi\u00e1vel para bovinos, equinos, ovinos, caprinos e tamb\u00e9m para c\u00e3es.<\/p>\n<p data-start=\"793\" data-end=\"1052\">A estrutura inclui <strong data-start=\"816\" data-end=\"846\">prote\u00e7\u00e3o em a\u00e7o inoxid\u00e1vel<\/strong>, <strong data-start=\"848\" data-end=\"888\">escoamento inferior com tamp\u00e3o em borracha<\/strong> para uma limpeza r\u00e1pida e uma entrada de \u00e1gua lateral (no fundo direito) com <strong data-start=\"964\" data-end=\"993\">rosca em lat\u00e3o de 1\/2&#8243;<\/strong>. O bebedouro pode ser montado em parede ou em montante. <\/p>\n<p data-start=\"1054\" data-end=\"1151\">Est\u00e1 dispon\u00edvel em tr\u00eas modelos, diferenciados pela composi\u00e7\u00e3o do material pl\u00e1stico utilizado:<\/p>\n<ul data-start=\"1153\" data-end=\"1431\">\n<li data-start=\"1153\" data-end=\"1186\">\n<p data-start=\"1155\" data-end=\"1186\"><strong data-start=\"1155\" data-end=\"1165\">Brilhante<\/strong> \u2013 Polipropileno PP<\/p>\n<\/li>\n<li data-start=\"1187\" data-end=\"1282\">\n<p data-start=\"1189\" data-end=\"1282\"><strong data-start=\"1189\" data-end=\"1199\">Strong<\/strong> \u2013 Polipropileno com talco, maior rigidez e resist\u00eancia t\u00e9rmica, aspeto opaco<\/p>\n<\/li>\n<li data-start=\"1283\" data-end=\"1431\">\n<p data-start=\"1285\" data-end=\"1431\"><strong data-start=\"1285\" data-end=\"1301\">Super Strong<\/strong> \u2013 Polipropileno com 30% fibra de vidro, elevad\u00edssima resist\u00eancia mec\u00e2nica e t\u00e9rmica, acabamento opaco com ligeiras tonalidades brancas<\/p>\n<\/li>\n<\/ul>\n<p data-start=\"1433\" data-end=\"1564\"><strong>\ud83d\udc49 Todos os materiais s\u00e3o certificados para uso alimentar, adequados ao contacto com \u00e1gua pot\u00e1vel para a seguran\u00e7a dos animais.<\/strong><\/p>\n<hr data-start=\"1566\" data-end=\"1569\">\n<h3 data-start=\"1571\" data-end=\"1607\">\u2699\ufe0f <strong data-start=\"1578\" data-end=\"1607\">Caracter\u00edsticas t\u00e9cnicas:<\/strong><\/h3>\n<ul data-start=\"1609\" data-end=\"2073\">\n<li data-start=\"1609\" data-end=\"1636\">\n<p data-start=\"1611\" data-end=\"1636\"><strong data-start=\"1611\" data-end=\"1623\">Capacidade<\/strong>: 6,5 litros<\/p>\n<\/li>\n<li data-start=\"1637\" data-end=\"1690\">\n<p data-start=\"1639\" data-end=\"1690\"><strong data-start=\"1639\" data-end=\"1647\">Peso<\/strong>: 2,00 kg (modelos Strong e Super Strong)<\/p>\n<\/li>\n<li data-start=\"1691\" data-end=\"1732\">\n<p data-start=\"1693\" data-end=\"1732\"><strong data-start=\"1693\" data-end=\"1723\">Di\u00e2metro interno da cuba<\/strong>: 22 cm<\/p>\n<\/li>\n<li data-start=\"1733\" data-end=\"1784\">\n<p data-start=\"1735\" data-end=\"1784\"><strong data-start=\"1735\" data-end=\"1748\">Material<\/strong>: polipropileno de alta resist\u00eancia<\/p>\n<\/li>\n<li data-start=\"1785\" data-end=\"1832\">\n<p data-start=\"1787\" data-end=\"1832\"><strong data-start=\"1787\" data-end=\"1798\">V\u00e1lvula<\/strong>: de n\u00edvel constante, regul\u00e1vel<\/p>\n<\/li>\n<li data-start=\"1833\" data-end=\"1890\">\n<p data-start=\"1835\" data-end=\"1890\"><strong data-start=\"1835\" data-end=\"1852\">Liga\u00e7\u00e3o de \u00e1gua<\/strong>: lat\u00e3o 1\/2&#8243;, lateral inferior direita<\/p>\n<\/li>\n<li data-start=\"1891\" data-end=\"1932\">\n<p data-start=\"1893\" data-end=\"1932\"><strong data-start=\"1893\" data-end=\"1904\">Escoamento<\/strong>: tamp\u00e3o em borracha no fundo<\/p>\n<\/li>\n<li data-start=\"1933\" data-end=\"1969\">\n<p data-start=\"1935\" data-end=\"1969\"><strong data-start=\"1935\" data-end=\"1949\">Prote\u00e7\u00e3o<\/strong>: a\u00e7o inoxid\u00e1vel 304<\/p>\n<\/li>\n<li data-start=\"1970\" data-end=\"2011\">\n<p data-start=\"1972\" data-end=\"2011\"><strong data-start=\"1972\" data-end=\"1989\">Instala\u00e7\u00e3o<\/strong>: em parede ou em tubo<\/p>\n<\/li>\n<li data-start=\"2012\" data-end=\"2073\">\n<p data-start=\"2014\" data-end=\"2073\"><strong data-start=\"2014\" data-end=\"2032\">Certifica\u00e7\u00e3o<\/strong>: material conforme para uso alimentar<\/p>\n<\/li>\n<\/ul>\n<hr data-start=\"2075\" data-end=\"2078\">\n<h3 data-start=\"2080\" data-end=\"2112\">\ud83d\udd0e <strong data-start=\"2087\" data-end=\"2112\">Variantes dispon\u00edveis:<\/strong><\/h3>\n<ul data-start=\"2114\" data-end=\"2226\">\n<li data-start=\"2114\" data-end=\"2147\">\n<p data-start=\"2116\" data-end=\"2147\"><strong data-start=\"2116\" data-end=\"2126\">Brilhante<\/strong> \u2013 Polipropileno PP<\/p>\n<\/li>\n<li data-start=\"2148\" data-end=\"2177\">\n<p data-start=\"2150\" data-end=\"2177\"><strong data-start=\"2150\" data-end=\"2160\">Strong<\/strong> \u2013 PP com talco<\/p>\n<\/li>\n<li data-start=\"2178\" data-end=\"2226\">\n<p data-start=\"2180\" data-end=\"2226\"><strong data-start=\"2180\" data-end=\"2196\">Super Strong<\/strong> \u2013 PP com 30% fibra de vidro<\/p>\n<\/li>\n<\/ul>\n<div><\/div>\n<div>\ud83d\udc49 Solicite pre\u00e7o para revenda: <a href=\"mailto:info@fdasrl.it\">CLIQUE AQUI<\/a><\/div>\n<div><\/div>\n<div>\ud83d\udc49 Adquira-o na nossa loja online:<\/div>\n<div>&#8211; Modelo Brilhante\/Strong &#8211; <a href=\"https:\/\/fda-shop.it\/shop\/articoli-per-allevamento\/abbeveratoi\/abbeveratoio-automatico-per-bovini-ed-equini#\/25-accessori_e_confezioni-singola_unita\/78-colore-blu_navy\">Clique aqui<\/a><\/div>\n<div>&#8211; Modelo Super Strong &#8211; <a href=\"https:\/\/fda-shop.it\/shop\/articoli-per-allevamento\/abbeveratoi\/abbeveratoio-automatico-per-bovini-ed-equini-ad-alta-resistenza#\/25-accessori_e_confezioni-singola_unita\/78-colore-blu_navy\">Clique aqui<\/a><\/div>\n","protected":false},"excerpt":{"rendered":"<p>Bebedouro FAAG POLIPROP da FDA SRL em polipropileno de alta resist\u00eancia, ideal para bovinos, equinos, caprinos, ovinos e c\u00e3es. Equipado com boia de n\u00edvel constante com prote\u00e7\u00e3o em a\u00e7o inoxid\u00e1vel e tamp\u00e3o de escoamento em borracha para uma f\u00e1cil limpeza. Capacidade 6,5 litros, montagem em parede ou em montante, liga\u00e7\u00e3o de \u00e1gua 1\/2&#8243; em lat\u00e3o.  <\/p>\n","protected":false},"featured_media":713,"comment_status":"open","ping_status":"closed","template":"","meta":{"_et_pb_use_builder":"off","_et_pb_old_content":"<h4>Bebedouro em polipropileno de alta resist\u00eancia para bovinos, equinos, caprinos, ovinos e c\u00e3es<\/h4>\n<div>Bebedouro em polipropileno de elevada resist\u00eancia, elevada espessura (1,6 kg apenas a cuba moldada por inje\u00e7\u00e3o) e qualidade,<\/div>\n<div>com boia de n\u00edvel constante regul\u00e1vel e prote\u00e7\u00e3o em a\u00e7o inoxid\u00e1vel.<\/div>\n<div>Adequado para bovinos, equinos mas tamb\u00e9m caprinos, ovinos e c\u00e3es.<\/div>\n<div><\/div>\n<ul>\n \t<li>Tamp\u00e3o de escoamento em borracha no fundo para uma limpeza r\u00e1pida.<\/li>\n \t<li>Montagem em parede e montante com entrada de \u00e1gua no fundo lateral direito com rosca 1\/2\" em lat\u00e3o.<\/li>\n \t<li>Capacidade de \u00e1gua 6,5 litros<\/li>\n \t<li>Peso total 2,00 kg<\/li>\n \t<li>Di\u00e2metro interno da cuba 22 cm<\/li>\n<\/ul>\n<div>Solicite or\u00e7amento para quantidade ou,<\/div>\n<div>adquira-o na nossa <a href=\"https:\/\/fda-shop.it\/shop\/bovini-vitelli\/bovini-vitelli-abbeveratoi\/beverino-per-bovini-a-livello-costante#\/25-accessori_e_confezioni-singola_unita\" target=\"_blank\" rel=\"noopener\">loja online<\/a><\/div>","_et_gb_content_width":""},"product_brand":[],"product_cat":[502,554,383,609,412],"product_tag":[1006,1007],"class_list":{"0":"post-4236","1":"product","2":"type-product","3":"status-publish","4":"has-post-thumbnail","6":"product_cat-bebedouros","7":"product_cat-bebedouros-2","8":"product_cat-bovinos","9":"product_cat-cavalos","10":"product_cat-ovinos-e-caprinos","11":"product_tag-fa-ag-poliprop","12":"product_tag-faag-poliprop","14":"first","15":"instock","16":"shipping-taxable","17":"product-type-simple"},"yoast_head":"<!-- This site is optimized with the Yoast SEO Premium plugin v27.5 (Yoast SEO v27.6) - https:\/\/yoast.com\/product\/yoast-seo-premium-wordpress\/ -->\n<title>Bebedouro em polipropileno de elevada resist\u00eancia - F\u00e1cil Limpeza - FDA srl<\/title>\n<meta name=\"description\" content=\"Descubra o bebedouro em polipropileno de elevada resist\u00eancia, ideal para bovinos, equinos e c\u00e3es. Garante limpeza r\u00e1pida e montagem simples!\" \/>\n<meta name=\"robots\" content=\"index, follow, max-snippet:-1, max-image-preview:large, max-video-preview:-1\" \/>\n<link rel=\"canonical\" href=\"https:\/\/fdasrl.it\/pt-pt\/prodotto\/bebedouro-polipropileno-de-alta-resistencia\/\" \/>\n<meta property=\"og:locale\" content=\"pt_PT\" \/>\n<meta property=\"og:type\" content=\"article\" \/>\n<meta property=\"og:title\" content=\"BEBEDOURO POLIPROPILENO DE ALTA RESIST\u00caNCIA\" \/>\n<meta property=\"og:description\" content=\"Descubra o bebedouro em polipropileno de elevada resist\u00eancia, ideal para bovinos, equinos e c\u00e3es. Garante limpeza r\u00e1pida e montagem simples!\" \/>\n<meta property=\"og:url\" content=\"https:\/\/fdasrl.it\/pt-pt\/prodotto\/bebedouro-polipropileno-de-alta-resistencia\/\" \/>\n<meta property=\"og:site_name\" content=\"FDA srl\" \/>\n<meta property=\"article:publisher\" content=\"https:\/\/www.facebook.com\/share\/1MWhFWg1Tp\/?mibextid=LQQJ4d\" \/>\n<meta property=\"og:image\" content=\"https:\/\/fdasrl.it\/wp-content\/uploads\/2025\/01\/Abbeveratoio-alta-resistenza-fda.1.jpeg\" \/>\n\t<meta property=\"og:image:width\" content=\"1000\" \/>\n\t<meta property=\"og:image:height\" content=\"817\" \/>\n\t<meta property=\"og:image:type\" content=\"image\/jpeg\" \/>\n<meta name=\"twitter:card\" content=\"summary_large_image\" \/>\n<meta name=\"twitter:label1\" content=\"pre\u00e7o\" \/>\n\t<meta name=\"twitter:data1\" content=\"\" \/>\n\t<meta name=\"twitter:label2\" content=\"Disponibilidade\" \/>\n\t<meta name=\"twitter:data2\" content=\"Em stock\" \/>\n<meta property=\"product:price:currency\" content=\"EUR\" \/>\n<meta property=\"og:availability\" content=\"instock\" \/>\n<meta property=\"product:availability\" content=\"instock\" \/>\n<meta property=\"product:retailer_item_id\" content=\"FAAG-POLIPROP\" \/>\n<meta property=\"product:condition\" content=\"new\" \/>\n<!-- \/ Yoast SEO Premium plugin. -->","yoast_head_json":{"title":"Bebedouro em polipropileno de elevada resist\u00eancia - F\u00e1cil Limpeza - FDA srl","description":"Descubra o bebedouro em polipropileno de elevada resist\u00eancia, ideal para bovinos, equinos e c\u00e3es. Garante limpeza r\u00e1pida e montagem simples!","robots":{"index":"index","follow":"follow","max-snippet":"max-snippet:-1","max-image-preview":"max-image-preview:large","max-video-preview":"max-video-preview:-1"},"canonical":"https:\/\/fdasrl.it\/pt-pt\/prodotto\/bebedouro-polipropileno-de-alta-resistencia\/","og_locale":"pt_PT","og_type":"article","og_title":"BEBEDOURO POLIPROPILENO DE ALTA RESIST\u00caNCIA","og_description":"Descubra o bebedouro em polipropileno de elevada resist\u00eancia, ideal para bovinos, equinos e c\u00e3es. Garante limpeza r\u00e1pida e montagem simples!","og_url":"https:\/\/fdasrl.it\/pt-pt\/prodotto\/bebedouro-polipropileno-de-alta-resistencia\/","og_site_name":"FDA srl","article_publisher":"https:\/\/www.facebook.com\/share\/1MWhFWg1Tp\/?mibextid=LQQJ4d","og_image":[{"width":1000,"height":817,"url":"https:\/\/fdasrl.it\/wp-content\/uploads\/2025\/01\/Abbeveratoio-alta-resistenza-fda.1.jpeg","type":"image\/jpeg"}],"twitter_card":"summary_large_image","twitter_misc":{"pre\u00e7o":"","Disponibilidade":"Em stock"},"schema":{"@context":"https:\/\/schema.org","@graph":[{"@type":"WebPage","@id":"https:\/\/fdasrl.it\/pt-pt\/prodotto\/bebedouro-polipropileno-de-alta-resistencia\/","url":"https:\/\/fdasrl.it\/pt-pt\/prodotto\/bebedouro-polipropileno-de-alta-resistencia\/","name":"Bebedouro em polipropileno de elevada resist\u00eancia - F\u00e1cil Limpeza - FDA srl","isPartOf":{"@id":"https:\/\/fdasrl.it\/pt-pt\/#website"},"primaryImageOfPage":{"@id":"https:\/\/fdasrl.it\/pt-pt\/prodotto\/bebedouro-polipropileno-de-alta-resistencia\/#primaryimage"},"image":{"@id":"https:\/\/fdasrl.it\/pt-pt\/prodotto\/bebedouro-polipropileno-de-alta-resistencia\/#primaryimage"},"thumbnailUrl":"https:\/\/fdasrl.it\/wp-content\/uploads\/2025\/01\/Abbeveratoio-alta-resistenza-fda.1.jpeg","datePublished":"2025-01-21T08:53:08+00:00","description":"Descubra o bebedouro em polipropileno de elevada resist\u00eancia, ideal para bovinos, equinos e c\u00e3es. Garante limpeza r\u00e1pida e montagem simples!","breadcrumb":{"@id":"https:\/\/fdasrl.it\/pt-pt\/prodotto\/bebedouro-polipropileno-de-alta-resistencia\/#breadcrumb"},"inLanguage":"pt-PT","potentialAction":[{"@type":"ReadAction","target":["https:\/\/fdasrl.it\/pt-pt\/prodotto\/bebedouro-polipropileno-de-alta-resistencia\/"]}]},{"@type":"ImageObject","inLanguage":"pt-PT","@id":"https:\/\/fdasrl.it\/pt-pt\/prodotto\/bebedouro-polipropileno-de-alta-resistencia\/#primaryimage","url":"https:\/\/fdasrl.it\/wp-content\/uploads\/2025\/01\/Abbeveratoio-alta-resistenza-fda.1.jpeg","contentUrl":"https:\/\/fdasrl.it\/wp-content\/uploads\/2025\/01\/Abbeveratoio-alta-resistenza-fda.1.jpeg","width":1000,"height":817,"caption":"Bebedouro em polipropileno de elevada resist\u00eancia para bovinos e equinos"},{"@type":"BreadcrumbList","@id":"https:\/\/fdasrl.it\/pt-pt\/prodotto\/bebedouro-polipropileno-de-alta-resistencia\/#breadcrumb","itemListElement":[{"@type":"ListItem","position":1,"name":"Home","item":"https:\/\/fdasrl.it\/pt-pt\/inicio\/"},{"@type":"ListItem","position":2,"name":"Loja","item":"https:\/\/fdasrl.it\/pt-pt\/loja\/"},{"@type":"ListItem","position":3,"name":"BEBEDOURO POLIPROPILENO DE ALTA RESIST\u00caNCIA"}]},{"@type":"WebSite","@id":"https:\/\/fdasrl.it\/pt-pt\/#website","url":"https:\/\/fdasrl.it\/pt-pt\/","name":"FDA srl","description":"Equipment for animal husbandry","publisher":{"@id":"https:\/\/fdasrl.it\/pt-pt\/#organization"},"potentialAction":[{"@type":"SearchAction","target":{"@type":"EntryPoint","urlTemplate":"https:\/\/fdasrl.it\/pt-pt\/?s={search_term_string}"},"query-input":{"@type":"PropertyValueSpecification","valueRequired":true,"valueName":"search_term_string"}}],"inLanguage":"pt-PT"},{"@type":"Organization","@id":"https:\/\/fdasrl.it\/pt-pt\/#organization","name":"FDA srl","url":"https:\/\/fdasrl.it\/pt-pt\/","logo":{"@type":"ImageObject","inLanguage":"pt-PT","@id":"https:\/\/fdasrl.it\/pt-pt\/#\/schema\/logo\/image\/","url":"https:\/\/fdasrl.it\/wp-content\/uploads\/2024\/12\/Logo-FDA.png","contentUrl":"https:\/\/fdasrl.it\/wp-content\/uploads\/2024\/12\/Logo-FDA.png","width":316,"height":119,"caption":"FDA srl"},"image":{"@id":"https:\/\/fdasrl.it\/pt-pt\/#\/schema\/logo\/image\/"},"sameAs":["https:\/\/www.facebook.com\/share\/1MWhFWg1Tp\/?mibextid=LQQJ4d","https:\/\/www.instagram.com\/fda_srl\/profilecard\/?igsh=YW5lbzJ6MWg0d21u","https:\/\/www.youtube.com\/@FDASRL_ANIMALCARE"],"description":"FDA SRL \u2013 Equipment for animal husbandry nasce con l\u2019obiettivo di offrire soluzioni affidabili e innovative per l\u2019allevamento moderno. Con anni di esperienza nel settore zootecnico, progettiamo e realizziamo attrezzature destinate al benessere animale e alla gestione efficiente delle stalle: vasche, abbeveratoi, mangiatoie e sistemi di riscaldamento pensati per durare nel tempo e semplificare il lavoro quotidiano degli allevatori. Dalla progettazione alla produzione, ogni nostro prodotto \u00e8 studiato nei minimi dettagli, testato con cura e costruito per rispondere alle esigenze reali del settore. La nostra forza \u00e8 unire artigianalit\u00e0, tecnologia e competenza tecnica per trasformare ogni progetto in una soluzione concreta e funzionale. Oggi FDA SRL \u00e8 un punto di riferimento per privati e rivenditori che cercano qualit\u00e0, affidabilit\u00e0 e innovazione nelle attrezzature per l\u2019allevamento.","email":"info@fdasrl.it","telephone":"+390522826820","legalName":"F.D.A. SRL","foundingDate":"2024-10-13","vatID":"03075840359","taxID":"03075840359","numberOfEmployees":{"@type":"QuantitativeValue","minValue":"1","maxValue":"10"}}]},"product_price_currency":"EUR","og_availability":"instock","product_availability":"instock","product_retailer_item_id":"FAAG-POLIPROP","product_condition":"new"},"_links":{"self":[{"href":"https:\/\/fdasrl.it\/pt-pt\/wp-json\/wp\/v2\/product\/4236","targetHints":{"allow":["GET"]}}],"collection":[{"href":"https:\/\/fdasrl.it\/pt-pt\/wp-json\/wp\/v2\/product"}],"about":[{"href":"https:\/\/fdasrl.it\/pt-pt\/wp-json\/wp\/v2\/types\/product"}],"replies":[{"embeddable":true,"href":"https:\/\/fdasrl.it\/pt-pt\/wp-json\/wp\/v2\/comments?post=4236"}],"wp:featuredmedia":[{"embeddable":true,"href":"https:\/\/fdasrl.it\/pt-pt\/wp-json\/wp\/v2\/media\/713"}],"wp:attachment":[{"href":"https:\/\/fdasrl.it\/pt-pt\/wp-json\/wp\/v2\/media?parent=4236"}],"wp:term":[{"taxonomy":"product_brand","embeddable":true,"href":"https:\/\/fdasrl.it\/pt-pt\/wp-json\/wp\/v2\/product_brand?post=4236"},{"taxonomy":"product_cat","embeddable":true,"href":"https:\/\/fdasrl.it\/pt-pt\/wp-json\/wp\/v2\/product_cat?post=4236"},{"taxonomy":"product_tag","embeddable":true,"href":"https:\/\/fdasrl.it\/pt-pt\/wp-json\/wp\/v2\/product_tag?post=4236"}],"curies":[{"name":"wp","href":"https:\/\/api.w.org\/{rel}","templated":true}]}}