{"id":4345,"date":"2025-01-20T11:30:55","date_gmt":"2025-01-20T10:30:55","guid":{"rendered":"https:\/\/fdasrl.it\/prodotto\/refletor-para-lampada-de-infravermelhos-de-aquecimento-para-animais-o-270-mm\/"},"modified":"2025-01-20T11:30:55","modified_gmt":"2025-01-20T10:30:55","slug":"refletor-para-lampada-de-infravermelhos-de-aquecimento-para-animais-o-270-mm","status":"publish","type":"product","link":"https:\/\/fdasrl.it\/pt-pt\/prodotto\/refletor-para-lampada-de-infravermelhos-de-aquecimento-para-animais-o-270-mm\/","title":{"rendered":"Refletor para l\u00e2mpada de infravermelhos de aquecimento para animais \u00d8 270 mm"},"content":{"rendered":"<div align=\"left\">\n<p data-start=\"289\" data-end=\"641\">O <strong data-start=\"292\" data-end=\"365\">refletor para l\u00e2mpada de infravermelhos de aquecimento em alum\u00ednio \u00d8 270 mm<\/strong> foi concebido para garantir calor e bem-estar aos animais nas primeiras fases de vida. Robusto e funcional, \u00e9 ideal para <strong data-start=\"484\" data-end=\"549\">pintos, frangos, leit\u00f5es, coelhos e pequenos animais dom\u00e9sticos<\/strong>, reduzindo os riscos associados ao frio e favorecendo o crescimento num ambiente confort\u00e1vel. <\/p>\n<h3 data-start=\"643\" data-end=\"659\">Equipamento:<\/h3>\n<ul>\n<li><b>Refletor em alum\u00ednio D. 270 mm<\/b><\/li>\n<\/ul>\n<ul data-start=\"660\" data-end=\"930\">\n<li data-start=\"660\" data-end=\"717\">\n<p data-start=\"662\" data-end=\"717\"><strong data-start=\"662\" data-end=\"679\">Cabo de 2,5 m<\/strong> para uma instala\u00e7\u00e3o simples e segura<\/p>\n<\/li>\n<li data-start=\"718\" data-end=\"762\">\n<p data-start=\"720\" data-end=\"762\"><strong data-start=\"720\" data-end=\"760\">Ficha Schuko 16 A, 250 V \u00e0 prova de salpicos<\/strong><\/p>\n<\/li>\n<li data-start=\"763\" data-end=\"830\">\n<p data-start=\"765\" data-end=\"830\"><strong data-start=\"765\" data-end=\"808\">Casquilho em porcelana pesada \u00d8 54<\/strong> com virola aparafusada<\/p>\n<\/li>\n<li data-start=\"831\" data-end=\"885\">\n<p data-start=\"833\" data-end=\"885\"><strong data-start=\"833\" data-end=\"868\">Corrente de suspens\u00e3o de 2 m<\/strong> (sob consulta)<\/p>\n<\/li>\n<li data-start=\"886\" data-end=\"930\">\n<p data-start=\"888\" data-end=\"930\"><strong data-start=\"888\" data-end=\"913\">Grelha de prote\u00e7\u00e3o<\/strong> (sob consulta)<\/p>\n<\/li>\n<\/ul>\n<h3 data-start=\"932\" data-end=\"963\">Caracter\u00edsticas t\u00e9cnicas:<\/h3>\n<ul data-start=\"964\" data-end=\"1101\">\n<li data-start=\"964\" data-end=\"1000\">\n<p data-start=\"966\" data-end=\"1000\">Alimenta\u00e7\u00e3o: <strong data-start=\"981\" data-end=\"998\">230 V \u2013 50 Hz<\/strong><\/p>\n<\/li>\n<li data-start=\"1001\" data-end=\"1031\">\n<p data-start=\"1003\" data-end=\"1031\">Pot\u00eancia m\u00e1xima: <strong data-start=\"1020\" data-end=\"1029\">250 W<\/strong><\/p>\n<\/li>\n<li data-start=\"1032\" data-end=\"1101\">\n<p data-start=\"1034\" data-end=\"1101\">Dispon\u00edvel tamb\u00e9m com <strong data-start=\"1056\" data-end=\"1082\">ficha m\u00f3vel CEE IP 44<\/strong> e cabo de 2,80 m<\/p>\n<\/li>\n<\/ul>\n<p data-start=\"1103\" data-end=\"1349\">Gra\u00e7as \u00e0 estrutura em alum\u00ednio e ao casquilho em porcelana, este refletor garante <strong data-start=\"1200\" data-end=\"1244\">resist\u00eancia, seguran\u00e7a e durabilidade<\/strong>, tornando-o a escolha ideal tanto para <strong data-start=\"1282\" data-end=\"1311\">explora\u00e7\u00f5es pecu\u00e1rias profissionais<\/strong> como para pequenos ambientes dom\u00e9sticos.<\/p>\n<p data-start=\"1499\" data-end=\"1634\"><strong data-start=\"1499\" data-end=\"1573\">\ud83d\udc49 Pe\u00e7a um or\u00e7amento para quantidades para <a class=\"decorated-link cursor-pointer\" href=\"mailto:info@fdasrl.it\" rel=\"noopener\" data-start=\"1531\" data-end=\"1570\">info@fdasrl.it<\/a>.<\/strong><\/p>\n<\/div>\n<div align=\"left\">\ud83d\udc49 Compre-o na nossa <a href=\"https:\/\/fda-shop.it\/shop\/articoli-per-allevamento\/riflettori-e-infrarossi\/riflettore-in-alluminio-fda-00033-dm-cm-27#\/32-accessori_e_confezioni-spina_schuko_senza_griglia\" target=\"_blank\" rel=\"noopener\">loja online<\/a><\/div>\n","protected":false},"excerpt":{"rendered":"<p>Refletor de aquecimento \u00d8 270 mm em alum\u00ednio com casquilho em porcelana. Ideal para pintos, frangos, leit\u00f5es e pequenos animais. <\/p>\n","protected":false},"featured_media":905,"comment_status":"open","ping_status":"closed","template":"","meta":{"_et_pb_use_builder":"","_et_pb_old_content":"","_et_gb_content_width":""},"product_brand":[],"product_cat":[631,630,628],"product_tag":[1024],"class_list":{"0":"post-4345","1":"product","2":"type-product","3":"status-publish","4":"has-post-thumbnail","6":"product_cat-aquecimento-para-animais","7":"product_cat-aves","8":"product_cat-suinos","9":"product_tag-fda-000033","11":"first","12":"instock","13":"shipping-taxable","14":"product-type-simple"},"yoast_head":"<!-- This site is optimized with the Yoast SEO Premium plugin v27.5 (Yoast SEO v27.6) - https:\/\/yoast.com\/product\/yoast-seo-premium-wordpress\/ -->\n<title>Refletor para l\u00e2mpada de infravermelhos para animais \u00d8 270 mm: Comfort<\/title>\n<meta name=\"description\" content=\"Escolha o refletor para l\u00e2mpada de infravermelhos para animais \u00d8 270 mm para um ambiente seguro e confort\u00e1vel. Ideal para frangos e leit\u00f5es. \ud83c\udf1f\" \/>\n<meta name=\"robots\" content=\"index, follow, max-snippet:-1, max-image-preview:large, max-video-preview:-1\" \/>\n<link rel=\"canonical\" href=\"https:\/\/fdasrl.it\/pt-pt\/prodotto\/refletor-para-lampada-de-infravermelhos-de-aquecimento-para-animais-o-270-mm\/\" \/>\n<meta property=\"og:locale\" content=\"pt_PT\" \/>\n<meta property=\"og:type\" content=\"article\" \/>\n<meta property=\"og:title\" content=\"Refletor para l\u00e2mpada de infravermelhos de aquecimento para animais \u00d8 270 mm\" \/>\n<meta property=\"og:description\" content=\"Escolha o refletor para l\u00e2mpada de infravermelhos para animais \u00d8 270 mm para um ambiente seguro e confort\u00e1vel. Ideal para frangos e leit\u00f5es. \ud83c\udf1f\" \/>\n<meta property=\"og:url\" content=\"https:\/\/fdasrl.it\/pt-pt\/prodotto\/refletor-para-lampada-de-infravermelhos-de-aquecimento-para-animais-o-270-mm\/\" \/>\n<meta property=\"og:site_name\" content=\"FDA srl\" \/>\n<meta property=\"article:publisher\" content=\"https:\/\/www.facebook.com\/share\/1MWhFWg1Tp\/?mibextid=LQQJ4d\" \/>\n<meta property=\"og:image\" content=\"https:\/\/fdasrl.it\/wp-content\/uploads\/2025\/01\/riflettore-riscaldante-animali-270mm-fda.webp\" \/>\n\t<meta property=\"og:image:width\" content=\"1017\" \/>\n\t<meta property=\"og:image:height\" content=\"768\" \/>\n\t<meta property=\"og:image:type\" content=\"image\/webp\" \/>\n<meta name=\"twitter:card\" content=\"summary_large_image\" \/>\n<meta name=\"twitter:label1\" content=\"pre\u00e7o\" \/>\n\t<meta name=\"twitter:data1\" content=\"\" \/>\n\t<meta name=\"twitter:label2\" content=\"Disponibilidade\" \/>\n\t<meta name=\"twitter:data2\" content=\"Em stock\" \/>\n<meta property=\"product:price:currency\" content=\"EUR\" \/>\n<meta property=\"og:availability\" content=\"instock\" \/>\n<meta property=\"product:availability\" content=\"instock\" \/>\n<meta property=\"product:retailer_item_id\" content=\"FDA-000033\" \/>\n<meta property=\"product:condition\" content=\"new\" \/>\n<!-- \/ Yoast SEO Premium plugin. -->","yoast_head_json":{"title":"Refletor para l\u00e2mpada de infravermelhos para animais \u00d8 270 mm: Comfort","description":"Escolha o refletor para l\u00e2mpada de infravermelhos para animais \u00d8 270 mm para um ambiente seguro e confort\u00e1vel. Ideal para frangos e leit\u00f5es. \ud83c\udf1f","robots":{"index":"index","follow":"follow","max-snippet":"max-snippet:-1","max-image-preview":"max-image-preview:large","max-video-preview":"max-video-preview:-1"},"canonical":"https:\/\/fdasrl.it\/pt-pt\/prodotto\/refletor-para-lampada-de-infravermelhos-de-aquecimento-para-animais-o-270-mm\/","og_locale":"pt_PT","og_type":"article","og_title":"Refletor para l\u00e2mpada de infravermelhos de aquecimento para animais \u00d8 270 mm","og_description":"Escolha o refletor para l\u00e2mpada de infravermelhos para animais \u00d8 270 mm para um ambiente seguro e confort\u00e1vel. Ideal para frangos e leit\u00f5es. \ud83c\udf1f","og_url":"https:\/\/fdasrl.it\/pt-pt\/prodotto\/refletor-para-lampada-de-infravermelhos-de-aquecimento-para-animais-o-270-mm\/","og_site_name":"FDA srl","article_publisher":"https:\/\/www.facebook.com\/share\/1MWhFWg1Tp\/?mibextid=LQQJ4d","og_image":[{"width":1017,"height":768,"url":"https:\/\/fdasrl.it\/wp-content\/uploads\/2025\/01\/riflettore-riscaldante-animali-270mm-fda.webp","type":"image\/webp"}],"twitter_card":"summary_large_image","twitter_misc":{"pre\u00e7o":"","Disponibilidade":"Em stock"},"schema":{"@context":"https:\/\/schema.org","@graph":[{"@type":"WebPage","@id":"https:\/\/fdasrl.it\/pt-pt\/prodotto\/refletor-para-lampada-de-infravermelhos-de-aquecimento-para-animais-o-270-mm\/","url":"https:\/\/fdasrl.it\/pt-pt\/prodotto\/refletor-para-lampada-de-infravermelhos-de-aquecimento-para-animais-o-270-mm\/","name":"Refletor para l\u00e2mpada de infravermelhos para animais \u00d8 270 mm: Comfort","isPartOf":{"@id":"https:\/\/fdasrl.it\/pt-pt\/#website"},"primaryImageOfPage":{"@id":"https:\/\/fdasrl.it\/pt-pt\/prodotto\/refletor-para-lampada-de-infravermelhos-de-aquecimento-para-animais-o-270-mm\/#primaryimage"},"image":{"@id":"https:\/\/fdasrl.it\/pt-pt\/prodotto\/refletor-para-lampada-de-infravermelhos-de-aquecimento-para-animais-o-270-mm\/#primaryimage"},"thumbnailUrl":"https:\/\/fdasrl.it\/wp-content\/uploads\/2025\/01\/riflettore-riscaldante-animali-270mm-fda.webp","datePublished":"2025-01-20T10:30:55+00:00","description":"Escolha o refletor para l\u00e2mpada de infravermelhos para animais \u00d8 270 mm para um ambiente seguro e confort\u00e1vel. Ideal para frangos e leit\u00f5es. \ud83c\udf1f","breadcrumb":{"@id":"https:\/\/fdasrl.it\/pt-pt\/prodotto\/refletor-para-lampada-de-infravermelhos-de-aquecimento-para-animais-o-270-mm\/#breadcrumb"},"inLanguage":"pt-PT","potentialAction":[{"@type":"ReadAction","target":["https:\/\/fdasrl.it\/pt-pt\/prodotto\/refletor-para-lampada-de-infravermelhos-de-aquecimento-para-animais-o-270-mm\/"]}]},{"@type":"ImageObject","inLanguage":"pt-PT","@id":"https:\/\/fdasrl.it\/pt-pt\/prodotto\/refletor-para-lampada-de-infravermelhos-de-aquecimento-para-animais-o-270-mm\/#primaryimage","url":"https:\/\/fdasrl.it\/wp-content\/uploads\/2025\/01\/riflettore-riscaldante-animali-270mm-fda.webp","contentUrl":"https:\/\/fdasrl.it\/wp-content\/uploads\/2025\/01\/riflettore-riscaldante-animali-270mm-fda.webp","width":1017,"height":768,"caption":"Refletor de aquecimento em alum\u00ednio \u00d8 270 mm com ficha Schuko e cabo de 2,5 m, para frangos, pintos, leit\u00f5es e pequenos animais."},{"@type":"BreadcrumbList","@id":"https:\/\/fdasrl.it\/pt-pt\/prodotto\/refletor-para-lampada-de-infravermelhos-de-aquecimento-para-animais-o-270-mm\/#breadcrumb","itemListElement":[{"@type":"ListItem","position":1,"name":"Home","item":"https:\/\/fdasrl.it\/pt-pt\/inicio\/"},{"@type":"ListItem","position":2,"name":"Loja","item":"https:\/\/fdasrl.it\/pt-pt\/loja\/"},{"@type":"ListItem","position":3,"name":"Refletor para l\u00e2mpada de infravermelhos de aquecimento para animais \u00d8 270 mm"}]},{"@type":"WebSite","@id":"https:\/\/fdasrl.it\/pt-pt\/#website","url":"https:\/\/fdasrl.it\/pt-pt\/","name":"FDA srl","description":"Equipment for animal husbandry","publisher":{"@id":"https:\/\/fdasrl.it\/pt-pt\/#organization"},"potentialAction":[{"@type":"SearchAction","target":{"@type":"EntryPoint","urlTemplate":"https:\/\/fdasrl.it\/pt-pt\/?s={search_term_string}"},"query-input":{"@type":"PropertyValueSpecification","valueRequired":true,"valueName":"search_term_string"}}],"inLanguage":"pt-PT"},{"@type":"Organization","@id":"https:\/\/fdasrl.it\/pt-pt\/#organization","name":"FDA srl","url":"https:\/\/fdasrl.it\/pt-pt\/","logo":{"@type":"ImageObject","inLanguage":"pt-PT","@id":"https:\/\/fdasrl.it\/pt-pt\/#\/schema\/logo\/image\/","url":"https:\/\/fdasrl.it\/wp-content\/uploads\/2024\/12\/Logo-FDA.png","contentUrl":"https:\/\/fdasrl.it\/wp-content\/uploads\/2024\/12\/Logo-FDA.png","width":316,"height":119,"caption":"FDA srl"},"image":{"@id":"https:\/\/fdasrl.it\/pt-pt\/#\/schema\/logo\/image\/"},"sameAs":["https:\/\/www.facebook.com\/share\/1MWhFWg1Tp\/?mibextid=LQQJ4d","https:\/\/www.instagram.com\/fda_srl\/profilecard\/?igsh=YW5lbzJ6MWg0d21u","https:\/\/www.youtube.com\/@FDASRL_ANIMALCARE"],"description":"FDA SRL \u2013 Equipment for animal husbandry nasce con l\u2019obiettivo di offrire soluzioni affidabili e innovative per l\u2019allevamento moderno. Con anni di esperienza nel settore zootecnico, progettiamo e realizziamo attrezzature destinate al benessere animale e alla gestione efficiente delle stalle: vasche, abbeveratoi, mangiatoie e sistemi di riscaldamento pensati per durare nel tempo e semplificare il lavoro quotidiano degli allevatori. Dalla progettazione alla produzione, ogni nostro prodotto \u00e8 studiato nei minimi dettagli, testato con cura e costruito per rispondere alle esigenze reali del settore. La nostra forza \u00e8 unire artigianalit\u00e0, tecnologia e competenza tecnica per trasformare ogni progetto in una soluzione concreta e funzionale. Oggi FDA SRL \u00e8 un punto di riferimento per privati e rivenditori che cercano qualit\u00e0, affidabilit\u00e0 e innovazione nelle attrezzature per l\u2019allevamento.","email":"info@fdasrl.it","telephone":"+390522826820","legalName":"F.D.A. SRL","foundingDate":"2024-10-13","vatID":"03075840359","taxID":"03075840359","numberOfEmployees":{"@type":"QuantitativeValue","minValue":"1","maxValue":"10"}}]},"product_price_currency":"EUR","og_availability":"instock","product_availability":"instock","product_retailer_item_id":"FDA-000033","product_condition":"new"},"_links":{"self":[{"href":"https:\/\/fdasrl.it\/pt-pt\/wp-json\/wp\/v2\/product\/4345","targetHints":{"allow":["GET"]}}],"collection":[{"href":"https:\/\/fdasrl.it\/pt-pt\/wp-json\/wp\/v2\/product"}],"about":[{"href":"https:\/\/fdasrl.it\/pt-pt\/wp-json\/wp\/v2\/types\/product"}],"replies":[{"embeddable":true,"href":"https:\/\/fdasrl.it\/pt-pt\/wp-json\/wp\/v2\/comments?post=4345"}],"wp:featuredmedia":[{"embeddable":true,"href":"https:\/\/fdasrl.it\/pt-pt\/wp-json\/wp\/v2\/media\/905"}],"wp:attachment":[{"href":"https:\/\/fdasrl.it\/pt-pt\/wp-json\/wp\/v2\/media?parent=4345"}],"wp:term":[{"taxonomy":"product_brand","embeddable":true,"href":"https:\/\/fdasrl.it\/pt-pt\/wp-json\/wp\/v2\/product_brand?post=4345"},{"taxonomy":"product_cat","embeddable":true,"href":"https:\/\/fdasrl.it\/pt-pt\/wp-json\/wp\/v2\/product_cat?post=4345"},{"taxonomy":"product_tag","embeddable":true,"href":"https:\/\/fdasrl.it\/pt-pt\/wp-json\/wp\/v2\/product_tag?post=4345"}],"curies":[{"name":"wp","href":"https:\/\/api.w.org\/{rel}","templated":true}]}}