{"id":4389,"date":"2025-01-20T11:26:01","date_gmt":"2025-01-20T10:26:01","guid":{"rendered":"https:\/\/fdasrl.it\/prodotto\/refletor-de-aquecimento-em-policarbonato-o-270-mm-fda\/"},"modified":"2025-01-20T11:26:01","modified_gmt":"2025-01-20T10:26:01","slug":"refletor-de-aquecimento-em-policarbonato-o-270-mm-fda","status":"publish","type":"product","link":"https:\/\/fdasrl.it\/pt-pt\/prodotto\/refletor-de-aquecimento-em-policarbonato-o-270-mm-fda\/","title":{"rendered":"Refletor de aquecimento em policarbonato \u00d8 270 mm FDA"},"content":{"rendered":"<div align=\"left\">\n<p data-start=\"917\" data-end=\"1238\">O <strong data-start=\"920\" data-end=\"972\">refletor de aquecimento em policarbonato \u00d8 270 mm<\/strong> da FDA \u00e9 uma solu\u00e7\u00e3o robusta, segura e inquebr\u00e1vel para garantir calor e prote\u00e7\u00e3o aos animais nas primeiras fases de vida. Gra\u00e7as ao material <strong data-start=\"1113\" data-end=\"1137\">resistente ao calor<\/strong> e \u00e0 estrutura transparente, \u00e9 ideal para explora\u00e7\u00f5es pecu\u00e1rias e ambientes onde a seguran\u00e7a \u00e9 priorit\u00e1ria. <\/p>\n<h3 data-start=\"1240\" data-end=\"1274\">Este refletor est\u00e1 completo com:<\/h3>\n<ul data-start=\"1275\" data-end=\"1548\">\n<li data-start=\"1275\" data-end=\"1335\">\n<p data-start=\"1277\" data-end=\"1335\"><strong data-start=\"1277\" data-end=\"1294\">Cabo de 2,5 m<\/strong> para uma instala\u00e7\u00e3o simples e segura<\/p>\n<\/li>\n<li data-start=\"1336\" data-end=\"1380\">\n<p data-start=\"1338\" data-end=\"1380\"><strong data-start=\"1338\" data-end=\"1378\">Ficha Schuko 16 A, 250 V \u00e0 prova de salpicos<\/strong><\/p>\n<\/li>\n<li data-start=\"1381\" data-end=\"1448\">\n<p data-start=\"1383\" data-end=\"1448\"><strong data-start=\"1383\" data-end=\"1426\">Casquilho em porcelana pesada \u00d8 54<\/strong> com virola aparafusada<\/p>\n<\/li>\n<li data-start=\"1449\" data-end=\"1503\">\n<p data-start=\"1451\" data-end=\"1503\"><strong data-start=\"1451\" data-end=\"1486\">Corrente de suspens\u00e3o de 2 m<\/strong> (sob pedido)<\/p>\n<\/li>\n<li data-start=\"1504\" data-end=\"1548\">\n<p data-start=\"1506\" data-end=\"1548\"><strong data-start=\"1506\" data-end=\"1531\">Grelha de prote\u00e7\u00e3o<\/strong> (sob pedido)<\/p>\n<\/li>\n<\/ul>\n<h3 data-start=\"1550\" data-end=\"1581\">Caracter\u00edsticas t\u00e9cnicas:<\/h3>\n<ul data-start=\"1582\" data-end=\"1777\">\n<li data-start=\"1582\" data-end=\"1639\">\n<p data-start=\"1584\" data-end=\"1639\">Material: <strong data-start=\"1595\" data-end=\"1637\">policarbonato transparente inquebr\u00e1vel<\/strong><\/p>\n<\/li>\n<li data-start=\"1640\" data-end=\"1676\">\n<p data-start=\"1642\" data-end=\"1676\">Alimenta\u00e7\u00e3o: <strong data-start=\"1657\" data-end=\"1674\">230 V \u2013 50 Hz<\/strong><\/p>\n<\/li>\n<li data-start=\"1677\" data-end=\"1707\">\n<p data-start=\"1679\" data-end=\"1707\">Pot\u00eancia m\u00e1xima: <strong data-start=\"1696\" data-end=\"1705\">250 W<\/strong><\/p>\n<\/li>\n<li data-start=\"1708\" data-end=\"1777\">\n<p data-start=\"1710\" data-end=\"1777\">Dispon\u00edvel tamb\u00e9m com <strong data-start=\"1732\" data-end=\"1758\">ficha m\u00f3vel CEE IP 44<\/strong> e cabo de 2,80 m<\/p>\n<\/li>\n<\/ul>\n<p data-start=\"1779\" data-end=\"1990\">Gra\u00e7as \u00e0 sua resist\u00eancia e seguran\u00e7a, este refletor \u00e9 perfeito para o <strong data-start=\"1855\" data-end=\"1927\">aquecimento de pintos, frangos, leit\u00f5es, coelhos e pequenos animais<\/strong>, tanto em explora\u00e7\u00f5es profissionais como em contextos dom\u00e9sticos.<\/p>\n<p data-start=\"1992\" data-end=\"2128\">\ud83d\udc49 <strong data-start=\"1995\" data-end=\"2068\">Solicite or\u00e7amento para quantidades a <a href=\"mailto:info@fdasrl.it\">info@fdasrl.it<\/a><\/strong><br data-start=\"2068\" data-end=\"2071\">\ud83d\udc49 Adquira-o na nossa <a href=\"https:\/\/fda-shop.it\/shop\/articoli-per-allevamento\/riflettori-e-infrarossi\/riflettore-in-policarbonato-fda-00034-dm-cm-27#\/32-accessori_e_confezioni-spina_schuko_senza_griglia\" target=\"_blank\" rel=\"noopener\">loja online<\/a><\/p>\n<\/div>\n","protected":false},"excerpt":{"rendered":"<p>Refletor de aquecimento \u00d8 270 mm da FDA em policarbonato inquebr\u00e1vel, resistente ao calor. Completo com cabo e ficha Schuko. <\/p>\n","protected":false},"featured_media":914,"comment_status":"open","ping_status":"closed","template":"","meta":{"_et_pb_use_builder":"","_et_pb_old_content":"","_et_gb_content_width":""},"product_brand":[],"product_cat":[631,1037,630,628],"product_tag":[1038],"class_list":{"0":"post-4389","1":"product","2":"type-product","3":"status-publish","4":"has-post-thumbnail","6":"product_cat-aquecimento-para-animais","7":"product_cat-aquecimento-para-suinos","8":"product_cat-aves","9":"product_cat-suinos","10":"product_tag-fda-000034","12":"first","13":"instock","14":"shipping-taxable","15":"product-type-simple"},"yoast_head":"<!-- This site is optimized with the Yoast SEO Premium plugin v27.5 (Yoast SEO v27.5) - https:\/\/yoast.com\/product\/yoast-seo-premium-wordpress\/ -->\n<title>Refletor de Aquecimento em Policarbonato \u00d8 270 mm Robustez - FDA srl<\/title>\n<meta name=\"description\" content=\"Descubra o refletor de aquecimento em policarbonato \u00d8 270 mm, uma solu\u00e7\u00e3o segura e inquebr\u00e1vel para o bem-estar dos animais. Saiba mais!\" \/>\n<meta name=\"robots\" content=\"index, follow, max-snippet:-1, max-image-preview:large, max-video-preview:-1\" \/>\n<link rel=\"canonical\" href=\"https:\/\/fdasrl.it\/pt-pt\/prodotto\/refletor-de-aquecimento-em-policarbonato-o-270-mm-fda\/\" \/>\n<meta property=\"og:locale\" content=\"pt_PT\" \/>\n<meta property=\"og:type\" content=\"article\" \/>\n<meta property=\"og:title\" content=\"Refletor de aquecimento em policarbonato \u00d8 270 mm FDA\" \/>\n<meta property=\"og:description\" content=\"Descubra o refletor de aquecimento em policarbonato \u00d8 270 mm, uma solu\u00e7\u00e3o segura e inquebr\u00e1vel para o bem-estar dos animais. Saiba mais!\" \/>\n<meta property=\"og:url\" content=\"https:\/\/fdasrl.it\/pt-pt\/prodotto\/refletor-de-aquecimento-em-policarbonato-o-270-mm-fda\/\" \/>\n<meta property=\"og:site_name\" content=\"FDA srl\" \/>\n<meta property=\"article:publisher\" content=\"https:\/\/www.facebook.com\/share\/1MWhFWg1Tp\/?mibextid=LQQJ4d\" \/>\n<meta property=\"og:image\" content=\"https:\/\/fdasrl.it\/wp-content\/uploads\/2025\/01\/riflettore-riscaldante-policarbonato-270mm-fda.webp\" \/>\n\t<meta property=\"og:image:width\" content=\"1200\" \/>\n\t<meta property=\"og:image:height\" content=\"904\" \/>\n\t<meta property=\"og:image:type\" content=\"image\/webp\" \/>\n<meta name=\"twitter:card\" content=\"summary_large_image\" \/>\n<meta name=\"twitter:label1\" content=\"pre\u00e7o\" \/>\n\t<meta name=\"twitter:data1\" content=\"\" \/>\n\t<meta name=\"twitter:label2\" content=\"Disponibilidade\" \/>\n\t<meta name=\"twitter:data2\" content=\"Em stock\" \/>\n<meta property=\"product:price:currency\" content=\"EUR\" \/>\n<meta property=\"og:availability\" content=\"instock\" \/>\n<meta property=\"product:availability\" content=\"instock\" \/>\n<meta property=\"product:retailer_item_id\" content=\"FDA-000034\" \/>\n<meta property=\"product:condition\" content=\"new\" \/>\n<!-- \/ Yoast SEO Premium plugin. -->","yoast_head_json":{"title":"Refletor de Aquecimento em Policarbonato \u00d8 270 mm Robustez - FDA srl","description":"Descubra o refletor de aquecimento em policarbonato \u00d8 270 mm, uma solu\u00e7\u00e3o segura e inquebr\u00e1vel para o bem-estar dos animais. Saiba mais!","robots":{"index":"index","follow":"follow","max-snippet":"max-snippet:-1","max-image-preview":"max-image-preview:large","max-video-preview":"max-video-preview:-1"},"canonical":"https:\/\/fdasrl.it\/pt-pt\/prodotto\/refletor-de-aquecimento-em-policarbonato-o-270-mm-fda\/","og_locale":"pt_PT","og_type":"article","og_title":"Refletor de aquecimento em policarbonato \u00d8 270 mm FDA","og_description":"Descubra o refletor de aquecimento em policarbonato \u00d8 270 mm, uma solu\u00e7\u00e3o segura e inquebr\u00e1vel para o bem-estar dos animais. Saiba mais!","og_url":"https:\/\/fdasrl.it\/pt-pt\/prodotto\/refletor-de-aquecimento-em-policarbonato-o-270-mm-fda\/","og_site_name":"FDA srl","article_publisher":"https:\/\/www.facebook.com\/share\/1MWhFWg1Tp\/?mibextid=LQQJ4d","og_image":[{"width":1200,"height":904,"url":"https:\/\/fdasrl.it\/wp-content\/uploads\/2025\/01\/riflettore-riscaldante-policarbonato-270mm-fda.webp","type":"image\/webp"}],"twitter_card":"summary_large_image","twitter_misc":{"pre\u00e7o":"","Disponibilidade":"Em stock"},"schema":{"@context":"https:\/\/schema.org","@graph":[{"@type":"WebPage","@id":"https:\/\/fdasrl.it\/pt-pt\/prodotto\/refletor-de-aquecimento-em-policarbonato-o-270-mm-fda\/","url":"https:\/\/fdasrl.it\/pt-pt\/prodotto\/refletor-de-aquecimento-em-policarbonato-o-270-mm-fda\/","name":"Refletor de Aquecimento em Policarbonato \u00d8 270 mm Robustez - FDA srl","isPartOf":{"@id":"https:\/\/fdasrl.it\/pt-pt\/#website"},"primaryImageOfPage":{"@id":"https:\/\/fdasrl.it\/pt-pt\/prodotto\/refletor-de-aquecimento-em-policarbonato-o-270-mm-fda\/#primaryimage"},"image":{"@id":"https:\/\/fdasrl.it\/pt-pt\/prodotto\/refletor-de-aquecimento-em-policarbonato-o-270-mm-fda\/#primaryimage"},"thumbnailUrl":"https:\/\/fdasrl.it\/wp-content\/uploads\/2025\/01\/riflettore-riscaldante-policarbonato-270mm-fda.webp","datePublished":"2025-01-20T10:26:01+00:00","description":"Descubra o refletor de aquecimento em policarbonato \u00d8 270 mm, uma solu\u00e7\u00e3o segura e inquebr\u00e1vel para o bem-estar dos animais. Saiba mais!","breadcrumb":{"@id":"https:\/\/fdasrl.it\/pt-pt\/prodotto\/refletor-de-aquecimento-em-policarbonato-o-270-mm-fda\/#breadcrumb"},"inLanguage":"pt-PT","potentialAction":[{"@type":"ReadAction","target":["https:\/\/fdasrl.it\/pt-pt\/prodotto\/refletor-de-aquecimento-em-policarbonato-o-270-mm-fda\/"]}]},{"@type":"ImageObject","inLanguage":"pt-PT","@id":"https:\/\/fdasrl.it\/pt-pt\/prodotto\/refletor-de-aquecimento-em-policarbonato-o-270-mm-fda\/#primaryimage","url":"https:\/\/fdasrl.it\/wp-content\/uploads\/2025\/01\/riflettore-riscaldante-policarbonato-270mm-fda.webp","contentUrl":"https:\/\/fdasrl.it\/wp-content\/uploads\/2025\/01\/riflettore-riscaldante-policarbonato-270mm-fda.webp","width":1200,"height":904,"caption":"Refletor \u00d8 270 mm em policarbonato transparente inquebr\u00e1vel, resistente ao calor e completo com cabo e ficha Schuko."},{"@type":"BreadcrumbList","@id":"https:\/\/fdasrl.it\/pt-pt\/prodotto\/refletor-de-aquecimento-em-policarbonato-o-270-mm-fda\/#breadcrumb","itemListElement":[{"@type":"ListItem","position":1,"name":"Home","item":"https:\/\/fdasrl.it\/pt-pt\/inicio\/"},{"@type":"ListItem","position":2,"name":"Loja","item":"https:\/\/fdasrl.it\/pt-pt\/loja\/"},{"@type":"ListItem","position":3,"name":"Refletor de aquecimento em policarbonato \u00d8 270 mm FDA"}]},{"@type":"WebSite","@id":"https:\/\/fdasrl.it\/pt-pt\/#website","url":"https:\/\/fdasrl.it\/pt-pt\/","name":"FDA srl","description":"Equipment for animal husbandry","publisher":{"@id":"https:\/\/fdasrl.it\/pt-pt\/#organization"},"potentialAction":[{"@type":"SearchAction","target":{"@type":"EntryPoint","urlTemplate":"https:\/\/fdasrl.it\/pt-pt\/?s={search_term_string}"},"query-input":{"@type":"PropertyValueSpecification","valueRequired":true,"valueName":"search_term_string"}}],"inLanguage":"pt-PT"},{"@type":"Organization","@id":"https:\/\/fdasrl.it\/pt-pt\/#organization","name":"FDA srl","url":"https:\/\/fdasrl.it\/pt-pt\/","logo":{"@type":"ImageObject","inLanguage":"pt-PT","@id":"https:\/\/fdasrl.it\/pt-pt\/#\/schema\/logo\/image\/","url":"https:\/\/fdasrl.it\/wp-content\/uploads\/2024\/12\/Logo-FDA.png","contentUrl":"https:\/\/fdasrl.it\/wp-content\/uploads\/2024\/12\/Logo-FDA.png","width":316,"height":119,"caption":"FDA srl"},"image":{"@id":"https:\/\/fdasrl.it\/pt-pt\/#\/schema\/logo\/image\/"},"sameAs":["https:\/\/www.facebook.com\/share\/1MWhFWg1Tp\/?mibextid=LQQJ4d","https:\/\/www.instagram.com\/fda_srl\/profilecard\/?igsh=YW5lbzJ6MWg0d21u","https:\/\/www.youtube.com\/@FDASRL_ANIMALCARE"],"description":"FDA SRL \u2013 Equipment for animal husbandry nasce con l\u2019obiettivo di offrire soluzioni affidabili e innovative per l\u2019allevamento moderno. Con anni di esperienza nel settore zootecnico, progettiamo e realizziamo attrezzature destinate al benessere animale e alla gestione efficiente delle stalle: vasche, abbeveratoi, mangiatoie e sistemi di riscaldamento pensati per durare nel tempo e semplificare il lavoro quotidiano degli allevatori. Dalla progettazione alla produzione, ogni nostro prodotto \u00e8 studiato nei minimi dettagli, testato con cura e costruito per rispondere alle esigenze reali del settore. La nostra forza \u00e8 unire artigianalit\u00e0, tecnologia e competenza tecnica per trasformare ogni progetto in una soluzione concreta e funzionale. Oggi FDA SRL \u00e8 un punto di riferimento per privati e rivenditori che cercano qualit\u00e0, affidabilit\u00e0 e innovazione nelle attrezzature per l\u2019allevamento.","email":"info@fdasrl.it","telephone":"+390522826820","legalName":"F.D.A. SRL","foundingDate":"2024-10-13","vatID":"03075840359","taxID":"03075840359","numberOfEmployees":{"@type":"QuantitativeValue","minValue":"1","maxValue":"10"}}]},"product_price_currency":"EUR","og_availability":"instock","product_availability":"instock","product_retailer_item_id":"FDA-000034","product_condition":"new"},"_links":{"self":[{"href":"https:\/\/fdasrl.it\/pt-pt\/wp-json\/wp\/v2\/product\/4389","targetHints":{"allow":["GET"]}}],"collection":[{"href":"https:\/\/fdasrl.it\/pt-pt\/wp-json\/wp\/v2\/product"}],"about":[{"href":"https:\/\/fdasrl.it\/pt-pt\/wp-json\/wp\/v2\/types\/product"}],"replies":[{"embeddable":true,"href":"https:\/\/fdasrl.it\/pt-pt\/wp-json\/wp\/v2\/comments?post=4389"}],"wp:featuredmedia":[{"embeddable":true,"href":"https:\/\/fdasrl.it\/pt-pt\/wp-json\/wp\/v2\/media\/914"}],"wp:attachment":[{"href":"https:\/\/fdasrl.it\/pt-pt\/wp-json\/wp\/v2\/media?parent=4389"}],"wp:term":[{"taxonomy":"product_brand","embeddable":true,"href":"https:\/\/fdasrl.it\/pt-pt\/wp-json\/wp\/v2\/product_brand?post=4389"},{"taxonomy":"product_cat","embeddable":true,"href":"https:\/\/fdasrl.it\/pt-pt\/wp-json\/wp\/v2\/product_cat?post=4389"},{"taxonomy":"product_tag","embeddable":true,"href":"https:\/\/fdasrl.it\/pt-pt\/wp-json\/wp\/v2\/product_tag?post=4389"}],"curies":[{"name":"wp","href":"https:\/\/api.w.org\/{rel}","templated":true}]}}