{"id":4472,"date":"2025-01-20T11:44:10","date_gmt":"2025-01-20T10:44:10","guid":{"rendered":"https:\/\/fdasrl.it\/prodotto\/refletor-para-aquecimento-em-aluminio-o-210\/"},"modified":"2025-01-20T11:44:10","modified_gmt":"2025-01-20T10:44:10","slug":"refletor-para-aquecimento-em-aluminio-o-210","status":"publish","type":"product","link":"https:\/\/fdasrl.it\/pt-pt\/prodotto\/refletor-para-aquecimento-em-aluminio-o-210\/","title":{"rendered":"Refletor para aquecimento em alum\u00ednio \u00d8 210"},"content":{"rendered":"<div align=\"left\">\n<h3 data-start=\"61\" data-end=\"117\"><strong data-start=\"61\" data-end=\"117\">Refletor para l\u00e2mpada de aquecimento em alum\u00ednio para animais &#8211; \u00d8 210 mm &#8211; FDA 000030<\/strong><\/h3>\n<p data-start=\"119\" data-end=\"469\">Refletor profissional para aquecimento, fabricado em alum\u00ednio de alta qualidade com di\u00e2metro de 210 mm. Concebido para garantir uma difus\u00e3o eficiente e uniforme do calor.<\/p>\n<p data-start=\"119\" data-end=\"469\">\u00c9 ideal para aplica\u00e7\u00f5es em ambientes industriais, agr\u00edcolas, pecu\u00e1rios ou em espa\u00e7os onde \u00e9 necess\u00e1rio fornecer uma fonte de calor localizada de forma segura e eficaz.<\/p>\n<h4 data-start=\"471\" data-end=\"512\"><strong data-start=\"471\" data-end=\"512\">Caracter\u00edsticas t\u00e9cnicas e equipamento:<\/strong><\/h4>\n<ul data-start=\"514\" data-end=\"1910\">\n<li data-start=\"514\" data-end=\"684\">\n<p data-start=\"516\" data-end=\"684\"><strong data-start=\"516\" data-end=\"541\">Cabo de alimenta\u00e7\u00e3o<\/strong>: inclu\u00eddo na embalagem um cabo com 2,5 metros de comprimento que permite uma liga\u00e7\u00e3o c\u00f3moda \u00e0 rede el\u00e9trica mesmo \u00e0 dist\u00e2ncia da tomada.<\/p>\n<\/li>\n<li data-start=\"688\" data-end=\"849\">\n<p data-start=\"690\" data-end=\"849\"><strong data-start=\"690\" data-end=\"706\">Ficha Schuko<\/strong>: equipada com ficha Schuko de 16 A, 250 V com prote\u00e7\u00e3o anti-salpicos, para uma utiliza\u00e7\u00e3o segura mesmo em ambientes com presen\u00e7a de humidade ou poeira.<\/p>\n<\/li>\n<li data-start=\"851\" data-end=\"1076\">\n<p data-start=\"853\" data-end=\"1076\"><strong data-start=\"853\" data-end=\"879\">Sistema de suspens\u00e3o<\/strong>: o refletor \u00e9 fornecido completo com uma resistente corrente met\u00e1lica com 2 metros de comprimento para instala\u00e7\u00e3o suspensa. Isto permite posicion\u00e1-lo facilmente sobre a \u00e1rea a aquecer. <\/p>\n<\/li>\n<li data-start=\"1078\" data-end=\"1261\">\n<p data-start=\"1080\" data-end=\"1261\"><strong data-start=\"1080\" data-end=\"1105\">Grelha de prote\u00e7\u00e3o<\/strong>: a parte frontal \u00e9 protegida por uma grelha met\u00e1lica que assegura a m\u00e1xima seguran\u00e7a contra o contacto direto com a fonte de calor ou a l\u00e2mpada.<\/p>\n<\/li>\n<li data-start=\"1263\" data-end=\"1472\">\n<p data-start=\"1265\" data-end=\"1472\"><strong data-start=\"1265\" data-end=\"1295\">Suporte de l\u00e2mpada em porcelana<\/strong>: est\u00e1 presente um robusto suporte de l\u00e2mpada em porcelana pesada, com di\u00e2metro de 54 mm e virola aparafusada. Concebido para resistir \u00e0s altas temperaturas e garantir uma longa dura\u00e7\u00e3o. <\/p>\n<\/li>\n<li data-start=\"1474\" data-end=\"1572\">\n<p data-start=\"1476\" data-end=\"1572\"><strong data-start=\"1476\" data-end=\"1493\">Alimenta\u00e7\u00e3o<\/strong>: o dispositivo funciona com alimenta\u00e7\u00e3o el\u00e9trica standard a 230 V e 50 Hz.<\/p>\n<\/li>\n<li data-start=\"1574\" data-end=\"1679\">\n<p data-start=\"1576\" data-end=\"1679\"><strong data-start=\"1576\" data-end=\"1606\">Pot\u00eancia m\u00e1xima suportada<\/strong>: at\u00e9 250 W, compat\u00edvel com diversas tipologias de l\u00e2mpadas de aquecimento.<\/p>\n<\/li>\n<li data-start=\"1681\" data-end=\"1910\">\n<p data-start=\"1683\" data-end=\"1910\"><strong data-start=\"1683\" data-end=\"1719\">Op\u00e7\u00e3o de fornecimento alternativa<\/strong>: mediante pedido, o refletor pode ser fornecido com uma ficha m\u00f3vel CEE IP 44 e um cabo com 2,80 m de comprimento. Ideal para ambientes que requerem uma maior prote\u00e7\u00e3o contra agentes externos. <\/p>\n<\/li>\n<\/ul>\n<\/div>\n<div align=\"left\"><\/div>\n<div align=\"left\">\ud83d\udc49 Solicite pre\u00e7o para revenda: <a href=\"mailto:info@fdasrl.it\">CLIQUE AQUI<\/a><\/div>\n<div align=\"left\">\ud83d\udc49 Compre-o na nossa <a href=\"https:\/\/fda-shop.it\/shop\/articoli-per-allevamento\/riflettori-e-infrarossi\/riflettore-in-alluminio-fda000030-dm-cm-21-completo#\/34-accessori_e_confezioni-spina_schuko_con_griglia\" target=\"_blank\" rel=\"noopener\">loja online<\/a><\/div>\n","protected":false},"excerpt":{"rendered":"<p>Refletor profissional para aquecimento, fabricado em alum\u00ednio de alta qualidade com di\u00e2metro de 210 mm, concebido para garantir uma difus\u00e3o eficiente e uniforme do calor.<\/p>\n","protected":false},"featured_media":319,"comment_status":"open","ping_status":"closed","template":"","meta":{"_et_pb_use_builder":"","_et_pb_old_content":"","_et_gb_content_width":""},"product_brand":[],"product_cat":[631,630,383,609],"product_tag":[1060,1061],"class_list":{"0":"post-4472","1":"product","2":"type-product","3":"status-publish","4":"has-post-thumbnail","6":"product_cat-aquecimento-para-animais","7":"product_cat-aves","8":"product_cat-bovinos","9":"product_cat-cavalos","10":"product_tag-fda-000030","11":"product_tag-fda000030","13":"first","14":"instock","15":"shipping-taxable","16":"product-type-simple"},"yoast_head":"<!-- This site is optimized with the Yoast SEO Premium plugin v27.5 (Yoast SEO v27.6) - https:\/\/yoast.com\/product\/yoast-seo-premium-wordpress\/ -->\n<title>L\u00e2mpada de aquecimento para animais em alum\u00ednio: Conforto e seguran\u00e7a FDA srl<\/title>\n<meta name=\"description\" content=\"Descubra a nossa l\u00e2mpada de aquecimento para animais, fabricada em alum\u00ednio de alta qualidade para uma difus\u00e3o uniforme do calor. Descubra agora! \ud83c\udf1f\" \/>\n<meta name=\"robots\" content=\"index, follow, max-snippet:-1, max-image-preview:large, max-video-preview:-1\" \/>\n<link rel=\"canonical\" href=\"https:\/\/fdasrl.it\/pt-pt\/prodotto\/refletor-para-aquecimento-em-aluminio-o-210\/\" \/>\n<meta property=\"og:locale\" content=\"pt_PT\" \/>\n<meta property=\"og:type\" content=\"article\" \/>\n<meta property=\"og:title\" content=\"Refletor para aquecimento em alum\u00ednio \u00d8 210\" \/>\n<meta property=\"og:description\" content=\"Descubra a nossa l\u00e2mpada de aquecimento para animais, fabricada em alum\u00ednio de alta qualidade para uma difus\u00e3o uniforme do calor. Descubra agora! \ud83c\udf1f\" \/>\n<meta property=\"og:url\" content=\"https:\/\/fdasrl.it\/pt-pt\/prodotto\/refletor-para-aquecimento-em-aluminio-o-210\/\" \/>\n<meta property=\"og:site_name\" content=\"FDA srl\" \/>\n<meta property=\"article:publisher\" content=\"https:\/\/www.facebook.com\/share\/1MWhFWg1Tp\/?mibextid=LQQJ4d\" \/>\n<meta property=\"og:image\" content=\"https:\/\/fdasrl.it\/wp-content\/uploads\/2025\/01\/FDA-000030.jpg\" \/>\n\t<meta property=\"og:image:width\" content=\"800\" \/>\n\t<meta property=\"og:image:height\" content=\"607\" \/>\n\t<meta property=\"og:image:type\" content=\"image\/jpeg\" \/>\n<meta name=\"twitter:card\" content=\"summary_large_image\" \/>\n<meta name=\"twitter:label1\" content=\"pre\u00e7o\" \/>\n\t<meta name=\"twitter:data1\" content=\"\" \/>\n\t<meta name=\"twitter:label2\" content=\"Disponibilidade\" \/>\n\t<meta name=\"twitter:data2\" content=\"Em stock\" \/>\n<meta property=\"product:price:currency\" content=\"EUR\" \/>\n<meta property=\"og:availability\" content=\"instock\" \/>\n<meta property=\"product:availability\" content=\"instock\" \/>\n<meta property=\"product:retailer_item_id\" content=\"FDA-000030\" \/>\n<meta property=\"product:condition\" content=\"new\" \/>\n<!-- \/ Yoast SEO Premium plugin. -->","yoast_head_json":{"title":"L\u00e2mpada de aquecimento para animais em alum\u00ednio: Conforto e seguran\u00e7a FDA srl","description":"Descubra a nossa l\u00e2mpada de aquecimento para animais, fabricada em alum\u00ednio de alta qualidade para uma difus\u00e3o uniforme do calor. Descubra agora! \ud83c\udf1f","robots":{"index":"index","follow":"follow","max-snippet":"max-snippet:-1","max-image-preview":"max-image-preview:large","max-video-preview":"max-video-preview:-1"},"canonical":"https:\/\/fdasrl.it\/pt-pt\/prodotto\/refletor-para-aquecimento-em-aluminio-o-210\/","og_locale":"pt_PT","og_type":"article","og_title":"Refletor para aquecimento em alum\u00ednio \u00d8 210","og_description":"Descubra a nossa l\u00e2mpada de aquecimento para animais, fabricada em alum\u00ednio de alta qualidade para uma difus\u00e3o uniforme do calor. Descubra agora! \ud83c\udf1f","og_url":"https:\/\/fdasrl.it\/pt-pt\/prodotto\/refletor-para-aquecimento-em-aluminio-o-210\/","og_site_name":"FDA srl","article_publisher":"https:\/\/www.facebook.com\/share\/1MWhFWg1Tp\/?mibextid=LQQJ4d","og_image":[{"width":800,"height":607,"url":"https:\/\/fdasrl.it\/wp-content\/uploads\/2025\/01\/FDA-000030.jpg","type":"image\/jpeg"}],"twitter_card":"summary_large_image","twitter_misc":{"pre\u00e7o":"","Disponibilidade":"Em stock"},"schema":{"@context":"https:\/\/schema.org","@graph":[{"@type":"WebPage","@id":"https:\/\/fdasrl.it\/pt-pt\/prodotto\/refletor-para-aquecimento-em-aluminio-o-210\/","url":"https:\/\/fdasrl.it\/pt-pt\/prodotto\/refletor-para-aquecimento-em-aluminio-o-210\/","name":"L\u00e2mpada de aquecimento para animais em alum\u00ednio: Conforto e seguran\u00e7a FDA srl","isPartOf":{"@id":"https:\/\/fdasrl.it\/pt-pt\/#website"},"primaryImageOfPage":{"@id":"https:\/\/fdasrl.it\/pt-pt\/prodotto\/refletor-para-aquecimento-em-aluminio-o-210\/#primaryimage"},"image":{"@id":"https:\/\/fdasrl.it\/pt-pt\/prodotto\/refletor-para-aquecimento-em-aluminio-o-210\/#primaryimage"},"thumbnailUrl":"https:\/\/fdasrl.it\/wp-content\/uploads\/2025\/01\/FDA-000030.jpg","datePublished":"2025-01-20T10:44:10+00:00","description":"Descubra a nossa l\u00e2mpada de aquecimento para animais, fabricada em alum\u00ednio de alta qualidade para uma difus\u00e3o uniforme do calor. Descubra agora! \ud83c\udf1f","breadcrumb":{"@id":"https:\/\/fdasrl.it\/pt-pt\/prodotto\/refletor-para-aquecimento-em-aluminio-o-210\/#breadcrumb"},"inLanguage":"pt-PT","potentialAction":[{"@type":"ReadAction","target":["https:\/\/fdasrl.it\/pt-pt\/prodotto\/refletor-para-aquecimento-em-aluminio-o-210\/"]}]},{"@type":"ImageObject","inLanguage":"pt-PT","@id":"https:\/\/fdasrl.it\/pt-pt\/prodotto\/refletor-para-aquecimento-em-aluminio-o-210\/#primaryimage","url":"https:\/\/fdasrl.it\/wp-content\/uploads\/2025\/01\/FDA-000030.jpg","contentUrl":"https:\/\/fdasrl.it\/wp-content\/uploads\/2025\/01\/FDA-000030.jpg","width":800,"height":607,"caption":"Lampada riscaldante pr animali in alluminio"},{"@type":"BreadcrumbList","@id":"https:\/\/fdasrl.it\/pt-pt\/prodotto\/refletor-para-aquecimento-em-aluminio-o-210\/#breadcrumb","itemListElement":[{"@type":"ListItem","position":1,"name":"Home","item":"https:\/\/fdasrl.it\/pt-pt\/inicio\/"},{"@type":"ListItem","position":2,"name":"Loja","item":"https:\/\/fdasrl.it\/pt-pt\/loja\/"},{"@type":"ListItem","position":3,"name":"Refletor para aquecimento em alum\u00ednio \u00d8 210"}]},{"@type":"WebSite","@id":"https:\/\/fdasrl.it\/pt-pt\/#website","url":"https:\/\/fdasrl.it\/pt-pt\/","name":"FDA srl","description":"Equipment for animal husbandry","publisher":{"@id":"https:\/\/fdasrl.it\/pt-pt\/#organization"},"potentialAction":[{"@type":"SearchAction","target":{"@type":"EntryPoint","urlTemplate":"https:\/\/fdasrl.it\/pt-pt\/?s={search_term_string}"},"query-input":{"@type":"PropertyValueSpecification","valueRequired":true,"valueName":"search_term_string"}}],"inLanguage":"pt-PT"},{"@type":"Organization","@id":"https:\/\/fdasrl.it\/pt-pt\/#organization","name":"FDA srl","url":"https:\/\/fdasrl.it\/pt-pt\/","logo":{"@type":"ImageObject","inLanguage":"pt-PT","@id":"https:\/\/fdasrl.it\/pt-pt\/#\/schema\/logo\/image\/","url":"https:\/\/fdasrl.it\/wp-content\/uploads\/2024\/12\/Logo-FDA.png","contentUrl":"https:\/\/fdasrl.it\/wp-content\/uploads\/2024\/12\/Logo-FDA.png","width":316,"height":119,"caption":"FDA srl"},"image":{"@id":"https:\/\/fdasrl.it\/pt-pt\/#\/schema\/logo\/image\/"},"sameAs":["https:\/\/www.facebook.com\/share\/1MWhFWg1Tp\/?mibextid=LQQJ4d","https:\/\/www.instagram.com\/fda_srl\/profilecard\/?igsh=YW5lbzJ6MWg0d21u","https:\/\/www.youtube.com\/@FDASRL_ANIMALCARE"],"description":"FDA SRL \u2013 Equipment for animal husbandry nasce con l\u2019obiettivo di offrire soluzioni affidabili e innovative per l\u2019allevamento moderno. Con anni di esperienza nel settore zootecnico, progettiamo e realizziamo attrezzature destinate al benessere animale e alla gestione efficiente delle stalle: vasche, abbeveratoi, mangiatoie e sistemi di riscaldamento pensati per durare nel tempo e semplificare il lavoro quotidiano degli allevatori. Dalla progettazione alla produzione, ogni nostro prodotto \u00e8 studiato nei minimi dettagli, testato con cura e costruito per rispondere alle esigenze reali del settore. La nostra forza \u00e8 unire artigianalit\u00e0, tecnologia e competenza tecnica per trasformare ogni progetto in una soluzione concreta e funzionale. Oggi FDA SRL \u00e8 un punto di riferimento per privati e rivenditori che cercano qualit\u00e0, affidabilit\u00e0 e innovazione nelle attrezzature per l\u2019allevamento.","email":"info@fdasrl.it","telephone":"+390522826820","legalName":"F.D.A. SRL","foundingDate":"2024-10-13","vatID":"03075840359","taxID":"03075840359","numberOfEmployees":{"@type":"QuantitativeValue","minValue":"1","maxValue":"10"}}]},"product_price_currency":"EUR","og_availability":"instock","product_availability":"instock","product_retailer_item_id":"FDA-000030","product_condition":"new"},"_links":{"self":[{"href":"https:\/\/fdasrl.it\/pt-pt\/wp-json\/wp\/v2\/product\/4472","targetHints":{"allow":["GET"]}}],"collection":[{"href":"https:\/\/fdasrl.it\/pt-pt\/wp-json\/wp\/v2\/product"}],"about":[{"href":"https:\/\/fdasrl.it\/pt-pt\/wp-json\/wp\/v2\/types\/product"}],"replies":[{"embeddable":true,"href":"https:\/\/fdasrl.it\/pt-pt\/wp-json\/wp\/v2\/comments?post=4472"}],"wp:featuredmedia":[{"embeddable":true,"href":"https:\/\/fdasrl.it\/pt-pt\/wp-json\/wp\/v2\/media\/319"}],"wp:attachment":[{"href":"https:\/\/fdasrl.it\/pt-pt\/wp-json\/wp\/v2\/media?parent=4472"}],"wp:term":[{"taxonomy":"product_brand","embeddable":true,"href":"https:\/\/fdasrl.it\/pt-pt\/wp-json\/wp\/v2\/product_brand?post=4472"},{"taxonomy":"product_cat","embeddable":true,"href":"https:\/\/fdasrl.it\/pt-pt\/wp-json\/wp\/v2\/product_cat?post=4472"},{"taxonomy":"product_tag","embeddable":true,"href":"https:\/\/fdasrl.it\/pt-pt\/wp-json\/wp\/v2\/product_tag?post=4472"}],"curies":[{"name":"wp","href":"https:\/\/api.w.org\/{rel}","templated":true}]}}