{"id":4512,"date":"2025-01-20T11:48:52","date_gmt":"2025-01-20T10:48:52","guid":{"rendered":"https:\/\/fdasrl.it\/prodotto\/refletor-para-aquecimento-em-aluminio-fda-000030sw\/"},"modified":"2025-01-20T11:48:52","modified_gmt":"2025-01-20T10:48:52","slug":"refletor-para-aquecimento-em-aluminio-fda-000030sw","status":"publish","type":"product","link":"https:\/\/fdasrl.it\/pt-pt\/prodotto\/refletor-para-aquecimento-em-aluminio-fda-000030sw\/","title":{"rendered":"Refletor para aquecimento em alum\u00ednio FDA-000030SW"},"content":{"rendered":"<h3 align=\"left\">Refletor para aquecimento zoot\u00e9cnico de poupan\u00e7a energ\u00e9tica FDA-000030SW<\/h3>\n<div align=\"left\">Refletor para aquecimento em alum\u00ednio D.210 mm para ambientes zoot\u00e9cnicos.<\/div>\n<div align=\"left\">Este refletor \u00e9 de poupan\u00e7a energ\u00e9tica equipado com um interruptor com tr\u00eas posi\u00e7\u00f5es:<\/div>\n<div align=\"left\">\n<ul>\n<li>1 ligado<\/li>\n<li>0 desligado<\/li>\n<li>2 reduzido at\u00e9 metade da pot\u00eancia (exemplo uma l\u00e2mpada de 150W=75W na posi\u00e7\u00e3o 2)<\/li>\n<\/ul>\n<p>Outras caracter\u00edsticas t\u00e9cnicas<\/p>\n<\/div>\n<ul>\n<li>  Cabo el\u00e9trico L=2,5 ml<\/li>\n<li>  Ficha Schuko 16 A, 250 V anti-salpicos<\/li>\n<li>  Corrente para suspens\u00e3o L=2 m<\/li>\n<li>  Grelha de prote\u00e7\u00e3o<\/li>\n<li>  Porta-l\u00e2mpadas em porcelana pesada \u00d8 54 com virola aparafusada<\/li>\n<li>  Alimenta\u00e7\u00e3o el\u00e9trica: 230 V \u2013 50 Hz<\/li>\n<li>  Pot\u00eancia m\u00e1xima: 250 W<\/li>\n<\/ul>\n<p>\ud83d\udc49 Solicite pre\u00e7o para revenda: <a href=\"mailto:info@fdasrl.it\">CLIQUE AQUI<\/a><\/p>\n<p>Adquira-o na nossa <a href=\"https:\/\/fda-shop.it\/shop\/articoli-per-allevamento\/riflettore-fda000030sw-in-allumino-a-risparmio-energetico#\/34-accessori_e_confezioni-spina_schuko_con_griglia\" target=\"_blank\" rel=\"noopener\">loja online<\/a><\/p>\n<p>Os refletores para aquecimento FDA s\u00e3o concebidos para garantir um calor ideal e uniforme, reduzindo o desperd\u00edcio energ\u00e9tico. Fabricados com materiais de alta qualidade e resistentes mesmo \u00e0s piores condi\u00e7\u00f5es.<br \/>\nIdeais para est\u00e1bulos, explora\u00e7\u00f5es pecu\u00e1rias e qualquer outro tipo de ambiente onde se pretenda aplicar uma solu\u00e7\u00e3o eficiente e duradoura para o bem-estar dos animais. O design inteligente assegura uma instala\u00e7\u00e3o f\u00e1cil e uma utiliza\u00e7\u00e3o segura em qualquer ambiente zoot\u00e9cnico.  <\/p>\n","protected":false},"excerpt":{"rendered":"<p>Os refletores para aquecimento FDA s\u00e3o concebidos para garantir um calor \u00f3timo e uniforme, reduzindo os desperd\u00edcios energ\u00e9ticos. Fabricados com materiais de alta qualidade e resistentes mesmo \u00e0s piores condi\u00e7\u00f5es.<br \/>\nIdeais para est\u00e1bulos, explora\u00e7\u00f5es pecu\u00e1rias e qualquer outro tipo de ambiente onde se pretenda aplicar uma solu\u00e7\u00e3o eficiente e dur\u00e1vel para o bem-estar dos animais. <\/p>\n","protected":false},"featured_media":320,"comment_status":"open","ping_status":"closed","template":"","meta":{"_et_pb_use_builder":"","_et_pb_old_content":"","_et_gb_content_width":""},"product_brand":[],"product_cat":[631,630,628],"product_tag":[1074],"class_list":{"0":"post-4512","1":"product","2":"type-product","3":"status-publish","4":"has-post-thumbnail","6":"product_cat-aquecimento-para-animais","7":"product_cat-aves","8":"product_cat-suinos","9":"product_tag-fda-000030sw","11":"first","12":"instock","13":"shipping-taxable","14":"product-type-simple"},"yoast_head":"<!-- This site is optimized with the Yoast SEO Premium plugin v27.5 (Yoast SEO v27.5) - https:\/\/yoast.com\/product\/yoast-seo-premium-wordpress\/ -->\n<title>Refletor para aquecimento zoot\u00e9cnico de poupan\u00e7a energ\u00e9tica FDA<\/title>\n<meta name=\"description\" content=\"Descubra o nosso refletor para aquecimento zoot\u00e9cnico de poupan\u00e7a energ\u00e9tica. Com tr\u00eas posi\u00e7\u00f5es e materiais resistentes, \u00e9 a solu\u00e7\u00e3o ideal!\" \/>\n<meta name=\"robots\" content=\"index, follow, max-snippet:-1, max-image-preview:large, max-video-preview:-1\" \/>\n<link rel=\"canonical\" href=\"https:\/\/fdasrl.it\/pt-pt\/prodotto\/refletor-para-aquecimento-em-aluminio-fda-000030sw\/\" \/>\n<meta property=\"og:locale\" content=\"pt_PT\" \/>\n<meta property=\"og:type\" content=\"article\" \/>\n<meta property=\"og:title\" content=\"Refletor para aquecimento em alum\u00ednio FDA-000030SW\" \/>\n<meta property=\"og:description\" content=\"Descubra o nosso refletor para aquecimento zoot\u00e9cnico de poupan\u00e7a energ\u00e9tica. Com tr\u00eas posi\u00e7\u00f5es e materiais resistentes, \u00e9 a solu\u00e7\u00e3o ideal!\" \/>\n<meta property=\"og:url\" content=\"https:\/\/fdasrl.it\/pt-pt\/prodotto\/refletor-para-aquecimento-em-aluminio-fda-000030sw\/\" \/>\n<meta property=\"og:site_name\" content=\"FDA srl\" \/>\n<meta property=\"article:publisher\" content=\"https:\/\/www.facebook.com\/share\/1MWhFWg1Tp\/?mibextid=LQQJ4d\" \/>\n<meta property=\"og:image\" content=\"https:\/\/fdasrl.it\/wp-content\/uploads\/2025\/01\/FDA-000030SW_1.jpg\" \/>\n\t<meta property=\"og:image:width\" content=\"500\" \/>\n\t<meta property=\"og:image:height\" content=\"562\" \/>\n\t<meta property=\"og:image:type\" content=\"image\/jpeg\" \/>\n<meta name=\"twitter:card\" content=\"summary_large_image\" \/>\n<meta name=\"twitter:label1\" content=\"pre\u00e7o\" \/>\n\t<meta name=\"twitter:data1\" content=\"\" \/>\n\t<meta name=\"twitter:label2\" content=\"Disponibilidade\" \/>\n\t<meta name=\"twitter:data2\" content=\"Em stock\" \/>\n<meta property=\"product:price:currency\" content=\"EUR\" \/>\n<meta property=\"og:availability\" content=\"instock\" \/>\n<meta property=\"product:availability\" content=\"instock\" \/>\n<meta property=\"product:retailer_item_id\" content=\"FDA-000030SW\" \/>\n<meta property=\"product:condition\" content=\"new\" \/>\n<!-- \/ Yoast SEO Premium plugin. -->","yoast_head_json":{"title":"Refletor para aquecimento zoot\u00e9cnico de poupan\u00e7a energ\u00e9tica FDA","description":"Descubra o nosso refletor para aquecimento zoot\u00e9cnico de poupan\u00e7a energ\u00e9tica. Com tr\u00eas posi\u00e7\u00f5es e materiais resistentes, \u00e9 a solu\u00e7\u00e3o ideal!","robots":{"index":"index","follow":"follow","max-snippet":"max-snippet:-1","max-image-preview":"max-image-preview:large","max-video-preview":"max-video-preview:-1"},"canonical":"https:\/\/fdasrl.it\/pt-pt\/prodotto\/refletor-para-aquecimento-em-aluminio-fda-000030sw\/","og_locale":"pt_PT","og_type":"article","og_title":"Refletor para aquecimento em alum\u00ednio FDA-000030SW","og_description":"Descubra o nosso refletor para aquecimento zoot\u00e9cnico de poupan\u00e7a energ\u00e9tica. Com tr\u00eas posi\u00e7\u00f5es e materiais resistentes, \u00e9 a solu\u00e7\u00e3o ideal!","og_url":"https:\/\/fdasrl.it\/pt-pt\/prodotto\/refletor-para-aquecimento-em-aluminio-fda-000030sw\/","og_site_name":"FDA srl","article_publisher":"https:\/\/www.facebook.com\/share\/1MWhFWg1Tp\/?mibextid=LQQJ4d","og_image":[{"width":500,"height":562,"url":"https:\/\/fdasrl.it\/wp-content\/uploads\/2025\/01\/FDA-000030SW_1.jpg","type":"image\/jpeg"}],"twitter_card":"summary_large_image","twitter_misc":{"pre\u00e7o":"","Disponibilidade":"Em stock"},"schema":{"@context":"https:\/\/schema.org","@graph":[{"@type":"WebPage","@id":"https:\/\/fdasrl.it\/pt-pt\/prodotto\/refletor-para-aquecimento-em-aluminio-fda-000030sw\/","url":"https:\/\/fdasrl.it\/pt-pt\/prodotto\/refletor-para-aquecimento-em-aluminio-fda-000030sw\/","name":"Refletor para aquecimento zoot\u00e9cnico de poupan\u00e7a energ\u00e9tica FDA","isPartOf":{"@id":"https:\/\/fdasrl.it\/pt-pt\/#website"},"primaryImageOfPage":{"@id":"https:\/\/fdasrl.it\/pt-pt\/prodotto\/refletor-para-aquecimento-em-aluminio-fda-000030sw\/#primaryimage"},"image":{"@id":"https:\/\/fdasrl.it\/pt-pt\/prodotto\/refletor-para-aquecimento-em-aluminio-fda-000030sw\/#primaryimage"},"thumbnailUrl":"https:\/\/fdasrl.it\/wp-content\/uploads\/2025\/01\/FDA-000030SW_1.jpg","datePublished":"2025-01-20T10:48:52+00:00","description":"Descubra o nosso refletor para aquecimento zoot\u00e9cnico de poupan\u00e7a energ\u00e9tica. Com tr\u00eas posi\u00e7\u00f5es e materiais resistentes, \u00e9 a solu\u00e7\u00e3o ideal!","breadcrumb":{"@id":"https:\/\/fdasrl.it\/pt-pt\/prodotto\/refletor-para-aquecimento-em-aluminio-fda-000030sw\/#breadcrumb"},"inLanguage":"pt-PT","potentialAction":[{"@type":"ReadAction","target":["https:\/\/fdasrl.it\/pt-pt\/prodotto\/refletor-para-aquecimento-em-aluminio-fda-000030sw\/"]}]},{"@type":"ImageObject","inLanguage":"pt-PT","@id":"https:\/\/fdasrl.it\/pt-pt\/prodotto\/refletor-para-aquecimento-em-aluminio-fda-000030sw\/#primaryimage","url":"https:\/\/fdasrl.it\/wp-content\/uploads\/2025\/01\/FDA-000030SW_1.jpg","contentUrl":"https:\/\/fdasrl.it\/wp-content\/uploads\/2025\/01\/FDA-000030SW_1.jpg","width":500,"height":562},{"@type":"BreadcrumbList","@id":"https:\/\/fdasrl.it\/pt-pt\/prodotto\/refletor-para-aquecimento-em-aluminio-fda-000030sw\/#breadcrumb","itemListElement":[{"@type":"ListItem","position":1,"name":"Home","item":"https:\/\/fdasrl.it\/pt-pt\/inicio\/"},{"@type":"ListItem","position":2,"name":"Loja","item":"https:\/\/fdasrl.it\/pt-pt\/loja\/"},{"@type":"ListItem","position":3,"name":"Refletor para aquecimento em alum\u00ednio FDA-000030SW"}]},{"@type":"WebSite","@id":"https:\/\/fdasrl.it\/pt-pt\/#website","url":"https:\/\/fdasrl.it\/pt-pt\/","name":"FDA srl","description":"Equipment for animal husbandry","publisher":{"@id":"https:\/\/fdasrl.it\/pt-pt\/#organization"},"potentialAction":[{"@type":"SearchAction","target":{"@type":"EntryPoint","urlTemplate":"https:\/\/fdasrl.it\/pt-pt\/?s={search_term_string}"},"query-input":{"@type":"PropertyValueSpecification","valueRequired":true,"valueName":"search_term_string"}}],"inLanguage":"pt-PT"},{"@type":"Organization","@id":"https:\/\/fdasrl.it\/pt-pt\/#organization","name":"FDA srl","url":"https:\/\/fdasrl.it\/pt-pt\/","logo":{"@type":"ImageObject","inLanguage":"pt-PT","@id":"https:\/\/fdasrl.it\/pt-pt\/#\/schema\/logo\/image\/","url":"https:\/\/fdasrl.it\/wp-content\/uploads\/2024\/12\/Logo-FDA.png","contentUrl":"https:\/\/fdasrl.it\/wp-content\/uploads\/2024\/12\/Logo-FDA.png","width":316,"height":119,"caption":"FDA srl"},"image":{"@id":"https:\/\/fdasrl.it\/pt-pt\/#\/schema\/logo\/image\/"},"sameAs":["https:\/\/www.facebook.com\/share\/1MWhFWg1Tp\/?mibextid=LQQJ4d","https:\/\/www.instagram.com\/fda_srl\/profilecard\/?igsh=YW5lbzJ6MWg0d21u","https:\/\/www.youtube.com\/@FDASRL_ANIMALCARE"],"description":"FDA SRL \u2013 Equipment for animal husbandry nasce con l\u2019obiettivo di offrire soluzioni affidabili e innovative per l\u2019allevamento moderno. Con anni di esperienza nel settore zootecnico, progettiamo e realizziamo attrezzature destinate al benessere animale e alla gestione efficiente delle stalle: vasche, abbeveratoi, mangiatoie e sistemi di riscaldamento pensati per durare nel tempo e semplificare il lavoro quotidiano degli allevatori. Dalla progettazione alla produzione, ogni nostro prodotto \u00e8 studiato nei minimi dettagli, testato con cura e costruito per rispondere alle esigenze reali del settore. La nostra forza \u00e8 unire artigianalit\u00e0, tecnologia e competenza tecnica per trasformare ogni progetto in una soluzione concreta e funzionale. Oggi FDA SRL \u00e8 un punto di riferimento per privati e rivenditori che cercano qualit\u00e0, affidabilit\u00e0 e innovazione nelle attrezzature per l\u2019allevamento.","email":"info@fdasrl.it","telephone":"+390522826820","legalName":"F.D.A. SRL","foundingDate":"2024-10-13","vatID":"03075840359","taxID":"03075840359","numberOfEmployees":{"@type":"QuantitativeValue","minValue":"1","maxValue":"10"}}]},"product_price_currency":"EUR","og_availability":"instock","product_availability":"instock","product_retailer_item_id":"FDA-000030SW","product_condition":"new"},"_links":{"self":[{"href":"https:\/\/fdasrl.it\/pt-pt\/wp-json\/wp\/v2\/product\/4512","targetHints":{"allow":["GET"]}}],"collection":[{"href":"https:\/\/fdasrl.it\/pt-pt\/wp-json\/wp\/v2\/product"}],"about":[{"href":"https:\/\/fdasrl.it\/pt-pt\/wp-json\/wp\/v2\/types\/product"}],"replies":[{"embeddable":true,"href":"https:\/\/fdasrl.it\/pt-pt\/wp-json\/wp\/v2\/comments?post=4512"}],"wp:featuredmedia":[{"embeddable":true,"href":"https:\/\/fdasrl.it\/pt-pt\/wp-json\/wp\/v2\/media\/320"}],"wp:attachment":[{"href":"https:\/\/fdasrl.it\/pt-pt\/wp-json\/wp\/v2\/media?parent=4512"}],"wp:term":[{"taxonomy":"product_brand","embeddable":true,"href":"https:\/\/fdasrl.it\/pt-pt\/wp-json\/wp\/v2\/product_brand?post=4512"},{"taxonomy":"product_cat","embeddable":true,"href":"https:\/\/fdasrl.it\/pt-pt\/wp-json\/wp\/v2\/product_cat?post=4512"},{"taxonomy":"product_tag","embeddable":true,"href":"https:\/\/fdasrl.it\/pt-pt\/wp-json\/wp\/v2\/product_tag?post=4512"}],"curies":[{"name":"wp","href":"https:\/\/api.w.org\/{rel}","templated":true}]}}