{"id":4541,"date":"2025-01-20T11:18:23","date_gmt":"2025-01-20T10:18:23","guid":{"rendered":"https:\/\/fdasrl.it\/prodotto\/suporte-inox-reforcado-para-bebedouros-de-chupeta\/"},"modified":"2025-01-20T11:18:23","modified_gmt":"2025-01-20T10:18:23","slug":"suporte-inox-reforcado-para-bebedouros-de-chupeta","status":"publish","type":"product","link":"https:\/\/fdasrl.it\/pt-pt\/prodotto\/suporte-inox-reforcado-para-bebedouros-de-chupeta\/","title":{"rendered":"Suporte inox refor\u00e7ado para bebedouros de chupeta"},"content":{"rendered":"<h1 data-start=\"263\" data-end=\"620\">Suporte inox refor\u00e7ado, tipo pesado para bebedouros de chupeta<\/h1>\n<p data-start=\"263\" data-end=\"620\">O <strong data-start=\"266\" data-end=\"337\">suporte refor\u00e7ado fixo com placa de parede para bebedouro autom\u00e1tico de su\u00ednos<\/strong> \u00e9 uma solu\u00e7\u00e3o pr\u00e1tica e resistente. Foi concebido para garantir estabilidade e longa durabilidade em sistemas de abeberamento. Fabricado inteiramente em <strong data-start=\"482\" data-end=\"514\">a\u00e7o inoxid\u00e1vel de alta qualit\u00e0<\/strong>, oferece uma elevada resist\u00eancia \u00e0 corros\u00e3o e ao desgaste t\u00edpico das explora\u00e7\u00f5es intensivas.  <\/p>\n<p data-start=\"622\" data-end=\"1034\">Gra\u00e7as \u00e0 <strong data-start=\"634\" data-end=\"663\">placa de parede refor\u00e7ada<\/strong>, o suporte assegura uma fixa\u00e7\u00e3o s\u00f3lida e segura. Al\u00e9m disso, reduz o risco de movimentos ou danos mesmo com uma utiliza\u00e7\u00e3o frequente pelos animais. A <strong data-start=\"825\" data-end=\"850\">liga\u00e7\u00e3o de \u00e1gua de 1\/2&#8243;<\/strong> est\u00e1 inclinada a <strong data-start=\"865\" data-end=\"872\">25\u00b0<\/strong>. Esta caracter\u00edstica favorece um fluxo de \u00e1gua correto e melhora a ergonomia para os su\u00ednos, garantendo um acesso f\u00e1cil e natural ao bebedouro.   <\/p>\n<p data-start=\"1036\" data-end=\"1385\">Este suporte \u00e9 compat\u00edvel com os principais modelos de <strong data-start=\"1094\" data-end=\"1130\">bebedouros autom\u00e1ticos para su\u00ednos<\/strong>. Isto torna-o uma escolha vers\u00e1til tanto para novas instala\u00e7\u00f5es como para substitui\u00e7\u00f5es ou moderniza\u00e7\u00f5es de sistemas existentes. A estrutura em a\u00e7o inoxid\u00e1vel facilita tamb\u00e9m a limpeza e a manuten\u00e7\u00e3o, assegurando um n\u00edvel de higiene sempre ideal.  <\/p>\n<h3 data-start=\"1387\" data-end=\"1415\">\u2705 Principais vantagens:<\/h3>\n<ul data-start=\"1416\" data-end=\"1697\">\n<li data-start=\"1416\" data-end=\"1459\">\n<p data-start=\"1418\" data-end=\"1459\">Constru\u00e7\u00e3o robusta em <strong data-start=\"1441\" data-end=\"1457\">a\u00e7o inoxid\u00e1vel<\/strong><\/p>\n<\/li>\n<li data-start=\"1460\" data-end=\"1516\">\n<p data-start=\"1462\" data-end=\"1516\"><strong data-start=\"1462\" data-end=\"1480\">Placa de parede<\/strong> para uma fixa\u00e7\u00e3o est\u00e1vel e segura<\/p>\n<\/li>\n<li data-start=\"1517\" data-end=\"1591\">\n<p data-start=\"1519\" data-end=\"1591\"><strong data-start=\"1519\" data-end=\"1557\">Liga\u00e7\u00e3o de \u00e1gua 1\/2&#8243; inclinada a 25\u00b0<\/strong> para uma instala\u00e7\u00e3o ergon\u00f3mica<\/p>\n<\/li>\n<li data-start=\"1592\" data-end=\"1655\">\n<p data-start=\"1594\" data-end=\"1655\">Compatibilidade com diversos modelos de bebedouros autom\u00e1ticos<\/p>\n<\/li>\n<li data-start=\"1656\" data-end=\"1697\">\n<p data-start=\"1658\" data-end=\"1697\">F\u00e1cil de montar, limpar e manter<\/p>\n<\/li>\n<\/ul>\n<p data-start=\"1699\" data-end=\"1872\">O suporte fixo com placa de parede representa uma escolha fi\u00e1vel para quem procura um acess\u00f3rio duradouro e funcional para o seu <strong data-start=\"1835\" data-end=\"1869\">sistema de abeberamento de su\u00ednos<\/strong>.<\/p>\n","protected":false},"excerpt":{"rendered":"<p>O suporte fixo com <strong data-start=\"919\" data-end=\"953\">placa de parede em a\u00e7o inoxid\u00e1vel refor\u00e7ado, modelo &#8220;pesado&#8221;, foi<\/strong> concebido para a instala\u00e7\u00e3o de <strong data-start=\"989\" data-end=\"1025\">bebedouros autom\u00e1ticos para su\u00ednos<\/strong>. Equipado com <strong data-start=\"1037\" data-end=\"1062\">liga\u00e7\u00e3o de \u00e1gua de 1\/2\u201d<\/strong> com <strong data-start=\"1067\" data-end=\"1084\">\u00e2ngulo de 25\u00b0<\/strong>, garante solidez, resist\u00eancia \u00e0 corros\u00e3o e facilidade de montagem. Ideal para explora\u00e7\u00f5es suin\u00edcolas que exigem solu\u00e7\u00f5es fi\u00e1veis e duradouras.  <\/p>\n","protected":false},"featured_media":299,"comment_status":"open","ping_status":"closed","template":"","meta":{"_et_pb_use_builder":"","_et_pb_old_content":"","_et_gb_content_width":""},"product_brand":[],"product_cat":[830,628,1083],"product_tag":[1084],"class_list":{"0":"post-4541","1":"product","2":"type-product","3":"status-publish","4":"has-post-thumbnail","6":"product_cat-bebedouros-3","7":"product_cat-suinos","8":"product_cat-suportes-para-bebedouros","9":"product_tag-fda-000008","11":"first","12":"instock","13":"shipping-taxable","14":"product-type-simple"},"yoast_head":"<!-- This site is optimized with the Yoast SEO Premium plugin v27.5 (Yoast SEO v27.5) - https:\/\/yoast.com\/product\/yoast-seo-premium-wordpress\/ -->\n<title>Suporte refor\u00e7ado para bebedouro autom\u00e1tico de su\u00ednos \u2013 Alta Qualidade<\/title>\n<meta name=\"description\" content=\"Descubra o nosso suporte refor\u00e7ado para bebedouro autom\u00e1tico de su\u00ednos, fabricado em a\u00e7o inoxid\u00e1vel de alta qualidade. Garante estabilidade e durabilidade!\" \/>\n<meta name=\"robots\" content=\"index, follow, max-snippet:-1, max-image-preview:large, max-video-preview:-1\" \/>\n<link rel=\"canonical\" href=\"https:\/\/fdasrl.it\/pt-pt\/prodotto\/suporte-inox-reforcado-para-bebedouros-de-chupeta\/\" \/>\n<meta property=\"og:locale\" content=\"pt_PT\" \/>\n<meta property=\"og:type\" content=\"article\" \/>\n<meta property=\"og:title\" content=\"Suporte inox refor\u00e7ado para bebedouros de chupeta\" \/>\n<meta property=\"og:description\" content=\"Descubra o nosso suporte refor\u00e7ado para bebedouro autom\u00e1tico de su\u00ednos, fabricado em a\u00e7o inoxid\u00e1vel de alta qualidade. Garante estabilidade e durabilidade!\" \/>\n<meta property=\"og:url\" content=\"https:\/\/fdasrl.it\/pt-pt\/prodotto\/suporte-inox-reforcado-para-bebedouros-de-chupeta\/\" \/>\n<meta property=\"og:site_name\" content=\"FDA srl\" \/>\n<meta property=\"article:publisher\" content=\"https:\/\/www.facebook.com\/share\/1MWhFWg1Tp\/?mibextid=LQQJ4d\" \/>\n<meta property=\"og:image\" content=\"https:\/\/fdasrl.it\/wp-content\/uploads\/2025\/01\/FDA-00008-25_1.jpg\" \/>\n\t<meta property=\"og:image:width\" content=\"800\" \/>\n\t<meta property=\"og:image:height\" content=\"640\" \/>\n\t<meta property=\"og:image:type\" content=\"image\/jpeg\" \/>\n<meta name=\"twitter:card\" content=\"summary_large_image\" \/>\n<meta name=\"twitter:label1\" content=\"pre\u00e7o\" \/>\n\t<meta name=\"twitter:data1\" content=\"\" \/>\n\t<meta name=\"twitter:label2\" content=\"Disponibilidade\" \/>\n\t<meta name=\"twitter:data2\" content=\"Em stock\" \/>\n<meta property=\"product:price:currency\" content=\"EUR\" \/>\n<meta property=\"og:availability\" content=\"instock\" \/>\n<meta property=\"product:availability\" content=\"instock\" \/>\n<meta property=\"product:retailer_item_id\" content=\"FDA-000008\" \/>\n<meta property=\"product:condition\" content=\"new\" \/>\n<!-- \/ Yoast SEO Premium plugin. -->","yoast_head_json":{"title":"Suporte refor\u00e7ado para bebedouro autom\u00e1tico de su\u00ednos \u2013 Alta Qualidade","description":"Descubra o nosso suporte refor\u00e7ado para bebedouro autom\u00e1tico de su\u00ednos, fabricado em a\u00e7o inoxid\u00e1vel de alta qualidade. Garante estabilidade e durabilidade!","robots":{"index":"index","follow":"follow","max-snippet":"max-snippet:-1","max-image-preview":"max-image-preview:large","max-video-preview":"max-video-preview:-1"},"canonical":"https:\/\/fdasrl.it\/pt-pt\/prodotto\/suporte-inox-reforcado-para-bebedouros-de-chupeta\/","og_locale":"pt_PT","og_type":"article","og_title":"Suporte inox refor\u00e7ado para bebedouros de chupeta","og_description":"Descubra o nosso suporte refor\u00e7ado para bebedouro autom\u00e1tico de su\u00ednos, fabricado em a\u00e7o inoxid\u00e1vel de alta qualidade. Garante estabilidade e durabilidade!","og_url":"https:\/\/fdasrl.it\/pt-pt\/prodotto\/suporte-inox-reforcado-para-bebedouros-de-chupeta\/","og_site_name":"FDA srl","article_publisher":"https:\/\/www.facebook.com\/share\/1MWhFWg1Tp\/?mibextid=LQQJ4d","og_image":[{"width":800,"height":640,"url":"https:\/\/fdasrl.it\/wp-content\/uploads\/2025\/01\/FDA-00008-25_1.jpg","type":"image\/jpeg"}],"twitter_card":"summary_large_image","twitter_misc":{"pre\u00e7o":"","Disponibilidade":"Em stock"},"schema":{"@context":"https:\/\/schema.org","@graph":[{"@type":"WebPage","@id":"https:\/\/fdasrl.it\/pt-pt\/prodotto\/suporte-inox-reforcado-para-bebedouros-de-chupeta\/","url":"https:\/\/fdasrl.it\/pt-pt\/prodotto\/suporte-inox-reforcado-para-bebedouros-de-chupeta\/","name":"Suporte refor\u00e7ado para bebedouro autom\u00e1tico de su\u00ednos \u2013 Alta Qualidade","isPartOf":{"@id":"https:\/\/fdasrl.it\/pt-pt\/#website"},"primaryImageOfPage":{"@id":"https:\/\/fdasrl.it\/pt-pt\/prodotto\/suporte-inox-reforcado-para-bebedouros-de-chupeta\/#primaryimage"},"image":{"@id":"https:\/\/fdasrl.it\/pt-pt\/prodotto\/suporte-inox-reforcado-para-bebedouros-de-chupeta\/#primaryimage"},"thumbnailUrl":"https:\/\/fdasrl.it\/wp-content\/uploads\/2025\/01\/FDA-00008-25_1.jpg","datePublished":"2025-01-20T10:18:23+00:00","description":"Descubra o nosso suporte refor\u00e7ado para bebedouro autom\u00e1tico de su\u00ednos, fabricado em a\u00e7o inoxid\u00e1vel de alta qualidade. Garante estabilidade e durabilidade!","breadcrumb":{"@id":"https:\/\/fdasrl.it\/pt-pt\/prodotto\/suporte-inox-reforcado-para-bebedouros-de-chupeta\/#breadcrumb"},"inLanguage":"pt-PT","potentialAction":[{"@type":"ReadAction","target":["https:\/\/fdasrl.it\/pt-pt\/prodotto\/suporte-inox-reforcado-para-bebedouros-de-chupeta\/"]}]},{"@type":"ImageObject","inLanguage":"pt-PT","@id":"https:\/\/fdasrl.it\/pt-pt\/prodotto\/suporte-inox-reforcado-para-bebedouros-de-chupeta\/#primaryimage","url":"https:\/\/fdasrl.it\/wp-content\/uploads\/2025\/01\/FDA-00008-25_1.jpg","contentUrl":"https:\/\/fdasrl.it\/wp-content\/uploads\/2025\/01\/FDA-00008-25_1.jpg","width":800,"height":640,"caption":"Suporte inox para bebedouro de su\u00ednos"},{"@type":"BreadcrumbList","@id":"https:\/\/fdasrl.it\/pt-pt\/prodotto\/suporte-inox-reforcado-para-bebedouros-de-chupeta\/#breadcrumb","itemListElement":[{"@type":"ListItem","position":1,"name":"Home","item":"https:\/\/fdasrl.it\/pt-pt\/inicio\/"},{"@type":"ListItem","position":2,"name":"Loja","item":"https:\/\/fdasrl.it\/pt-pt\/loja\/"},{"@type":"ListItem","position":3,"name":"Suporte inox refor\u00e7ado para bebedouros de chupeta"}]},{"@type":"WebSite","@id":"https:\/\/fdasrl.it\/pt-pt\/#website","url":"https:\/\/fdasrl.it\/pt-pt\/","name":"FDA srl","description":"Equipment for animal husbandry","publisher":{"@id":"https:\/\/fdasrl.it\/pt-pt\/#organization"},"potentialAction":[{"@type":"SearchAction","target":{"@type":"EntryPoint","urlTemplate":"https:\/\/fdasrl.it\/pt-pt\/?s={search_term_string}"},"query-input":{"@type":"PropertyValueSpecification","valueRequired":true,"valueName":"search_term_string"}}],"inLanguage":"pt-PT"},{"@type":"Organization","@id":"https:\/\/fdasrl.it\/pt-pt\/#organization","name":"FDA srl","url":"https:\/\/fdasrl.it\/pt-pt\/","logo":{"@type":"ImageObject","inLanguage":"pt-PT","@id":"https:\/\/fdasrl.it\/pt-pt\/#\/schema\/logo\/image\/","url":"https:\/\/fdasrl.it\/wp-content\/uploads\/2024\/12\/Logo-FDA.png","contentUrl":"https:\/\/fdasrl.it\/wp-content\/uploads\/2024\/12\/Logo-FDA.png","width":316,"height":119,"caption":"FDA srl"},"image":{"@id":"https:\/\/fdasrl.it\/pt-pt\/#\/schema\/logo\/image\/"},"sameAs":["https:\/\/www.facebook.com\/share\/1MWhFWg1Tp\/?mibextid=LQQJ4d","https:\/\/www.instagram.com\/fda_srl\/profilecard\/?igsh=YW5lbzJ6MWg0d21u","https:\/\/www.youtube.com\/@FDASRL_ANIMALCARE"],"description":"FDA SRL \u2013 Equipment for animal husbandry nasce con l\u2019obiettivo di offrire soluzioni affidabili e innovative per l\u2019allevamento moderno. Con anni di esperienza nel settore zootecnico, progettiamo e realizziamo attrezzature destinate al benessere animale e alla gestione efficiente delle stalle: vasche, abbeveratoi, mangiatoie e sistemi di riscaldamento pensati per durare nel tempo e semplificare il lavoro quotidiano degli allevatori. Dalla progettazione alla produzione, ogni nostro prodotto \u00e8 studiato nei minimi dettagli, testato con cura e costruito per rispondere alle esigenze reali del settore. La nostra forza \u00e8 unire artigianalit\u00e0, tecnologia e competenza tecnica per trasformare ogni progetto in una soluzione concreta e funzionale. Oggi FDA SRL \u00e8 un punto di riferimento per privati e rivenditori che cercano qualit\u00e0, affidabilit\u00e0 e innovazione nelle attrezzature per l\u2019allevamento.","email":"info@fdasrl.it","telephone":"+390522826820","legalName":"F.D.A. SRL","foundingDate":"2024-10-13","vatID":"03075840359","taxID":"03075840359","numberOfEmployees":{"@type":"QuantitativeValue","minValue":"1","maxValue":"10"}}]},"product_price_currency":"EUR","og_availability":"instock","product_availability":"instock","product_retailer_item_id":"FDA-000008","product_condition":"new"},"_links":{"self":[{"href":"https:\/\/fdasrl.it\/pt-pt\/wp-json\/wp\/v2\/product\/4541","targetHints":{"allow":["GET"]}}],"collection":[{"href":"https:\/\/fdasrl.it\/pt-pt\/wp-json\/wp\/v2\/product"}],"about":[{"href":"https:\/\/fdasrl.it\/pt-pt\/wp-json\/wp\/v2\/types\/product"}],"replies":[{"embeddable":true,"href":"https:\/\/fdasrl.it\/pt-pt\/wp-json\/wp\/v2\/comments?post=4541"}],"wp:featuredmedia":[{"embeddable":true,"href":"https:\/\/fdasrl.it\/pt-pt\/wp-json\/wp\/v2\/media\/299"}],"wp:attachment":[{"href":"https:\/\/fdasrl.it\/pt-pt\/wp-json\/wp\/v2\/media?parent=4541"}],"wp:term":[{"taxonomy":"product_brand","embeddable":true,"href":"https:\/\/fdasrl.it\/pt-pt\/wp-json\/wp\/v2\/product_brand?post=4541"},{"taxonomy":"product_cat","embeddable":true,"href":"https:\/\/fdasrl.it\/pt-pt\/wp-json\/wp\/v2\/product_cat?post=4541"},{"taxonomy":"product_tag","embeddable":true,"href":"https:\/\/fdasrl.it\/pt-pt\/wp-json\/wp\/v2\/product_tag?post=4541"}],"curies":[{"name":"wp","href":"https:\/\/api.w.org\/{rel}","templated":true}]}}