{"id":4582,"date":"2025-01-20T16:21:20","date_gmt":"2025-01-20T15:21:20","guid":{"rendered":"https:\/\/fdasrl.it\/prodotto\/bebedouro-automatico-em-aco-inoxidavel-com-esfera-regulavel\/"},"modified":"2025-01-20T16:21:20","modified_gmt":"2025-01-20T15:21:20","slug":"bebedouro-automatico-em-aco-inoxidavel-com-esfera-regulavel","status":"publish","type":"product","link":"https:\/\/fdasrl.it\/pt-pt\/prodotto\/bebedouro-automatico-em-aco-inoxidavel-com-esfera-regulavel\/","title":{"rendered":"Bebedouro autom\u00e1tico em a\u00e7o inoxid\u00e1vel com esfera regul\u00e1vel"},"content":{"rendered":"<h3>Bebedouro autom\u00e1tico em a\u00e7o inoxid\u00e1vel com esfera regul\u00e1vel<\/h3>\n<h4 data-start=\"564\" data-end=\"918\">O bebedouro autom\u00e1tico em <strong data-start=\"593\" data-end=\"618\">a\u00e7o inoxid\u00e1vel AISI 304<\/strong> foi concebido para garantir <strong data-start=\"646\" data-end=\"679\">higiene, durabilidade e funcionalidade<\/strong> em ambientes zoot\u00e9cnicos e dom\u00e9sticos.<\/h4>\n<p data-start=\"564\" data-end=\"918\">Ideal para <strong data-start=\"727\" data-end=\"769\">c\u00e3es, vitelos, cavalos, cabras e ovelhas<\/strong>, est\u00e1 equipado com um sistema de <strong data-start=\"796\" data-end=\"816\">n\u00edvel constante<\/strong> com <strong data-start=\"821\" data-end=\"863\">v\u00e1lvula flutuante regul\u00e1vel FAR15 em ABS<\/strong>, que assegura um fluxo de \u00e1gua fi\u00e1vel e cont\u00ednuo.<\/p>\n<p data-start=\"920\" data-end=\"1105\">A <strong data-start=\"923\" data-end=\"948\">tampa rebat\u00edvel<\/strong> permite um acesso c\u00f3modo para a manuten\u00e7\u00e3o interna, enquanto o <strong data-start=\"1015\" data-end=\"1051\">tamp\u00e3o de escoamento roscado M12x1<\/strong> no fundo permite uma <strong data-start=\"1075\" data-end=\"1104\">limpeza r\u00e1pida e completa<\/strong>.<\/p>\n<p data-start=\"1107\" data-end=\"1371\">A entrada de \u00e1gua com <strong data-start=\"1128\" data-end=\"1147\">liga\u00e7\u00e3o de 1\/2&#8243;<\/strong> pode ser montada em ambos os lados para m\u00e1xima flexibilidade de instala\u00e7\u00e3o. A <strong data-start=\"1228\" data-end=\"1259\">esfera regul\u00e1vel em altura<\/strong> e o <strong data-start=\"1265\" data-end=\"1288\">pr\u00e9-filtro integrado<\/strong> garantem um funcionamento eficiente mesmo na presen\u00e7a de impurezas na \u00e1gua. <\/p>\n<hr data-start=\"1373\" data-end=\"1376\">\n<h3 data-start=\"1378\" data-end=\"1414\">\u2699\ufe0f <strong data-start=\"1385\" data-end=\"1414\">Caracter\u00edsticas t\u00e9cnicas:<\/strong><\/h3>\n<ul data-start=\"1416\" data-end=\"1853\">\n<li data-start=\"1416\" data-end=\"1474\">\n<p data-start=\"1418\" data-end=\"1474\"><strong data-start=\"1418\" data-end=\"1431\">Material<\/strong>: a\u00e7o inoxid\u00e1vel AISI 304 (espessura 1,2 mm)<\/p>\n<\/li>\n<li data-start=\"1475\" data-end=\"1537\">\n<p data-start=\"1477\" data-end=\"1537\"><strong data-start=\"1477\" data-end=\"1501\">V\u00e1lvula flutuante<\/strong>: regul\u00e1vel, em ABS com pr\u00e9-filtro FAR15 <a href=\"https:\/\/fdasrl.it\/pt-pt\/prodotto\/boia-para-bebedouro-com-pre-filtro-1-2-far15\/\">(para substitui\u00e7\u00e3o clique aqui)<\/a><\/p>\n<\/li>\n<li data-start=\"1538\" data-end=\"1596\">\n<p data-start=\"1540\" data-end=\"1596\"><strong data-start=\"1540\" data-end=\"1555\">Corpo da esfera<\/strong>: em pl\u00e1stico PE, regul\u00e1vel em altura<\/p>\n<\/li>\n<li data-start=\"1597\" data-end=\"1639\">\n<p data-start=\"1599\" data-end=\"1639\"><strong data-start=\"1599\" data-end=\"1616\">Caudal de \u00e1gua<\/strong>: 6,5 L\/min a 2\u20133 bar<\/p>\n<\/li>\n<li data-start=\"1640\" data-end=\"1677\">\n<p data-start=\"1642\" data-end=\"1677\"><strong data-start=\"1642\" data-end=\"1664\">Capacidade da ta\u00e7a<\/strong>: 2,5 litros<\/p>\n<\/li>\n<li data-start=\"1678\" data-end=\"1738\">\n<p data-start=\"1680\" data-end=\"1738\"><strong data-start=\"1680\" data-end=\"1697\">Liga\u00e7\u00e3o de \u00e1gua<\/strong>: \u00d8 1\/2&#8243; (mont\u00e1vel em ambos os lados)<\/p>\n<\/li>\n<li data-start=\"1739\" data-end=\"1777\">\n<p data-start=\"1741\" data-end=\"1777\"><strong data-start=\"1741\" data-end=\"1752\">Escoamento<\/strong>: tamp\u00e3o roscado M12x1<\/p>\n<\/li>\n<li data-start=\"1778\" data-end=\"1805\">\n<p data-start=\"1780\" data-end=\"1805\"><strong data-start=\"1780\" data-end=\"1793\">Fixa\u00e7\u00e3o<\/strong>: de parede<\/p>\n<\/li>\n<li data-start=\"1806\" data-end=\"1853\">\n<p data-start=\"1808\" data-end=\"1853\"><strong data-start=\"1808\" data-end=\"1822\">Dimens\u00f5es<\/strong>: 27 \u00d7 25,5 \u00d7 12 cm (C \u00d7 P \u00d7 A)<\/p>\n<\/li>\n<li data-start=\"1806\" data-end=\"1853\">SUPORTES COMPAT\u00cdVEIS <a href=\"https:\/\/fdasrl.it\/pt-pt\/prodotto\/suporte-de-canto-universal-para-bebedouros-far22\/\">FAR22 (VER AQUI)<\/a> E <a href=\"https:\/\/fdasrl.it\/pt-pt\/prodotto\/suporte-de-chao-universal-far-23-para-bebedouros\/\">FAR 23 (VER AQUI)<\/a><\/li>\n<\/ul>\n<hr data-start=\"1855\" data-end=\"1858\">\n<p data-start=\"1860\" data-end=\"2015\">\u2705 Adequado para uso zoot\u00e9cnico, explora\u00e7\u00f5es pecu\u00e1rias, canis, paddocks e cercados.<br data-start=\"1928\" data-end=\"1931\">\ud83d\udee0\ufe0f Fabricado com materiais resistentes e higi\u00e9nicos, para uso intensivo e duradouro.<\/p>\n<p data-start=\"1860\" data-end=\"2015\">\ud83d\udc49 Solicite pre\u00e7o para revenda: <a href=\"mailto:info@fdasrl.it\">CLIQUE AQUI<\/a><\/p>\n<p>Solicite informa\u00e7\u00f5es na nossa p\u00e1gina de contacto ( <a href=\"https:\/\/fdasrl.it\/pt-pt\/contactos\/\">CLIQUE AQUI<\/a>) ou adquira-o na nossa  <a href=\"https:\/\/fda-shop.it\/shop\/articoli-per-allevamento\/abbeveratoi\/abbeveratoio-automatico-inox-vitelli-cavalli-capre-pecore\" target=\"_blank\" rel=\"noopener\">loja online<\/a><\/p>\n","protected":false},"excerpt":{"rendered":"<p>Bebedouro em a\u00e7o inoxid\u00e1vel de 2,5L com v\u00e1lvula flutuante regul\u00e1vel, esfera PE e escoamento r\u00e1pido. Para c\u00e3es, vitelos, cavalos, cabras e ovelhas. <\/p>\n","protected":false},"featured_media":339,"comment_status":"open","ping_status":"closed","template":"","meta":{"_et_pb_use_builder":"","_et_pb_old_content":"","_et_gb_content_width":""},"product_brand":[],"product_cat":[502,554,383,609,412],"product_tag":[1092,1093],"class_list":{"0":"post-4582","1":"product","2":"type-product","3":"status-publish","4":"has-post-thumbnail","6":"product_cat-bebedouros","7":"product_cat-bebedouros-2","8":"product_cat-bovinos","9":"product_cat-cavalos","10":"product_cat-ovinos-e-caprinos","11":"product_tag-fa-ag-inox","12":"product_tag-faag-inox","14":"first","15":"instock","16":"shipping-taxable","17":"product-type-simple"},"yoast_head":"<!-- This site is optimized with the Yoast SEO Premium plugin v27.5 (Yoast SEO v27.5) - https:\/\/yoast.com\/product\/yoast-seo-premium-wordpress\/ -->\n<title>Bebedouro autom\u00e1tico em a\u00e7o inoxid\u00e1vel com esfera regul\u00e1vel - FDA srl<\/title>\n<meta name=\"description\" content=\"Bebedouro em a\u00e7o inoxid\u00e1vel de 2,5L com v\u00e1lvula flutuante regul\u00e1vel, esfera PE e escoamento r\u00e1pido. Para c\u00e3es, vitelos, cavalos, cabras e ovelhas.\" \/>\n<meta name=\"robots\" content=\"index, follow, max-snippet:-1, max-image-preview:large, max-video-preview:-1\" \/>\n<link rel=\"canonical\" href=\"https:\/\/fdasrl.it\/pt-pt\/prodotto\/bebedouro-automatico-em-aco-inoxidavel-com-esfera-regulavel\/\" \/>\n<meta property=\"og:locale\" content=\"pt_PT\" \/>\n<meta property=\"og:type\" content=\"article\" \/>\n<meta property=\"og:title\" content=\"Bebedouro autom\u00e1tico em a\u00e7o inoxid\u00e1vel com esfera regul\u00e1vel\" \/>\n<meta property=\"og:description\" content=\"Bebedouro em a\u00e7o inoxid\u00e1vel de 2,5L com v\u00e1lvula flutuante regul\u00e1vel, esfera PE e escoamento r\u00e1pido. Para c\u00e3es, vitelos, cavalos, cabras e ovelhas.\" \/>\n<meta property=\"og:url\" content=\"https:\/\/fdasrl.it\/pt-pt\/prodotto\/bebedouro-automatico-em-aco-inoxidavel-com-esfera-regulavel\/\" \/>\n<meta property=\"og:site_name\" content=\"FDA srl\" \/>\n<meta property=\"article:publisher\" content=\"https:\/\/www.facebook.com\/share\/1MWhFWg1Tp\/?mibextid=LQQJ4d\" \/>\n<meta property=\"og:image\" content=\"https:\/\/fdasrl.it\/wp-content\/uploads\/2025\/01\/FA-AG-INOX_1.jpg\" \/>\n\t<meta property=\"og:image:width\" content=\"668\" \/>\n\t<meta property=\"og:image:height\" content=\"501\" \/>\n\t<meta property=\"og:image:type\" content=\"image\/jpeg\" \/>\n<meta name=\"twitter:card\" content=\"summary_large_image\" \/>\n<meta name=\"twitter:label1\" content=\"pre\u00e7o\" \/>\n\t<meta name=\"twitter:data1\" content=\"\" \/>\n\t<meta name=\"twitter:label2\" content=\"Disponibilidade\" \/>\n\t<meta name=\"twitter:data2\" content=\"Em stock\" \/>\n<meta property=\"product:price:currency\" content=\"EUR\" \/>\n<meta property=\"og:availability\" content=\"instock\" \/>\n<meta property=\"product:availability\" content=\"instock\" \/>\n<meta property=\"product:retailer_item_id\" content=\"FAAG-INOX\" \/>\n<meta property=\"product:condition\" content=\"new\" \/>\n<!-- \/ Yoast SEO Premium plugin. -->","yoast_head_json":{"title":"Bebedouro autom\u00e1tico em a\u00e7o inoxid\u00e1vel com esfera regul\u00e1vel - FDA srl","description":"Bebedouro em a\u00e7o inoxid\u00e1vel de 2,5L com v\u00e1lvula flutuante regul\u00e1vel, esfera PE e escoamento r\u00e1pido. Para c\u00e3es, vitelos, cavalos, cabras e ovelhas.","robots":{"index":"index","follow":"follow","max-snippet":"max-snippet:-1","max-image-preview":"max-image-preview:large","max-video-preview":"max-video-preview:-1"},"canonical":"https:\/\/fdasrl.it\/pt-pt\/prodotto\/bebedouro-automatico-em-aco-inoxidavel-com-esfera-regulavel\/","og_locale":"pt_PT","og_type":"article","og_title":"Bebedouro autom\u00e1tico em a\u00e7o inoxid\u00e1vel com esfera regul\u00e1vel","og_description":"Bebedouro em a\u00e7o inoxid\u00e1vel de 2,5L com v\u00e1lvula flutuante regul\u00e1vel, esfera PE e escoamento r\u00e1pido. Para c\u00e3es, vitelos, cavalos, cabras e ovelhas.","og_url":"https:\/\/fdasrl.it\/pt-pt\/prodotto\/bebedouro-automatico-em-aco-inoxidavel-com-esfera-regulavel\/","og_site_name":"FDA srl","article_publisher":"https:\/\/www.facebook.com\/share\/1MWhFWg1Tp\/?mibextid=LQQJ4d","og_image":[{"width":668,"height":501,"url":"https:\/\/fdasrl.it\/wp-content\/uploads\/2025\/01\/FA-AG-INOX_1.jpg","type":"image\/jpeg"}],"twitter_card":"summary_large_image","twitter_misc":{"pre\u00e7o":"","Disponibilidade":"Em stock"},"schema":{"@context":"https:\/\/schema.org","@graph":[{"@type":"WebPage","@id":"https:\/\/fdasrl.it\/pt-pt\/prodotto\/bebedouro-automatico-em-aco-inoxidavel-com-esfera-regulavel\/","url":"https:\/\/fdasrl.it\/pt-pt\/prodotto\/bebedouro-automatico-em-aco-inoxidavel-com-esfera-regulavel\/","name":"Bebedouro autom\u00e1tico em a\u00e7o inoxid\u00e1vel com esfera regul\u00e1vel - FDA srl","isPartOf":{"@id":"https:\/\/fdasrl.it\/pt-pt\/#website"},"primaryImageOfPage":{"@id":"https:\/\/fdasrl.it\/pt-pt\/prodotto\/bebedouro-automatico-em-aco-inoxidavel-com-esfera-regulavel\/#primaryimage"},"image":{"@id":"https:\/\/fdasrl.it\/pt-pt\/prodotto\/bebedouro-automatico-em-aco-inoxidavel-com-esfera-regulavel\/#primaryimage"},"thumbnailUrl":"https:\/\/fdasrl.it\/wp-content\/uploads\/2025\/01\/FA-AG-INOX_1.jpg","datePublished":"2025-01-20T15:21:20+00:00","description":"Bebedouro em a\u00e7o inoxid\u00e1vel de 2,5L com v\u00e1lvula flutuante regul\u00e1vel, esfera PE e escoamento r\u00e1pido. Para c\u00e3es, vitelos, cavalos, cabras e ovelhas.","breadcrumb":{"@id":"https:\/\/fdasrl.it\/pt-pt\/prodotto\/bebedouro-automatico-em-aco-inoxidavel-com-esfera-regulavel\/#breadcrumb"},"inLanguage":"pt-PT","potentialAction":[{"@type":"ReadAction","target":["https:\/\/fdasrl.it\/pt-pt\/prodotto\/bebedouro-automatico-em-aco-inoxidavel-com-esfera-regulavel\/"]}]},{"@type":"ImageObject","inLanguage":"pt-PT","@id":"https:\/\/fdasrl.it\/pt-pt\/prodotto\/bebedouro-automatico-em-aco-inoxidavel-com-esfera-regulavel\/#primaryimage","url":"https:\/\/fdasrl.it\/wp-content\/uploads\/2025\/01\/FA-AG-INOX_1.jpg","contentUrl":"https:\/\/fdasrl.it\/wp-content\/uploads\/2025\/01\/FA-AG-INOX_1.jpg","width":668,"height":501,"caption":"Bebedouro autom\u00e1tico em a\u00e7o inoxid\u00e1vel com esfera regul\u00e1vel FA-AG INOX"},{"@type":"BreadcrumbList","@id":"https:\/\/fdasrl.it\/pt-pt\/prodotto\/bebedouro-automatico-em-aco-inoxidavel-com-esfera-regulavel\/#breadcrumb","itemListElement":[{"@type":"ListItem","position":1,"name":"Home","item":"https:\/\/fdasrl.it\/pt-pt\/inicio\/"},{"@type":"ListItem","position":2,"name":"Loja","item":"https:\/\/fdasrl.it\/pt-pt\/loja\/"},{"@type":"ListItem","position":3,"name":"Bebedouro autom\u00e1tico em a\u00e7o inoxid\u00e1vel com esfera regul\u00e1vel"}]},{"@type":"WebSite","@id":"https:\/\/fdasrl.it\/pt-pt\/#website","url":"https:\/\/fdasrl.it\/pt-pt\/","name":"FDA srl","description":"Equipment for animal husbandry","publisher":{"@id":"https:\/\/fdasrl.it\/pt-pt\/#organization"},"potentialAction":[{"@type":"SearchAction","target":{"@type":"EntryPoint","urlTemplate":"https:\/\/fdasrl.it\/pt-pt\/?s={search_term_string}"},"query-input":{"@type":"PropertyValueSpecification","valueRequired":true,"valueName":"search_term_string"}}],"inLanguage":"pt-PT"},{"@type":"Organization","@id":"https:\/\/fdasrl.it\/pt-pt\/#organization","name":"FDA srl","url":"https:\/\/fdasrl.it\/pt-pt\/","logo":{"@type":"ImageObject","inLanguage":"pt-PT","@id":"https:\/\/fdasrl.it\/pt-pt\/#\/schema\/logo\/image\/","url":"https:\/\/fdasrl.it\/wp-content\/uploads\/2024\/12\/Logo-FDA.png","contentUrl":"https:\/\/fdasrl.it\/wp-content\/uploads\/2024\/12\/Logo-FDA.png","width":316,"height":119,"caption":"FDA srl"},"image":{"@id":"https:\/\/fdasrl.it\/pt-pt\/#\/schema\/logo\/image\/"},"sameAs":["https:\/\/www.facebook.com\/share\/1MWhFWg1Tp\/?mibextid=LQQJ4d","https:\/\/www.instagram.com\/fda_srl\/profilecard\/?igsh=YW5lbzJ6MWg0d21u","https:\/\/www.youtube.com\/@FDASRL_ANIMALCARE"],"description":"FDA SRL \u2013 Equipment for animal husbandry nasce con l\u2019obiettivo di offrire soluzioni affidabili e innovative per l\u2019allevamento moderno. Con anni di esperienza nel settore zootecnico, progettiamo e realizziamo attrezzature destinate al benessere animale e alla gestione efficiente delle stalle: vasche, abbeveratoi, mangiatoie e sistemi di riscaldamento pensati per durare nel tempo e semplificare il lavoro quotidiano degli allevatori. Dalla progettazione alla produzione, ogni nostro prodotto \u00e8 studiato nei minimi dettagli, testato con cura e costruito per rispondere alle esigenze reali del settore. La nostra forza \u00e8 unire artigianalit\u00e0, tecnologia e competenza tecnica per trasformare ogni progetto in una soluzione concreta e funzionale. Oggi FDA SRL \u00e8 un punto di riferimento per privati e rivenditori che cercano qualit\u00e0, affidabilit\u00e0 e innovazione nelle attrezzature per l\u2019allevamento.","email":"info@fdasrl.it","telephone":"+390522826820","legalName":"F.D.A. SRL","foundingDate":"2024-10-13","vatID":"03075840359","taxID":"03075840359","numberOfEmployees":{"@type":"QuantitativeValue","minValue":"1","maxValue":"10"}}]},"product_price_currency":"EUR","og_availability":"instock","product_availability":"instock","product_retailer_item_id":"FAAG-INOX","product_condition":"new"},"_links":{"self":[{"href":"https:\/\/fdasrl.it\/pt-pt\/wp-json\/wp\/v2\/product\/4582","targetHints":{"allow":["GET"]}}],"collection":[{"href":"https:\/\/fdasrl.it\/pt-pt\/wp-json\/wp\/v2\/product"}],"about":[{"href":"https:\/\/fdasrl.it\/pt-pt\/wp-json\/wp\/v2\/types\/product"}],"replies":[{"embeddable":true,"href":"https:\/\/fdasrl.it\/pt-pt\/wp-json\/wp\/v2\/comments?post=4582"}],"wp:featuredmedia":[{"embeddable":true,"href":"https:\/\/fdasrl.it\/pt-pt\/wp-json\/wp\/v2\/media\/339"}],"wp:attachment":[{"href":"https:\/\/fdasrl.it\/pt-pt\/wp-json\/wp\/v2\/media?parent=4582"}],"wp:term":[{"taxonomy":"product_brand","embeddable":true,"href":"https:\/\/fdasrl.it\/pt-pt\/wp-json\/wp\/v2\/product_brand?post=4582"},{"taxonomy":"product_cat","embeddable":true,"href":"https:\/\/fdasrl.it\/pt-pt\/wp-json\/wp\/v2\/product_cat?post=4582"},{"taxonomy":"product_tag","embeddable":true,"href":"https:\/\/fdasrl.it\/pt-pt\/wp-json\/wp\/v2\/product_tag?post=4582"}],"curies":[{"name":"wp","href":"https:\/\/api.w.org\/{rel}","templated":true}]}}