{"id":4732,"date":"2025-01-20T13:04:05","date_gmt":"2025-01-20T12:04:05","guid":{"rendered":"https:\/\/fdasrl.it\/prodotto\/bebedouro-em-ferro-fundido-com-palheta-fa-2-para-bovinos-e-equinos\/"},"modified":"2025-01-20T13:04:05","modified_gmt":"2025-01-20T12:04:05","slug":"bebedouro-em-ferro-fundido-com-palheta-fa-2-para-bovinos-e-equinos","status":"publish","type":"product","link":"https:\/\/fdasrl.it\/pt-pt\/prodotto\/bebedouro-em-ferro-fundido-com-palheta-fa-2-para-bovinos-e-equinos\/","title":{"rendered":"Bebedouro em ferro fundido com palheta FA-2 para bovinos e equinos"},"content":{"rendered":"<p>Bebedouro em ferro fundido esmaltado de excelente qualidade, com palheta para bovinos e equinos em estabula\u00e7\u00e3o fixa, de f\u00e1cil manuten\u00e7\u00e3o.<br \/>\nFuncionamento por press\u00e3o da palheta.<br \/>\nPress\u00e3o de servi\u00e7o de 0 a 5 atm.<br \/>\nAplica\u00e7\u00e3o de montagem na parede com entrada de \u00e1gua por baixo 1\/2\u201d ou atrav\u00e9s de tubagem horizontal.<\/p>\n<p><strong>Caracter\u00edsticas t\u00e9cnicas:<\/strong><\/p>\n<p>&#8211; Cuba com capacidade de 2 l.<br \/>\n&#8211; Peso 4,9 kg.<br \/>\n&#8211; Di\u00e2metro interno da cuba 19 cm.<\/p>\n<p><strong>Atrav\u00e9s dos respetivos grampos opcionais \u00e9 poss\u00edvel com:<\/strong><\/p>\n<ul>\n<li>FAR1 Montagem em tubagem, aplica\u00e7\u00e3o em montante.<\/li>\n<li>FAR3+FAR7 Tomada de \u00e1gua horizontal, deriva\u00e7\u00e3o de \u00e1gua horizontal<\/li>\n<\/ul>\n<p><b>Acess\u00f3rios e pe\u00e7as de reposi\u00e7\u00e3o:<\/b><\/p>\n<ul>\n<li>Kit de v\u00e1lvula para bebedouro de bovinos em ferro fundido (FA2), corpo da v\u00e1lvula, mola e registo;<\/li>\n<li>Grampo zincado para fixa\u00e7\u00e3o em montante di\u00e2m. 1&#8243;1\/4 e 1&#8243;1\/2;<\/li>\n<li>Corpo da v\u00e1lvula em pl\u00e1stico e casquilho em lat\u00e3o com vedante;<\/li>\n<li>Mola em a\u00e7o para v\u00e1lvula em pl\u00e1stico;<\/li>\n<li>Registo com porca em lat\u00e3o.<\/li>\n<li>Suporte para fixa\u00e7\u00e3o angular FAR22<\/li>\n<\/ul>\n<p>\ud83d\udc49 Solicite pre\u00e7o para revenda: <a href=\"mailto:info@fdasrl.it\">CLIQUE AQUI<\/a><\/p>\n<p>Adquira-o na nossa <a href=\"https:\/\/fda-shop.it\/shop\/articoli-per-allevamento\/abbeveratoi\/abbeveratoio-in-ghisa-smaltata-a-paletta-per-bovini-e-cavalli\" target=\"_blank\" rel=\"noopener\">loja online<\/a><\/p>\n","protected":false},"excerpt":{"rendered":"<p>Bebedouro em ferro fundido esmaltado de excelente qualidade, com palheta para bovinos e equinos em estabula\u00e7\u00e3o fixa, de f\u00e1cil manuten\u00e7\u00e3o.<br \/>\nFuncionamento por press\u00e3o da palheta.<\/p>\n","protected":false},"featured_media":740,"comment_status":"open","ping_status":"closed","template":"","meta":{"_et_pb_use_builder":"off","_et_pb_old_content":"Bebedouro em ferro fundido esmaltado de excelente qualidade, com palheta para bovinos e equinos em estabula\u00e7\u00e3o fixa, de f\u00e1cil manuten\u00e7\u00e3o.\nFuncionamento por press\u00e3o da palheta.\nPress\u00e3o de servi\u00e7o de 0 a 5 atm.\nAplica\u00e7\u00e3o de montagem na parede com entrada de \u00e1gua por baixo 1\/2\u201d ou atrav\u00e9s de tubagem horizontal.\n\nCaracter\u00edsticas t\u00e9cnicas:\n\n- Cuba com capacidade de 2 l.\n- Peso 4,9 kg.\n- Di\u00e2metro interno da cuba 19 cm.\n\nAtrav\u00e9s dos respetivos grampos opcionais \u00e9 poss\u00edvel com:\n<ul>\n \t<li>FAR1 Montagem em tubagem, aplica\u00e7\u00e3o em montante.<\/li>\n \t<li>FAR3+FAR7 Tomada de \u00e1gua horizontal, deriva\u00e7\u00e3o de \u00e1gua horizontal<\/li>\n<\/ul>\n<b>Acess\u00f3rios e pe\u00e7as de reposi\u00e7\u00e3o:<\/b>\n<ul>\n \t<li>Kit de v\u00e1lvula para bebedouro de bovinos em ferro fundido (FA2), corpo da v\u00e1lvula, mola e registo;<\/li>\n \t<li>Grampo zincado para fixa\u00e7\u00e3o em montante di\u00e2m. 1\"1\/4 e 1\"1\/2;<\/li>\n \t<li>Corpo da v\u00e1lvula em pl\u00e1stico e casquilho em lat\u00e3o com vedante;<\/li>\n \t<li>Mola em a\u00e7o para v\u00e1lvula em pl\u00e1stico;<\/li>\n \t<li>Registo com porca em lat\u00e3o.<\/li>\n<\/ul>\nAdquira-o na nossa <a href=\"https:\/\/fda-shop.it\/shop\/articoli-per-allevamento\/abbeveratoi\/abbeveratoio-in-ghisa-smaltata-a-paletta-per-bovini-e-cavalli\" target=\"_blank\" rel=\"noopener\">loja online<\/a>","_et_gb_content_width":""},"product_brand":[],"product_cat":[502,554,383,609],"product_tag":[1123,1122,1124],"class_list":{"0":"post-4732","1":"product","2":"type-product","3":"status-publish","4":"has-post-thumbnail","6":"product_cat-bebedouros","7":"product_cat-bebedouros-2","8":"product_cat-bovinos","9":"product_cat-cavalos","10":"product_tag-fa-2n","11":"product_tag-fa2","12":"product_tag-fa2n","14":"first","15":"instock","16":"shipping-taxable","17":"product-type-simple"},"yoast_head":"<!-- This site is optimized with the Yoast SEO Premium plugin v27.5 (Yoast SEO v27.6) - https:\/\/yoast.com\/product\/yoast-seo-premium-wordpress\/ -->\n<title>Bebedouro FA-2 em ferro fundido para bovinos e equinos de press\u00e3o FDA srl<\/title>\n<meta name=\"description\" content=\"Torna a hidrata\u00e7\u00e3o dos animais simples e pr\u00e1tica! Escolha o bebedouro FA-2 em ferro fundido para bovinos e equinos, perfeito para estabula\u00e7\u00e3o fixa. \ud83d\udca7\" \/>\n<meta name=\"robots\" content=\"index, follow, max-snippet:-1, max-image-preview:large, max-video-preview:-1\" \/>\n<link rel=\"canonical\" href=\"https:\/\/fdasrl.it\/pt-pt\/prodotto\/bebedouro-em-ferro-fundido-com-palheta-fa-2-para-bovinos-e-equinos\/\" \/>\n<meta property=\"og:locale\" content=\"pt_PT\" \/>\n<meta property=\"og:type\" content=\"article\" \/>\n<meta property=\"og:title\" content=\"Bebedouro em ferro fundido com palheta FA-2 para bovinos e equinos\" \/>\n<meta property=\"og:description\" content=\"Torna a hidrata\u00e7\u00e3o dos animais simples e pr\u00e1tica! Escolha o bebedouro FA-2 em ferro fundido para bovinos e equinos, perfeito para estabula\u00e7\u00e3o fixa. \ud83d\udca7\" \/>\n<meta property=\"og:url\" content=\"https:\/\/fdasrl.it\/pt-pt\/prodotto\/bebedouro-em-ferro-fundido-com-palheta-fa-2-para-bovinos-e-equinos\/\" \/>\n<meta property=\"og:site_name\" content=\"FDA srl\" \/>\n<meta property=\"article:publisher\" content=\"https:\/\/www.facebook.com\/share\/1MWhFWg1Tp\/?mibextid=LQQJ4d\" \/>\n<meta property=\"og:image\" content=\"https:\/\/fdasrl.it\/wp-content\/uploads\/2025\/04\/Abbeveratoio-FDA-FA2-ghisa-smaltata.png\" \/>\n\t<meta property=\"og:image:width\" content=\"1684\" \/>\n\t<meta property=\"og:image:height\" content=\"1190\" \/>\n\t<meta property=\"og:image:type\" content=\"image\/png\" \/>\n<meta name=\"twitter:card\" content=\"summary_large_image\" \/>\n<meta name=\"twitter:label1\" content=\"pre\u00e7o\" \/>\n\t<meta name=\"twitter:data1\" content=\"\" \/>\n\t<meta name=\"twitter:label2\" content=\"Disponibilidade\" \/>\n\t<meta name=\"twitter:data2\" content=\"Em stock\" \/>\n<meta property=\"product:price:currency\" content=\"EUR\" \/>\n<meta property=\"og:availability\" content=\"instock\" \/>\n<meta property=\"product:availability\" content=\"instock\" \/>\n<meta property=\"product:retailer_item_id\" content=\"FA2N\" \/>\n<meta property=\"product:condition\" content=\"new\" \/>\n<!-- \/ Yoast SEO Premium plugin. -->","yoast_head_json":{"title":"Bebedouro FA-2 em ferro fundido para bovinos e equinos de press\u00e3o FDA srl","description":"Torna a hidrata\u00e7\u00e3o dos animais simples e pr\u00e1tica! Escolha o bebedouro FA-2 em ferro fundido para bovinos e equinos, perfeito para estabula\u00e7\u00e3o fixa. \ud83d\udca7","robots":{"index":"index","follow":"follow","max-snippet":"max-snippet:-1","max-image-preview":"max-image-preview:large","max-video-preview":"max-video-preview:-1"},"canonical":"https:\/\/fdasrl.it\/pt-pt\/prodotto\/bebedouro-em-ferro-fundido-com-palheta-fa-2-para-bovinos-e-equinos\/","og_locale":"pt_PT","og_type":"article","og_title":"Bebedouro em ferro fundido com palheta FA-2 para bovinos e equinos","og_description":"Torna a hidrata\u00e7\u00e3o dos animais simples e pr\u00e1tica! Escolha o bebedouro FA-2 em ferro fundido para bovinos e equinos, perfeito para estabula\u00e7\u00e3o fixa. \ud83d\udca7","og_url":"https:\/\/fdasrl.it\/pt-pt\/prodotto\/bebedouro-em-ferro-fundido-com-palheta-fa-2-para-bovinos-e-equinos\/","og_site_name":"FDA srl","article_publisher":"https:\/\/www.facebook.com\/share\/1MWhFWg1Tp\/?mibextid=LQQJ4d","og_image":[{"width":1684,"height":1190,"url":"https:\/\/fdasrl.it\/wp-content\/uploads\/2025\/04\/Abbeveratoio-FDA-FA2-ghisa-smaltata.png","type":"image\/png"}],"twitter_card":"summary_large_image","twitter_misc":{"pre\u00e7o":"","Disponibilidade":"Em stock"},"schema":{"@context":"https:\/\/schema.org","@graph":[{"@type":"WebPage","@id":"https:\/\/fdasrl.it\/pt-pt\/prodotto\/bebedouro-em-ferro-fundido-com-palheta-fa-2-para-bovinos-e-equinos\/","url":"https:\/\/fdasrl.it\/pt-pt\/prodotto\/bebedouro-em-ferro-fundido-com-palheta-fa-2-para-bovinos-e-equinos\/","name":"Bebedouro FA-2 em ferro fundido para bovinos e equinos de press\u00e3o FDA srl","isPartOf":{"@id":"https:\/\/fdasrl.it\/pt-pt\/#website"},"primaryImageOfPage":{"@id":"https:\/\/fdasrl.it\/pt-pt\/prodotto\/bebedouro-em-ferro-fundido-com-palheta-fa-2-para-bovinos-e-equinos\/#primaryimage"},"image":{"@id":"https:\/\/fdasrl.it\/pt-pt\/prodotto\/bebedouro-em-ferro-fundido-com-palheta-fa-2-para-bovinos-e-equinos\/#primaryimage"},"thumbnailUrl":"https:\/\/fdasrl.it\/wp-content\/uploads\/2025\/04\/Abbeveratoio-FDA-FA2-ghisa-smaltata.png","datePublished":"2025-01-20T12:04:05+00:00","description":"Torna a hidrata\u00e7\u00e3o dos animais simples e pr\u00e1tica! Escolha o bebedouro FA-2 em ferro fundido para bovinos e equinos, perfeito para estabula\u00e7\u00e3o fixa. \ud83d\udca7","breadcrumb":{"@id":"https:\/\/fdasrl.it\/pt-pt\/prodotto\/bebedouro-em-ferro-fundido-com-palheta-fa-2-para-bovinos-e-equinos\/#breadcrumb"},"inLanguage":"pt-PT","potentialAction":[{"@type":"ReadAction","target":["https:\/\/fdasrl.it\/pt-pt\/prodotto\/bebedouro-em-ferro-fundido-com-palheta-fa-2-para-bovinos-e-equinos\/"]}]},{"@type":"ImageObject","inLanguage":"pt-PT","@id":"https:\/\/fdasrl.it\/pt-pt\/prodotto\/bebedouro-em-ferro-fundido-com-palheta-fa-2-para-bovinos-e-equinos\/#primaryimage","url":"https:\/\/fdasrl.it\/wp-content\/uploads\/2025\/04\/Abbeveratoio-FDA-FA2-ghisa-smaltata.png","contentUrl":"https:\/\/fdasrl.it\/wp-content\/uploads\/2025\/04\/Abbeveratoio-FDA-FA2-ghisa-smaltata.png","width":1684,"height":1190,"caption":"Bebedouro FA2 ferro fundido esmaltado com palheta"},{"@type":"BreadcrumbList","@id":"https:\/\/fdasrl.it\/pt-pt\/prodotto\/bebedouro-em-ferro-fundido-com-palheta-fa-2-para-bovinos-e-equinos\/#breadcrumb","itemListElement":[{"@type":"ListItem","position":1,"name":"Home","item":"https:\/\/fdasrl.it\/pt-pt\/inicio\/"},{"@type":"ListItem","position":2,"name":"Loja","item":"https:\/\/fdasrl.it\/pt-pt\/loja\/"},{"@type":"ListItem","position":3,"name":"Bebedouro em ferro fundido com palheta FA-2 para bovinos e equinos"}]},{"@type":"WebSite","@id":"https:\/\/fdasrl.it\/pt-pt\/#website","url":"https:\/\/fdasrl.it\/pt-pt\/","name":"FDA srl","description":"Equipment for animal husbandry","publisher":{"@id":"https:\/\/fdasrl.it\/pt-pt\/#organization"},"potentialAction":[{"@type":"SearchAction","target":{"@type":"EntryPoint","urlTemplate":"https:\/\/fdasrl.it\/pt-pt\/?s={search_term_string}"},"query-input":{"@type":"PropertyValueSpecification","valueRequired":true,"valueName":"search_term_string"}}],"inLanguage":"pt-PT"},{"@type":"Organization","@id":"https:\/\/fdasrl.it\/pt-pt\/#organization","name":"FDA srl","url":"https:\/\/fdasrl.it\/pt-pt\/","logo":{"@type":"ImageObject","inLanguage":"pt-PT","@id":"https:\/\/fdasrl.it\/pt-pt\/#\/schema\/logo\/image\/","url":"https:\/\/fdasrl.it\/wp-content\/uploads\/2024\/12\/Logo-FDA.png","contentUrl":"https:\/\/fdasrl.it\/wp-content\/uploads\/2024\/12\/Logo-FDA.png","width":316,"height":119,"caption":"FDA srl"},"image":{"@id":"https:\/\/fdasrl.it\/pt-pt\/#\/schema\/logo\/image\/"},"sameAs":["https:\/\/www.facebook.com\/share\/1MWhFWg1Tp\/?mibextid=LQQJ4d","https:\/\/www.instagram.com\/fda_srl\/profilecard\/?igsh=YW5lbzJ6MWg0d21u","https:\/\/www.youtube.com\/@FDASRL_ANIMALCARE"],"description":"FDA SRL \u2013 Equipment for animal husbandry nasce con l\u2019obiettivo di offrire soluzioni affidabili e innovative per l\u2019allevamento moderno. Con anni di esperienza nel settore zootecnico, progettiamo e realizziamo attrezzature destinate al benessere animale e alla gestione efficiente delle stalle: vasche, abbeveratoi, mangiatoie e sistemi di riscaldamento pensati per durare nel tempo e semplificare il lavoro quotidiano degli allevatori. Dalla progettazione alla produzione, ogni nostro prodotto \u00e8 studiato nei minimi dettagli, testato con cura e costruito per rispondere alle esigenze reali del settore. La nostra forza \u00e8 unire artigianalit\u00e0, tecnologia e competenza tecnica per trasformare ogni progetto in una soluzione concreta e funzionale. Oggi FDA SRL \u00e8 un punto di riferimento per privati e rivenditori che cercano qualit\u00e0, affidabilit\u00e0 e innovazione nelle attrezzature per l\u2019allevamento.","email":"info@fdasrl.it","telephone":"+390522826820","legalName":"F.D.A. SRL","foundingDate":"2024-10-13","vatID":"03075840359","taxID":"03075840359","numberOfEmployees":{"@type":"QuantitativeValue","minValue":"1","maxValue":"10"}}]},"product_price_currency":"EUR","og_availability":"instock","product_availability":"instock","product_retailer_item_id":"FA2N","product_condition":"new"},"_links":{"self":[{"href":"https:\/\/fdasrl.it\/pt-pt\/wp-json\/wp\/v2\/product\/4732","targetHints":{"allow":["GET"]}}],"collection":[{"href":"https:\/\/fdasrl.it\/pt-pt\/wp-json\/wp\/v2\/product"}],"about":[{"href":"https:\/\/fdasrl.it\/pt-pt\/wp-json\/wp\/v2\/types\/product"}],"replies":[{"embeddable":true,"href":"https:\/\/fdasrl.it\/pt-pt\/wp-json\/wp\/v2\/comments?post=4732"}],"wp:featuredmedia":[{"embeddable":true,"href":"https:\/\/fdasrl.it\/pt-pt\/wp-json\/wp\/v2\/media\/740"}],"wp:attachment":[{"href":"https:\/\/fdasrl.it\/pt-pt\/wp-json\/wp\/v2\/media?parent=4732"}],"wp:term":[{"taxonomy":"product_brand","embeddable":true,"href":"https:\/\/fdasrl.it\/pt-pt\/wp-json\/wp\/v2\/product_brand?post=4732"},{"taxonomy":"product_cat","embeddable":true,"href":"https:\/\/fdasrl.it\/pt-pt\/wp-json\/wp\/v2\/product_cat?post=4732"},{"taxonomy":"product_tag","embeddable":true,"href":"https:\/\/fdasrl.it\/pt-pt\/wp-json\/wp\/v2\/product_tag?post=4732"}],"curies":[{"name":"wp","href":"https:\/\/api.w.org\/{rel}","templated":true}]}}