{"id":4794,"date":"2025-01-20T12:08:11","date_gmt":"2025-01-20T11:08:11","guid":{"rendered":"https:\/\/fdasrl.it\/prodotto\/lampada-de-infravermelhos-philips-modelo-leve-150w-250w\/"},"modified":"2025-01-20T12:08:11","modified_gmt":"2025-01-20T11:08:11","slug":"lampada-de-infravermelhos-philips-modelo-leve-150w-250w","status":"publish","type":"product","link":"https:\/\/fdasrl.it\/pt-pt\/prodotto\/lampada-de-infravermelhos-philips-modelo-leve-150w-250w\/","title":{"rendered":"L\u00e2mpada de infravermelhos Philips modelo Leve 150W 250W"},"content":{"rendered":"<h1 data-start=\"381\" data-end=\"445\">L\u00e2mpada Philips de Infravermelhos Vermelha para Aquecimento Animal<\/h1>\n<p data-start=\"446\" data-end=\"503\"><strong data-start=\"446\" data-end=\"503\">Modelo: PHILIPS BR125 IR 150\/250W E27 230-250V VERMELHA<\/strong><\/p>\n<p data-start=\"505\" data-end=\"771\">A <strong data-start=\"508\" data-end=\"546\">l\u00e2mpada Philips de infravermelhos vermelha<\/strong> \u00e9 a solu\u00e7\u00e3o ideal para o <strong data-start=\"576\" data-end=\"619\">aquecimento de animais de pecu\u00e1ria<\/strong> e para usos veterin\u00e1rios.<br data-start=\"641\" data-end=\"644\">Fabricada em <strong data-start=\"658\" data-end=\"684\">vidro prensado leve<\/strong>, garante uma <strong data-start=\"697\" data-end=\"733\">poupan\u00e7a energ\u00e9tica at\u00e9 30%<\/strong> e uma vida \u00fatil m\u00e9dia de <strong data-start=\"756\" data-end=\"768\">5000 h<\/strong>.<\/p>\n<p data-start=\"773\" data-end=\"802\">Dispon\u00edvel nas vers\u00f5es:<\/p>\n<ul data-start=\"803\" data-end=\"978\">\n<li data-start=\"803\" data-end=\"890\">\n<p data-start=\"805\" data-end=\"890\"><strong data-start=\"805\" data-end=\"833\">150 Watt (c\u00f3digo 000062)<\/strong> \u2013 Leve<\/p>\n<\/li>\n<li data-start=\"891\" data-end=\"978\">\n<p data-start=\"893\" data-end=\"978\"><strong data-start=\"893\" data-end=\"921\">250 Watt (c\u00f3digo 000063)<\/strong> \u2013 Leve<\/p>\n<\/li>\n<\/ul>\n<h3 data-start=\"980\" data-end=\"1008\">Caracter\u00edsticas t\u00e9cnicas<\/h3>\n<ul data-start=\"1009\" data-end=\"1333\">\n<li data-start=\"1009\" data-end=\"1066\">\n<p data-start=\"1011\" data-end=\"1066\">Pot\u00eancia: 150 W ou 250 W (outras pot\u00eancias dispon\u00edveis)<\/p>\n<\/li>\n<li data-start=\"1067\" data-end=\"1087\">\n<p data-start=\"1069\" data-end=\"1087\">Casquilho: <strong data-start=\"1078\" data-end=\"1085\">E27<\/strong><\/p>\n<\/li>\n<li data-start=\"1088\" data-end=\"1110\">\n<p data-start=\"1090\" data-end=\"1110\">Tens\u00e3o: 230\u2013250 V<\/p>\n<\/li>\n<li data-start=\"1111\" data-end=\"1128\">\n<p data-start=\"1113\" data-end=\"1128\">Cor: Vermelho<\/p>\n<\/li>\n<li data-start=\"1129\" data-end=\"1165\">\n<p data-start=\"1131\" data-end=\"1165\">Poupan\u00e7a energ\u00e9tica at\u00e9 30%<\/p>\n<\/li>\n<li data-start=\"1166\" data-end=\"1205\">\n<p data-start=\"1168\" data-end=\"1205\"><strong data-start=\"1168\" data-end=\"1203\">Resistente a salpicos de \u00e1gua<\/strong><\/p>\n<\/li>\n<li data-start=\"1206\" data-end=\"1267\">\n<p data-start=\"1208\" data-end=\"1267\">Aquecimento imediato e direcionado para a pele do animal<\/p>\n<\/li>\n<li data-start=\"1268\" data-end=\"1333\">\n<p data-start=\"1270\" data-end=\"1333\">Favorece a circula\u00e7\u00e3o sangu\u00ednea nos tecidos e nos m\u00fasculos<\/p>\n<\/li>\n<\/ul>\n<h3 data-start=\"1335\" data-end=\"1358\">Principais vantagens<\/h3>\n<ul data-start=\"1359\" data-end=\"1579\">\n<li data-start=\"1359\" data-end=\"1436\">\n<p data-start=\"1361\" data-end=\"1436\"><strong data-start=\"1361\" data-end=\"1376\">Economia<\/strong>: longa dura\u00e7\u00e3o (5000 h) e excelente transmiss\u00e3o de calor<\/p>\n<\/li>\n<li data-start=\"1437\" data-end=\"1496\">\n<p data-start=\"1439\" data-end=\"1496\"><strong data-start=\"1439\" data-end=\"1453\">Efici\u00eancia<\/strong>: calor direto e uniforme sobre os animais<\/p>\n<\/li>\n<li data-start=\"1497\" data-end=\"1579\">\n<p data-start=\"1499\" data-end=\"1579\"><strong data-start=\"1499\" data-end=\"1514\">Versatilidade<\/strong>: compat\u00edvel com todos os casquilhos presentes no nosso site<\/p>\n<\/li>\n<\/ul>\n<h3 data-start=\"1581\" data-end=\"1605\">Utiliza\u00e7\u00f5es recomendadas<\/h3>\n<ul data-start=\"1606\" data-end=\"1730\">\n<li data-start=\"1606\" data-end=\"1641\">\n<p data-start=\"1608\" data-end=\"1641\"><strong data-start=\"1608\" data-end=\"1639\">Cria\u00e7\u00e3o de frangos e pintos<\/strong><\/p>\n<\/li>\n<li data-start=\"1642\" data-end=\"1667\">\n<p data-start=\"1644\" data-end=\"1667\"><strong data-start=\"1644\" data-end=\"1665\">Cria\u00e7\u00e3o de su\u00ednos<\/strong><\/p>\n<\/li>\n<li data-start=\"1668\" data-end=\"1695\">\n<p data-start=\"1670\" data-end=\"1695\"><strong data-start=\"1670\" data-end=\"1693\">Terapias veterin\u00e1rias<\/strong><\/p>\n<\/li>\n<li data-start=\"1696\" data-end=\"1730\">\n<p data-start=\"1698\" data-end=\"1730\"><strong data-start=\"1698\" data-end=\"1728\">Secagem de ra\u00e7\u00f5es e alimentos<\/strong><\/p>\n<\/li>\n<\/ul>\n<p data-start=\"1732\" data-end=\"1837\">\ud83d\udce9 <strong data-start=\"1735\" data-end=\"1835\">Para ofertas espec\u00edficas e or\u00e7amentos personalizados escreva para: <a class=\"decorated-link cursor-pointer\" href=\"mailto:info@fdasrl.it\" rel=\"noopener\" data-start=\"1794\" data-end=\"1833\">info@fdasrl.it<\/a><\/strong><\/p>\n<p><strong>000062<\/strong> &#8211; L\u00e2mpada de infravermelhos 150 Watt &#8211; leve<\/p>\n<p>Adquira na nossa <a href=\"https:\/\/fda-shop.it\/shop\/articoli-per-allevamento\/soluzioni-per-il-riscaldamento\/lampada-philips-150-w-a-raggi-infrarossi-scalda-animali#\/25-accessori_e_confezioni-singola_unita\" target=\"_blank\" rel=\"noopener\">loja online<\/a><\/p>\n<p><strong>000063<\/strong> &#8211; L\u00e2mpada de infravermelhos 250 Watt &#8211; leve<\/p>\n<p>Adquira na nossa <a href=\"https:\/\/fda-shop.it\/shop\/articoli-per-allevamento\/soluzioni-per-il-riscaldamento\/lampada-philips-250-w-a-raggi-infrarossi#\/25-accessori_e_confezioni-singola_unita\" target=\"_blank\" rel=\"noopener\">loja online<\/a><\/p>\n","protected":false},"excerpt":{"rendered":"<p>L\u00e2mpada Philips de infravermelhos vermelha para aquecimento de animais, dispon\u00edvel em 150 W e 250 W. Fabricada em vidro leve, resistente a salpicos, garante uma poupan\u00e7a energ\u00e9tica at\u00e9 30% e longa dura\u00e7\u00e3o (5000 h). Ideal para cria\u00e7\u00e3o de frangos, su\u00ednos e terapias veterin\u00e1rias.  <\/p>\n","protected":false},"featured_media":333,"comment_status":"open","ping_status":"closed","template":"","meta":{"_et_pb_use_builder":"","_et_pb_old_content":"","_et_gb_content_width":""},"product_brand":[],"product_cat":[631,630,629],"product_tag":[1135,1136],"class_list":{"0":"post-4794","1":"product","2":"type-product","3":"status-publish","4":"has-post-thumbnail","6":"product_cat-aquecimento-para-animais","7":"product_cat-aves","8":"product_cat-lampadas-de-infravermelhos","9":"product_tag-1135","10":"product_tag-1136","12":"first","13":"instock","14":"shipping-taxable","15":"product-type-simple"},"yoast_head":"<!-- This site is optimized with the Yoast SEO Premium plugin v27.5 (Yoast SEO v27.5) - https:\/\/yoast.com\/product\/yoast-seo-premium-wordpress\/ -->\n<title>L\u00e2mpada de aquecimento Philips para animais: 150W-250W - FDA srl<\/title>\n<meta name=\"description\" content=\"A l\u00e2mpada de aquecimento Philips para animais \u00e9 a escolha ideal para a veterin\u00e1ria e a pecu\u00e1ria. Economize energia e garanta o conforto dos seus animais!\ud83c\udf21\ufe0f\" \/>\n<meta name=\"robots\" content=\"index, follow, max-snippet:-1, max-image-preview:large, max-video-preview:-1\" \/>\n<link rel=\"canonical\" href=\"https:\/\/fdasrl.it\/pt-pt\/prodotto\/lampada-de-infravermelhos-philips-modelo-leve-150w-250w\/\" \/>\n<meta property=\"og:locale\" content=\"pt_PT\" \/>\n<meta property=\"og:type\" content=\"article\" \/>\n<meta property=\"og:title\" content=\"L\u00e2mpada de infravermelhos Philips modelo Leve 150W 250W\" \/>\n<meta property=\"og:description\" content=\"A l\u00e2mpada de aquecimento Philips para animais \u00e9 a escolha ideal para a veterin\u00e1ria e a pecu\u00e1ria. Economize energia e garanta o conforto dos seus animais!\ud83c\udf21\ufe0f\" \/>\n<meta property=\"og:url\" content=\"https:\/\/fdasrl.it\/pt-pt\/prodotto\/lampada-de-infravermelhos-philips-modelo-leve-150w-250w\/\" \/>\n<meta property=\"og:site_name\" content=\"FDA srl\" \/>\n<meta property=\"article:publisher\" content=\"https:\/\/www.facebook.com\/share\/1MWhFWg1Tp\/?mibextid=LQQJ4d\" \/>\n<meta property=\"og:image\" content=\"https:\/\/fdasrl.it\/wp-content\/uploads\/2025\/01\/PHILIPS150_1.jpg\" \/>\n\t<meta property=\"og:image:width\" content=\"480\" \/>\n\t<meta property=\"og:image:height\" content=\"312\" \/>\n\t<meta property=\"og:image:type\" content=\"image\/jpeg\" \/>\n<meta name=\"twitter:card\" content=\"summary_large_image\" \/>\n<meta name=\"twitter:label1\" content=\"pre\u00e7o\" \/>\n\t<meta name=\"twitter:data1\" content=\"\" \/>\n\t<meta name=\"twitter:label2\" content=\"Disponibilidade\" \/>\n\t<meta name=\"twitter:data2\" content=\"Em stock\" \/>\n<meta property=\"product:price:currency\" content=\"EUR\" \/>\n<meta property=\"og:availability\" content=\"instock\" \/>\n<meta property=\"product:availability\" content=\"instock\" \/>\n<meta property=\"product:retailer_item_id\" content=\"FDA-000062\" \/>\n<meta property=\"product:condition\" content=\"new\" \/>\n<!-- \/ Yoast SEO Premium plugin. -->","yoast_head_json":{"title":"L\u00e2mpada de aquecimento Philips para animais: 150W-250W - FDA srl","description":"A l\u00e2mpada de aquecimento Philips para animais \u00e9 a escolha ideal para a veterin\u00e1ria e a pecu\u00e1ria. Economize energia e garanta o conforto dos seus animais!\ud83c\udf21\ufe0f","robots":{"index":"index","follow":"follow","max-snippet":"max-snippet:-1","max-image-preview":"max-image-preview:large","max-video-preview":"max-video-preview:-1"},"canonical":"https:\/\/fdasrl.it\/pt-pt\/prodotto\/lampada-de-infravermelhos-philips-modelo-leve-150w-250w\/","og_locale":"pt_PT","og_type":"article","og_title":"L\u00e2mpada de infravermelhos Philips modelo Leve 150W 250W","og_description":"A l\u00e2mpada de aquecimento Philips para animais \u00e9 a escolha ideal para a veterin\u00e1ria e a pecu\u00e1ria. Economize energia e garanta o conforto dos seus animais!\ud83c\udf21\ufe0f","og_url":"https:\/\/fdasrl.it\/pt-pt\/prodotto\/lampada-de-infravermelhos-philips-modelo-leve-150w-250w\/","og_site_name":"FDA srl","article_publisher":"https:\/\/www.facebook.com\/share\/1MWhFWg1Tp\/?mibextid=LQQJ4d","og_image":[{"width":480,"height":312,"url":"https:\/\/fdasrl.it\/wp-content\/uploads\/2025\/01\/PHILIPS150_1.jpg","type":"image\/jpeg"}],"twitter_card":"summary_large_image","twitter_misc":{"pre\u00e7o":"","Disponibilidade":"Em stock"},"schema":{"@context":"https:\/\/schema.org","@graph":[{"@type":"WebPage","@id":"https:\/\/fdasrl.it\/pt-pt\/prodotto\/lampada-de-infravermelhos-philips-modelo-leve-150w-250w\/","url":"https:\/\/fdasrl.it\/pt-pt\/prodotto\/lampada-de-infravermelhos-philips-modelo-leve-150w-250w\/","name":"L\u00e2mpada de aquecimento Philips para animais: 150W-250W - FDA srl","isPartOf":{"@id":"https:\/\/fdasrl.it\/pt-pt\/#website"},"primaryImageOfPage":{"@id":"https:\/\/fdasrl.it\/pt-pt\/prodotto\/lampada-de-infravermelhos-philips-modelo-leve-150w-250w\/#primaryimage"},"image":{"@id":"https:\/\/fdasrl.it\/pt-pt\/prodotto\/lampada-de-infravermelhos-philips-modelo-leve-150w-250w\/#primaryimage"},"thumbnailUrl":"https:\/\/fdasrl.it\/wp-content\/uploads\/2025\/01\/PHILIPS150_1.jpg","datePublished":"2025-01-20T11:08:11+00:00","description":"A l\u00e2mpada de aquecimento Philips para animais \u00e9 a escolha ideal para a veterin\u00e1ria e a pecu\u00e1ria. Economize energia e garanta o conforto dos seus animais!\ud83c\udf21\ufe0f","breadcrumb":{"@id":"https:\/\/fdasrl.it\/pt-pt\/prodotto\/lampada-de-infravermelhos-philips-modelo-leve-150w-250w\/#breadcrumb"},"inLanguage":"pt-PT","potentialAction":[{"@type":"ReadAction","target":["https:\/\/fdasrl.it\/pt-pt\/prodotto\/lampada-de-infravermelhos-philips-modelo-leve-150w-250w\/"]}]},{"@type":"ImageObject","inLanguage":"pt-PT","@id":"https:\/\/fdasrl.it\/pt-pt\/prodotto\/lampada-de-infravermelhos-philips-modelo-leve-150w-250w\/#primaryimage","url":"https:\/\/fdasrl.it\/wp-content\/uploads\/2025\/01\/PHILIPS150_1.jpg","contentUrl":"https:\/\/fdasrl.it\/wp-content\/uploads\/2025\/01\/PHILIPS150_1.jpg","width":480,"height":312,"caption":"L\u00e2mpada de infravermelhos Philips, ideal para o aquecimento de animais de pecu\u00e1ria e uso veterin\u00e1rio."},{"@type":"BreadcrumbList","@id":"https:\/\/fdasrl.it\/pt-pt\/prodotto\/lampada-de-infravermelhos-philips-modelo-leve-150w-250w\/#breadcrumb","itemListElement":[{"@type":"ListItem","position":1,"name":"Home","item":"https:\/\/fdasrl.it\/pt-pt\/inicio\/"},{"@type":"ListItem","position":2,"name":"Loja","item":"https:\/\/fdasrl.it\/pt-pt\/loja\/"},{"@type":"ListItem","position":3,"name":"L\u00e2mpada de infravermelhos Philips modelo Leve 150W 250W"}]},{"@type":"WebSite","@id":"https:\/\/fdasrl.it\/pt-pt\/#website","url":"https:\/\/fdasrl.it\/pt-pt\/","name":"FDA srl","description":"Equipment for animal husbandry","publisher":{"@id":"https:\/\/fdasrl.it\/pt-pt\/#organization"},"potentialAction":[{"@type":"SearchAction","target":{"@type":"EntryPoint","urlTemplate":"https:\/\/fdasrl.it\/pt-pt\/?s={search_term_string}"},"query-input":{"@type":"PropertyValueSpecification","valueRequired":true,"valueName":"search_term_string"}}],"inLanguage":"pt-PT"},{"@type":"Organization","@id":"https:\/\/fdasrl.it\/pt-pt\/#organization","name":"FDA srl","url":"https:\/\/fdasrl.it\/pt-pt\/","logo":{"@type":"ImageObject","inLanguage":"pt-PT","@id":"https:\/\/fdasrl.it\/pt-pt\/#\/schema\/logo\/image\/","url":"https:\/\/fdasrl.it\/wp-content\/uploads\/2024\/12\/Logo-FDA.png","contentUrl":"https:\/\/fdasrl.it\/wp-content\/uploads\/2024\/12\/Logo-FDA.png","width":316,"height":119,"caption":"FDA srl"},"image":{"@id":"https:\/\/fdasrl.it\/pt-pt\/#\/schema\/logo\/image\/"},"sameAs":["https:\/\/www.facebook.com\/share\/1MWhFWg1Tp\/?mibextid=LQQJ4d","https:\/\/www.instagram.com\/fda_srl\/profilecard\/?igsh=YW5lbzJ6MWg0d21u","https:\/\/www.youtube.com\/@FDASRL_ANIMALCARE"],"description":"FDA SRL \u2013 Equipment for animal husbandry nasce con l\u2019obiettivo di offrire soluzioni affidabili e innovative per l\u2019allevamento moderno. Con anni di esperienza nel settore zootecnico, progettiamo e realizziamo attrezzature destinate al benessere animale e alla gestione efficiente delle stalle: vasche, abbeveratoi, mangiatoie e sistemi di riscaldamento pensati per durare nel tempo e semplificare il lavoro quotidiano degli allevatori. Dalla progettazione alla produzione, ogni nostro prodotto \u00e8 studiato nei minimi dettagli, testato con cura e costruito per rispondere alle esigenze reali del settore. La nostra forza \u00e8 unire artigianalit\u00e0, tecnologia e competenza tecnica per trasformare ogni progetto in una soluzione concreta e funzionale. Oggi FDA SRL \u00e8 un punto di riferimento per privati e rivenditori che cercano qualit\u00e0, affidabilit\u00e0 e innovazione nelle attrezzature per l\u2019allevamento.","email":"info@fdasrl.it","telephone":"+390522826820","legalName":"F.D.A. SRL","foundingDate":"2024-10-13","vatID":"03075840359","taxID":"03075840359","numberOfEmployees":{"@type":"QuantitativeValue","minValue":"1","maxValue":"10"}}]},"product_price_currency":"EUR","og_availability":"instock","product_availability":"instock","product_retailer_item_id":"FDA-000062","product_condition":"new"},"_links":{"self":[{"href":"https:\/\/fdasrl.it\/pt-pt\/wp-json\/wp\/v2\/product\/4794","targetHints":{"allow":["GET"]}}],"collection":[{"href":"https:\/\/fdasrl.it\/pt-pt\/wp-json\/wp\/v2\/product"}],"about":[{"href":"https:\/\/fdasrl.it\/pt-pt\/wp-json\/wp\/v2\/types\/product"}],"replies":[{"embeddable":true,"href":"https:\/\/fdasrl.it\/pt-pt\/wp-json\/wp\/v2\/comments?post=4794"}],"wp:featuredmedia":[{"embeddable":true,"href":"https:\/\/fdasrl.it\/pt-pt\/wp-json\/wp\/v2\/media\/333"}],"wp:attachment":[{"href":"https:\/\/fdasrl.it\/pt-pt\/wp-json\/wp\/v2\/media?parent=4794"}],"wp:term":[{"taxonomy":"product_brand","embeddable":true,"href":"https:\/\/fdasrl.it\/pt-pt\/wp-json\/wp\/v2\/product_brand?post=4794"},{"taxonomy":"product_cat","embeddable":true,"href":"https:\/\/fdasrl.it\/pt-pt\/wp-json\/wp\/v2\/product_cat?post=4794"},{"taxonomy":"product_tag","embeddable":true,"href":"https:\/\/fdasrl.it\/pt-pt\/wp-json\/wp\/v2\/product_tag?post=4794"}],"curies":[{"name":"wp","href":"https:\/\/api.w.org\/{rel}","templated":true}]}}