{"id":4803,"date":"2025-01-20T12:00:49","date_gmt":"2025-01-20T11:00:49","guid":{"rendered":"https:\/\/fdasrl.it\/prodotto\/lampada-de-infravermelhos-philips-reforcada-100w-175w\/"},"modified":"2025-01-20T12:00:49","modified_gmt":"2025-01-20T11:00:49","slug":"lampada-de-infravermelhos-philips-reforcada-100w-175w","status":"publish","type":"product","link":"https:\/\/fdasrl.it\/pt-pt\/prodotto\/lampada-de-infravermelhos-philips-reforcada-100w-175w\/","title":{"rendered":"L\u00e2mpada de infravermelhos Philips Refor\u00e7ada 100W 175W"},"content":{"rendered":"<h1 data-start=\"325\" data-end=\"603\">L\u00e2mpada de aquecimento refor\u00e7ada de infravermelhos Philips para animais<\/h1>\n<p data-start=\"325\" data-end=\"603\">A <strong data-start=\"328\" data-end=\"383\">l\u00e2mpada Philips de infravermelhos PAR38 vermelha pesada refor\u00e7ada<\/strong> foi concebida para o <strong data-start=\"404\" data-end=\"443\">aquecimento direto de animais<\/strong> e para aplica\u00e7\u00f5es veterin\u00e1rias.<br data-start=\"475\" data-end=\"478\">Fabricada em <strong data-start=\"492\" data-end=\"518\">vidro prensado pesado<\/strong>, garante uma <strong data-start=\"529\" data-end=\"565\">poupan\u00e7a de energia at\u00e9 30%<\/strong> e uma vida \u00fatil m\u00e9dia de <strong data-start=\"588\" data-end=\"600\">5000 horas<\/strong>.<\/p>\n<p data-start=\"605\" data-end=\"635\">Dispon\u00edvel em duas vers\u00f5es:<\/p>\n<ul data-start=\"636\" data-end=\"811\">\n<li data-start=\"636\" data-end=\"723\">\n<p data-start=\"638\" data-end=\"723\"><strong data-start=\"638\" data-end=\"666\">100 Watt (c\u00f3digo 000061)<\/strong> \u2013 Pesada<\/p>\n<\/li>\n<li data-start=\"724\" data-end=\"811\">\n<p data-start=\"726\" data-end=\"811\"><strong data-start=\"726\" data-end=\"754\">175 Watt (c\u00f3digo 000064)<\/strong> \u2013 Pesada<\/p>\n<\/li>\n<\/ul>\n<hr data-start=\"813\" data-end=\"816\">\n<h2 data-start=\"818\" data-end=\"845\">Caracter\u00edsticas t\u00e9cnicas<\/h2>\n<ul data-start=\"846\" data-end=\"1105\">\n<li data-start=\"846\" data-end=\"886\">\n<p data-start=\"848\" data-end=\"886\">Pot\u00eancias dispon\u00edveis: <strong data-start=\"869\" data-end=\"884\">100W e 175W<\/strong><\/p>\n<\/li>\n<li data-start=\"887\" data-end=\"939\">\n<p data-start=\"889\" data-end=\"939\">Modelo refor\u00e7ado em <strong data-start=\"911\" data-end=\"937\">vidro prensado pesado<\/strong><\/p>\n<\/li>\n<li data-start=\"940\" data-end=\"960\">\n<p data-start=\"942\" data-end=\"960\">Casquilho: <strong data-start=\"951\" data-end=\"958\">E27<\/strong><\/p>\n<\/li>\n<li data-start=\"961\" data-end=\"983\">\n<p data-start=\"963\" data-end=\"983\">Tens\u00e3o: 230\u2013250V<\/p>\n<\/li>\n<li data-start=\"984\" data-end=\"1001\">\n<p data-start=\"986\" data-end=\"1001\">Cor: Vermelho<\/p>\n<\/li>\n<li data-start=\"1002\" data-end=\"1037\">\n<p data-start=\"1004\" data-end=\"1037\">Resistente a salpicos de \u00e1gua<\/p>\n<\/li>\n<li data-start=\"1038\" data-end=\"1074\">\n<p data-start=\"1040\" data-end=\"1074\">Poupan\u00e7a de energia at\u00e9 30%<\/p>\n<\/li>\n<li data-start=\"1075\" data-end=\"1105\">\n<p data-start=\"1077\" data-end=\"1105\"><strong data-start=\"1077\" data-end=\"1103\">Vida \u00fatil m\u00e9dia: 5000 horas<\/strong><\/p>\n<\/li>\n<\/ul>\n<hr data-start=\"1107\" data-end=\"1110\">\n<h2 data-start=\"1112\" data-end=\"1134\">Principais vantagens<\/h2>\n<ul data-start=\"1135\" data-end=\"1437\">\n<li data-start=\"1135\" data-end=\"1184\">\n<p data-start=\"1137\" data-end=\"1184\"><strong data-start=\"1137\" data-end=\"1152\">Economia<\/strong>: longa dura\u00e7\u00e3o e baixo consumo<\/p>\n<\/li>\n<li data-start=\"1185\" data-end=\"1262\">\n<p data-start=\"1187\" data-end=\"1262\"><strong data-start=\"1187\" data-end=\"1216\">Calor direcionado e imediato<\/strong>: a\u00e7\u00e3o direta sobre pele, tecidos e m\u00fasculos<\/p>\n<\/li>\n<li data-start=\"1263\" data-end=\"1345\">\n<p data-start=\"1265\" data-end=\"1345\"><strong data-start=\"1265\" data-end=\"1280\">Versatilidade<\/strong>: compat\u00edvel com todos os casquilhos presentes no nosso site<\/p>\n<\/li>\n<li data-start=\"1346\" data-end=\"1437\">\n<p data-start=\"1348\" data-end=\"1437\"><strong data-start=\"1348\" data-end=\"1364\">Fiabilidade<\/strong>: modelo refor\u00e7ado em vidro pesado, ideal para explora\u00e7\u00f5es pecu\u00e1rias intensivas<\/p>\n<\/li>\n<\/ul>\n<hr data-start=\"1439\" data-end=\"1442\">\n<h2 data-start=\"1444\" data-end=\"1467\">Utiliza\u00e7\u00f5es recomendadas<\/h2>\n<ul data-start=\"1468\" data-end=\"1607\">\n<li data-start=\"1468\" data-end=\"1506\">\n<p data-start=\"1470\" data-end=\"1506\"><strong data-start=\"1470\" data-end=\"1501\">Cria\u00e7\u00e3o de frangos e pintos<\/strong> \ud83d\udc25<\/p>\n<\/li>\n<li data-start=\"1507\" data-end=\"1535\">\n<p data-start=\"1509\" data-end=\"1535\"><strong data-start=\"1509\" data-end=\"1530\">Cria\u00e7\u00e3o de su\u00ednos<\/strong> \ud83d\udc16<\/p>\n<\/li>\n<li data-start=\"1536\" data-end=\"1566\">\n<p data-start=\"1538\" data-end=\"1566\"><strong data-start=\"1538\" data-end=\"1561\">Terapias veterin\u00e1rias<\/strong> \ud83d\udc3e<\/p>\n<\/li>\n<li data-start=\"1567\" data-end=\"1607\">\n<p data-start=\"1569\" data-end=\"1607\"><strong data-start=\"1569\" data-end=\"1602\">Secagem de forragem e alimentos<\/strong> \ud83c\udf3e<\/p>\n<\/li>\n<\/ul>\n<hr data-start=\"1609\" data-end=\"1612\">\n<p data-start=\"1614\" data-end=\"1719\">\ud83d\udce9 <strong data-start=\"1617\" data-end=\"1717\">Para ofertas espec\u00edficas e or\u00e7amentos personalizados escreva para: <a class=\"decorated-link cursor-pointer\" href=\"mailto:info@fdasrl.it\" rel=\"noopener\" data-start=\"1676\" data-end=\"1715\">info@fdasrl.it<\/a><\/strong><\/p>\n<p><strong>000061<\/strong> &#8211; L\u00e2mpada de infravermelhos IR 100 R &#8211; pesada<\/p>\n<p>Adquira na nossa <a href=\"https:\/\/fda-shop.it\/shop\/articoli-per-allevamento\/lampada-philips-100-w-a-raggi-infrarossi#\/25-accessori_e_confezioni-singola_unita\" target=\"_blank\" rel=\"noopener\">loja online<\/a><\/p>\n<p><strong>000064<\/strong> &#8211; L\u00e2mpada de infravermelhos IR 175 R &#8211; pesada<\/p>\n<p>Adquira na nossa <a href=\"https:\/\/fda-shop.it\/shop\/articoli-per-allevamento\/soluzioni-per-il-riscaldamento\/lampada-philips-175-w-a-raggi-infrarossi-per-animali#\/25-accessori_e_confezioni-singola_unita\" target=\"_blank\" rel=\"noopener\">loja online<\/a><\/p>\n<p>&nbsp;<\/p>\n<p>&nbsp;<\/p>\n","protected":false},"excerpt":{"rendered":"<p>L\u00e2mpada de aquecimento Philips de infravermelhos vermelha em vidro pesado refor\u00e7ado, dispon\u00edvel em 100W e 175W. Ideal para aquecimento de animais, explora\u00e7\u00f5es pecu\u00e1rias e uso veterin\u00e1rio. Para or\u00e7amentos, escreva para <a class=\"decorated-link cursor-pointer\" rel=\"noopener\" data-start=\"285\" data-end=\"299\">info@fdasrl.it<\/a>.  <\/p>\n","protected":false},"featured_media":902,"comment_status":"open","ping_status":"closed","template":"","meta":{"_et_pb_use_builder":"","_et_pb_old_content":"","_et_gb_content_width":""},"product_brand":[],"product_cat":[631,630,629,628],"product_tag":[1137,1138],"class_list":{"0":"post-4803","1":"product","2":"type-product","3":"status-publish","4":"has-post-thumbnail","6":"product_cat-aquecimento-para-animais","7":"product_cat-aves","8":"product_cat-lampadas-de-infravermelhos","9":"product_cat-suinos","10":"product_tag-1137","11":"product_tag-1138","13":"first","14":"instock","15":"shipping-taxable","16":"product-type-simple"},"yoast_head":"<!-- This site is optimized with the Yoast SEO Premium plugin v27.5 (Yoast SEO v27.5) - https:\/\/yoast.com\/product\/yoast-seo-premium-wordpress\/ -->\n<title>L\u00e2mpada de aquecimento refor\u00e7ada de infravermelhos Philips para animais<\/title>\n<meta name=\"description\" content=\"Descubra a l\u00e2mpada de aquecimento de infravermelhos Philips para animais, ideal para o aquecimento direto. Poupe energia e descubra a qualidade! \ud83c\udf1f\" \/>\n<meta name=\"robots\" content=\"index, follow, max-snippet:-1, max-image-preview:large, max-video-preview:-1\" \/>\n<link rel=\"canonical\" href=\"https:\/\/fdasrl.it\/pt-pt\/prodotto\/lampada-de-infravermelhos-philips-reforcada-100w-175w\/\" \/>\n<meta property=\"og:locale\" content=\"pt_PT\" \/>\n<meta property=\"og:type\" content=\"article\" \/>\n<meta property=\"og:title\" content=\"L\u00e2mpada de infravermelhos Philips Refor\u00e7ada 100W 175W\" \/>\n<meta property=\"og:description\" content=\"Descubra a l\u00e2mpada de aquecimento de infravermelhos Philips para animais, ideal para o aquecimento direto. Poupe energia e descubra a qualidade! \ud83c\udf1f\" \/>\n<meta property=\"og:url\" content=\"https:\/\/fdasrl.it\/pt-pt\/prodotto\/lampada-de-infravermelhos-philips-reforcada-100w-175w\/\" \/>\n<meta property=\"og:site_name\" content=\"FDA srl\" \/>\n<meta property=\"article:publisher\" content=\"https:\/\/www.facebook.com\/share\/1MWhFWg1Tp\/?mibextid=LQQJ4d\" \/>\n<meta property=\"og:image\" content=\"https:\/\/fdasrl.it\/wp-content\/uploads\/2025\/01\/Lampada-riscaldante-100W-175W-per-animali.jpg\" \/>\n\t<meta property=\"og:image:width\" content=\"440\" \/>\n\t<meta property=\"og:image:height\" content=\"440\" \/>\n\t<meta property=\"og:image:type\" content=\"image\/jpeg\" \/>\n<meta name=\"twitter:card\" content=\"summary_large_image\" \/>\n<meta name=\"twitter:label1\" content=\"pre\u00e7o\" \/>\n\t<meta name=\"twitter:data1\" content=\"\" \/>\n\t<meta name=\"twitter:label2\" content=\"Disponibilidade\" \/>\n\t<meta name=\"twitter:data2\" content=\"Em stock\" \/>\n<meta property=\"product:price:currency\" content=\"EUR\" \/>\n<meta property=\"og:availability\" content=\"instock\" \/>\n<meta property=\"product:availability\" content=\"instock\" \/>\n<meta property=\"product:retailer_item_id\" content=\"FDA-000061\" \/>\n<meta property=\"product:condition\" content=\"new\" \/>\n<!-- \/ Yoast SEO Premium plugin. -->","yoast_head_json":{"title":"L\u00e2mpada de aquecimento refor\u00e7ada de infravermelhos Philips para animais","description":"Descubra a l\u00e2mpada de aquecimento de infravermelhos Philips para animais, ideal para o aquecimento direto. Poupe energia e descubra a qualidade! \ud83c\udf1f","robots":{"index":"index","follow":"follow","max-snippet":"max-snippet:-1","max-image-preview":"max-image-preview:large","max-video-preview":"max-video-preview:-1"},"canonical":"https:\/\/fdasrl.it\/pt-pt\/prodotto\/lampada-de-infravermelhos-philips-reforcada-100w-175w\/","og_locale":"pt_PT","og_type":"article","og_title":"L\u00e2mpada de infravermelhos Philips Refor\u00e7ada 100W 175W","og_description":"Descubra a l\u00e2mpada de aquecimento de infravermelhos Philips para animais, ideal para o aquecimento direto. Poupe energia e descubra a qualidade! \ud83c\udf1f","og_url":"https:\/\/fdasrl.it\/pt-pt\/prodotto\/lampada-de-infravermelhos-philips-reforcada-100w-175w\/","og_site_name":"FDA srl","article_publisher":"https:\/\/www.facebook.com\/share\/1MWhFWg1Tp\/?mibextid=LQQJ4d","og_image":[{"width":440,"height":440,"url":"https:\/\/fdasrl.it\/wp-content\/uploads\/2025\/01\/Lampada-riscaldante-100W-175W-per-animali.jpg","type":"image\/jpeg"}],"twitter_card":"summary_large_image","twitter_misc":{"pre\u00e7o":"","Disponibilidade":"Em stock"},"schema":{"@context":"https:\/\/schema.org","@graph":[{"@type":"WebPage","@id":"https:\/\/fdasrl.it\/pt-pt\/prodotto\/lampada-de-infravermelhos-philips-reforcada-100w-175w\/","url":"https:\/\/fdasrl.it\/pt-pt\/prodotto\/lampada-de-infravermelhos-philips-reforcada-100w-175w\/","name":"L\u00e2mpada de aquecimento refor\u00e7ada de infravermelhos Philips para animais","isPartOf":{"@id":"https:\/\/fdasrl.it\/pt-pt\/#website"},"primaryImageOfPage":{"@id":"https:\/\/fdasrl.it\/pt-pt\/prodotto\/lampada-de-infravermelhos-philips-reforcada-100w-175w\/#primaryimage"},"image":{"@id":"https:\/\/fdasrl.it\/pt-pt\/prodotto\/lampada-de-infravermelhos-philips-reforcada-100w-175w\/#primaryimage"},"thumbnailUrl":"https:\/\/fdasrl.it\/wp-content\/uploads\/2025\/01\/Lampada-riscaldante-100W-175W-per-animali.jpg","datePublished":"2025-01-20T11:00:49+00:00","description":"Descubra a l\u00e2mpada de aquecimento de infravermelhos Philips para animais, ideal para o aquecimento direto. Poupe energia e descubra a qualidade! \ud83c\udf1f","breadcrumb":{"@id":"https:\/\/fdasrl.it\/pt-pt\/prodotto\/lampada-de-infravermelhos-philips-reforcada-100w-175w\/#breadcrumb"},"inLanguage":"pt-PT","potentialAction":[{"@type":"ReadAction","target":["https:\/\/fdasrl.it\/pt-pt\/prodotto\/lampada-de-infravermelhos-philips-reforcada-100w-175w\/"]}]},{"@type":"ImageObject","inLanguage":"pt-PT","@id":"https:\/\/fdasrl.it\/pt-pt\/prodotto\/lampada-de-infravermelhos-philips-reforcada-100w-175w\/#primaryimage","url":"https:\/\/fdasrl.it\/wp-content\/uploads\/2025\/01\/Lampada-riscaldante-100W-175W-per-animali.jpg","contentUrl":"https:\/\/fdasrl.it\/wp-content\/uploads\/2025\/01\/Lampada-riscaldante-100W-175W-per-animali.jpg","width":440,"height":440,"caption":"L\u00e2mpada de aquecimento Philips de infravermelhos vermelha em vidro pesado, modelo refor\u00e7ado."},{"@type":"BreadcrumbList","@id":"https:\/\/fdasrl.it\/pt-pt\/prodotto\/lampada-de-infravermelhos-philips-reforcada-100w-175w\/#breadcrumb","itemListElement":[{"@type":"ListItem","position":1,"name":"Home","item":"https:\/\/fdasrl.it\/pt-pt\/inicio\/"},{"@type":"ListItem","position":2,"name":"Loja","item":"https:\/\/fdasrl.it\/pt-pt\/loja\/"},{"@type":"ListItem","position":3,"name":"L\u00e2mpada de infravermelhos Philips Refor\u00e7ada 100W 175W"}]},{"@type":"WebSite","@id":"https:\/\/fdasrl.it\/pt-pt\/#website","url":"https:\/\/fdasrl.it\/pt-pt\/","name":"FDA srl","description":"Equipment for animal husbandry","publisher":{"@id":"https:\/\/fdasrl.it\/pt-pt\/#organization"},"potentialAction":[{"@type":"SearchAction","target":{"@type":"EntryPoint","urlTemplate":"https:\/\/fdasrl.it\/pt-pt\/?s={search_term_string}"},"query-input":{"@type":"PropertyValueSpecification","valueRequired":true,"valueName":"search_term_string"}}],"inLanguage":"pt-PT"},{"@type":"Organization","@id":"https:\/\/fdasrl.it\/pt-pt\/#organization","name":"FDA srl","url":"https:\/\/fdasrl.it\/pt-pt\/","logo":{"@type":"ImageObject","inLanguage":"pt-PT","@id":"https:\/\/fdasrl.it\/pt-pt\/#\/schema\/logo\/image\/","url":"https:\/\/fdasrl.it\/wp-content\/uploads\/2024\/12\/Logo-FDA.png","contentUrl":"https:\/\/fdasrl.it\/wp-content\/uploads\/2024\/12\/Logo-FDA.png","width":316,"height":119,"caption":"FDA srl"},"image":{"@id":"https:\/\/fdasrl.it\/pt-pt\/#\/schema\/logo\/image\/"},"sameAs":["https:\/\/www.facebook.com\/share\/1MWhFWg1Tp\/?mibextid=LQQJ4d","https:\/\/www.instagram.com\/fda_srl\/profilecard\/?igsh=YW5lbzJ6MWg0d21u","https:\/\/www.youtube.com\/@FDASRL_ANIMALCARE"],"description":"FDA SRL \u2013 Equipment for animal husbandry nasce con l\u2019obiettivo di offrire soluzioni affidabili e innovative per l\u2019allevamento moderno. Con anni di esperienza nel settore zootecnico, progettiamo e realizziamo attrezzature destinate al benessere animale e alla gestione efficiente delle stalle: vasche, abbeveratoi, mangiatoie e sistemi di riscaldamento pensati per durare nel tempo e semplificare il lavoro quotidiano degli allevatori. Dalla progettazione alla produzione, ogni nostro prodotto \u00e8 studiato nei minimi dettagli, testato con cura e costruito per rispondere alle esigenze reali del settore. La nostra forza \u00e8 unire artigianalit\u00e0, tecnologia e competenza tecnica per trasformare ogni progetto in una soluzione concreta e funzionale. Oggi FDA SRL \u00e8 un punto di riferimento per privati e rivenditori che cercano qualit\u00e0, affidabilit\u00e0 e innovazione nelle attrezzature per l\u2019allevamento.","email":"info@fdasrl.it","telephone":"+390522826820","legalName":"F.D.A. SRL","foundingDate":"2024-10-13","vatID":"03075840359","taxID":"03075840359","numberOfEmployees":{"@type":"QuantitativeValue","minValue":"1","maxValue":"10"}}]},"product_price_currency":"EUR","og_availability":"instock","product_availability":"instock","product_retailer_item_id":"FDA-000061","product_condition":"new"},"_links":{"self":[{"href":"https:\/\/fdasrl.it\/pt-pt\/wp-json\/wp\/v2\/product\/4803","targetHints":{"allow":["GET"]}}],"collection":[{"href":"https:\/\/fdasrl.it\/pt-pt\/wp-json\/wp\/v2\/product"}],"about":[{"href":"https:\/\/fdasrl.it\/pt-pt\/wp-json\/wp\/v2\/types\/product"}],"replies":[{"embeddable":true,"href":"https:\/\/fdasrl.it\/pt-pt\/wp-json\/wp\/v2\/comments?post=4803"}],"wp:featuredmedia":[{"embeddable":true,"href":"https:\/\/fdasrl.it\/pt-pt\/wp-json\/wp\/v2\/media\/902"}],"wp:attachment":[{"href":"https:\/\/fdasrl.it\/pt-pt\/wp-json\/wp\/v2\/media?parent=4803"}],"wp:term":[{"taxonomy":"product_brand","embeddable":true,"href":"https:\/\/fdasrl.it\/pt-pt\/wp-json\/wp\/v2\/product_brand?post=4803"},{"taxonomy":"product_cat","embeddable":true,"href":"https:\/\/fdasrl.it\/pt-pt\/wp-json\/wp\/v2\/product_cat?post=4803"},{"taxonomy":"product_tag","embeddable":true,"href":"https:\/\/fdasrl.it\/pt-pt\/wp-json\/wp\/v2\/product_tag?post=4803"}],"curies":[{"name":"wp","href":"https:\/\/api.w.org\/{rel}","templated":true}]}}