{"id":4882,"date":"2025-01-18T19:27:52","date_gmt":"2025-01-18T18:27:52","guid":{"rendered":"https:\/\/fdasrl.it\/prodotto\/art-fda-t00110-bebedouro-de-cuba-tipo-pequeno\/"},"modified":"2025-01-18T19:27:52","modified_gmt":"2025-01-18T18:27:52","slug":"art-fda-t00110-bebedouro-de-cuba-tipo-pequeno","status":"publish","type":"product","link":"https:\/\/fdasrl.it\/pt-pt\/prodotto\/art-fda-t00110-bebedouro-de-cuba-tipo-pequeno\/","title":{"rendered":"Art. FDA-T00110 &#8211; Bebedouro de cuba tipo Pequeno"},"content":{"rendered":"<div>Cuba antidesperd\u00edcio Pequena com bebedouro para su\u00ednos de 8 a 30 kg.<\/div>\n<div>\n<div>\n<p data-start=\"163\" data-end=\"336\">A cuba antidesperd\u00edcio para su\u00ednos \u00e9 fabricada inteiramente em <strong data-start=\"225\" data-end=\"250\">a\u00e7o inoxid\u00e1vel AISI 304<\/strong> com espessura <strong data-start=\"264\" data-end=\"276\">10\/10 mm<\/strong>, garantia de higiene, resist\u00eancia e longa durabilidade.<\/p>\n<p data-start=\"338\" data-end=\"535\">Equipada com <strong data-start=\"348\" data-end=\"374\">bebedouro integrado<\/strong>, foi concebida para minimizar o desperd\u00edcio de \u00e1gua e assegurar um f\u00e1cil acesso aos animais, melhorando o bem-estar e a efici\u00eancia da explora\u00e7\u00e3o.<\/p>\n<p data-start=\"537\" data-end=\"572\">\u2705 <strong data-start=\"539\" data-end=\"570\">Caracter\u00edsticas principais:<\/strong><\/p>\n<ul data-start=\"573\" data-end=\"746\">\n<li data-start=\"573\" data-end=\"616\">\n<p data-start=\"575\" data-end=\"616\">Adequada para <strong data-start=\"586\" data-end=\"614\">su\u00ednos de 8 kg a 30 kg<\/strong><\/p>\n<\/li>\n<li data-start=\"617\" data-end=\"673\">\n<p data-start=\"619\" data-end=\"673\">Fabricada em <strong data-start=\"633\" data-end=\"671\">a\u00e7o inox AISI 304 esp. 10\/10 mm<\/strong><\/p>\n<\/li>\n<li data-start=\"674\" data-end=\"704\">\n<p data-start=\"676\" data-end=\"704\"><strong data-start=\"676\" data-end=\"702\">Bebedouro integrado c\u00f3d. <a href=\"https:\/\/fdasrl.it\/prodotto\/art-fda-000006-abbeveratoio-1-2-per-vaschetta-inox\/\">FDA-000006 (Ir para o artigo)<\/a><\/strong><\/p>\n<\/li>\n<li data-start=\"705\" data-end=\"746\">\n<p data-start=\"707\" data-end=\"746\"><strong data-start=\"707\" data-end=\"722\">Dimens\u00f5es:<\/strong> L 15 \u00d7 A 21 \u00d7 P 9 cm<\/p>\n<\/li>\n<li><strong data-start=\"1420\" data-end=\"1438\">Liga\u00e7\u00e3o de \u00e1gua:<\/strong> 1\/2&#8243;<\/li>\n<\/ul>\n<p data-start=\"748\" data-end=\"825\">Resistente, higi\u00e9nico e f\u00e1cil de instalar.<\/p>\n<p data-start=\"827\" data-end=\"988\"><br data-start=\"879\" data-end=\"882\"><strong data-start=\"882\" data-end=\"898\">\ud83d\udc49 Revendedores:<\/strong> para condi\u00e7\u00f5es de revenda, solicite via e-mail:<a href=\"mailto:info@fdasrl.it\"> clique aqui.<\/a><\/p>\n<\/div>\n<div>\ud83d\udc49 Compre-o na nossa <a href=\"https:\/\/fda-shop.it\/shop\/articoli-per-allevamento\/abbeveratoi\/abbeveratoio-antispreco-piccolo-in-acciaio#\/25-accessori_e_confezioni-singola_unita\" target=\"_blank\" rel=\"noopener\">loja online<\/a><\/div>\n<\/div>\n","protected":false},"excerpt":{"rendered":"<p>Cuba antidesperd\u00edcio em <strong data-start=\"1043\" data-end=\"1081\">a\u00e7o inoxid\u00e1vel AISI 304 esp. 10\/10 mm<\/strong> com <strong data-start=\"1086\" data-end=\"1112\">bebedouro integrado<\/strong>, adequada para <strong data-start=\"1125\" data-end=\"1150\">su\u00ednos de 8 a 30 kg<\/strong>. Dimens\u00f5es: L 15 \u00d7 A 21 \u00d7 P 9 cm. <\/p>\n","protected":false},"featured_media":977,"comment_status":"open","ping_status":"closed","template":"","meta":{"_et_pb_use_builder":"","_et_pb_old_content":"","_et_gb_content_width":""},"product_brand":[],"product_cat":[831,830,628],"product_tag":[1156],"class_list":{"0":"post-4882","1":"product","2":"type-product","3":"status-publish","4":"has-post-thumbnail","6":"product_cat-bebedouro-de-taca","7":"product_cat-bebedouros-3","8":"product_cat-suinos","9":"product_tag-fda-t00110","11":"first","12":"instock","13":"shipping-taxable","14":"product-type-simple"},"yoast_head":"<!-- This site is optimized with the Yoast SEO Premium plugin v27.5 (Yoast SEO v27.5) - https:\/\/yoast.com\/product\/yoast-seo-premium-wordpress\/ -->\n<title>Cuba antidesperd\u00edcio Pequena para su\u00ednos de 8 a 30 kg - FDA srl<\/title>\n<meta name=\"description\" content=\"Descubra a cuba antidesperd\u00edcio Pequena com bebedouro para su\u00ednos! Fabricada em a\u00e7o inoxid\u00e1vel AISI 304, resist\u00eancia garantida e longa durabilidade.\" \/>\n<meta name=\"robots\" content=\"index, follow, max-snippet:-1, max-image-preview:large, max-video-preview:-1\" \/>\n<link rel=\"canonical\" href=\"https:\/\/fdasrl.it\/pt-pt\/prodotto\/art-fda-t00110-bebedouro-de-cuba-tipo-pequeno\/\" \/>\n<meta property=\"og:locale\" content=\"pt_PT\" \/>\n<meta property=\"og:type\" content=\"article\" \/>\n<meta property=\"og:title\" content=\"Art. FDA-T00110 - Bebedouro de cuba tipo Pequeno\" \/>\n<meta property=\"og:description\" content=\"Descubra a cuba antidesperd\u00edcio Pequena com bebedouro para su\u00ednos! Fabricada em a\u00e7o inoxid\u00e1vel AISI 304, resist\u00eancia garantida e longa durabilidade.\" \/>\n<meta property=\"og:url\" content=\"https:\/\/fdasrl.it\/pt-pt\/prodotto\/art-fda-t00110-bebedouro-de-cuba-tipo-pequeno\/\" \/>\n<meta property=\"og:site_name\" content=\"FDA srl\" \/>\n<meta property=\"article:publisher\" content=\"https:\/\/www.facebook.com\/share\/1MWhFWg1Tp\/?mibextid=LQQJ4d\" \/>\n<meta property=\"og:image\" content=\"https:\/\/fdasrl.it\/wp-content\/uploads\/2025\/01\/FDA-T110-abbeveratoio_vaschetta_antispreco_per_suini.webp\" \/>\n\t<meta property=\"og:image:width\" content=\"1280\" \/>\n\t<meta property=\"og:image:height\" content=\"1280\" \/>\n\t<meta property=\"og:image:type\" content=\"image\/webp\" \/>\n<meta name=\"twitter:card\" content=\"summary_large_image\" \/>\n<meta name=\"twitter:label1\" content=\"pre\u00e7o\" \/>\n\t<meta name=\"twitter:data1\" content=\"\" \/>\n\t<meta name=\"twitter:label2\" content=\"Disponibilidade\" \/>\n\t<meta name=\"twitter:data2\" content=\"Em stock\" \/>\n<meta property=\"product:price:currency\" content=\"EUR\" \/>\n<meta property=\"og:availability\" content=\"instock\" \/>\n<meta property=\"product:availability\" content=\"instock\" \/>\n<meta property=\"product:retailer_item_id\" content=\"FDA-T00110\" \/>\n<meta property=\"product:condition\" content=\"new\" \/>\n<!-- \/ Yoast SEO Premium plugin. -->","yoast_head_json":{"title":"Cuba antidesperd\u00edcio Pequena para su\u00ednos de 8 a 30 kg - FDA srl","description":"Descubra a cuba antidesperd\u00edcio Pequena com bebedouro para su\u00ednos! Fabricada em a\u00e7o inoxid\u00e1vel AISI 304, resist\u00eancia garantida e longa durabilidade.","robots":{"index":"index","follow":"follow","max-snippet":"max-snippet:-1","max-image-preview":"max-image-preview:large","max-video-preview":"max-video-preview:-1"},"canonical":"https:\/\/fdasrl.it\/pt-pt\/prodotto\/art-fda-t00110-bebedouro-de-cuba-tipo-pequeno\/","og_locale":"pt_PT","og_type":"article","og_title":"Art. FDA-T00110 - Bebedouro de cuba tipo Pequeno","og_description":"Descubra a cuba antidesperd\u00edcio Pequena com bebedouro para su\u00ednos! Fabricada em a\u00e7o inoxid\u00e1vel AISI 304, resist\u00eancia garantida e longa durabilidade.","og_url":"https:\/\/fdasrl.it\/pt-pt\/prodotto\/art-fda-t00110-bebedouro-de-cuba-tipo-pequeno\/","og_site_name":"FDA srl","article_publisher":"https:\/\/www.facebook.com\/share\/1MWhFWg1Tp\/?mibextid=LQQJ4d","og_image":[{"width":1280,"height":1280,"url":"https:\/\/fdasrl.it\/wp-content\/uploads\/2025\/01\/FDA-T110-abbeveratoio_vaschetta_antispreco_per_suini.webp","type":"image\/webp"}],"twitter_card":"summary_large_image","twitter_misc":{"pre\u00e7o":"","Disponibilidade":"Em stock"},"schema":{"@context":"https:\/\/schema.org","@graph":[{"@type":"WebPage","@id":"https:\/\/fdasrl.it\/pt-pt\/prodotto\/art-fda-t00110-bebedouro-de-cuba-tipo-pequeno\/","url":"https:\/\/fdasrl.it\/pt-pt\/prodotto\/art-fda-t00110-bebedouro-de-cuba-tipo-pequeno\/","name":"Cuba antidesperd\u00edcio Pequena para su\u00ednos de 8 a 30 kg - FDA srl","isPartOf":{"@id":"https:\/\/fdasrl.it\/pt-pt\/#website"},"primaryImageOfPage":{"@id":"https:\/\/fdasrl.it\/pt-pt\/prodotto\/art-fda-t00110-bebedouro-de-cuba-tipo-pequeno\/#primaryimage"},"image":{"@id":"https:\/\/fdasrl.it\/pt-pt\/prodotto\/art-fda-t00110-bebedouro-de-cuba-tipo-pequeno\/#primaryimage"},"thumbnailUrl":"https:\/\/fdasrl.it\/wp-content\/uploads\/2025\/01\/FDA-T110-abbeveratoio_vaschetta_antispreco_per_suini.webp","datePublished":"2025-01-18T18:27:52+00:00","description":"Descubra a cuba antidesperd\u00edcio Pequena com bebedouro para su\u00ednos! Fabricada em a\u00e7o inoxid\u00e1vel AISI 304, resist\u00eancia garantida e longa durabilidade.","breadcrumb":{"@id":"https:\/\/fdasrl.it\/pt-pt\/prodotto\/art-fda-t00110-bebedouro-de-cuba-tipo-pequeno\/#breadcrumb"},"inLanguage":"pt-PT","potentialAction":[{"@type":"ReadAction","target":["https:\/\/fdasrl.it\/pt-pt\/prodotto\/art-fda-t00110-bebedouro-de-cuba-tipo-pequeno\/"]}]},{"@type":"ImageObject","inLanguage":"pt-PT","@id":"https:\/\/fdasrl.it\/pt-pt\/prodotto\/art-fda-t00110-bebedouro-de-cuba-tipo-pequeno\/#primaryimage","url":"https:\/\/fdasrl.it\/wp-content\/uploads\/2025\/01\/FDA-T110-abbeveratoio_vaschetta_antispreco_per_suini.webp","contentUrl":"https:\/\/fdasrl.it\/wp-content\/uploads\/2025\/01\/FDA-T110-abbeveratoio_vaschetta_antispreco_per_suini.webp","width":1280,"height":1280,"caption":"Vaschetta antispreco in acciaio inox per suini piccola FDA T110"},{"@type":"BreadcrumbList","@id":"https:\/\/fdasrl.it\/pt-pt\/prodotto\/art-fda-t00110-bebedouro-de-cuba-tipo-pequeno\/#breadcrumb","itemListElement":[{"@type":"ListItem","position":1,"name":"Home","item":"https:\/\/fdasrl.it\/pt-pt\/inicio\/"},{"@type":"ListItem","position":2,"name":"Loja","item":"https:\/\/fdasrl.it\/pt-pt\/loja\/"},{"@type":"ListItem","position":3,"name":"Art. FDA-T00110 &#8211; Bebedouro de cuba tipo Pequeno"}]},{"@type":"WebSite","@id":"https:\/\/fdasrl.it\/pt-pt\/#website","url":"https:\/\/fdasrl.it\/pt-pt\/","name":"FDA srl","description":"Equipment for animal husbandry","publisher":{"@id":"https:\/\/fdasrl.it\/pt-pt\/#organization"},"potentialAction":[{"@type":"SearchAction","target":{"@type":"EntryPoint","urlTemplate":"https:\/\/fdasrl.it\/pt-pt\/?s={search_term_string}"},"query-input":{"@type":"PropertyValueSpecification","valueRequired":true,"valueName":"search_term_string"}}],"inLanguage":"pt-PT"},{"@type":"Organization","@id":"https:\/\/fdasrl.it\/pt-pt\/#organization","name":"FDA srl","url":"https:\/\/fdasrl.it\/pt-pt\/","logo":{"@type":"ImageObject","inLanguage":"pt-PT","@id":"https:\/\/fdasrl.it\/pt-pt\/#\/schema\/logo\/image\/","url":"https:\/\/fdasrl.it\/wp-content\/uploads\/2024\/12\/Logo-FDA.png","contentUrl":"https:\/\/fdasrl.it\/wp-content\/uploads\/2024\/12\/Logo-FDA.png","width":316,"height":119,"caption":"FDA srl"},"image":{"@id":"https:\/\/fdasrl.it\/pt-pt\/#\/schema\/logo\/image\/"},"sameAs":["https:\/\/www.facebook.com\/share\/1MWhFWg1Tp\/?mibextid=LQQJ4d","https:\/\/www.instagram.com\/fda_srl\/profilecard\/?igsh=YW5lbzJ6MWg0d21u","https:\/\/www.youtube.com\/@FDASRL_ANIMALCARE"],"description":"FDA SRL \u2013 Equipment for animal husbandry nasce con l\u2019obiettivo di offrire soluzioni affidabili e innovative per l\u2019allevamento moderno. Con anni di esperienza nel settore zootecnico, progettiamo e realizziamo attrezzature destinate al benessere animale e alla gestione efficiente delle stalle: vasche, abbeveratoi, mangiatoie e sistemi di riscaldamento pensati per durare nel tempo e semplificare il lavoro quotidiano degli allevatori. Dalla progettazione alla produzione, ogni nostro prodotto \u00e8 studiato nei minimi dettagli, testato con cura e costruito per rispondere alle esigenze reali del settore. La nostra forza \u00e8 unire artigianalit\u00e0, tecnologia e competenza tecnica per trasformare ogni progetto in una soluzione concreta e funzionale. Oggi FDA SRL \u00e8 un punto di riferimento per privati e rivenditori che cercano qualit\u00e0, affidabilit\u00e0 e innovazione nelle attrezzature per l\u2019allevamento.","email":"info@fdasrl.it","telephone":"+390522826820","legalName":"F.D.A. SRL","foundingDate":"2024-10-13","vatID":"03075840359","taxID":"03075840359","numberOfEmployees":{"@type":"QuantitativeValue","minValue":"1","maxValue":"10"}}]},"product_price_currency":"EUR","og_availability":"instock","product_availability":"instock","product_retailer_item_id":"FDA-T00110","product_condition":"new"},"_links":{"self":[{"href":"https:\/\/fdasrl.it\/pt-pt\/wp-json\/wp\/v2\/product\/4882","targetHints":{"allow":["GET"]}}],"collection":[{"href":"https:\/\/fdasrl.it\/pt-pt\/wp-json\/wp\/v2\/product"}],"about":[{"href":"https:\/\/fdasrl.it\/pt-pt\/wp-json\/wp\/v2\/types\/product"}],"replies":[{"embeddable":true,"href":"https:\/\/fdasrl.it\/pt-pt\/wp-json\/wp\/v2\/comments?post=4882"}],"wp:featuredmedia":[{"embeddable":true,"href":"https:\/\/fdasrl.it\/pt-pt\/wp-json\/wp\/v2\/media\/977"}],"wp:attachment":[{"href":"https:\/\/fdasrl.it\/pt-pt\/wp-json\/wp\/v2\/media?parent=4882"}],"wp:term":[{"taxonomy":"product_brand","embeddable":true,"href":"https:\/\/fdasrl.it\/pt-pt\/wp-json\/wp\/v2\/product_brand?post=4882"},{"taxonomy":"product_cat","embeddable":true,"href":"https:\/\/fdasrl.it\/pt-pt\/wp-json\/wp\/v2\/product_cat?post=4882"},{"taxonomy":"product_tag","embeddable":true,"href":"https:\/\/fdasrl.it\/pt-pt\/wp-json\/wp\/v2\/product_tag?post=4882"}],"curies":[{"name":"wp","href":"https:\/\/api.w.org\/{rel}","templated":true}]}}