{"id":5076,"date":"2026-03-13T16:40:08","date_gmt":"2026-03-13T15:40:08","guid":{"rendered":"https:\/\/fdasrl.it\/prodotto\/art-fda-000005tp-bebedouro-de-chupeta-1-2-para-comedouros-bebedouros-anti-desperdicio\/"},"modified":"2026-03-13T16:40:08","modified_gmt":"2026-03-13T15:40:08","slug":"art-fda-000005tp-bebedouro-de-chupeta-1-2-para-comedouros-bebedouros-anti-desperdicio","status":"publish","type":"product","link":"https:\/\/fdasrl.it\/pt-pt\/prodotto\/art-fda-000005tp-bebedouro-de-chupeta-1-2-para-comedouros-bebedouros-anti-desperdicio\/","title":{"rendered":"Art. FDA-000005TP &#8211; Bebedouro de chupeta 1\/2\u201d para comedouros\/bebedouros anti-desperd\u00edcio"},"content":{"rendered":"<h1 data-section-id=\"m5jqlp\" data-start=\"258\" data-end=\"361\">Bebedouro autom\u00e1tico de chupeta 1\/2&#8243; para comedouros\/bebedouros anti-desperd\u00edcio \u2013 Modelo FDA-000005TP<\/h1>\n<h2 data-section-id=\"7u0kos\" data-start=\"363\" data-end=\"390\">Descri\u00e7\u00e3o do produto<\/h2>\n<p data-start=\"341\" data-end=\"542\">O <strong data-start=\"343\" data-end=\"411\">Bebedouro de chupeta para comedouros\/bebedouros FDA-000005TP<\/strong> foi concebido para sistemas de alimenta\u00e7\u00e3o combinada em su\u00ednos, onde a \u00e1gua e a ra\u00e7\u00e3o s\u00e3o ingeridas diretamente no comedouro.<\/p>\n<p data-start=\"544\" data-end=\"811\">Este <strong data-start=\"551\" data-end=\"619\">bebedouro de chupeta para comedouros\/bebedouros FDA-000005TP<\/strong> com liga\u00e7\u00e3o roscada de <strong data-start=\"642\" data-end=\"650\">1\/2&#8243;<\/strong> permite uma distribui\u00e7\u00e3o controlada da \u00e1gua que humedece a ra\u00e7\u00e3o, melhorando a palatabilidade e favorecendo a ingest\u00e3o do alimento pelos animais.<\/p>\n<p data-start=\"813\" data-end=\"1037\">O <strong data-start=\"816\" data-end=\"848\">corpo e a rosca em lat\u00e3o<\/strong> garantem elevada resist\u00eancia \u00e0 corros\u00e3o, fiabilidade ao longo do tempo e uma correta estanqueidade hidr\u00e1ulica.<br data-start=\"953\" data-end=\"956\"\/>O <strong data-start=\"958\" data-end=\"978\">sextavado de 25 mm<\/strong> permite um aparafusamento est\u00e1vel e seguro no comedouro.<\/p>\n<p data-start=\"1039\" data-end=\"1412\">O <strong data-start=\"1042\" data-end=\"1091\">bot\u00e3o de ativa\u00e7\u00e3o \u00d8 24 mm em a\u00e7o inoxid\u00e1vel<\/strong> do <strong data-start=\"1097\" data-end=\"1165\">bebedouro de chupeta para comedouros\/bebedouros FDA-000005TP<\/strong> foi estudado para ser acionado pelo su\u00edno durante a passagem natural da cabe\u00e7a no comedouro. O movimento do bot\u00e3o provoca uma <strong data-start=\"1303\" data-end=\"1347\">distribui\u00e7\u00e3o de \u00e1gua leve e controlada<\/strong>, que humedece a ra\u00e7\u00e3o e contribui para reduzir o desperd\u00edcio. <\/p>\n<p data-start=\"1414\" data-end=\"1691\">Esta vers\u00e3o do <strong data-start=\"1435\" data-end=\"1503\">bebedouro de chupeta para comedouros\/bebedouros FDA-000005TP<\/strong> est\u00e1 equipada com um <strong data-start=\"1516\" data-end=\"1549\">filtro ajust\u00e1vel em pl\u00e1stico<\/strong>, que permite regular o caudal da \u00e1gua em fun\u00e7\u00e3o da press\u00e3o presente na linha h\u00eddrica, melhorando o controlo do fluxo.<\/p>\n<hr data-start=\"1701\" data-end=\"1704\">\n<h2 data-section-id=\"nuql2p\" data-start=\"1706\" data-end=\"1733\">Caracter\u00edsticas t\u00e9cnicas<\/h2>\n<ul data-start=\"1735\" data-end=\"1965\">\n<li data-section-id=\"1o9ytxp\" data-start=\"1735\" data-end=\"1760\">\n<p data-start=\"1737\" data-end=\"1760\"><strong data-start=\"1737\" data-end=\"1758\">Rosca em lat\u00e3o<\/strong><\/p>\n<\/li>\n<li data-section-id=\"169p6ni\" data-start=\"1761\" data-end=\"1791\">\n<p data-start=\"1763\" data-end=\"1791\"><strong data-start=\"1763\" data-end=\"1789\">Bot\u00e3o em a\u00e7o inoxid\u00e1vel<\/strong><\/p>\n<\/li>\n<li data-section-id=\"d3pims\" data-start=\"1792\" data-end=\"1819\">\n<p data-start=\"1794\" data-end=\"1819\"><strong data-start=\"1794\" data-end=\"1812\">Liga\u00e7\u00e3o de \u00e1gua:<\/strong> 1\/2&#8243;<\/p>\n<\/li>\n<li data-section-id=\"1oxkjxt\" data-start=\"1820\" data-end=\"1853\">\n<p data-start=\"1822\" data-end=\"1853\"><strong data-start=\"1822\" data-end=\"1843\">Comprimento total:<\/strong> 57,6 mm<\/p>\n<\/li>\n<li data-section-id=\"uqig1r\" data-start=\"1854\" data-end=\"1886\">\n<p data-start=\"1856\" data-end=\"1886\"><strong data-start=\"1856\" data-end=\"1876\">Di\u00e2metro do bot\u00e3o:<\/strong> \u00d8 24 mm<\/p>\n<\/li>\n<li data-section-id=\"wzfciy\" data-start=\"1887\" data-end=\"1906\">\n<p data-start=\"1889\" data-end=\"1906\"><strong data-start=\"1889\" data-end=\"1898\">Peso:<\/strong> 161 g<\/p>\n<\/li>\n<li data-section-id=\"1nozte3\" data-start=\"1907\" data-end=\"1929\">\n<p data-start=\"1909\" data-end=\"1929\"><strong data-start=\"1909\" data-end=\"1921\">Sextavado:<\/strong> 25 mm<\/p>\n<\/li>\n<li data-section-id=\"51mczo\" data-start=\"1930\" data-end=\"1965\">\n<p data-start=\"1932\" data-end=\"1965\"><strong data-start=\"1932\" data-end=\"1965\">Filtro ajust\u00e1vel em pl\u00e1stico<\/strong><\/p>\n<\/li>\n<\/ul>\n<h3 data-section-id=\"a0rm9p\" data-start=\"1967\" data-end=\"1991\">Vers\u00f5es dispon\u00edveis<\/h3>\n<ul data-start=\"1993\" data-end=\"2092\">\n<li data-section-id=\"1081g3p\" data-start=\"1993\" data-end=\"2049\">\n<p data-start=\"1995\" data-end=\"2049\">com <strong data-start=\"1999\" data-end=\"2022\">filtro em rede inox<\/strong> \u2013 modelo <strong data-start=\"2033\" data-end=\"2047\">FDA-000005<\/strong><\/p>\n<\/li>\n<li data-section-id=\"13te3xk\" data-start=\"2050\" data-end=\"2092\">\n<p data-start=\"2052\" data-end=\"2092\"><strong data-start=\"2052\" data-end=\"2066\">totalmente em inox<\/strong> \u2013 modelo <strong data-start=\"2077\" data-end=\"2092\">FDA-000015E<\/strong><\/p>\n<\/li>\n<\/ul>\n<hr data-start=\"2094\" data-end=\"2097\">\n<h2 data-section-id=\"xgq6w7\" data-start=\"2099\" data-end=\"2135\">Alturas e \u00e2ngulo de instala\u00e7\u00e3o<\/h2>\n<p data-start=\"2137\" data-end=\"2197\">\ud83d\udc49 <strong data-start=\"2140\" data-end=\"2156\">(CLIQUE AQUI)<\/strong> para a tabela completa de instala\u00e7\u00e3o<\/p>\n<p data-start=\"2199\" data-end=\"2482\">As alturas indicadas s\u00e3o diretrizes gerais.<br data-start=\"2245\" data-end=\"2248\"\/>Recomenda-se a utiliza\u00e7\u00e3o de <strong data-start=\"2275\" data-end=\"2307\">tr\u00eas alturas de instala\u00e7\u00e3o<\/strong> ou de <strong data-start=\"2318\" data-end=\"2343\">reguladores de altura<\/strong>, de modo a adaptar a posi\u00e7\u00e3o do <strong data-start=\"2380\" data-end=\"2438\">bebedouro de chupeta para comedouro<\/strong> \u00e0s diferentes fases de crescimento do animal.<\/p>\n<p data-start=\"2484\" data-end=\"2585\">O bebedouro <strong data-start=\"2499\" data-end=\"2515\">FDA-000005TP<\/strong> pode ser instalado com uma inclina\u00e7\u00e3o entre <strong data-start=\"2571\" data-end=\"2584\">15\u00b0 e 45\u00b0<\/strong>:<\/p>\n<ul data-start=\"2587\" data-end=\"2673\">\n<li data-section-id=\"axr87z\" data-start=\"2587\" data-end=\"2631\">\n<p data-start=\"2589\" data-end=\"2631\"><strong data-start=\"2589\" data-end=\"2629\">15\u00b0 \u2192 utilizar a altura mais baixa<\/strong><\/p>\n<\/li>\n<li data-section-id=\"4csin4\" data-start=\"2632\" data-end=\"2673\">\n<p data-start=\"2634\" data-end=\"2673\"><strong data-start=\"2634\" data-end=\"2673\">45\u00b0 \u2192 utilizar a altura mais alta<\/strong><\/p>\n<\/li>\n<\/ul>\n<p data-start=\"2675\" data-end=\"2791\">Esta regula\u00e7\u00e3o garante <strong data-start=\"2705\" data-end=\"2743\">uma postura correta dos animais<\/strong> e contribui para <strong data-start=\"2761\" data-end=\"2790\">reduzir o desperd\u00edcio de \u00e1gua<\/strong>.<\/p>\n<hr data-start=\"2793\" data-end=\"2796\">\n<h2 data-section-id=\"is0d26\" data-start=\"2798\" data-end=\"2833\">Press\u00e3o de \u00e1gua recomendada<\/h2>\n<p data-start=\"2835\" data-end=\"2959\">A press\u00e3o m\u00e1xima da \u00e1gua n\u00e3o deve exceder <strong data-start=\"2885\" data-end=\"2903\">4 bar (55 psi)<\/strong> para assegurar o correto funcionamento do sistema.<\/p>\n<p data-start=\"2961\" data-end=\"3053\">Para <strong data-start=\"2965\" data-end=\"2997\">leit\u00f5es e leit\u00f5es desmamados<\/strong>, a press\u00e3o n\u00e3o deve exceder <strong data-start=\"3034\" data-end=\"3052\">2 bar (28 psi)<\/strong>.<\/p>\n<p data-start=\"3055\" data-end=\"3087\">Press\u00f5es mais baixas favorecem:<\/p>\n<ul data-start=\"3089\" data-end=\"3225\">\n<li data-section-id=\"11e5cqa\" data-start=\"3089\" data-end=\"3109\">\n<p data-start=\"3091\" data-end=\"3109\">poupan\u00e7a h\u00eddrica<\/p>\n<\/li>\n<li data-section-id=\"1yzlpkk\" data-start=\"3110\" data-end=\"3152\">\n<p data-start=\"3112\" data-end=\"3152\">maior durabilidade das juntas e mola<\/p>\n<\/li>\n<li data-section-id=\"1qi1tl4\" data-start=\"3153\" data-end=\"3178\">\n<p data-start=\"3155\" data-end=\"3178\">regularidade do fluxo<\/p>\n<\/li>\n<li data-section-id=\"agvkv4\" data-start=\"3179\" data-end=\"3197\">\n<p data-start=\"3181\" data-end=\"3197\">facilidade de utiliza\u00e7\u00e3o<\/p>\n<\/li>\n<li data-section-id=\"1hn09s\" data-start=\"3198\" data-end=\"3225\">\n<p data-start=\"3200\" data-end=\"3225\">redu\u00e7\u00e3o de desperd\u00edcios<\/p>\n<\/li>\n<\/ul>\n<p data-start=\"3227\" data-end=\"3342\">\ud83d\udc49 Recomenda-se a utiliza\u00e7\u00e3o de um <strong data-start=\"3260\" data-end=\"3286\">redutor de press\u00e3o<\/strong> se a linha h\u00eddrica apresentar valores elevados ou inst\u00e1veis.<\/p>\n<hr data-start=\"3344\" data-end=\"3347\">\n<h2 data-section-id=\"ca3mia\" data-start=\"3349\" data-end=\"3367\">Caudal de \u00e1gua<\/h2>\n<p data-start=\"3369\" data-end=\"3417\">\ud83d\udc49 <strong data-start=\"3372\" data-end=\"3388\">(CLIQUE AQUI)<\/strong> para a tabela de caudais<\/p>\n<p data-start=\"3419\" data-end=\"3548\">O caudal do <strong data-start=\"3435\" data-end=\"3490\">bebedouro autom\u00e1tico de chupeta 1\/2&#8243; para su\u00ednos<\/strong> varia consoante a press\u00e3o presente na linha h\u00eddrica.<\/p>\n<p data-start=\"3550\" data-end=\"3784\">Para um funcionamento ideal do sistema, recomenda-se um <strong data-start=\"3609\" data-end=\"3647\">caudal entre 0,6 e 1 L\/min<\/strong>, de modo a obter uma correta humidifica\u00e7\u00e3o da ra\u00e7\u00e3o, reduzindo o desperd\u00edcio de \u00e1gua e mantendo a \u00e1rea de alimenta\u00e7\u00e3o mais limpa.<\/p>\n<p data-start=\"3786\" data-end=\"3999\">Na vers\u00e3o com <strong data-start=\"3805\" data-end=\"3849\">filtro ajust\u00e1vel (modelo FDA-000005TP)<\/strong>, o caudal pode ser regulado atrav\u00e9s da <strong data-start=\"3892\" data-end=\"3921\">tampa da v\u00e1lvula<\/strong>, que permite adaptar o fluxo \u00e0 press\u00e3o dispon\u00edvel no sistema.<\/p>\n<p data-start=\"4001\" data-end=\"4075\">No gr\u00e1fico est\u00e3o destacados <strong data-start=\"4030\" data-end=\"4074\">tr\u00eas n\u00edveis de regula\u00e7\u00e3o da v\u00e1lvula<\/strong>:<\/p>\n<ul data-start=\"4077\" data-end=\"4354\">\n<li data-section-id=\"jsf9ok\" data-start=\"4077\" data-end=\"4175\">\n<p data-start=\"4079\" data-end=\"4175\"><strong data-start=\"4079\" data-end=\"4115\">N\u00edvel 1 (4\u20139 bar) \u2013 zona verde<\/strong><br data-start=\"4115\" data-end=\"4118\"\/>utilizado quando a press\u00e3o do sistema \u00e9 elevada.<\/p>\n<\/li>\n<li data-section-id=\"1b7zwdm\" data-start=\"4177\" data-end=\"4255\">\n<p data-start=\"4179\" data-end=\"4255\"><strong data-start=\"4179\" data-end=\"4213\">N\u00edvel 2 (2\u20134 bar) \u2013 zona azul<\/strong><br data-start=\"4213\" data-end=\"4216\"\/>adequado para sistemas com press\u00e3o m\u00e9dia.<\/p>\n<\/li>\n<li data-section-id=\"11ztnx0\" data-start=\"4257\" data-end=\"4354\">\n<p data-start=\"4259\" data-end=\"4354\"><strong data-start=\"4259\" data-end=\"4296\">N\u00edvel 3 (0\u20132 bar) \u2013 zona cinzenta<\/strong><br data-start=\"4296\" data-end=\"4299\"\/>ideal para linhas de abeberamento com baixa press\u00e3o.<\/p>\n<\/li>\n<\/ul>\n<p data-start=\"4356\" data-end=\"4608\">O gr\u00e1fico permite identificar rapidamente qual o n\u00edvel a definir na tampa da v\u00e1lvula para obter um <strong data-start=\"4474\" data-end=\"4553\">caudal est\u00e1vel do bebedouro de chupeta para comedouros<\/strong> em fun\u00e7\u00e3o da press\u00e3o dispon\u00edvel no sistema.<\/p>\n<p data-start=\"4610\" data-end=\"4724\">Com a regula\u00e7\u00e3o correta, o caudal mant\u00e9m-se <strong data-start=\"4656\" data-end=\"4679\">cerca de 1,0 L\/min<\/strong>, garantindo um fluxo constante e fi\u00e1vel.<\/p>\n<hr data-start=\"4726\" data-end=\"4729\">\n<h2 data-section-id=\"1lqngb5\" data-start=\"4731\" data-end=\"4759\">Contamina\u00e7\u00e3o da \u00e1gua<\/h2>\n<p data-start=\"4761\" data-end=\"4927\">A contamina\u00e7\u00e3o da \u00e1gua ou das tubagens pode representar uma das principais causas de mau funcionamento dos <strong data-start=\"4878\" data-end=\"4916\">bebedouros de chupeta para su\u00ednos<\/strong> ao longo do tempo.<\/p>\n<p data-start=\"4929\" data-end=\"5132\">Para prevenir este problema, recomenda-se a instala\u00e7\u00e3o de <strong data-start=\"4991\" data-end=\"5037\">um filtro na entrada da linha h\u00eddrica<\/strong>, de modo a reter eventuais impurezas e garantir um funcionamento regular do sistema.<\/p>\n","protected":false},"excerpt":{"rendered":"<p>Liga\u00e7\u00e3o roscada 1\/2\u201d para comedouros de su\u00ednos, com corpo em lat\u00e3o e bot\u00e3o em a\u00e7o inoxid\u00e1vel. <strong data-start=\"1609\" data-end=\"1642\">Filtro ajust\u00e1vel em pl\u00e1stico. <\/strong>Ativa\u00e7\u00e3o autom\u00e1tica \u00e0 passagem da cabe\u00e7a do su\u00edno para humidifica\u00e7\u00e3o controlada da ra\u00e7\u00e3o. Dispon\u00edvel tamb\u00e9m em vers\u00e3o totalmente em inox. <\/p>\n<p><a href=\"https:\/\/fdasrl.it\/wp-content\/uploads\/2025\/01\/Installation-of-1-2-nipple-drinker-for-anti-waste-eatdrink-trays.pdf\" target=\"_blank\" rel=\"noopener\">\ud83d\udc49 <strong data-start=\"1158\" data-end=\"1174\">(CLIQUE AQUI)<\/strong> para a tabela completa de instala\u00e7\u00e3o<\/a><\/p>\n<p><a href=\"https:\/\/fdasrl.it\/wp-content\/uploads\/2026\/03\/grafico-fda-succhiotto-mangia-bevi-000005tp.jpg\">\ud83d\udc49 <strong data-start=\"1158\" data-end=\"1174\">(CLIQUE AQUI)<\/strong> para a tabela de caudais<\/a><\/p>\n<p><a href=\"https:\/\/fdasrl.it\/wp-content\/uploads\/2026\/03\/FDA0005TP.pdf\">\ud83d\udc49 <strong data-start=\"1158\" data-end=\"1174\">(CLIQUE AQUI)<\/strong> para o desenho t\u00e9cnico<\/a><\/p>\n","protected":false},"featured_media":1248,"comment_status":"open","ping_status":"closed","template":"","meta":{"_et_pb_use_builder":"","_et_pb_old_content":"","_et_gb_content_width":""},"product_brand":[],"product_cat":[830,1189,1188,628],"product_tag":[1190],"class_list":{"0":"post-5076","1":"product","2":"type-product","3":"status-publish","4":"has-post-thumbnail","6":"product_cat-bebedouros-3","7":"product_cat-bebedouros-de-chupeta","8":"product_cat-latao-aco-inoxidavel","9":"product_cat-suinos","10":"product_tag-fda-000005tp","12":"first","13":"instock","14":"shipping-taxable","15":"product-type-simple"},"yoast_head":"<!-- This site is optimized with the Yoast SEO Premium plugin v27.5 (Yoast SEO v27.5) - https:\/\/yoast.com\/product\/yoast-seo-premium-wordpress\/ -->\n<title>Bebedouro de chupeta para comedouros\/bebedouros FDA-0005TP<\/title>\n<meta name=\"description\" content=\"Otimize a dieta dos seus su\u00ednos com o Bebedouro de chupeta para comedouros\/bebedouros FDA-0005TP. Garante uma melhor ingest\u00e3o de ra\u00e7\u00e3o! \ud83d\udc16\" \/>\n<meta name=\"robots\" content=\"index, follow, max-snippet:-1, max-image-preview:large, max-video-preview:-1\" \/>\n<link rel=\"canonical\" href=\"https:\/\/fdasrl.it\/pt-pt\/prodotto\/art-fda-000005tp-bebedouro-de-chupeta-1-2-para-comedouros-bebedouros-anti-desperdicio\/\" \/>\n<meta property=\"og:locale\" content=\"pt_PT\" \/>\n<meta property=\"og:type\" content=\"article\" \/>\n<meta property=\"og:title\" content=\"Art. FDA-000005TP - Bebedouro de chupeta 1\/2\u201d para comedouros\/bebedouros anti-desperd\u00edcio\" \/>\n<meta property=\"og:description\" content=\"Otimize a dieta dos seus su\u00ednos com o Bebedouro de chupeta para comedouros\/bebedouros FDA-0005TP. Garante uma melhor ingest\u00e3o de ra\u00e7\u00e3o! \ud83d\udc16\" \/>\n<meta property=\"og:url\" content=\"https:\/\/fdasrl.it\/pt-pt\/prodotto\/art-fda-000005tp-bebedouro-de-chupeta-1-2-para-comedouros-bebedouros-anti-desperdicio\/\" \/>\n<meta property=\"og:site_name\" content=\"FDA srl\" \/>\n<meta property=\"article:publisher\" content=\"https:\/\/www.facebook.com\/share\/1MWhFWg1Tp\/?mibextid=LQQJ4d\" \/>\n<meta property=\"og:image\" content=\"https:\/\/fdasrl.it\/wp-content\/uploads\/2026\/03\/abbeveratoio-succhiotto-1-2-vaschetta-antispreco-mangia-bevi-con-regolazione.jpg\" \/>\n\t<meta property=\"og:image:width\" content=\"1915\" \/>\n\t<meta property=\"og:image:height\" content=\"1922\" \/>\n\t<meta property=\"og:image:type\" content=\"image\/jpeg\" \/>\n<meta name=\"twitter:card\" content=\"summary_large_image\" \/>\n<meta name=\"twitter:label1\" content=\"pre\u00e7o\" \/>\n\t<meta name=\"twitter:data1\" content=\"\" \/>\n\t<meta name=\"twitter:label2\" content=\"Disponibilidade\" \/>\n\t<meta name=\"twitter:data2\" content=\"Em stock\" \/>\n<meta property=\"product:price:currency\" content=\"EUR\" \/>\n<meta property=\"og:availability\" content=\"instock\" \/>\n<meta property=\"product:availability\" content=\"instock\" \/>\n<meta property=\"product:retailer_item_id\" content=\"FDA-000005TP\" \/>\n<meta property=\"product:condition\" content=\"new\" \/>\n<!-- \/ Yoast SEO Premium plugin. -->","yoast_head_json":{"title":"Bebedouro de chupeta para comedouros\/bebedouros FDA-0005TP","description":"Otimize a dieta dos seus su\u00ednos com o Bebedouro de chupeta para comedouros\/bebedouros FDA-0005TP. Garante uma melhor ingest\u00e3o de ra\u00e7\u00e3o! \ud83d\udc16","robots":{"index":"index","follow":"follow","max-snippet":"max-snippet:-1","max-image-preview":"max-image-preview:large","max-video-preview":"max-video-preview:-1"},"canonical":"https:\/\/fdasrl.it\/pt-pt\/prodotto\/art-fda-000005tp-bebedouro-de-chupeta-1-2-para-comedouros-bebedouros-anti-desperdicio\/","og_locale":"pt_PT","og_type":"article","og_title":"Art. FDA-000005TP - Bebedouro de chupeta 1\/2\u201d para comedouros\/bebedouros anti-desperd\u00edcio","og_description":"Otimize a dieta dos seus su\u00ednos com o Bebedouro de chupeta para comedouros\/bebedouros FDA-0005TP. Garante uma melhor ingest\u00e3o de ra\u00e7\u00e3o! \ud83d\udc16","og_url":"https:\/\/fdasrl.it\/pt-pt\/prodotto\/art-fda-000005tp-bebedouro-de-chupeta-1-2-para-comedouros-bebedouros-anti-desperdicio\/","og_site_name":"FDA srl","article_publisher":"https:\/\/www.facebook.com\/share\/1MWhFWg1Tp\/?mibextid=LQQJ4d","og_image":[{"width":1915,"height":1922,"url":"https:\/\/fdasrl.it\/wp-content\/uploads\/2026\/03\/abbeveratoio-succhiotto-1-2-vaschetta-antispreco-mangia-bevi-con-regolazione.jpg","type":"image\/jpeg"}],"twitter_card":"summary_large_image","twitter_misc":{"pre\u00e7o":"","Disponibilidade":"Em stock"},"schema":{"@context":"https:\/\/schema.org","@graph":[{"@type":"WebPage","@id":"https:\/\/fdasrl.it\/pt-pt\/prodotto\/art-fda-000005tp-bebedouro-de-chupeta-1-2-para-comedouros-bebedouros-anti-desperdicio\/","url":"https:\/\/fdasrl.it\/pt-pt\/prodotto\/art-fda-000005tp-bebedouro-de-chupeta-1-2-para-comedouros-bebedouros-anti-desperdicio\/","name":"Bebedouro de chupeta para comedouros\/bebedouros FDA-0005TP","isPartOf":{"@id":"https:\/\/fdasrl.it\/pt-pt\/#website"},"primaryImageOfPage":{"@id":"https:\/\/fdasrl.it\/pt-pt\/prodotto\/art-fda-000005tp-bebedouro-de-chupeta-1-2-para-comedouros-bebedouros-anti-desperdicio\/#primaryimage"},"image":{"@id":"https:\/\/fdasrl.it\/pt-pt\/prodotto\/art-fda-000005tp-bebedouro-de-chupeta-1-2-para-comedouros-bebedouros-anti-desperdicio\/#primaryimage"},"thumbnailUrl":"https:\/\/fdasrl.it\/wp-content\/uploads\/2026\/03\/abbeveratoio-succhiotto-1-2-vaschetta-antispreco-mangia-bevi-con-regolazione.jpg","datePublished":"2026-03-13T15:40:08+00:00","description":"Otimize a dieta dos seus su\u00ednos com o Bebedouro de chupeta para comedouros\/bebedouros FDA-0005TP. Garante uma melhor ingest\u00e3o de ra\u00e7\u00e3o! \ud83d\udc16","breadcrumb":{"@id":"https:\/\/fdasrl.it\/pt-pt\/prodotto\/art-fda-000005tp-bebedouro-de-chupeta-1-2-para-comedouros-bebedouros-anti-desperdicio\/#breadcrumb"},"inLanguage":"pt-PT","potentialAction":[{"@type":"ReadAction","target":["https:\/\/fdasrl.it\/pt-pt\/prodotto\/art-fda-000005tp-bebedouro-de-chupeta-1-2-para-comedouros-bebedouros-anti-desperdicio\/"]}]},{"@type":"ImageObject","inLanguage":"pt-PT","@id":"https:\/\/fdasrl.it\/pt-pt\/prodotto\/art-fda-000005tp-bebedouro-de-chupeta-1-2-para-comedouros-bebedouros-anti-desperdicio\/#primaryimage","url":"https:\/\/fdasrl.it\/wp-content\/uploads\/2026\/03\/abbeveratoio-succhiotto-1-2-vaschetta-antispreco-mangia-bevi-con-regolazione.jpg","contentUrl":"https:\/\/fdasrl.it\/wp-content\/uploads\/2026\/03\/abbeveratoio-succhiotto-1-2-vaschetta-antispreco-mangia-bevi-con-regolazione.jpg","width":1915,"height":1922,"caption":"Chupeta para bebedouros com liga\u00e7\u00e3o de 1\/2\" e regula\u00e7\u00e3o do caudal de \u00e1gua."},{"@type":"BreadcrumbList","@id":"https:\/\/fdasrl.it\/pt-pt\/prodotto\/art-fda-000005tp-bebedouro-de-chupeta-1-2-para-comedouros-bebedouros-anti-desperdicio\/#breadcrumb","itemListElement":[{"@type":"ListItem","position":1,"name":"Home","item":"https:\/\/fdasrl.it\/pt-pt\/inicio\/"},{"@type":"ListItem","position":2,"name":"Loja","item":"https:\/\/fdasrl.it\/pt-pt\/loja\/"},{"@type":"ListItem","position":3,"name":"Art. FDA-000005TP &#8211; Bebedouro de chupeta 1\/2\u201d para comedouros\/bebedouros anti-desperd\u00edcio"}]},{"@type":"WebSite","@id":"https:\/\/fdasrl.it\/pt-pt\/#website","url":"https:\/\/fdasrl.it\/pt-pt\/","name":"FDA srl","description":"Equipment for animal husbandry","publisher":{"@id":"https:\/\/fdasrl.it\/pt-pt\/#organization"},"potentialAction":[{"@type":"SearchAction","target":{"@type":"EntryPoint","urlTemplate":"https:\/\/fdasrl.it\/pt-pt\/?s={search_term_string}"},"query-input":{"@type":"PropertyValueSpecification","valueRequired":true,"valueName":"search_term_string"}}],"inLanguage":"pt-PT"},{"@type":"Organization","@id":"https:\/\/fdasrl.it\/pt-pt\/#organization","name":"FDA srl","url":"https:\/\/fdasrl.it\/pt-pt\/","logo":{"@type":"ImageObject","inLanguage":"pt-PT","@id":"https:\/\/fdasrl.it\/pt-pt\/#\/schema\/logo\/image\/","url":"https:\/\/fdasrl.it\/wp-content\/uploads\/2024\/12\/Logo-FDA.png","contentUrl":"https:\/\/fdasrl.it\/wp-content\/uploads\/2024\/12\/Logo-FDA.png","width":316,"height":119,"caption":"FDA srl"},"image":{"@id":"https:\/\/fdasrl.it\/pt-pt\/#\/schema\/logo\/image\/"},"sameAs":["https:\/\/www.facebook.com\/share\/1MWhFWg1Tp\/?mibextid=LQQJ4d","https:\/\/www.instagram.com\/fda_srl\/profilecard\/?igsh=YW5lbzJ6MWg0d21u","https:\/\/www.youtube.com\/@FDASRL_ANIMALCARE"],"description":"FDA SRL \u2013 Equipment for animal husbandry nasce con l\u2019obiettivo di offrire soluzioni affidabili e innovative per l\u2019allevamento moderno. Con anni di esperienza nel settore zootecnico, progettiamo e realizziamo attrezzature destinate al benessere animale e alla gestione efficiente delle stalle: vasche, abbeveratoi, mangiatoie e sistemi di riscaldamento pensati per durare nel tempo e semplificare il lavoro quotidiano degli allevatori. Dalla progettazione alla produzione, ogni nostro prodotto \u00e8 studiato nei minimi dettagli, testato con cura e costruito per rispondere alle esigenze reali del settore. La nostra forza \u00e8 unire artigianalit\u00e0, tecnologia e competenza tecnica per trasformare ogni progetto in una soluzione concreta e funzionale. Oggi FDA SRL \u00e8 un punto di riferimento per privati e rivenditori che cercano qualit\u00e0, affidabilit\u00e0 e innovazione nelle attrezzature per l\u2019allevamento.","email":"info@fdasrl.it","telephone":"+390522826820","legalName":"F.D.A. SRL","foundingDate":"2024-10-13","vatID":"03075840359","taxID":"03075840359","numberOfEmployees":{"@type":"QuantitativeValue","minValue":"1","maxValue":"10"}}]},"product_price_currency":"EUR","og_availability":"instock","product_availability":"instock","product_retailer_item_id":"FDA-000005TP","product_condition":"new"},"_links":{"self":[{"href":"https:\/\/fdasrl.it\/pt-pt\/wp-json\/wp\/v2\/product\/5076","targetHints":{"allow":["GET"]}}],"collection":[{"href":"https:\/\/fdasrl.it\/pt-pt\/wp-json\/wp\/v2\/product"}],"about":[{"href":"https:\/\/fdasrl.it\/pt-pt\/wp-json\/wp\/v2\/types\/product"}],"replies":[{"embeddable":true,"href":"https:\/\/fdasrl.it\/pt-pt\/wp-json\/wp\/v2\/comments?post=5076"}],"wp:featuredmedia":[{"embeddable":true,"href":"https:\/\/fdasrl.it\/pt-pt\/wp-json\/wp\/v2\/media\/1248"}],"wp:attachment":[{"href":"https:\/\/fdasrl.it\/pt-pt\/wp-json\/wp\/v2\/media?parent=5076"}],"wp:term":[{"taxonomy":"product_brand","embeddable":true,"href":"https:\/\/fdasrl.it\/pt-pt\/wp-json\/wp\/v2\/product_brand?post=5076"},{"taxonomy":"product_cat","embeddable":true,"href":"https:\/\/fdasrl.it\/pt-pt\/wp-json\/wp\/v2\/product_cat?post=5076"},{"taxonomy":"product_tag","embeddable":true,"href":"https:\/\/fdasrl.it\/pt-pt\/wp-json\/wp\/v2\/product_tag?post=5076"}],"curies":[{"name":"wp","href":"https:\/\/api.w.org\/{rel}","templated":true}]}}