{"id":5426,"date":"2026-03-17T12:12:41","date_gmt":"2026-03-17T11:12:41","guid":{"rendered":"https:\/\/fdasrl.it\/prodotto\/abbeveradouro-automatico-de-chupeta-1-2-para-leitoes-com-valvula-ajustavel-modelo-fda-000022tp\/"},"modified":"2026-03-17T12:12:41","modified_gmt":"2026-03-17T11:12:41","slug":"abbeveradouro-automatico-de-chupeta-1-2-para-leitoes-com-valvula-ajustavel-modelo-fda-000022tp","status":"publish","type":"product","link":"https:\/\/fdasrl.it\/pt-pt\/prodotto\/abbeveradouro-automatico-de-chupeta-1-2-para-leitoes-com-valvula-ajustavel-modelo-fda-000022tp\/","title":{"rendered":"Abbeveradouro autom\u00e1tico de chupeta 1\/2&#8243; para leit\u00f5es com v\u00e1lvula ajust\u00e1vel \u2013 Modelo FDA-000022TP"},"content":{"rendered":"<h2 data-section-id=\"1x88uas\" data-start=\"122\" data-end=\"229\"><strong data-start=\"125\" data-end=\"229\">Abbeveradouro autom\u00e1tico de chupeta 1\/2&#8243; para leit\u00f5es com v\u00e1lvula ajust\u00e1vel \u2013 Modelo FDA-000022TP<\/strong><\/h2>\n<h3 data-section-id=\"jbtoyn\" data-start=\"231\" data-end=\"265\"><strong data-start=\"235\" data-end=\"263\">Descri\u00e7\u00e3o do produto<\/strong><\/h3>\n<p data-start=\"266\" data-end=\"436\">O abbeveradouro autom\u00e1tico para leit\u00f5es <strong data-start=\"305\" data-end=\"321\">FDA-000022TP<\/strong> foi concebido para garantir uma distribui\u00e7\u00e3o de \u00e1gua constante e facilmente acess\u00edvel nas primeiras fases de crescimento.<\/p>\n<p data-start=\"438\" data-end=\"639\">Equipado com <strong data-start=\"448\" data-end=\"470\">v\u00e1lvula ajust\u00e1vel<\/strong>, permite adaptar com precis\u00e3o o caudal de acordo com as necessidades dos animais e as condi\u00e7\u00f5es da instala\u00e7\u00e3o, melhorando a efici\u00eancia e reduzindo o desperd\u00edcio.<\/p>\n<p data-start=\"641\" data-end=\"813\">Fabricado com materiais resistentes e pensado para uma instala\u00e7\u00e3o r\u00e1pida, representa uma solu\u00e7\u00e3o ideal para explora\u00e7\u00f5es pecu\u00e1rias que exigem controlo, higiene e fiabilidade.<\/p>\n<hr data-start=\"815\" data-end=\"818\">\n<h3 data-section-id=\"w1my6q\" data-start=\"820\" data-end=\"852\"><strong data-start=\"824\" data-end=\"852\">Caracter\u00edsticas t\u00e9cnicas<\/strong><\/h3>\n<ul data-start=\"853\" data-end=\"1107\">\n<li data-section-id=\"1j1tkb1\" data-start=\"853\" data-end=\"874\">\n<p data-start=\"855\" data-end=\"874\">Rosca em lat\u00e3o<\/p>\n<\/li>\n<li data-section-id=\"dg8e7\" data-start=\"875\" data-end=\"907\">\n<p data-start=\"877\" data-end=\"907\">Tubo e pino em a\u00e7o inoxid\u00e1vel<\/p>\n<\/li>\n<li data-section-id=\"fivce\" data-start=\"908\" data-end=\"930\">\n<p data-start=\"910\" data-end=\"930\">Liga\u00e7\u00e3o de \u00e1gua 1\/2&#8243;<\/p>\n<\/li>\n<li data-section-id=\"2l09rp\" data-start=\"931\" data-end=\"960\">\n<p data-start=\"933\" data-end=\"960\">Comprimento total: 55,0 mm<\/p>\n<\/li>\n<li data-section-id=\"b1l74y\" data-start=\"961\" data-end=\"990\">\n<p data-start=\"963\" data-end=\"990\">Tubo do abbeveradouro \u00d8 16 mm<\/p>\n<\/li>\n<li data-section-id=\"1t891y8\" data-start=\"991\" data-end=\"1007\">\n<p data-start=\"993\" data-end=\"1007\">Pino \u00d8 6 mm<\/p>\n<\/li>\n<li data-section-id=\"104rgaa\" data-start=\"1008\" data-end=\"1022\">\n<p data-start=\"1010\" data-end=\"1022\">Peso: 68 g<\/p>\n<\/li>\n<li data-section-id=\"1g74jjp\" data-start=\"1023\" data-end=\"1040\">\n<p data-start=\"1025\" data-end=\"1040\">Sextavado 21 mm<\/p>\n<\/li>\n<li data-section-id=\"10hztla\" data-start=\"1041\" data-end=\"1107\">\n<p data-start=\"1043\" data-end=\"1107\"><strong data-start=\"1043\" data-end=\"1107\">V\u00e1lvula ajust\u00e1vel em pl\u00e1stico para a gest\u00e3o do caudal<\/strong><\/p>\n<\/li>\n<\/ul>\n<hr data-start=\"1109\" data-end=\"1112\">\n<h3 data-section-id=\"m3h7tw\" data-start=\"1114\" data-end=\"1157\"><strong data-start=\"1118\" data-end=\"1155\">Alturas e \u00e2ngulo de instala\u00e7\u00e3o<\/strong><\/h3>\n<p data-start=\"1158\" data-end=\"1216\"><a href=\"https:\/\/fdasrl.it\/wp-content\/uploads\/2025\/11\/Installation-Fda-Nipple-drinkers-3-8_compressed.pdf\">\ud83d\udc49 (CLIQUE AQUI) para a tabela completa de instala\u00e7\u00e3o<\/a><\/p>\n<p data-start=\"1218\" data-end=\"1266\">As alturas indicadas s\u00e3o diretrizes gerais.<\/p>\n<p data-start=\"1268\" data-end=\"1399\">Para os leit\u00f5es, \u00e9 fundamental posicionar corretamente o abbeveradouro para facilitar a sua utiliza\u00e7\u00e3o desde as primeiras fases de crescimento.<\/p>\n<p data-start=\"1401\" data-end=\"1502\">O abbeveradouro <strong data-start=\"1416\" data-end=\"1432\">FDA-000022TP<\/strong> pode ser instalado com uma inclina\u00e7\u00e3o compreendida entre <strong data-start=\"1488\" data-end=\"1501\">15\u00b0 e 45\u00b0<\/strong>:<\/p>\n<ul data-start=\"1504\" data-end=\"1586\">\n<li data-section-id=\"zue5w4\" data-start=\"1504\" data-end=\"1555\">\n<p data-start=\"1506\" data-end=\"1555\"><strong data-start=\"1506\" data-end=\"1553\">15\u00b0 \u2192 posi\u00e7\u00e3o mais baixa e mais acess\u00edvel<\/strong><\/p>\n<\/li>\n<li data-section-id=\"qkmnq9\" data-start=\"1556\" data-end=\"1586\">\n<p data-start=\"1558\" data-end=\"1586\"><strong data-start=\"1558\" data-end=\"1586\">45\u00b0 \u2192 posi\u00e7\u00e3o mais alta<\/strong><\/p>\n<\/li>\n<\/ul>\n<p data-start=\"1588\" data-end=\"1668\">Uma regula\u00e7\u00e3o correta favorece a aprendizagem e reduz o desperd\u00edcio de \u00e1gua.<\/p>\n<hr data-start=\"1670\" data-end=\"1673\">\n<h3 data-section-id=\"1m3l471\" data-start=\"1675\" data-end=\"1717\"><strong data-start=\"1679\" data-end=\"1715\">Press\u00e3o de \u00e1gua recomendada<\/strong><\/h3>\n<p data-start=\"1718\" data-end=\"1837\">Para os leit\u00f5es, recomenda-se uma press\u00e3o <strong data-start=\"1761\" data-end=\"1795\">n\u00e3o superior a 2 bar (28 psi)<\/strong>, para garantir facilidade de ativa\u00e7\u00e3o.<\/p>\n<p data-start=\"1839\" data-end=\"1920\">A press\u00e3o m\u00e1xima da instala\u00e7\u00e3o n\u00e3o deve, em caso algum, exceder <strong data-start=\"1901\" data-end=\"1919\">4 bar (55 psi)<\/strong>.<\/p>\n<p data-start=\"1922\" data-end=\"1954\">Press\u00f5es mais baixas favorecem:<\/p>\n<ul data-start=\"1955\" data-end=\"2106\">\n<li data-section-id=\"kn5i9v\" data-start=\"1955\" data-end=\"1988\">\n<p data-start=\"1957\" data-end=\"1988\">facilidade de utiliza\u00e7\u00e3o para os leit\u00f5es<\/p>\n<\/li>\n<li data-section-id=\"11e5cqa\" data-start=\"1989\" data-end=\"2009\">\n<p data-start=\"1991\" data-end=\"2009\">poupan\u00e7a de \u00e1gua<\/p>\n<\/li>\n<li data-section-id=\"1yzlpkk\" data-start=\"2010\" data-end=\"2052\">\n<p data-start=\"2012\" data-end=\"2052\">maior durabilidade das juntas e da mola<\/p>\n<\/li>\n<li data-section-id=\"1qi1tl4\" data-start=\"2053\" data-end=\"2078\">\n<p data-start=\"2055\" data-end=\"2078\">regularidade do fluxo<\/p>\n<\/li>\n<li data-section-id=\"1hn09s\" data-start=\"2079\" data-end=\"2106\">\n<p data-start=\"2081\" data-end=\"2106\">redu\u00e7\u00e3o do desperd\u00edcio<\/p>\n<\/li>\n<\/ul>\n<p data-start=\"2108\" data-end=\"2189\">\ud83d\udc49 Recomenda-se a utiliza\u00e7\u00e3o de um redutor de press\u00e3o para manter valores constantes.<\/p>\n<hr data-start=\"2191\" data-end=\"2194\">\n<h3 data-section-id=\"1rk201d\" data-start=\"169\" data-end=\"194\"><strong data-start=\"173\" data-end=\"192\">Caudal de \u00e1gua<\/strong><\/h3>\n<p data-start=\"195\" data-end=\"241\">\ud83d\udc49 <a href=\"https:\/\/fdasrl.it\/wp-content\/uploads\/2026\/03\/grafico-fda-succhiotto-mangia-bevi-000005tp.jpg\">(CLIQUE AQUI) para a tabela de caudais<\/a><\/p>\n<p data-start=\"243\" data-end=\"360\">O caudal do abbeveradouro autom\u00e1tico de chupeta 1\/2&#8243; varia consoante a press\u00e3o presente na linha de \u00e1gua.<\/p>\n<p data-start=\"362\" data-end=\"595\">Para um funcionamento ideal do sistema, recomenda-se um caudal entre <strong data-start=\"442\" data-end=\"461\">0,6 e 1,0 L\/min<\/strong>, de modo a garantir uma correta hidrata\u00e7\u00e3o dos leit\u00f5es, reduzindo o desperd\u00edcio de \u00e1gua e mantendo a \u00e1rea de cria\u00e7\u00e3o mais limpa.<\/p>\n<p data-start=\"597\" data-end=\"807\">Na vers\u00e3o com <strong data-start=\"616\" data-end=\"661\">v\u00e1lvula ajust\u00e1vel (modelo FDA-000022TP)<\/strong>, o caudal pode ser definido atrav\u00e9s da tampa da v\u00e1lvula, permitindo adaptar o fluxo \u00e0 press\u00e3o dispon\u00edvel na instala\u00e7\u00e3o.<\/p>\n<p data-start=\"809\" data-end=\"865\">No gr\u00e1fico est\u00e3o destacados tr\u00eas n\u00edveis de regula\u00e7\u00e3o:<\/p>\n<ul data-start=\"867\" data-end=\"1090\">\n<li data-section-id=\"80vfqb\" data-start=\"867\" data-end=\"946\">\n<p data-start=\"869\" data-end=\"946\"><strong data-start=\"869\" data-end=\"905\">N\u00edvel 1 (4\u20139 bar) \u2013 zona verde<\/strong><br data-start=\"905\" data-end=\"908\"\/>para instala\u00e7\u00f5es com press\u00e3o elevada<\/p>\n<\/li>\n<li data-section-id=\"1gr8l3v\" data-start=\"948\" data-end=\"1015\">\n<p data-start=\"950\" data-end=\"1015\"><strong data-start=\"950\" data-end=\"984\">N\u00edvel 2 (2\u20134 bar) \u2013 zona azul<\/strong><br data-start=\"984\" data-end=\"987\"\/>para press\u00f5es interm\u00e9dias<\/p>\n<\/li>\n<li data-section-id=\"sd5jiu\" data-start=\"1017\" data-end=\"1090\">\n<p data-start=\"1019\" data-end=\"1090\"><strong data-start=\"1019\" data-end=\"1056\">N\u00edvel 3 (0\u20132 bar) \u2013 zona cinzenta<\/strong><br data-start=\"1056\" data-end=\"1059\"\/>para linhas de baixa press\u00e3o<\/p>\n<\/li>\n<\/ul>\n<p data-start=\"1092\" data-end=\"1263\">O gr\u00e1fico permite identificar rapidamente o n\u00edvel correto a definir na tampa para obter um caudal est\u00e1vel em fun\u00e7\u00e3o da press\u00e3o dispon\u00edvel.<\/p>\n<p data-start=\"1265\" data-end=\"1433\">Com uma regula\u00e7\u00e3o correta, o caudal mant\u00e9m-se em torno de <strong data-start=\"1328\" data-end=\"1341\">1,0 L\/min<\/strong>, garantindo um fluxo constante, fi\u00e1vel e adequado \u00e0s diferentes condi\u00e7\u00f5es de cria\u00e7\u00e3o.<\/p>\n<hr data-start=\"2707\" data-end=\"2710\">\n<h3 data-section-id=\"cx62aa\" data-start=\"2712\" data-end=\"2747\"><strong data-start=\"2716\" data-end=\"2745\">Contamina\u00e7\u00e3o da \u00e1gua<\/strong><\/h3>\n<p data-start=\"2748\" data-end=\"2874\">A contamina\u00e7\u00e3o da \u00e1gua ou das tubagens representa uma das principais causas de mau funcionamento dos abbeveradouros.<\/p>\n<p data-start=\"2876\" data-end=\"2984\">Impurezas e sedimentos podem comprometer o correto funcionamento da v\u00e1lvula e dos componentes internos.<\/p>\n<p data-start=\"2986\" data-end=\"3110\">\ud83d\udc49 Recomenda-se a instala\u00e7\u00e3o de um filtro no sistema de \u00e1gua para garantir fiabilidade, durabilidade e desempenho constante.<\/p>\n","protected":false},"excerpt":{"rendered":"<p data-start=\"104\" data-end=\"465\"><strong data-start=\"104\" data-end=\"465\">Abbeveradouro autom\u00e1tico de chupeta 1\/2&#8243; para leit\u00f5es com v\u00e1lvula ajust\u00e1vel, concebido para adaptar o caudal com base na press\u00e3o da instala\u00e7\u00e3o e no crescimento dos animais. Fabricado com componentes em a\u00e7o inoxid\u00e1vel e rosca em lat\u00e3o, garante resist\u00eancia, higiene e longa durabilidade, reduzindo o desperd\u00edcio e melhorando a efici\u00eancia da explora\u00e7\u00e3o. <\/strong><\/p>\n<p><a href=\"https:\/\/fdasrl.it\/wp-content\/uploads\/2025\/11\/Installation-Fda-Nipple-drinkers-3-8_compressed.pdf\">\ud83d\udc49 <b>(CLIQUE AQUI)<\/b> para a tabela completa de instala\u00e7\u00e3o<\/a><\/p>\n<p><a href=\"https:\/\/fdasrl.it\/wp-content\/uploads\/2026\/03\/grafico-fda-succhiotto-mangia-bevi-000005tp.jpg\">\ud83d\udc49 <b>(CLIQUE AQUI)<\/b> para a tabela de caudais<\/a><\/p>\n<p>\ud83d\udc49 <a href=\"https:\/\/fdasrl.it\/wp-content\/uploads\/2026\/03\/FDA000022TP.pdf\"><b>(CLIQUE AQUI)<\/b> para o desenho t\u00e9cnico<\/a><\/p>\n","protected":false},"featured_media":1261,"comment_status":"open","ping_status":"closed","template":"","meta":{"_et_pb_use_builder":"off","_et_pb_old_content":"Liga\u00e7\u00e3o de rosca 1\/2\u201d pequena para leit\u00f5es\nex. 21 - Tubo \u00d8 16 - pino \u00d8 5\n\nAbbeveradouro de chupeta com corpo em lat\u00e3o e tubo em a\u00e7o inoxid\u00e1vel","_et_gb_content_width":""},"product_brand":[],"product_cat":[830,1189,1188,628],"product_tag":[1259],"class_list":{"0":"post-5426","1":"product","2":"type-product","3":"status-publish","4":"has-post-thumbnail","6":"product_cat-bebedouros-3","7":"product_cat-bebedouros-de-chupeta","8":"product_cat-latao-aco-inoxidavel","9":"product_cat-suinos","10":"product_tag-fda-000022tp","12":"first","13":"instock","14":"shipping-taxable","15":"product-type-simple"},"yoast_head":"<!-- This site is optimized with the Yoast SEO Premium plugin v27.5 (Yoast SEO v27.5) - https:\/\/yoast.com\/product\/yoast-seo-premium-wordpress\/ -->\n<title>Abbeveradouro autom\u00e1tico leit\u00f5es chupeta 1\/2 ajust\u00e1vel<\/title>\n<meta name=\"description\" content=\"Descubra o abbeveradouro autom\u00e1tico para leit\u00f5es de chupeta 1\/2 ajust\u00e1vel, concebido para um fornecimento de \u00e1gua constante. Ideal para garantir higiene e controlo!\" \/>\n<meta name=\"robots\" content=\"index, follow, max-snippet:-1, max-image-preview:large, max-video-preview:-1\" \/>\n<link rel=\"canonical\" href=\"https:\/\/fdasrl.it\/pt-pt\/prodotto\/abbeveradouro-automatico-de-chupeta-1-2-para-leitoes-com-valvula-ajustavel-modelo-fda-000022tp\/\" \/>\n<meta property=\"og:locale\" content=\"pt_PT\" \/>\n<meta property=\"og:type\" content=\"article\" \/>\n<meta property=\"og:title\" content=\"Abbeveradouro autom\u00e1tico de chupeta 1\/2&quot; para leit\u00f5es com v\u00e1lvula ajust\u00e1vel \u2013 Modelo FDA-000022TP\" \/>\n<meta property=\"og:description\" content=\"Descubra o abbeveradouro autom\u00e1tico para leit\u00f5es de chupeta 1\/2 ajust\u00e1vel, concebido para um fornecimento de \u00e1gua constante. Ideal para garantir higiene e controlo!\" \/>\n<meta property=\"og:url\" content=\"https:\/\/fdasrl.it\/pt-pt\/prodotto\/abbeveradouro-automatico-de-chupeta-1-2-para-leitoes-com-valvula-ajustavel-modelo-fda-000022tp\/\" \/>\n<meta property=\"og:site_name\" content=\"FDA srl\" \/>\n<meta property=\"article:publisher\" content=\"https:\/\/www.facebook.com\/share\/1MWhFWg1Tp\/?mibextid=LQQJ4d\" \/>\n<meta property=\"og:image\" content=\"https:\/\/fdasrl.it\/wp-content\/uploads\/2026\/03\/succhiotto-suinetti-inox-ottone-1-2-fda-000022tp.jpg\" \/>\n\t<meta property=\"og:image:width\" content=\"1523\" \/>\n\t<meta property=\"og:image:height\" content=\"1216\" \/>\n\t<meta property=\"og:image:type\" content=\"image\/jpeg\" \/>\n<meta name=\"twitter:card\" content=\"summary_large_image\" \/>\n<meta name=\"twitter:label1\" content=\"pre\u00e7o\" \/>\n\t<meta name=\"twitter:data1\" content=\"\" \/>\n\t<meta name=\"twitter:label2\" content=\"Disponibilidade\" \/>\n\t<meta name=\"twitter:data2\" content=\"Em stock\" \/>\n<meta property=\"product:price:currency\" content=\"EUR\" \/>\n<meta property=\"og:availability\" content=\"instock\" \/>\n<meta property=\"product:availability\" content=\"instock\" \/>\n<meta property=\"product:retailer_item_id\" content=\"FDA-000022TP\" \/>\n<meta property=\"product:condition\" content=\"new\" \/>\n<!-- \/ Yoast SEO Premium plugin. -->","yoast_head_json":{"title":"Abbeveradouro autom\u00e1tico leit\u00f5es chupeta 1\/2 ajust\u00e1vel","description":"Descubra o abbeveradouro autom\u00e1tico para leit\u00f5es de chupeta 1\/2 ajust\u00e1vel, concebido para um fornecimento de \u00e1gua constante. Ideal para garantir higiene e controlo!","robots":{"index":"index","follow":"follow","max-snippet":"max-snippet:-1","max-image-preview":"max-image-preview:large","max-video-preview":"max-video-preview:-1"},"canonical":"https:\/\/fdasrl.it\/pt-pt\/prodotto\/abbeveradouro-automatico-de-chupeta-1-2-para-leitoes-com-valvula-ajustavel-modelo-fda-000022tp\/","og_locale":"pt_PT","og_type":"article","og_title":"Abbeveradouro autom\u00e1tico de chupeta 1\/2\" para leit\u00f5es com v\u00e1lvula ajust\u00e1vel \u2013 Modelo FDA-000022TP","og_description":"Descubra o abbeveradouro autom\u00e1tico para leit\u00f5es de chupeta 1\/2 ajust\u00e1vel, concebido para um fornecimento de \u00e1gua constante. Ideal para garantir higiene e controlo!","og_url":"https:\/\/fdasrl.it\/pt-pt\/prodotto\/abbeveradouro-automatico-de-chupeta-1-2-para-leitoes-com-valvula-ajustavel-modelo-fda-000022tp\/","og_site_name":"FDA srl","article_publisher":"https:\/\/www.facebook.com\/share\/1MWhFWg1Tp\/?mibextid=LQQJ4d","og_image":[{"width":1523,"height":1216,"url":"https:\/\/fdasrl.it\/wp-content\/uploads\/2026\/03\/succhiotto-suinetti-inox-ottone-1-2-fda-000022tp.jpg","type":"image\/jpeg"}],"twitter_card":"summary_large_image","twitter_misc":{"pre\u00e7o":"","Disponibilidade":"Em stock"},"schema":{"@context":"https:\/\/schema.org","@graph":[{"@type":"WebPage","@id":"https:\/\/fdasrl.it\/pt-pt\/prodotto\/abbeveradouro-automatico-de-chupeta-1-2-para-leitoes-com-valvula-ajustavel-modelo-fda-000022tp\/","url":"https:\/\/fdasrl.it\/pt-pt\/prodotto\/abbeveradouro-automatico-de-chupeta-1-2-para-leitoes-com-valvula-ajustavel-modelo-fda-000022tp\/","name":"Abbeveradouro autom\u00e1tico leit\u00f5es chupeta 1\/2 ajust\u00e1vel","isPartOf":{"@id":"https:\/\/fdasrl.it\/pt-pt\/#website"},"primaryImageOfPage":{"@id":"https:\/\/fdasrl.it\/pt-pt\/prodotto\/abbeveradouro-automatico-de-chupeta-1-2-para-leitoes-com-valvula-ajustavel-modelo-fda-000022tp\/#primaryimage"},"image":{"@id":"https:\/\/fdasrl.it\/pt-pt\/prodotto\/abbeveradouro-automatico-de-chupeta-1-2-para-leitoes-com-valvula-ajustavel-modelo-fda-000022tp\/#primaryimage"},"thumbnailUrl":"https:\/\/fdasrl.it\/wp-content\/uploads\/2026\/03\/succhiotto-suinetti-inox-ottone-1-2-fda-000022tp.jpg","datePublished":"2026-03-17T11:12:41+00:00","description":"Descubra o abbeveradouro autom\u00e1tico para leit\u00f5es de chupeta 1\/2 ajust\u00e1vel, concebido para um fornecimento de \u00e1gua constante. Ideal para garantir higiene e controlo!","breadcrumb":{"@id":"https:\/\/fdasrl.it\/pt-pt\/prodotto\/abbeveradouro-automatico-de-chupeta-1-2-para-leitoes-com-valvula-ajustavel-modelo-fda-000022tp\/#breadcrumb"},"inLanguage":"pt-PT","potentialAction":[{"@type":"ReadAction","target":["https:\/\/fdasrl.it\/pt-pt\/prodotto\/abbeveradouro-automatico-de-chupeta-1-2-para-leitoes-com-valvula-ajustavel-modelo-fda-000022tp\/"]}]},{"@type":"ImageObject","inLanguage":"pt-PT","@id":"https:\/\/fdasrl.it\/pt-pt\/prodotto\/abbeveradouro-automatico-de-chupeta-1-2-para-leitoes-com-valvula-ajustavel-modelo-fda-000022tp\/#primaryimage","url":"https:\/\/fdasrl.it\/wp-content\/uploads\/2026\/03\/succhiotto-suinetti-inox-ottone-1-2-fda-000022tp.jpg","contentUrl":"https:\/\/fdasrl.it\/wp-content\/uploads\/2026\/03\/succhiotto-suinetti-inox-ottone-1-2-fda-000022tp.jpg","width":1523,"height":1216,"caption":"Chupeta abbeveradouro para leit\u00f5es em a\u00e7o inoxid\u00e1vel e lat\u00e3o com liga\u00e7\u00e3o 1\/2\", elevado caudal e longa durabilidade. C\u00f3digo FDA-000022TP."},{"@type":"BreadcrumbList","@id":"https:\/\/fdasrl.it\/pt-pt\/prodotto\/abbeveradouro-automatico-de-chupeta-1-2-para-leitoes-com-valvula-ajustavel-modelo-fda-000022tp\/#breadcrumb","itemListElement":[{"@type":"ListItem","position":1,"name":"Home","item":"https:\/\/fdasrl.it\/pt-pt\/inicio\/"},{"@type":"ListItem","position":2,"name":"Loja","item":"https:\/\/fdasrl.it\/pt-pt\/loja\/"},{"@type":"ListItem","position":3,"name":"Abbeveradouro autom\u00e1tico de chupeta 1\/2&#8243; para leit\u00f5es com v\u00e1lvula ajust\u00e1vel \u2013 Modelo FDA-000022TP"}]},{"@type":"WebSite","@id":"https:\/\/fdasrl.it\/pt-pt\/#website","url":"https:\/\/fdasrl.it\/pt-pt\/","name":"FDA srl","description":"Equipment for animal husbandry","publisher":{"@id":"https:\/\/fdasrl.it\/pt-pt\/#organization"},"potentialAction":[{"@type":"SearchAction","target":{"@type":"EntryPoint","urlTemplate":"https:\/\/fdasrl.it\/pt-pt\/?s={search_term_string}"},"query-input":{"@type":"PropertyValueSpecification","valueRequired":true,"valueName":"search_term_string"}}],"inLanguage":"pt-PT"},{"@type":"Organization","@id":"https:\/\/fdasrl.it\/pt-pt\/#organization","name":"FDA srl","url":"https:\/\/fdasrl.it\/pt-pt\/","logo":{"@type":"ImageObject","inLanguage":"pt-PT","@id":"https:\/\/fdasrl.it\/pt-pt\/#\/schema\/logo\/image\/","url":"https:\/\/fdasrl.it\/wp-content\/uploads\/2024\/12\/Logo-FDA.png","contentUrl":"https:\/\/fdasrl.it\/wp-content\/uploads\/2024\/12\/Logo-FDA.png","width":316,"height":119,"caption":"FDA srl"},"image":{"@id":"https:\/\/fdasrl.it\/pt-pt\/#\/schema\/logo\/image\/"},"sameAs":["https:\/\/www.facebook.com\/share\/1MWhFWg1Tp\/?mibextid=LQQJ4d","https:\/\/www.instagram.com\/fda_srl\/profilecard\/?igsh=YW5lbzJ6MWg0d21u","https:\/\/www.youtube.com\/@FDASRL_ANIMALCARE"],"description":"FDA SRL \u2013 Equipment for animal husbandry nasce con l\u2019obiettivo di offrire soluzioni affidabili e innovative per l\u2019allevamento moderno. Con anni di esperienza nel settore zootecnico, progettiamo e realizziamo attrezzature destinate al benessere animale e alla gestione efficiente delle stalle: vasche, abbeveratoi, mangiatoie e sistemi di riscaldamento pensati per durare nel tempo e semplificare il lavoro quotidiano degli allevatori. Dalla progettazione alla produzione, ogni nostro prodotto \u00e8 studiato nei minimi dettagli, testato con cura e costruito per rispondere alle esigenze reali del settore. La nostra forza \u00e8 unire artigianalit\u00e0, tecnologia e competenza tecnica per trasformare ogni progetto in una soluzione concreta e funzionale. Oggi FDA SRL \u00e8 un punto di riferimento per privati e rivenditori che cercano qualit\u00e0, affidabilit\u00e0 e innovazione nelle attrezzature per l\u2019allevamento.","email":"info@fdasrl.it","telephone":"+390522826820","legalName":"F.D.A. SRL","foundingDate":"2024-10-13","vatID":"03075840359","taxID":"03075840359","numberOfEmployees":{"@type":"QuantitativeValue","minValue":"1","maxValue":"10"}}]},"product_price_currency":"EUR","og_availability":"instock","product_availability":"instock","product_retailer_item_id":"FDA-000022TP","product_condition":"new"},"_links":{"self":[{"href":"https:\/\/fdasrl.it\/pt-pt\/wp-json\/wp\/v2\/product\/5426","targetHints":{"allow":["GET"]}}],"collection":[{"href":"https:\/\/fdasrl.it\/pt-pt\/wp-json\/wp\/v2\/product"}],"about":[{"href":"https:\/\/fdasrl.it\/pt-pt\/wp-json\/wp\/v2\/types\/product"}],"replies":[{"embeddable":true,"href":"https:\/\/fdasrl.it\/pt-pt\/wp-json\/wp\/v2\/comments?post=5426"}],"wp:featuredmedia":[{"embeddable":true,"href":"https:\/\/fdasrl.it\/pt-pt\/wp-json\/wp\/v2\/media\/1261"}],"wp:attachment":[{"href":"https:\/\/fdasrl.it\/pt-pt\/wp-json\/wp\/v2\/media?parent=5426"}],"wp:term":[{"taxonomy":"product_brand","embeddable":true,"href":"https:\/\/fdasrl.it\/pt-pt\/wp-json\/wp\/v2\/product_brand?post=5426"},{"taxonomy":"product_cat","embeddable":true,"href":"https:\/\/fdasrl.it\/pt-pt\/wp-json\/wp\/v2\/product_cat?post=5426"},{"taxonomy":"product_tag","embeddable":true,"href":"https:\/\/fdasrl.it\/pt-pt\/wp-json\/wp\/v2\/product_tag?post=5426"}],"curies":[{"name":"wp","href":"https:\/\/api.w.org\/{rel}","templated":true}]}}