{"id":5490,"date":"2025-12-22T16:09:04","date_gmt":"2025-12-22T15:09:04","guid":{"rendered":"https:\/\/fdasrl.it\/prodotto\/art-fda-004p12-bebedouro-de-chupeta-3-4-grande-para-porcas-e-engorda\/"},"modified":"2025-12-22T16:09:04","modified_gmt":"2025-12-22T15:09:04","slug":"art-fda-004p12-bebedouro-de-chupeta-3-4-grande-para-porcas-e-engorda","status":"publish","type":"product","link":"https:\/\/fdasrl.it\/pt-pt\/prodotto\/art-fda-004p12-bebedouro-de-chupeta-3-4-grande-para-porcas-e-engorda\/","title":{"rendered":"Art. FDA-004P12 &#8211; Bebedouro de chupeta 3\/4\u201d grande para porcas e engorda"},"content":{"rendered":"<h2>Bebedouro autom\u00e1tico de chupeta 3\/4&#8243; para porcas e engorda \u2013 Modelo FDA-004P12<\/h2>\n<h3>Descri\u00e7\u00e3o do produto<\/h3>\n<p>O bebedouro autom\u00e1tico FDA-004P12 foi concebido para garantir <strong data-start=\"342\" data-end=\"358\">fiabilidade<\/strong>, <strong data-start=\"360\" data-end=\"374\">resist\u00eancia<\/strong> e um fornecimento de \u00e1gua <strong data-start=\"399\" data-end=\"411\">constante<\/strong> nas linhas dedicadas a <strong data-start=\"435\" data-end=\"445\">porcas<\/strong> e <strong data-start=\"448\" data-end=\"469\">su\u00ednos de engorda<\/strong>. <br data-start=\"470\" data-end=\"473\">A solidez dos materiais e a simplicidade de instala\u00e7\u00e3o tornam-no uma solu\u00e7\u00e3o ideal para explora\u00e7\u00f5es que exigem <strong data-start=\"598\" data-end=\"608\">higiene<\/strong>, <strong data-start=\"610\" data-end=\"624\" data-is-only-node=\"\">efici\u00eancia<\/strong> e <strong data-start=\"627\" data-end=\"641\">durabilidade<\/strong> mesmo nas condi\u00e7\u00f5es mais intensivas.<\/p>\n<p>O pino aumentado de di\u00e2m. 12 mm aumenta a sua resist\u00eancia \u00e0s solicita\u00e7\u00f5es mec\u00e2nicas.<\/p>\n<hr>\n<h3>Caracter\u00edsticas t\u00e9cnicas<\/h3>\n<ul>\n<li>Rosca em lat\u00e3o<\/li>\n<li>Tubo e pino em a\u00e7o inoxid\u00e1vel<\/li>\n<li>Liga\u00e7\u00e3o de \u00e1gua 3\/4&#8243;<\/li>\n<li>Comprimento total: 72,0 mm<\/li>\n<li>Tubo do bebedouro \u00d8 25 mm<\/li>\n<li>Pino \u00d8 12 mm<\/li>\n<li>Peso: 170 g<\/li>\n<li>Sextavado 27 mm<\/li>\n<li>Filtro interno em malha inox com anel de reten\u00e7\u00e3o ou filtro regul\u00e1vel em pl\u00e1stico (ver modelo FDA-004P12TP)<\/li>\n<\/ul>\n<hr>\n<h3>Alturas e \u00e2ngulo de instala\u00e7\u00e3o<\/h3>\n<p><a href=\"https:\/\/fdasrl.it\/wp-content\/uploads\/2025\/12\/Installation-Fda-Nipple-drinkers-1-2-sows-fattening-pigs_compressed.pdf\">\ud83d\udc49 <\/a><em>(<a href=\"https:\/\/fdasrl.it\/wp-content\/uploads\/2025\/12\/Installation-Fda-Nipple-drinkers-1-2-sows-fattening-pigs_compressed.pdf\">CLIQUE AQUI) para a tabela completa de instala\u00e7\u00e3o<\/a><\/em><\/p>\n<p>As alturas indicadas s\u00e3o diretrizes gerais.<br \/>\nPara a cria\u00e7\u00e3o de su\u00ednos magros, recomenda-se a utiliza\u00e7\u00e3o de <strong>duas alturas de instala\u00e7\u00e3o<\/strong> ou de <strong>reguladores de altura<\/strong>, de modo a adaptar a posi\u00e7\u00e3o do bebedouro ao crescimento dos animais.<\/p>\n<p>O bebedouro FDA-004P12 pode ser instalado com uma inclina\u00e7\u00e3o entre <strong>15\u00b0 e 45\u00b0<\/strong>:<\/p>\n<ul>\n<li><strong>15\u00b0 \u2192<\/strong> utilizar a altura mais baixa<\/li>\n<li><strong>45\u00b0 \u2192<\/strong> utilizar a altura mais alta<\/li>\n<\/ul>\n<p>Esta regula\u00e7\u00e3o garante uma postura correta dos animais e reduz o desperd\u00edcio de \u00e1gua.<\/p>\n<hr>\n<h3>Press\u00e3o de \u00e1gua recomendada<\/h3>\n<p>A press\u00e3o m\u00e1xima da \u00e1gua n\u00e3o deve exceder <strong>4 bar (55 psi)<\/strong> para assegurar o correto funcionamento do sistema.<\/p>\n<p>Para leit\u00f5es e leit\u00f5es desmamados, a press\u00e3o n\u00e3o deve exceder <strong>2 bar (28 psi)<\/strong>.<\/p>\n<p>Press\u00f5es mais baixas favorecem:<\/p>\n<ul>\n<li>poupan\u00e7a de \u00e1gua<\/li>\n<li>maior durabilidade das juntas e da mola<\/li>\n<li>regularidade do fluxo<\/li>\n<li>facilidade de utiliza\u00e7\u00e3o<\/li>\n<li>redu\u00e7\u00e3o do desperd\u00edcio<\/li>\n<\/ul>\n<p>\ud83d\udc49 <em>Recomenda-se a utiliza\u00e7\u00e3o de um redutor de press\u00e3o se a linha de \u00e1gua apresentar valores elevados ou inst\u00e1veis.<\/em><\/p>\n<hr>\n<h3>Caudal de \u00e1gua<\/h3>\n<p><a href=\"https:\/\/fdasrl.it\/wp-content\/uploads\/2025\/12\/grafico-succhiotto-fda-004p12-curve-portata-diametri.webp\">\ud83d\udc49 <em>(CLIQUE AQUI) para a tabela de caudais<\/em><\/a><\/p>\n<p data-start=\"2299\" data-end=\"2464\">O caudal varia consoante a press\u00e3o na linha de \u00e1gua.<br data-start=\"2367\" data-end=\"2370\"\/>Para <strong data-start=\"2374\" data-end=\"2384\">porcas<\/strong> e <strong data-start=\"2387\" data-end=\"2408\">su\u00ednos de engorda<\/strong>, recomenda-se um caudal compreendido indicativamente entre:<\/p>\n<ul data-start=\"2466\" data-end=\"2533\">\n<li data-start=\"2466\" data-end=\"2533\">\n<p data-start=\"2468\" data-end=\"2533\"><strong data-start=\"2468\" data-end=\"2487\">1,0 e 2,0 L\/min<\/strong>, em fun\u00e7\u00e3o das necessidades da explora\u00e7\u00e3o.<\/p>\n<\/li>\n<\/ul>\n<p>A v\u00e1lvula padr\u00e3o tem um orif\u00edcio de 2 mm.<\/p>\n<p>Para aumentar o caudal, est\u00e3o dispon\u00edveis v\u00e1lvulas opcionais com di\u00e2metros:<\/p>\n<ul>\n<li>\u00d8 3 mm<\/li>\n<li>\u00d8 3,5 mm<\/li>\n<li>\u00d8 4 mm<\/li>\n<\/ul>\n<p>A utiliza\u00e7\u00e3o de <strong>redutores de press\u00e3o<\/strong> permite uma gest\u00e3o centralizada do sistema, particularmente \u00fatil nos meses de ver\u00e3o, quando pode ser necess\u00e1rio aumentar o caudal.<\/p>\n","protected":false},"excerpt":{"rendered":"<p>Bebedouro autom\u00e1tico de chupeta FDA-004P12 em lat\u00e3o e inox, com liga\u00e7\u00e3o 3\/4\u2033 e pino aumentado. Fi\u00e1vel, resistente e ideal para garantir um fornecimento de \u00e1gua controlado nas linhas dedicadas a <strong data-start=\"435\" data-end=\"445\">porcas<\/strong> e <strong data-start=\"448\" data-end=\"469\">su\u00ednos de engorda<\/strong> <\/p>\n<p><a href=\"https:\/\/fdasrl.it\/wp-content\/uploads\/2025\/12\/Installation-Fda-Nipple-drinkers-1-2-sows-fattening-pigs_compressed.pdf\">\ud83d\udc49 <b>(CLIQUE AQUI)<\/b> para a tabela de instala\u00e7\u00e3o completa<\/a><\/p>\n<p><a href=\"https:\/\/fdasrl.it\/wp-content\/uploads\/2025\/12\/grafico-succhiotto-fda-004p12-curve-portata-diametri.webp\">\ud83d\udc49 <b>(CLIQUE AQUI)<\/b> para a tabela de caudais<\/a><\/p>\n<p><a href=\"https:\/\/fdasrl.it\/wp-content\/uploads\/2025\/12\/FDA004P12_compressed.pdf\">\ud83d\udc49 <b>(CLIQUE AQUI)<\/b> para o desenho t\u00e9cnico<\/a><\/p>\n","protected":false},"featured_media":1061,"comment_status":"open","ping_status":"closed","template":"","meta":{"_et_pb_use_builder":"","_et_pb_old_content":"","_et_gb_content_width":""},"product_brand":[],"product_cat":[830,1189,1188,628],"product_tag":[1270],"class_list":{"0":"post-5490","1":"product","2":"type-product","3":"status-publish","4":"has-post-thumbnail","6":"product_cat-bebedouros-3","7":"product_cat-bebedouros-de-chupeta","8":"product_cat-latao-aco-inoxidavel","9":"product_cat-suinos","10":"product_tag-fda-004p12","12":"first","13":"instock","14":"shipping-taxable","15":"product-type-simple"},"yoast_head":"<!-- This site is optimized with the Yoast SEO Premium plugin v27.5 (Yoast SEO v27.5) - https:\/\/yoast.com\/product\/yoast-seo-premium-wordpress\/ -->\n<title>bebedouro de chupeta 3\/4\u201d grande para porcas pino grande<\/title>\n<meta name=\"description\" content=\"Fiabilidade e resist\u00eancia com o bebedouro de chupeta 3\/4\u201d grande para porcas pino grande. Torne a sua empresa mais eficiente!\" \/>\n<meta name=\"robots\" content=\"index, follow, max-snippet:-1, max-image-preview:large, max-video-preview:-1\" \/>\n<link rel=\"canonical\" href=\"https:\/\/fdasrl.it\/pt-pt\/prodotto\/art-fda-004p12-bebedouro-de-chupeta-3-4-grande-para-porcas-e-engorda\/\" \/>\n<meta property=\"og:locale\" content=\"pt_PT\" \/>\n<meta property=\"og:type\" content=\"article\" \/>\n<meta property=\"og:title\" content=\"Art. FDA-004P12 - Bebedouro de chupeta 3\/4\u201d grande para porcas e engorda\" \/>\n<meta property=\"og:description\" content=\"Fiabilidade e resist\u00eancia com o bebedouro de chupeta 3\/4\u201d grande para porcas pino grande. Torne a sua empresa mais eficiente!\" \/>\n<meta property=\"og:url\" content=\"https:\/\/fdasrl.it\/pt-pt\/prodotto\/art-fda-004p12-bebedouro-de-chupeta-3-4-grande-para-porcas-e-engorda\/\" \/>\n<meta property=\"og:site_name\" content=\"FDA srl\" \/>\n<meta property=\"article:publisher\" content=\"https:\/\/www.facebook.com\/share\/1MWhFWg1Tp\/?mibextid=LQQJ4d\" \/>\n<meta property=\"og:image\" content=\"https:\/\/fdasrl.it\/wp-content\/uploads\/2025\/12\/abbeveratoio-succhiotto-big-scrofe-suini-ingrasso-3-4-ottone-inox-foto-frontale.webp\" \/>\n\t<meta property=\"og:image:width\" content=\"1024\" \/>\n\t<meta property=\"og:image:height\" content=\"1024\" \/>\n\t<meta property=\"og:image:type\" content=\"image\/webp\" \/>\n<meta name=\"twitter:card\" content=\"summary_large_image\" \/>\n<meta name=\"twitter:label1\" content=\"pre\u00e7o\" \/>\n\t<meta name=\"twitter:data1\" content=\"\" \/>\n\t<meta name=\"twitter:label2\" content=\"Disponibilidade\" \/>\n\t<meta name=\"twitter:data2\" content=\"Em stock\" \/>\n<meta property=\"product:price:currency\" content=\"EUR\" \/>\n<meta property=\"og:availability\" content=\"instock\" \/>\n<meta property=\"product:availability\" content=\"instock\" \/>\n<meta property=\"product:retailer_item_id\" content=\"FDA-004P12\" \/>\n<meta property=\"product:condition\" content=\"new\" \/>\n<!-- \/ Yoast SEO Premium plugin. -->","yoast_head_json":{"title":"bebedouro de chupeta 3\/4\u201d grande para porcas pino grande","description":"Fiabilidade e resist\u00eancia com o bebedouro de chupeta 3\/4\u201d grande para porcas pino grande. Torne a sua empresa mais eficiente!","robots":{"index":"index","follow":"follow","max-snippet":"max-snippet:-1","max-image-preview":"max-image-preview:large","max-video-preview":"max-video-preview:-1"},"canonical":"https:\/\/fdasrl.it\/pt-pt\/prodotto\/art-fda-004p12-bebedouro-de-chupeta-3-4-grande-para-porcas-e-engorda\/","og_locale":"pt_PT","og_type":"article","og_title":"Art. FDA-004P12 - Bebedouro de chupeta 3\/4\u201d grande para porcas e engorda","og_description":"Fiabilidade e resist\u00eancia com o bebedouro de chupeta 3\/4\u201d grande para porcas pino grande. Torne a sua empresa mais eficiente!","og_url":"https:\/\/fdasrl.it\/pt-pt\/prodotto\/art-fda-004p12-bebedouro-de-chupeta-3-4-grande-para-porcas-e-engorda\/","og_site_name":"FDA srl","article_publisher":"https:\/\/www.facebook.com\/share\/1MWhFWg1Tp\/?mibextid=LQQJ4d","og_image":[{"width":1024,"height":1024,"url":"https:\/\/fdasrl.it\/wp-content\/uploads\/2025\/12\/abbeveratoio-succhiotto-big-scrofe-suini-ingrasso-3-4-ottone-inox-foto-frontale.webp","type":"image\/webp"}],"twitter_card":"summary_large_image","twitter_misc":{"pre\u00e7o":"","Disponibilidade":"Em stock"},"schema":{"@context":"https:\/\/schema.org","@graph":[{"@type":"WebPage","@id":"https:\/\/fdasrl.it\/pt-pt\/prodotto\/art-fda-004p12-bebedouro-de-chupeta-3-4-grande-para-porcas-e-engorda\/","url":"https:\/\/fdasrl.it\/pt-pt\/prodotto\/art-fda-004p12-bebedouro-de-chupeta-3-4-grande-para-porcas-e-engorda\/","name":"bebedouro de chupeta 3\/4\u201d grande para porcas pino grande","isPartOf":{"@id":"https:\/\/fdasrl.it\/pt-pt\/#website"},"primaryImageOfPage":{"@id":"https:\/\/fdasrl.it\/pt-pt\/prodotto\/art-fda-004p12-bebedouro-de-chupeta-3-4-grande-para-porcas-e-engorda\/#primaryimage"},"image":{"@id":"https:\/\/fdasrl.it\/pt-pt\/prodotto\/art-fda-004p12-bebedouro-de-chupeta-3-4-grande-para-porcas-e-engorda\/#primaryimage"},"thumbnailUrl":"https:\/\/fdasrl.it\/wp-content\/uploads\/2025\/12\/abbeveratoio-succhiotto-big-scrofe-suini-ingrasso-3-4-ottone-inox-foto-frontale.webp","datePublished":"2025-12-22T15:09:04+00:00","description":"Fiabilidade e resist\u00eancia com o bebedouro de chupeta 3\/4\u201d grande para porcas pino grande. Torne a sua empresa mais eficiente!","breadcrumb":{"@id":"https:\/\/fdasrl.it\/pt-pt\/prodotto\/art-fda-004p12-bebedouro-de-chupeta-3-4-grande-para-porcas-e-engorda\/#breadcrumb"},"inLanguage":"pt-PT","potentialAction":[{"@type":"ReadAction","target":["https:\/\/fdasrl.it\/pt-pt\/prodotto\/art-fda-004p12-bebedouro-de-chupeta-3-4-grande-para-porcas-e-engorda\/"]}]},{"@type":"ImageObject","inLanguage":"pt-PT","@id":"https:\/\/fdasrl.it\/pt-pt\/prodotto\/art-fda-004p12-bebedouro-de-chupeta-3-4-grande-para-porcas-e-engorda\/#primaryimage","url":"https:\/\/fdasrl.it\/wp-content\/uploads\/2025\/12\/abbeveratoio-succhiotto-big-scrofe-suini-ingrasso-3-4-ottone-inox-foto-frontale.webp","contentUrl":"https:\/\/fdasrl.it\/wp-content\/uploads\/2025\/12\/abbeveratoio-succhiotto-big-scrofe-suini-ingrasso-3-4-ottone-inox-foto-frontale.webp","width":1024,"height":1024,"caption":"Bebedouro de chupeta BIG 3\/4\u201d em lat\u00e3o e inox para porcas e su\u00ednos de engorda"},{"@type":"BreadcrumbList","@id":"https:\/\/fdasrl.it\/pt-pt\/prodotto\/art-fda-004p12-bebedouro-de-chupeta-3-4-grande-para-porcas-e-engorda\/#breadcrumb","itemListElement":[{"@type":"ListItem","position":1,"name":"Home","item":"https:\/\/fdasrl.it\/pt-pt\/inicio\/"},{"@type":"ListItem","position":2,"name":"Loja","item":"https:\/\/fdasrl.it\/pt-pt\/loja\/"},{"@type":"ListItem","position":3,"name":"Art. FDA-004P12 &#8211; Bebedouro de chupeta 3\/4\u201d grande para porcas e engorda"}]},{"@type":"WebSite","@id":"https:\/\/fdasrl.it\/pt-pt\/#website","url":"https:\/\/fdasrl.it\/pt-pt\/","name":"FDA srl","description":"Equipment for animal husbandry","publisher":{"@id":"https:\/\/fdasrl.it\/pt-pt\/#organization"},"potentialAction":[{"@type":"SearchAction","target":{"@type":"EntryPoint","urlTemplate":"https:\/\/fdasrl.it\/pt-pt\/?s={search_term_string}"},"query-input":{"@type":"PropertyValueSpecification","valueRequired":true,"valueName":"search_term_string"}}],"inLanguage":"pt-PT"},{"@type":"Organization","@id":"https:\/\/fdasrl.it\/pt-pt\/#organization","name":"FDA srl","url":"https:\/\/fdasrl.it\/pt-pt\/","logo":{"@type":"ImageObject","inLanguage":"pt-PT","@id":"https:\/\/fdasrl.it\/pt-pt\/#\/schema\/logo\/image\/","url":"https:\/\/fdasrl.it\/wp-content\/uploads\/2024\/12\/Logo-FDA.png","contentUrl":"https:\/\/fdasrl.it\/wp-content\/uploads\/2024\/12\/Logo-FDA.png","width":316,"height":119,"caption":"FDA srl"},"image":{"@id":"https:\/\/fdasrl.it\/pt-pt\/#\/schema\/logo\/image\/"},"sameAs":["https:\/\/www.facebook.com\/share\/1MWhFWg1Tp\/?mibextid=LQQJ4d","https:\/\/www.instagram.com\/fda_srl\/profilecard\/?igsh=YW5lbzJ6MWg0d21u","https:\/\/www.youtube.com\/@FDASRL_ANIMALCARE"],"description":"FDA SRL \u2013 Equipment for animal husbandry nasce con l\u2019obiettivo di offrire soluzioni affidabili e innovative per l\u2019allevamento moderno. Con anni di esperienza nel settore zootecnico, progettiamo e realizziamo attrezzature destinate al benessere animale e alla gestione efficiente delle stalle: vasche, abbeveratoi, mangiatoie e sistemi di riscaldamento pensati per durare nel tempo e semplificare il lavoro quotidiano degli allevatori. Dalla progettazione alla produzione, ogni nostro prodotto \u00e8 studiato nei minimi dettagli, testato con cura e costruito per rispondere alle esigenze reali del settore. La nostra forza \u00e8 unire artigianalit\u00e0, tecnologia e competenza tecnica per trasformare ogni progetto in una soluzione concreta e funzionale. Oggi FDA SRL \u00e8 un punto di riferimento per privati e rivenditori che cercano qualit\u00e0, affidabilit\u00e0 e innovazione nelle attrezzature per l\u2019allevamento.","email":"info@fdasrl.it","telephone":"+390522826820","legalName":"F.D.A. SRL","foundingDate":"2024-10-13","vatID":"03075840359","taxID":"03075840359","numberOfEmployees":{"@type":"QuantitativeValue","minValue":"1","maxValue":"10"}}]},"product_price_currency":"EUR","og_availability":"instock","product_availability":"instock","product_retailer_item_id":"FDA-004P12","product_condition":"new"},"_links":{"self":[{"href":"https:\/\/fdasrl.it\/pt-pt\/wp-json\/wp\/v2\/product\/5490","targetHints":{"allow":["GET"]}}],"collection":[{"href":"https:\/\/fdasrl.it\/pt-pt\/wp-json\/wp\/v2\/product"}],"about":[{"href":"https:\/\/fdasrl.it\/pt-pt\/wp-json\/wp\/v2\/types\/product"}],"replies":[{"embeddable":true,"href":"https:\/\/fdasrl.it\/pt-pt\/wp-json\/wp\/v2\/comments?post=5490"}],"wp:featuredmedia":[{"embeddable":true,"href":"https:\/\/fdasrl.it\/pt-pt\/wp-json\/wp\/v2\/media\/1061"}],"wp:attachment":[{"href":"https:\/\/fdasrl.it\/pt-pt\/wp-json\/wp\/v2\/media?parent=5490"}],"wp:term":[{"taxonomy":"product_brand","embeddable":true,"href":"https:\/\/fdasrl.it\/pt-pt\/wp-json\/wp\/v2\/product_brand?post=5490"},{"taxonomy":"product_cat","embeddable":true,"href":"https:\/\/fdasrl.it\/pt-pt\/wp-json\/wp\/v2\/product_cat?post=5490"},{"taxonomy":"product_tag","embeddable":true,"href":"https:\/\/fdasrl.it\/pt-pt\/wp-json\/wp\/v2\/product_tag?post=5490"}],"curies":[{"name":"wp","href":"https:\/\/api.w.org\/{rel}","templated":true}]}}