{"id":5559,"date":"2025-01-15T12:03:21","date_gmt":"2025-01-15T11:03:21","guid":{"rendered":"https:\/\/fdasrl.it\/prodotto\/art-fda-000028-bebedouro-automatico-3-8-f-humidificador-para-comedouros-suinos-come-bebe\/"},"modified":"2025-01-15T12:03:21","modified_gmt":"2025-01-15T11:03:21","slug":"art-fda-000028-bebedouro-automatico-3-8-f-humidificador-para-comedouros-suinos-come-bebe","status":"publish","type":"product","link":"https:\/\/fdasrl.it\/pt-pt\/prodotto\/art-fda-000028-bebedouro-automatico-3-8-f-humidificador-para-comedouros-suinos-come-bebe\/","title":{"rendered":"Art. FDA-000028 &#8211; Bebedouro autom\u00e1tico 3\/8&#8243; F humidificador para comedouros su\u00ednos (come\/bebe)"},"content":{"rendered":"<h2 data-section-id=\"1orjph9\" data-start=\"79\" data-end=\"183\"><span role=\"text\"><strong data-start=\"82\" data-end=\"183\">Art. FDA-000028 &#8211; Bebedouro autom\u00e1tico 3\/8&#8243; F humidificador para comedouros su\u00ednos (come\/bebe)<\/strong><\/span><\/h2>\n<h3 data-section-id=\"jbtoyn\" data-start=\"185\" data-end=\"219\"><span role=\"text\"><strong data-start=\"189\" data-end=\"217\">Descri\u00e7\u00e3o do produto<\/strong><\/span><\/h3>\n<p data-start=\"220\" data-end=\"458\">O bebedouro autom\u00e1tico <strong data-start=\"246\" data-end=\"287\">3\/8&#8243; f\u00eamea FDA-000028 humidificador<\/strong> foi concebido para utiliza\u00e7\u00e3o no interior dos comedouros (sistemas come e bebe), garantindo um fornecimento de \u00e1gua constante diretamente durante a ingest\u00e3o do alimento.<\/p>\n<p data-start=\"460\" data-end=\"629\">Esta solu\u00e7\u00e3o permite melhorar a ingest\u00e3o alimentar, favorecer a hidrata\u00e7\u00e3o dos animais e reduzir o desperd\u00edcio, mantendo a \u00e1rea de cria\u00e7\u00e3o mais limpa.<\/p>\n<p data-start=\"631\" data-end=\"782\">Fabricado com materiais robustos e resistentes ao desgaste, \u00e9 ideal para explora\u00e7\u00f5es suin\u00edcolas que exigem fiabilidade, durabilidade e facilidade de gest\u00e3o.<\/p>\n<hr data-start=\"784\" data-end=\"787\">\n<h3 data-section-id=\"w1my6q\" data-start=\"789\" data-end=\"821\"><span role=\"text\"><strong data-start=\"793\" data-end=\"821\">Caracter\u00edsticas t\u00e9cnicas<\/strong><\/span><\/h3>\n<ul data-start=\"822\" data-end=\"1145\">\n<li data-section-id=\"1j1tkb1\" data-start=\"822\" data-end=\"843\">Rosca em lat\u00e3o<\/li>\n<li data-section-id=\"dg8e7\" data-start=\"844\" data-end=\"876\">Tubo lat\u00e3o e perno em a\u00e7o inoxid\u00e1vel<\/li>\n<li data-section-id=\"1fst7fn\" data-start=\"877\" data-end=\"911\"><strong data-start=\"879\" data-end=\"909\">Liga\u00e7\u00e3o \u00e1gua 3\/8&#8243; f\u00eamea<\/strong><\/li>\n<li data-section-id=\"18pz5ww\" data-start=\"912\" data-end=\"941\">Comprimento total: 73,0 mm<\/li>\n<li data-section-id=\"zmqwqu\" data-start=\"942\" data-end=\"971\">Tubo do bebedouro \u00d8 21 mm<\/li>\n<li data-section-id=\"9jqgyd\" data-start=\"972\" data-end=\"989\">Pino \u00d8 8 mm<\/li>\n<li data-section-id=\"1jts4tp\" data-start=\"990\" data-end=\"1006\">Peso: 94,5 g<\/li>\n<li data-section-id=\"1g74jjp\" data-start=\"1007\" data-end=\"1024\">Sextavado 21 mm<\/li>\n<li data-section-id=\"12wlzqy\" data-start=\"1079\" data-end=\"1145\">Dispon\u00edvel modelo todo Inox (ver modelo FDA-0020E3\/8)<\/li>\n<\/ul>\n<hr data-start=\"1147\" data-end=\"1150\">\n<h3 data-section-id=\"9sy6zo\" data-start=\"1152\" data-end=\"1193\"><span role=\"text\"><strong data-start=\"1156\" data-end=\"1193\">Alturas e \u00e2ngulo de instala\u00e7\u00e3o<\/strong><\/span><\/h3>\n<p data-start=\"1194\" data-end=\"1252\"><a href=\"https:\/\/fdasrl.it\/wp-content\/uploads\/2025\/01\/Installation-Fda-Nipple-drinkers-1-2-for-feeders_compressed.pdf\">\ud83d\udc49 (CLIQUE AQUI) para a tabela completa de instala\u00e7\u00e3o<\/a><\/p>\n<p data-start=\"1254\" data-end=\"1300\">As alturas indicadas s\u00e3o diretrizes gerais.<\/p>\n<p data-start=\"1302\" data-end=\"1448\">O bebedouro <strong data-start=\"1317\" data-end=\"1331\">FDA-000028<\/strong> foi concebido para ser instalado no interior dos comedouros, de modo a que o su\u00edno possa ativ\u00e1-lo enquanto come.<\/p>\n<p data-start=\"1450\" data-end=\"1628\">Para a cria\u00e7\u00e3o de leit\u00f5es, recomenda-se a utiliza\u00e7\u00e3o de duas alturas de instala\u00e7\u00e3o ou de reguladores de altura, de forma a adaptar a posi\u00e7\u00e3o ao crescimento dos animais.<\/p>\n<p data-start=\"1630\" data-end=\"1683\">A inclina\u00e7\u00e3o pode ser regulada entre <strong data-start=\"1669\" data-end=\"1682\">30\u00b0 e 45\u00b0<\/strong>:<\/p>\n<p data-start=\"1685\" data-end=\"1709\"><strong data-start=\"1685\" data-end=\"1707\">Leit\u00f5es (7\u201320 kg)<\/strong><\/p>\n<ul data-start=\"1710\" data-end=\"1835\">\n<li data-section-id=\"1c90bus\" data-start=\"1710\" data-end=\"1755\">Altura: 8 \u2013 12 cm acima do fundo da manjedoura<\/li>\n<li data-section-id=\"1ka8lgn\" data-start=\"1756\" data-end=\"1777\">\u00c2ngulo: 30\u00b0 \u2013 45\u00b0<\/li>\n<li data-section-id=\"8r4lzv\" data-start=\"1778\" data-end=\"1806\">Press\u00e3o: 0,5 \u2013 1,5 bar<\/li>\n<li data-section-id=\"1mu4dmw\" data-start=\"1807\" data-end=\"1835\">Caudal: 0,5 \u2013 0,8 L\/min<\/li>\n<\/ul>\n<p data-start=\"1837\" data-end=\"1876\"><strong data-start=\"1837\" data-end=\"1874\">Desmamados \/ Recria (20\u201340 kg)<\/strong><\/p>\n<ul data-start=\"1877\" data-end=\"1976\">\n<li data-section-id=\"1qrpe7s\" data-start=\"1877\" data-end=\"1900\">Altura: 12 \u2013 18 cm<\/li>\n<li data-section-id=\"kc6vya\" data-start=\"1901\" data-end=\"1922\">\u00c2ngulo: 35\u00b0 \u2013 45\u00b0<\/li>\n<li data-section-id=\"1nv6ul5\" data-start=\"1923\" data-end=\"1947\">Press\u00e3o: 1 \u2013 2 bar<\/li>\n<li data-section-id=\"1djnj7n\" data-start=\"1948\" data-end=\"1976\">Caudal: 0,7 \u2013 1,0 L\/min<\/li>\n<\/ul>\n<p data-start=\"1978\" data-end=\"2002\"><strong data-start=\"1978\" data-end=\"2000\">Su\u00ednos em crescimento (40\u201380 kg)<\/strong><\/p>\n<ul data-start=\"2003\" data-end=\"2104\">\n<li data-section-id=\"dkchy4\" data-start=\"2003\" data-end=\"2026\">Altura: 18 \u2013 25 cm<\/li>\n<li data-section-id=\"11qh10g\" data-start=\"2027\" data-end=\"2048\">\u00c2ngulo: 40\u00b0 \u2013 45\u00b0<\/li>\n<li data-section-id=\"ewpqio\" data-start=\"2049\" data-end=\"2075\">Press\u00e3o: 1 \u2013 2,5 bar<\/li>\n<li data-section-id=\"1tgj8um\" data-start=\"2076\" data-end=\"2104\">Caudal: 0,8 \u2013 1,2 L\/min<\/li>\n<\/ul>\n<p data-start=\"2106\" data-end=\"2133\"><strong data-start=\"2106\" data-end=\"2131\">Engorda (80\u2013120+ kg)<\/strong><\/p>\n<ul data-start=\"2134\" data-end=\"2235\">\n<li data-section-id=\"1u4ywqb\" data-start=\"2134\" data-end=\"2157\">Altura: 25 \u2013 35 cm<\/li>\n<li data-section-id=\"5rf7wz\" data-start=\"2158\" data-end=\"2179\">\u00c2ngulo: 45\u00b0 &#8211; 90\u00b0<\/li>\n<li data-section-id=\"10hiqf5\" data-start=\"2180\" data-end=\"2206\">Press\u00e3o: 1,5 \u2013 3 bar<\/li>\n<li data-section-id=\"1667clc\" data-start=\"2207\" data-end=\"2235\">Caudal: 1,0 \u2013 1,5 L\/min<\/li>\n<\/ul>\n<hr data-start=\"2237\" data-end=\"2240\">\n<h3 data-section-id=\"1gk5xbx\" data-start=\"2242\" data-end=\"2282\"><span role=\"text\"><strong data-start=\"2246\" data-end=\"2282\">Press\u00e3o de \u00e1gua recomendada<\/strong><\/span><\/h3>\n<p data-start=\"2283\" data-end=\"2395\">Todos os bebedouros funcionam tanto a baixa como a alta press\u00e3o, com um valor m\u00e1ximo de <strong data-start=\"2376\" data-end=\"2394\">4 bar (55 psi)<\/strong>.<\/p>\n<p data-start=\"2397\" data-end=\"2494\">Para a cria\u00e7\u00e3o de leit\u00f5es, a press\u00e3o da \u00e1gua n\u00e3o deve exceder <strong data-start=\"2475\" data-end=\"2493\">2 bar (28 psi)<\/strong>.<\/p>\n<p data-start=\"2496\" data-end=\"2541\">Em geral, press\u00f5es mais baixas favorecem:<\/p>\n<ul data-start=\"2542\" data-end=\"2696\">\n<li data-section-id=\"11e5cqa\" data-start=\"2542\" data-end=\"2562\">poupan\u00e7a de \u00e1gua<\/li>\n<li data-section-id=\"140hy6k\" data-start=\"2563\" data-end=\"2602\">menor desgaste de juntas e mola<\/li>\n<li data-section-id=\"fqvo0v\" data-start=\"2603\" data-end=\"2634\">fluxo de \u00e1gua mais suave<\/li>\n<li data-section-id=\"1k8yo6e\" data-start=\"2635\" data-end=\"2668\">maior facilidade de utiliza\u00e7\u00e3o<\/li>\n<li data-section-id=\"1hn09s\" data-start=\"2669\" data-end=\"2696\">redu\u00e7\u00e3o do desperd\u00edcio<\/li>\n<\/ul>\n<p data-start=\"2698\" data-end=\"2754\">\ud83d\udc49 Recomenda-se a utiliza\u00e7\u00e3o de um redutor de press\u00e3o.<\/p>\n<hr data-start=\"2756\" data-end=\"2759\">\n<h3 data-section-id=\"1rk201d\" data-start=\"2629\" data-end=\"2654\"><strong data-start=\"2633\" data-end=\"2652\">Caudal de \u00e1gua<\/strong><\/h3>\n<p data-start=\"2655\" data-end=\"2701\">\ud83d\udc49 <a href=\"https:\/\/fdasrl.it\/wp-content\/uploads\/2025\/01\/grafico-fda-succhiotto-mangia-bevi-000005.webp\">(CLIQUE AQUI) para a tabela de caudais<\/a><\/p>\n<p data-start=\"2703\" data-end=\"2787\">O caudal de \u00e1gua varia em fun\u00e7\u00e3o da press\u00e3o dispon\u00edvel ao longo da linha h\u00eddrica.<\/p>\n<p data-start=\"2789\" data-end=\"2957\">Para leit\u00f5es e su\u00ednos em crescimento recomenda-se um caudal entre <strong data-start=\"2866\" data-end=\"2885\">0,6 e 1,0 L\/min<\/strong>, de modo a obter uma humidifica\u00e7\u00e3o correta do alimento sem excessos.<\/p>\n<p data-start=\"2959\" data-end=\"3058\">Os bicos regul\u00e1veis permitem adaptar o caudal \u00e0 press\u00e3o dispon\u00edvel na instala\u00e7\u00e3o.<\/p>\n<p data-start=\"3060\" data-end=\"3136\">Se for necess\u00e1rio um caudal maior, est\u00e3o dispon\u00edveis v\u00e1lvulas com di\u00e2metros:<\/p>\n<ul data-start=\"3137\" data-end=\"3171\">\n<li data-section-id=\"dkblkz\" data-start=\"3137\" data-end=\"3147\">\n<p data-start=\"3139\" data-end=\"3147\">\u00d8 3 mm<\/p>\n<\/li>\n<li data-section-id=\"ce2p6i\" data-start=\"3148\" data-end=\"3160\">\n<p data-start=\"3150\" data-end=\"3160\">\u00d8 3,5 mm<\/p>\n<\/li>\n<li data-section-id=\"cycn50\" data-start=\"3161\" data-end=\"3171\">\n<p data-start=\"3163\" data-end=\"3171\">\u00d8 4 mm<\/p>\n<\/li>\n<\/ul>\n<p data-start=\"3173\" data-end=\"3300\">O emprego de redutores de press\u00e3o permite uma gest\u00e3o centralizada do caudal, particularmente \u00fatil nos per\u00edodos quentes.<\/p>\n<hr data-start=\"2998\" data-end=\"3001\">\n<h3 data-section-id=\"1uqk9zm\" data-start=\"3003\" data-end=\"3036\"><span role=\"text\"><strong data-start=\"3007\" data-end=\"3036\">Contamina\u00e7\u00e3o da \u00e1gua<\/strong><\/span><\/h3>\n<p data-start=\"3037\" data-end=\"3120\">A presen\u00e7a de impurezas ou sedimentos pode comprometer o funcionamento do sistema.<\/p>\n<p data-start=\"3122\" data-end=\"3223\">\ud83d\udc49 Recomenda-se a instala\u00e7\u00e3o de um filtro na instala\u00e7\u00e3o h\u00eddrica para garantir desempenhos constantes.<\/p>\n","protected":false},"excerpt":{"rendered":"<p><strong data-start=\"79\" data-end=\"169\">Bebedouro autom\u00e1tico de tetina 3\/8\u2033 f\u00eamea para comedouros su\u00ednos (come e bebe)<\/strong>, concebido para fornecer \u00e1gua diretamente durante a ingest\u00e3o do alimento. Fabricado em a\u00e7o inoxid\u00e1vel com rosca em lat\u00e3o, garante resist\u00eancia, higiene e longa dura\u00e7\u00e3o, melhorando a efici\u00eancia alimentar e reduzindo o desperd\u00edcio de \u00e1gua. <\/p>\n<p><a href=\"https:\/\/fdasrl.it\/wp-content\/uploads\/2025\/01\/Installation-Fda-Nipple-drinkers-1-2-for-feeders_compressed.pdf\">\ud83d\udc49 <b>(CLIQUE AQUI)<\/b> para a tabela completa de instala\u00e7\u00e3o<\/a><\/p>\n<p><a href=\"https:\/\/fdasrl.it\/wp-content\/uploads\/2025\/01\/grafico-fda-succhiotto-mangia-bevi-000005.webp\">\ud83d\udc49 <b>(CLIQUE AQUI)<\/b> para a tabela de caudais<\/a><\/p>\n<p>\ud83d\udc49 <a href=\"https:\/\/fdasrl.it\/wp-content\/uploads\/2025\/01\/FDA000024.pdf\"><b>(CLIQUE AQUI)<\/b> para o desenho t\u00e9cnico<\/a><\/p>\n","protected":false},"featured_media":1311,"comment_status":"open","ping_status":"closed","template":"","meta":{"_et_pb_use_builder":"","_et_pb_old_content":"","_et_gb_content_width":""},"product_brand":[],"product_cat":[830,1189,1188,628],"product_tag":[1280],"class_list":{"0":"post-5559","1":"product","2":"type-product","3":"status-publish","4":"has-post-thumbnail","6":"product_cat-bebedouros-3","7":"product_cat-bebedouros-de-chupeta","8":"product_cat-latao-aco-inoxidavel","9":"product_cat-suinos","10":"product_tag-fda-000028","12":"first","13":"instock","14":"shipping-taxable","15":"product-type-simple"},"yoast_head":"<!-- This site is optimized with the Yoast SEO Premium plugin v27.5 (Yoast SEO v27.5) - https:\/\/yoast.com\/product\/yoast-seo-premium-wordpress\/ -->\n<title>Bebedouro su\u00ednos 3\/8 f\u00eamea humidificador come e bebe - FDA srl<\/title>\n<meta name=\"description\" content=\"Assegure uma hidrata\u00e7\u00e3o adequada dos seus su\u00ednos com o Bebedouro su\u00ednos 3\/8 f\u00eamea humidificador come e bebe. Descubra mais agora! \ud83d\udca7\" \/>\n<meta name=\"robots\" content=\"index, follow, max-snippet:-1, max-image-preview:large, max-video-preview:-1\" \/>\n<link rel=\"canonical\" href=\"https:\/\/fdasrl.it\/pt-pt\/prodotto\/art-fda-000028-bebedouro-automatico-3-8-f-humidificador-para-comedouros-suinos-come-bebe\/\" \/>\n<meta property=\"og:locale\" content=\"pt_PT\" \/>\n<meta property=\"og:type\" content=\"article\" \/>\n<meta property=\"og:title\" content=\"Art. FDA-000028 - Bebedouro autom\u00e1tico 3\/8&quot; F humidificador para comedouros su\u00ednos (come\/bebe)\" \/>\n<meta property=\"og:description\" content=\"Assegure uma hidrata\u00e7\u00e3o adequada dos seus su\u00ednos com o Bebedouro su\u00ednos 3\/8 f\u00eamea humidificador come e bebe. Descubra mais agora! \ud83d\udca7\" \/>\n<meta property=\"og:url\" content=\"https:\/\/fdasrl.it\/pt-pt\/prodotto\/art-fda-000028-bebedouro-automatico-3-8-f-humidificador-para-comedouros-suinos-come-bebe\/\" \/>\n<meta property=\"og:site_name\" content=\"FDA srl\" \/>\n<meta property=\"article:publisher\" content=\"https:\/\/www.facebook.com\/share\/1MWhFWg1Tp\/?mibextid=LQQJ4d\" \/>\n<meta property=\"og:image\" content=\"https:\/\/fdasrl.it\/wp-content\/uploads\/2025\/01\/FDA_028.jpg\" \/>\n\t<meta property=\"og:image:width\" content=\"1655\" \/>\n\t<meta property=\"og:image:height\" content=\"1441\" \/>\n\t<meta property=\"og:image:type\" content=\"image\/jpeg\" \/>\n<meta name=\"twitter:card\" content=\"summary_large_image\" \/>\n<meta name=\"twitter:label1\" content=\"pre\u00e7o\" \/>\n\t<meta name=\"twitter:data1\" content=\"\" \/>\n\t<meta name=\"twitter:label2\" content=\"Disponibilidade\" \/>\n\t<meta name=\"twitter:data2\" content=\"Em stock\" \/>\n<meta property=\"product:price:currency\" content=\"EUR\" \/>\n<meta property=\"og:availability\" content=\"instock\" \/>\n<meta property=\"product:availability\" content=\"instock\" \/>\n<meta property=\"product:retailer_item_id\" content=\"FDA-000028\" \/>\n<meta property=\"product:condition\" content=\"new\" \/>\n<!-- \/ Yoast SEO Premium plugin. -->","yoast_head_json":{"title":"Bebedouro su\u00ednos 3\/8 f\u00eamea humidificador come e bebe - FDA srl","description":"Assegure uma hidrata\u00e7\u00e3o adequada dos seus su\u00ednos com o Bebedouro su\u00ednos 3\/8 f\u00eamea humidificador come e bebe. Descubra mais agora! \ud83d\udca7","robots":{"index":"index","follow":"follow","max-snippet":"max-snippet:-1","max-image-preview":"max-image-preview:large","max-video-preview":"max-video-preview:-1"},"canonical":"https:\/\/fdasrl.it\/pt-pt\/prodotto\/art-fda-000028-bebedouro-automatico-3-8-f-humidificador-para-comedouros-suinos-come-bebe\/","og_locale":"pt_PT","og_type":"article","og_title":"Art. FDA-000028 - Bebedouro autom\u00e1tico 3\/8\" F humidificador para comedouros su\u00ednos (come\/bebe)","og_description":"Assegure uma hidrata\u00e7\u00e3o adequada dos seus su\u00ednos com o Bebedouro su\u00ednos 3\/8 f\u00eamea humidificador come e bebe. Descubra mais agora! \ud83d\udca7","og_url":"https:\/\/fdasrl.it\/pt-pt\/prodotto\/art-fda-000028-bebedouro-automatico-3-8-f-humidificador-para-comedouros-suinos-come-bebe\/","og_site_name":"FDA srl","article_publisher":"https:\/\/www.facebook.com\/share\/1MWhFWg1Tp\/?mibextid=LQQJ4d","og_image":[{"width":1655,"height":1441,"url":"https:\/\/fdasrl.it\/wp-content\/uploads\/2025\/01\/FDA_028.jpg","type":"image\/jpeg"}],"twitter_card":"summary_large_image","twitter_misc":{"pre\u00e7o":"","Disponibilidade":"Em stock"},"schema":{"@context":"https:\/\/schema.org","@graph":[{"@type":"WebPage","@id":"https:\/\/fdasrl.it\/pt-pt\/prodotto\/art-fda-000028-bebedouro-automatico-3-8-f-humidificador-para-comedouros-suinos-come-bebe\/","url":"https:\/\/fdasrl.it\/pt-pt\/prodotto\/art-fda-000028-bebedouro-automatico-3-8-f-humidificador-para-comedouros-suinos-come-bebe\/","name":"Bebedouro su\u00ednos 3\/8 f\u00eamea humidificador come e bebe - FDA srl","isPartOf":{"@id":"https:\/\/fdasrl.it\/pt-pt\/#website"},"primaryImageOfPage":{"@id":"https:\/\/fdasrl.it\/pt-pt\/prodotto\/art-fda-000028-bebedouro-automatico-3-8-f-humidificador-para-comedouros-suinos-come-bebe\/#primaryimage"},"image":{"@id":"https:\/\/fdasrl.it\/pt-pt\/prodotto\/art-fda-000028-bebedouro-automatico-3-8-f-humidificador-para-comedouros-suinos-come-bebe\/#primaryimage"},"thumbnailUrl":"https:\/\/fdasrl.it\/wp-content\/uploads\/2025\/01\/FDA_028.jpg","datePublished":"2025-01-15T11:03:21+00:00","description":"Assegure uma hidrata\u00e7\u00e3o adequada dos seus su\u00ednos com o Bebedouro su\u00ednos 3\/8 f\u00eamea humidificador come e bebe. Descubra mais agora! \ud83d\udca7","breadcrumb":{"@id":"https:\/\/fdasrl.it\/pt-pt\/prodotto\/art-fda-000028-bebedouro-automatico-3-8-f-humidificador-para-comedouros-suinos-come-bebe\/#breadcrumb"},"inLanguage":"pt-PT","potentialAction":[{"@type":"ReadAction","target":["https:\/\/fdasrl.it\/pt-pt\/prodotto\/art-fda-000028-bebedouro-automatico-3-8-f-humidificador-para-comedouros-suinos-come-bebe\/"]}]},{"@type":"ImageObject","inLanguage":"pt-PT","@id":"https:\/\/fdasrl.it\/pt-pt\/prodotto\/art-fda-000028-bebedouro-automatico-3-8-f-humidificador-para-comedouros-suinos-come-bebe\/#primaryimage","url":"https:\/\/fdasrl.it\/wp-content\/uploads\/2025\/01\/FDA_028.jpg","contentUrl":"https:\/\/fdasrl.it\/wp-content\/uploads\/2025\/01\/FDA_028.jpg","width":1655,"height":1441},{"@type":"BreadcrumbList","@id":"https:\/\/fdasrl.it\/pt-pt\/prodotto\/art-fda-000028-bebedouro-automatico-3-8-f-humidificador-para-comedouros-suinos-come-bebe\/#breadcrumb","itemListElement":[{"@type":"ListItem","position":1,"name":"Home","item":"https:\/\/fdasrl.it\/pt-pt\/inicio\/"},{"@type":"ListItem","position":2,"name":"Loja","item":"https:\/\/fdasrl.it\/pt-pt\/loja\/"},{"@type":"ListItem","position":3,"name":"Art. FDA-000028 &#8211; Bebedouro autom\u00e1tico 3\/8&#8243; F humidificador para comedouros su\u00ednos (come\/bebe)"}]},{"@type":"WebSite","@id":"https:\/\/fdasrl.it\/pt-pt\/#website","url":"https:\/\/fdasrl.it\/pt-pt\/","name":"FDA srl","description":"Equipment for animal husbandry","publisher":{"@id":"https:\/\/fdasrl.it\/pt-pt\/#organization"},"potentialAction":[{"@type":"SearchAction","target":{"@type":"EntryPoint","urlTemplate":"https:\/\/fdasrl.it\/pt-pt\/?s={search_term_string}"},"query-input":{"@type":"PropertyValueSpecification","valueRequired":true,"valueName":"search_term_string"}}],"inLanguage":"pt-PT"},{"@type":"Organization","@id":"https:\/\/fdasrl.it\/pt-pt\/#organization","name":"FDA srl","url":"https:\/\/fdasrl.it\/pt-pt\/","logo":{"@type":"ImageObject","inLanguage":"pt-PT","@id":"https:\/\/fdasrl.it\/pt-pt\/#\/schema\/logo\/image\/","url":"https:\/\/fdasrl.it\/wp-content\/uploads\/2024\/12\/Logo-FDA.png","contentUrl":"https:\/\/fdasrl.it\/wp-content\/uploads\/2024\/12\/Logo-FDA.png","width":316,"height":119,"caption":"FDA srl"},"image":{"@id":"https:\/\/fdasrl.it\/pt-pt\/#\/schema\/logo\/image\/"},"sameAs":["https:\/\/www.facebook.com\/share\/1MWhFWg1Tp\/?mibextid=LQQJ4d","https:\/\/www.instagram.com\/fda_srl\/profilecard\/?igsh=YW5lbzJ6MWg0d21u","https:\/\/www.youtube.com\/@FDASRL_ANIMALCARE"],"description":"FDA SRL \u2013 Equipment for animal husbandry nasce con l\u2019obiettivo di offrire soluzioni affidabili e innovative per l\u2019allevamento moderno. Con anni di esperienza nel settore zootecnico, progettiamo e realizziamo attrezzature destinate al benessere animale e alla gestione efficiente delle stalle: vasche, abbeveratoi, mangiatoie e sistemi di riscaldamento pensati per durare nel tempo e semplificare il lavoro quotidiano degli allevatori. Dalla progettazione alla produzione, ogni nostro prodotto \u00e8 studiato nei minimi dettagli, testato con cura e costruito per rispondere alle esigenze reali del settore. La nostra forza \u00e8 unire artigianalit\u00e0, tecnologia e competenza tecnica per trasformare ogni progetto in una soluzione concreta e funzionale. Oggi FDA SRL \u00e8 un punto di riferimento per privati e rivenditori che cercano qualit\u00e0, affidabilit\u00e0 e innovazione nelle attrezzature per l\u2019allevamento.","email":"info@fdasrl.it","telephone":"+390522826820","legalName":"F.D.A. SRL","foundingDate":"2024-10-13","vatID":"03075840359","taxID":"03075840359","numberOfEmployees":{"@type":"QuantitativeValue","minValue":"1","maxValue":"10"}}]},"product_price_currency":"EUR","og_availability":"instock","product_availability":"instock","product_retailer_item_id":"FDA-000028","product_condition":"new"},"_links":{"self":[{"href":"https:\/\/fdasrl.it\/pt-pt\/wp-json\/wp\/v2\/product\/5559","targetHints":{"allow":["GET"]}}],"collection":[{"href":"https:\/\/fdasrl.it\/pt-pt\/wp-json\/wp\/v2\/product"}],"about":[{"href":"https:\/\/fdasrl.it\/pt-pt\/wp-json\/wp\/v2\/types\/product"}],"replies":[{"embeddable":true,"href":"https:\/\/fdasrl.it\/pt-pt\/wp-json\/wp\/v2\/comments?post=5559"}],"wp:featuredmedia":[{"embeddable":true,"href":"https:\/\/fdasrl.it\/pt-pt\/wp-json\/wp\/v2\/media\/1311"}],"wp:attachment":[{"href":"https:\/\/fdasrl.it\/pt-pt\/wp-json\/wp\/v2\/media?parent=5559"}],"wp:term":[{"taxonomy":"product_brand","embeddable":true,"href":"https:\/\/fdasrl.it\/pt-pt\/wp-json\/wp\/v2\/product_brand?post=5559"},{"taxonomy":"product_cat","embeddable":true,"href":"https:\/\/fdasrl.it\/pt-pt\/wp-json\/wp\/v2\/product_cat?post=5559"},{"taxonomy":"product_tag","embeddable":true,"href":"https:\/\/fdasrl.it\/pt-pt\/wp-json\/wp\/v2\/product_tag?post=5559"}],"curies":[{"name":"wp","href":"https:\/\/api.w.org\/{rel}","templated":true}]}}