{"id":5655,"date":"2025-01-15T11:55:27","date_gmt":"2025-01-15T10:55:27","guid":{"rendered":"https:\/\/fdasrl.it\/prodotto\/art-fda-000007tp-bebedouro-de-1-2-humidificador-de-botao-em-latao\/"},"modified":"2025-01-15T11:55:27","modified_gmt":"2025-01-15T10:55:27","slug":"art-fda-000007tp-bebedouro-de-1-2-humidificador-de-botao-em-latao","status":"publish","type":"product","link":"https:\/\/fdasrl.it\/pt-pt\/prodotto\/art-fda-000007tp-bebedouro-de-1-2-humidificador-de-botao-em-latao\/","title":{"rendered":"Art. FDA-000007TP &#8211; Bebedouro de 1\/2\u201d humidificador de bot\u00e3o em lat\u00e3o"},"content":{"rendered":"<h2 data-section-id=\"1ynp7ed\" data-start=\"160\" data-end=\"298\"><span role=\"text\"><strong data-start=\"163\" data-end=\"298\">Art. FDA-000007TP &#8211; Bebedouro autom\u00e1tico de chupeta de 1\/2&#8243; humidificador de bot\u00e3o em lat\u00e3o para comedouros de su\u00ednos (comer\/beber)<\/strong><\/span><\/h2>\n<h3 data-section-id=\"jbtoyn\" data-start=\"300\" data-end=\"334\"><span role=\"text\"><strong data-start=\"304\" data-end=\"332\">Descri\u00e7\u00e3o do produto<\/strong><\/span><\/h3>\n<p data-start=\"335\" data-end=\"582\">O bebedouro autom\u00e1tico de chupeta <strong data-start=\"374\" data-end=\"411\">FDA-000007TP de bot\u00e3o em lat\u00e3o<\/strong> foi concebido para ser utilizado no interior dos comedouros (sistemas de comer e beber), garantendo um fornecimento de \u00e1gua constante diretamente durante a ingest\u00e3o da ra\u00e7\u00e3o.<\/p>\n<p data-start=\"584\" data-end=\"743\">O sistema de <strong data-start=\"597\" data-end=\"609\">bot\u00e3o<\/strong> permite uma ativa\u00e7\u00e3o precisa e controlada pelo animal, melhorando a gest\u00e3o da \u00e1gua no interior do comedouro.<\/p>\n<p data-start=\"745\" data-end=\"914\">Esta solu\u00e7\u00e3o permite melhorar a ingest\u00e3o alimentar, favorecer a hidrata\u00e7\u00e3o dos animais e reduzir o desperd\u00edcio, mantendo a \u00e1rea de cria\u00e7\u00e3o mais limpa.<\/p>\n<p data-start=\"916\" data-end=\"1067\">Fabricado com materiais robustos e resistentes ao desgaste, \u00e9 ideal para explora\u00e7\u00f5es suin\u00edcolas que exigem fiabilidade, durabilidade e facilidade de gest\u00e3o.<\/p>\n<hr data-start=\"1069\" data-end=\"1072\">\n<h3 data-section-id=\"w1my6q\" data-start=\"1074\" data-end=\"1106\"><span role=\"text\"><strong data-start=\"1078\" data-end=\"1106\">Caracter\u00edsticas t\u00e9cnicas<\/strong><\/span><\/h3>\n<ul data-start=\"1107\" data-end=\"1290\">\n<li data-section-id=\"zhm7l1\" data-start=\"1107\" data-end=\"1126\">Corpo em lat\u00e3o<\/li>\n<li data-section-id=\"pi13n9\" data-start=\"1127\" data-end=\"1159\">Sistema de bot\u00e3o em lat\u00e3o<\/li>\n<li data-section-id=\"fivce\" data-start=\"1160\" data-end=\"1182\">Liga\u00e7\u00e3o de \u00e1gua 1\/2&#8243;<\/li>\n<li data-section-id=\"kp7h5u\" data-start=\"1183\" data-end=\"1213\">Comprimento total: 47,15 mm<\/li>\n<li data-section-id=\"jnopu1\" data-start=\"1214\" data-end=\"1236\">Pino \u00d8 17 x 10 mm<\/li>\n<li data-section-id=\"jjpnr2\" data-start=\"1237\" data-end=\"1254\">Sextavado 19 mm<\/li>\n<li data-section-id=\"jjpnr2\" data-start=\"1237\" data-end=\"1254\">Peso: 65,0 gramas<\/li>\n<li data-section-id=\"1mv8i4q\" data-start=\"1255\" data-end=\"1290\">Estrutura compacta e resistente<\/li>\n<\/ul>\n<hr data-start=\"1292\" data-end=\"1295\">\n<h3 data-section-id=\"9sy6zo\" data-start=\"1297\" data-end=\"1338\"><span role=\"text\"><strong data-start=\"1301\" data-end=\"1338\">Alturas e \u00e2ngulo de instala\u00e7\u00e3o<\/strong><\/span><\/h3>\n<p data-start=\"1339\" data-end=\"1397\"><a href=\"https:\/\/fdasrl.it\/wp-content\/uploads\/2025\/01\/Installation-Fda-Nipple-drinkers-1-2-for-feeders_compressed.pdf\">\ud83d\udc49 (CLIQUE AQUI) para a tabela completa de instala\u00e7\u00e3o<\/a><\/p>\n<p data-start=\"1399\" data-end=\"1445\">As alturas indicadas s\u00e3o diretrizes gerais.<\/p>\n<p data-start=\"1447\" data-end=\"1595\">O bebedouro <strong data-start=\"1462\" data-end=\"1478\">FDA-000007TP<\/strong> foi concebido para ser instalado no interior dos comedouros, para que o su\u00edno o possa ativar enquanto come.<\/p>\n<p data-start=\"1597\" data-end=\"1775\">Para a cria\u00e7\u00e3o de leit\u00f5es, recomenda-se a utiliza\u00e7\u00e3o de duas alturas de instala\u00e7\u00e3o ou de reguladores de altura, de forma a adaptar a posi\u00e7\u00e3o ao crescimento dos animais.<\/p>\n<p data-start=\"1777\" data-end=\"1830\">A inclina\u00e7\u00e3o pode ser regulada entre <strong data-start=\"1816\" data-end=\"1829\">30\u00b0 e 45\u00b0<\/strong>:<\/p>\n<p data-start=\"1832\" data-end=\"1856\"><strong data-start=\"1832\" data-end=\"1854\">Leit\u00f5es (7\u201320 kg)<\/strong><\/p>\n<ul data-start=\"1857\" data-end=\"1982\">\n<li data-section-id=\"1c90bus\" data-start=\"1857\" data-end=\"1902\">Altura: 8 \u2013 12 cm acima do fundo da manjedoura<\/li>\n<li data-section-id=\"1ka8lgn\" data-start=\"1903\" data-end=\"1924\">\u00c2ngulo: 30\u00b0 \u2013 45\u00b0<\/li>\n<li data-section-id=\"8r4lzv\" data-start=\"1925\" data-end=\"1953\">Press\u00e3o: 0,5 \u2013 1,5 bar<\/li>\n<li data-section-id=\"1mu4dmw\" data-start=\"1954\" data-end=\"1982\">Caudal: 0,5 \u2013 0,8 L\/min<\/li>\n<\/ul>\n<p data-start=\"1984\" data-end=\"2023\"><strong data-start=\"1984\" data-end=\"2021\">Desmamados \/ Recria (20\u201340 kg)<\/strong><\/p>\n<ul data-start=\"2024\" data-end=\"2123\">\n<li data-section-id=\"1qrpe7s\" data-start=\"2024\" data-end=\"2047\">Altura: 12 \u2013 18 cm<\/li>\n<li data-section-id=\"kc6vya\" data-start=\"2048\" data-end=\"2069\">\u00c2ngulo: 35\u00b0 \u2013 45\u00b0<\/li>\n<li data-section-id=\"1nv6ul5\" data-start=\"2070\" data-end=\"2094\">Press\u00e3o: 1 \u2013 2 bar<\/li>\n<li data-section-id=\"1djnj7n\" data-start=\"2095\" data-end=\"2123\">Caudal: 0,7 \u2013 1,0 L\/min<\/li>\n<\/ul>\n<p data-start=\"2125\" data-end=\"2149\"><strong data-start=\"2125\" data-end=\"2147\">Su\u00ednos em crescimento (40\u201380 kg)<\/strong><\/p>\n<ul data-start=\"2150\" data-end=\"2251\">\n<li data-section-id=\"dkchy4\" data-start=\"2150\" data-end=\"2173\">Altura: 18 \u2013 25 cm<\/li>\n<li data-section-id=\"11qh10g\" data-start=\"2174\" data-end=\"2195\">\u00c2ngulo: 40\u00b0 \u2013 45\u00b0<\/li>\n<li data-section-id=\"ewpqio\" data-start=\"2196\" data-end=\"2222\">Press\u00e3o: 1 \u2013 2,5 bar<\/li>\n<li data-section-id=\"1tgj8um\" data-start=\"2223\" data-end=\"2251\">Caudal: 0,8 \u2013 1,2 L\/min<\/li>\n<\/ul>\n<p data-start=\"2253\" data-end=\"2280\"><strong data-start=\"2253\" data-end=\"2278\">Engorda (80\u2013120+ kg)<\/strong><\/p>\n<ul data-start=\"2281\" data-end=\"2376\">\n<li data-section-id=\"1u4ywqb\" data-start=\"2281\" data-end=\"2304\">Altura: 25 \u2013 35 cm<\/li>\n<li data-section-id=\"o3souf\" data-start=\"2305\" data-end=\"2320\">\u00c2ngulo: 45\u00b0<\/li>\n<li data-section-id=\"10hiqf5\" data-start=\"2321\" data-end=\"2347\">Press\u00e3o: 1,5 \u2013 3 bar<\/li>\n<li data-section-id=\"1667clc\" data-start=\"2348\" data-end=\"2376\">Caudal: 1,0 \u2013 1,5 L\/min<\/li>\n<\/ul>\n<p data-start=\"2378\" data-end=\"2533\">Uma instala\u00e7\u00e3o correta permite direcionar o fluxo de \u00e1gua diretamente para a ra\u00e7\u00e3o, reduzindo o desperd\u00edcio e melhorando a efici\u00eancia alimentar.<\/p>\n<hr data-start=\"2535\" data-end=\"2538\">\n<h3 data-section-id=\"1gk5xbx\" data-start=\"2540\" data-end=\"2580\"><span role=\"text\"><strong data-start=\"2544\" data-end=\"2580\">Press\u00e3o de \u00e1gua recomendada<\/strong><\/span><\/h3>\n<p data-start=\"2581\" data-end=\"2693\">Todos os bebedouros funcionam tanto a baixa como a alta press\u00e3o, com um valor m\u00e1ximo de <strong data-start=\"2674\" data-end=\"2692\">4 bar (55 psi)<\/strong>.<\/p>\n<p data-start=\"2695\" data-end=\"2792\">Para a cria\u00e7\u00e3o de leit\u00f5es, a press\u00e3o da \u00e1gua n\u00e3o deve exceder <strong data-start=\"2773\" data-end=\"2791\">2 bar (28 psi)<\/strong>.<\/p>\n<p data-start=\"2794\" data-end=\"2839\">Em geral, press\u00f5es mais baixas favorecem:<\/p>\n<ul data-start=\"2840\" data-end=\"2989\">\n<li data-section-id=\"11e5cqa\" data-start=\"2840\" data-end=\"2860\">poupan\u00e7a de \u00e1gua<\/li>\n<li data-section-id=\"d1z0hg\" data-start=\"2861\" data-end=\"2892\">menor desgaste dos componentes<\/li>\n<li data-section-id=\"sa36z7\" data-start=\"2893\" data-end=\"2927\">fluxo de \u00e1gua mais controlado<\/li>\n<li data-section-id=\"1k8yo6e\" data-start=\"2928\" data-end=\"2961\">maior facilidade de utiliza\u00e7\u00e3o<\/li>\n<li data-section-id=\"1hn09s\" data-start=\"2962\" data-end=\"2989\">redu\u00e7\u00e3o do desperd\u00edcio<\/li>\n<\/ul>\n<p data-start=\"2991\" data-end=\"3089\">\ud83d\udc49 Recomenda-se a utiliza\u00e7\u00e3o de um redutor de press\u00e3o na presen\u00e7a de valores elevados ou vari\u00e1veis.<\/p>\n<hr data-start=\"3091\" data-end=\"3094\">\n<h3 data-section-id=\"1kh8do1\" data-start=\"3096\" data-end=\"3119\"><span role=\"text\"><strong data-start=\"3100\" data-end=\"3119\">Caudal de \u00e1gua<\/strong><\/span><\/h3>\n<p data-start=\"3120\" data-end=\"3166\"><a href=\"https:\/\/fdasrl.it\/wp-content\/uploads\/2026\/04\/grafico-fda-succhiotto-mangia-bevi-0000024TP.jpg\">\ud83d\udc49 (CLIQUE AQUI) para a tabela de caudais<\/a><\/p>\n<p data-start=\"3168\" data-end=\"3283\">O caudal do abbeveradouro autom\u00e1tico de chupeta 1\/2&#8243; varia consoante a press\u00e3o presente na linha de \u00e1gua.<\/p>\n<p data-start=\"3285\" data-end=\"3442\">Para um funcionamento ideal, recomenda-se um caudal entre <strong data-start=\"3353\" data-end=\"3372\">0,7 e 1,5 L\/min<\/strong>, de modo a obter uma humidifica\u00e7\u00e3o correta da ra\u00e7\u00e3o sem excessos.<\/p>\n<p data-start=\"3444\" data-end=\"3565\">O sistema de bot\u00e3o permite um fornecimento controlado, adaptando-se \u00e0s diferentes condi\u00e7\u00f5es de press\u00e3o da instala\u00e7\u00e3o.<\/p>\n<p data-start=\"809\" data-end=\"865\">No gr\u00e1fico est\u00e3o destacados tr\u00eas n\u00edveis de regula\u00e7\u00e3o:<\/p>\n<ul data-start=\"867\" data-end=\"1090\">\n<li data-section-id=\"80vfqb\" data-start=\"867\" data-end=\"946\">\n<p data-start=\"869\" data-end=\"946\"><strong data-start=\"869\" data-end=\"905\">N\u00edvel 1 (2\u20139 bar) \u2013 zona verde<\/strong><br data-start=\"905\" data-end=\"908\"\/>para instala\u00e7\u00f5es com press\u00e3o elevada<\/p>\n<\/li>\n<li data-section-id=\"1gr8l3v\" data-start=\"948\" data-end=\"1015\">\n<p data-start=\"950\" data-end=\"1015\"><strong data-start=\"950\" data-end=\"984\">N\u00edvel 2 (1\u20132 bar) \u2013 zona azul<\/strong><br data-start=\"984\" data-end=\"987\"\/>para press\u00f5es interm\u00e9dias<\/p>\n<\/li>\n<li data-section-id=\"sd5jiu\" data-start=\"1017\" data-end=\"1090\">\n<p data-start=\"1019\" data-end=\"1090\"><strong data-start=\"1019\" data-end=\"1056\">N\u00edvel 3 (0\u20131 bar) \u2013 zona cinzenta<\/strong><br data-start=\"1056\" data-end=\"1059\"\/>para linhas de baixa press\u00e3o<\/p>\n<\/li>\n<\/ul>\n<p data-start=\"1092\" data-end=\"1263\">O gr\u00e1fico permite identificar rapidamente o n\u00edvel correto a definir na tampa para obter um caudal est\u00e1vel em fun\u00e7\u00e3o da press\u00e3o dispon\u00edvel.<\/p>\n<p data-start=\"1265\" data-end=\"1433\">Com uma regula\u00e7\u00e3o correta, o caudal mant\u00e9m-se em torno de <strong data-start=\"1328\" data-end=\"1341\">1,0 L\/min<\/strong>, garantindo um fluxo constante, fi\u00e1vel e adequado \u00e0s diferentes condi\u00e7\u00f5es de cria\u00e7\u00e3o.<\/p>\n<p data-start=\"3173\" data-end=\"3300\">O emprego de redutores de press\u00e3o permite uma gest\u00e3o centralizada do caudal, particularmente \u00fatil nos per\u00edodos quentes.<\/p>\n<hr data-start=\"3567\" data-end=\"3570\">\n<h3 data-section-id=\"1uqk9zm\" data-start=\"3572\" data-end=\"3605\"><span role=\"text\"><strong data-start=\"3576\" data-end=\"3605\">Contamina\u00e7\u00e3o da \u00e1gua<\/strong><\/span><\/h3>\n<p data-start=\"3606\" data-end=\"3730\">A contamina\u00e7\u00e3o da \u00e1gua ou das tubagens representa uma das principais causas de mau funcionamento dos abbeveradouros.<\/p>\n<p data-start=\"3732\" data-end=\"3854\">A presen\u00e7a de impurezas ou sedimentos pode comprometer o funcionamento correto do sistema e reduzir a sua durabilidade ao longo do tempo.<\/p>\n<p data-start=\"3856\" data-end=\"3990\">\ud83d\udc49 Recomenda-se a instala\u00e7\u00e3o de um filtro no sistema h\u00eddrico para prevenir estes inconvenientes e garantir um desempenho constante.<\/p>\n","protected":false},"excerpt":{"rendered":"<p>Bebedouro autom\u00e1tico de chupeta de 1\/2&#8243; para su\u00ednos, com sistema de bot\u00e3o em lat\u00e3o, ideal para comedouros \u201ccomer e beber\u201d. Garante um fornecimento de \u00e1gua controlado, melhorando a ingest\u00e3o da ra\u00e7\u00e3o e reduzindo o desperd\u00edcio. <\/p>\n<p><a href=\"https:\/\/fdasrl.it\/wp-content\/uploads\/2025\/01\/Installation-Fda-Nipple-drinkers-1-2-for-feeders_compressed.pdf\">\ud83d\udc49 (CLIQUE AQUI) para a tabela completa de instala\u00e7\u00e3o<\/a><\/p>\n<p><a href=\"https:\/\/fdasrl.it\/wp-content\/uploads\/2026\/04\/grafico-fda-succhiotto-mangia-bevi-0000024TP.jpg\">\ud83d\udc49 (CLIQUE AQUI) para a tabela de caudais<\/a><\/p>\n","protected":false},"featured_media":1321,"comment_status":"open","ping_status":"closed","template":"","meta":{"_et_pb_use_builder":"","_et_pb_old_content":"","_et_gb_content_width":""},"product_brand":[],"product_cat":[830,1189,1188,628],"product_tag":[1297],"class_list":{"0":"post-5655","1":"product","2":"type-product","3":"status-publish","4":"has-post-thumbnail","6":"product_cat-bebedouros-3","7":"product_cat-bebedouros-de-chupeta","8":"product_cat-latao-aco-inoxidavel","9":"product_cat-suinos","10":"product_tag-fda-000007tp","12":"first","13":"instock","14":"shipping-taxable","15":"product-type-simple"},"yoast_head":"<!-- This site is optimized with the Yoast SEO Premium plugin v27.5 (Yoast SEO v27.5) - https:\/\/yoast.com\/product\/yoast-seo-premium-wordpress\/ -->\n<title>Bebedouro para su\u00ednos de 1\/2 de bot\u00e3o em lat\u00e3o para explora\u00e7\u00f5es pecu\u00e1rias - FDA srl<\/title>\n<meta name=\"description\" content=\"Descubra o bebedouro para su\u00ednos de 1\/2 de bot\u00e3o em lat\u00e3o, concebido para um fornecimento de \u00e1gua constante durante a refei\u00e7\u00e3o. Melhore a efici\u00eancia hoje!\" \/>\n<meta name=\"robots\" content=\"index, follow, max-snippet:-1, max-image-preview:large, max-video-preview:-1\" \/>\n<link rel=\"canonical\" href=\"https:\/\/fdasrl.it\/pt-pt\/prodotto\/art-fda-000007tp-bebedouro-de-1-2-humidificador-de-botao-em-latao\/\" \/>\n<meta property=\"og:locale\" content=\"pt_PT\" \/>\n<meta property=\"og:type\" content=\"article\" \/>\n<meta property=\"og:title\" content=\"Art. FDA-000007TP - Bebedouro de 1\/2\u201d humidificador de bot\u00e3o em lat\u00e3o\" \/>\n<meta property=\"og:description\" content=\"Descubra o bebedouro para su\u00ednos de 1\/2 de bot\u00e3o em lat\u00e3o, concebido para um fornecimento de \u00e1gua constante durante a refei\u00e7\u00e3o. Melhore a efici\u00eancia hoje!\" \/>\n<meta property=\"og:url\" content=\"https:\/\/fdasrl.it\/pt-pt\/prodotto\/art-fda-000007tp-bebedouro-de-1-2-humidificador-de-botao-em-latao\/\" \/>\n<meta property=\"og:site_name\" content=\"FDA srl\" \/>\n<meta property=\"article:publisher\" content=\"https:\/\/www.facebook.com\/share\/1MWhFWg1Tp\/?mibextid=LQQJ4d\" \/>\n<meta property=\"og:image\" content=\"https:\/\/fdasrl.it\/wp-content\/uploads\/2025\/01\/abbeveratoio-succhiotto-suini-1-2-maschio-ottone-mangia-bevi-umidificatore-fda-00007TP-1.png\" \/>\n\t<meta property=\"og:image:width\" content=\"621\" \/>\n\t<meta property=\"og:image:height\" content=\"577\" \/>\n\t<meta property=\"og:image:type\" content=\"image\/png\" \/>\n<meta name=\"twitter:card\" content=\"summary_large_image\" \/>\n<meta name=\"twitter:label1\" content=\"pre\u00e7o\" \/>\n\t<meta name=\"twitter:data1\" content=\"\" \/>\n\t<meta name=\"twitter:label2\" content=\"Disponibilidade\" \/>\n\t<meta name=\"twitter:data2\" content=\"Em stock\" \/>\n<meta property=\"product:price:currency\" content=\"EUR\" \/>\n<meta property=\"og:availability\" content=\"instock\" \/>\n<meta property=\"product:availability\" content=\"instock\" \/>\n<meta property=\"product:retailer_item_id\" content=\"FDA-000007TP\" \/>\n<meta property=\"product:condition\" content=\"new\" \/>\n<!-- \/ Yoast SEO Premium plugin. -->","yoast_head_json":{"title":"Bebedouro para su\u00ednos de 1\/2 de bot\u00e3o em lat\u00e3o para explora\u00e7\u00f5es pecu\u00e1rias - FDA srl","description":"Descubra o bebedouro para su\u00ednos de 1\/2 de bot\u00e3o em lat\u00e3o, concebido para um fornecimento de \u00e1gua constante durante a refei\u00e7\u00e3o. Melhore a efici\u00eancia hoje!","robots":{"index":"index","follow":"follow","max-snippet":"max-snippet:-1","max-image-preview":"max-image-preview:large","max-video-preview":"max-video-preview:-1"},"canonical":"https:\/\/fdasrl.it\/pt-pt\/prodotto\/art-fda-000007tp-bebedouro-de-1-2-humidificador-de-botao-em-latao\/","og_locale":"pt_PT","og_type":"article","og_title":"Art. FDA-000007TP - Bebedouro de 1\/2\u201d humidificador de bot\u00e3o em lat\u00e3o","og_description":"Descubra o bebedouro para su\u00ednos de 1\/2 de bot\u00e3o em lat\u00e3o, concebido para um fornecimento de \u00e1gua constante durante a refei\u00e7\u00e3o. Melhore a efici\u00eancia hoje!","og_url":"https:\/\/fdasrl.it\/pt-pt\/prodotto\/art-fda-000007tp-bebedouro-de-1-2-humidificador-de-botao-em-latao\/","og_site_name":"FDA srl","article_publisher":"https:\/\/www.facebook.com\/share\/1MWhFWg1Tp\/?mibextid=LQQJ4d","og_image":[{"width":621,"height":577,"url":"https:\/\/fdasrl.it\/wp-content\/uploads\/2025\/01\/abbeveratoio-succhiotto-suini-1-2-maschio-ottone-mangia-bevi-umidificatore-fda-00007TP-1.png","type":"image\/png"}],"twitter_card":"summary_large_image","twitter_misc":{"pre\u00e7o":"","Disponibilidade":"Em stock"},"schema":{"@context":"https:\/\/schema.org","@graph":[{"@type":"WebPage","@id":"https:\/\/fdasrl.it\/pt-pt\/prodotto\/art-fda-000007tp-bebedouro-de-1-2-humidificador-de-botao-em-latao\/","url":"https:\/\/fdasrl.it\/pt-pt\/prodotto\/art-fda-000007tp-bebedouro-de-1-2-humidificador-de-botao-em-latao\/","name":"Bebedouro para su\u00ednos de 1\/2 de bot\u00e3o em lat\u00e3o para explora\u00e7\u00f5es pecu\u00e1rias - FDA srl","isPartOf":{"@id":"https:\/\/fdasrl.it\/pt-pt\/#website"},"primaryImageOfPage":{"@id":"https:\/\/fdasrl.it\/pt-pt\/prodotto\/art-fda-000007tp-bebedouro-de-1-2-humidificador-de-botao-em-latao\/#primaryimage"},"image":{"@id":"https:\/\/fdasrl.it\/pt-pt\/prodotto\/art-fda-000007tp-bebedouro-de-1-2-humidificador-de-botao-em-latao\/#primaryimage"},"thumbnailUrl":"https:\/\/fdasrl.it\/wp-content\/uploads\/2025\/01\/abbeveratoio-succhiotto-suini-1-2-maschio-ottone-mangia-bevi-umidificatore-fda-00007TP-1.png","datePublished":"2025-01-15T10:55:27+00:00","description":"Descubra o bebedouro para su\u00ednos de 1\/2 de bot\u00e3o em lat\u00e3o, concebido para um fornecimento de \u00e1gua constante durante a refei\u00e7\u00e3o. Melhore a efici\u00eancia hoje!","breadcrumb":{"@id":"https:\/\/fdasrl.it\/pt-pt\/prodotto\/art-fda-000007tp-bebedouro-de-1-2-humidificador-de-botao-em-latao\/#breadcrumb"},"inLanguage":"pt-PT","potentialAction":[{"@type":"ReadAction","target":["https:\/\/fdasrl.it\/pt-pt\/prodotto\/art-fda-000007tp-bebedouro-de-1-2-humidificador-de-botao-em-latao\/"]}]},{"@type":"ImageObject","inLanguage":"pt-PT","@id":"https:\/\/fdasrl.it\/pt-pt\/prodotto\/art-fda-000007tp-bebedouro-de-1-2-humidificador-de-botao-em-latao\/#primaryimage","url":"https:\/\/fdasrl.it\/wp-content\/uploads\/2025\/01\/abbeveratoio-succhiotto-suini-1-2-maschio-ottone-mangia-bevi-umidificatore-fda-00007TP-1.png","contentUrl":"https:\/\/fdasrl.it\/wp-content\/uploads\/2025\/01\/abbeveratoio-succhiotto-suini-1-2-maschio-ottone-mangia-bevi-umidificatore-fda-00007TP-1.png","width":621,"height":577,"caption":"Bebedouro chupeta de bot\u00e3o para su\u00ednos 1\/2\" macho lat\u00e3o comer beber humidificador fda 00007TP"},{"@type":"BreadcrumbList","@id":"https:\/\/fdasrl.it\/pt-pt\/prodotto\/art-fda-000007tp-bebedouro-de-1-2-humidificador-de-botao-em-latao\/#breadcrumb","itemListElement":[{"@type":"ListItem","position":1,"name":"Home","item":"https:\/\/fdasrl.it\/pt-pt\/inicio\/"},{"@type":"ListItem","position":2,"name":"Loja","item":"https:\/\/fdasrl.it\/pt-pt\/loja\/"},{"@type":"ListItem","position":3,"name":"Art. FDA-000007TP &#8211; Bebedouro de 1\/2\u201d humidificador de bot\u00e3o em lat\u00e3o"}]},{"@type":"WebSite","@id":"https:\/\/fdasrl.it\/pt-pt\/#website","url":"https:\/\/fdasrl.it\/pt-pt\/","name":"FDA srl","description":"Equipment for animal husbandry","publisher":{"@id":"https:\/\/fdasrl.it\/pt-pt\/#organization"},"potentialAction":[{"@type":"SearchAction","target":{"@type":"EntryPoint","urlTemplate":"https:\/\/fdasrl.it\/pt-pt\/?s={search_term_string}"},"query-input":{"@type":"PropertyValueSpecification","valueRequired":true,"valueName":"search_term_string"}}],"inLanguage":"pt-PT"},{"@type":"Organization","@id":"https:\/\/fdasrl.it\/pt-pt\/#organization","name":"FDA srl","url":"https:\/\/fdasrl.it\/pt-pt\/","logo":{"@type":"ImageObject","inLanguage":"pt-PT","@id":"https:\/\/fdasrl.it\/pt-pt\/#\/schema\/logo\/image\/","url":"https:\/\/fdasrl.it\/wp-content\/uploads\/2024\/12\/Logo-FDA.png","contentUrl":"https:\/\/fdasrl.it\/wp-content\/uploads\/2024\/12\/Logo-FDA.png","width":316,"height":119,"caption":"FDA srl"},"image":{"@id":"https:\/\/fdasrl.it\/pt-pt\/#\/schema\/logo\/image\/"},"sameAs":["https:\/\/www.facebook.com\/share\/1MWhFWg1Tp\/?mibextid=LQQJ4d","https:\/\/www.instagram.com\/fda_srl\/profilecard\/?igsh=YW5lbzJ6MWg0d21u","https:\/\/www.youtube.com\/@FDASRL_ANIMALCARE"],"description":"FDA SRL \u2013 Equipment for animal husbandry nasce con l\u2019obiettivo di offrire soluzioni affidabili e innovative per l\u2019allevamento moderno. Con anni di esperienza nel settore zootecnico, progettiamo e realizziamo attrezzature destinate al benessere animale e alla gestione efficiente delle stalle: vasche, abbeveratoi, mangiatoie e sistemi di riscaldamento pensati per durare nel tempo e semplificare il lavoro quotidiano degli allevatori. Dalla progettazione alla produzione, ogni nostro prodotto \u00e8 studiato nei minimi dettagli, testato con cura e costruito per rispondere alle esigenze reali del settore. La nostra forza \u00e8 unire artigianalit\u00e0, tecnologia e competenza tecnica per trasformare ogni progetto in una soluzione concreta e funzionale. Oggi FDA SRL \u00e8 un punto di riferimento per privati e rivenditori che cercano qualit\u00e0, affidabilit\u00e0 e innovazione nelle attrezzature per l\u2019allevamento.","email":"info@fdasrl.it","telephone":"+390522826820","legalName":"F.D.A. SRL","foundingDate":"2024-10-13","vatID":"03075840359","taxID":"03075840359","numberOfEmployees":{"@type":"QuantitativeValue","minValue":"1","maxValue":"10"}}]},"product_price_currency":"EUR","og_availability":"instock","product_availability":"instock","product_retailer_item_id":"FDA-000007TP","product_condition":"new"},"_links":{"self":[{"href":"https:\/\/fdasrl.it\/pt-pt\/wp-json\/wp\/v2\/product\/5655","targetHints":{"allow":["GET"]}}],"collection":[{"href":"https:\/\/fdasrl.it\/pt-pt\/wp-json\/wp\/v2\/product"}],"about":[{"href":"https:\/\/fdasrl.it\/pt-pt\/wp-json\/wp\/v2\/types\/product"}],"replies":[{"embeddable":true,"href":"https:\/\/fdasrl.it\/pt-pt\/wp-json\/wp\/v2\/comments?post=5655"}],"wp:featuredmedia":[{"embeddable":true,"href":"https:\/\/fdasrl.it\/pt-pt\/wp-json\/wp\/v2\/media\/1321"}],"wp:attachment":[{"href":"https:\/\/fdasrl.it\/pt-pt\/wp-json\/wp\/v2\/media?parent=5655"}],"wp:term":[{"taxonomy":"product_brand","embeddable":true,"href":"https:\/\/fdasrl.it\/pt-pt\/wp-json\/wp\/v2\/product_brand?post=5655"},{"taxonomy":"product_cat","embeddable":true,"href":"https:\/\/fdasrl.it\/pt-pt\/wp-json\/wp\/v2\/product_cat?post=5655"},{"taxonomy":"product_tag","embeddable":true,"href":"https:\/\/fdasrl.it\/pt-pt\/wp-json\/wp\/v2\/product_tag?post=5655"}],"curies":[{"name":"wp","href":"https:\/\/api.w.org\/{rel}","templated":true}]}}