{"id":5730,"date":"2025-01-15T11:47:26","date_gmt":"2025-01-15T10:47:26","guid":{"rendered":"https:\/\/fdasrl.it\/prodotto\/art-fda-000024-bebedouro-automatico-de-tetina-1-2-para-comedouros-de-suinos-come-bebe\/"},"modified":"2025-01-15T11:47:26","modified_gmt":"2025-01-15T10:47:26","slug":"art-fda-000024-bebedouro-automatico-de-tetina-1-2-para-comedouros-de-suinos-come-bebe","status":"publish","type":"product","link":"https:\/\/fdasrl.it\/pt-pt\/prodotto\/art-fda-000024-bebedouro-automatico-de-tetina-1-2-para-comedouros-de-suinos-come-bebe\/","title":{"rendered":"Art. FDA-000024 &#8211; Bebedouro autom\u00e1tico de tetina 1\/2&#8243; para comedouros de su\u00ednos (come\/bebe)"},"content":{"rendered":"<h2 data-section-id=\"6chav3\" data-start=\"221\" data-end=\"325\"><strong data-start=\"224\" data-end=\"325\">Art. FDA-000024 &#8211; <\/strong><strong data-start=\"224\" data-end=\"325\">Bebedouro autom\u00e1tico de tetina 1\/2&#8243; para comedouros de su\u00ednos (come\/bebe)<\/strong><\/h2>\n<h3 data-section-id=\"jbtoyn\" data-start=\"327\" data-end=\"361\"><strong data-start=\"331\" data-end=\"359\">Descri\u00e7\u00e3o do produto<\/strong><\/h3>\n<p data-start=\"362\" data-end=\"588\">O bebedouro autom\u00e1tico de tetina <strong data-start=\"401\" data-end=\"415\">FDA-000024<\/strong> foi concebido para utiliza\u00e7\u00e3o no interior dos comedouros (sistemas come e bebe), garantindo um fornecimento de \u00e1gua constante diretamente durante a ingest\u00e3o do alimento.<\/p>\n<p data-start=\"590\" data-end=\"761\">Esta solu\u00e7\u00e3o permite melhorar a ingest\u00e3o alimentar, favorecer a hidrata\u00e7\u00e3o dos animais e reduzir o desperd\u00edcio, mantendo a \u00e1rea de cria\u00e7\u00e3o mais limpa.<\/p>\n<p data-start=\"763\" data-end=\"914\">Fabricado com materiais robustos e resistentes ao desgaste, \u00e9 ideal para explora\u00e7\u00f5es suin\u00edcolas que exigem fiabilidade, durabilidade e facilidade de gest\u00e3o.<\/p>\n<hr data-start=\"916\" data-end=\"919\">\n<h3 data-section-id=\"w1my6q\" data-start=\"921\" data-end=\"953\"><strong data-start=\"925\" data-end=\"953\">Caracter\u00edsticas t\u00e9cnicas<\/strong><\/h3>\n<ul data-start=\"954\" data-end=\"1262\">\n<li data-section-id=\"1j1tkb1\" data-start=\"954\" data-end=\"975\">\n<p data-start=\"956\" data-end=\"975\">Rosca em lat\u00e3o<\/p>\n<\/li>\n<li data-section-id=\"dg8e7\" data-start=\"976\" data-end=\"1008\">\n<p data-start=\"978\" data-end=\"1008\">Tubo e pino em a\u00e7o inoxid\u00e1vel<\/p>\n<\/li>\n<li data-section-id=\"fivce\" data-start=\"1009\" data-end=\"1031\">\n<p data-start=\"1011\" data-end=\"1031\">Liga\u00e7\u00e3o de \u00e1gua 1\/2&#8243;<\/p>\n<\/li>\n<li data-section-id=\"1bpnsil\" data-start=\"1032\" data-end=\"1061\">\n<p data-start=\"1034\" data-end=\"1061\">Comprimento total: 86,6 mm<\/p>\n<\/li>\n<li data-section-id=\"zmqwqu\" data-start=\"1062\" data-end=\"1091\">\n<p data-start=\"1064\" data-end=\"1091\">Tubo do bebedouro \u00d8 21 mm<\/p>\n<\/li>\n<li data-section-id=\"38xd2m\" data-start=\"1092\" data-end=\"1108\">\n<p data-start=\"1094\" data-end=\"1108\">Pino \u00d8 8 mm<\/p>\n<\/li>\n<li data-section-id=\"ttht2s\" data-start=\"1109\" data-end=\"1123\">\n<p data-start=\"1111\" data-end=\"1123\">Peso: 84,3 g<\/p>\n<\/li>\n<li data-section-id=\"1g74jjp\" data-start=\"1124\" data-end=\"1141\">\n<p data-start=\"1126\" data-end=\"1141\">Sextavado 21 mm<\/p>\n<\/li>\n<li data-section-id=\"r2uce6\" data-start=\"1142\" data-end=\"1262\">\n<p data-start=\"1144\" data-end=\"1262\">Filtro interno em rede inox com anel de fixa\u00e7\u00e3o da rede<br data-start=\"1193\" data-end=\"1196\"\/>ou filtro regul\u00e1vel em pl\u00e1stico (ver modelo FDA-000024TP)<\/p>\n<\/li>\n<\/ul>\n<hr data-start=\"1264\" data-end=\"1267\">\n<h3 data-section-id=\"m3h7tw\" data-start=\"1269\" data-end=\"1312\"><strong data-start=\"1273\" data-end=\"1310\">Alturas e \u00e2ngulo de instala\u00e7\u00e3o<\/strong><\/h3>\n<p data-start=\"1313\" data-end=\"1371\"><a href=\"https:\/\/fdasrl.it\/wp-content\/uploads\/2025\/01\/Installation-Fda-Nipple-drinkers-1-2-for-feeders_compressed.pdf\">\ud83d\udc49 (CLIQUE AQUI) para a tabela completa de instala\u00e7\u00e3o<\/a><\/p>\n<p data-start=\"1373\" data-end=\"1421\">As alturas indicadas s\u00e3o diretrizes gerais.<\/p>\n<p data-start=\"1423\" data-end=\"1575\">O bebedouro <strong data-start=\"1438\" data-end=\"1452\">FDA-000024<\/strong> foi concebido para ser instalado <strong data-start=\"1488\" data-end=\"1520\">no interior dos comedouros<\/strong>, de modo a que o su\u00edno o possa ativar enquanto come.<\/p>\n<p data-start=\"1577\" data-end=\"1755\">Para a cria\u00e7\u00e3o de leit\u00f5es, recomenda-se a utiliza\u00e7\u00e3o de duas alturas de instala\u00e7\u00e3o ou de reguladores de altura, de forma a adaptar a posi\u00e7\u00e3o ao crescimento dos animais.<\/p>\n<p data-start=\"1757\" data-end=\"1810\">A inclina\u00e7\u00e3o pode ser ajustada entre 30<strong data-start=\"1796\" data-end=\"1809\">\u00b0 e 45\u00b0<\/strong>:<\/p>\n<ul data-start=\"1812\" data-end=\"1898\">\n<li data-section-id=\"axr87z\" data-start=\"1812\" data-end=\"1856\">\n<p data-start=\"158\" data-end=\"182\"><strong data-start=\"158\" data-end=\"180\">Leit\u00f5es (7\u201320 kg)<\/strong><\/p>\n<ul data-start=\"183\" data-end=\"308\">\n<li data-section-id=\"1c90bus\" data-start=\"183\" data-end=\"228\">Altura: 8 \u2013 12 cm acima do fundo da manjedoura<\/li>\n<li data-section-id=\"1ka8lgn\" data-start=\"229\" data-end=\"250\">\u00c2ngulo: 30\u00b0 \u2013 45\u00b0<\/li>\n<li data-section-id=\"8r4lzv\" data-start=\"251\" data-end=\"279\">Press\u00e3o: 0,5 \u2013 1,5 bar<\/li>\n<li data-section-id=\"1mu4dmw\" data-start=\"280\" data-end=\"308\">Caudal: 0,5 \u2013 0,8 L\/min<\/li>\n<\/ul>\n<hr data-start=\"310\" data-end=\"313\">\n<p data-start=\"315\" data-end=\"354\"><strong data-start=\"315\" data-end=\"352\">Desmamados \/ Recria (20\u201340 kg)<\/strong><\/p>\n<ul data-start=\"355\" data-end=\"454\">\n<li data-section-id=\"1qrpe7s\" data-start=\"355\" data-end=\"378\">Altura: 12 \u2013 18 cm<\/li>\n<li data-section-id=\"kc6vya\" data-start=\"379\" data-end=\"400\">\u00c2ngulo: 35\u00b0 \u2013 45\u00b0<\/li>\n<li data-section-id=\"1nv6ul5\" data-start=\"401\" data-end=\"425\">Press\u00e3o: 1 \u2013 2 bar<\/li>\n<li data-section-id=\"1djnj7n\" data-start=\"426\" data-end=\"454\">Caudal: 0,7 \u2013 1,0 L\/min<\/li>\n<\/ul>\n<hr data-start=\"456\" data-end=\"459\">\n<p data-start=\"461\" data-end=\"485\"><strong data-start=\"461\" data-end=\"483\">Su\u00ednos em crescimento (40\u201380 kg)<\/strong><\/p>\n<ul data-start=\"486\" data-end=\"587\">\n<li data-section-id=\"dkchy4\" data-start=\"486\" data-end=\"509\">Altura: 18 \u2013 25 cm<\/li>\n<li data-section-id=\"11qh10g\" data-start=\"510\" data-end=\"531\">\u00c2ngulo: 40\u00b0 \u2013 45\u00b0<\/li>\n<li data-section-id=\"ewpqio\" data-start=\"532\" data-end=\"558\">Press\u00e3o: 1 \u2013 2,5 bar<\/li>\n<li data-section-id=\"1tgj8um\" data-start=\"559\" data-end=\"587\">Caudal: 0,8 \u2013 1,2 L\/min<\/li>\n<\/ul>\n<hr data-start=\"589\" data-end=\"592\">\n<p data-start=\"594\" data-end=\"621\"><strong data-start=\"594\" data-end=\"619\">Engorda (80\u2013120+ kg)<\/strong><\/p>\n<ul data-start=\"622\" data-end=\"717\">\n<li data-section-id=\"1u4ywqb\" data-start=\"622\" data-end=\"645\">Altura: 25 \u2013 35 cm<\/li>\n<li data-section-id=\"o3souf\" data-start=\"646\" data-end=\"661\">\u00c2ngulo: 45\u00b0<\/li>\n<li data-section-id=\"10hiqf5\" data-start=\"662\" data-end=\"688\">Press\u00e3o: 1,5 \u2013 3 bar<\/li>\n<li data-section-id=\"1667clc\" data-start=\"689\" data-end=\"717\">Caudal: 1,0 \u2013 1,5 L\/min<\/li>\n<\/ul>\n<\/li>\n<\/ul>\n<p data-start=\"1900\" data-end=\"2055\">Uma instala\u00e7\u00e3o correta permite direcionar o fluxo de \u00e1gua diretamente para a ra\u00e7\u00e3o, reduzindo o desperd\u00edcio e melhorando a efici\u00eancia alimentar.<\/p>\n<hr data-start=\"2057\" data-end=\"2060\">\n<h3 data-section-id=\"1m3l471\" data-start=\"2062\" data-end=\"2104\"><strong data-start=\"2066\" data-end=\"2102\">Press\u00e3o de \u00e1gua recomendada<\/strong><\/h3>\n<p data-start=\"2105\" data-end=\"2219\">Todos os bebedouros funcionam tanto a baixa como a alta press\u00e3o, com um valor m\u00e1ximo de <strong data-start=\"2198\" data-end=\"2216\">4 bar (55 psi)<\/strong>.<\/p>\n<p data-start=\"2221\" data-end=\"2320\">Para a cria\u00e7\u00e3o de leit\u00f5es, a press\u00e3o da \u00e1gua n\u00e3o deve exceder <strong data-start=\"2299\" data-end=\"2317\">2 bar (28 psi)<\/strong>.<\/p>\n<p data-start=\"2322\" data-end=\"2367\">Em geral, press\u00f5es mais baixas favorecem:<\/p>\n<ul data-start=\"2368\" data-end=\"2522\">\n<li data-section-id=\"11e5cqa\" data-start=\"2368\" data-end=\"2388\">\n<p data-start=\"2370\" data-end=\"2388\">poupan\u00e7a de \u00e1gua<\/p>\n<\/li>\n<li data-section-id=\"140hy6k\" data-start=\"2389\" data-end=\"2428\">\n<p data-start=\"2391\" data-end=\"2428\">menor desgaste de juntas e mola<\/p>\n<\/li>\n<li data-section-id=\"fqvo0v\" data-start=\"2429\" data-end=\"2460\">\n<p data-start=\"2431\" data-end=\"2460\">fluxo de \u00e1gua mais suave<\/p>\n<\/li>\n<li data-section-id=\"1k8yo6e\" data-start=\"2461\" data-end=\"2494\">\n<p data-start=\"2463\" data-end=\"2494\">maior facilidade de utiliza\u00e7\u00e3o<\/p>\n<\/li>\n<li data-section-id=\"1hn09s\" data-start=\"2495\" data-end=\"2522\">\n<p data-start=\"2497\" data-end=\"2522\">redu\u00e7\u00e3o do desperd\u00edcio<\/p>\n<\/li>\n<\/ul>\n<p data-start=\"2524\" data-end=\"2622\">\ud83d\udc49 Recomenda-se a utiliza\u00e7\u00e3o de um redutor de press\u00e3o na presen\u00e7a de valores elevados ou vari\u00e1veis.<\/p>\n<hr data-start=\"2624\" data-end=\"2627\">\n<h3 data-section-id=\"1rk201d\" data-start=\"2629\" data-end=\"2654\"><strong data-start=\"2633\" data-end=\"2652\">Caudal de \u00e1gua<\/strong><\/h3>\n<p data-start=\"2655\" data-end=\"2701\">\ud83d\udc49 <a href=\"https:\/\/fdasrl.it\/wp-content\/uploads\/2025\/01\/grafico-fda-succhiotto-mangia-bevi-000005.webp\">(CLIQUE AQUI) para a tabela de caudais<\/a><\/p>\n<p data-start=\"2703\" data-end=\"2787\">O caudal de \u00e1gua varia em fun\u00e7\u00e3o da press\u00e3o dispon\u00edvel na linha de \u00e1gua.<\/p>\n<p data-start=\"2789\" data-end=\"2957\">Para leit\u00f5es e su\u00ednos em crescimento recomenda-se um caudal entre <strong data-start=\"2866\" data-end=\"2885\">0,6 e 1,0 L\/min<\/strong>, de forma a obter uma correta humidifica\u00e7\u00e3o do alimento sem excessos.<\/p>\n<p data-start=\"2959\" data-end=\"3058\">Os bicos regul\u00e1veis permitem adaptar o caudal \u00e0 press\u00e3o dispon\u00edvel na instala\u00e7\u00e3o.<\/p>\n<p data-start=\"3060\" data-end=\"3136\">Se for necess\u00e1rio um caudal maior, est\u00e3o dispon\u00edveis v\u00e1lvulas com di\u00e2metros:<\/p>\n<ul data-start=\"3137\" data-end=\"3171\">\n<li data-section-id=\"dkblkz\" data-start=\"3137\" data-end=\"3147\">\n<p data-start=\"3139\" data-end=\"3147\">\u00d8 3 mm<\/p>\n<\/li>\n<li data-section-id=\"ce2p6i\" data-start=\"3148\" data-end=\"3160\">\n<p data-start=\"3150\" data-end=\"3160\">\u00d8 3,5 mm<\/p>\n<\/li>\n<li data-section-id=\"cycn50\" data-start=\"3161\" data-end=\"3171\">\n<p data-start=\"3163\" data-end=\"3171\">\u00d8 4 mm<\/p>\n<\/li>\n<\/ul>\n<p data-start=\"3173\" data-end=\"3300\">O emprego de redutores de press\u00e3o permite uma gest\u00e3o centralizada do caudal, particularmente \u00fatil nos per\u00edodos quentes.<\/p>\n<hr data-start=\"3302\" data-end=\"3305\">\n<h3 data-section-id=\"cx62aa\" data-start=\"3307\" data-end=\"3342\"><strong data-start=\"3311\" data-end=\"3340\">Contamina\u00e7\u00e3o da \u00e1gua<\/strong><\/h3>\n<p data-start=\"3343\" data-end=\"3469\">A contamina\u00e7\u00e3o da \u00e1gua ou das tubagens representa uma das principais causas de mau funcionamento dos abbeveradouros.<\/p>\n<p data-start=\"3471\" data-end=\"3593\">A presen\u00e7a de impurezas ou sedimentos pode comprometer o funcionamento correto do sistema e reduzir a sua durabilidade ao longo do tempo.<\/p>\n<p data-start=\"3595\" data-end=\"3729\">\ud83d\udc49 Recomenda-se a instala\u00e7\u00e3o de um filtro no sistema h\u00eddrico para prevenir estes inconvenientes e garantir um desempenho constante.<\/p>\n","protected":false},"excerpt":{"rendered":"<p>Bebedouro autom\u00e1tico de tetina 1\/2&#8243; para comedouros de su\u00ednos (come e bebe), concebido para fornecer \u00e1gua diretamente durante a ingest\u00e3o do alimento. Fabricado em a\u00e7o inox com rosca em lat\u00e3o, garante resist\u00eancia, higiene e longa dura\u00e7\u00e3o, melhorando a efici\u00eancia alimentar e reduzindo o desperd\u00edcio de \u00e1gua. <\/p>\n<p><a href=\"https:\/\/fdasrl.it\/wp-content\/uploads\/2025\/01\/Installation-Fda-Nipple-drinkers-1-2-for-feeders_compressed.pdf\">\ud83d\udc49 <b>(CLIQUE AQUI)<\/b> para a tabela completa de instala\u00e7\u00e3o<\/a><\/p>\n<p><a href=\"https:\/\/fdasrl.it\/wp-content\/uploads\/2025\/01\/grafico-fda-succhiotto-mangia-bevi-000005.webp\">\ud83d\udc49 <b>(CLIQUE AQUI)<\/b> para a tabela de caudais<\/a><\/p>\n<p>\ud83d\udc49 <a href=\"https:\/\/fdasrl.it\/wp-content\/uploads\/2025\/01\/FDA000024.pdf\"><b>(CLIQUE AQUI)<\/b> para o desenho t\u00e9cnico<\/a><\/p>\n","protected":false},"featured_media":1267,"comment_status":"open","ping_status":"closed","template":"","meta":{"_et_pb_use_builder":"","_et_pb_old_content":"","_et_gb_content_width":""},"product_brand":[],"product_cat":[830,1189,1188,628],"product_tag":[1312],"class_list":{"0":"post-5730","1":"product","2":"type-product","3":"status-publish","4":"has-post-thumbnail","6":"product_cat-bebedouros-3","7":"product_cat-bebedouros-de-chupeta","8":"product_cat-latao-aco-inoxidavel","9":"product_cat-suinos","10":"product_tag-fda-000024","12":"first","13":"instock","14":"shipping-taxable","15":"product-type-simple"},"yoast_head":"<!-- This site is optimized with the Yoast SEO Premium plugin v27.5 (Yoast SEO v27.5) - https:\/\/yoast.com\/product\/yoast-seo-premium-wordpress\/ -->\n<title>Bebedouro de tetina come e bebe para su\u00ednos FDA-000024<\/title>\n<meta name=\"description\" content=\"Melhore a efici\u00eancia da sua explora\u00e7\u00e3o com o bebedouro de tetina come bebe para su\u00ednos FDA-000024. Fabricado em materiais resistentes e duradouros! \ud83c\udf39\" \/>\n<meta name=\"robots\" content=\"index, follow, max-snippet:-1, max-image-preview:large, max-video-preview:-1\" \/>\n<link rel=\"canonical\" href=\"https:\/\/fdasrl.it\/pt-pt\/prodotto\/art-fda-000024-bebedouro-automatico-de-tetina-1-2-para-comedouros-de-suinos-come-bebe\/\" \/>\n<meta property=\"og:locale\" content=\"pt_PT\" \/>\n<meta property=\"og:type\" content=\"article\" \/>\n<meta property=\"og:title\" content=\"Art. FDA-000024 - Bebedouro autom\u00e1tico de tetina 1\/2&quot; para comedouros de su\u00ednos (come\/bebe)\" \/>\n<meta property=\"og:description\" content=\"Melhore a efici\u00eancia da sua explora\u00e7\u00e3o com o bebedouro de tetina come bebe para su\u00ednos FDA-000024. Fabricado em materiais resistentes e duradouros! \ud83c\udf39\" \/>\n<meta property=\"og:url\" content=\"https:\/\/fdasrl.it\/pt-pt\/prodotto\/art-fda-000024-bebedouro-automatico-de-tetina-1-2-para-comedouros-de-suinos-come-bebe\/\" \/>\n<meta property=\"og:site_name\" content=\"FDA srl\" \/>\n<meta property=\"article:publisher\" content=\"https:\/\/www.facebook.com\/share\/1MWhFWg1Tp\/?mibextid=LQQJ4d\" \/>\n<meta property=\"og:image\" content=\"https:\/\/fdasrl.it\/wp-content\/uploads\/2025\/01\/FDA-000024.jpeg\" \/>\n\t<meta property=\"og:image:width\" content=\"1600\" \/>\n\t<meta property=\"og:image:height\" content=\"1600\" \/>\n\t<meta property=\"og:image:type\" content=\"image\/jpeg\" \/>\n<meta name=\"twitter:card\" content=\"summary_large_image\" \/>\n<meta name=\"twitter:label1\" content=\"pre\u00e7o\" \/>\n\t<meta name=\"twitter:data1\" content=\"\" \/>\n\t<meta name=\"twitter:label2\" content=\"Disponibilidade\" \/>\n\t<meta name=\"twitter:data2\" content=\"Em stock\" \/>\n<meta property=\"product:price:currency\" content=\"EUR\" \/>\n<meta property=\"og:availability\" content=\"instock\" \/>\n<meta property=\"product:availability\" content=\"instock\" \/>\n<meta property=\"product:retailer_item_id\" content=\"FDA-000024\" \/>\n<meta property=\"product:condition\" content=\"new\" \/>\n<!-- \/ Yoast SEO Premium plugin. -->","yoast_head_json":{"title":"Bebedouro de tetina come e bebe para su\u00ednos FDA-000024","description":"Melhore a efici\u00eancia da sua explora\u00e7\u00e3o com o bebedouro de tetina come bebe para su\u00ednos FDA-000024. Fabricado em materiais resistentes e duradouros! \ud83c\udf39","robots":{"index":"index","follow":"follow","max-snippet":"max-snippet:-1","max-image-preview":"max-image-preview:large","max-video-preview":"max-video-preview:-1"},"canonical":"https:\/\/fdasrl.it\/pt-pt\/prodotto\/art-fda-000024-bebedouro-automatico-de-tetina-1-2-para-comedouros-de-suinos-come-bebe\/","og_locale":"pt_PT","og_type":"article","og_title":"Art. FDA-000024 - Bebedouro autom\u00e1tico de tetina 1\/2\" para comedouros de su\u00ednos (come\/bebe)","og_description":"Melhore a efici\u00eancia da sua explora\u00e7\u00e3o com o bebedouro de tetina come bebe para su\u00ednos FDA-000024. Fabricado em materiais resistentes e duradouros! \ud83c\udf39","og_url":"https:\/\/fdasrl.it\/pt-pt\/prodotto\/art-fda-000024-bebedouro-automatico-de-tetina-1-2-para-comedouros-de-suinos-come-bebe\/","og_site_name":"FDA srl","article_publisher":"https:\/\/www.facebook.com\/share\/1MWhFWg1Tp\/?mibextid=LQQJ4d","og_image":[{"width":1600,"height":1600,"url":"https:\/\/fdasrl.it\/wp-content\/uploads\/2025\/01\/FDA-000024.jpeg","type":"image\/jpeg"}],"twitter_card":"summary_large_image","twitter_misc":{"pre\u00e7o":"","Disponibilidade":"Em stock"},"schema":{"@context":"https:\/\/schema.org","@graph":[{"@type":"WebPage","@id":"https:\/\/fdasrl.it\/pt-pt\/prodotto\/art-fda-000024-bebedouro-automatico-de-tetina-1-2-para-comedouros-de-suinos-come-bebe\/","url":"https:\/\/fdasrl.it\/pt-pt\/prodotto\/art-fda-000024-bebedouro-automatico-de-tetina-1-2-para-comedouros-de-suinos-come-bebe\/","name":"Bebedouro de tetina come e bebe para su\u00ednos FDA-000024","isPartOf":{"@id":"https:\/\/fdasrl.it\/pt-pt\/#website"},"primaryImageOfPage":{"@id":"https:\/\/fdasrl.it\/pt-pt\/prodotto\/art-fda-000024-bebedouro-automatico-de-tetina-1-2-para-comedouros-de-suinos-come-bebe\/#primaryimage"},"image":{"@id":"https:\/\/fdasrl.it\/pt-pt\/prodotto\/art-fda-000024-bebedouro-automatico-de-tetina-1-2-para-comedouros-de-suinos-come-bebe\/#primaryimage"},"thumbnailUrl":"https:\/\/fdasrl.it\/wp-content\/uploads\/2025\/01\/FDA-000024.jpeg","datePublished":"2025-01-15T10:47:26+00:00","description":"Melhore a efici\u00eancia da sua explora\u00e7\u00e3o com o bebedouro de tetina come bebe para su\u00ednos FDA-000024. Fabricado em materiais resistentes e duradouros! \ud83c\udf39","breadcrumb":{"@id":"https:\/\/fdasrl.it\/pt-pt\/prodotto\/art-fda-000024-bebedouro-automatico-de-tetina-1-2-para-comedouros-de-suinos-come-bebe\/#breadcrumb"},"inLanguage":"pt-PT","potentialAction":[{"@type":"ReadAction","target":["https:\/\/fdasrl.it\/pt-pt\/prodotto\/art-fda-000024-bebedouro-automatico-de-tetina-1-2-para-comedouros-de-suinos-come-bebe\/"]}]},{"@type":"ImageObject","inLanguage":"pt-PT","@id":"https:\/\/fdasrl.it\/pt-pt\/prodotto\/art-fda-000024-bebedouro-automatico-de-tetina-1-2-para-comedouros-de-suinos-come-bebe\/#primaryimage","url":"https:\/\/fdasrl.it\/wp-content\/uploads\/2025\/01\/FDA-000024.jpeg","contentUrl":"https:\/\/fdasrl.it\/wp-content\/uploads\/2025\/01\/FDA-000024.jpeg","width":1600,"height":1600,"caption":"Tetina come-bebe para leit\u00f5es em a\u00e7o inox e lat\u00e3o com liga\u00e7\u00e3o 1\/2\", ideal para sistemas combinados de alimenta\u00e7\u00e3o e bebedouro. C\u00f3digo FDA-000024."},{"@type":"BreadcrumbList","@id":"https:\/\/fdasrl.it\/pt-pt\/prodotto\/art-fda-000024-bebedouro-automatico-de-tetina-1-2-para-comedouros-de-suinos-come-bebe\/#breadcrumb","itemListElement":[{"@type":"ListItem","position":1,"name":"Home","item":"https:\/\/fdasrl.it\/pt-pt\/inicio\/"},{"@type":"ListItem","position":2,"name":"Loja","item":"https:\/\/fdasrl.it\/pt-pt\/loja\/"},{"@type":"ListItem","position":3,"name":"Art. FDA-000024 &#8211; Bebedouro autom\u00e1tico de tetina 1\/2&#8243; para comedouros de su\u00ednos (come\/bebe)"}]},{"@type":"WebSite","@id":"https:\/\/fdasrl.it\/pt-pt\/#website","url":"https:\/\/fdasrl.it\/pt-pt\/","name":"FDA srl","description":"Equipment for animal husbandry","publisher":{"@id":"https:\/\/fdasrl.it\/pt-pt\/#organization"},"potentialAction":[{"@type":"SearchAction","target":{"@type":"EntryPoint","urlTemplate":"https:\/\/fdasrl.it\/pt-pt\/?s={search_term_string}"},"query-input":{"@type":"PropertyValueSpecification","valueRequired":true,"valueName":"search_term_string"}}],"inLanguage":"pt-PT"},{"@type":"Organization","@id":"https:\/\/fdasrl.it\/pt-pt\/#organization","name":"FDA srl","url":"https:\/\/fdasrl.it\/pt-pt\/","logo":{"@type":"ImageObject","inLanguage":"pt-PT","@id":"https:\/\/fdasrl.it\/pt-pt\/#\/schema\/logo\/image\/","url":"https:\/\/fdasrl.it\/wp-content\/uploads\/2024\/12\/Logo-FDA.png","contentUrl":"https:\/\/fdasrl.it\/wp-content\/uploads\/2024\/12\/Logo-FDA.png","width":316,"height":119,"caption":"FDA srl"},"image":{"@id":"https:\/\/fdasrl.it\/pt-pt\/#\/schema\/logo\/image\/"},"sameAs":["https:\/\/www.facebook.com\/share\/1MWhFWg1Tp\/?mibextid=LQQJ4d","https:\/\/www.instagram.com\/fda_srl\/profilecard\/?igsh=YW5lbzJ6MWg0d21u","https:\/\/www.youtube.com\/@FDASRL_ANIMALCARE"],"description":"FDA SRL \u2013 Equipment for animal husbandry nasce con l\u2019obiettivo di offrire soluzioni affidabili e innovative per l\u2019allevamento moderno. Con anni di esperienza nel settore zootecnico, progettiamo e realizziamo attrezzature destinate al benessere animale e alla gestione efficiente delle stalle: vasche, abbeveratoi, mangiatoie e sistemi di riscaldamento pensati per durare nel tempo e semplificare il lavoro quotidiano degli allevatori. Dalla progettazione alla produzione, ogni nostro prodotto \u00e8 studiato nei minimi dettagli, testato con cura e costruito per rispondere alle esigenze reali del settore. La nostra forza \u00e8 unire artigianalit\u00e0, tecnologia e competenza tecnica per trasformare ogni progetto in una soluzione concreta e funzionale. Oggi FDA SRL \u00e8 un punto di riferimento per privati e rivenditori che cercano qualit\u00e0, affidabilit\u00e0 e innovazione nelle attrezzature per l\u2019allevamento.","email":"info@fdasrl.it","telephone":"+390522826820","legalName":"F.D.A. SRL","foundingDate":"2024-10-13","vatID":"03075840359","taxID":"03075840359","numberOfEmployees":{"@type":"QuantitativeValue","minValue":"1","maxValue":"10"}}]},"product_price_currency":"EUR","og_availability":"instock","product_availability":"instock","product_retailer_item_id":"FDA-000024","product_condition":"new"},"_links":{"self":[{"href":"https:\/\/fdasrl.it\/pt-pt\/wp-json\/wp\/v2\/product\/5730","targetHints":{"allow":["GET"]}}],"collection":[{"href":"https:\/\/fdasrl.it\/pt-pt\/wp-json\/wp\/v2\/product"}],"about":[{"href":"https:\/\/fdasrl.it\/pt-pt\/wp-json\/wp\/v2\/types\/product"}],"replies":[{"embeddable":true,"href":"https:\/\/fdasrl.it\/pt-pt\/wp-json\/wp\/v2\/comments?post=5730"}],"wp:featuredmedia":[{"embeddable":true,"href":"https:\/\/fdasrl.it\/pt-pt\/wp-json\/wp\/v2\/media\/1267"}],"wp:attachment":[{"href":"https:\/\/fdasrl.it\/pt-pt\/wp-json\/wp\/v2\/media?parent=5730"}],"wp:term":[{"taxonomy":"product_brand","embeddable":true,"href":"https:\/\/fdasrl.it\/pt-pt\/wp-json\/wp\/v2\/product_brand?post=5730"},{"taxonomy":"product_cat","embeddable":true,"href":"https:\/\/fdasrl.it\/pt-pt\/wp-json\/wp\/v2\/product_cat?post=5730"},{"taxonomy":"product_tag","embeddable":true,"href":"https:\/\/fdasrl.it\/pt-pt\/wp-json\/wp\/v2\/product_tag?post=5730"}],"curies":[{"name":"wp","href":"https:\/\/api.w.org\/{rel}","templated":true}]}}