{"id":5895,"date":"2025-01-15T11:44:37","date_gmt":"2025-01-15T10:44:37","guid":{"rendered":"https:\/\/fdasrl.it\/prodotto\/art-fda-000005-bebedouro-de-tetina-1-2-para-comedouros-anti-desperdicio-come-bebe\/"},"modified":"2025-01-15T11:44:37","modified_gmt":"2025-01-15T10:44:37","slug":"art-fda-000005-bebedouro-de-tetina-1-2-para-comedouros-anti-desperdicio-come-bebe","status":"publish","type":"product","link":"https:\/\/fdasrl.it\/pt-pt\/prodotto\/art-fda-000005-bebedouro-de-tetina-1-2-para-comedouros-anti-desperdicio-come-bebe\/","title":{"rendered":"Art. FDA-000005 &#8211; Bebedouro de tetina 1\/2&#8243; para comedouros anti-desperd\u00edcio come\/bebe"},"content":{"rendered":"<h2>Bebedouro autom\u00e1tico de tetina 1\/2&#8243; para comedouros anti-desperd\u00edcio come\/bebe \u2013 Modelo FDA-000005<\/h2>\n<h3>Descri\u00e7\u00e3o do produto<\/h3>\n<p data-start=\"722\" data-end=\"862\">Bebedouro de tetina para comedouros anti-desperd\u00edcio FDA-000005 com liga\u00e7\u00e3o roscada <strong data-start=\"740\" data-end=\"789\">1\/2&#8243; para comedouros &#8220;come e bebe&#8221; para su\u00ednos<\/strong>, \u00e9 concebido para sistemas de alimenta\u00e7\u00e3o combinada em ambiente pecu\u00e1rio.<\/p>\n<p data-start=\"864\" data-end=\"1088\">O <strong data-start=\"867\" data-end=\"899\">corpo e a rosca em lat\u00e3o<\/strong> garantem elevada resist\u00eancia \u00e0 corros\u00e3o, fiabilidade ao longo do tempo e uma correta estanquicidade hidr\u00e1ulica.<br data-start=\"1004\" data-end=\"1007\"\/>O <strong data-start=\"1009\" data-end=\"1029\">hex\u00e1gono de 25 mm<\/strong> permite um aparafusamento est\u00e1vel e seguro no comedouro.<\/p>\n<p data-start=\"1090\" data-end=\"1447\">O <strong data-start=\"1093\" data-end=\"1126\">bot\u00e3o de ativa\u00e7\u00e3o \u00d8 24 mm<\/strong>, fabricado em <strong data-start=\"1142\" data-end=\"1158\">a\u00e7o inoxid\u00e1vel<\/strong>, \u00e9 especialmente concebido para ser acionado pelo su\u00edno durante a passagem natural da cabe\u00e7a no comedouro. O movimento do bot\u00e3o provoca uma <strong data-start=\"1311\" data-end=\"1355\">liberta\u00e7\u00e3o de \u00e1gua ligeira e controlada<\/strong>, que humedece o alimento melhorando a sua palatabilidade e favorecendo a ingest\u00e3o do alimento. <\/p>\n<hr>\n<h3>Caracter\u00edsticas t\u00e9cnicas<\/h3>\n<ul>\n<li>Rosca em lat\u00e3o<\/li>\n<li>Bot\u00e3o em a\u00e7o inoxid\u00e1vel<\/li>\n<li>Liga\u00e7\u00e3o de \u00e1gua 1\/2&#8243;<\/li>\n<li>Comprimento total: 49,0 mm<\/li>\n<li>Bot\u00e3o \u00d8 24 mm<\/li>\n<li>Peso: 161 g<\/li>\n<li>Sextavado 25 mm<\/li>\n<li>Filtro interno em rede inox com anel de fixa\u00e7\u00e3o ou filtro regul\u00e1vel em pl\u00e1stico (ver modelo FDA-000005TP)<\/li>\n<li>Vers\u00e3o alternativa: <strong data-start=\"2509\" data-end=\"2537\">Todo em inox \u2013 FDA-000015E<\/strong><\/li>\n<\/ul>\n<hr>\n<h3>Alturas e \u00e2ngulo de instala\u00e7\u00e3o<\/h3>\n<p><a href=\"https:\/\/fdasrl.it\/wp-content\/uploads\/2025\/12\/Installation-Fda-Nipple-drinkers-1-2_compressed.pdf\">\ud83d\udc49 <\/a><em>(<a href=\"https:\/\/fdasrl.it\/wp-content\/uploads\/2025\/01\/Installation-of-1-2-nipple-drinker-for-anti-waste-eatdrink-trays.pdf\">CLIQUE AQUI) para a tabela completa de instala\u00e7\u00e3o<\/a><\/em><\/p>\n<p>As alturas indicadas s\u00e3o orienta\u00e7\u00f5es gerais.<br \/>\nRecomenda-se a utiliza\u00e7\u00e3o de <strong>tr\u00eas alturas de instala\u00e7\u00e3o<\/strong> ou de <strong>reguladores de altura<\/strong>, de modo a adaptar a posi\u00e7\u00e3o do bebedouro ou do comedouro \u00e0 fase de crescimento do animal.<\/p>\n<p>O bebedouro FDA-000005 pode ser instalado com uma inclina\u00e7\u00e3o entre <strong>15\u00b0 e 45\u00b0<\/strong>:<\/p>\n<ul>\n<li><strong>15\u00b0 \u2192<\/strong> utilizar a altura mais baixa<\/li>\n<li><strong>45\u00b0 \u2192<\/strong> utilizar a altura mais alta<\/li>\n<\/ul>\n<p>Esta regula\u00e7\u00e3o garante uma postura correta dos animais e reduz o desperd\u00edcio de \u00e1gua.<\/p>\n<hr>\n<h3>Press\u00e3o de \u00e1gua recomendada<\/h3>\n<p>A press\u00e3o m\u00e1xima da \u00e1gua n\u00e3o deve exceder <strong>4 bar (55 psi)<\/strong> para assegurar o correto funcionamento do sistema.<\/p>\n<p>Para leit\u00f5es e leit\u00f5es desmamados, a press\u00e3o n\u00e3o deve exceder <strong>2 bar (28 psi)<\/strong>.<\/p>\n<p>Press\u00f5es mais baixas favorecem:<\/p>\n<ul>\n<li>poupan\u00e7a de \u00e1gua<\/li>\n<li>maior durabilidade das juntas e da mola<\/li>\n<li>regularidade do fluxo<\/li>\n<li>facilidade de utiliza\u00e7\u00e3o<\/li>\n<li>redu\u00e7\u00e3o do desperd\u00edcio<\/li>\n<\/ul>\n<p>\ud83d\udc49 <em>Recomenda-se a utiliza\u00e7\u00e3o de um redutor de press\u00e3o se a linha de \u00e1gua apresentar valores elevados ou inst\u00e1veis.<\/em><\/p>\n<hr>\n<h3>Caudal de \u00e1gua<\/h3>\n<p><a href=\"https:\/\/fdasrl.it\/wp-content\/uploads\/2025\/01\/grafico-fda-succhiotto-mangia-bevi-000005.webp\">\ud83d\udc49 <em>(CLIQUE AQUI) para a tabela de caudais<\/em><\/a><\/p>\n<p>O caudal efetivo varia em fun\u00e7\u00e3o da press\u00e3o dispon\u00edvel ao longo da instala\u00e7\u00e3o.<br \/>\nPara um funcionamento \u00f3timo do sistema, <strong data-start=\"1492\" data-end=\"1562\">recomenda-se um caudal de \u00e1gua entre 0,6 e 1 litro\/minuto<\/strong>, de modo a obter uma correta humidifica\u00e7\u00e3o do alimento reduzindo desperd\u00edcios de \u00e1gua e mantendo mais limpa a \u00e1rea de alimenta\u00e7\u00e3o.<\/p>\n<p>Para aumentar o caudal, est\u00e3o dispon\u00edveis v\u00e1lvulas opcionais com di\u00e2metros:<\/p>\n<ul>\n<li>\u00d8 3 mm<\/li>\n<li>\u00d8 3,5 mm<\/li>\n<li>\u00d8 4 mm<\/li>\n<\/ul>\n<p>A utiliza\u00e7\u00e3o de <strong>redutores de press\u00e3o<\/strong> permite uma gest\u00e3o centralizada do sistema, particularmente \u00fatil nos meses de ver\u00e3o, quando pode ser necess\u00e1rio aumentar o caudal.<\/p>\n","protected":false},"excerpt":{"rendered":"<p>Liga\u00e7\u00e3o roscada 1\/2&#8243; para comedouros come e bebe para su\u00ednos, com corpo em lat\u00e3o e bot\u00e3o em a\u00e7o inoxid\u00e1vel. Ativa\u00e7\u00e3o autom\u00e1tica \u00e0 passagem da cabe\u00e7a do su\u00edno para humidifica\u00e7\u00e3o controlada do alimento. Caudal recomendado 0,6\u20131 L\/min. Dispon\u00edvel tamb\u00e9m vers\u00e3o todo em inox.  <\/p>\n<p><a href=\"https:\/\/fdasrl.it\/wp-content\/uploads\/2025\/01\/Installation-of-1-2-nipple-drinker-for-anti-waste-eatdrink-trays.pdf\" target=\"_blank\" rel=\"noopener\">\ud83d\udc49 <strong data-start=\"1158\" data-end=\"1174\">(CLIQUE AQUI)<\/strong> para a tabela completa de instala\u00e7\u00e3o<\/a><\/p>\n<p><a href=\"https:\/\/fdasrl.it\/wp-content\/uploads\/2025\/01\/grafico-fda-succhiotto-mangia-bevi-000005.webp\">\ud83d\udc49 <strong data-start=\"1158\" data-end=\"1174\">(CLIQUE AQUI)<\/strong> para a tabela de caudais<\/a><\/p>\n<p><a href=\"https:\/\/fdasrl.it\/wp-content\/uploads\/2025\/01\/FDA000005_compressed.pdf\">\ud83d\udc49 <strong data-start=\"1158\" data-end=\"1174\">(CLIQUE AQUI)<\/strong> para o desenho t\u00e9cnico<\/a><\/p>\n","protected":false},"featured_media":1075,"comment_status":"open","ping_status":"closed","template":"","meta":{"_et_pb_use_builder":"","_et_pb_old_content":"","_et_gb_content_width":""},"product_brand":[],"product_cat":[830,1189,1188,628],"product_tag":[1334],"class_list":{"0":"post-5895","1":"product","2":"type-product","3":"status-publish","4":"has-post-thumbnail","6":"product_cat-bebedouros-3","7":"product_cat-bebedouros-de-chupeta","8":"product_cat-latao-aco-inoxidavel","9":"product_cat-suinos","10":"product_tag-fda-000005","12":"first","13":"instock","14":"shipping-taxable","15":"product-type-simple"},"yoast_head":"<!-- This site is optimized with the Yoast SEO Premium plugin v27.5 (Yoast SEO v27.5) - https:\/\/yoast.com\/product\/yoast-seo-premium-wordpress\/ -->\n<title>Bebedouro de tetina para comedouros come\/bebe FDA-000005<\/title>\n<meta name=\"description\" content=\"Descubra o Bebedouro de tetina para comedouros come\/bebe FDA-000005, perfeito para su\u00ednos. Garante resist\u00eancia e fiabilidade ao longo do tempo!\" \/>\n<meta name=\"robots\" content=\"index, follow, max-snippet:-1, max-image-preview:large, max-video-preview:-1\" \/>\n<link rel=\"canonical\" href=\"https:\/\/fdasrl.it\/pt-pt\/prodotto\/art-fda-000005-bebedouro-de-tetina-1-2-para-comedouros-anti-desperdicio-come-bebe\/\" \/>\n<meta property=\"og:locale\" content=\"pt_PT\" \/>\n<meta property=\"og:type\" content=\"article\" \/>\n<meta property=\"og:title\" content=\"Art. FDA-000005 - Bebedouro de tetina 1\/2&quot; para comedouros anti-desperd\u00edcio come\/bebe\" \/>\n<meta property=\"og:description\" content=\"Descubra o Bebedouro de tetina para comedouros come\/bebe FDA-000005, perfeito para su\u00ednos. Garante resist\u00eancia e fiabilidade ao longo do tempo!\" \/>\n<meta property=\"og:url\" content=\"https:\/\/fdasrl.it\/pt-pt\/prodotto\/art-fda-000005-bebedouro-de-tetina-1-2-para-comedouros-anti-desperdicio-come-bebe\/\" \/>\n<meta property=\"og:site_name\" content=\"FDA srl\" \/>\n<meta property=\"article:publisher\" content=\"https:\/\/www.facebook.com\/share\/1MWhFWg1Tp\/?mibextid=LQQJ4d\" \/>\n<meta property=\"og:image\" content=\"https:\/\/fdasrl.it\/wp-content\/uploads\/2025\/01\/abbeveratoio-succhiotto-1-2-vaschetta-antispreco-mangia-bevi.webp\" \/>\n\t<meta property=\"og:image:width\" content=\"1200\" \/>\n\t<meta property=\"og:image:height\" content=\"1200\" \/>\n\t<meta property=\"og:image:type\" content=\"image\/webp\" \/>\n<meta name=\"twitter:card\" content=\"summary_large_image\" \/>\n<meta name=\"twitter:label1\" content=\"pre\u00e7o\" \/>\n\t<meta name=\"twitter:data1\" content=\"\" \/>\n\t<meta name=\"twitter:label2\" content=\"Disponibilidade\" \/>\n\t<meta name=\"twitter:data2\" content=\"Em stock\" \/>\n<meta property=\"product:price:currency\" content=\"EUR\" \/>\n<meta property=\"og:availability\" content=\"instock\" \/>\n<meta property=\"product:availability\" content=\"instock\" \/>\n<meta property=\"product:retailer_item_id\" content=\"FDA-000005\" \/>\n<meta property=\"product:condition\" content=\"new\" \/>\n<!-- \/ Yoast SEO Premium plugin. -->","yoast_head_json":{"title":"Bebedouro de tetina para comedouros come\/bebe FDA-000005","description":"Descubra o Bebedouro de tetina para comedouros come\/bebe FDA-000005, perfeito para su\u00ednos. Garante resist\u00eancia e fiabilidade ao longo do tempo!","robots":{"index":"index","follow":"follow","max-snippet":"max-snippet:-1","max-image-preview":"max-image-preview:large","max-video-preview":"max-video-preview:-1"},"canonical":"https:\/\/fdasrl.it\/pt-pt\/prodotto\/art-fda-000005-bebedouro-de-tetina-1-2-para-comedouros-anti-desperdicio-come-bebe\/","og_locale":"pt_PT","og_type":"article","og_title":"Art. FDA-000005 - Bebedouro de tetina 1\/2\" para comedouros anti-desperd\u00edcio come\/bebe","og_description":"Descubra o Bebedouro de tetina para comedouros come\/bebe FDA-000005, perfeito para su\u00ednos. Garante resist\u00eancia e fiabilidade ao longo do tempo!","og_url":"https:\/\/fdasrl.it\/pt-pt\/prodotto\/art-fda-000005-bebedouro-de-tetina-1-2-para-comedouros-anti-desperdicio-come-bebe\/","og_site_name":"FDA srl","article_publisher":"https:\/\/www.facebook.com\/share\/1MWhFWg1Tp\/?mibextid=LQQJ4d","og_image":[{"width":1200,"height":1200,"url":"https:\/\/fdasrl.it\/wp-content\/uploads\/2025\/01\/abbeveratoio-succhiotto-1-2-vaschetta-antispreco-mangia-bevi.webp","type":"image\/webp"}],"twitter_card":"summary_large_image","twitter_misc":{"pre\u00e7o":"","Disponibilidade":"Em stock"},"schema":{"@context":"https:\/\/schema.org","@graph":[{"@type":"WebPage","@id":"https:\/\/fdasrl.it\/pt-pt\/prodotto\/art-fda-000005-bebedouro-de-tetina-1-2-para-comedouros-anti-desperdicio-come-bebe\/","url":"https:\/\/fdasrl.it\/pt-pt\/prodotto\/art-fda-000005-bebedouro-de-tetina-1-2-para-comedouros-anti-desperdicio-come-bebe\/","name":"Bebedouro de tetina para comedouros come\/bebe FDA-000005","isPartOf":{"@id":"https:\/\/fdasrl.it\/pt-pt\/#website"},"primaryImageOfPage":{"@id":"https:\/\/fdasrl.it\/pt-pt\/prodotto\/art-fda-000005-bebedouro-de-tetina-1-2-para-comedouros-anti-desperdicio-come-bebe\/#primaryimage"},"image":{"@id":"https:\/\/fdasrl.it\/pt-pt\/prodotto\/art-fda-000005-bebedouro-de-tetina-1-2-para-comedouros-anti-desperdicio-come-bebe\/#primaryimage"},"thumbnailUrl":"https:\/\/fdasrl.it\/wp-content\/uploads\/2025\/01\/abbeveratoio-succhiotto-1-2-vaschetta-antispreco-mangia-bevi.webp","datePublished":"2025-01-15T10:44:37+00:00","description":"Descubra o Bebedouro de tetina para comedouros come\/bebe FDA-000005, perfeito para su\u00ednos. Garante resist\u00eancia e fiabilidade ao longo do tempo!","breadcrumb":{"@id":"https:\/\/fdasrl.it\/pt-pt\/prodotto\/art-fda-000005-bebedouro-de-tetina-1-2-para-comedouros-anti-desperdicio-come-bebe\/#breadcrumb"},"inLanguage":"pt-PT","potentialAction":[{"@type":"ReadAction","target":["https:\/\/fdasrl.it\/pt-pt\/prodotto\/art-fda-000005-bebedouro-de-tetina-1-2-para-comedouros-anti-desperdicio-come-bebe\/"]}]},{"@type":"ImageObject","inLanguage":"pt-PT","@id":"https:\/\/fdasrl.it\/pt-pt\/prodotto\/art-fda-000005-bebedouro-de-tetina-1-2-para-comedouros-anti-desperdicio-come-bebe\/#primaryimage","url":"https:\/\/fdasrl.it\/wp-content\/uploads\/2025\/01\/abbeveratoio-succhiotto-1-2-vaschetta-antispreco-mangia-bevi.webp","contentUrl":"https:\/\/fdasrl.it\/wp-content\/uploads\/2025\/01\/abbeveratoio-succhiotto-1-2-vaschetta-antispreco-mangia-bevi.webp","width":1200,"height":1200,"caption":"Bebedouro de tetina 1\/2\" para comedouros anti-desperd\u00edcio come\/bebe"},{"@type":"BreadcrumbList","@id":"https:\/\/fdasrl.it\/pt-pt\/prodotto\/art-fda-000005-bebedouro-de-tetina-1-2-para-comedouros-anti-desperdicio-come-bebe\/#breadcrumb","itemListElement":[{"@type":"ListItem","position":1,"name":"Home","item":"https:\/\/fdasrl.it\/pt-pt\/inicio\/"},{"@type":"ListItem","position":2,"name":"Loja","item":"https:\/\/fdasrl.it\/pt-pt\/loja\/"},{"@type":"ListItem","position":3,"name":"Art. FDA-000005 &#8211; Bebedouro de tetina 1\/2&#8243; para comedouros anti-desperd\u00edcio come\/bebe"}]},{"@type":"WebSite","@id":"https:\/\/fdasrl.it\/pt-pt\/#website","url":"https:\/\/fdasrl.it\/pt-pt\/","name":"FDA srl","description":"Equipment for animal husbandry","publisher":{"@id":"https:\/\/fdasrl.it\/pt-pt\/#organization"},"potentialAction":[{"@type":"SearchAction","target":{"@type":"EntryPoint","urlTemplate":"https:\/\/fdasrl.it\/pt-pt\/?s={search_term_string}"},"query-input":{"@type":"PropertyValueSpecification","valueRequired":true,"valueName":"search_term_string"}}],"inLanguage":"pt-PT"},{"@type":"Organization","@id":"https:\/\/fdasrl.it\/pt-pt\/#organization","name":"FDA srl","url":"https:\/\/fdasrl.it\/pt-pt\/","logo":{"@type":"ImageObject","inLanguage":"pt-PT","@id":"https:\/\/fdasrl.it\/pt-pt\/#\/schema\/logo\/image\/","url":"https:\/\/fdasrl.it\/wp-content\/uploads\/2024\/12\/Logo-FDA.png","contentUrl":"https:\/\/fdasrl.it\/wp-content\/uploads\/2024\/12\/Logo-FDA.png","width":316,"height":119,"caption":"FDA srl"},"image":{"@id":"https:\/\/fdasrl.it\/pt-pt\/#\/schema\/logo\/image\/"},"sameAs":["https:\/\/www.facebook.com\/share\/1MWhFWg1Tp\/?mibextid=LQQJ4d","https:\/\/www.instagram.com\/fda_srl\/profilecard\/?igsh=YW5lbzJ6MWg0d21u","https:\/\/www.youtube.com\/@FDASRL_ANIMALCARE"],"description":"FDA SRL \u2013 Equipment for animal husbandry nasce con l\u2019obiettivo di offrire soluzioni affidabili e innovative per l\u2019allevamento moderno. Con anni di esperienza nel settore zootecnico, progettiamo e realizziamo attrezzature destinate al benessere animale e alla gestione efficiente delle stalle: vasche, abbeveratoi, mangiatoie e sistemi di riscaldamento pensati per durare nel tempo e semplificare il lavoro quotidiano degli allevatori. Dalla progettazione alla produzione, ogni nostro prodotto \u00e8 studiato nei minimi dettagli, testato con cura e costruito per rispondere alle esigenze reali del settore. La nostra forza \u00e8 unire artigianalit\u00e0, tecnologia e competenza tecnica per trasformare ogni progetto in una soluzione concreta e funzionale. Oggi FDA SRL \u00e8 un punto di riferimento per privati e rivenditori che cercano qualit\u00e0, affidabilit\u00e0 e innovazione nelle attrezzature per l\u2019allevamento.","email":"info@fdasrl.it","telephone":"+390522826820","legalName":"F.D.A. SRL","foundingDate":"2024-10-13","vatID":"03075840359","taxID":"03075840359","numberOfEmployees":{"@type":"QuantitativeValue","minValue":"1","maxValue":"10"}}]},"product_price_currency":"EUR","og_availability":"instock","product_availability":"instock","product_retailer_item_id":"FDA-000005","product_condition":"new"},"_links":{"self":[{"href":"https:\/\/fdasrl.it\/pt-pt\/wp-json\/wp\/v2\/product\/5895","targetHints":{"allow":["GET"]}}],"collection":[{"href":"https:\/\/fdasrl.it\/pt-pt\/wp-json\/wp\/v2\/product"}],"about":[{"href":"https:\/\/fdasrl.it\/pt-pt\/wp-json\/wp\/v2\/types\/product"}],"replies":[{"embeddable":true,"href":"https:\/\/fdasrl.it\/pt-pt\/wp-json\/wp\/v2\/comments?post=5895"}],"wp:featuredmedia":[{"embeddable":true,"href":"https:\/\/fdasrl.it\/pt-pt\/wp-json\/wp\/v2\/media\/1075"}],"wp:attachment":[{"href":"https:\/\/fdasrl.it\/pt-pt\/wp-json\/wp\/v2\/media?parent=5895"}],"wp:term":[{"taxonomy":"product_brand","embeddable":true,"href":"https:\/\/fdasrl.it\/pt-pt\/wp-json\/wp\/v2\/product_brand?post=5895"},{"taxonomy":"product_cat","embeddable":true,"href":"https:\/\/fdasrl.it\/pt-pt\/wp-json\/wp\/v2\/product_cat?post=5895"},{"taxonomy":"product_tag","embeddable":true,"href":"https:\/\/fdasrl.it\/pt-pt\/wp-json\/wp\/v2\/product_tag?post=5895"}],"curies":[{"name":"wp","href":"https:\/\/api.w.org\/{rel}","templated":true}]}}