{"id":2615,"date":"2026-03-09T16:03:54","date_gmt":"2026-03-09T15:03:54","guid":{"rendered":"https:\/\/fdasrl.it\/prodotto\/%d0%bf%d0%be%d0%bf%d0%bb%d0%b0%d0%b2%d0%be%d0%ba-%d0%b4%d0%bb%d1%8f-%d0%bf%d0%be%d0%b8%d0%bb%d0%ba%d0%b8-%d1%81-%d0%bb%d0%b0%d1%82%d1%83%d0%bd%d0%bd%d1%8b%d0%bc-%d0%ba%d0%bb%d0%b0%d0%bf%d0%b0%d0%bd\/"},"modified":"2026-03-09T16:03:54","modified_gmt":"2026-03-09T15:03:54","slug":"%d0%bf%d0%be%d0%bf%d0%bb%d0%b0%d0%b2%d0%be%d0%ba-%d0%b4%d0%bb%d1%8f-%d0%bf%d0%be%d0%b8%d0%bb%d0%ba%d0%b8-%d1%81-%d0%bb%d0%b0%d1%82%d1%83%d0%bd%d0%bd%d1%8b%d0%bc-%d0%ba%d0%bb%d0%b0%d0%bf%d0%b0%d0%bd","status":"publish","type":"product","link":"https:\/\/fdasrl.it\/ru\/prodotto\/%d0%bf%d0%be%d0%bf%d0%bb%d0%b0%d0%b2%d0%be%d0%ba-%d0%b4%d0%bb%d1%8f-%d0%bf%d0%be%d0%b8%d0%bb%d0%ba%d0%b8-%d1%81-%d0%bb%d0%b0%d1%82%d1%83%d0%bd%d0%bd%d1%8b%d0%bc-%d0%ba%d0%bb%d0%b0%d0%bf%d0%b0%d0%bd\/","title":{"rendered":"\u041f\u043e\u043f\u043b\u0430\u0432\u043e\u043a \u0434\u043b\u044f \u043f\u043e\u0438\u043b\u043a\u0438 \u0441 \u043b\u0430\u0442\u0443\u043d\u043d\u044b\u043c \u043a\u043b\u0430\u043f\u0430\u043d\u043e\u043c 3\/4&#8243; \u2013 FAR19B"},"content":{"rendered":"<h3 data-section-id=\"8xm6rw\" data-start=\"89\" data-end=\"159\"><strong data-start=\"93\" data-end=\"159\">\u041f\u043e\u043f\u043b\u0430\u0432\u043e\u043a \u0434\u043b\u044f \u043f\u043e\u0438\u043b\u043a\u0438 \u0441 \u043b\u0430\u0442\u0443\u043d\u043d\u044b\u043c \u043a\u043b\u0430\u043f\u0430\u043d\u043e\u043c 3\/4&#8243; \u2013 FAR19B<\/strong><\/h3>\n<p data-start=\"161\" data-end=\"506\">\u041f\u043e\u043f\u043b\u0430\u0432\u043e\u043a <strong data-start=\"174\" data-end=\"203\">\u0438\u0437 \u0432\u044b\u0441\u043e\u043a\u043e\u043a\u0430\u0447\u0435\u0441\u0442\u0432\u0435\u043d\u043d\u043e\u0439 \u043b\u0430\u0442\u0443\u043d\u0438<\/strong>, \u043f\u0440\u0435\u0434\u043d\u0430\u0437\u043d\u0430\u0447\u0435\u043d\u043d\u044b\u0439 \u0434\u043b\u044f \u0430\u0432\u0442\u043e\u043c\u0430\u0442\u0438\u0447\u0435\u0441\u043a\u043e\u0433\u043e \u043a\u043e\u043d\u0442\u0440\u043e\u043b\u044f \u0443\u0440\u043e\u0432\u043d\u044f \u0432\u043e\u0434\u044b \u0432 \u043f\u043e\u0438\u043b\u043a\u0430\u0445 \u0438 <strong data-start=\"289\" data-end=\"326\">\u0440\u0430\u0437\u043b\u0438\u0447\u043d\u044b\u0445 \u0435\u043c\u043a\u043e\u0441\u0442\u044f\u0445 \u0441 \u043f\u043e\u0441\u0442\u043e\u044f\u043d\u043d\u044b\u043c \u0443\u0440\u043e\u0432\u043d\u0435\u043c<\/strong>, \u0432\u043a\u043b\u044e\u0447\u0430\u044f \u043c\u043e\u0434\u0435\u043b\u0438 <strong data-start=\"346\" data-end=\"367\">FA-VSRP \u0438 FA-VSRT<\/strong>.<br data-start=\"368\" data-end=\"371\"><strong data-start=\"374\" data-end=\"414\">\u041a\u043b\u0430\u043f\u0430\u043d \u0441 \u043b\u0430\u0442\u0443\u043d\u043d\u044b\u043c \u0441\u0435\u0434\u043b\u043e\u043c<\/strong> \u043e\u0431\u0435\u0441\u043f\u0435\u0447\u0438\u0432\u0430\u0435\u0442 \u0432\u044b\u0441\u043e\u043a\u0443\u044e \u043f\u0440\u043e\u0447\u043d\u043e\u0441\u0442\u044c, \u043d\u0430\u0434\u0435\u0436\u043d\u043e\u0441\u0442\u044c \u0438 \u0434\u043e\u043b\u0433\u043e\u0432\u0435\u0447\u043d\u043e\u0441\u0442\u044c \u0434\u0430\u0436\u0435 \u0432 \u0443\u0441\u043b\u043e\u0432\u0438\u044f\u0445 \u0436\u0438\u0432\u043e\u0442\u043d\u043e\u0432\u043e\u0434\u0447\u0435\u0441\u043a\u0438\u0445 \u043f\u043e\u043c\u0435\u0449\u0435\u043d\u0438\u0439.<\/p>\n<p data-start=\"508\" data-end=\"681\">\u041f\u043e\u043f\u043b\u0430\u0432\u043a\u043e\u0432\u0430\u044f \u0441\u0438\u0441\u0442\u0435\u043c\u0430 \u043f\u043e\u0437\u0432\u043e\u043b\u044f\u0435\u0442 <strong data-start=\"546\" data-end=\"591\">\u043b\u0435\u0433\u043a\u043e \u0440\u0435\u0433\u0443\u043b\u0438\u0440\u043e\u0432\u0430\u0442\u044c \u0443\u0440\u043e\u0432\u0435\u043d\u044c \u0432\u043e\u0434\u044b<\/strong>, \u043e\u0431\u0435\u0441\u043f\u0435\u0447\u0438\u0432\u0430\u044f \u043f\u043e\u0441\u0442\u043e\u044f\u043d\u043d\u043e\u0435 \u0432\u043e\u0434\u043e\u0441\u043d\u0430\u0431\u0436\u0435\u043d\u0438\u0435 \u0436\u0438\u0432\u043e\u0442\u043d\u044b\u0445 \u0438 \u0441\u043f\u043e\u0441\u043e\u0431\u0441\u0442\u0432\u0443\u044f \u0441\u043e\u043a\u0440\u0430\u0449\u0435\u043d\u0438\u044e \u043f\u043e\u0442\u0435\u0440\u044c.<\/p>\n<h3 data-section-id=\"xrc42a\" data-start=\"683\" data-end=\"717\"><strong data-start=\"687\" data-end=\"717\">\u041e\u0441\u043d\u043e\u0432\u043d\u044b\u0435 \u0445\u0430\u0440\u0430\u043a\u0442\u0435\u0440\u0438\u0441\u0442\u0438\u043a\u0438<\/strong><\/h3>\n<ul data-start=\"719\" data-end=\"922\">\n<li data-section-id=\"1uaetok\" data-start=\"719\" data-end=\"756\">\n<p data-start=\"721\" data-end=\"756\">\u041a\u043e\u0440\u043f\u0443\u0441 <strong data-start=\"727\" data-end=\"756\">\u0438\u0437 \u0432\u044b\u0441\u043e\u043a\u043e\u043a\u0430\u0447\u0435\u0441\u0442\u0432\u0435\u043d\u043d\u043e\u0439 \u043b\u0430\u0442\u0443\u043d\u0438<\/strong><\/p>\n<\/li>\n<li data-section-id=\"1l0v1sz\" data-start=\"757\" data-end=\"793\">\n<p data-start=\"759\" data-end=\"793\"><strong data-start=\"759\" data-end=\"793\">\u0420\u0435\u0437\u044c\u0431\u043e\u0432\u043e\u0435 \u0441\u043e\u0435\u0434\u0438\u043d\u0435\u043d\u0438\u0435 \u043d\u0430\u0440\u0443\u0436\u043d\u043e\u0435 3\/4&#8243;<\/strong><\/p>\n<\/li>\n<li data-section-id=\"ul0k2p\" data-start=\"794\" data-end=\"824\">\n<p data-start=\"796\" data-end=\"824\"><strong data-start=\"796\" data-end=\"824\">\u0421\u0435\u0434\u043b\u043e \u043a\u043b\u0430\u043f\u0430\u043d\u0430 \u0438\u0437 \u043b\u0430\u0442\u0443\u043d\u0438<\/strong><\/p>\n<\/li>\n<li data-section-id=\"1u1s06\" data-start=\"825\" data-end=\"865\">\n<p data-start=\"827\" data-end=\"865\"><strong data-start=\"827\" data-end=\"865\">\u0420\u0435\u0433\u0443\u043b\u0438\u0440\u043e\u0432\u043a\u0430 \u0443\u0440\u043e\u0432\u043d\u044f \u0432\u043e\u0434\u044b<\/strong><\/p>\n<\/li>\n<li data-section-id=\"d5dbow\" data-start=\"866\" data-end=\"922\">\n<p data-start=\"868\" data-end=\"922\">\u041f\u043e\u0434\u0445\u043e\u0434\u0438\u0442 \u0434\u043b\u044f <strong data-start=\"879\" data-end=\"922\">\u043f\u043e\u0438\u043b\u043e\u043a \u0438 \u0435\u043c\u043a\u043e\u0441\u0442\u0435\u0439 \u0441 \u043f\u043e\u0441\u0442\u043e\u044f\u043d\u043d\u044b\u043c \u0443\u0440\u043e\u0432\u043d\u0435\u043c<\/strong><\/p>\n<\/li>\n<li data-section-id=\"d5dbow\" data-start=\"866\" data-end=\"922\">\u041f\u0440\u043e\u043a\u043b\u0430\u0434\u043a\u0430 50 \u00d7 27 \u00d7 2 \u043c\u043c \u0432 \u043a\u043e\u043c\u043f\u043b\u0435\u043a\u0442\u0435<\/li>\n<\/ul>\n<h3 data-section-id=\"2pq1zq\" data-start=\"924\" data-end=\"954\"><strong data-start=\"928\" data-end=\"954\">\u0420\u0430\u0431\u043e\u0447\u0435\u0435 \u0434\u0430\u0432\u043b\u0435\u043d\u0438\u0435<\/strong><\/h3>\n<ul data-start=\"956\" data-end=\"974\">\n<li data-section-id=\"bz2ema\" data-start=\"956\" data-end=\"974\">\n<p data-start=\"958\" data-end=\"974\"><strong data-start=\"958\" data-end=\"974\">0,5\u201310 \u0431\u0430\u0440<\/strong><\/p>\n<\/li>\n<\/ul>\n<h3 data-section-id=\"8whuzw\" data-start=\"976\" data-end=\"997\"><strong data-start=\"980\" data-end=\"997\">\u0420\u0430\u0441\u0445\u043e\u0434 \u0432\u043e\u0434\u044b<\/strong><\/h3>\n<ul data-start=\"999\" data-end=\"1021\">\n<li data-section-id=\"1upjgnj\" data-start=\"999\" data-end=\"1021\">\n<p data-start=\"1001\" data-end=\"1021\"><strong data-start=\"1001\" data-end=\"1021\">91 \u043b\/\u043c\u0438\u043d \u043f\u0440\u0438 6 \u0431\u0430\u0440<\/strong><\/p>\n<\/li>\n<\/ul>\n<h3 data-section-id=\"1cf253l\" data-start=\"1023\" data-end=\"1044\"><strong data-start=\"1027\" data-end=\"1044\">\u0423\u0441\u0442\u0430\u043d\u043e\u0432\u043a\u0430<\/strong><\/h3>\n<p data-start=\"1046\" data-end=\"1177\">\u0414\u043b\u044f \u043f\u0440\u0430\u0432\u0438\u043b\u044c\u043d\u043e\u0439 \u0443\u0441\u0442\u0430\u043d\u043e\u0432\u043a\u0438 \u0438 \u043e\u043f\u0442\u0438\u043c\u0430\u043b\u044c\u043d\u043e\u0439 \u0440\u0430\u0431\u043e\u0442\u044b \u043d\u0435\u043e\u0431\u0445\u043e\u0434\u0438\u043c\u043e \u043f\u0440\u0435\u0434\u0443\u0441\u043c\u043e\u0442\u0440\u0435\u0442\u044c <strong data-start=\"1128\" data-end=\"1176\">\u043c\u0438\u043d\u0438\u043c\u0430\u043b\u044c\u043d\u043e\u0435 \u0441\u0432\u043e\u0431\u043e\u0434\u043d\u043e\u0435 \u043f\u0440\u043e\u0441\u0442\u0440\u0430\u043d\u0441\u0442\u0432\u043e \u0441\u0432\u0435\u0440\u0445\u0443 190 \u043c\u043c<\/strong>.<\/p>\n<p>&nbsp;<\/p>\n<p>\ud83d\udc49 \u0417\u0430\u043f\u0440\u043e\u0441\u0438\u0442\u0435 \u0446\u0435\u043d\u0443 \u0434\u043b\u044f \u043f\u0435\u0440\u0435\u043f\u0440\u043e\u0434\u0430\u0436\u0438: <a href=\"mailto:info@fdasrl.it\">\u041d\u0410\u0416\u041c\u0418\u0422\u0415 \u0417\u0414\u0415\u0421\u042c<\/a><\/p>\n<p>\ud83d\udc49 \u041a\u0443\u043f\u0438\u0442\u0435 \u043e\u043d\u043b\u0430\u0439\u043d: <a href=\"https:\/\/fda-shop.it\/shop\/articoli-per-allevamento\/galleggiante-abbeveratoio-in-ottone-3-4\">\u041d\u0410\u0416\u041c\u0418\u0422\u0415 \u0417\u0414\u0415\u0421\u042c<\/a><\/p>\n","protected":false},"excerpt":{"rendered":"<p><strong data-start=\"0\" data-end=\"86\" data-is-only-node=\"\">\u041f\u043e\u043f\u043b\u0430\u0432\u043e\u043a \u0434\u043b\u044f \u043f\u043e\u0438\u043b\u043a\u0438 FAR19B \u0441 \u043b\u0430\u0442\u0443\u043d\u043d\u044b\u043c \u043a\u043b\u0430\u043f\u0430\u043d\u043e\u043c \u0438 \u043d\u0430\u0440\u0443\u0436\u043d\u044b\u043c \u0441\u043e\u0435\u0434\u0438\u043d\u0435\u043d\u0438\u0435\u043c 3\/4&#8243;.<\/strong><br data-start=\"86\" data-end=\"89\">\u041e\u0431\u0435\u0441\u043f\u0435\u0447\u0438\u0432\u0430\u0435\u0442 \u0430\u0432\u0442\u043e\u043c\u0430\u0442\u0438\u0447\u0435\u0441\u043a\u0443\u044e \u0440\u0435\u0433\u0443\u043b\u0438\u0440\u043e\u0432\u043a\u0443 \u0443\u0440\u043e\u0432\u043d\u044f \u0432\u043e\u0434\u044b \u0438 \u043f\u043e\u0434\u0445\u043e\u0434\u0438\u0442 \u0434\u043b\u044f \u043f\u043e\u0438\u043b\u043e\u043a \u0438 \u0435\u043c\u043a\u043e\u0441\u0442\u0435\u0439 \u0441 \u043f\u043e\u0441\u0442\u043e\u044f\u043d\u043d\u044b\u043c \u0443\u0440\u043e\u0432\u043d\u0435\u043c, \u0432\u043a\u043b\u044e\u0447\u0430\u044f \u043c\u043e\u0434\u0435\u043b\u0438 <strong data-start=\"222\" data-end=\"243\">FA-VSRP \u0438 FA-VSRT<\/strong>.<br data-start=\"244\" data-end=\"247\">\u0420\u0430\u0441\u0445\u043e\u0434 \u0434\u043e <strong data-start=\"262\" data-end=\"282\">91 \u043b\/\u043c\u0438\u043d \u043f\u0440\u0438 6 \u0431\u0430\u0440<\/strong> \u0441 \u0440\u0430\u0431\u043e\u0447\u0438\u043c \u0434\u0430\u0432\u043b\u0435\u043d\u0438\u0435\u043c <strong data-start=\"310\" data-end=\"324\">0,5\u201310 \u0431\u0430\u0440<\/strong>.<\/p>\n","protected":false},"featured_media":1204,"comment_status":"open","ping_status":"closed","template":"","meta":{"_et_pb_use_builder":"","_et_pb_old_content":"","_et_gb_content_width":""},"product_brand":[],"product_cat":[562,520,519,563],"product_tag":[598],"class_list":{"0":"post-2615","1":"product","2":"type-product","3":"status-publish","4":"has-post-thumbnail","6":"product_cat-562","7":"product_cat-520","8":"product_cat-519","9":"product_cat-563","10":"product_tag-far19b","12":"first","13":"instock","14":"shipping-taxable","15":"product-type-simple"},"yoast_head":"<!-- This site is optimized with the Yoast SEO Premium plugin v27.5 (Yoast SEO v27.5) - https:\/\/yoast.com\/product\/yoast-seo-premium-wordpress\/ -->\n<title>\u041f\u043e\u043f\u043b\u0430\u0432\u043e\u043a \u0441 \u043b\u0430\u0442\u0443\u043d\u043d\u044b\u043c \u043a\u043b\u0430\u043f\u0430\u043d\u043e\u043c 3\/4 \u0434\u043b\u044f \u043f\u043e\u0438\u043b\u043e\u043a<\/title>\n<meta name=\"description\" content=\"\u041e\u043f\u0442\u0438\u043c\u0438\u0437\u0438\u0440\u0443\u0439\u0442\u0435 \u0443\u043f\u0440\u0430\u0432\u043b\u0435\u043d\u0438\u0435 \u0432\u043e\u0434\u043e\u0439 \u0441 \u043f\u043e\u043c\u043e\u0449\u044c\u044e \u043f\u043e\u043f\u043b\u0430\u0432\u043a\u0430 \u0441 \u043b\u0430\u0442\u0443\u043d\u043d\u044b\u043c \u043a\u043b\u0430\u043f\u0430\u043d\u043e\u043c 3\/4, \u0440\u0430\u0437\u0440\u0430\u0431\u043e\u0442\u0430\u043d\u043d\u043e\u0433\u043e \u0434\u043b\u044f \u0434\u043b\u0438\u0442\u0435\u043b\u044c\u043d\u043e\u0439 \u044d\u043a\u0441\u043f\u043b\u0443\u0430\u0442\u0430\u0446\u0438\u0438. \u0423\u0441\u0442\u0430\u043d\u043e\u0432\u0438\u0442\u0435 \u0435\u0433\u043e \u0432 \u0432\u0430\u0448\u0443 \u0441\u0438\u0441\u0442\u0435\u043c\u0443 \u0443\u0436\u0435 \u0441\u0435\u0433\u043e\u0434\u043d\u044f!\" \/>\n<meta name=\"robots\" content=\"index, follow, max-snippet:-1, max-image-preview:large, max-video-preview:-1\" \/>\n<link rel=\"canonical\" href=\"https:\/\/fdasrl.it\/ru\/prodotto\/%d0%bf%d0%be%d0%bf%d0%bb%d0%b0%d0%b2%d0%be%d0%ba-%d0%b4%d0%bb%d1%8f-%d0%bf%d0%be%d0%b8%d0%bb%d0%ba%d0%b8-%d1%81-%d0%bb%d0%b0%d1%82%d1%83%d0%bd%d0%bd%d1%8b%d0%bc-%d0%ba%d0%bb%d0%b0%d0%bf%d0%b0%d0%bd\/\" \/>\n<meta property=\"og:locale\" content=\"ru_RU\" \/>\n<meta property=\"og:type\" content=\"article\" \/>\n<meta property=\"og:title\" content=\"\u041f\u043e\u043f\u043b\u0430\u0432\u043e\u043a \u0434\u043b\u044f \u043f\u043e\u0438\u043b\u043a\u0438 \u0441 \u043b\u0430\u0442\u0443\u043d\u043d\u044b\u043c \u043a\u043b\u0430\u043f\u0430\u043d\u043e\u043c 3\/4&quot; \u2013 FAR19B\" \/>\n<meta property=\"og:description\" content=\"\u041e\u043f\u0442\u0438\u043c\u0438\u0437\u0438\u0440\u0443\u0439\u0442\u0435 \u0443\u043f\u0440\u0430\u0432\u043b\u0435\u043d\u0438\u0435 \u0432\u043e\u0434\u043e\u0439 \u0441 \u043f\u043e\u043c\u043e\u0449\u044c\u044e \u043f\u043e\u043f\u043b\u0430\u0432\u043a\u0430 \u0441 \u043b\u0430\u0442\u0443\u043d\u043d\u044b\u043c \u043a\u043b\u0430\u043f\u0430\u043d\u043e\u043c 3\/4, \u0440\u0430\u0437\u0440\u0430\u0431\u043e\u0442\u0430\u043d\u043d\u043e\u0433\u043e \u0434\u043b\u044f \u0434\u043b\u0438\u0442\u0435\u043b\u044c\u043d\u043e\u0439 \u044d\u043a\u0441\u043f\u043b\u0443\u0430\u0442\u0430\u0446\u0438\u0438. \u0423\u0441\u0442\u0430\u043d\u043e\u0432\u0438\u0442\u0435 \u0435\u0433\u043e \u0432 \u0432\u0430\u0448\u0443 \u0441\u0438\u0441\u0442\u0435\u043c\u0443 \u0443\u0436\u0435 \u0441\u0435\u0433\u043e\u0434\u043d\u044f!\" \/>\n<meta property=\"og:url\" content=\"https:\/\/fdasrl.it\/ru\/prodotto\/%d0%bf%d0%be%d0%bf%d0%bb%d0%b0%d0%b2%d0%be%d0%ba-%d0%b4%d0%bb%d1%8f-%d0%bf%d0%be%d0%b8%d0%bb%d0%ba%d0%b8-%d1%81-%d0%bb%d0%b0%d1%82%d1%83%d0%bd%d0%bd%d1%8b%d0%bc-%d0%ba%d0%bb%d0%b0%d0%bf%d0%b0%d0%bd\/\" \/>\n<meta property=\"og:site_name\" content=\"FDA srl\" \/>\n<meta property=\"article:publisher\" content=\"https:\/\/www.facebook.com\/share\/1MWhFWg1Tp\/?mibextid=LQQJ4d\" \/>\n<meta property=\"og:image\" content=\"https:\/\/fdasrl.it\/wp-content\/uploads\/2026\/03\/valvola-galleggiante-abbeveratoio-3-4-ottone-e1773070482989.webp\" \/>\n\t<meta property=\"og:image:width\" content=\"577\" \/>\n\t<meta property=\"og:image:height\" content=\"433\" \/>\n\t<meta property=\"og:image:type\" content=\"image\/webp\" \/>\n<meta name=\"twitter:card\" content=\"summary_large_image\" \/>\n<meta name=\"twitter:label1\" content=\"\u0426\u0435\u043d\u0430\" \/>\n\t<meta name=\"twitter:data1\" content=\"\" \/>\n\t<meta name=\"twitter:label2\" content=\"\u0414\u043e\u0441\u0442\u0443\u043f\u043d\u043e\u0441\u0442\u044c\" \/>\n\t<meta name=\"twitter:data2\" content=\"\u0412 \u043d\u0430\u043b\u0438\u0447\u0438\u0438\" \/>\n<meta property=\"product:price:currency\" content=\"EUR\" \/>\n<meta property=\"og:availability\" content=\"instock\" \/>\n<meta property=\"product:availability\" content=\"instock\" \/>\n<meta property=\"product:retailer_item_id\" content=\"FAR19B\" \/>\n<meta property=\"product:condition\" content=\"new\" \/>\n<!-- \/ Yoast SEO Premium plugin. -->","yoast_head_json":{"title":"\u041f\u043e\u043f\u043b\u0430\u0432\u043e\u043a \u0441 \u043b\u0430\u0442\u0443\u043d\u043d\u044b\u043c \u043a\u043b\u0430\u043f\u0430\u043d\u043e\u043c 3\/4 \u0434\u043b\u044f \u043f\u043e\u0438\u043b\u043e\u043a","description":"\u041e\u043f\u0442\u0438\u043c\u0438\u0437\u0438\u0440\u0443\u0439\u0442\u0435 \u0443\u043f\u0440\u0430\u0432\u043b\u0435\u043d\u0438\u0435 \u0432\u043e\u0434\u043e\u0439 \u0441 \u043f\u043e\u043c\u043e\u0449\u044c\u044e \u043f\u043e\u043f\u043b\u0430\u0432\u043a\u0430 \u0441 \u043b\u0430\u0442\u0443\u043d\u043d\u044b\u043c \u043a\u043b\u0430\u043f\u0430\u043d\u043e\u043c 3\/4, \u0440\u0430\u0437\u0440\u0430\u0431\u043e\u0442\u0430\u043d\u043d\u043e\u0433\u043e \u0434\u043b\u044f \u0434\u043b\u0438\u0442\u0435\u043b\u044c\u043d\u043e\u0439 \u044d\u043a\u0441\u043f\u043b\u0443\u0430\u0442\u0430\u0446\u0438\u0438. \u0423\u0441\u0442\u0430\u043d\u043e\u0432\u0438\u0442\u0435 \u0435\u0433\u043e \u0432 \u0432\u0430\u0448\u0443 \u0441\u0438\u0441\u0442\u0435\u043c\u0443 \u0443\u0436\u0435 \u0441\u0435\u0433\u043e\u0434\u043d\u044f!","robots":{"index":"index","follow":"follow","max-snippet":"max-snippet:-1","max-image-preview":"max-image-preview:large","max-video-preview":"max-video-preview:-1"},"canonical":"https:\/\/fdasrl.it\/ru\/prodotto\/%d0%bf%d0%be%d0%bf%d0%bb%d0%b0%d0%b2%d0%be%d0%ba-%d0%b4%d0%bb%d1%8f-%d0%bf%d0%be%d0%b8%d0%bb%d0%ba%d0%b8-%d1%81-%d0%bb%d0%b0%d1%82%d1%83%d0%bd%d0%bd%d1%8b%d0%bc-%d0%ba%d0%bb%d0%b0%d0%bf%d0%b0%d0%bd\/","og_locale":"ru_RU","og_type":"article","og_title":"\u041f\u043e\u043f\u043b\u0430\u0432\u043e\u043a \u0434\u043b\u044f \u043f\u043e\u0438\u043b\u043a\u0438 \u0441 \u043b\u0430\u0442\u0443\u043d\u043d\u044b\u043c \u043a\u043b\u0430\u043f\u0430\u043d\u043e\u043c 3\/4\" \u2013 FAR19B","og_description":"\u041e\u043f\u0442\u0438\u043c\u0438\u0437\u0438\u0440\u0443\u0439\u0442\u0435 \u0443\u043f\u0440\u0430\u0432\u043b\u0435\u043d\u0438\u0435 \u0432\u043e\u0434\u043e\u0439 \u0441 \u043f\u043e\u043c\u043e\u0449\u044c\u044e \u043f\u043e\u043f\u043b\u0430\u0432\u043a\u0430 \u0441 \u043b\u0430\u0442\u0443\u043d\u043d\u044b\u043c \u043a\u043b\u0430\u043f\u0430\u043d\u043e\u043c 3\/4, \u0440\u0430\u0437\u0440\u0430\u0431\u043e\u0442\u0430\u043d\u043d\u043e\u0433\u043e \u0434\u043b\u044f \u0434\u043b\u0438\u0442\u0435\u043b\u044c\u043d\u043e\u0439 \u044d\u043a\u0441\u043f\u043b\u0443\u0430\u0442\u0430\u0446\u0438\u0438. \u0423\u0441\u0442\u0430\u043d\u043e\u0432\u0438\u0442\u0435 \u0435\u0433\u043e \u0432 \u0432\u0430\u0448\u0443 \u0441\u0438\u0441\u0442\u0435\u043c\u0443 \u0443\u0436\u0435 \u0441\u0435\u0433\u043e\u0434\u043d\u044f!","og_url":"https:\/\/fdasrl.it\/ru\/prodotto\/%d0%bf%d0%be%d0%bf%d0%bb%d0%b0%d0%b2%d0%be%d0%ba-%d0%b4%d0%bb%d1%8f-%d0%bf%d0%be%d0%b8%d0%bb%d0%ba%d0%b8-%d1%81-%d0%bb%d0%b0%d1%82%d1%83%d0%bd%d0%bd%d1%8b%d0%bc-%d0%ba%d0%bb%d0%b0%d0%bf%d0%b0%d0%bd\/","og_site_name":"FDA srl","article_publisher":"https:\/\/www.facebook.com\/share\/1MWhFWg1Tp\/?mibextid=LQQJ4d","og_image":[{"width":577,"height":433,"url":"https:\/\/fdasrl.it\/wp-content\/uploads\/2026\/03\/valvola-galleggiante-abbeveratoio-3-4-ottone-e1773070482989.webp","type":"image\/webp"}],"twitter_card":"summary_large_image","twitter_misc":{"\u0426\u0435\u043d\u0430":"","\u0414\u043e\u0441\u0442\u0443\u043f\u043d\u043e\u0441\u0442\u044c":"\u0412 \u043d\u0430\u043b\u0438\u0447\u0438\u0438"},"schema":{"@context":"https:\/\/schema.org","@graph":[{"@type":"WebPage","@id":"https:\/\/fdasrl.it\/ru\/prodotto\/%d0%bf%d0%be%d0%bf%d0%bb%d0%b0%d0%b2%d0%be%d0%ba-%d0%b4%d0%bb%d1%8f-%d0%bf%d0%be%d0%b8%d0%bb%d0%ba%d0%b8-%d1%81-%d0%bb%d0%b0%d1%82%d1%83%d0%bd%d0%bd%d1%8b%d0%bc-%d0%ba%d0%bb%d0%b0%d0%bf%d0%b0%d0%bd\/","url":"https:\/\/fdasrl.it\/ru\/prodotto\/%d0%bf%d0%be%d0%bf%d0%bb%d0%b0%d0%b2%d0%be%d0%ba-%d0%b4%d0%bb%d1%8f-%d0%bf%d0%be%d0%b8%d0%bb%d0%ba%d0%b8-%d1%81-%d0%bb%d0%b0%d1%82%d1%83%d0%bd%d0%bd%d1%8b%d0%bc-%d0%ba%d0%bb%d0%b0%d0%bf%d0%b0%d0%bd\/","name":"\u041f\u043e\u043f\u043b\u0430\u0432\u043e\u043a \u0441 \u043b\u0430\u0442\u0443\u043d\u043d\u044b\u043c \u043a\u043b\u0430\u043f\u0430\u043d\u043e\u043c 3\/4 \u0434\u043b\u044f \u043f\u043e\u0438\u043b\u043e\u043a","isPartOf":{"@id":"https:\/\/fdasrl.it\/ru\/#website"},"primaryImageOfPage":{"@id":"https:\/\/fdasrl.it\/ru\/prodotto\/%d0%bf%d0%be%d0%bf%d0%bb%d0%b0%d0%b2%d0%be%d0%ba-%d0%b4%d0%bb%d1%8f-%d0%bf%d0%be%d0%b8%d0%bb%d0%ba%d0%b8-%d1%81-%d0%bb%d0%b0%d1%82%d1%83%d0%bd%d0%bd%d1%8b%d0%bc-%d0%ba%d0%bb%d0%b0%d0%bf%d0%b0%d0%bd\/#primaryimage"},"image":{"@id":"https:\/\/fdasrl.it\/ru\/prodotto\/%d0%bf%d0%be%d0%bf%d0%bb%d0%b0%d0%b2%d0%be%d0%ba-%d0%b4%d0%bb%d1%8f-%d0%bf%d0%be%d0%b8%d0%bb%d0%ba%d0%b8-%d1%81-%d0%bb%d0%b0%d1%82%d1%83%d0%bd%d0%bd%d1%8b%d0%bc-%d0%ba%d0%bb%d0%b0%d0%bf%d0%b0%d0%bd\/#primaryimage"},"thumbnailUrl":"https:\/\/fdasrl.it\/wp-content\/uploads\/2026\/03\/valvola-galleggiante-abbeveratoio-3-4-ottone-e1773070482989.webp","datePublished":"2026-03-09T15:03:54+00:00","description":"\u041e\u043f\u0442\u0438\u043c\u0438\u0437\u0438\u0440\u0443\u0439\u0442\u0435 \u0443\u043f\u0440\u0430\u0432\u043b\u0435\u043d\u0438\u0435 \u0432\u043e\u0434\u043e\u0439 \u0441 \u043f\u043e\u043c\u043e\u0449\u044c\u044e \u043f\u043e\u043f\u043b\u0430\u0432\u043a\u0430 \u0441 \u043b\u0430\u0442\u0443\u043d\u043d\u044b\u043c \u043a\u043b\u0430\u043f\u0430\u043d\u043e\u043c 3\/4, \u0440\u0430\u0437\u0440\u0430\u0431\u043e\u0442\u0430\u043d\u043d\u043e\u0433\u043e \u0434\u043b\u044f \u0434\u043b\u0438\u0442\u0435\u043b\u044c\u043d\u043e\u0439 \u044d\u043a\u0441\u043f\u043b\u0443\u0430\u0442\u0430\u0446\u0438\u0438. \u0423\u0441\u0442\u0430\u043d\u043e\u0432\u0438\u0442\u0435 \u0435\u0433\u043e \u0432 \u0432\u0430\u0448\u0443 \u0441\u0438\u0441\u0442\u0435\u043c\u0443 \u0443\u0436\u0435 \u0441\u0435\u0433\u043e\u0434\u043d\u044f!","breadcrumb":{"@id":"https:\/\/fdasrl.it\/ru\/prodotto\/%d0%bf%d0%be%d0%bf%d0%bb%d0%b0%d0%b2%d0%be%d0%ba-%d0%b4%d0%bb%d1%8f-%d0%bf%d0%be%d0%b8%d0%bb%d0%ba%d0%b8-%d1%81-%d0%bb%d0%b0%d1%82%d1%83%d0%bd%d0%bd%d1%8b%d0%bc-%d0%ba%d0%bb%d0%b0%d0%bf%d0%b0%d0%bd\/#breadcrumb"},"inLanguage":"ru-RU","potentialAction":[{"@type":"ReadAction","target":["https:\/\/fdasrl.it\/ru\/prodotto\/%d0%bf%d0%be%d0%bf%d0%bb%d0%b0%d0%b2%d0%be%d0%ba-%d0%b4%d0%bb%d1%8f-%d0%bf%d0%be%d0%b8%d0%bb%d0%ba%d0%b8-%d1%81-%d0%bb%d0%b0%d1%82%d1%83%d0%bd%d0%bd%d1%8b%d0%bc-%d0%ba%d0%bb%d0%b0%d0%bf%d0%b0%d0%bd\/"]}]},{"@type":"ImageObject","inLanguage":"ru-RU","@id":"https:\/\/fdasrl.it\/ru\/prodotto\/%d0%bf%d0%be%d0%bf%d0%bb%d0%b0%d0%b2%d0%be%d0%ba-%d0%b4%d0%bb%d1%8f-%d0%bf%d0%be%d0%b8%d0%bb%d0%ba%d0%b8-%d1%81-%d0%bb%d0%b0%d1%82%d1%83%d0%bd%d0%bd%d1%8b%d0%bc-%d0%ba%d0%bb%d0%b0%d0%bf%d0%b0%d0%bd\/#primaryimage","url":"https:\/\/fdasrl.it\/wp-content\/uploads\/2026\/03\/valvola-galleggiante-abbeveratoio-3-4-ottone-e1773070482989.webp","contentUrl":"https:\/\/fdasrl.it\/wp-content\/uploads\/2026\/03\/valvola-galleggiante-abbeveratoio-3-4-ottone-e1773070482989.webp","width":577,"height":433,"caption":"\u041b\u0430\u0442\u0443\u043d\u043d\u044b\u0439 \u043f\u043e\u043f\u043b\u0430\u0432\u043a\u043e\u0432\u044b\u0439 \u043a\u043b\u0430\u043f\u0430\u043d \u0434\u043b\u044f \u0430\u0432\u0442\u043e\u043c\u0430\u0442\u0438\u0447\u0435\u0441\u043a\u0438\u0445 \u043f\u043e\u0438\u043b\u043e\u043a \u0441 \u0441\u043e\u0435\u0434\u0438\u043d\u0435\u043d\u0438\u0435\u043c 3\/4\"."},{"@type":"BreadcrumbList","@id":"https:\/\/fdasrl.it\/ru\/prodotto\/%d0%bf%d0%be%d0%bf%d0%bb%d0%b0%d0%b2%d0%be%d0%ba-%d0%b4%d0%bb%d1%8f-%d0%bf%d0%be%d0%b8%d0%bb%d0%ba%d0%b8-%d1%81-%d0%bb%d0%b0%d1%82%d1%83%d0%bd%d0%bd%d1%8b%d0%bc-%d0%ba%d0%bb%d0%b0%d0%bf%d0%b0%d0%bd\/#breadcrumb","itemListElement":[{"@type":"ListItem","position":1,"name":"Home","item":"https:\/\/fdasrl.it\/ru\/%d0%b3%d0%bb%d0%b0%d0%b2%d0%bd%d0%b0%d1%8f\/"},{"@type":"ListItem","position":2,"name":"\u041c\u0430\u0433\u0430\u0437\u0438\u043d","item":"https:\/\/fdasrl.it\/ru\/%d0%bc%d0%b0%d0%b3%d0%b0%d0%b7%d0%b8%d0%bd\/"},{"@type":"ListItem","position":3,"name":"\u041f\u043e\u043f\u043b\u0430\u0432\u043e\u043a \u0434\u043b\u044f \u043f\u043e\u0438\u043b\u043a\u0438 \u0441 \u043b\u0430\u0442\u0443\u043d\u043d\u044b\u043c \u043a\u043b\u0430\u043f\u0430\u043d\u043e\u043c 3\/4&#8243; \u2013 FAR19B"}]},{"@type":"WebSite","@id":"https:\/\/fdasrl.it\/ru\/#website","url":"https:\/\/fdasrl.it\/ru\/","name":"FDA srl","description":"Equipment for animal husbandry","publisher":{"@id":"https:\/\/fdasrl.it\/ru\/#organization"},"potentialAction":[{"@type":"SearchAction","target":{"@type":"EntryPoint","urlTemplate":"https:\/\/fdasrl.it\/ru\/?s={search_term_string}"},"query-input":{"@type":"PropertyValueSpecification","valueRequired":true,"valueName":"search_term_string"}}],"inLanguage":"ru-RU"},{"@type":"Organization","@id":"https:\/\/fdasrl.it\/ru\/#organization","name":"FDA srl","url":"https:\/\/fdasrl.it\/ru\/","logo":{"@type":"ImageObject","inLanguage":"ru-RU","@id":"https:\/\/fdasrl.it\/ru\/#\/schema\/logo\/image\/","url":"https:\/\/fdasrl.it\/wp-content\/uploads\/2024\/12\/Logo-FDA.png","contentUrl":"https:\/\/fdasrl.it\/wp-content\/uploads\/2024\/12\/Logo-FDA.png","width":316,"height":119,"caption":"FDA srl"},"image":{"@id":"https:\/\/fdasrl.it\/ru\/#\/schema\/logo\/image\/"},"sameAs":["https:\/\/www.facebook.com\/share\/1MWhFWg1Tp\/?mibextid=LQQJ4d","https:\/\/www.instagram.com\/fda_srl\/profilecard\/?igsh=YW5lbzJ6MWg0d21u","https:\/\/www.youtube.com\/@FDASRL_ANIMALCARE"],"description":"FDA SRL \u2013 Equipment for animal husbandry nasce con l\u2019obiettivo di offrire soluzioni affidabili e innovative per l\u2019allevamento moderno. Con anni di esperienza nel settore zootecnico, progettiamo e realizziamo attrezzature destinate al benessere animale e alla gestione efficiente delle stalle: vasche, abbeveratoi, mangiatoie e sistemi di riscaldamento pensati per durare nel tempo e semplificare il lavoro quotidiano degli allevatori. Dalla progettazione alla produzione, ogni nostro prodotto \u00e8 studiato nei minimi dettagli, testato con cura e costruito per rispondere alle esigenze reali del settore. La nostra forza \u00e8 unire artigianalit\u00e0, tecnologia e competenza tecnica per trasformare ogni progetto in una soluzione concreta e funzionale. Oggi FDA SRL \u00e8 un punto di riferimento per privati e rivenditori che cercano qualit\u00e0, affidabilit\u00e0 e innovazione nelle attrezzature per l\u2019allevamento.","email":"info@fdasrl.it","telephone":"+390522826820","legalName":"F.D.A. SRL","foundingDate":"2024-10-13","vatID":"03075840359","taxID":"03075840359","numberOfEmployees":{"@type":"QuantitativeValue","minValue":"1","maxValue":"10"}}]},"product_price_currency":"EUR","og_availability":"instock","product_availability":"instock","product_retailer_item_id":"FAR19B","product_condition":"new"},"_links":{"self":[{"href":"https:\/\/fdasrl.it\/ru\/wp-json\/wp\/v2\/product\/2615","targetHints":{"allow":["GET"]}}],"collection":[{"href":"https:\/\/fdasrl.it\/ru\/wp-json\/wp\/v2\/product"}],"about":[{"href":"https:\/\/fdasrl.it\/ru\/wp-json\/wp\/v2\/types\/product"}],"replies":[{"embeddable":true,"href":"https:\/\/fdasrl.it\/ru\/wp-json\/wp\/v2\/comments?post=2615"}],"wp:featuredmedia":[{"embeddable":true,"href":"https:\/\/fdasrl.it\/ru\/wp-json\/wp\/v2\/media\/1204"}],"wp:attachment":[{"href":"https:\/\/fdasrl.it\/ru\/wp-json\/wp\/v2\/media?parent=2615"}],"wp:term":[{"taxonomy":"product_brand","embeddable":true,"href":"https:\/\/fdasrl.it\/ru\/wp-json\/wp\/v2\/product_brand?post=2615"},{"taxonomy":"product_cat","embeddable":true,"href":"https:\/\/fdasrl.it\/ru\/wp-json\/wp\/v2\/product_cat?post=2615"},{"taxonomy":"product_tag","embeddable":true,"href":"https:\/\/fdasrl.it\/ru\/wp-json\/wp\/v2\/product_tag?post=2615"}],"curies":[{"name":"wp","href":"https:\/\/api.w.org\/{rel}","templated":true}]}}