{"id":2703,"date":"2026-03-06T15:54:29","date_gmt":"2026-03-06T14:54:29","guid":{"rendered":"https:\/\/fdasrl.it\/prodotto\/%d0%bc%d0%b0%d1%8f%d1%82%d0%bd%d0%b8%d0%ba%d0%be%d0%b2%d1%8b%d0%b9-%d0%ba%d0%bb%d0%b0%d0%bf%d0%b0%d0%bd-far18-%d0%b4%d0%bb%d1%8f-%d0%bf%d0%be%d0%b8%d0%bb%d0%be%d0%ba\/"},"modified":"2026-03-06T15:54:29","modified_gmt":"2026-03-06T14:54:29","slug":"%d0%bc%d0%b0%d1%8f%d1%82%d0%bd%d0%b8%d0%ba%d0%be%d0%b2%d1%8b%d0%b9-%d0%ba%d0%bb%d0%b0%d0%bf%d0%b0%d0%bd-far18-%d0%b4%d0%bb%d1%8f-%d0%bf%d0%be%d0%b8%d0%bb%d0%be%d0%ba","status":"publish","type":"product","link":"https:\/\/fdasrl.it\/ru\/prodotto\/%d0%bc%d0%b0%d1%8f%d1%82%d0%bd%d0%b8%d0%ba%d0%be%d0%b2%d1%8b%d0%b9-%d0%ba%d0%bb%d0%b0%d0%bf%d0%b0%d0%bd-far18-%d0%b4%d0%bb%d1%8f-%d0%bf%d0%be%d0%b8%d0%bb%d0%be%d0%ba\/","title":{"rendered":"\u041c\u0430\u044f\u0442\u043d\u0438\u043a\u043e\u0432\u044b\u0439 \u043a\u043b\u0430\u043f\u0430\u043d FAR18 \u0434\u043b\u044f \u043f\u043e\u0438\u043b\u043e\u043a"},"content":{"rendered":"<h3 data-section-id=\"631hw6\" data-start=\"122\" data-end=\"169\"><strong data-start=\"126\" data-end=\"169\">\u041c\u0430\u044f\u0442\u043d\u0438\u043a\u043e\u0432\u044b\u0439 \u043a\u043b\u0430\u043f\u0430\u043d <\/strong><strong data-start=\"126\" data-end=\"169\">FAR18 <\/strong><strong data-start=\"126\" data-end=\"169\">\u0434\u043b\u044f \u043f\u043e\u0438\u043b\u043e\u043a<\/strong><\/h3>\n<p data-start=\"171\" data-end=\"451\"><strong data-start=\"174\" data-end=\"201\">\u041c\u0430\u044f\u0442\u043d\u0438\u043a\u043e\u0432\u044b\u0439 \u043a\u043b\u0430\u043f\u0430\u043d FAR18<\/strong> \u0440\u0430\u0437\u0440\u0430\u0431\u043e\u0442\u0430\u043d \u0434\u043b\u044f \u0440\u0430\u0437\u043b\u0438\u0447\u043d\u044b\u0445 \u0442\u0438\u043f\u043e\u0432 \u043f\u043e\u0438\u043b\u043e\u043a \u0438 \u0441\u043e\u0432\u043c\u0435\u0441\u0442\u0438\u043c \u0441 \u043f\u043e\u0438\u043b\u043a\u0430\u043c\u0438 <strong data-start=\"284\" data-end=\"297\">FDA FA-KB<\/strong> \u0438 <strong data-start=\"300\" data-end=\"312\">FABB0033<\/strong>.<br data-start=\"313\" data-end=\"316\">\u0418\u0437\u0433\u043e\u0442\u043e\u0432\u043b\u0435\u043d \u0438\u0437 <strong data-start=\"330\" data-end=\"340\">\u043b\u0430\u0442\u0443\u043d\u0438<\/strong>, \u043e\u0431\u0435\u0441\u043f\u0435\u0447\u0438\u0432\u0430\u0435\u0442 \u0432\u044b\u0441\u043e\u043a\u0443\u044e \u0443\u0441\u0442\u043e\u0439\u0447\u0438\u0432\u043e\u0441\u0442\u044c \u043a \u043a\u043e\u0440\u0440\u043e\u0437\u0438\u0438 \u0438 \u0434\u043b\u0438\u0442\u0435\u043b\u044c\u043d\u044b\u0439 \u0441\u0440\u043e\u043a \u0441\u043b\u0443\u0436\u0431\u044b \u0434\u0430\u0436\u0435 \u0432 \u0441\u0430\u043c\u044b\u0445 \u0441\u043b\u043e\u0436\u043d\u044b\u0445 \u0443\u0441\u043b\u043e\u0432\u0438\u044f\u0445 \u0436\u0438\u0432\u043e\u0442\u043d\u043e\u0432\u043e\u0434\u0447\u0435\u0441\u043a\u0438\u0445 \u043f\u043e\u043c\u0435\u0449\u0435\u043d\u0438\u0439.<\/p>\n<p data-start=\"453\" data-end=\"625\">\u0411\u043b\u0430\u0433\u043e\u0434\u0430\u0440\u044f <strong data-start=\"464\" data-end=\"501\">\u0432\u043d\u0443\u0442\u0440\u0435\u043d\u043d\u0435\u0439 \u0440\u0435\u0437\u044c\u0431\u0435 1\/2&#8243;<\/strong> \u043a\u043b\u0430\u043f\u0430\u043d \u043e\u0431\u0435\u0441\u043f\u0435\u0447\u0438\u0432\u0430\u0435\u0442 <strong data-start=\"527\" data-end=\"552\">\u0445\u043e\u0440\u043e\u0448\u0438\u0439 \u0440\u0430\u0441\u0445\u043e\u0434 \u0432\u043e\u0434\u044b<\/strong> \u0438 \u043d\u0430\u0434\u0435\u0436\u043d\u0443\u044e \u0440\u0430\u0431\u043e\u0442\u0443 \u0434\u0430\u0436\u0435 \u043f\u0440\u0438 \u0438\u043d\u0442\u0435\u043d\u0441\u0438\u0432\u043d\u043e\u0439 \u044d\u043a\u0441\u043f\u043b\u0443\u0430\u0442\u0430\u0446\u0438\u0438.<\/p>\n<p data-start=\"627\" data-end=\"691\">\u041f\u043e\u0441\u0442\u0430\u0432\u043b\u044f\u0435\u0442\u0441\u044f \u043a\u0430\u043a <strong data-start=\"642\" data-end=\"690\">\u043f\u043e\u043b\u043d\u0430\u044f \u0437\u0430\u043f\u0430\u0441\u043d\u0430\u044f \u0447\u0430\u0441\u0442\u044c, \u0433\u043e\u0442\u043e\u0432\u0430\u044f \u043a \u0443\u0441\u0442\u0430\u043d\u043e\u0432\u043a\u0435<\/strong>.<\/p>\n<h3 data-section-id=\"xrc42a\" data-start=\"693\" data-end=\"727\"><strong data-start=\"697\" data-end=\"727\">\u041e\u0441\u043d\u043e\u0432\u043d\u044b\u0435 \u0445\u0430\u0440\u0430\u043a\u0442\u0435\u0440\u0438\u0441\u0442\u0438\u043a\u0438<\/strong><\/h3>\n<ul data-start=\"729\" data-end=\"948\">\n<li data-section-id=\"a06e4o\" data-start=\"729\" data-end=\"777\">\n<p data-start=\"731\" data-end=\"777\">\u041a\u043e\u0440\u043f\u0443\u0441 \u0438\u0437 <strong data-start=\"740\" data-end=\"777\">\u043a\u043e\u0440\u0440\u043e\u0437\u0438\u043e\u043d\u043d\u043e\u0441\u0442\u043e\u0439\u043a\u043e\u0439 \u043b\u0430\u0442\u0443\u043d\u0438<\/strong><\/p>\n<\/li>\n<li data-section-id=\"1jt4ndz\" data-start=\"778\" data-end=\"814\">\n<p data-start=\"780\" data-end=\"814\"><strong data-start=\"780\" data-end=\"814\">\u0412\u043d\u0443\u0442\u0440\u0435\u043d\u043d\u044f\u044f \u0440\u0435\u0437\u044c\u0431\u0430 1\/2&#8243; \u2014 \u0441\u043d\u0438\u0437\u0443 \u0438 \u0441\u0432\u0435\u0440\u0445\u0443<\/strong><\/p>\n<\/li>\n<li data-section-id=\"12kdzhk\" data-start=\"815\" data-end=\"842\">\n<p data-start=\"817\" data-end=\"842\"><strong data-start=\"817\" data-end=\"842\">\u0425\u043e\u0440\u043e\u0448\u0438\u0439 \u0440\u0430\u0441\u0445\u043e\u0434 \u0432\u043e\u0434\u044b<\/strong><\/p>\n<\/li>\n<li data-section-id=\"1cp13de\" data-start=\"843\" data-end=\"897\">\n<p data-start=\"845\" data-end=\"897\">\u0421\u043e\u0432\u043c\u0435\u0441\u0442\u0438\u043c \u0441 \u043f\u043e\u0438\u043b\u043a\u0430\u043c\u0438 <strong data-start=\"873\" data-end=\"882\">FA-KB<\/strong> \u0438 <strong data-start=\"885\" data-end=\"897\">FABB0033<\/strong><\/p>\n<\/li>\n<li data-section-id=\"7eg5ja\" data-start=\"898\" data-end=\"948\">\n<p data-start=\"900\" data-end=\"948\"><strong data-start=\"900\" data-end=\"921\">\u041f\u043e\u043b\u043d\u0430\u044f \u0437\u0430\u043f\u0430\u0441\u043d\u0430\u044f \u0447\u0430\u0441\u0442\u044c<\/strong>, \u0433\u043e\u0442\u043e\u0432\u0430\u044f \u043a \u0443\u0441\u0442\u0430\u043d\u043e\u0432\u043a\u0435<\/p>\n<\/li>\n<\/ul>\n<h3 data-section-id=\"2pq1zq\" data-start=\"950\" data-end=\"980\"><strong data-start=\"954\" data-end=\"980\">\u0420\u0430\u0431\u043e\u0447\u0435\u0435 \u0434\u0430\u0432\u043b\u0435\u043d\u0438\u0435<\/strong><\/h3>\n<ul data-start=\"982\" data-end=\"1018\">\n<li data-section-id=\"hbbj97\" data-start=\"982\" data-end=\"1018\">\n<p data-start=\"984\" data-end=\"1018\"><strong data-start=\"984\" data-end=\"1008\">\u0420\u0430\u0431\u043e\u0447\u0435\u0435 \u0434\u0430\u0432\u043b\u0435\u043d\u0438\u0435:<\/strong> 0\u20135 \u0431\u0430\u0440<\/p>\n<\/li>\n<\/ul>\n<h3 data-section-id=\"8whuzw\" data-start=\"1020\" data-end=\"1041\"><strong data-start=\"1024\" data-end=\"1041\">\u0420\u0430\u0441\u0445\u043e\u0434 \u0432\u043e\u0434\u044b<\/strong><\/h3>\n<ul data-start=\"1043\" data-end=\"1064\">\n<li data-section-id=\"yqq2y4\" data-start=\"1043\" data-end=\"1064\">\n<p data-start=\"1045\" data-end=\"1064\"><strong data-start=\"1045\" data-end=\"1064\">\u0414\u043e 20 \u043b\/\u043c\u0438\u043d<\/strong><\/p>\n<\/li>\n<\/ul>\n<p data-start=\"1066\" data-end=\"1263\"><strong data-start=\"1069\" data-end=\"1096\">\u041c\u0430\u044f\u0442\u043d\u0438\u043a\u043e\u0432\u044b\u0439 \u043a\u043b\u0430\u043f\u0430\u043d FAR18<\/strong> \u043e\u0431\u0435\u0441\u043f\u0435\u0447\u0438\u0432\u0430\u0435\u0442 \u044d\u0444\u0444\u0435\u043a\u0442\u0438\u0432\u043d\u0443\u044e \u043f\u043e\u0434\u0430\u0447\u0443 \u0432\u043e\u0434\u044b \u0432 \u043f\u043e\u0438\u043b\u043a\u0438, \u0441\u043f\u043e\u0441\u043e\u0431\u0441\u0442\u0432\u0443\u044f <strong data-start=\"1178\" data-end=\"1201\">\u0441\u043e\u043a\u0440\u0430\u0449\u0435\u043d\u0438\u044e \u043f\u043e\u0442\u0435\u0440\u044c<\/strong> \u0438 \u0433\u0430\u0440\u0430\u043d\u0442\u0438\u0440\u0443\u044f \u0436\u0438\u0432\u043e\u0442\u043d\u044b\u043c <strong data-start=\"1229\" data-end=\"1262\">\u043f\u043e\u0441\u0442\u043e\u044f\u043d\u043d\u044b\u0439 \u0434\u043e\u0441\u0442\u0443\u043f \u043a \u0432\u043e\u0434\u0435<\/strong>.<\/p>\n<p>\ud83d\udc49 \u0417\u0430\u043f\u0440\u043e\u0441\u0438\u0442\u0435 \u0446\u0435\u043d\u0443 \u0434\u043b\u044f \u043f\u0435\u0440\u0435\u043f\u0440\u043e\u0434\u0430\u0436\u0438:  <a href=\"mailto:info@fdasrl.it\">\u041d\u0410\u0416\u041c\u0418\u0422\u0415 \u0417\u0414\u0415\u0421\u042c<\/a><\/p>\n<p>\ud83d\udc49 \u041a\u0443\u043f\u0438\u0442\u0435 \u043e\u043d\u043b\u0430\u0439\u043d: <a href=\"https:\/\/fda-shop.it\/shop\/scuderia-horse-care\/scuderia-e-paddock\/abbeveratoi-per-cavalli\/valvola-per-abbeveratoio-cavalli\">\u041d\u0410\u0416\u041c\u0418\u0422\u0415 \u0417\u0414\u0415\u0421\u042c<\/a><\/p>\n","protected":false},"excerpt":{"rendered":"<p><strong data-start=\"26\" data-end=\"53\">\u041c\u0430\u044f\u0442\u043d\u0438\u043a\u043e\u0432\u044b\u0439 \u043a\u043b\u0430\u043f\u0430\u043d FAR18<\/strong> \u2014 \u044d\u0442\u043e \u043f\u043e\u043b\u043d\u0430\u044f \u0437\u0430\u043f\u0430\u0441\u043d\u0430\u044f \u0447\u0430\u0441\u0442\u044c, \u0441\u043e\u0432\u043c\u0435\u0441\u0442\u0438\u043c\u0430\u044f \u0441\u043e \u043c\u043d\u043e\u0433\u0438\u043c\u0438 \u043f\u043e\u0438\u043b\u043a\u0430\u043c\u0438, \u0432\u043a\u043b\u044e\u0447\u0430\u044f <strong data-start=\"81\" data-end=\"114\">\u043f\u043e\u0438\u043b\u043a\u0438 FDA FA-KB \u0438 FABB0033<\/strong>, \u0438\u0437\u0433\u043e\u0442\u043e\u0432\u043b\u0435\u043d\u043d\u0430\u044f \u0438\u0437 <strong data-start=\"130\" data-end=\"140\">\u043b\u0430\u0442\u0443\u043d\u0438<\/strong> \u0434\u043b\u044f \u043e\u0431\u0435\u0441\u043f\u0435\u0447\u0435\u043d\u0438\u044f \u043f\u0440\u043e\u0447\u043d\u043e\u0441\u0442\u0438 \u0438 \u0434\u043e\u043b\u0433\u043e\u0432\u0435\u0447\u043d\u043e\u0441\u0442\u0438 \u0432 \u0443\u0441\u043b\u043e\u0432\u0438\u044f\u0445 \u0436\u0438\u0432\u043e\u0442\u043d\u043e\u0432\u043e\u0434\u0447\u0435\u0441\u043a\u0438\u0445 \u043f\u043e\u043c\u0435\u0449\u0435\u043d\u0438\u0439. \u041e\u0441\u043d\u0430\u0449\u0435\u043d <strong data-start=\"212\" data-end=\"249\">\u0432\u043d\u0443\u0442\u0440\u0435\u043d\u043d\u0435\u0439 \u0440\u0435\u0437\u044c\u0431\u043e\u0439 1\/2&#8243;<\/strong>, \u043e\u0431\u0435\u0441\u043f\u0435\u0447\u0438\u0432\u0430\u0435\u0442 \u0445\u043e\u0440\u043e\u0448\u0438\u0439 <strong data-start=\"260\" data-end=\"287\">\u0440\u0430\u0441\u0445\u043e\u0434 \u0432\u043e\u0434\u044b<\/strong> \u0438 \u043d\u0430\u0434\u0435\u0436\u043d\u0443\u044e \u0440\u0430\u0431\u043e\u0442\u0443 \u043f\u0440\u0438 <strong data-start=\"319\" data-end=\"358\">\u0440\u0430\u0431\u043e\u0447\u0435\u043c \u0434\u0430\u0432\u043b\u0435\u043d\u0438\u0438 \u043e\u0442 0 \u0434\u043e 5 \u0431\u0430\u0440<\/strong>. \u0418\u0434\u0435\u0430\u043b\u0435\u043d \u0434\u043b\u044f \u043e\u0431\u0435\u0441\u043f\u0435\u0447\u0435\u043d\u0438\u044f \u043f\u043e\u0441\u0442\u043e\u044f\u043d\u043d\u043e\u0439 \u043f\u043e\u0434\u0430\u0447\u0438 \u0432\u043e\u0434\u044b \u0432 \u043f\u043e\u0438\u043b\u043a\u0438.  <\/p>\n","protected":false},"featured_media":1201,"comment_status":"open","ping_status":"closed","template":"","meta":{"_et_pb_use_builder":"","_et_pb_old_content":"","_et_gb_content_width":""},"product_brand":[],"product_cat":[520,519,563],"product_tag":[618],"class_list":{"0":"post-2703","1":"product","2":"type-product","3":"status-publish","4":"has-post-thumbnail","6":"product_cat-520","7":"product_cat-519","8":"product_cat-563","9":"product_tag-far18","11":"first","12":"instock","13":"shipping-taxable","14":"product-type-simple"},"yoast_head":"<!-- This site is optimized with the Yoast SEO Premium plugin v27.5 (Yoast SEO v27.5) - https:\/\/yoast.com\/product\/yoast-seo-premium-wordpress\/ -->\n<title>\u041c\u0430\u044f\u0442\u043d\u0438\u043a\u043e\u0432\u044b\u0439 \u043a\u043b\u0430\u043f\u0430\u043d FAR18 \u0434\u043b\u044f \u043f\u043e\u0438\u043b\u043e\u043a \u0441 \u0440\u0435\u0437\u044c\u0431\u043e\u0432\u044b\u043c \u0441\u043e\u0435\u0434\u0438\u043d\u0435\u043d\u0438\u0435\u043c<\/title>\n<meta name=\"description\" content=\"\u0412\u044b\u0431\u0435\u0440\u0438\u0442\u0435 \u0432\u044b\u0441\u043e\u043a\u043e\u043a\u0430\u0447\u0435\u0441\u0442\u0432\u0435\u043d\u043d\u044b\u0439 \u043c\u0430\u044f\u0442\u043d\u0438\u043a\u043e\u0432\u044b\u0439 \u043a\u043b\u0430\u043f\u0430\u043d FAR18 \u0434\u043b\u044f \u043f\u043e\u0438\u043b\u043e\u043a. \u0418\u0437\u0433\u043e\u0442\u043e\u0432\u043b\u0435\u043d \u0438\u0437 \u043b\u0430\u0442\u0443\u043d\u0438, \u0433\u043e\u0442\u043e\u0432 \u043a \u0443\u0441\u0442\u0430\u043d\u043e\u0432\u043a\u0435 \u0438 \u0438\u0434\u0435\u0430\u043b\u0435\u043d \u0434\u043b\u044f \u043b\u044e\u0431\u044b\u0445 \u043f\u043e\u0442\u0440\u0435\u0431\u043d\u043e\u0441\u0442\u0435\u0439!\" \/>\n<meta name=\"robots\" content=\"index, follow, max-snippet:-1, max-image-preview:large, max-video-preview:-1\" \/>\n<link rel=\"canonical\" href=\"https:\/\/fdasrl.it\/ru\/prodotto\/%d0%bc%d0%b0%d1%8f%d1%82%d0%bd%d0%b8%d0%ba%d0%be%d0%b2%d1%8b%d0%b9-%d0%ba%d0%bb%d0%b0%d0%bf%d0%b0%d0%bd-far18-%d0%b4%d0%bb%d1%8f-%d0%bf%d0%be%d0%b8%d0%bb%d0%be%d0%ba\/\" \/>\n<meta property=\"og:locale\" content=\"ru_RU\" \/>\n<meta property=\"og:type\" content=\"article\" \/>\n<meta property=\"og:title\" content=\"\u041c\u0430\u044f\u0442\u043d\u0438\u043a\u043e\u0432\u044b\u0439 \u043a\u043b\u0430\u043f\u0430\u043d FAR18 \u0434\u043b\u044f \u043f\u043e\u0438\u043b\u043e\u043a\" \/>\n<meta property=\"og:description\" content=\"\u0412\u044b\u0431\u0435\u0440\u0438\u0442\u0435 \u0432\u044b\u0441\u043e\u043a\u043e\u043a\u0430\u0447\u0435\u0441\u0442\u0432\u0435\u043d\u043d\u044b\u0439 \u043c\u0430\u044f\u0442\u043d\u0438\u043a\u043e\u0432\u044b\u0439 \u043a\u043b\u0430\u043f\u0430\u043d FAR18 \u0434\u043b\u044f \u043f\u043e\u0438\u043b\u043e\u043a. \u0418\u0437\u0433\u043e\u0442\u043e\u0432\u043b\u0435\u043d \u0438\u0437 \u043b\u0430\u0442\u0443\u043d\u0438, \u0433\u043e\u0442\u043e\u0432 \u043a \u0443\u0441\u0442\u0430\u043d\u043e\u0432\u043a\u0435 \u0438 \u0438\u0434\u0435\u0430\u043b\u0435\u043d \u0434\u043b\u044f \u043b\u044e\u0431\u044b\u0445 \u043f\u043e\u0442\u0440\u0435\u0431\u043d\u043e\u0441\u0442\u0435\u0439!\" \/>\n<meta property=\"og:url\" content=\"https:\/\/fdasrl.it\/ru\/prodotto\/%d0%bc%d0%b0%d1%8f%d1%82%d0%bd%d0%b8%d0%ba%d0%be%d0%b2%d1%8b%d0%b9-%d0%ba%d0%bb%d0%b0%d0%bf%d0%b0%d0%bd-far18-%d0%b4%d0%bb%d1%8f-%d0%bf%d0%be%d0%b8%d0%bb%d0%be%d0%ba\/\" \/>\n<meta property=\"og:site_name\" content=\"FDA srl\" \/>\n<meta property=\"article:publisher\" content=\"https:\/\/www.facebook.com\/share\/1MWhFWg1Tp\/?mibextid=LQQJ4d\" \/>\n<meta property=\"og:image\" content=\"https:\/\/fdasrl.it\/wp-content\/uploads\/2026\/03\/valvola-pendolo-FAR18-media-portata-1.png\" \/>\n\t<meta property=\"og:image:width\" content=\"822\" \/>\n\t<meta property=\"og:image:height\" content=\"827\" \/>\n\t<meta property=\"og:image:type\" content=\"image\/png\" \/>\n<meta name=\"twitter:card\" content=\"summary_large_image\" \/>\n<meta name=\"twitter:label1\" content=\"\u0426\u0435\u043d\u0430\" \/>\n\t<meta name=\"twitter:data1\" content=\"\" \/>\n\t<meta name=\"twitter:label2\" content=\"\u0414\u043e\u0441\u0442\u0443\u043f\u043d\u043e\u0441\u0442\u044c\" \/>\n\t<meta name=\"twitter:data2\" content=\"\u0412 \u043d\u0430\u043b\u0438\u0447\u0438\u0438\" \/>\n<meta property=\"product:price:currency\" content=\"EUR\" \/>\n<meta property=\"og:availability\" content=\"instock\" \/>\n<meta property=\"product:availability\" content=\"instock\" \/>\n<meta property=\"product:retailer_item_id\" content=\"FAR18\" \/>\n<meta property=\"product:condition\" content=\"new\" \/>\n<!-- \/ Yoast SEO Premium plugin. -->","yoast_head_json":{"title":"\u041c\u0430\u044f\u0442\u043d\u0438\u043a\u043e\u0432\u044b\u0439 \u043a\u043b\u0430\u043f\u0430\u043d FAR18 \u0434\u043b\u044f \u043f\u043e\u0438\u043b\u043e\u043a \u0441 \u0440\u0435\u0437\u044c\u0431\u043e\u0432\u044b\u043c \u0441\u043e\u0435\u0434\u0438\u043d\u0435\u043d\u0438\u0435\u043c","description":"\u0412\u044b\u0431\u0435\u0440\u0438\u0442\u0435 \u0432\u044b\u0441\u043e\u043a\u043e\u043a\u0430\u0447\u0435\u0441\u0442\u0432\u0435\u043d\u043d\u044b\u0439 \u043c\u0430\u044f\u0442\u043d\u0438\u043a\u043e\u0432\u044b\u0439 \u043a\u043b\u0430\u043f\u0430\u043d FAR18 \u0434\u043b\u044f \u043f\u043e\u0438\u043b\u043e\u043a. \u0418\u0437\u0433\u043e\u0442\u043e\u0432\u043b\u0435\u043d \u0438\u0437 \u043b\u0430\u0442\u0443\u043d\u0438, \u0433\u043e\u0442\u043e\u0432 \u043a \u0443\u0441\u0442\u0430\u043d\u043e\u0432\u043a\u0435 \u0438 \u0438\u0434\u0435\u0430\u043b\u0435\u043d \u0434\u043b\u044f \u043b\u044e\u0431\u044b\u0445 \u043f\u043e\u0442\u0440\u0435\u0431\u043d\u043e\u0441\u0442\u0435\u0439!","robots":{"index":"index","follow":"follow","max-snippet":"max-snippet:-1","max-image-preview":"max-image-preview:large","max-video-preview":"max-video-preview:-1"},"canonical":"https:\/\/fdasrl.it\/ru\/prodotto\/%d0%bc%d0%b0%d1%8f%d1%82%d0%bd%d0%b8%d0%ba%d0%be%d0%b2%d1%8b%d0%b9-%d0%ba%d0%bb%d0%b0%d0%bf%d0%b0%d0%bd-far18-%d0%b4%d0%bb%d1%8f-%d0%bf%d0%be%d0%b8%d0%bb%d0%be%d0%ba\/","og_locale":"ru_RU","og_type":"article","og_title":"\u041c\u0430\u044f\u0442\u043d\u0438\u043a\u043e\u0432\u044b\u0439 \u043a\u043b\u0430\u043f\u0430\u043d FAR18 \u0434\u043b\u044f \u043f\u043e\u0438\u043b\u043e\u043a","og_description":"\u0412\u044b\u0431\u0435\u0440\u0438\u0442\u0435 \u0432\u044b\u0441\u043e\u043a\u043e\u043a\u0430\u0447\u0435\u0441\u0442\u0432\u0435\u043d\u043d\u044b\u0439 \u043c\u0430\u044f\u0442\u043d\u0438\u043a\u043e\u0432\u044b\u0439 \u043a\u043b\u0430\u043f\u0430\u043d FAR18 \u0434\u043b\u044f \u043f\u043e\u0438\u043b\u043e\u043a. \u0418\u0437\u0433\u043e\u0442\u043e\u0432\u043b\u0435\u043d \u0438\u0437 \u043b\u0430\u0442\u0443\u043d\u0438, \u0433\u043e\u0442\u043e\u0432 \u043a \u0443\u0441\u0442\u0430\u043d\u043e\u0432\u043a\u0435 \u0438 \u0438\u0434\u0435\u0430\u043b\u0435\u043d \u0434\u043b\u044f \u043b\u044e\u0431\u044b\u0445 \u043f\u043e\u0442\u0440\u0435\u0431\u043d\u043e\u0441\u0442\u0435\u0439!","og_url":"https:\/\/fdasrl.it\/ru\/prodotto\/%d0%bc%d0%b0%d1%8f%d1%82%d0%bd%d0%b8%d0%ba%d0%be%d0%b2%d1%8b%d0%b9-%d0%ba%d0%bb%d0%b0%d0%bf%d0%b0%d0%bd-far18-%d0%b4%d0%bb%d1%8f-%d0%bf%d0%be%d0%b8%d0%bb%d0%be%d0%ba\/","og_site_name":"FDA srl","article_publisher":"https:\/\/www.facebook.com\/share\/1MWhFWg1Tp\/?mibextid=LQQJ4d","og_image":[{"width":822,"height":827,"url":"https:\/\/fdasrl.it\/wp-content\/uploads\/2026\/03\/valvola-pendolo-FAR18-media-portata-1.png","type":"image\/png"}],"twitter_card":"summary_large_image","twitter_misc":{"\u0426\u0435\u043d\u0430":"","\u0414\u043e\u0441\u0442\u0443\u043f\u043d\u043e\u0441\u0442\u044c":"\u0412 \u043d\u0430\u043b\u0438\u0447\u0438\u0438"},"schema":{"@context":"https:\/\/schema.org","@graph":[{"@type":"WebPage","@id":"https:\/\/fdasrl.it\/ru\/prodotto\/%d0%bc%d0%b0%d1%8f%d1%82%d0%bd%d0%b8%d0%ba%d0%be%d0%b2%d1%8b%d0%b9-%d0%ba%d0%bb%d0%b0%d0%bf%d0%b0%d0%bd-far18-%d0%b4%d0%bb%d1%8f-%d0%bf%d0%be%d0%b8%d0%bb%d0%be%d0%ba\/","url":"https:\/\/fdasrl.it\/ru\/prodotto\/%d0%bc%d0%b0%d1%8f%d1%82%d0%bd%d0%b8%d0%ba%d0%be%d0%b2%d1%8b%d0%b9-%d0%ba%d0%bb%d0%b0%d0%bf%d0%b0%d0%bd-far18-%d0%b4%d0%bb%d1%8f-%d0%bf%d0%be%d0%b8%d0%bb%d0%be%d0%ba\/","name":"\u041c\u0430\u044f\u0442\u043d\u0438\u043a\u043e\u0432\u044b\u0439 \u043a\u043b\u0430\u043f\u0430\u043d FAR18 \u0434\u043b\u044f \u043f\u043e\u0438\u043b\u043e\u043a \u0441 \u0440\u0435\u0437\u044c\u0431\u043e\u0432\u044b\u043c \u0441\u043e\u0435\u0434\u0438\u043d\u0435\u043d\u0438\u0435\u043c","isPartOf":{"@id":"https:\/\/fdasrl.it\/ru\/#website"},"primaryImageOfPage":{"@id":"https:\/\/fdasrl.it\/ru\/prodotto\/%d0%bc%d0%b0%d1%8f%d1%82%d0%bd%d0%b8%d0%ba%d0%be%d0%b2%d1%8b%d0%b9-%d0%ba%d0%bb%d0%b0%d0%bf%d0%b0%d0%bd-far18-%d0%b4%d0%bb%d1%8f-%d0%bf%d0%be%d0%b8%d0%bb%d0%be%d0%ba\/#primaryimage"},"image":{"@id":"https:\/\/fdasrl.it\/ru\/prodotto\/%d0%bc%d0%b0%d1%8f%d1%82%d0%bd%d0%b8%d0%ba%d0%be%d0%b2%d1%8b%d0%b9-%d0%ba%d0%bb%d0%b0%d0%bf%d0%b0%d0%bd-far18-%d0%b4%d0%bb%d1%8f-%d0%bf%d0%be%d0%b8%d0%bb%d0%be%d0%ba\/#primaryimage"},"thumbnailUrl":"https:\/\/fdasrl.it\/wp-content\/uploads\/2026\/03\/valvola-pendolo-FAR18-media-portata-1.png","datePublished":"2026-03-06T14:54:29+00:00","description":"\u0412\u044b\u0431\u0435\u0440\u0438\u0442\u0435 \u0432\u044b\u0441\u043e\u043a\u043e\u043a\u0430\u0447\u0435\u0441\u0442\u0432\u0435\u043d\u043d\u044b\u0439 \u043c\u0430\u044f\u0442\u043d\u0438\u043a\u043e\u0432\u044b\u0439 \u043a\u043b\u0430\u043f\u0430\u043d FAR18 \u0434\u043b\u044f \u043f\u043e\u0438\u043b\u043e\u043a. \u0418\u0437\u0433\u043e\u0442\u043e\u0432\u043b\u0435\u043d \u0438\u0437 \u043b\u0430\u0442\u0443\u043d\u0438, \u0433\u043e\u0442\u043e\u0432 \u043a \u0443\u0441\u0442\u0430\u043d\u043e\u0432\u043a\u0435 \u0438 \u0438\u0434\u0435\u0430\u043b\u0435\u043d \u0434\u043b\u044f \u043b\u044e\u0431\u044b\u0445 \u043f\u043e\u0442\u0440\u0435\u0431\u043d\u043e\u0441\u0442\u0435\u0439!","breadcrumb":{"@id":"https:\/\/fdasrl.it\/ru\/prodotto\/%d0%bc%d0%b0%d1%8f%d1%82%d0%bd%d0%b8%d0%ba%d0%be%d0%b2%d1%8b%d0%b9-%d0%ba%d0%bb%d0%b0%d0%bf%d0%b0%d0%bd-far18-%d0%b4%d0%bb%d1%8f-%d0%bf%d0%be%d0%b8%d0%bb%d0%be%d0%ba\/#breadcrumb"},"inLanguage":"ru-RU","potentialAction":[{"@type":"ReadAction","target":["https:\/\/fdasrl.it\/ru\/prodotto\/%d0%bc%d0%b0%d1%8f%d1%82%d0%bd%d0%b8%d0%ba%d0%be%d0%b2%d1%8b%d0%b9-%d0%ba%d0%bb%d0%b0%d0%bf%d0%b0%d0%bd-far18-%d0%b4%d0%bb%d1%8f-%d0%bf%d0%be%d0%b8%d0%bb%d0%be%d0%ba\/"]}]},{"@type":"ImageObject","inLanguage":"ru-RU","@id":"https:\/\/fdasrl.it\/ru\/prodotto\/%d0%bc%d0%b0%d1%8f%d1%82%d0%bd%d0%b8%d0%ba%d0%be%d0%b2%d1%8b%d0%b9-%d0%ba%d0%bb%d0%b0%d0%bf%d0%b0%d0%bd-far18-%d0%b4%d0%bb%d1%8f-%d0%bf%d0%be%d0%b8%d0%bb%d0%be%d0%ba\/#primaryimage","url":"https:\/\/fdasrl.it\/wp-content\/uploads\/2026\/03\/valvola-pendolo-FAR18-media-portata-1.png","contentUrl":"https:\/\/fdasrl.it\/wp-content\/uploads\/2026\/03\/valvola-pendolo-FAR18-media-portata-1.png","width":822,"height":827,"caption":"\u041c\u0430\u044f\u0442\u043d\u0438\u043a\u043e\u0432\u044b\u0439 \u043a\u043b\u0430\u043f\u0430\u043d FAR18 \u0441\u0440\u0435\u0434\u043d\u0435\u0433\u043e \u0440\u0430\u0441\u0445\u043e\u0434\u0430 \u0434\u043b\u044f \u0430\u0432\u0442\u043e\u043c\u0430\u0442\u0438\u0447\u0435\u0441\u043a\u0438\u0445 \u043f\u043e\u0438\u043b\u043e\u043a."},{"@type":"BreadcrumbList","@id":"https:\/\/fdasrl.it\/ru\/prodotto\/%d0%bc%d0%b0%d1%8f%d1%82%d0%bd%d0%b8%d0%ba%d0%be%d0%b2%d1%8b%d0%b9-%d0%ba%d0%bb%d0%b0%d0%bf%d0%b0%d0%bd-far18-%d0%b4%d0%bb%d1%8f-%d0%bf%d0%be%d0%b8%d0%bb%d0%be%d0%ba\/#breadcrumb","itemListElement":[{"@type":"ListItem","position":1,"name":"Home","item":"https:\/\/fdasrl.it\/ru\/%d0%b3%d0%bb%d0%b0%d0%b2%d0%bd%d0%b0%d1%8f\/"},{"@type":"ListItem","position":2,"name":"\u041c\u0430\u0433\u0430\u0437\u0438\u043d","item":"https:\/\/fdasrl.it\/ru\/%d0%bc%d0%b0%d0%b3%d0%b0%d0%b7%d0%b8%d0%bd\/"},{"@type":"ListItem","position":3,"name":"\u041c\u0430\u044f\u0442\u043d\u0438\u043a\u043e\u0432\u044b\u0439 \u043a\u043b\u0430\u043f\u0430\u043d FAR18 \u0434\u043b\u044f \u043f\u043e\u0438\u043b\u043e\u043a"}]},{"@type":"WebSite","@id":"https:\/\/fdasrl.it\/ru\/#website","url":"https:\/\/fdasrl.it\/ru\/","name":"FDA srl","description":"Equipment for animal husbandry","publisher":{"@id":"https:\/\/fdasrl.it\/ru\/#organization"},"potentialAction":[{"@type":"SearchAction","target":{"@type":"EntryPoint","urlTemplate":"https:\/\/fdasrl.it\/ru\/?s={search_term_string}"},"query-input":{"@type":"PropertyValueSpecification","valueRequired":true,"valueName":"search_term_string"}}],"inLanguage":"ru-RU"},{"@type":"Organization","@id":"https:\/\/fdasrl.it\/ru\/#organization","name":"FDA srl","url":"https:\/\/fdasrl.it\/ru\/","logo":{"@type":"ImageObject","inLanguage":"ru-RU","@id":"https:\/\/fdasrl.it\/ru\/#\/schema\/logo\/image\/","url":"https:\/\/fdasrl.it\/wp-content\/uploads\/2024\/12\/Logo-FDA.png","contentUrl":"https:\/\/fdasrl.it\/wp-content\/uploads\/2024\/12\/Logo-FDA.png","width":316,"height":119,"caption":"FDA srl"},"image":{"@id":"https:\/\/fdasrl.it\/ru\/#\/schema\/logo\/image\/"},"sameAs":["https:\/\/www.facebook.com\/share\/1MWhFWg1Tp\/?mibextid=LQQJ4d","https:\/\/www.instagram.com\/fda_srl\/profilecard\/?igsh=YW5lbzJ6MWg0d21u","https:\/\/www.youtube.com\/@FDASRL_ANIMALCARE"],"description":"FDA SRL \u2013 Equipment for animal husbandry nasce con l\u2019obiettivo di offrire soluzioni affidabili e innovative per l\u2019allevamento moderno. Con anni di esperienza nel settore zootecnico, progettiamo e realizziamo attrezzature destinate al benessere animale e alla gestione efficiente delle stalle: vasche, abbeveratoi, mangiatoie e sistemi di riscaldamento pensati per durare nel tempo e semplificare il lavoro quotidiano degli allevatori. Dalla progettazione alla produzione, ogni nostro prodotto \u00e8 studiato nei minimi dettagli, testato con cura e costruito per rispondere alle esigenze reali del settore. La nostra forza \u00e8 unire artigianalit\u00e0, tecnologia e competenza tecnica per trasformare ogni progetto in una soluzione concreta e funzionale. Oggi FDA SRL \u00e8 un punto di riferimento per privati e rivenditori che cercano qualit\u00e0, affidabilit\u00e0 e innovazione nelle attrezzature per l\u2019allevamento.","email":"info@fdasrl.it","telephone":"+390522826820","legalName":"F.D.A. SRL","foundingDate":"2024-10-13","vatID":"03075840359","taxID":"03075840359","numberOfEmployees":{"@type":"QuantitativeValue","minValue":"1","maxValue":"10"}}]},"product_price_currency":"EUR","og_availability":"instock","product_availability":"instock","product_retailer_item_id":"FAR18","product_condition":"new"},"_links":{"self":[{"href":"https:\/\/fdasrl.it\/ru\/wp-json\/wp\/v2\/product\/2703","targetHints":{"allow":["GET"]}}],"collection":[{"href":"https:\/\/fdasrl.it\/ru\/wp-json\/wp\/v2\/product"}],"about":[{"href":"https:\/\/fdasrl.it\/ru\/wp-json\/wp\/v2\/types\/product"}],"replies":[{"embeddable":true,"href":"https:\/\/fdasrl.it\/ru\/wp-json\/wp\/v2\/comments?post=2703"}],"wp:featuredmedia":[{"embeddable":true,"href":"https:\/\/fdasrl.it\/ru\/wp-json\/wp\/v2\/media\/1201"}],"wp:attachment":[{"href":"https:\/\/fdasrl.it\/ru\/wp-json\/wp\/v2\/media?parent=2703"}],"wp:term":[{"taxonomy":"product_brand","embeddable":true,"href":"https:\/\/fdasrl.it\/ru\/wp-json\/wp\/v2\/product_brand?post=2703"},{"taxonomy":"product_cat","embeddable":true,"href":"https:\/\/fdasrl.it\/ru\/wp-json\/wp\/v2\/product_cat?post=2703"},{"taxonomy":"product_tag","embeddable":true,"href":"https:\/\/fdasrl.it\/ru\/wp-json\/wp\/v2\/product_tag?post=2703"}],"curies":[{"name":"wp","href":"https:\/\/api.w.org\/{rel}","templated":true}]}}