{"id":2815,"date":"2025-01-21T13:31:47","date_gmt":"2025-01-21T12:31:47","guid":{"rendered":"https:\/\/fdasrl.it\/prodotto\/%d1%81%d1%83%d1%85%d0%be%d0%b9-%d0%b2%d0%b0%d0%ba%d1%83%d1%83%d0%bc%d0%bd%d1%8b%d0%b9-%d0%bd%d0%b0%d1%81%d0%be%d1%81-280-%d0%bb-%d0%bc%d0%b8%d0%bd-%d1%81-%d1%8d%d0%bb%d0%b5%d0%ba%d1%82%d1%80%d0%be\/"},"modified":"2025-01-21T13:31:47","modified_gmt":"2025-01-21T12:31:47","slug":"%d1%81%d1%83%d1%85%d0%be%d0%b9-%d0%b2%d0%b0%d0%ba%d1%83%d1%83%d0%bc%d0%bd%d1%8b%d0%b9-%d0%bd%d0%b0%d1%81%d0%be%d1%81-280-%d0%bb-%d0%bc%d0%b8%d0%bd-%d1%81-%d1%8d%d0%bb%d0%b5%d0%ba%d1%82%d1%80%d0%be","status":"publish","type":"product","link":"https:\/\/fdasrl.it\/ru\/prodotto\/%d1%81%d1%83%d1%85%d0%be%d0%b9-%d0%b2%d0%b0%d0%ba%d1%83%d1%83%d0%bc%d0%bd%d1%8b%d0%b9-%d0%bd%d0%b0%d1%81%d0%be%d1%81-280-%d0%bb-%d0%bc%d0%b8%d0%bd-%d1%81-%d1%8d%d0%bb%d0%b5%d0%ba%d1%82%d1%80%d0%be\/","title":{"rendered":"\u0421\u0443\u0445\u043e\u0439 \u0432\u0430\u043a\u0443\u0443\u043c\u043d\u044b\u0439 \u043d\u0430\u0441\u043e\u0441 280 \u043b\/\u043c\u0438\u043d \u0441 \u044d\u043b\u0435\u043a\u0442\u0440\u043e\u0434\u0432\u0438\u0433\u0430\u0442\u0435\u043b\u0435\u043c"},"content":{"rendered":"<h4 data-start=\"170\" data-end=\"241\"><strong data-start=\"170\" data-end=\"241\">\u0426\u0435\u043d\u0442\u0440\u043e\u0431\u0435\u0436\u043d\u044b\u0439 \u0432\u0430\u043a\u0443\u0443\u043c\u043d\u044b\u0439 \u043d\u0430\u0441\u043e\u0441 \u0441 \u0433\u0440\u0430\u0444\u0438\u0442\u043e\u0432\u044b\u043c\u0438 \u043b\u043e\u043f\u0430\u0441\u0442\u044f\u043c\u0438 \u0438 \u044d\u043b\u0435\u043a\u0442\u0440\u043e\u0434\u0432\u0438\u0433\u0430\u0442\u0435\u043b\u0435\u043c \u2014 \u043f\u0440\u043e\u0438\u0437\u0432\u043e\u0434\u0438\u0442\u0435\u043b\u044c\u043d\u043e\u0441\u0442\u044c 280 \u043b\/\u043c\u0438\u043d, 1 \u043b. \u0441.<\/strong><\/h4>\n<p class=\"\" data-start=\"243\" data-end=\"505\">\u0421\u0443\u0445\u043e\u0439 \u0432\u0430\u043a\u0443\u0443\u043c\u043d\u044b\u0439 \u043d\u0430\u0441\u043e\u0441 \u0441 \u0433\u0440\u0430\u0444\u0438\u0442\u043e\u0432\u044b\u043c\u0438 \u043b\u043e\u043f\u0430\u0441\u0442\u044f\u043c\u0438 \u043c\u043e\u0449\u043d\u043e\u0441\u0442\u044c\u044e 1 \u043b. \u0441. \u0438\u0434\u0435\u0430\u043b\u044c\u043d\u043e \u043f\u043e\u0434\u0445\u043e\u0434\u0438\u0442 \u0434\u043b\u044f \u0436\u0438\u0432\u043e\u0442\u043d\u043e\u0432\u043e\u0434\u0441\u0442\u0432\u0430, \u0433\u0434\u0435 \u0442\u0440\u0435\u0431\u0443\u044e\u0442\u0441\u044f \u043d\u0430\u0434\u0435\u0436\u043d\u043e\u0441\u0442\u044c \u0438 \u043e\u0442\u0441\u0443\u0442\u0441\u0442\u0432\u0438\u0435 \u0441\u043c\u0430\u0437\u043a\u0438.<br data-start=\"383\" data-end=\"386\"><strong data-start=\"386\" data-end=\"440\">\u041e\u0441\u043e\u0431\u0435\u043d\u043d\u043e \u0440\u0435\u043a\u043e\u043c\u0435\u043d\u0434\u0443\u0435\u0442\u0441\u044f \u0434\u043b\u044f \u043f\u0435\u0440\u0435\u0434\u0432\u0438\u0436\u043d\u044b\u0445 \u0434\u043e\u0438\u043b\u044c\u043d\u044b\u0445 \u0443\u0441\u0442\u0430\u043d\u043e\u0432\u043e\u043a<\/strong>: \u044d\u0442\u043e\u0442 \u043d\u0430\u0441\u043e\u0441 \u0433\u0430\u0440\u0430\u043d\u0442\u0438\u0440\u0443\u0435\u0442 \u0432\u044b\u0441\u043e\u043a\u0443\u044e \u043f\u0440\u043e\u0438\u0437\u0432\u043e\u0434\u0438\u0442\u0435\u043b\u044c\u043d\u043e\u0441\u0442\u044c \u0438 \u0434\u043e\u043b\u0433\u043e\u0432\u0435\u0447\u043d\u043e\u0441\u0442\u044c.<\/p>\n<p class=\"\" data-start=\"507\" data-end=\"538\"><strong data-start=\"507\" data-end=\"538\">\u041e\u0441\u043d\u043e\u0432\u043d\u044b\u0435 \u0445\u0430\u0440\u0430\u043a\u0442\u0435\u0440\u0438\u0441\u0442\u0438\u043a\u0438:<\/strong><\/p>\n<ul data-start=\"540\" data-end=\"996\">\n<li class=\"\" data-start=\"540\" data-end=\"588\">\n<p class=\"\" data-start=\"542\" data-end=\"588\"><strong data-start=\"542\" data-end=\"551\">\u0422\u0438\u043f:<\/strong> \u0421\u0443\u0445\u043e\u0439 \u0446\u0435\u043d\u0442\u0440\u043e\u0431\u0435\u0436\u043d\u044b\u0439 \u0432\u0430\u043a\u0443\u0443\u043c\u043d\u044b\u0439 \u043d\u0430\u0441\u043e\u0441<\/p>\n<\/li>\n<li class=\"\" data-start=\"589\" data-end=\"615\">\n<p class=\"\" data-start=\"591\" data-end=\"615\"><strong data-start=\"591\" data-end=\"603\">\u041f\u0440\u043e\u0438\u0437\u0432\u043e\u0434\u0438\u0442\u0435\u043b\u044c\u043d\u043e\u0441\u0442\u044c:<\/strong> 280 \u043b\/\u043c\u0438\u043d<\/p>\n<\/li>\n<li class=\"\" data-start=\"616\" data-end=\"661\">\n<p class=\"\" data-start=\"618\" data-end=\"661\"><strong data-start=\"618\" data-end=\"630\">\u041b\u043e\u043f\u0430\u0441\u0442\u0438:<\/strong> \u0413\u0440\u0430\u0444\u0438\u0442\u043e\u0432\u044b\u0435<\/p>\n<\/li>\n<li class=\"\" data-start=\"662\" data-end=\"778\">\n<p class=\"\" data-start=\"664\" data-end=\"778\"><strong data-start=\"664\" data-end=\"681\">\u041f\u0440\u0438\u043c\u0435\u043d\u0435\u043d\u0438\u0435:<\/strong> \u0418\u0434\u0435\u0430\u043b\u044c\u043d\u043e \u043f\u043e\u0434\u0445\u043e\u0434\u0438\u0442 \u0434\u043b\u044f \u043f\u0435\u0440\u0435\u0434\u0432\u0438\u0436\u043d\u044b\u0445 \u0434\u043e\u0438\u043b\u044c\u043d\u044b\u0445 \u0443\u0441\u0442\u0430\u043d\u043e\u0432\u043e\u043a<\/p>\n<\/li>\n<li class=\"\" data-start=\"779\" data-end=\"876\">\n<p class=\"\" data-start=\"781\" data-end=\"805\"><strong data-start=\"781\" data-end=\"803\">\u0410\u043a\u0441\u0435\u0441\u0441\u0443\u0430\u0440\u044b \u0432 \u043a\u043e\u043c\u043f\u043b\u0435\u043a\u0442\u0435:<\/strong><\/p>\n<ul data-start=\"808\" data-end=\"876\">\n<li class=\"\" data-start=\"808\" data-end=\"831\">\n<p class=\"\" data-start=\"810\" data-end=\"831\">\u0413\u043b\u0443\u0448\u0438\u0442\u0435\u043b\u044c \u0432\u044b\u0445\u043b\u043e\u043f\u0430<\/p>\n<\/li>\n<li class=\"\" data-start=\"834\" data-end=\"876\">\n<p class=\"\" data-start=\"836\" data-end=\"876\">\u0412\u044b\u043a\u043b\u044e\u0447\u0430\u0442\u0435\u043b\u044c (\u0432\u043a\u043b\/\u0432\u044b\u043a\u043b)<\/p>\n<\/li>\n<\/ul>\n<\/li>\n<li class=\"\" data-start=\"877\" data-end=\"969\">\n<p class=\"\" data-start=\"879\" data-end=\"902\"><strong data-start=\"879\" data-end=\"900\">\u042d\u043b\u0435\u043a\u0442\u0440\u043e\u0434\u0432\u0438\u0433\u0430\u0442\u0435\u043b\u044c:<\/strong><\/p>\n<ul data-start=\"905\" data-end=\"969\">\n<li class=\"\" data-start=\"905\" data-end=\"924\">\n<p class=\"\" data-start=\"907\" data-end=\"924\">\u041c\u043e\u0449\u043d\u043e\u0441\u0442\u044c: 0,75 \u043a\u0412\u0442<\/p>\n<\/li>\n<li class=\"\" data-start=\"927\" data-end=\"946\">\n<p class=\"\" data-start=\"929\" data-end=\"946\">\u041d\u0430\u043f\u0440\u044f\u0436\u0435\u043d\u0438\u0435: 220 \u0412<\/p>\n<\/li>\n<li class=\"\" data-start=\"949\" data-end=\"969\">\n<p class=\"\" data-start=\"951\" data-end=\"969\">\u0427\u0430\u0441\u0442\u043e\u0442\u0430: 50 \u0413\u0446<\/p>\n<\/li>\n<\/ul>\n<\/li>\n<\/ul>\n<p>\u041f\u0440\u0438\u043e\u0431\u0440\u0435\u0442\u0438\u0442\u0435 \u0432 \u043d\u0430\u0448\u0435\u043c <a href=\"https:\/\/fda-shop.it\/shop\/pompa-del-vuoto-a-secco-250-l-min-con-motore-elettrico\" target=\"_blank\" rel=\"noopener\">\u0438\u043d\u0442\u0435\u0440\u043d\u0435\u0442-\u043c\u0430\u0433\u0430\u0437\u0438\u043d\u0435<\/a><\/p>\n","protected":false},"excerpt":{"rendered":"<p><strong data-start=\"70\" data-end=\"300\">\u0421\u0443\u0445\u043e\u0439 \u0432\u0430\u043a\u0443\u0443\u043c\u043d\u044b\u0439 \u043d\u0430\u0441\u043e\u0441 \u0441 \u0433\u0440\u0430\u0444\u0438\u0442\u043e\u0432\u044b\u043c\u0438 \u043b\u043e\u043f\u0430\u0441\u0442\u044f\u043c\u0438, \u043f\u0440\u043e\u0438\u0437\u0432\u043e\u0434\u0438\u0442\u0435\u043b\u044c\u043d\u043e\u0441\u0442\u044c 280 \u043b\/\u043c\u0438\u043d, 1 \u043b. \u0441., \u0438\u0434\u0435\u0430\u043b\u044c\u043d\u043e \u043f\u043e\u0434\u0445\u043e\u0434\u0438\u0442 \u0434\u043b\u044f \u043f\u0435\u0440\u0435\u0434\u0432\u0438\u0436\u043d\u044b\u0445 \u0434\u043e\u0438\u043b\u044c\u043d\u044b\u0445 \u0430\u043f\u043f\u0430\u0440\u0430\u0442\u043e\u0432 \u0438 \u0436\u0438\u0432\u043e\u0442\u043d\u043e\u0432\u043e\u0434\u0441\u0442\u0432\u0430. \u041d\u0430\u0434\u0435\u0436\u043d\u044b\u0439, \u0431\u0435\u0437\u043c\u0430\u0441\u043b\u044f\u043d\u044b\u0439, \u0432 \u043a\u043e\u043c\u043f\u043b\u0435\u043a\u0442\u0435 \u0441 \u0433\u043b\u0443\u0448\u0438\u0442\u0435\u043b\u0435\u043c, \u0432\u044b\u043a\u043b\u044e\u0447\u0430\u0442\u0435\u043b\u0435\u043c \u0438 \u044d\u043b\u0435\u043a\u0442\u0440\u043e\u0434\u0432\u0438\u0433\u0430\u0442\u0435\u043b\u0435\u043c 0,75 \u043a\u0412\u0442. <\/strong><\/p>\n","protected":false},"featured_media":487,"comment_status":"open","ping_status":"closed","template":"","meta":{"_et_pb_use_builder":"","_et_pb_old_content":"","_et_gb_content_width":""},"product_brand":[],"product_cat":[494,401],"product_tag":[670],"class_list":{"0":"post-2815","1":"product","2":"type-product","3":"status-publish","4":"has-post-thumbnail","6":"product_cat-494","7":"product_cat-401","8":"product_tag-facm20630","10":"first","11":"instock","12":"shipping-taxable","13":"product-type-simple"},"yoast_head":"<!-- This site is optimized with the Yoast SEO Premium plugin v27.5 (Yoast SEO v27.5) - https:\/\/yoast.com\/product\/yoast-seo-premium-wordpress\/ -->\n<title>\u0421\u0443\u0445\u043e\u0439 \u043b\u043e\u043f\u0430\u0441\u0442\u043d\u043e\u0439 \u0432\u0430\u043a\u0443\u0443\u043c\u043d\u044b\u0439 \u043d\u0430\u0441\u043e\u0441 1 \u043b. \u0441., \u0431\u0435\u0437\u043c\u0430\u0441\u043b\u044f\u043d\u044b\u0439 - FDA srl<\/title>\n<meta name=\"description\" content=\"\u041a\u0443\u043f\u0438\u0442\u0435 \u0441\u0443\u0445\u043e\u0439 \u043b\u043e\u043f\u0430\u0441\u0442\u043d\u043e\u0439 \u0432\u0430\u043a\u0443\u0443\u043c\u043d\u044b\u0439 \u043d\u0430\u0441\u043e\u0441 1 \u043b. \u0441. \u2014 \u0438\u0434\u0435\u0430\u043b\u044c\u043d\u043e\u0435 \u0440\u0435\u0448\u0435\u043d\u0438\u0435 \u0434\u043b\u044f \u0436\u0438\u0432\u043e\u0442\u043d\u043e\u0432\u043e\u0434\u0441\u0442\u0432\u0430 \u0438 \u0432\u044b\u0441\u043e\u043a\u043e\u0439 \u043f\u0440\u043e\u0438\u0437\u0432\u043e\u0434\u0438\u0442\u0435\u043b\u044c\u043d\u043e\u0441\u0442\u0438! \u042d\u043a\u043e\u043d\u043e\u043c\u044c\u0442\u0435 \u0432\u0440\u0435\u043c\u044f \u0438 \u0440\u0430\u0437\u0432\u0438\u0432\u0430\u0439\u0442\u0435 \u0441\u0432\u043e\u0439 \u0431\u0438\u0437\u043d\u0435\u0441! \ud83d\udd25\" \/>\n<meta name=\"robots\" content=\"index, follow, max-snippet:-1, max-image-preview:large, max-video-preview:-1\" \/>\n<link rel=\"canonical\" href=\"https:\/\/fdasrl.it\/ru\/prodotto\/%d1%81%d1%83%d1%85%d0%be%d0%b9-%d0%b2%d0%b0%d0%ba%d1%83%d1%83%d0%bc%d0%bd%d1%8b%d0%b9-%d0%bd%d0%b0%d1%81%d0%be%d1%81-280-%d0%bb-%d0%bc%d0%b8%d0%bd-%d1%81-%d1%8d%d0%bb%d0%b5%d0%ba%d1%82%d1%80%d0%be\/\" \/>\n<meta property=\"og:locale\" content=\"ru_RU\" \/>\n<meta property=\"og:type\" content=\"article\" \/>\n<meta property=\"og:title\" content=\"\u0421\u0443\u0445\u043e\u0439 \u0432\u0430\u043a\u0443\u0443\u043c\u043d\u044b\u0439 \u043d\u0430\u0441\u043e\u0441 280 \u043b\/\u043c\u0438\u043d \u0441 \u044d\u043b\u0435\u043a\u0442\u0440\u043e\u0434\u0432\u0438\u0433\u0430\u0442\u0435\u043b\u0435\u043c\" \/>\n<meta property=\"og:description\" content=\"\u041a\u0443\u043f\u0438\u0442\u0435 \u0441\u0443\u0445\u043e\u0439 \u043b\u043e\u043f\u0430\u0441\u0442\u043d\u043e\u0439 \u0432\u0430\u043a\u0443\u0443\u043c\u043d\u044b\u0439 \u043d\u0430\u0441\u043e\u0441 1 \u043b. \u0441. \u2014 \u0438\u0434\u0435\u0430\u043b\u044c\u043d\u043e\u0435 \u0440\u0435\u0448\u0435\u043d\u0438\u0435 \u0434\u043b\u044f \u0436\u0438\u0432\u043e\u0442\u043d\u043e\u0432\u043e\u0434\u0441\u0442\u0432\u0430 \u0438 \u0432\u044b\u0441\u043e\u043a\u043e\u0439 \u043f\u0440\u043e\u0438\u0437\u0432\u043e\u0434\u0438\u0442\u0435\u043b\u044c\u043d\u043e\u0441\u0442\u0438! \u042d\u043a\u043e\u043d\u043e\u043c\u044c\u0442\u0435 \u0432\u0440\u0435\u043c\u044f \u0438 \u0440\u0430\u0437\u0432\u0438\u0432\u0430\u0439\u0442\u0435 \u0441\u0432\u043e\u0439 \u0431\u0438\u0437\u043d\u0435\u0441! \ud83d\udd25\" \/>\n<meta property=\"og:url\" content=\"https:\/\/fdasrl.it\/ru\/prodotto\/%d1%81%d1%83%d1%85%d0%be%d0%b9-%d0%b2%d0%b0%d0%ba%d1%83%d1%83%d0%bc%d0%bd%d1%8b%d0%b9-%d0%bd%d0%b0%d1%81%d0%be%d1%81-280-%d0%bb-%d0%bc%d0%b8%d0%bd-%d1%81-%d1%8d%d0%bb%d0%b5%d0%ba%d1%82%d1%80%d0%be\/\" \/>\n<meta property=\"og:site_name\" content=\"FDA srl\" \/>\n<meta property=\"article:publisher\" content=\"https:\/\/www.facebook.com\/share\/1MWhFWg1Tp\/?mibextid=LQQJ4d\" \/>\n<meta property=\"og:image\" content=\"https:\/\/fdasrl.it\/wp-content\/uploads\/2025\/01\/motore250.jpg\" \/>\n\t<meta property=\"og:image:width\" content=\"800\" \/>\n\t<meta property=\"og:image:height\" content=\"737\" \/>\n\t<meta property=\"og:image:type\" content=\"image\/jpeg\" \/>\n<meta name=\"twitter:card\" content=\"summary_large_image\" \/>\n<meta name=\"twitter:label1\" content=\"\u0426\u0435\u043d\u0430\" \/>\n\t<meta name=\"twitter:data1\" content=\"\" \/>\n\t<meta name=\"twitter:label2\" content=\"\u0414\u043e\u0441\u0442\u0443\u043f\u043d\u043e\u0441\u0442\u044c\" \/>\n\t<meta name=\"twitter:data2\" content=\"\u0412 \u043d\u0430\u043b\u0438\u0447\u0438\u0438\" \/>\n<meta property=\"product:price:currency\" content=\"EUR\" \/>\n<meta property=\"og:availability\" content=\"instock\" \/>\n<meta property=\"product:availability\" content=\"instock\" \/>\n<meta property=\"product:retailer_item_id\" content=\"FACM20630\" \/>\n<meta property=\"product:condition\" content=\"new\" \/>\n<!-- \/ Yoast SEO Premium plugin. -->","yoast_head_json":{"title":"\u0421\u0443\u0445\u043e\u0439 \u043b\u043e\u043f\u0430\u0441\u0442\u043d\u043e\u0439 \u0432\u0430\u043a\u0443\u0443\u043c\u043d\u044b\u0439 \u043d\u0430\u0441\u043e\u0441 1 \u043b. \u0441., \u0431\u0435\u0437\u043c\u0430\u0441\u043b\u044f\u043d\u044b\u0439 - FDA srl","description":"\u041a\u0443\u043f\u0438\u0442\u0435 \u0441\u0443\u0445\u043e\u0439 \u043b\u043e\u043f\u0430\u0441\u0442\u043d\u043e\u0439 \u0432\u0430\u043a\u0443\u0443\u043c\u043d\u044b\u0439 \u043d\u0430\u0441\u043e\u0441 1 \u043b. \u0441. \u2014 \u0438\u0434\u0435\u0430\u043b\u044c\u043d\u043e\u0435 \u0440\u0435\u0448\u0435\u043d\u0438\u0435 \u0434\u043b\u044f \u0436\u0438\u0432\u043e\u0442\u043d\u043e\u0432\u043e\u0434\u0441\u0442\u0432\u0430 \u0438 \u0432\u044b\u0441\u043e\u043a\u043e\u0439 \u043f\u0440\u043e\u0438\u0437\u0432\u043e\u0434\u0438\u0442\u0435\u043b\u044c\u043d\u043e\u0441\u0442\u0438! \u042d\u043a\u043e\u043d\u043e\u043c\u044c\u0442\u0435 \u0432\u0440\u0435\u043c\u044f \u0438 \u0440\u0430\u0437\u0432\u0438\u0432\u0430\u0439\u0442\u0435 \u0441\u0432\u043e\u0439 \u0431\u0438\u0437\u043d\u0435\u0441! \ud83d\udd25","robots":{"index":"index","follow":"follow","max-snippet":"max-snippet:-1","max-image-preview":"max-image-preview:large","max-video-preview":"max-video-preview:-1"},"canonical":"https:\/\/fdasrl.it\/ru\/prodotto\/%d1%81%d1%83%d1%85%d0%be%d0%b9-%d0%b2%d0%b0%d0%ba%d1%83%d1%83%d0%bc%d0%bd%d1%8b%d0%b9-%d0%bd%d0%b0%d1%81%d0%be%d1%81-280-%d0%bb-%d0%bc%d0%b8%d0%bd-%d1%81-%d1%8d%d0%bb%d0%b5%d0%ba%d1%82%d1%80%d0%be\/","og_locale":"ru_RU","og_type":"article","og_title":"\u0421\u0443\u0445\u043e\u0439 \u0432\u0430\u043a\u0443\u0443\u043c\u043d\u044b\u0439 \u043d\u0430\u0441\u043e\u0441 280 \u043b\/\u043c\u0438\u043d \u0441 \u044d\u043b\u0435\u043a\u0442\u0440\u043e\u0434\u0432\u0438\u0433\u0430\u0442\u0435\u043b\u0435\u043c","og_description":"\u041a\u0443\u043f\u0438\u0442\u0435 \u0441\u0443\u0445\u043e\u0439 \u043b\u043e\u043f\u0430\u0441\u0442\u043d\u043e\u0439 \u0432\u0430\u043a\u0443\u0443\u043c\u043d\u044b\u0439 \u043d\u0430\u0441\u043e\u0441 1 \u043b. \u0441. \u2014 \u0438\u0434\u0435\u0430\u043b\u044c\u043d\u043e\u0435 \u0440\u0435\u0448\u0435\u043d\u0438\u0435 \u0434\u043b\u044f \u0436\u0438\u0432\u043e\u0442\u043d\u043e\u0432\u043e\u0434\u0441\u0442\u0432\u0430 \u0438 \u0432\u044b\u0441\u043e\u043a\u043e\u0439 \u043f\u0440\u043e\u0438\u0437\u0432\u043e\u0434\u0438\u0442\u0435\u043b\u044c\u043d\u043e\u0441\u0442\u0438! \u042d\u043a\u043e\u043d\u043e\u043c\u044c\u0442\u0435 \u0432\u0440\u0435\u043c\u044f \u0438 \u0440\u0430\u0437\u0432\u0438\u0432\u0430\u0439\u0442\u0435 \u0441\u0432\u043e\u0439 \u0431\u0438\u0437\u043d\u0435\u0441! \ud83d\udd25","og_url":"https:\/\/fdasrl.it\/ru\/prodotto\/%d1%81%d1%83%d1%85%d0%be%d0%b9-%d0%b2%d0%b0%d0%ba%d1%83%d1%83%d0%bc%d0%bd%d1%8b%d0%b9-%d0%bd%d0%b0%d1%81%d0%be%d1%81-280-%d0%bb-%d0%bc%d0%b8%d0%bd-%d1%81-%d1%8d%d0%bb%d0%b5%d0%ba%d1%82%d1%80%d0%be\/","og_site_name":"FDA srl","article_publisher":"https:\/\/www.facebook.com\/share\/1MWhFWg1Tp\/?mibextid=LQQJ4d","og_image":[{"width":800,"height":737,"url":"https:\/\/fdasrl.it\/wp-content\/uploads\/2025\/01\/motore250.jpg","type":"image\/jpeg"}],"twitter_card":"summary_large_image","twitter_misc":{"\u0426\u0435\u043d\u0430":"","\u0414\u043e\u0441\u0442\u0443\u043f\u043d\u043e\u0441\u0442\u044c":"\u0412 \u043d\u0430\u043b\u0438\u0447\u0438\u0438"},"schema":{"@context":"https:\/\/schema.org","@graph":[{"@type":"WebPage","@id":"https:\/\/fdasrl.it\/ru\/prodotto\/%d1%81%d1%83%d1%85%d0%be%d0%b9-%d0%b2%d0%b0%d0%ba%d1%83%d1%83%d0%bc%d0%bd%d1%8b%d0%b9-%d0%bd%d0%b0%d1%81%d0%be%d1%81-280-%d0%bb-%d0%bc%d0%b8%d0%bd-%d1%81-%d1%8d%d0%bb%d0%b5%d0%ba%d1%82%d1%80%d0%be\/","url":"https:\/\/fdasrl.it\/ru\/prodotto\/%d1%81%d1%83%d1%85%d0%be%d0%b9-%d0%b2%d0%b0%d0%ba%d1%83%d1%83%d0%bc%d0%bd%d1%8b%d0%b9-%d0%bd%d0%b0%d1%81%d0%be%d1%81-280-%d0%bb-%d0%bc%d0%b8%d0%bd-%d1%81-%d1%8d%d0%bb%d0%b5%d0%ba%d1%82%d1%80%d0%be\/","name":"\u0421\u0443\u0445\u043e\u0439 \u043b\u043e\u043f\u0430\u0441\u0442\u043d\u043e\u0439 \u0432\u0430\u043a\u0443\u0443\u043c\u043d\u044b\u0439 \u043d\u0430\u0441\u043e\u0441 1 \u043b. \u0441., \u0431\u0435\u0437\u043c\u0430\u0441\u043b\u044f\u043d\u044b\u0439 - FDA srl","isPartOf":{"@id":"https:\/\/fdasrl.it\/ru\/#website"},"primaryImageOfPage":{"@id":"https:\/\/fdasrl.it\/ru\/prodotto\/%d1%81%d1%83%d1%85%d0%be%d0%b9-%d0%b2%d0%b0%d0%ba%d1%83%d1%83%d0%bc%d0%bd%d1%8b%d0%b9-%d0%bd%d0%b0%d1%81%d0%be%d1%81-280-%d0%bb-%d0%bc%d0%b8%d0%bd-%d1%81-%d1%8d%d0%bb%d0%b5%d0%ba%d1%82%d1%80%d0%be\/#primaryimage"},"image":{"@id":"https:\/\/fdasrl.it\/ru\/prodotto\/%d1%81%d1%83%d1%85%d0%be%d0%b9-%d0%b2%d0%b0%d0%ba%d1%83%d1%83%d0%bc%d0%bd%d1%8b%d0%b9-%d0%bd%d0%b0%d1%81%d0%be%d1%81-280-%d0%bb-%d0%bc%d0%b8%d0%bd-%d1%81-%d1%8d%d0%bb%d0%b5%d0%ba%d1%82%d1%80%d0%be\/#primaryimage"},"thumbnailUrl":"https:\/\/fdasrl.it\/wp-content\/uploads\/2025\/01\/motore250.jpg","datePublished":"2025-01-21T12:31:47+00:00","description":"\u041a\u0443\u043f\u0438\u0442\u0435 \u0441\u0443\u0445\u043e\u0439 \u043b\u043e\u043f\u0430\u0441\u0442\u043d\u043e\u0439 \u0432\u0430\u043a\u0443\u0443\u043c\u043d\u044b\u0439 \u043d\u0430\u0441\u043e\u0441 1 \u043b. \u0441. \u2014 \u0438\u0434\u0435\u0430\u043b\u044c\u043d\u043e\u0435 \u0440\u0435\u0448\u0435\u043d\u0438\u0435 \u0434\u043b\u044f \u0436\u0438\u0432\u043e\u0442\u043d\u043e\u0432\u043e\u0434\u0441\u0442\u0432\u0430 \u0438 \u0432\u044b\u0441\u043e\u043a\u043e\u0439 \u043f\u0440\u043e\u0438\u0437\u0432\u043e\u0434\u0438\u0442\u0435\u043b\u044c\u043d\u043e\u0441\u0442\u0438! \u042d\u043a\u043e\u043d\u043e\u043c\u044c\u0442\u0435 \u0432\u0440\u0435\u043c\u044f \u0438 \u0440\u0430\u0437\u0432\u0438\u0432\u0430\u0439\u0442\u0435 \u0441\u0432\u043e\u0439 \u0431\u0438\u0437\u043d\u0435\u0441! \ud83d\udd25","breadcrumb":{"@id":"https:\/\/fdasrl.it\/ru\/prodotto\/%d1%81%d1%83%d1%85%d0%be%d0%b9-%d0%b2%d0%b0%d0%ba%d1%83%d1%83%d0%bc%d0%bd%d1%8b%d0%b9-%d0%bd%d0%b0%d1%81%d0%be%d1%81-280-%d0%bb-%d0%bc%d0%b8%d0%bd-%d1%81-%d1%8d%d0%bb%d0%b5%d0%ba%d1%82%d1%80%d0%be\/#breadcrumb"},"inLanguage":"ru-RU","potentialAction":[{"@type":"ReadAction","target":["https:\/\/fdasrl.it\/ru\/prodotto\/%d1%81%d1%83%d1%85%d0%be%d0%b9-%d0%b2%d0%b0%d0%ba%d1%83%d1%83%d0%bc%d0%bd%d1%8b%d0%b9-%d0%bd%d0%b0%d1%81%d0%be%d1%81-280-%d0%bb-%d0%bc%d0%b8%d0%bd-%d1%81-%d1%8d%d0%bb%d0%b5%d0%ba%d1%82%d1%80%d0%be\/"]}]},{"@type":"ImageObject","inLanguage":"ru-RU","@id":"https:\/\/fdasrl.it\/ru\/prodotto\/%d1%81%d1%83%d1%85%d0%be%d0%b9-%d0%b2%d0%b0%d0%ba%d1%83%d1%83%d0%bc%d0%bd%d1%8b%d0%b9-%d0%bd%d0%b0%d1%81%d0%be%d1%81-280-%d0%bb-%d0%bc%d0%b8%d0%bd-%d1%81-%d1%8d%d0%bb%d0%b5%d0%ba%d1%82%d1%80%d0%be\/#primaryimage","url":"https:\/\/fdasrl.it\/wp-content\/uploads\/2025\/01\/motore250.jpg","contentUrl":"https:\/\/fdasrl.it\/wp-content\/uploads\/2025\/01\/motore250.jpg","width":800,"height":737},{"@type":"BreadcrumbList","@id":"https:\/\/fdasrl.it\/ru\/prodotto\/%d1%81%d1%83%d1%85%d0%be%d0%b9-%d0%b2%d0%b0%d0%ba%d1%83%d1%83%d0%bc%d0%bd%d1%8b%d0%b9-%d0%bd%d0%b0%d1%81%d0%be%d1%81-280-%d0%bb-%d0%bc%d0%b8%d0%bd-%d1%81-%d1%8d%d0%bb%d0%b5%d0%ba%d1%82%d1%80%d0%be\/#breadcrumb","itemListElement":[{"@type":"ListItem","position":1,"name":"Home","item":"https:\/\/fdasrl.it\/ru\/%d0%b3%d0%bb%d0%b0%d0%b2%d0%bd%d0%b0%d1%8f\/"},{"@type":"ListItem","position":2,"name":"\u041c\u0430\u0433\u0430\u0437\u0438\u043d","item":"https:\/\/fdasrl.it\/ru\/%d0%bc%d0%b0%d0%b3%d0%b0%d0%b7%d0%b8%d0%bd\/"},{"@type":"ListItem","position":3,"name":"\u0421\u0443\u0445\u043e\u0439 \u0432\u0430\u043a\u0443\u0443\u043c\u043d\u044b\u0439 \u043d\u0430\u0441\u043e\u0441 280 \u043b\/\u043c\u0438\u043d \u0441 \u044d\u043b\u0435\u043a\u0442\u0440\u043e\u0434\u0432\u0438\u0433\u0430\u0442\u0435\u043b\u0435\u043c"}]},{"@type":"WebSite","@id":"https:\/\/fdasrl.it\/ru\/#website","url":"https:\/\/fdasrl.it\/ru\/","name":"FDA srl","description":"Equipment for animal husbandry","publisher":{"@id":"https:\/\/fdasrl.it\/ru\/#organization"},"potentialAction":[{"@type":"SearchAction","target":{"@type":"EntryPoint","urlTemplate":"https:\/\/fdasrl.it\/ru\/?s={search_term_string}"},"query-input":{"@type":"PropertyValueSpecification","valueRequired":true,"valueName":"search_term_string"}}],"inLanguage":"ru-RU"},{"@type":"Organization","@id":"https:\/\/fdasrl.it\/ru\/#organization","name":"FDA srl","url":"https:\/\/fdasrl.it\/ru\/","logo":{"@type":"ImageObject","inLanguage":"ru-RU","@id":"https:\/\/fdasrl.it\/ru\/#\/schema\/logo\/image\/","url":"https:\/\/fdasrl.it\/wp-content\/uploads\/2024\/12\/Logo-FDA.png","contentUrl":"https:\/\/fdasrl.it\/wp-content\/uploads\/2024\/12\/Logo-FDA.png","width":316,"height":119,"caption":"FDA srl"},"image":{"@id":"https:\/\/fdasrl.it\/ru\/#\/schema\/logo\/image\/"},"sameAs":["https:\/\/www.facebook.com\/share\/1MWhFWg1Tp\/?mibextid=LQQJ4d","https:\/\/www.instagram.com\/fda_srl\/profilecard\/?igsh=YW5lbzJ6MWg0d21u","https:\/\/www.youtube.com\/@FDASRL_ANIMALCARE"],"description":"FDA SRL \u2013 Equipment for animal husbandry nasce con l\u2019obiettivo di offrire soluzioni affidabili e innovative per l\u2019allevamento moderno. Con anni di esperienza nel settore zootecnico, progettiamo e realizziamo attrezzature destinate al benessere animale e alla gestione efficiente delle stalle: vasche, abbeveratoi, mangiatoie e sistemi di riscaldamento pensati per durare nel tempo e semplificare il lavoro quotidiano degli allevatori. Dalla progettazione alla produzione, ogni nostro prodotto \u00e8 studiato nei minimi dettagli, testato con cura e costruito per rispondere alle esigenze reali del settore. La nostra forza \u00e8 unire artigianalit\u00e0, tecnologia e competenza tecnica per trasformare ogni progetto in una soluzione concreta e funzionale. Oggi FDA SRL \u00e8 un punto di riferimento per privati e rivenditori che cercano qualit\u00e0, affidabilit\u00e0 e innovazione nelle attrezzature per l\u2019allevamento.","email":"info@fdasrl.it","telephone":"+390522826820","legalName":"F.D.A. SRL","foundingDate":"2024-10-13","vatID":"03075840359","taxID":"03075840359","numberOfEmployees":{"@type":"QuantitativeValue","minValue":"1","maxValue":"10"}}]},"product_price_currency":"EUR","og_availability":"instock","product_availability":"instock","product_retailer_item_id":"FACM20630","product_condition":"new"},"_links":{"self":[{"href":"https:\/\/fdasrl.it\/ru\/wp-json\/wp\/v2\/product\/2815","targetHints":{"allow":["GET"]}}],"collection":[{"href":"https:\/\/fdasrl.it\/ru\/wp-json\/wp\/v2\/product"}],"about":[{"href":"https:\/\/fdasrl.it\/ru\/wp-json\/wp\/v2\/types\/product"}],"replies":[{"embeddable":true,"href":"https:\/\/fdasrl.it\/ru\/wp-json\/wp\/v2\/comments?post=2815"}],"wp:featuredmedia":[{"embeddable":true,"href":"https:\/\/fdasrl.it\/ru\/wp-json\/wp\/v2\/media\/487"}],"wp:attachment":[{"href":"https:\/\/fdasrl.it\/ru\/wp-json\/wp\/v2\/media?parent=2815"}],"wp:term":[{"taxonomy":"product_brand","embeddable":true,"href":"https:\/\/fdasrl.it\/ru\/wp-json\/wp\/v2\/product_brand?post=2815"},{"taxonomy":"product_cat","embeddable":true,"href":"https:\/\/fdasrl.it\/ru\/wp-json\/wp\/v2\/product_cat?post=2815"},{"taxonomy":"product_tag","embeddable":true,"href":"https:\/\/fdasrl.it\/ru\/wp-json\/wp\/v2\/product_tag?post=2815"}],"curies":[{"name":"wp","href":"https:\/\/api.w.org\/{rel}","templated":true}]}}