{"id":2912,"date":"2025-01-21T13:15:41","date_gmt":"2025-01-21T12:15:41","guid":{"rendered":"https:\/\/fdasrl.it\/prodotto\/%d0%b1%d0%b8%d0%b4%d0%be%d0%bd-%d0%b4%d0%bb%d1%8f-%d0%b4%d0%be%d0%b5%d0%bd%d0%b8%d1%8f-%d0%b8-%d1%82%d1%80%d0%b0%d0%bd%d1%81%d0%bf%d0%be%d1%80%d1%82%d0%b8%d1%80%d0%be%d0%b2%d0%ba%d0%b8-%d0%bc%d0%be\/"},"modified":"2025-01-21T13:15:41","modified_gmt":"2025-01-21T12:15:41","slug":"%d0%b1%d0%b8%d0%b4%d0%be%d0%bd-%d0%b4%d0%bb%d1%8f-%d0%b4%d0%be%d0%b5%d0%bd%d0%b8%d1%8f-%d0%b8-%d1%82%d1%80%d0%b0%d0%bd%d1%81%d0%bf%d0%be%d1%80%d1%82%d0%b8%d1%80%d0%be%d0%b2%d0%ba%d0%b8-%d0%bc%d0%be","status":"publish","type":"product","link":"https:\/\/fdasrl.it\/ru\/prodotto\/%d0%b1%d0%b8%d0%b4%d0%be%d0%bd-%d0%b4%d0%bb%d1%8f-%d0%b4%d0%be%d0%b5%d0%bd%d0%b8%d1%8f-%d0%b8-%d1%82%d1%80%d0%b0%d0%bd%d1%81%d0%bf%d0%be%d1%80%d1%82%d0%b8%d1%80%d0%be%d0%b2%d0%ba%d0%b8-%d0%bc%d0%be\/","title":{"rendered":"\u0411\u0418\u0414\u041e\u041d \u0414\u041b\u042f \u0414\u041e\u0415\u041d\u0418\u042f \u0418 \u0422\u0420\u0410\u041d\u0421\u041f\u041e\u0420\u0422\u0418\u0420\u041e\u0412\u041a\u0418 \u041c\u041e\u041b\u041e\u041a\u0410 \u041a\u041e\u0417\u0410 \u0418 \u041e\u0412\u0415\u0426"},"content":{"rendered":"<h2 data-start=\"113\" data-end=\"198\">\u0414\u043e\u0438\u043b\u044c\u043d\u043e\u0435 \u0432\u0435\u0434\u0440\u043e-\u0431\u0438\u0434\u043e\u043d \u0438\u0437 \u043d\u0435\u0440\u0436\u0430\u0432\u0435\u044e\u0449\u0435\u0439 \u0441\u0442\u0430\u043b\u0438 30 \u043b \u0434\u043b\u044f \u043a\u043e\u0437 \u0438 \u043e\u0432\u0435\u0446 \u2013 \u0434\u0432\u043e\u0439\u043d\u0430\u044f \u0433\u0440\u0443\u043f\u043f\u0430<\/h2>\n<p data-start=\"200\" data-end=\"527\"><strong data-start=\"203\" data-end=\"252\">\u0414\u043e\u0438\u043b\u044c\u043d\u043e\u0435 \u0432\u0435\u0434\u0440\u043e \u0438\u0437 \u043d\u0435\u0440\u0436\u0430\u0432\u0435\u044e\u0449\u0435\u0439 \u0441\u0442\u0430\u043b\u0438 \u043d\u0430 30 \u043b\u0438\u0442\u0440\u043e\u0432<\/strong> \u2014 \u043d\u0435\u0437\u0430\u043c\u0435\u043d\u0438\u043c\u044b\u0439 \u0438\u043d\u0441\u0442\u0440\u0443\u043c\u0435\u043d\u0442 \u0434\u043b\u044f \u043f\u0440\u043e\u0444\u0435\u0441\u0441\u0438\u043e\u043d\u0430\u043b\u044c\u043d\u043e\u0433\u043e \u0438 \u0435\u0436\u0435\u0434\u043d\u0435\u0432\u043d\u043e\u0433\u043e \u0434\u043e\u0435\u043d\u0438\u044f <strong data-start=\"327\" data-end=\"345\">\u043a\u043e\u0437 \u0438 \u043e\u0432\u0435\u0446<\/strong>.<br data-start=\"346\" data-end=\"349\">\u0418\u0437\u0433\u043e\u0442\u043e\u0432\u043b\u0435\u043d\u043e \u0438\u0437 <strong data-start=\"363\" data-end=\"388\">\u043d\u0435\u0440\u0436\u0430\u0432\u0435\u044e\u0449\u0435\u0439 \u0441\u0442\u0430\u043b\u0438 AISI 304<\/strong> \u043f\u0438\u0449\u0435\u0432\u043e\u0433\u043e \u043d\u0430\u0437\u043d\u0430\u0447\u0435\u043d\u0438\u044f, \u043e\u0431\u0435\u0441\u043f\u0435\u0447\u0438\u0432\u0430\u0435\u0442 \u0432\u044b\u0441\u043e\u043a\u0438\u0435 \u0433\u0438\u0433\u0438\u0435\u043d\u0438\u0447\u0435\u0441\u043a\u0438\u0435 \u0441\u0442\u0430\u043d\u0434\u0430\u0440\u0442\u044b, \u0443\u0441\u0442\u043e\u0439\u0447\u0438\u0432\u043e\u0441\u0442\u044c \u043a \u043a\u043e\u0440\u0440\u043e\u0437\u0438\u0438 \u0438 \u0434\u043b\u0438\u0442\u0435\u043b\u044c\u043d\u044b\u0439 \u0441\u0440\u043e\u043a \u0441\u043b\u0443\u0436\u0431\u044b \u0434\u0430\u0436\u0435 \u0432 \u0443\u0441\u043b\u043e\u0432\u0438\u044f\u0445 \u0438\u043d\u0442\u0435\u043d\u0441\u0438\u0432\u043d\u043e\u0433\u043e \u0436\u0438\u0432\u043e\u0442\u043d\u043e\u0432\u043e\u0434\u0441\u0442\u0432\u0430.<\/p>\n<p data-start=\"529\" data-end=\"787\">\u0414\u0430\u043d\u043d\u0430\u044f \u043c\u043e\u0434\u0435\u043b\u044c \u043f\u0440\u0435\u0434\u043d\u0430\u0437\u043d\u0430\u0447\u0435\u043d\u0430 \u0434\u043b\u044f \u0440\u0430\u0431\u043e\u0442\u044b \u0441 <strong data-start=\"576\" data-end=\"598\">2 \u0434\u043e\u0438\u043b\u044c\u043d\u044b\u043c\u0438 \u0433\u0440\u0443\u043f\u043f\u0430\u043c\u0438<\/strong>, \u043e\u0431\u0435\u0441\u043f\u0435\u0447\u0438\u0432\u0430\u044f \u043f\u043e\u0432\u044b\u0448\u0435\u043d\u043d\u0443\u044e \u044d\u0444\u0444\u0435\u043a\u0442\u0438\u0432\u043d\u043e\u0441\u0442\u044c \u0438 \u044d\u043a\u043e\u043d\u043e\u043c\u0438\u044e \u0432\u0440\u0435\u043c\u0435\u043d\u0438 \u043f\u043e \u0441\u0440\u0430\u0432\u043d\u0435\u043d\u0438\u044e \u0441 \u0441\u0438\u0441\u0442\u0435\u043c\u0430\u043c\u0438 \u0441 \u043e\u0434\u043d\u043e\u0439 \u0433\u0440\u0443\u043f\u043f\u043e\u0439. \u0412\u0435\u0434\u0440\u043e \u043e\u0441\u043d\u0430\u0449\u0435\u043d\u043e <strong data-start=\"715\" data-end=\"735\">\u043f\u0440\u043e\u0447\u043d\u043e\u0439 \u0440\u0443\u0447\u043a\u043e\u0439<\/strong>, \u043e\u0431\u043b\u0435\u0433\u0447\u0430\u044e\u0449\u0435\u0439 \u0442\u0440\u0430\u043d\u0441\u043f\u043e\u0440\u0442\u0438\u0440\u043e\u0432\u043a\u0443 \u0434\u0430\u0436\u0435 \u043f\u0440\u0438 \u043f\u043e\u043b\u043d\u043e\u0439 \u0437\u0430\u0433\u0440\u0443\u0437\u043a\u0435. <\/p>\n<p data-start=\"789\" data-end=\"814\">\u041a\u043e\u043c\u043f\u043b\u0435\u043a\u0442 <strong data-start=\"798\" data-end=\"813\">\u0432\u043a\u043b\u044e\u0447\u0430\u0435\u0442 \u0432 \u0441\u0435\u0431\u044f<\/strong>:<\/p>\n<ul data-start=\"815\" data-end=\"1142\">\n<li data-start=\"815\" data-end=\"862\">\n<p data-start=\"817\" data-end=\"862\">\u041a\u0440\u044b\u0448\u043a\u0430 \u0438\u0437 \u043d\u0435\u0440\u0436\u0430\u0432\u0435\u044e\u0449\u0435\u0439 \u0441\u0442\u0430\u043b\u0438 \u0441 \u0431\u044b\u0441\u0442\u0440\u043e\u0441\u044a\u0435\u043c\u043d\u044b\u043c\u0438 \u0441\u043e\u0435\u0434\u0438\u043d\u0435\u043d\u0438\u044f\u043c\u0438<\/p>\n<\/li>\n<li data-start=\"863\" data-end=\"932\">\n<p data-start=\"865\" data-end=\"932\">\u041f\u043d\u0435\u0432\u043c\u0430\u0442\u0438\u0447\u0435\u0441\u043a\u0438\u0439 \u043f\u0443\u043b\u044c\u0441\u0430\u0442\u043e\u0440 (\u0447\u0430\u0441\u0442\u043e\u0442\u0430 50\/50 \u0434\u043b\u044f \u043e\u0432\u0435\u0446 \u0438\u043b\u0438 60\/40 \u0434\u043b\u044f \u043a\u043e\u0437)<\/p>\n<\/li>\n<li data-start=\"933\" data-end=\"981\">\n<p data-start=\"935\" data-end=\"981\">2 \u043a\u043e\u043b\u043b\u0435\u043a\u0442\u043e\u0440\u0430 \u0441 \u0437\u0430\u043f\u043e\u0440\u043d\u044b\u043c \u043a\u043b\u0430\u043f\u0430\u043d\u043e\u043c<\/p>\n<\/li>\n<li data-start=\"982\" data-end=\"1044\">\n<p data-start=\"984\" data-end=\"1044\">\u0421\u0442\u0430\u043a\u0430\u043d\u044b \u0438\u0437 \u043f\u0440\u043e\u0447\u043d\u043e\u0433\u043e \u043c\u0430\u0442\u0435\u0440\u0438\u0430\u043b\u0430 \u0441 \u043f\u043e\u043b\u0443\u0430\u0432\u0442\u043e\u043c\u0430\u0442\u0438\u0447\u0435\u0441\u043a\u0438\u043c\u0438 \u043a\u043b\u0430\u043f\u0430\u043d\u0430\u043c\u0438<\/p>\n<\/li>\n<li data-start=\"1045\" data-end=\"1069\">\n<p data-start=\"1047\" data-end=\"1069\">\u0421\u0438\u043b\u0438\u043a\u043e\u043d\u043e\u0432\u044b\u0435 \u0441\u043e\u0441\u043a\u0438<\/p>\n<\/li>\n<li data-start=\"1070\" data-end=\"1142\">\n<p data-start=\"1072\" data-end=\"1142\">\u0422\u0440\u0443\u0431\u043a\u0438 \u0438\u0437 <strong data-start=\"1085\" data-end=\"1124\">\u043f\u0438\u0449\u0435\u0432\u043e\u0433\u043e \u043a\u0440\u0438\u0441\u0442\u0430\u043b\u043b\u0430 \u043f\u043e\u0432\u044b\u0448\u0435\u043d\u043d\u043e\u0439 \u0442\u043e\u043b\u0449\u0438\u043d\u044b<\/strong> \u0434\u043b\u044f \u043c\u043e\u043b\u043e\u043a\u0430 \u0438 \u0432\u0430\u043a\u0443\u0443\u043c\u0430<\/p>\n<\/li>\n<\/ul>\n<blockquote data-start=\"1144\" data-end=\"1238\">\n<p data-start=\"1146\" data-end=\"1238\">\u26a0\ufe0f <strong data-start=\"1149\" data-end=\"1163\">\u0412\u043d\u0438\u043c\u0430\u043d\u0438\u0435<\/strong>: \u0441\u0438\u0441\u0442\u0435\u043c\u0430 \u0442\u0440\u0435\u0431\u0443\u0435\u0442 \u043d\u0430\u043b\u0438\u0447\u0438\u044f <strong data-start=\"1189\" data-end=\"1216\">\u0432\u043d\u0435\u0448\u043d\u0435\u0433\u043e \u0432\u0430\u043a\u0443\u0443\u043c\u043d\u043e\u0433\u043e \u043d\u0430\u0441\u043e\u0441\u0430<\/strong>, \u043d\u0435 \u0432\u0445\u043e\u0434\u044f\u0449\u0435\u0433\u043e \u0432 \u043a\u043e\u043c\u043f\u043b\u0435\u043a\u0442.<\/p>\n<\/blockquote>\n<p data-start=\"1240\" data-end=\"1463\">\u0418\u0434\u0435\u0430\u043b\u044c\u043d\u043e \u043f\u043e\u0434\u0445\u043e\u0434\u0438\u0442 \u0434\u043b\u044f <strong data-start=\"1251\" data-end=\"1274\">\u043d\u0435\u0431\u043e\u043b\u044c\u0448\u0438\u0445 \u0445\u043e\u0437\u044f\u0439\u0441\u0442\u0432<\/strong>, \u043c\u043e\u0431\u0438\u043b\u044c\u043d\u043e\u0433\u043e \u0434\u043e\u0435\u043d\u0438\u044f \u0438\u043b\u0438 <strong data-start=\"1295\" data-end=\"1341\">\u0440\u0435\u043c\u0435\u0441\u043b\u0435\u043d\u043d\u043e\u0433\u043e \u043f\u0440\u043e\u0438\u0437\u0432\u043e\u0434\u0441\u0442\u0432\u0430 \u043c\u043e\u043b\u043e\u043a\u0430 \u0438 \u043c\u043e\u043b\u043e\u0447\u043d\u044b\u0445 \u043f\u0440\u043e\u0434\u0443\u043a\u0442\u043e\u0432<\/strong> (\u0441\u044b\u0440\u043e\u0432, \u0439\u043e\u0433\u0443\u0440\u0442\u0430 \u0438 \u0442. \u0434.).<br data-start=\"1367\" data-end=\"1370\">\u041d\u0430\u0434\u0435\u0436\u043d\u044b\u0439 \u0438\u043d\u0441\u0442\u0440\u0443\u043c\u0435\u043d\u0442, \u043f\u0440\u043e\u0441\u0442\u043e\u0439 \u0432 \u0438\u0441\u043f\u043e\u043b\u044c\u0437\u043e\u0432\u0430\u043d\u0438\u0438 \u0438 \u0441\u043e\u0432\u043c\u0435\u0441\u0442\u0438\u043c\u044b\u0439 \u0441 \u043f\u0435\u0440\u0435\u043d\u043e\u0441\u043d\u044b\u043c\u0438 \u0438\u043b\u0438 \u0441\u0442\u0430\u0446\u0438\u043e\u043d\u0430\u0440\u043d\u044b\u043c\u0438 \u0434\u043e\u0438\u043b\u044c\u043d\u044b\u043c\u0438 \u0443\u0441\u0442\u0430\u043d\u043e\u0432\u043a\u0430\u043c\u0438.<\/p>\n<hr data-start=\"1282\" data-end=\"1285\">\n<p data-start=\"1287\" data-end=\"1336\">\ud83d\uded2 <strong data-start=\"1290\" data-end=\"1336\">\u041f\u0440\u0438\u043e\u0431\u0440\u0435\u0442\u0438\u0442\u0435 \u0435\u0433\u043e \u0441\u0435\u0439\u0447\u0430\u0441 \u0432 \u043d\u0430\u0448\u0435\u043c <\/strong><a href=\"https:\/\/fda-shop.it\/shop\/mungitura\/secchio-mungitore-in-acciaio-inox-per-capra-o-pecora\" target=\"_blank\" rel=\"noopener\">\u0438\u043d\u0442\u0435\u0440\u043d\u0435\u0442-\u043c\u0430\u0433\u0430\u0437\u0438\u043d\u0435<\/a><\/p>\n","protected":false},"excerpt":{"rendered":"<p>\u0414\u043e\u0438\u043b\u044c\u043d\u043e\u0435 \u0432\u0435\u0434\u0440\u043e \u0438\u0437 \u043d\u0435\u0440\u0436\u0430\u0432\u0435\u044e\u0449\u0435\u0439 \u0441\u0442\u0430\u043b\u0438 \u043d\u0430 30 \u043b \u0434\u043b\u044f \u043c\u043e\u043b\u043e\u0447\u043d\u044b\u0445 \u043e\u0432\u0435\u0446 \u0438 \u043a\u043e\u0437, \u0432 \u043a\u043e\u043c\u043f\u043b\u0435\u043a\u0442\u0435 \u0441 \u0430\u043a\u0441\u0435\u0441\u0441\u0443\u0430\u0440\u0430\u043c\u0438.<\/p>\n","protected":false},"featured_media":476,"comment_status":"open","ping_status":"closed","template":"","meta":{"_et_pb_use_builder":"","_et_pb_old_content":"","_et_gb_content_width":""},"product_brand":[],"product_cat":[494],"product_tag":[711],"class_list":{"0":"post-2912","1":"product","2":"type-product","3":"status-publish","4":"has-post-thumbnail","6":"product_cat-494","7":"product_tag-facm19300","9":"first","10":"instock","11":"shipping-taxable","12":"product-type-simple"},"yoast_head":"<!-- This site is optimized with the Yoast SEO Premium plugin v27.5 (Yoast SEO v27.5) - https:\/\/yoast.com\/product\/yoast-seo-premium-wordpress\/ -->\n<title>\u0434\u043e\u0438\u043b\u044c\u043d\u043e\u0435 \u0432\u0435\u0434\u0440\u043e \u0438\u0437 \u043d\u0435\u0440\u0436\u0430\u0432\u0435\u044e\u0449\u0435\u0439 \u0441\u0442\u0430\u043b\u0438 \u0434\u043b\u044f \u043e\u0432\u0435\u0446 \u0438 \u043a\u043e\u0437 \u043d\u0430 30 \u043b - FDA srl<\/title>\n<meta name=\"description\" content=\"\u041e\u0442\u043a\u0440\u043e\u0439\u0442\u0435 \u0434\u043b\u044f \u0441\u0435\u0431\u044f \u0434\u043e\u0438\u043b\u044c\u043d\u043e\u0435 \u0432\u0435\u0434\u0440\u043e \u0438\u0437 \u043d\u0435\u0440\u0436\u0430\u0432\u0435\u044e\u0449\u0435\u0439 \u0441\u0442\u0430\u043b\u0438 \u0434\u043b\u044f \u043e\u0432\u0435\u0446 \u0438 \u043a\u043e\u0437, \u0440\u0430\u0437\u0440\u0430\u0431\u043e\u0442\u0430\u043d\u043d\u043e\u0435 \u0434\u043b\u044f \u043f\u0440\u043e\u0444\u0435\u0441\u0441\u0438\u043e\u043d\u0430\u043b\u044c\u043d\u043e\u0433\u043e \u0438 \u0433\u0438\u0433\u0438\u0435\u043d\u0438\u0447\u043d\u043e\u0433\u043e \u0434\u043e\u0435\u043d\u0438\u044f. \u041d\u0435 \u0443\u043f\u0443\u0441\u0442\u0438\u0442\u0435 \u0432\u043e\u0437\u043c\u043e\u0436\u043d\u043e\u0441\u0442\u044c, \u043f\u0440\u0438\u043e\u0431\u0440\u0435\u0442\u0438\u0442\u0435 \u0435\u0433\u043e \u0441\u0435\u0439\u0447\u0430\u0441!\" \/>\n<meta name=\"robots\" content=\"index, follow, max-snippet:-1, max-image-preview:large, max-video-preview:-1\" \/>\n<link rel=\"canonical\" href=\"https:\/\/fdasrl.it\/ru\/prodotto\/%d0%b1%d0%b8%d0%b4%d0%be%d0%bd-%d0%b4%d0%bb%d1%8f-%d0%b4%d0%be%d0%b5%d0%bd%d0%b8%d1%8f-%d0%b8-%d1%82%d1%80%d0%b0%d0%bd%d1%81%d0%bf%d0%be%d1%80%d1%82%d0%b8%d1%80%d0%be%d0%b2%d0%ba%d0%b8-%d0%bc%d0%be\/\" \/>\n<meta property=\"og:locale\" content=\"ru_RU\" \/>\n<meta property=\"og:type\" content=\"article\" \/>\n<meta property=\"og:title\" content=\"\u0411\u0418\u0414\u041e\u041d \u0414\u041b\u042f \u0414\u041e\u0415\u041d\u0418\u042f \u0418 \u0422\u0420\u0410\u041d\u0421\u041f\u041e\u0420\u0422\u0418\u0420\u041e\u0412\u041a\u0418 \u041c\u041e\u041b\u041e\u041a\u0410 \u041a\u041e\u0417\u0410 \u0418 \u041e\u0412\u0415\u0426\" \/>\n<meta property=\"og:description\" content=\"\u041e\u0442\u043a\u0440\u043e\u0439\u0442\u0435 \u0434\u043b\u044f \u0441\u0435\u0431\u044f \u0434\u043e\u0438\u043b\u044c\u043d\u043e\u0435 \u0432\u0435\u0434\u0440\u043e \u0438\u0437 \u043d\u0435\u0440\u0436\u0430\u0432\u0435\u044e\u0449\u0435\u0439 \u0441\u0442\u0430\u043b\u0438 \u0434\u043b\u044f \u043e\u0432\u0435\u0446 \u0438 \u043a\u043e\u0437, \u0440\u0430\u0437\u0440\u0430\u0431\u043e\u0442\u0430\u043d\u043d\u043e\u0435 \u0434\u043b\u044f \u043f\u0440\u043e\u0444\u0435\u0441\u0441\u0438\u043e\u043d\u0430\u043b\u044c\u043d\u043e\u0433\u043e \u0438 \u0433\u0438\u0433\u0438\u0435\u043d\u0438\u0447\u043d\u043e\u0433\u043e \u0434\u043e\u0435\u043d\u0438\u044f. \u041d\u0435 \u0443\u043f\u0443\u0441\u0442\u0438\u0442\u0435 \u0432\u043e\u0437\u043c\u043e\u0436\u043d\u043e\u0441\u0442\u044c, \u043f\u0440\u0438\u043e\u0431\u0440\u0435\u0442\u0438\u0442\u0435 \u0435\u0433\u043e \u0441\u0435\u0439\u0447\u0430\u0441!\" \/>\n<meta property=\"og:url\" content=\"https:\/\/fdasrl.it\/ru\/prodotto\/%d0%b1%d0%b8%d0%b4%d0%be%d0%bd-%d0%b4%d0%bb%d1%8f-%d0%b4%d0%be%d0%b5%d0%bd%d0%b8%d1%8f-%d0%b8-%d1%82%d1%80%d0%b0%d0%bd%d1%81%d0%bf%d0%be%d1%80%d1%82%d0%b8%d1%80%d0%be%d0%b2%d0%ba%d0%b8-%d0%bc%d0%be\/\" \/>\n<meta property=\"og:site_name\" content=\"FDA srl\" \/>\n<meta property=\"article:publisher\" content=\"https:\/\/www.facebook.com\/share\/1MWhFWg1Tp\/?mibextid=LQQJ4d\" \/>\n<meta property=\"og:image\" content=\"https:\/\/fdasrl.it\/wp-content\/uploads\/2025\/01\/FACM19300.jpg\" \/>\n\t<meta property=\"og:image:width\" content=\"600\" \/>\n\t<meta property=\"og:image:height\" content=\"800\" \/>\n\t<meta property=\"og:image:type\" content=\"image\/jpeg\" \/>\n<meta name=\"twitter:card\" content=\"summary_large_image\" \/>\n<meta name=\"twitter:label1\" content=\"\u0426\u0435\u043d\u0430\" \/>\n\t<meta name=\"twitter:data1\" content=\"\" \/>\n\t<meta name=\"twitter:label2\" content=\"\u0414\u043e\u0441\u0442\u0443\u043f\u043d\u043e\u0441\u0442\u044c\" \/>\n\t<meta name=\"twitter:data2\" content=\"\u0412 \u043d\u0430\u043b\u0438\u0447\u0438\u0438\" \/>\n<meta property=\"product:price:currency\" content=\"EUR\" \/>\n<meta property=\"og:availability\" content=\"instock\" \/>\n<meta property=\"product:availability\" content=\"instock\" \/>\n<meta property=\"product:retailer_item_id\" content=\"FACM19300\" \/>\n<meta property=\"product:condition\" content=\"new\" \/>\n<!-- \/ Yoast SEO Premium plugin. -->","yoast_head_json":{"title":"\u0434\u043e\u0438\u043b\u044c\u043d\u043e\u0435 \u0432\u0435\u0434\u0440\u043e \u0438\u0437 \u043d\u0435\u0440\u0436\u0430\u0432\u0435\u044e\u0449\u0435\u0439 \u0441\u0442\u0430\u043b\u0438 \u0434\u043b\u044f \u043e\u0432\u0435\u0446 \u0438 \u043a\u043e\u0437 \u043d\u0430 30 \u043b - FDA srl","description":"\u041e\u0442\u043a\u0440\u043e\u0439\u0442\u0435 \u0434\u043b\u044f \u0441\u0435\u0431\u044f \u0434\u043e\u0438\u043b\u044c\u043d\u043e\u0435 \u0432\u0435\u0434\u0440\u043e \u0438\u0437 \u043d\u0435\u0440\u0436\u0430\u0432\u0435\u044e\u0449\u0435\u0439 \u0441\u0442\u0430\u043b\u0438 \u0434\u043b\u044f \u043e\u0432\u0435\u0446 \u0438 \u043a\u043e\u0437, \u0440\u0430\u0437\u0440\u0430\u0431\u043e\u0442\u0430\u043d\u043d\u043e\u0435 \u0434\u043b\u044f \u043f\u0440\u043e\u0444\u0435\u0441\u0441\u0438\u043e\u043d\u0430\u043b\u044c\u043d\u043e\u0433\u043e \u0438 \u0433\u0438\u0433\u0438\u0435\u043d\u0438\u0447\u043d\u043e\u0433\u043e \u0434\u043e\u0435\u043d\u0438\u044f. \u041d\u0435 \u0443\u043f\u0443\u0441\u0442\u0438\u0442\u0435 \u0432\u043e\u0437\u043c\u043e\u0436\u043d\u043e\u0441\u0442\u044c, \u043f\u0440\u0438\u043e\u0431\u0440\u0435\u0442\u0438\u0442\u0435 \u0435\u0433\u043e \u0441\u0435\u0439\u0447\u0430\u0441!","robots":{"index":"index","follow":"follow","max-snippet":"max-snippet:-1","max-image-preview":"max-image-preview:large","max-video-preview":"max-video-preview:-1"},"canonical":"https:\/\/fdasrl.it\/ru\/prodotto\/%d0%b1%d0%b8%d0%b4%d0%be%d0%bd-%d0%b4%d0%bb%d1%8f-%d0%b4%d0%be%d0%b5%d0%bd%d0%b8%d1%8f-%d0%b8-%d1%82%d1%80%d0%b0%d0%bd%d1%81%d0%bf%d0%be%d1%80%d1%82%d0%b8%d1%80%d0%be%d0%b2%d0%ba%d0%b8-%d0%bc%d0%be\/","og_locale":"ru_RU","og_type":"article","og_title":"\u0411\u0418\u0414\u041e\u041d \u0414\u041b\u042f \u0414\u041e\u0415\u041d\u0418\u042f \u0418 \u0422\u0420\u0410\u041d\u0421\u041f\u041e\u0420\u0422\u0418\u0420\u041e\u0412\u041a\u0418 \u041c\u041e\u041b\u041e\u041a\u0410 \u041a\u041e\u0417\u0410 \u0418 \u041e\u0412\u0415\u0426","og_description":"\u041e\u0442\u043a\u0440\u043e\u0439\u0442\u0435 \u0434\u043b\u044f \u0441\u0435\u0431\u044f \u0434\u043e\u0438\u043b\u044c\u043d\u043e\u0435 \u0432\u0435\u0434\u0440\u043e \u0438\u0437 \u043d\u0435\u0440\u0436\u0430\u0432\u0435\u044e\u0449\u0435\u0439 \u0441\u0442\u0430\u043b\u0438 \u0434\u043b\u044f \u043e\u0432\u0435\u0446 \u0438 \u043a\u043e\u0437, \u0440\u0430\u0437\u0440\u0430\u0431\u043e\u0442\u0430\u043d\u043d\u043e\u0435 \u0434\u043b\u044f \u043f\u0440\u043e\u0444\u0435\u0441\u0441\u0438\u043e\u043d\u0430\u043b\u044c\u043d\u043e\u0433\u043e \u0438 \u0433\u0438\u0433\u0438\u0435\u043d\u0438\u0447\u043d\u043e\u0433\u043e \u0434\u043e\u0435\u043d\u0438\u044f. \u041d\u0435 \u0443\u043f\u0443\u0441\u0442\u0438\u0442\u0435 \u0432\u043e\u0437\u043c\u043e\u0436\u043d\u043e\u0441\u0442\u044c, \u043f\u0440\u0438\u043e\u0431\u0440\u0435\u0442\u0438\u0442\u0435 \u0435\u0433\u043e \u0441\u0435\u0439\u0447\u0430\u0441!","og_url":"https:\/\/fdasrl.it\/ru\/prodotto\/%d0%b1%d0%b8%d0%b4%d0%be%d0%bd-%d0%b4%d0%bb%d1%8f-%d0%b4%d0%be%d0%b5%d0%bd%d0%b8%d1%8f-%d0%b8-%d1%82%d1%80%d0%b0%d0%bd%d1%81%d0%bf%d0%be%d1%80%d1%82%d0%b8%d1%80%d0%be%d0%b2%d0%ba%d0%b8-%d0%bc%d0%be\/","og_site_name":"FDA srl","article_publisher":"https:\/\/www.facebook.com\/share\/1MWhFWg1Tp\/?mibextid=LQQJ4d","og_image":[{"width":600,"height":800,"url":"https:\/\/fdasrl.it\/wp-content\/uploads\/2025\/01\/FACM19300.jpg","type":"image\/jpeg"}],"twitter_card":"summary_large_image","twitter_misc":{"\u0426\u0435\u043d\u0430":"","\u0414\u043e\u0441\u0442\u0443\u043f\u043d\u043e\u0441\u0442\u044c":"\u0412 \u043d\u0430\u043b\u0438\u0447\u0438\u0438"},"schema":{"@context":"https:\/\/schema.org","@graph":[{"@type":"WebPage","@id":"https:\/\/fdasrl.it\/ru\/prodotto\/%d0%b1%d0%b8%d0%b4%d0%be%d0%bd-%d0%b4%d0%bb%d1%8f-%d0%b4%d0%be%d0%b5%d0%bd%d0%b8%d1%8f-%d0%b8-%d1%82%d1%80%d0%b0%d0%bd%d1%81%d0%bf%d0%be%d1%80%d1%82%d0%b8%d1%80%d0%be%d0%b2%d0%ba%d0%b8-%d0%bc%d0%be\/","url":"https:\/\/fdasrl.it\/ru\/prodotto\/%d0%b1%d0%b8%d0%b4%d0%be%d0%bd-%d0%b4%d0%bb%d1%8f-%d0%b4%d0%be%d0%b5%d0%bd%d0%b8%d1%8f-%d0%b8-%d1%82%d1%80%d0%b0%d0%bd%d1%81%d0%bf%d0%be%d1%80%d1%82%d0%b8%d1%80%d0%be%d0%b2%d0%ba%d0%b8-%d0%bc%d0%be\/","name":"\u0434\u043e\u0438\u043b\u044c\u043d\u043e\u0435 \u0432\u0435\u0434\u0440\u043e \u0438\u0437 \u043d\u0435\u0440\u0436\u0430\u0432\u0435\u044e\u0449\u0435\u0439 \u0441\u0442\u0430\u043b\u0438 \u0434\u043b\u044f \u043e\u0432\u0435\u0446 \u0438 \u043a\u043e\u0437 \u043d\u0430 30 \u043b - FDA srl","isPartOf":{"@id":"https:\/\/fdasrl.it\/ru\/#website"},"primaryImageOfPage":{"@id":"https:\/\/fdasrl.it\/ru\/prodotto\/%d0%b1%d0%b8%d0%b4%d0%be%d0%bd-%d0%b4%d0%bb%d1%8f-%d0%b4%d0%be%d0%b5%d0%bd%d0%b8%d1%8f-%d0%b8-%d1%82%d1%80%d0%b0%d0%bd%d1%81%d0%bf%d0%be%d1%80%d1%82%d0%b8%d1%80%d0%be%d0%b2%d0%ba%d0%b8-%d0%bc%d0%be\/#primaryimage"},"image":{"@id":"https:\/\/fdasrl.it\/ru\/prodotto\/%d0%b1%d0%b8%d0%b4%d0%be%d0%bd-%d0%b4%d0%bb%d1%8f-%d0%b4%d0%be%d0%b5%d0%bd%d0%b8%d1%8f-%d0%b8-%d1%82%d1%80%d0%b0%d0%bd%d1%81%d0%bf%d0%be%d1%80%d1%82%d0%b8%d1%80%d0%be%d0%b2%d0%ba%d0%b8-%d0%bc%d0%be\/#primaryimage"},"thumbnailUrl":"https:\/\/fdasrl.it\/wp-content\/uploads\/2025\/01\/FACM19300.jpg","datePublished":"2025-01-21T12:15:41+00:00","description":"\u041e\u0442\u043a\u0440\u043e\u0439\u0442\u0435 \u0434\u043b\u044f \u0441\u0435\u0431\u044f \u0434\u043e\u0438\u043b\u044c\u043d\u043e\u0435 \u0432\u0435\u0434\u0440\u043e \u0438\u0437 \u043d\u0435\u0440\u0436\u0430\u0432\u0435\u044e\u0449\u0435\u0439 \u0441\u0442\u0430\u043b\u0438 \u0434\u043b\u044f \u043e\u0432\u0435\u0446 \u0438 \u043a\u043e\u0437, \u0440\u0430\u0437\u0440\u0430\u0431\u043e\u0442\u0430\u043d\u043d\u043e\u0435 \u0434\u043b\u044f \u043f\u0440\u043e\u0444\u0435\u0441\u0441\u0438\u043e\u043d\u0430\u043b\u044c\u043d\u043e\u0433\u043e \u0438 \u0433\u0438\u0433\u0438\u0435\u043d\u0438\u0447\u043d\u043e\u0433\u043e \u0434\u043e\u0435\u043d\u0438\u044f. \u041d\u0435 \u0443\u043f\u0443\u0441\u0442\u0438\u0442\u0435 \u0432\u043e\u0437\u043c\u043e\u0436\u043d\u043e\u0441\u0442\u044c, \u043f\u0440\u0438\u043e\u0431\u0440\u0435\u0442\u0438\u0442\u0435 \u0435\u0433\u043e \u0441\u0435\u0439\u0447\u0430\u0441!","breadcrumb":{"@id":"https:\/\/fdasrl.it\/ru\/prodotto\/%d0%b1%d0%b8%d0%b4%d0%be%d0%bd-%d0%b4%d0%bb%d1%8f-%d0%b4%d0%be%d0%b5%d0%bd%d0%b8%d1%8f-%d0%b8-%d1%82%d1%80%d0%b0%d0%bd%d1%81%d0%bf%d0%be%d1%80%d1%82%d0%b8%d1%80%d0%be%d0%b2%d0%ba%d0%b8-%d0%bc%d0%be\/#breadcrumb"},"inLanguage":"ru-RU","potentialAction":[{"@type":"ReadAction","target":["https:\/\/fdasrl.it\/ru\/prodotto\/%d0%b1%d0%b8%d0%b4%d0%be%d0%bd-%d0%b4%d0%bb%d1%8f-%d0%b4%d0%be%d0%b5%d0%bd%d0%b8%d1%8f-%d0%b8-%d1%82%d1%80%d0%b0%d0%bd%d1%81%d0%bf%d0%be%d1%80%d1%82%d0%b8%d1%80%d0%be%d0%b2%d0%ba%d0%b8-%d0%bc%d0%be\/"]}]},{"@type":"ImageObject","inLanguage":"ru-RU","@id":"https:\/\/fdasrl.it\/ru\/prodotto\/%d0%b1%d0%b8%d0%b4%d0%be%d0%bd-%d0%b4%d0%bb%d1%8f-%d0%b4%d0%be%d0%b5%d0%bd%d0%b8%d1%8f-%d0%b8-%d1%82%d1%80%d0%b0%d0%bd%d1%81%d0%bf%d0%be%d1%80%d1%82%d0%b8%d1%80%d0%be%d0%b2%d0%ba%d0%b8-%d0%bc%d0%be\/#primaryimage","url":"https:\/\/fdasrl.it\/wp-content\/uploads\/2025\/01\/FACM19300.jpg","contentUrl":"https:\/\/fdasrl.it\/wp-content\/uploads\/2025\/01\/FACM19300.jpg","width":600,"height":800},{"@type":"BreadcrumbList","@id":"https:\/\/fdasrl.it\/ru\/prodotto\/%d0%b1%d0%b8%d0%b4%d0%be%d0%bd-%d0%b4%d0%bb%d1%8f-%d0%b4%d0%be%d0%b5%d0%bd%d0%b8%d1%8f-%d0%b8-%d1%82%d1%80%d0%b0%d0%bd%d1%81%d0%bf%d0%be%d1%80%d1%82%d0%b8%d1%80%d0%be%d0%b2%d0%ba%d0%b8-%d0%bc%d0%be\/#breadcrumb","itemListElement":[{"@type":"ListItem","position":1,"name":"Home","item":"https:\/\/fdasrl.it\/ru\/%d0%b3%d0%bb%d0%b0%d0%b2%d0%bd%d0%b0%d1%8f\/"},{"@type":"ListItem","position":2,"name":"\u041c\u0430\u0433\u0430\u0437\u0438\u043d","item":"https:\/\/fdasrl.it\/ru\/%d0%bc%d0%b0%d0%b3%d0%b0%d0%b7%d0%b8%d0%bd\/"},{"@type":"ListItem","position":3,"name":"\u0411\u0418\u0414\u041e\u041d \u0414\u041b\u042f \u0414\u041e\u0415\u041d\u0418\u042f \u0418 \u0422\u0420\u0410\u041d\u0421\u041f\u041e\u0420\u0422\u0418\u0420\u041e\u0412\u041a\u0418 \u041c\u041e\u041b\u041e\u041a\u0410 \u041a\u041e\u0417\u0410 \u0418 \u041e\u0412\u0415\u0426"}]},{"@type":"WebSite","@id":"https:\/\/fdasrl.it\/ru\/#website","url":"https:\/\/fdasrl.it\/ru\/","name":"FDA srl","description":"Equipment for animal husbandry","publisher":{"@id":"https:\/\/fdasrl.it\/ru\/#organization"},"potentialAction":[{"@type":"SearchAction","target":{"@type":"EntryPoint","urlTemplate":"https:\/\/fdasrl.it\/ru\/?s={search_term_string}"},"query-input":{"@type":"PropertyValueSpecification","valueRequired":true,"valueName":"search_term_string"}}],"inLanguage":"ru-RU"},{"@type":"Organization","@id":"https:\/\/fdasrl.it\/ru\/#organization","name":"FDA srl","url":"https:\/\/fdasrl.it\/ru\/","logo":{"@type":"ImageObject","inLanguage":"ru-RU","@id":"https:\/\/fdasrl.it\/ru\/#\/schema\/logo\/image\/","url":"https:\/\/fdasrl.it\/wp-content\/uploads\/2024\/12\/Logo-FDA.png","contentUrl":"https:\/\/fdasrl.it\/wp-content\/uploads\/2024\/12\/Logo-FDA.png","width":316,"height":119,"caption":"FDA srl"},"image":{"@id":"https:\/\/fdasrl.it\/ru\/#\/schema\/logo\/image\/"},"sameAs":["https:\/\/www.facebook.com\/share\/1MWhFWg1Tp\/?mibextid=LQQJ4d","https:\/\/www.instagram.com\/fda_srl\/profilecard\/?igsh=YW5lbzJ6MWg0d21u","https:\/\/www.youtube.com\/@FDASRL_ANIMALCARE"],"description":"FDA SRL \u2013 Equipment for animal husbandry nasce con l\u2019obiettivo di offrire soluzioni affidabili e innovative per l\u2019allevamento moderno. Con anni di esperienza nel settore zootecnico, progettiamo e realizziamo attrezzature destinate al benessere animale e alla gestione efficiente delle stalle: vasche, abbeveratoi, mangiatoie e sistemi di riscaldamento pensati per durare nel tempo e semplificare il lavoro quotidiano degli allevatori. Dalla progettazione alla produzione, ogni nostro prodotto \u00e8 studiato nei minimi dettagli, testato con cura e costruito per rispondere alle esigenze reali del settore. La nostra forza \u00e8 unire artigianalit\u00e0, tecnologia e competenza tecnica per trasformare ogni progetto in una soluzione concreta e funzionale. Oggi FDA SRL \u00e8 un punto di riferimento per privati e rivenditori che cercano qualit\u00e0, affidabilit\u00e0 e innovazione nelle attrezzature per l\u2019allevamento.","email":"info@fdasrl.it","telephone":"+390522826820","legalName":"F.D.A. SRL","foundingDate":"2024-10-13","vatID":"03075840359","taxID":"03075840359","numberOfEmployees":{"@type":"QuantitativeValue","minValue":"1","maxValue":"10"}}]},"product_price_currency":"EUR","og_availability":"instock","product_availability":"instock","product_retailer_item_id":"FACM19300","product_condition":"new"},"_links":{"self":[{"href":"https:\/\/fdasrl.it\/ru\/wp-json\/wp\/v2\/product\/2912","targetHints":{"allow":["GET"]}}],"collection":[{"href":"https:\/\/fdasrl.it\/ru\/wp-json\/wp\/v2\/product"}],"about":[{"href":"https:\/\/fdasrl.it\/ru\/wp-json\/wp\/v2\/types\/product"}],"replies":[{"embeddable":true,"href":"https:\/\/fdasrl.it\/ru\/wp-json\/wp\/v2\/comments?post=2912"}],"wp:featuredmedia":[{"embeddable":true,"href":"https:\/\/fdasrl.it\/ru\/wp-json\/wp\/v2\/media\/476"}],"wp:attachment":[{"href":"https:\/\/fdasrl.it\/ru\/wp-json\/wp\/v2\/media?parent=2912"}],"wp:term":[{"taxonomy":"product_brand","embeddable":true,"href":"https:\/\/fdasrl.it\/ru\/wp-json\/wp\/v2\/product_brand?post=2912"},{"taxonomy":"product_cat","embeddable":true,"href":"https:\/\/fdasrl.it\/ru\/wp-json\/wp\/v2\/product_cat?post=2912"},{"taxonomy":"product_tag","embeddable":true,"href":"https:\/\/fdasrl.it\/ru\/wp-json\/wp\/v2\/product_tag?post=2912"}],"curies":[{"name":"wp","href":"https:\/\/api.w.org\/{rel}","templated":true}]}}