{"id":2954,"date":"2025-01-21T13:06:43","date_gmt":"2025-01-21T12:06:43","guid":{"rendered":"https:\/\/fdasrl.it\/prodotto\/%d0%bd%d0%b0%d1%81%d0%be%d1%81%d0%bd%d0%b0%d1%8f-%d0%b3%d1%80%d1%83%d0%bf%d0%bf%d0%b0-%d0%b4%d0%bb%d1%8f-%d0%b4%d0%be%d0%b8%d0%bb%d1%8c%d0%bd%d0%be%d0%b3%d0%be-%d0%b0%d0%bf%d0%bf%d0%b0%d1%80%d0%b0\/"},"modified":"2025-01-21T13:06:43","modified_gmt":"2025-01-21T12:06:43","slug":"%d0%bd%d0%b0%d1%81%d0%be%d1%81%d0%bd%d0%b0%d1%8f-%d0%b3%d1%80%d1%83%d0%bf%d0%bf%d0%b0-%d0%b4%d0%bb%d1%8f-%d0%b4%d0%be%d0%b8%d0%bb%d1%8c%d0%bd%d0%be%d0%b3%d0%be-%d0%b0%d0%bf%d0%bf%d0%b0%d1%80%d0%b0","status":"publish","type":"product","link":"https:\/\/fdasrl.it\/ru\/prodotto\/%d0%bd%d0%b0%d1%81%d0%be%d1%81%d0%bd%d0%b0%d1%8f-%d0%b3%d1%80%d1%83%d0%bf%d0%bf%d0%b0-%d0%b4%d0%bb%d1%8f-%d0%b4%d0%be%d0%b8%d0%bb%d1%8c%d0%bd%d0%be%d0%b3%d0%be-%d0%b0%d0%bf%d0%bf%d0%b0%d1%80%d0%b0\/","title":{"rendered":"\u041d\u0410\u0421\u041e\u0421\u041d\u0410\u042f \u0413\u0420\u0423\u041f\u041f\u0410 \u0414\u041b\u042f \u0414\u041e\u0418\u041b\u042c\u041d\u041e\u0413\u041e \u0410\u041f\u041f\u0410\u0420\u0410\u0422\u0410 \u041d\u0410 400 \u041b\u0418\u0422\u0420\u041e\u0412 \u0421 \u0410\u041a\u041a\u0423\u041c\u0423\u041b\u042f\u0422\u041e\u0420\u041e\u041c"},"content":{"rendered":"<div>\n<h3 data-start=\"180\" data-end=\"274\"><strong data-start=\"184\" data-end=\"274\">\u0412\u0430\u043a\u0443\u0443\u043c\u043d\u0430\u044f \u043d\u0430\u0441\u043e\u0441\u043d\u0430\u044f \u0433\u0440\u0443\u043f\u043f\u0430 400 \u043b\/\u043c\u0438\u043d \u0441 \u0430\u043a\u043a\u0443\u043c\u0443\u043b\u044f\u0442\u043e\u0440\u043e\u043c \u043d\u0430 18 \u043b\u0438\u0442\u0440\u043e\u0432 \u0434\u043b\u044f \u043a\u043e\u043c\u043f\u0435\u043d\u0441\u0430\u0446\u0438\u0438 \u0432\u0430\u043a\u0443\u0443\u043c\u0430 \u0434\u043b\u044f \u0434\u043e\u0438\u043b\u044c\u043d\u044b\u0445 \u0443\u0441\u0442\u0430\u043d\u043e\u0432\u043e\u043a \u2013 \u0434\u0432\u0438\u0433\u0430\u0442\u0435\u043b\u044c 1,1 \u043a\u0412\u0442 220 \u0412<\/strong><\/h3>\n<p data-start=\"276\" data-end=\"562\">\u041d\u0430\u0434\u0435\u0436\u043d\u044b\u0439 \u0438 \u044d\u0444\u0444\u0435\u043a\u0442\u0438\u0432\u043d\u044b\u0439, \u044d\u0442\u043e\u0442 <strong data-start=\"309\" data-end=\"351\">\u0432\u0430\u043a\u0443\u0443\u043c\u043d\u044b\u0439 \u043d\u0430\u0441\u043e\u0441 \u043f\u0440\u043e\u0438\u0437\u0432\u043e\u0434\u0438\u0442\u0435\u043b\u044c\u043d\u043e\u0441\u0442\u044c\u044e 400 \u043b\u0438\u0442\u0440\u043e\u0432 \u0432 \u043c\u0438\u043d\u0443\u0442\u0443<\/strong> \u0438\u0434\u0435\u0430\u043b\u044c\u043d\u043e \u043f\u043e\u0434\u0445\u043e\u0434\u0438\u0442 \u0434\u043b\u044f \u043f\u0440\u043e\u0444\u0435\u0441\u0441\u0438\u043e\u043d\u0430\u043b\u044c\u043d\u044b\u0445 \u0434\u043e\u0438\u043b\u044c\u043d\u044b\u0445 \u0443\u0441\u0442\u0430\u043d\u043e\u0432\u043e\u043a \u043c\u0430\u043b\u043e\u0433\u043e \u0438 \u0441\u0440\u0435\u0434\u043d\u0435\u0433\u043e \u0440\u0430\u0437\u043c\u0435\u0440\u0430.<br data-start=\"431\" data-end=\"434\">\u0411\u043b\u0430\u0433\u043e\u0434\u0430\u0440\u044f <strong data-start=\"446\" data-end=\"503\">\u0441\u0443\u0445\u043e\u043c\u0443 \u043d\u0430\u0441\u043e\u0441\u0443 \u0441 \u0441\u0430\u043c\u043e\u0441\u043c\u0430\u0437\u044b\u0432\u0430\u044e\u0449\u0438\u043c\u0438\u0441\u044f \u0433\u0440\u0430\u0444\u0438\u0442\u043e\u0432\u044b\u043c\u0438 \u043b\u043e\u043f\u0430\u0442\u043a\u0430\u043c\u0438<\/strong> \u043e\u0431\u0435\u0441\u043f\u0435\u0447\u0438\u0432\u0430\u0435\u0442 \u0434\u043b\u0438\u0442\u0435\u043b\u044c\u043d\u044b\u0439 \u0441\u0440\u043e\u043a \u0441\u043b\u0443\u0436\u0431\u044b \u0438 \u043d\u0438\u0437\u043a\u0438\u0435 \u0442\u0440\u0435\u0431\u043e\u0432\u0430\u043d\u0438\u044f \u043a \u043e\u0431\u0441\u043b\u0443\u0436\u0438\u0432\u0430\u043d\u0438\u044e.<\/p>\n<h4 data-start=\"564\" data-end=\"611\">\u2705 <strong data-start=\"571\" data-end=\"611\">\u041e\u0441\u043d\u043e\u0432\u043d\u044b\u0435 \u0442\u0435\u0445\u043d\u0438\u0447\u0435\u0441\u043a\u0438\u0435 \u0445\u0430\u0440\u0430\u043a\u0442\u0435\u0440\u0438\u0441\u0442\u0438\u043a\u0438:<\/strong><\/h4>\n<ul data-start=\"612\" data-end=\"888\">\n<li data-start=\"612\" data-end=\"650\">\n<p data-start=\"614\" data-end=\"650\"><strong data-start=\"614\" data-end=\"637\">\u041f\u0440\u043e\u0438\u0437\u0432\u043e\u0434\u0438\u0442\u0435\u043b\u044c\u043d\u043e\u0441\u0442\u044c \u043d\u0430\u0441\u043e\u0441\u0430<\/strong>: 400 \u043b\/\u043c\u0438\u043d \u2013 1,5 \u043b. \u0441.<\/p>\n<\/li>\n<li data-start=\"651\" data-end=\"721\">\n<p data-start=\"653\" data-end=\"721\"><strong data-start=\"653\" data-end=\"670\">\u0422\u0438\u043f \u043d\u0430\u0441\u043e\u0441\u0430<\/strong>: \u0441\u0443\u0445\u043e\u0439 \u0441 \u0441\u0430\u043c\u043e\u0441\u043c\u0430\u0437\u044b\u0432\u0430\u044e\u0449\u0438\u043c\u0438\u0441\u044f \u0433\u0440\u0430\u0444\u0438\u0442\u043e\u0432\u044b\u043c\u0438 \u043b\u043e\u043f\u0430\u0442\u043a\u0430\u043c\u0438<\/p>\n<\/li>\n<li data-start=\"722\" data-end=\"761\">\n<p data-start=\"724\" data-end=\"761\"><strong data-start=\"724\" data-end=\"749\">\u041d\u0430\u043a\u043e\u043f\u0438\u0442\u0435\u043b\u044c\u043d\u044b\u0439 \u0440\u0435\u0437\u0435\u0440\u0432\u0443\u0430\u0440<\/strong>: 18 \u043b\u0438\u0442\u0440\u043e\u0432<\/p>\n<\/li>\n<li data-start=\"762\" data-end=\"805\">\n<p data-start=\"764\" data-end=\"805\"><strong data-start=\"764\" data-end=\"784\">\u042d\u043b\u0435\u043a\u0442\u0440\u043e\u0434\u0432\u0438\u0433\u0430\u0442\u0435\u043b\u044c<\/strong>: 1,1 \u043a\u0412\u0442 \u2013 \u043e\u0434\u043d\u043e\u0444\u0430\u0437\u043d\u044b\u0439<\/p>\n<\/li>\n<li data-start=\"806\" data-end=\"840\">\n<p data-start=\"808\" data-end=\"840\"><strong data-start=\"808\" data-end=\"825\">\u041f\u0438\u0442\u0430\u043d\u0438\u0435<\/strong>: 220 \u0412 \u2013 50 \u0413\u0446<\/p>\n<\/li>\n<li data-start=\"841\" data-end=\"888\">\n<p data-start=\"843\" data-end=\"888\"><strong data-start=\"843\" data-end=\"865\">\u041a\u043e\u043c\u043f\u0430\u043a\u0442\u043d\u0430\u044f \u043a\u043e\u043d\u0441\u0442\u0440\u0443\u043a\u0446\u0438\u044f<\/strong>, \u043f\u0440\u043e\u0441\u0442\u0430\u044f \u0432 \u0443\u0441\u0442\u0430\u043d\u043e\u0432\u043a\u0435<\/p>\n<\/li>\n<\/ul>\n<h4 data-start=\"890\" data-end=\"924\">\ud83d\udc04 <strong data-start=\"898\" data-end=\"924\">\u041f\u0440\u043e\u0438\u0437\u0432\u043e\u0434\u0438\u0442\u0435\u043b\u044c\u043d\u043e\u0441\u0442\u044c \u0434\u043e\u0435\u043d\u0438\u044f:<\/strong><\/h4>\n<ul data-start=\"925\" data-end=\"1018\">\n<li data-start=\"925\" data-end=\"975\">\n<p data-start=\"927\" data-end=\"975\"><strong data-start=\"927\" data-end=\"954\">\u0414\u043e 4 \u043a\u043e\u0437 \u0438\u043b\u0438 \u043e\u0432\u0435\u0446<\/strong> \u043e\u0434\u043d\u043e\u0432\u0440\u0435\u043c\u0435\u043d\u043d\u043e<\/p>\n<\/li>\n<li data-start=\"976\" data-end=\"1018\">\n<p data-start=\"978\" data-end=\"1018\"><strong data-start=\"978\" data-end=\"997\">\u0414\u043e 2 \u043a\u043e\u0440\u043e\u0432<\/strong> \u043e\u0434\u043d\u043e\u0432\u0440\u0435\u043c\u0435\u043d\u043d\u043e<\/p>\n<\/li>\n<\/ul>\n<p data-start=\"1020\" data-end=\"1162\">\u0418\u0434\u0435\u0430\u043b\u044c\u043d\u043e \u043f\u043e\u0434\u0445\u043e\u0434\u0438\u0442 \u0434\u043b\u044f \u0436\u0438\u0432\u043e\u0442\u043d\u043e\u0432\u043e\u0434\u043e\u0432, \u043a\u043e\u0442\u043e\u0440\u044b\u0435 \u0438\u0449\u0443\u0442 <strong data-start=\"1058\" data-end=\"1123\">\u044d\u0444\u0444\u0435\u043a\u0442\u0438\u0432\u043d\u044b\u0439, \u043a\u043e\u043c\u043f\u0430\u043a\u0442\u043d\u044b\u0439 \u0438 \u043f\u0440\u043e\u0441\u0442\u043e\u0439 \u0432 \u0438\u0441\u043f\u043e\u043b\u044c\u0437\u043e\u0432\u0430\u043d\u0438\u0438 \u043d\u0430\u0441\u043e\u0441 \u0434\u043b\u044f \u0434\u043e\u0435\u043d\u0438\u044f<\/strong>. \u041e\u0442\u043b\u0438\u0447\u043d\u043e \u043f\u043e\u0434\u0445\u043e\u0434\u0438\u0442 \u0434\u043b\u044f \u043c\u043e\u0431\u0438\u043b\u044c\u043d\u044b\u0445 \u0438\u043b\u0438 \u0441\u0442\u0430\u0446\u0438\u043e\u043d\u0430\u0440\u043d\u044b\u0445 \u0443\u0441\u0442\u0430\u043d\u043e\u0432\u043e\u043a. <\/p>\n<hr data-start=\"1164\" data-end=\"1167\">\n<h3 data-start=\"1169\" data-end=\"1243\">\ud83d\uded2 <strong data-start=\"1176\" data-end=\"1243\">\u041f\u0440\u0438\u043e\u0431\u0440\u0435\u0442\u0430\u0439\u0442\u0435 \u0441\u0435\u0439\u0447\u0430\u0441 \u0432\u0430\u043a\u0443\u0443\u043c\u043d\u044b\u0439 \u043d\u0430\u0441\u043e\u0441 \u043d\u0430 400 \u043b \u0432 \u043d\u0430\u0448\u0435\u043c \u0438\u043d\u0442\u0435\u0440\u043d\u0435\u0442-\u043c\u0430\u0433\u0430\u0437\u0438\u043d\u0435<\/strong><\/h3>\n<p data-start=\"1245\" data-end=\"1283\">\ud83d\udc49 <a href=\"https:\/\/fda-shop.it\/shop\/gruppo-pompa-mungitore-da-400-litri-con-accumulatore\" target=\"_blank\" rel=\"noopener\">\u0418\u043d\u0442\u0435\u0440\u043d\u0435\u0442-\u043c\u0430\u0433\u0430\u0437\u0438\u043d<\/a><\/p>\n<\/div>\n","protected":false},"excerpt":{"rendered":"<p>\u0412\u0430\u043a\u0443\u0443\u043c\u043d\u044b\u0439 \u043d\u0430\u0441\u043e\u0441 \u043f\u0440\u043e\u0438\u0437\u0432\u043e\u0434\u0438\u0442\u0435\u043b\u044c\u043d\u043e\u0441\u0442\u044c\u044e 400 \u043b\/\u043c\u0438\u043d \u0441 \u0440\u0435\u0437\u0435\u0440\u0432\u0443\u0430\u0440\u043e\u043c \u043d\u0430 18 \u043b\u0438\u0442\u0440\u043e\u0432, \u0438\u0434\u0435\u0430\u043b\u044c\u043d\u043e \u043f\u043e\u0434\u0445\u043e\u0434\u0438\u0442 \u0434\u043b\u044f \u0434\u043e\u0435\u043d\u0438\u044f 4 \u043a\u043e\u0437 \u0438\u043b\u0438 2 \u043a\u043e\u0440\u043e\u0432. \u041e\u0441\u043d\u0430\u0449\u0435\u043d \u044d\u043b\u0435\u043a\u0442\u0440\u043e\u0434\u0432\u0438\u0433\u0430\u0442\u0435\u043b\u0435\u043c 1,1 \u043a\u0412\u0442 \u0438 \u0441\u0443\u0445\u0438\u043c \u043d\u0430\u0441\u043e\u0441\u043e\u043c \u0441 \u0441\u0430\u043c\u043e\u0441\u043c\u0430\u0437\u044b\u0432\u0430\u044e\u0449\u0438\u043c\u0438\u0441\u044f \u0433\u0440\u0430\u0444\u0438\u0442\u043e\u0432\u044b\u043c\u0438 \u043b\u043e\u043f\u0430\u0442\u043a\u0430\u043c\u0438. <\/p>\n","protected":false},"featured_media":470,"comment_status":"open","ping_status":"closed","template":"","meta":{"_et_pb_use_builder":"","_et_pb_old_content":"","_et_gb_content_width":""},"product_brand":[],"product_cat":[494,401],"product_tag":[728],"class_list":{"0":"post-2954","1":"product","2":"type-product","3":"status-publish","4":"has-post-thumbnail","6":"product_cat-494","7":"product_cat-401","8":"product_tag-facm99001","10":"first","11":"instock","12":"shipping-taxable","13":"product-type-simple"},"yoast_head":"<!-- This site is optimized with the Yoast SEO Premium plugin v27.5 (Yoast SEO v27.5) - https:\/\/yoast.com\/product\/yoast-seo-premium-wordpress\/ -->\n<title>\u0412\u0430\u043a\u0443\u0443\u043c\u043d\u0430\u044f \u043d\u0430\u0441\u043e\u0441\u043d\u0430\u044f \u0433\u0440\u0443\u043f\u043f\u0430 \u0434\u043b\u044f \u0434\u043e\u0438\u043b\u044c\u043d\u043e\u0433\u043e \u0430\u043f\u043f\u0430\u0440\u0430\u0442\u0430, \u043f\u0440\u043e\u0441\u0442\u0430\u044f \u0432 \u0443\u0441\u0442\u0430\u043d\u043e\u0432\u043a\u0435 - FDA srl<\/title>\n<meta name=\"description\" content=\"\u041e\u043f\u0442\u0438\u043c\u0438\u0437\u0438\u0440\u0443\u0439\u0442\u0435 \u0441\u0432\u043e\u044e \u0434\u043e\u0438\u043b\u044c\u043d\u0443\u044e \u0443\u0441\u0442\u0430\u043d\u043e\u0432\u043a\u0443 \u0441 \u0432\u0430\u043a\u0443\u0443\u043c\u043d\u043e\u0439 \u043d\u0430\u0441\u043e\u0441\u043d\u043e\u0439 \u0433\u0440\u0443\u043f\u043f\u043e\u0439 \u0434\u043b\u044f \u0434\u043e\u0438\u043b\u044c\u043d\u043e\u0433\u043e \u0430\u043f\u043f\u0430\u0440\u0430\u0442\u0430, \u043a\u043e\u0442\u043e\u0440\u0430\u044f \u043e\u0431\u0435\u0441\u043f\u0435\u0447\u0438\u0432\u0430\u0435\u0442 \u044d\u0444\u0444\u0435\u043a\u0442\u0438\u0432\u043d\u043e\u0441\u0442\u044c \u0438 \u043d\u0438\u0437\u043a\u0438\u0435 \u0437\u0430\u0442\u0440\u0430\u0442\u044b \u043d\u0430 \u043e\u0431\u0441\u043b\u0443\u0436\u0438\u0432\u0430\u043d\u0438\u0435. \u041f\u0440\u0438\u043e\u0431\u0440\u0435\u0442\u0430\u0439\u0442\u0435 \u0441\u0435\u0439\u0447\u0430\u0441!\" \/>\n<meta name=\"robots\" content=\"index, follow, max-snippet:-1, max-image-preview:large, max-video-preview:-1\" \/>\n<link rel=\"canonical\" href=\"https:\/\/fdasrl.it\/ru\/prodotto\/%d0%bd%d0%b0%d1%81%d0%be%d1%81%d0%bd%d0%b0%d1%8f-%d0%b3%d1%80%d1%83%d0%bf%d0%bf%d0%b0-%d0%b4%d0%bb%d1%8f-%d0%b4%d0%be%d0%b8%d0%bb%d1%8c%d0%bd%d0%be%d0%b3%d0%be-%d0%b0%d0%bf%d0%bf%d0%b0%d1%80%d0%b0\/\" \/>\n<meta property=\"og:locale\" content=\"ru_RU\" \/>\n<meta property=\"og:type\" content=\"article\" \/>\n<meta property=\"og:title\" content=\"\u041d\u0410\u0421\u041e\u0421\u041d\u0410\u042f \u0413\u0420\u0423\u041f\u041f\u0410 \u0414\u041b\u042f \u0414\u041e\u0418\u041b\u042c\u041d\u041e\u0413\u041e \u0410\u041f\u041f\u0410\u0420\u0410\u0422\u0410 \u041d\u0410 400 \u041b\u0418\u0422\u0420\u041e\u0412 \u0421 \u0410\u041a\u041a\u0423\u041c\u0423\u041b\u042f\u0422\u041e\u0420\u041e\u041c\" \/>\n<meta property=\"og:description\" content=\"\u041e\u043f\u0442\u0438\u043c\u0438\u0437\u0438\u0440\u0443\u0439\u0442\u0435 \u0441\u0432\u043e\u044e \u0434\u043e\u0438\u043b\u044c\u043d\u0443\u044e \u0443\u0441\u0442\u0430\u043d\u043e\u0432\u043a\u0443 \u0441 \u0432\u0430\u043a\u0443\u0443\u043c\u043d\u043e\u0439 \u043d\u0430\u0441\u043e\u0441\u043d\u043e\u0439 \u0433\u0440\u0443\u043f\u043f\u043e\u0439 \u0434\u043b\u044f \u0434\u043e\u0438\u043b\u044c\u043d\u043e\u0433\u043e \u0430\u043f\u043f\u0430\u0440\u0430\u0442\u0430, \u043a\u043e\u0442\u043e\u0440\u0430\u044f \u043e\u0431\u0435\u0441\u043f\u0435\u0447\u0438\u0432\u0430\u0435\u0442 \u044d\u0444\u0444\u0435\u043a\u0442\u0438\u0432\u043d\u043e\u0441\u0442\u044c \u0438 \u043d\u0438\u0437\u043a\u0438\u0435 \u0437\u0430\u0442\u0440\u0430\u0442\u044b \u043d\u0430 \u043e\u0431\u0441\u043b\u0443\u0436\u0438\u0432\u0430\u043d\u0438\u0435. \u041f\u0440\u0438\u043e\u0431\u0440\u0435\u0442\u0430\u0439\u0442\u0435 \u0441\u0435\u0439\u0447\u0430\u0441!\" \/>\n<meta property=\"og:url\" content=\"https:\/\/fdasrl.it\/ru\/prodotto\/%d0%bd%d0%b0%d1%81%d0%be%d1%81%d0%bd%d0%b0%d1%8f-%d0%b3%d1%80%d1%83%d0%bf%d0%bf%d0%b0-%d0%b4%d0%bb%d1%8f-%d0%b4%d0%be%d0%b8%d0%bb%d1%8c%d0%bd%d0%be%d0%b3%d0%be-%d0%b0%d0%bf%d0%bf%d0%b0%d1%80%d0%b0\/\" \/>\n<meta property=\"og:site_name\" content=\"FDA srl\" \/>\n<meta property=\"article:publisher\" content=\"https:\/\/www.facebook.com\/share\/1MWhFWg1Tp\/?mibextid=LQQJ4d\" \/>\n<meta property=\"og:image\" content=\"https:\/\/fdasrl.it\/wp-content\/uploads\/2025\/01\/FACM99001_1.jpg\" \/>\n\t<meta property=\"og:image:width\" content=\"225\" \/>\n\t<meta property=\"og:image:height\" content=\"300\" \/>\n\t<meta property=\"og:image:type\" content=\"image\/jpeg\" \/>\n<meta name=\"twitter:card\" content=\"summary_large_image\" \/>\n<meta name=\"twitter:label1\" content=\"\u0426\u0435\u043d\u0430\" \/>\n\t<meta name=\"twitter:data1\" content=\"\" \/>\n\t<meta name=\"twitter:label2\" content=\"\u0414\u043e\u0441\u0442\u0443\u043f\u043d\u043e\u0441\u0442\u044c\" \/>\n\t<meta name=\"twitter:data2\" content=\"\u0412 \u043d\u0430\u043b\u0438\u0447\u0438\u0438\" \/>\n<meta property=\"product:price:currency\" content=\"EUR\" \/>\n<meta property=\"og:availability\" content=\"instock\" \/>\n<meta property=\"product:availability\" content=\"instock\" \/>\n<meta property=\"product:retailer_item_id\" content=\"FACM99001\" \/>\n<meta property=\"product:condition\" content=\"new\" \/>\n<!-- \/ Yoast SEO Premium plugin. -->","yoast_head_json":{"title":"\u0412\u0430\u043a\u0443\u0443\u043c\u043d\u0430\u044f \u043d\u0430\u0441\u043e\u0441\u043d\u0430\u044f \u0433\u0440\u0443\u043f\u043f\u0430 \u0434\u043b\u044f \u0434\u043e\u0438\u043b\u044c\u043d\u043e\u0433\u043e \u0430\u043f\u043f\u0430\u0440\u0430\u0442\u0430, \u043f\u0440\u043e\u0441\u0442\u0430\u044f \u0432 \u0443\u0441\u0442\u0430\u043d\u043e\u0432\u043a\u0435 - FDA srl","description":"\u041e\u043f\u0442\u0438\u043c\u0438\u0437\u0438\u0440\u0443\u0439\u0442\u0435 \u0441\u0432\u043e\u044e \u0434\u043e\u0438\u043b\u044c\u043d\u0443\u044e \u0443\u0441\u0442\u0430\u043d\u043e\u0432\u043a\u0443 \u0441 \u0432\u0430\u043a\u0443\u0443\u043c\u043d\u043e\u0439 \u043d\u0430\u0441\u043e\u0441\u043d\u043e\u0439 \u0433\u0440\u0443\u043f\u043f\u043e\u0439 \u0434\u043b\u044f \u0434\u043e\u0438\u043b\u044c\u043d\u043e\u0433\u043e \u0430\u043f\u043f\u0430\u0440\u0430\u0442\u0430, \u043a\u043e\u0442\u043e\u0440\u0430\u044f \u043e\u0431\u0435\u0441\u043f\u0435\u0447\u0438\u0432\u0430\u0435\u0442 \u044d\u0444\u0444\u0435\u043a\u0442\u0438\u0432\u043d\u043e\u0441\u0442\u044c \u0438 \u043d\u0438\u0437\u043a\u0438\u0435 \u0437\u0430\u0442\u0440\u0430\u0442\u044b \u043d\u0430 \u043e\u0431\u0441\u043b\u0443\u0436\u0438\u0432\u0430\u043d\u0438\u0435. \u041f\u0440\u0438\u043e\u0431\u0440\u0435\u0442\u0430\u0439\u0442\u0435 \u0441\u0435\u0439\u0447\u0430\u0441!","robots":{"index":"index","follow":"follow","max-snippet":"max-snippet:-1","max-image-preview":"max-image-preview:large","max-video-preview":"max-video-preview:-1"},"canonical":"https:\/\/fdasrl.it\/ru\/prodotto\/%d0%bd%d0%b0%d1%81%d0%be%d1%81%d0%bd%d0%b0%d1%8f-%d0%b3%d1%80%d1%83%d0%bf%d0%bf%d0%b0-%d0%b4%d0%bb%d1%8f-%d0%b4%d0%be%d0%b8%d0%bb%d1%8c%d0%bd%d0%be%d0%b3%d0%be-%d0%b0%d0%bf%d0%bf%d0%b0%d1%80%d0%b0\/","og_locale":"ru_RU","og_type":"article","og_title":"\u041d\u0410\u0421\u041e\u0421\u041d\u0410\u042f \u0413\u0420\u0423\u041f\u041f\u0410 \u0414\u041b\u042f \u0414\u041e\u0418\u041b\u042c\u041d\u041e\u0413\u041e \u0410\u041f\u041f\u0410\u0420\u0410\u0422\u0410 \u041d\u0410 400 \u041b\u0418\u0422\u0420\u041e\u0412 \u0421 \u0410\u041a\u041a\u0423\u041c\u0423\u041b\u042f\u0422\u041e\u0420\u041e\u041c","og_description":"\u041e\u043f\u0442\u0438\u043c\u0438\u0437\u0438\u0440\u0443\u0439\u0442\u0435 \u0441\u0432\u043e\u044e \u0434\u043e\u0438\u043b\u044c\u043d\u0443\u044e \u0443\u0441\u0442\u0430\u043d\u043e\u0432\u043a\u0443 \u0441 \u0432\u0430\u043a\u0443\u0443\u043c\u043d\u043e\u0439 \u043d\u0430\u0441\u043e\u0441\u043d\u043e\u0439 \u0433\u0440\u0443\u043f\u043f\u043e\u0439 \u0434\u043b\u044f \u0434\u043e\u0438\u043b\u044c\u043d\u043e\u0433\u043e \u0430\u043f\u043f\u0430\u0440\u0430\u0442\u0430, \u043a\u043e\u0442\u043e\u0440\u0430\u044f \u043e\u0431\u0435\u0441\u043f\u0435\u0447\u0438\u0432\u0430\u0435\u0442 \u044d\u0444\u0444\u0435\u043a\u0442\u0438\u0432\u043d\u043e\u0441\u0442\u044c \u0438 \u043d\u0438\u0437\u043a\u0438\u0435 \u0437\u0430\u0442\u0440\u0430\u0442\u044b \u043d\u0430 \u043e\u0431\u0441\u043b\u0443\u0436\u0438\u0432\u0430\u043d\u0438\u0435. \u041f\u0440\u0438\u043e\u0431\u0440\u0435\u0442\u0430\u0439\u0442\u0435 \u0441\u0435\u0439\u0447\u0430\u0441!","og_url":"https:\/\/fdasrl.it\/ru\/prodotto\/%d0%bd%d0%b0%d1%81%d0%be%d1%81%d0%bd%d0%b0%d1%8f-%d0%b3%d1%80%d1%83%d0%bf%d0%bf%d0%b0-%d0%b4%d0%bb%d1%8f-%d0%b4%d0%be%d0%b8%d0%bb%d1%8c%d0%bd%d0%be%d0%b3%d0%be-%d0%b0%d0%bf%d0%bf%d0%b0%d1%80%d0%b0\/","og_site_name":"FDA srl","article_publisher":"https:\/\/www.facebook.com\/share\/1MWhFWg1Tp\/?mibextid=LQQJ4d","og_image":[{"width":225,"height":300,"url":"https:\/\/fdasrl.it\/wp-content\/uploads\/2025\/01\/FACM99001_1.jpg","type":"image\/jpeg"}],"twitter_card":"summary_large_image","twitter_misc":{"\u0426\u0435\u043d\u0430":"","\u0414\u043e\u0441\u0442\u0443\u043f\u043d\u043e\u0441\u0442\u044c":"\u0412 \u043d\u0430\u043b\u0438\u0447\u0438\u0438"},"schema":{"@context":"https:\/\/schema.org","@graph":[{"@type":"WebPage","@id":"https:\/\/fdasrl.it\/ru\/prodotto\/%d0%bd%d0%b0%d1%81%d0%be%d1%81%d0%bd%d0%b0%d1%8f-%d0%b3%d1%80%d1%83%d0%bf%d0%bf%d0%b0-%d0%b4%d0%bb%d1%8f-%d0%b4%d0%be%d0%b8%d0%bb%d1%8c%d0%bd%d0%be%d0%b3%d0%be-%d0%b0%d0%bf%d0%bf%d0%b0%d1%80%d0%b0\/","url":"https:\/\/fdasrl.it\/ru\/prodotto\/%d0%bd%d0%b0%d1%81%d0%be%d1%81%d0%bd%d0%b0%d1%8f-%d0%b3%d1%80%d1%83%d0%bf%d0%bf%d0%b0-%d0%b4%d0%bb%d1%8f-%d0%b4%d0%be%d0%b8%d0%bb%d1%8c%d0%bd%d0%be%d0%b3%d0%be-%d0%b0%d0%bf%d0%bf%d0%b0%d1%80%d0%b0\/","name":"\u0412\u0430\u043a\u0443\u0443\u043c\u043d\u0430\u044f \u043d\u0430\u0441\u043e\u0441\u043d\u0430\u044f \u0433\u0440\u0443\u043f\u043f\u0430 \u0434\u043b\u044f \u0434\u043e\u0438\u043b\u044c\u043d\u043e\u0433\u043e \u0430\u043f\u043f\u0430\u0440\u0430\u0442\u0430, \u043f\u0440\u043e\u0441\u0442\u0430\u044f \u0432 \u0443\u0441\u0442\u0430\u043d\u043e\u0432\u043a\u0435 - FDA srl","isPartOf":{"@id":"https:\/\/fdasrl.it\/ru\/#website"},"primaryImageOfPage":{"@id":"https:\/\/fdasrl.it\/ru\/prodotto\/%d0%bd%d0%b0%d1%81%d0%be%d1%81%d0%bd%d0%b0%d1%8f-%d0%b3%d1%80%d1%83%d0%bf%d0%bf%d0%b0-%d0%b4%d0%bb%d1%8f-%d0%b4%d0%be%d0%b8%d0%bb%d1%8c%d0%bd%d0%be%d0%b3%d0%be-%d0%b0%d0%bf%d0%bf%d0%b0%d1%80%d0%b0\/#primaryimage"},"image":{"@id":"https:\/\/fdasrl.it\/ru\/prodotto\/%d0%bd%d0%b0%d1%81%d0%be%d1%81%d0%bd%d0%b0%d1%8f-%d0%b3%d1%80%d1%83%d0%bf%d0%bf%d0%b0-%d0%b4%d0%bb%d1%8f-%d0%b4%d0%be%d0%b8%d0%bb%d1%8c%d0%bd%d0%be%d0%b3%d0%be-%d0%b0%d0%bf%d0%bf%d0%b0%d1%80%d0%b0\/#primaryimage"},"thumbnailUrl":"https:\/\/fdasrl.it\/wp-content\/uploads\/2025\/01\/FACM99001_1.jpg","datePublished":"2025-01-21T12:06:43+00:00","description":"\u041e\u043f\u0442\u0438\u043c\u0438\u0437\u0438\u0440\u0443\u0439\u0442\u0435 \u0441\u0432\u043e\u044e \u0434\u043e\u0438\u043b\u044c\u043d\u0443\u044e \u0443\u0441\u0442\u0430\u043d\u043e\u0432\u043a\u0443 \u0441 \u0432\u0430\u043a\u0443\u0443\u043c\u043d\u043e\u0439 \u043d\u0430\u0441\u043e\u0441\u043d\u043e\u0439 \u0433\u0440\u0443\u043f\u043f\u043e\u0439 \u0434\u043b\u044f \u0434\u043e\u0438\u043b\u044c\u043d\u043e\u0433\u043e \u0430\u043f\u043f\u0430\u0440\u0430\u0442\u0430, \u043a\u043e\u0442\u043e\u0440\u0430\u044f \u043e\u0431\u0435\u0441\u043f\u0435\u0447\u0438\u0432\u0430\u0435\u0442 \u044d\u0444\u0444\u0435\u043a\u0442\u0438\u0432\u043d\u043e\u0441\u0442\u044c \u0438 \u043d\u0438\u0437\u043a\u0438\u0435 \u0437\u0430\u0442\u0440\u0430\u0442\u044b \u043d\u0430 \u043e\u0431\u0441\u043b\u0443\u0436\u0438\u0432\u0430\u043d\u0438\u0435. \u041f\u0440\u0438\u043e\u0431\u0440\u0435\u0442\u0430\u0439\u0442\u0435 \u0441\u0435\u0439\u0447\u0430\u0441!","breadcrumb":{"@id":"https:\/\/fdasrl.it\/ru\/prodotto\/%d0%bd%d0%b0%d1%81%d0%be%d1%81%d0%bd%d0%b0%d1%8f-%d0%b3%d1%80%d1%83%d0%bf%d0%bf%d0%b0-%d0%b4%d0%bb%d1%8f-%d0%b4%d0%be%d0%b8%d0%bb%d1%8c%d0%bd%d0%be%d0%b3%d0%be-%d0%b0%d0%bf%d0%bf%d0%b0%d1%80%d0%b0\/#breadcrumb"},"inLanguage":"ru-RU","potentialAction":[{"@type":"ReadAction","target":["https:\/\/fdasrl.it\/ru\/prodotto\/%d0%bd%d0%b0%d1%81%d0%be%d1%81%d0%bd%d0%b0%d1%8f-%d0%b3%d1%80%d1%83%d0%bf%d0%bf%d0%b0-%d0%b4%d0%bb%d1%8f-%d0%b4%d0%be%d0%b8%d0%bb%d1%8c%d0%bd%d0%be%d0%b3%d0%be-%d0%b0%d0%bf%d0%bf%d0%b0%d1%80%d0%b0\/"]}]},{"@type":"ImageObject","inLanguage":"ru-RU","@id":"https:\/\/fdasrl.it\/ru\/prodotto\/%d0%bd%d0%b0%d1%81%d0%be%d1%81%d0%bd%d0%b0%d1%8f-%d0%b3%d1%80%d1%83%d0%bf%d0%bf%d0%b0-%d0%b4%d0%bb%d1%8f-%d0%b4%d0%be%d0%b8%d0%bb%d1%8c%d0%bd%d0%be%d0%b3%d0%be-%d0%b0%d0%bf%d0%bf%d0%b0%d1%80%d0%b0\/#primaryimage","url":"https:\/\/fdasrl.it\/wp-content\/uploads\/2025\/01\/FACM99001_1.jpg","contentUrl":"https:\/\/fdasrl.it\/wp-content\/uploads\/2025\/01\/FACM99001_1.jpg","width":225,"height":300,"caption":"Pompa del vuoto 400 litri per mungitura con serbatoio di compensazione da 18 litri"},{"@type":"BreadcrumbList","@id":"https:\/\/fdasrl.it\/ru\/prodotto\/%d0%bd%d0%b0%d1%81%d0%be%d1%81%d0%bd%d0%b0%d1%8f-%d0%b3%d1%80%d1%83%d0%bf%d0%bf%d0%b0-%d0%b4%d0%bb%d1%8f-%d0%b4%d0%be%d0%b8%d0%bb%d1%8c%d0%bd%d0%be%d0%b3%d0%be-%d0%b0%d0%bf%d0%bf%d0%b0%d1%80%d0%b0\/#breadcrumb","itemListElement":[{"@type":"ListItem","position":1,"name":"Home","item":"https:\/\/fdasrl.it\/ru\/%d0%b3%d0%bb%d0%b0%d0%b2%d0%bd%d0%b0%d1%8f\/"},{"@type":"ListItem","position":2,"name":"\u041c\u0430\u0433\u0430\u0437\u0438\u043d","item":"https:\/\/fdasrl.it\/ru\/%d0%bc%d0%b0%d0%b3%d0%b0%d0%b7%d0%b8%d0%bd\/"},{"@type":"ListItem","position":3,"name":"\u041d\u0410\u0421\u041e\u0421\u041d\u0410\u042f \u0413\u0420\u0423\u041f\u041f\u0410 \u0414\u041b\u042f \u0414\u041e\u0418\u041b\u042c\u041d\u041e\u0413\u041e \u0410\u041f\u041f\u0410\u0420\u0410\u0422\u0410 \u041d\u0410 400 \u041b\u0418\u0422\u0420\u041e\u0412 \u0421 \u0410\u041a\u041a\u0423\u041c\u0423\u041b\u042f\u0422\u041e\u0420\u041e\u041c"}]},{"@type":"WebSite","@id":"https:\/\/fdasrl.it\/ru\/#website","url":"https:\/\/fdasrl.it\/ru\/","name":"FDA srl","description":"Equipment for animal husbandry","publisher":{"@id":"https:\/\/fdasrl.it\/ru\/#organization"},"potentialAction":[{"@type":"SearchAction","target":{"@type":"EntryPoint","urlTemplate":"https:\/\/fdasrl.it\/ru\/?s={search_term_string}"},"query-input":{"@type":"PropertyValueSpecification","valueRequired":true,"valueName":"search_term_string"}}],"inLanguage":"ru-RU"},{"@type":"Organization","@id":"https:\/\/fdasrl.it\/ru\/#organization","name":"FDA srl","url":"https:\/\/fdasrl.it\/ru\/","logo":{"@type":"ImageObject","inLanguage":"ru-RU","@id":"https:\/\/fdasrl.it\/ru\/#\/schema\/logo\/image\/","url":"https:\/\/fdasrl.it\/wp-content\/uploads\/2024\/12\/Logo-FDA.png","contentUrl":"https:\/\/fdasrl.it\/wp-content\/uploads\/2024\/12\/Logo-FDA.png","width":316,"height":119,"caption":"FDA srl"},"image":{"@id":"https:\/\/fdasrl.it\/ru\/#\/schema\/logo\/image\/"},"sameAs":["https:\/\/www.facebook.com\/share\/1MWhFWg1Tp\/?mibextid=LQQJ4d","https:\/\/www.instagram.com\/fda_srl\/profilecard\/?igsh=YW5lbzJ6MWg0d21u","https:\/\/www.youtube.com\/@FDASRL_ANIMALCARE"],"description":"FDA SRL \u2013 Equipment for animal husbandry nasce con l\u2019obiettivo di offrire soluzioni affidabili e innovative per l\u2019allevamento moderno. Con anni di esperienza nel settore zootecnico, progettiamo e realizziamo attrezzature destinate al benessere animale e alla gestione efficiente delle stalle: vasche, abbeveratoi, mangiatoie e sistemi di riscaldamento pensati per durare nel tempo e semplificare il lavoro quotidiano degli allevatori. Dalla progettazione alla produzione, ogni nostro prodotto \u00e8 studiato nei minimi dettagli, testato con cura e costruito per rispondere alle esigenze reali del settore. La nostra forza \u00e8 unire artigianalit\u00e0, tecnologia e competenza tecnica per trasformare ogni progetto in una soluzione concreta e funzionale. Oggi FDA SRL \u00e8 un punto di riferimento per privati e rivenditori che cercano qualit\u00e0, affidabilit\u00e0 e innovazione nelle attrezzature per l\u2019allevamento.","email":"info@fdasrl.it","telephone":"+390522826820","legalName":"F.D.A. SRL","foundingDate":"2024-10-13","vatID":"03075840359","taxID":"03075840359","numberOfEmployees":{"@type":"QuantitativeValue","minValue":"1","maxValue":"10"}}]},"product_price_currency":"EUR","og_availability":"instock","product_availability":"instock","product_retailer_item_id":"FACM99001","product_condition":"new"},"_links":{"self":[{"href":"https:\/\/fdasrl.it\/ru\/wp-json\/wp\/v2\/product\/2954","targetHints":{"allow":["GET"]}}],"collection":[{"href":"https:\/\/fdasrl.it\/ru\/wp-json\/wp\/v2\/product"}],"about":[{"href":"https:\/\/fdasrl.it\/ru\/wp-json\/wp\/v2\/types\/product"}],"replies":[{"embeddable":true,"href":"https:\/\/fdasrl.it\/ru\/wp-json\/wp\/v2\/comments?post=2954"}],"wp:featuredmedia":[{"embeddable":true,"href":"https:\/\/fdasrl.it\/ru\/wp-json\/wp\/v2\/media\/470"}],"wp:attachment":[{"href":"https:\/\/fdasrl.it\/ru\/wp-json\/wp\/v2\/media?parent=2954"}],"wp:term":[{"taxonomy":"product_brand","embeddable":true,"href":"https:\/\/fdasrl.it\/ru\/wp-json\/wp\/v2\/product_brand?post=2954"},{"taxonomy":"product_cat","embeddable":true,"href":"https:\/\/fdasrl.it\/ru\/wp-json\/wp\/v2\/product_cat?post=2954"},{"taxonomy":"product_tag","embeddable":true,"href":"https:\/\/fdasrl.it\/ru\/wp-json\/wp\/v2\/product_tag?post=2954"}],"curies":[{"name":"wp","href":"https:\/\/api.w.org\/{rel}","templated":true}]}}