{"id":3303,"date":"2025-01-21T13:28:10","date_gmt":"2025-01-21T12:28:10","guid":{"rendered":"https:\/\/fdasrl.it\/prodotto\/%d0%ba%d0%be%d0%bb%d0%bb%d0%b5%d0%ba%d1%82%d0%be%d1%80-%d0%b4%d0%bb%d1%8f-%d0%ba%d0%be%d0%b7-%d0%b8-%d0%be%d0%b2%d0%b5%d1%86\/"},"modified":"2025-01-21T13:28:10","modified_gmt":"2025-01-21T12:28:10","slug":"%d0%ba%d0%be%d0%bb%d0%bb%d0%b5%d0%ba%d1%82%d0%be%d1%80-%d0%b4%d0%bb%d1%8f-%d0%ba%d0%be%d0%b7-%d0%b8-%d0%be%d0%b2%d0%b5%d1%86","status":"publish","type":"product","link":"https:\/\/fdasrl.it\/ru\/prodotto\/%d0%ba%d0%be%d0%bb%d0%bb%d0%b5%d0%ba%d1%82%d0%be%d1%80-%d0%b4%d0%bb%d1%8f-%d0%ba%d0%be%d0%b7-%d0%b8-%d0%be%d0%b2%d0%b5%d1%86\/","title":{"rendered":"\u041a\u043e\u043b\u043b\u0435\u043a\u0442\u043e\u0440 \u0434\u043b\u044f \u043a\u043e\u0437 \u0438 \u043e\u0432\u0435\u0446"},"content":{"rendered":"<h3>\u041a\u043e\u043b\u043b\u0435\u043a\u0442\u043e\u0440 \u0434\u043b\u044f \u043a\u043e\u0437 \u0438 \u043e\u0432\u0435\u0446 13300 \u0434\u043b\u044f \u0434\u043e\u0438\u043b\u044c\u043d\u043e\u0433\u043e \u0430\u043f\u043f\u0430\u0440\u0430\u0442\u0430.<\/h3>\n<p class=\"\" data-start=\"393\" data-end=\"612\">\u0418\u0437\u0433\u043e\u0442\u043e\u0432\u043b\u0435\u043d\u043d\u044b\u0439 \u0438\u0437 <strong data-start=\"407\" data-end=\"447\">\u0432\u044b\u0441\u043e\u043a\u043e\u043a\u0430\u0447\u0435\u0441\u0442\u0432\u0435\u043d\u043d\u043e\u0433\u043e \u043f\u0438\u0449\u0435\u0432\u043e\u0433\u043e \u043c\u0430\u0442\u0435\u0440\u0438\u0430\u043b\u0430<\/strong>, <strong data-start=\"449\" data-end=\"461\">\u043d\u0435\u0442\u043e\u043a\u0441\u0438\u0447\u043d\u044b\u0439<\/strong> \u0438 <strong data-start=\"464\" data-end=\"488\">\u0438\u0437\u043d\u043e\u0441\u043e\u0441\u0442\u043e\u0439\u043a\u0438\u0439<\/strong>, \u044d\u0442\u043e\u0442 \u0430\u043a\u0441\u0435\u0441\u0441\u0443\u0430\u0440 \u0434\u043b\u044f \u0434\u043e\u0438\u043b\u044c\u043d\u043e\u0433\u043e \u0430\u043f\u043f\u0430\u0440\u0430\u0442\u0430 \u0440\u0430\u0437\u0440\u0430\u0431\u043e\u0442\u0430\u043d \u0434\u043b\u044f \u043e\u0431\u0435\u0441\u043f\u0435\u0447\u0435\u043d\u0438\u044f <strong data-start=\"550\" data-end=\"580\">\u043c\u0430\u043a\u0441\u0438\u043c\u0430\u043b\u044c\u043d\u043e\u0439 \u0433\u0438\u0433\u0438\u0435\u043d\u0438\u0447\u0435\u0441\u043a\u043e\u0439 \u0431\u0435\u0437\u043e\u043f\u0430\u0441\u043d\u043e\u0441\u0442\u0438<\/strong> \u0438 <strong data-start=\"583\" data-end=\"609\">\u0434\u043b\u0438\u0442\u0435\u043b\u044c\u043d\u043e\u0433\u043e \u0441\u0440\u043e\u043a\u0430 \u0441\u043b\u0443\u0436\u0431\u044b<\/strong>.<\/p>\n<p class=\"\" data-start=\"393\" data-end=\"612\">\u0421\u043e\u0432\u043c\u0435\u0441\u0442\u0438\u043c\u044b\u0439 \u0441\u043e <strong data-start=\"630\" data-end=\"681\">\u0432\u0441\u0435\u043c\u0438 \u0434\u043e\u0438\u043b\u044c\u043d\u044b\u043c\u0438 \u0443\u0437\u043b\u0430\u043c\u0438 \u0434\u043b\u044f \u043e\u0432\u0435\u0446 \u0438 \u043a\u043e\u0437<\/strong>, \u043e\u043d \u0438\u0434\u0435\u0430\u043b\u044c\u043d\u043e \u043f\u043e\u0434\u0445\u043e\u0434\u0438\u0442 \u0434\u043b\u044f \u0438\u0441\u043f\u043e\u043b\u044c\u0437\u043e\u0432\u0430\u043d\u0438\u044f \u0432 <strong data-start=\"705\" data-end=\"737\">\u043f\u0435\u0440\u0435\u0434\u0432\u0438\u0436\u043d\u044b\u0445 \u0434\u043e\u0438\u043b\u044c\u043d\u044b\u0445 \u0443\u0441\u0442\u0430\u043d\u043e\u0432\u043a\u0430\u0445<\/strong> \u0438 <strong data-start=\"743\" data-end=\"761\">\u0441\u0442\u0430\u0446\u0438\u043e\u043d\u0430\u0440\u043d\u044b\u0445 \u0441\u0438\u0441\u0442\u0435\u043c\u0430\u0445<\/strong>, \u043e\u0431\u0435\u0441\u043f\u0435\u0447\u0438\u0432\u0430\u044f <strong data-start=\"775\" data-end=\"800\">\u0443\u043d\u0438\u0432\u0435\u0440\u0441\u0430\u043b\u044c\u043d\u043e\u0441\u0442\u044c \u044d\u043a\u0441\u043f\u043b\u0443\u0430\u0442\u0430\u0446\u0438\u0438<\/strong> \u0432 \u043b\u044e\u0431\u043e\u043c \u0442\u0438\u043f\u0435 \u0445\u043e\u0437\u044f\u0439\u0441\u0442\u0432\u0430.<\/p>\n<p class=\"\" data-start=\"831\" data-end=\"993\">\u0421\u043f\u0435\u0446\u0438\u0430\u043b\u044c\u043d\u043e \u0440\u0430\u0437\u0440\u0430\u0431\u043e\u0442\u0430\u043d\u043d\u044b\u0439 \u0434\u043b\u044f <strong data-start=\"863\" data-end=\"903\">\u0441\u0431\u043e\u0440\u0430 \u043c\u043e\u043b\u043e\u043a\u0430 \u043e\u0432\u0435\u0446 \u0438 \u043a\u043e\u0437<\/strong>, \u043e\u043d \u044f\u0432\u043b\u044f\u0435\u0442\u0441\u044f <strong data-start=\"920\" data-end=\"943\">\u043d\u0435\u043e\u0431\u0445\u043e\u0434\u0438\u043c\u043e\u0439 \u0437\u0430\u043f\u0447\u0430\u0441\u0442\u044c\u044e<\/strong> \u0434\u043b\u044f \u043f\u0440\u0430\u0432\u0438\u043b\u044c\u043d\u043e\u0439 \u0440\u0430\u0431\u043e\u0442\u044b \u0434\u043e\u0438\u043b\u044c\u043d\u043e\u0433\u043e \u0430\u043f\u043f\u0430\u0440\u0430\u0442\u0430.<\/p>\n<p class=\"\" data-start=\"995\" data-end=\"1156\">\u0415\u0433\u043e <strong data-start=\"1002\" data-end=\"1022\">\u0438\u043d\u0442\u0443\u0438\u0442\u0438\u0432\u043d\u043e \u043f\u043e\u043d\u044f\u0442\u043d\u044b\u0439<\/strong> \u0438 \u0444\u0443\u043d\u043a\u0446\u0438\u043e\u043d\u0430\u043b\u044c\u043d\u044b\u0439 \u0434\u0438\u0437\u0430\u0439\u043d \u043e\u0431\u0435\u0441\u043f\u0435\u0447\u0438\u0432\u0430\u0435\u0442 <strong data-start=\"1048\" data-end=\"1068\">\u043f\u0440\u0430\u043a\u0442\u0438\u0447\u043d\u043e\u0441\u0442\u044c \u0432 \u0438\u0441\u043f\u043e\u043b\u044c\u0437\u043e\u0432\u0430\u043d\u0438\u0438<\/strong>, \u043e\u0431\u043b\u0435\u0433\u0447\u0430\u044f \u0435\u0436\u0435\u0434\u043d\u0435\u0432\u043d\u043e\u0435 \u0434\u043e\u0435\u043d\u0438\u0435 \u0438 \u0441\u043e\u043a\u0440\u0430\u0449\u0430\u044f \u0432\u0440\u0435\u043c\u044f \u043d\u0430 \u043e\u0431\u0441\u043b\u0443\u0436\u0438\u0432\u0430\u043d\u0438\u0435.<\/p>\n<hr class=\"\" data-start=\"1158\" data-end=\"1161\">\n<h4 class=\"\" data-start=\"1163\" data-end=\"1195\">\u041e\u0441\u043d\u043e\u0432\u043d\u044b\u0435 \u0445\u0430\u0440\u0430\u043a\u0442\u0435\u0440\u0438\u0441\u0442\u0438\u043a\u0438:<\/h4>\n<ul data-start=\"1196\" data-end=\"1412\">\n<li class=\"\" data-start=\"1196\" data-end=\"1238\">\n<p class=\"\" data-start=\"1198\" data-end=\"1238\">\u0421\u0435\u0440\u0442\u0438\u0444\u0438\u0446\u0438\u0440\u043e\u0432\u0430\u043d\u043d\u044b\u0439 \u043f\u0438\u0449\u0435\u0432\u043e\u0439 \u043c\u0430\u0442\u0435\u0440\u0438\u0430\u043b<\/p>\n<\/li>\n<li class=\"\" data-start=\"1239\" data-end=\"1297\">\n<p class=\"\" data-start=\"1241\" data-end=\"1297\">\u0423\u043d\u0438\u0432\u0435\u0440\u0441\u0430\u043b\u044c\u043d\u0430\u044f \u0441\u043e\u0432\u043c\u0435\u0441\u0442\u0438\u043c\u043e\u0441\u0442\u044c \u0441 \u0434\u043e\u0438\u043b\u044c\u043d\u044b\u043c\u0438 \u0443\u0437\u043b\u0430\u043c\u0438 \u0434\u043b\u044f \u043e\u0432\u0435\u0446 \u0438 \u043a\u043e\u0437<\/p>\n<\/li>\n<li class=\"\" data-start=\"1298\" data-end=\"1343\">\n<p class=\"\" data-start=\"1300\" data-end=\"1343\">\u041f\u043e\u0434\u0445\u043e\u0434\u0438\u0442 \u0434\u043b\u044f \u0441\u0442\u0430\u0446\u0438\u043e\u043d\u0430\u0440\u043d\u044b\u0445 \u0441\u0438\u0441\u0442\u0435\u043c \u0438 \u043f\u0435\u0440\u0435\u0434\u0432\u0438\u0436\u043d\u044b\u0445 \u0443\u0441\u0442\u0430\u043d\u043e\u0432\u043e\u043a<\/p>\n<\/li>\n<li class=\"\" data-start=\"1344\" data-end=\"1376\">\n<p class=\"\" data-start=\"1346\" data-end=\"1376\">\u0412\u044b\u0441\u043e\u043a\u0430\u044f \u043f\u0440\u043e\u0447\u043d\u043e\u0441\u0442\u044c \u0438 \u0434\u043e\u043b\u0433\u043e\u0432\u0435\u0447\u043d\u043e\u0441\u0442\u044c<\/p>\n<\/li>\n<li class=\"\" data-start=\"1377\" data-end=\"1412\">\n<p class=\"\" data-start=\"1379\" data-end=\"1412\">\u041f\u0440\u043e\u0441\u0442\u043e\u0442\u0430 \u0443\u0441\u0442\u0430\u043d\u043e\u0432\u043a\u0438 \u0438 \u0438\u0441\u043f\u043e\u043b\u044c\u0437\u043e\u0432\u0430\u043d\u0438\u044f<\/p>\n<\/li>\n<\/ul>\n<p>\u041a\u0443\u043f\u0438\u0442\u0435 \u0435\u0433\u043e \u0432 \u043d\u0430\u0448\u0435\u043c <a href=\"https:\/\/fda-shop.it\/shop\/mungitura\/collettore-per-capre-o-pecore\" target=\"_blank\" rel=\"noopener\">\u0438\u043d\u0442\u0435\u0440\u043d\u0435\u0442-\u043c\u0430\u0433\u0430\u0437\u0438\u043d\u0435<\/a><\/p>\n","protected":false},"excerpt":{"rendered":"<p>\u041a\u043e\u043b\u043b\u0435\u043a\u0442\u043e\u0440 \u0434\u043b\u044f \u043a\u043e\u0437\/\u043e\u0432\u0435\u0446 \u0441\u043e\u0432\u043c\u0435\u0441\u0442\u0438\u043c \u0441\u043e \u0432\u0441\u0435\u043c\u0438 \u0434\u043e\u0438\u043b\u044c\u043d\u044b\u043c\u0438 \u0443\u0437\u043b\u0430\u043c\u0438 \u0434\u043b\u044f \u043e\u0432\u0435\u0446 \u0438 \u043a\u043e\u0437, \u0438\u0434\u0435\u0430\u043b\u044c\u043d\u043e \u043f\u043e\u0434\u0445\u043e\u0434\u0438\u0442 \u0434\u043b\u044f \u0438\u0441\u043f\u043e\u043b\u044c\u0437\u043e\u0432\u0430\u043d\u0438\u044f \u043a\u0430\u043a \u0432 \u043f\u0435\u0440\u0435\u0434\u0432\u0438\u0436\u043d\u044b\u0445 \u0441\u0438\u0441\u0442\u0435\u043c\u0430\u0445 (\u0434\u043e\u0438\u043b\u044c\u043d\u044b\u0445 \u0442\u0435\u043b\u0435\u0436\u043a\u0430\u0445), \u0442\u0430\u043a \u0438 \u0432 \u0441\u0442\u0430\u0446\u0438\u043e\u043d\u0430\u0440\u043d\u044b\u0445 \u0443\u0441\u0442\u0430\u043d\u043e\u0432\u043a\u0430\u0445.<br data-start=\"458\" data-end=\"461\">\u0421\u043f\u0435\u0446\u0438\u0430\u043b\u044c\u043d\u043e \u0440\u0430\u0437\u0440\u0430\u0431\u043e\u0442\u0430\u043d\u043d\u044b\u0439 \u0434\u043b\u044f \u0441\u0431\u043e\u0440\u0430 \u043c\u043e\u043b\u043e\u043a\u0430, \u043e\u043d \u044f\u0432\u043b\u044f\u0435\u0442\u0441\u044f \u043d\u0435\u0437\u0430\u043c\u0435\u043d\u0438\u043c\u044b\u043c \u0430\u043a\u0441\u0435\u0441\u0441\u0443\u0430\u0440\u043e\u043c \u0434\u043b\u044f \u0434\u043e\u0438\u043b\u044c\u043d\u044b\u0445 \u0430\u043f\u043f\u0430\u0440\u0430\u0442\u043e\u0432, \u043f\u0440\u0435\u0434\u043d\u0430\u0437\u043d\u0430\u0447\u0435\u043d\u043d\u044b\u0445 \u0434\u043b\u044f \u043c\u0435\u043b\u043a\u043e\u0433\u043e \u0440\u043e\u0433\u0430\u0442\u043e\u0433\u043e \u0441\u043a\u043e\u0442\u0430.<\/p>\n","protected":false},"featured_media":630,"comment_status":"open","ping_status":"closed","template":"","meta":{"_et_pb_use_builder":"","_et_pb_old_content":"","_et_gb_content_width":""},"product_brand":[],"product_cat":[494],"product_tag":[824],"class_list":{"0":"post-3303","1":"product","2":"type-product","3":"status-publish","4":"has-post-thumbnail","6":"product_cat-494","7":"product_tag-824","9":"first","10":"instock","11":"shipping-taxable","12":"product-type-simple"},"yoast_head":"<!-- This site is optimized with the Yoast SEO Premium plugin v27.5 (Yoast SEO v27.6) - https:\/\/yoast.com\/product\/yoast-seo-premium-wordpress\/ -->\n<title>\u041a\u043e\u043b\u043b\u0435\u043a\u0442\u043e\u0440 \u0434\u043b\u044f \u043a\u043e\u0437 \u0438 \u043e\u0432\u0435\u0446, \u0434\u043e\u0438\u043b\u044c\u043d\u044b\u0439 \u0443\u0437\u0435\u043b \u2014 \u0432\u044b\u0441\u043e\u043a\u043e\u0435 \u043a\u0430\u0447\u0435\u0441\u0442\u0432\u043e - FDA srl<\/title>\n<meta name=\"description\" content=\"\u0421\u043e\u0431\u0438\u0440\u0430\u0439\u0442\u0435 \u043c\u043e\u043b\u043e\u043a\u043e \u043f\u0440\u043e\u0441\u0442\u043e \u0438 \u0443\u0434\u043e\u0431\u043d\u043e \u0441 \u043f\u043e\u043c\u043e\u0449\u044c\u044e \u043a\u043e\u043b\u043b\u0435\u043a\u0442\u043e\u0440\u0430 \u0434\u043b\u044f \u043a\u043e\u0437 \u0438 \u043e\u0432\u0435\u0446. \u0418\u0437\u0433\u043e\u0442\u043e\u0432\u043b\u0435\u043d \u0438\u0437 \u0432\u044b\u0441\u043e\u043a\u043e\u043a\u0430\u0447\u0435\u0441\u0442\u0432\u0435\u043d\u043d\u043e\u0433\u043e \u0438 \u0434\u043e\u043b\u0433\u043e\u0432\u0435\u0447\u043d\u043e\u0433\u043e \u043c\u0430\u0442\u0435\u0440\u0438\u0430\u043b\u0430!\" \/>\n<meta name=\"robots\" content=\"index, follow, max-snippet:-1, max-image-preview:large, max-video-preview:-1\" \/>\n<link rel=\"canonical\" href=\"https:\/\/fdasrl.it\/ru\/prodotto\/%d0%ba%d0%be%d0%bb%d0%bb%d0%b5%d0%ba%d1%82%d0%be%d1%80-%d0%b4%d0%bb%d1%8f-%d0%ba%d0%be%d0%b7-%d0%b8-%d0%be%d0%b2%d0%b5%d1%86\/\" \/>\n<meta property=\"og:locale\" content=\"ru_RU\" \/>\n<meta property=\"og:type\" content=\"article\" \/>\n<meta property=\"og:title\" content=\"\u041a\u043e\u043b\u043b\u0435\u043a\u0442\u043e\u0440 \u0434\u043b\u044f \u043a\u043e\u0437 \u0438 \u043e\u0432\u0435\u0446\" \/>\n<meta property=\"og:description\" content=\"\u0421\u043e\u0431\u0438\u0440\u0430\u0439\u0442\u0435 \u043c\u043e\u043b\u043e\u043a\u043e \u043f\u0440\u043e\u0441\u0442\u043e \u0438 \u0443\u0434\u043e\u0431\u043d\u043e \u0441 \u043f\u043e\u043c\u043e\u0449\u044c\u044e \u043a\u043e\u043b\u043b\u0435\u043a\u0442\u043e\u0440\u0430 \u0434\u043b\u044f \u043a\u043e\u0437 \u0438 \u043e\u0432\u0435\u0446. \u0418\u0437\u0433\u043e\u0442\u043e\u0432\u043b\u0435\u043d \u0438\u0437 \u0432\u044b\u0441\u043e\u043a\u043e\u043a\u0430\u0447\u0435\u0441\u0442\u0432\u0435\u043d\u043d\u043e\u0433\u043e \u0438 \u0434\u043e\u043b\u0433\u043e\u0432\u0435\u0447\u043d\u043e\u0433\u043e \u043c\u0430\u0442\u0435\u0440\u0438\u0430\u043b\u0430!\" \/>\n<meta property=\"og:url\" content=\"https:\/\/fdasrl.it\/ru\/prodotto\/%d0%ba%d0%be%d0%bb%d0%bb%d0%b5%d0%ba%d1%82%d0%be%d1%80-%d0%b4%d0%bb%d1%8f-%d0%ba%d0%be%d0%b7-%d0%b8-%d0%be%d0%b2%d0%b5%d1%86\/\" \/>\n<meta property=\"og:site_name\" content=\"FDA srl\" \/>\n<meta property=\"article:publisher\" content=\"https:\/\/www.facebook.com\/share\/1MWhFWg1Tp\/?mibextid=LQQJ4d\" \/>\n<meta property=\"og:image\" content=\"https:\/\/fdasrl.it\/wp-content\/uploads\/2025\/01\/Collettore-capre-pecore-mungitura-FDA.png\" \/>\n\t<meta property=\"og:image:width\" content=\"1001\" \/>\n\t<meta property=\"og:image:height\" content=\"900\" \/>\n\t<meta property=\"og:image:type\" content=\"image\/png\" \/>\n<meta name=\"twitter:card\" content=\"summary_large_image\" \/>\n<meta name=\"twitter:label1\" content=\"\u0426\u0435\u043d\u0430\" \/>\n\t<meta name=\"twitter:data1\" content=\"\" \/>\n\t<meta name=\"twitter:label2\" content=\"\u0414\u043e\u0441\u0442\u0443\u043f\u043d\u043e\u0441\u0442\u044c\" \/>\n\t<meta name=\"twitter:data2\" content=\"\u0412 \u043d\u0430\u043b\u0438\u0447\u0438\u0438\" \/>\n<meta property=\"product:price:currency\" content=\"EUR\" \/>\n<meta property=\"og:availability\" content=\"instock\" \/>\n<meta property=\"product:availability\" content=\"instock\" \/>\n<meta property=\"product:retailer_item_id\" content=\"13300\" \/>\n<meta property=\"product:condition\" content=\"new\" \/>\n<!-- \/ Yoast SEO Premium plugin. -->","yoast_head_json":{"title":"\u041a\u043e\u043b\u043b\u0435\u043a\u0442\u043e\u0440 \u0434\u043b\u044f \u043a\u043e\u0437 \u0438 \u043e\u0432\u0435\u0446, \u0434\u043e\u0438\u043b\u044c\u043d\u044b\u0439 \u0443\u0437\u0435\u043b \u2014 \u0432\u044b\u0441\u043e\u043a\u043e\u0435 \u043a\u0430\u0447\u0435\u0441\u0442\u0432\u043e - FDA srl","description":"\u0421\u043e\u0431\u0438\u0440\u0430\u0439\u0442\u0435 \u043c\u043e\u043b\u043e\u043a\u043e \u043f\u0440\u043e\u0441\u0442\u043e \u0438 \u0443\u0434\u043e\u0431\u043d\u043e \u0441 \u043f\u043e\u043c\u043e\u0449\u044c\u044e \u043a\u043e\u043b\u043b\u0435\u043a\u0442\u043e\u0440\u0430 \u0434\u043b\u044f \u043a\u043e\u0437 \u0438 \u043e\u0432\u0435\u0446. \u0418\u0437\u0433\u043e\u0442\u043e\u0432\u043b\u0435\u043d \u0438\u0437 \u0432\u044b\u0441\u043e\u043a\u043e\u043a\u0430\u0447\u0435\u0441\u0442\u0432\u0435\u043d\u043d\u043e\u0433\u043e \u0438 \u0434\u043e\u043b\u0433\u043e\u0432\u0435\u0447\u043d\u043e\u0433\u043e \u043c\u0430\u0442\u0435\u0440\u0438\u0430\u043b\u0430!","robots":{"index":"index","follow":"follow","max-snippet":"max-snippet:-1","max-image-preview":"max-image-preview:large","max-video-preview":"max-video-preview:-1"},"canonical":"https:\/\/fdasrl.it\/ru\/prodotto\/%d0%ba%d0%be%d0%bb%d0%bb%d0%b5%d0%ba%d1%82%d0%be%d1%80-%d0%b4%d0%bb%d1%8f-%d0%ba%d0%be%d0%b7-%d0%b8-%d0%be%d0%b2%d0%b5%d1%86\/","og_locale":"ru_RU","og_type":"article","og_title":"\u041a\u043e\u043b\u043b\u0435\u043a\u0442\u043e\u0440 \u0434\u043b\u044f \u043a\u043e\u0437 \u0438 \u043e\u0432\u0435\u0446","og_description":"\u0421\u043e\u0431\u0438\u0440\u0430\u0439\u0442\u0435 \u043c\u043e\u043b\u043e\u043a\u043e \u043f\u0440\u043e\u0441\u0442\u043e \u0438 \u0443\u0434\u043e\u0431\u043d\u043e \u0441 \u043f\u043e\u043c\u043e\u0449\u044c\u044e \u043a\u043e\u043b\u043b\u0435\u043a\u0442\u043e\u0440\u0430 \u0434\u043b\u044f \u043a\u043e\u0437 \u0438 \u043e\u0432\u0435\u0446. \u0418\u0437\u0433\u043e\u0442\u043e\u0432\u043b\u0435\u043d \u0438\u0437 \u0432\u044b\u0441\u043e\u043a\u043e\u043a\u0430\u0447\u0435\u0441\u0442\u0432\u0435\u043d\u043d\u043e\u0433\u043e \u0438 \u0434\u043e\u043b\u0433\u043e\u0432\u0435\u0447\u043d\u043e\u0433\u043e \u043c\u0430\u0442\u0435\u0440\u0438\u0430\u043b\u0430!","og_url":"https:\/\/fdasrl.it\/ru\/prodotto\/%d0%ba%d0%be%d0%bb%d0%bb%d0%b5%d0%ba%d1%82%d0%be%d1%80-%d0%b4%d0%bb%d1%8f-%d0%ba%d0%be%d0%b7-%d0%b8-%d0%be%d0%b2%d0%b5%d1%86\/","og_site_name":"FDA srl","article_publisher":"https:\/\/www.facebook.com\/share\/1MWhFWg1Tp\/?mibextid=LQQJ4d","og_image":[{"width":1001,"height":900,"url":"https:\/\/fdasrl.it\/wp-content\/uploads\/2025\/01\/Collettore-capre-pecore-mungitura-FDA.png","type":"image\/png"}],"twitter_card":"summary_large_image","twitter_misc":{"\u0426\u0435\u043d\u0430":"","\u0414\u043e\u0441\u0442\u0443\u043f\u043d\u043e\u0441\u0442\u044c":"\u0412 \u043d\u0430\u043b\u0438\u0447\u0438\u0438"},"schema":{"@context":"https:\/\/schema.org","@graph":[{"@type":"WebPage","@id":"https:\/\/fdasrl.it\/ru\/prodotto\/%d0%ba%d0%be%d0%bb%d0%bb%d0%b5%d0%ba%d1%82%d0%be%d1%80-%d0%b4%d0%bb%d1%8f-%d0%ba%d0%be%d0%b7-%d0%b8-%d0%be%d0%b2%d0%b5%d1%86\/","url":"https:\/\/fdasrl.it\/ru\/prodotto\/%d0%ba%d0%be%d0%bb%d0%bb%d0%b5%d0%ba%d1%82%d0%be%d1%80-%d0%b4%d0%bb%d1%8f-%d0%ba%d0%be%d0%b7-%d0%b8-%d0%be%d0%b2%d0%b5%d1%86\/","name":"\u041a\u043e\u043b\u043b\u0435\u043a\u0442\u043e\u0440 \u0434\u043b\u044f \u043a\u043e\u0437 \u0438 \u043e\u0432\u0435\u0446, \u0434\u043e\u0438\u043b\u044c\u043d\u044b\u0439 \u0443\u0437\u0435\u043b \u2014 \u0432\u044b\u0441\u043e\u043a\u043e\u0435 \u043a\u0430\u0447\u0435\u0441\u0442\u0432\u043e - FDA srl","isPartOf":{"@id":"https:\/\/fdasrl.it\/ru\/#website"},"primaryImageOfPage":{"@id":"https:\/\/fdasrl.it\/ru\/prodotto\/%d0%ba%d0%be%d0%bb%d0%bb%d0%b5%d0%ba%d1%82%d0%be%d1%80-%d0%b4%d0%bb%d1%8f-%d0%ba%d0%be%d0%b7-%d0%b8-%d0%be%d0%b2%d0%b5%d1%86\/#primaryimage"},"image":{"@id":"https:\/\/fdasrl.it\/ru\/prodotto\/%d0%ba%d0%be%d0%bb%d0%bb%d0%b5%d0%ba%d1%82%d0%be%d1%80-%d0%b4%d0%bb%d1%8f-%d0%ba%d0%be%d0%b7-%d0%b8-%d0%be%d0%b2%d0%b5%d1%86\/#primaryimage"},"thumbnailUrl":"https:\/\/fdasrl.it\/wp-content\/uploads\/2025\/01\/Collettore-capre-pecore-mungitura-FDA.png","datePublished":"2025-01-21T12:28:10+00:00","description":"\u0421\u043e\u0431\u0438\u0440\u0430\u0439\u0442\u0435 \u043c\u043e\u043b\u043e\u043a\u043e \u043f\u0440\u043e\u0441\u0442\u043e \u0438 \u0443\u0434\u043e\u0431\u043d\u043e \u0441 \u043f\u043e\u043c\u043e\u0449\u044c\u044e \u043a\u043e\u043b\u043b\u0435\u043a\u0442\u043e\u0440\u0430 \u0434\u043b\u044f \u043a\u043e\u0437 \u0438 \u043e\u0432\u0435\u0446. \u0418\u0437\u0433\u043e\u0442\u043e\u0432\u043b\u0435\u043d \u0438\u0437 \u0432\u044b\u0441\u043e\u043a\u043e\u043a\u0430\u0447\u0435\u0441\u0442\u0432\u0435\u043d\u043d\u043e\u0433\u043e \u0438 \u0434\u043e\u043b\u0433\u043e\u0432\u0435\u0447\u043d\u043e\u0433\u043e \u043c\u0430\u0442\u0435\u0440\u0438\u0430\u043b\u0430!","breadcrumb":{"@id":"https:\/\/fdasrl.it\/ru\/prodotto\/%d0%ba%d0%be%d0%bb%d0%bb%d0%b5%d0%ba%d1%82%d0%be%d1%80-%d0%b4%d0%bb%d1%8f-%d0%ba%d0%be%d0%b7-%d0%b8-%d0%be%d0%b2%d0%b5%d1%86\/#breadcrumb"},"inLanguage":"ru-RU","potentialAction":[{"@type":"ReadAction","target":["https:\/\/fdasrl.it\/ru\/prodotto\/%d0%ba%d0%be%d0%bb%d0%bb%d0%b5%d0%ba%d1%82%d0%be%d1%80-%d0%b4%d0%bb%d1%8f-%d0%ba%d0%be%d0%b7-%d0%b8-%d0%be%d0%b2%d0%b5%d1%86\/"]}]},{"@type":"ImageObject","inLanguage":"ru-RU","@id":"https:\/\/fdasrl.it\/ru\/prodotto\/%d0%ba%d0%be%d0%bb%d0%bb%d0%b5%d0%ba%d1%82%d0%be%d1%80-%d0%b4%d0%bb%d1%8f-%d0%ba%d0%be%d0%b7-%d0%b8-%d0%be%d0%b2%d0%b5%d1%86\/#primaryimage","url":"https:\/\/fdasrl.it\/wp-content\/uploads\/2025\/01\/Collettore-capre-pecore-mungitura-FDA.png","contentUrl":"https:\/\/fdasrl.it\/wp-content\/uploads\/2025\/01\/Collettore-capre-pecore-mungitura-FDA.png","width":1001,"height":900,"caption":"kollektor-koz-ovec-doenie-13300-FDA"},{"@type":"BreadcrumbList","@id":"https:\/\/fdasrl.it\/ru\/prodotto\/%d0%ba%d0%be%d0%bb%d0%bb%d0%b5%d0%ba%d1%82%d0%be%d1%80-%d0%b4%d0%bb%d1%8f-%d0%ba%d0%be%d0%b7-%d0%b8-%d0%be%d0%b2%d0%b5%d1%86\/#breadcrumb","itemListElement":[{"@type":"ListItem","position":1,"name":"Home","item":"https:\/\/fdasrl.it\/ru\/%d0%b3%d0%bb%d0%b0%d0%b2%d0%bd%d0%b0%d1%8f\/"},{"@type":"ListItem","position":2,"name":"\u041c\u0430\u0433\u0430\u0437\u0438\u043d","item":"https:\/\/fdasrl.it\/ru\/%d0%bc%d0%b0%d0%b3%d0%b0%d0%b7%d0%b8%d0%bd\/"},{"@type":"ListItem","position":3,"name":"\u041a\u043e\u043b\u043b\u0435\u043a\u0442\u043e\u0440 \u0434\u043b\u044f \u043a\u043e\u0437 \u0438 \u043e\u0432\u0435\u0446"}]},{"@type":"WebSite","@id":"https:\/\/fdasrl.it\/ru\/#website","url":"https:\/\/fdasrl.it\/ru\/","name":"FDA srl","description":"Equipment for animal husbandry","publisher":{"@id":"https:\/\/fdasrl.it\/ru\/#organization"},"potentialAction":[{"@type":"SearchAction","target":{"@type":"EntryPoint","urlTemplate":"https:\/\/fdasrl.it\/ru\/?s={search_term_string}"},"query-input":{"@type":"PropertyValueSpecification","valueRequired":true,"valueName":"search_term_string"}}],"inLanguage":"ru-RU"},{"@type":"Organization","@id":"https:\/\/fdasrl.it\/ru\/#organization","name":"FDA srl","url":"https:\/\/fdasrl.it\/ru\/","logo":{"@type":"ImageObject","inLanguage":"ru-RU","@id":"https:\/\/fdasrl.it\/ru\/#\/schema\/logo\/image\/","url":"https:\/\/fdasrl.it\/wp-content\/uploads\/2024\/12\/Logo-FDA.png","contentUrl":"https:\/\/fdasrl.it\/wp-content\/uploads\/2024\/12\/Logo-FDA.png","width":316,"height":119,"caption":"FDA srl"},"image":{"@id":"https:\/\/fdasrl.it\/ru\/#\/schema\/logo\/image\/"},"sameAs":["https:\/\/www.facebook.com\/share\/1MWhFWg1Tp\/?mibextid=LQQJ4d","https:\/\/www.instagram.com\/fda_srl\/profilecard\/?igsh=YW5lbzJ6MWg0d21u","https:\/\/www.youtube.com\/@FDASRL_ANIMALCARE"],"description":"FDA SRL \u2013 Equipment for animal husbandry nasce con l\u2019obiettivo di offrire soluzioni affidabili e innovative per l\u2019allevamento moderno. Con anni di esperienza nel settore zootecnico, progettiamo e realizziamo attrezzature destinate al benessere animale e alla gestione efficiente delle stalle: vasche, abbeveratoi, mangiatoie e sistemi di riscaldamento pensati per durare nel tempo e semplificare il lavoro quotidiano degli allevatori. Dalla progettazione alla produzione, ogni nostro prodotto \u00e8 studiato nei minimi dettagli, testato con cura e costruito per rispondere alle esigenze reali del settore. La nostra forza \u00e8 unire artigianalit\u00e0, tecnologia e competenza tecnica per trasformare ogni progetto in una soluzione concreta e funzionale. Oggi FDA SRL \u00e8 un punto di riferimento per privati e rivenditori che cercano qualit\u00e0, affidabilit\u00e0 e innovazione nelle attrezzature per l\u2019allevamento.","email":"info@fdasrl.it","telephone":"+390522826820","legalName":"F.D.A. SRL","foundingDate":"2024-10-13","vatID":"03075840359","taxID":"03075840359","numberOfEmployees":{"@type":"QuantitativeValue","minValue":"1","maxValue":"10"}}]},"product_price_currency":"EUR","og_availability":"instock","product_availability":"instock","product_retailer_item_id":"13300","product_condition":"new"},"_links":{"self":[{"href":"https:\/\/fdasrl.it\/ru\/wp-json\/wp\/v2\/product\/3303","targetHints":{"allow":["GET"]}}],"collection":[{"href":"https:\/\/fdasrl.it\/ru\/wp-json\/wp\/v2\/product"}],"about":[{"href":"https:\/\/fdasrl.it\/ru\/wp-json\/wp\/v2\/types\/product"}],"replies":[{"embeddable":true,"href":"https:\/\/fdasrl.it\/ru\/wp-json\/wp\/v2\/comments?post=3303"}],"wp:featuredmedia":[{"embeddable":true,"href":"https:\/\/fdasrl.it\/ru\/wp-json\/wp\/v2\/media\/630"}],"wp:attachment":[{"href":"https:\/\/fdasrl.it\/ru\/wp-json\/wp\/v2\/media?parent=3303"}],"wp:term":[{"taxonomy":"product_brand","embeddable":true,"href":"https:\/\/fdasrl.it\/ru\/wp-json\/wp\/v2\/product_brand?post=3303"},{"taxonomy":"product_cat","embeddable":true,"href":"https:\/\/fdasrl.it\/ru\/wp-json\/wp\/v2\/product_cat?post=3303"},{"taxonomy":"product_tag","embeddable":true,"href":"https:\/\/fdasrl.it\/ru\/wp-json\/wp\/v2\/product_tag?post=3303"}],"curies":[{"name":"wp","href":"https:\/\/api.w.org\/{rel}","templated":true}]}}