{"id":3463,"date":"2025-01-21T12:02:15","date_gmt":"2025-01-21T11:02:15","guid":{"rendered":"https:\/\/fdasrl.it\/prodotto\/%d1%83%d0%b3%d0%bb%d0%be%d0%b2%d0%b0%d1%8f-%d0%ba%d0%be%d1%80%d0%bc%d1%83%d1%88%d0%ba%d0%b0-%d1%81-%d0%b1%d0%be%d1%80%d1%82%d0%be%d0%bc-%d0%bf%d1%80%d0%be%d1%82%d0%b8%d0%b2-%d1%80%d0%b0%d0%b7%d0%b1\/"},"modified":"2025-01-21T12:02:15","modified_gmt":"2025-01-21T11:02:15","slug":"%d1%83%d0%b3%d0%bb%d0%be%d0%b2%d0%b0%d1%8f-%d0%ba%d0%be%d1%80%d0%bc%d1%83%d1%88%d0%ba%d0%b0-%d1%81-%d0%b1%d0%be%d1%80%d1%82%d0%be%d0%bc-%d0%bf%d1%80%d0%be%d1%82%d0%b8%d0%b2-%d1%80%d0%b0%d0%b7%d0%b1","status":"publish","type":"product","link":"https:\/\/fdasrl.it\/ru\/prodotto\/%d1%83%d0%b3%d0%bb%d0%be%d0%b2%d0%b0%d1%8f-%d0%ba%d0%be%d1%80%d0%bc%d1%83%d1%88%d0%ba%d0%b0-%d1%81-%d0%b1%d0%be%d1%80%d1%82%d0%be%d0%bc-%d0%bf%d1%80%d0%be%d1%82%d0%b8%d0%b2-%d1%80%d0%b0%d0%b7%d0%b1\/","title":{"rendered":"\u0423\u0433\u043b\u043e\u0432\u0430\u044f \u043a\u043e\u0440\u043c\u0443\u0448\u043a\u0430 \u0441 \u0431\u043e\u0440\u0442\u043e\u043c \u043f\u0440\u043e\u0442\u0438\u0432 \u0440\u0430\u0437\u0431\u0440\u0430\u0441\u044b\u0432\u0430\u043d\u0438\u044f \u043a\u043e\u0440\u043c\u0430 \u0434\u043b\u044f \u043a\u043e\u043d\u044e\u0448\u043d\u0438"},"content":{"rendered":"<p>\u0423\u0433\u043b\u043e\u0432\u0430\u044f \u043a\u043e\u0440\u043c\u0443\u0448\u043a\u0430 \u0441 \u0431\u043e\u0440\u0442\u043e\u043c \u043f\u0440\u043e\u0442\u0438\u0432 \u0440\u0430\u0437\u0431\u0440\u0430\u0441\u044b\u0432\u0430\u043d\u0438\u044f \u043a\u043e\u0440\u043c\u0430 \u0438\u0437 \u043e\u0446\u0438\u043d\u043a\u043e\u0432\u0430\u043d\u043d\u043e\u0433\u043e \u043c\u0435\u0442\u0430\u043b\u043b\u0430, \u0438\u0434\u0435\u0430\u043b\u044c\u043d\u043e \u043f\u043e\u0434\u0445\u043e\u0434\u0438\u0442 \u0434\u043b\u044f \u043a\u043e\u043d\u044e\u0448\u043d\u0438. \u041e\u0441\u043d\u0430\u0449\u0435\u043d\u0430 \u043f\u0440\u043e\u0431\u043a\u043e\u0439 \u043d\u0430 \u0434\u043d\u0435 \u0434\u043b\u044f \u043e\u0447\u0438\u0441\u0442\u043a\u0438. \u0426\u0432\u0435\u0442: \u0437\u0435\u043b\u0435\u043d\u044b\u0439.  <\/p>\n<p>\u0423\u0433\u043b\u043e\u0432\u0430\u044f \u043a\u043e\u0440\u043c\u0443\u0448\u043a\u0430 \u0434\u043b\u044f \u043a\u043e\u043d\u044e\u0448\u043d\u0438 FA-MA4 \u043e\u0447\u0435\u043d\u044c \u043f\u0440\u0430\u043a\u0442\u0438\u0447\u043d\u0430 \u0438 \u0434\u043e\u043b\u0433\u043e\u0432\u0435\u0447\u043d\u0430.<\/p>\n<p>\u0425\u0430\u0440\u0430\u043a\u0442\u0435\u0440\u0438\u0441\u0442\u0438\u043a\u0438:<\/p>\n<p>&#8212; \u0438\u0437\u0433\u043e\u0442\u043e\u0432\u043b\u0435\u043d\u0430 \u0438\u0437 \u0443\u0441\u0442\u043e\u0439\u0447\u0438\u0432\u043e\u0433\u043e \u043a \u0446\u0430\u0440\u0430\u043f\u0438\u043d\u0430\u043c \u043f\u043e\u043b\u0438\u044d\u0442\u0438\u043b\u0435\u043d\u0430<\/p>\n<p>&#8212; \u043e\u0431\u044a\u0435\u043c <strong>24 \u043b<\/strong><\/p>\n<p>&#8212; \u0431\u043e\u0440\u0442 \u043f\u0440\u043e\u0442\u0438\u0432 \u0440\u0430\u0437\u0431\u0440\u0430\u0441\u044b\u0432\u0430\u043d\u0438\u044f \u043a\u043e\u0440\u043c\u0430 \u0438\u0437 \u0442\u044f\u0436\u0435\u043b\u043e\u0433\u043e \u043e\u0446\u0438\u043d\u043a\u043e\u0432\u0430\u043d\u043d\u043e\u0433\u043e \u043c\u0435\u0442\u0430\u043b\u043b\u0430<\/p>\n<p>&#8212; \u043f\u0440\u043e\u0431\u043a\u0430 \u043d\u0430 \u0434\u043d\u0435 \u0434\u043b\u044f \u043e\u0447\u0438\u0441\u0442\u043a\u0438.<\/p>\n<p>&#8212; \u0418\u0437\u0434\u0435\u043b\u0438\u0435 \u043e\u0442\u043b\u0438\u0447\u043d\u043e\u0433\u043e \u043a\u0430\u0447\u0435\u0441\u0442\u0432\u0430<\/p>\n<p><strong>\u0420\u0410\u0417\u041c\u0415\u0420\u042b<\/strong>: \u0448\u0438\u0440\u0438\u043d\u0430 44 \u0441\u043c, \u0434\u043b\u0438\u043d\u0430 59 \u0441\u043c, \u0432\u044b\u0441\u043e\u0442\u0430 30 \u0441\u043c<\/p>\n","protected":false},"excerpt":{"rendered":"<p>\u0423\u0433\u043b\u043e\u0432\u0430\u044f \u043a\u043e\u0440\u043c\u0443\u0448\u043a\u0430 \u0441 \u0431\u043e\u0440\u0442\u043e\u043c \u043f\u0440\u043e\u0442\u0438\u0432 \u0440\u0430\u0437\u0431\u0440\u0430\u0441\u044b\u0432\u0430\u043d\u0438\u044f \u043a\u043e\u0440\u043c\u0430 \u0438\u0437 \u043e\u0446\u0438\u043d\u043a\u043e\u0432\u0430\u043d\u043d\u043e\u0433\u043e \u043c\u0435\u0442\u0430\u043b\u043b\u0430, \u0438\u0434\u0435\u0430\u043b\u044c\u043d\u043e \u043f\u043e\u0434\u0445\u043e\u0434\u0438\u0442 \u0434\u043b\u044f \u043a\u043e\u043d\u044e\u0448\u043d\u0438. \u041e\u0441\u043d\u0430\u0449\u0435\u043d\u0430 \u043f\u0440\u043e\u0431\u043a\u043e\u0439 \u043d\u0430 \u0434\u043d\u0435 \u0434\u043b\u044f \u043e\u0447\u0438\u0441\u0442\u043a\u0438. \u0426\u0432\u0435\u0442: \u0437\u0435\u043b\u0435\u043d\u044b\u0439. \u0423\u0433\u043b\u043e\u0432\u0430\u044f \u043a\u043e\u0440\u043c\u0443\u0448\u043a\u0430 \u0434\u043b\u044f \u043a\u043e\u043d\u044e\u0448\u043d\u0438 FA-MA4 \u043e\u0447\u0435\u043d\u044c \u043f\u0440\u0430\u043a\u0442\u0438\u0447\u043d\u0430 \u0438 \u0434\u043e\u043b\u0433\u043e\u0432\u0435\u0447\u043d\u0430. \u0425\u0430\u0440\u0430\u043a\u0442\u0435\u0440\u0438\u0441\u0442\u0438\u043a\u0438: &#8212; \u0438\u0437\u0433\u043e\u0442\u043e\u0432\u043b\u0435\u043d\u0430 \u0438\u0437 \u0443\u0441\u0442\u043e\u0439\u0447\u0438\u0432\u043e\u0433\u043e \u043a \u0446\u0430\u0440\u0430\u043f\u0438\u043d\u0430\u043c \u043f\u043e\u043b\u0438\u044d\u0442\u0438\u043b\u0435\u043d\u0430 &#8212; \u043e\u0431\u044a\u0435\u043c 24 \u043b &#8212; \u0431\u043e\u0440\u0442 \u043f\u0440\u043e\u0442\u0438\u0432 \u0440\u0430\u0437\u0431\u0440\u0430\u0441\u044b\u0432\u0430\u043d\u0438\u044f \u043a\u043e\u0440\u043c\u0430 \u0438\u0437 \u0442\u044f\u0436\u0435\u043b\u043e\u0433\u043e \u043e\u0446\u0438\u043d\u043a\u043e\u0432\u0430\u043d\u043d\u043e\u0433\u043e \u043c\u0435\u0442\u0430\u043b\u043b\u0430 &#8212; \u043f\u0440\u043e\u0431\u043a\u0430 \u043d\u0430 [&hellip;]<\/p>\n","protected":false},"featured_media":640,"comment_status":"open","ping_status":"closed","template":"","meta":{"_et_pb_use_builder":"","_et_pb_old_content":"","_et_gb_content_width":""},"product_brand":[],"product_cat":[737,591],"product_tag":[863],"class_list":{"0":"post-3463","1":"product","2":"type-product","3":"status-publish","4":"has-post-thumbnail","6":"product_cat-737","7":"product_cat-591","8":"product_tag-fa-ma4","10":"first","11":"instock","12":"shipping-taxable","13":"product-type-simple"},"yoast_head":"<!-- This site is optimized with the Yoast SEO Premium plugin v27.5 (Yoast SEO v27.5) - https:\/\/yoast.com\/product\/yoast-seo-premium-wordpress\/ -->\n<title>\u0423\u0433\u043b\u043e\u0432\u0430\u044f \u043a\u043e\u0440\u043c\u0443\u0448\u043a\u0430 \u0441 \u0431\u043e\u0440\u0442\u043e\u043c \u043f\u0440\u043e\u0442\u0438\u0432 \u0440\u0430\u0437\u0431\u0440\u0430\u0441\u044b\u0432\u0430\u043d\u0438\u044f \u043a\u043e\u0440\u043c\u0430 \u0434\u043b\u044f \u043a\u043e\u043d\u044e\u0448\u043d\u0438 - FDA srl<\/title>\n<meta name=\"description\" content=\"\u0423\u0433\u043b\u043e\u0432\u0430\u044f \u043a\u043e\u0440\u043c\u0443\u0448\u043a\u0430 \u0441 \u0431\u043e\u0440\u0442\u043e\u043c \u043f\u0440\u043e\u0442\u0438\u0432 \u0440\u0430\u0437\u0431\u0440\u0430\u0441\u044b\u0432\u0430\u043d\u0438\u044f \u043a\u043e\u0440\u043c\u0430 \u0438\u0437 \u043e\u0446\u0438\u043d\u043a\u043e\u0432\u0430\u043d\u043d\u043e\u0433\u043e \u043c\u0435\u0442\u0430\u043b\u043b\u0430, \u0438\u0434\u0435\u0430\u043b\u044c\u043d\u043e \u043f\u043e\u0434\u0445\u043e\u0434\u0438\u0442 \u0434\u043b\u044f \u043a\u043e\u043d\u044e\u0448\u043d\u0438. \u041e\u0441\u043d\u0430\u0449\u0435\u043d\u0430 \u043f\u0440\u043e\u0431\u043a\u043e\u0439 \u043d\u0430 \u0434\u043d\u0435 \u0434\u043b\u044f \u043e\u0447\u0438\u0441\u0442\u043a\u0438. \u0426\u0432\u0435\u0442:\" \/>\n<meta name=\"robots\" content=\"index, follow, max-snippet:-1, max-image-preview:large, max-video-preview:-1\" \/>\n<link rel=\"canonical\" href=\"https:\/\/fdasrl.it\/ru\/prodotto\/%d1%83%d0%b3%d0%bb%d0%be%d0%b2%d0%b0%d1%8f-%d0%ba%d0%be%d1%80%d0%bc%d1%83%d1%88%d0%ba%d0%b0-%d1%81-%d0%b1%d0%be%d1%80%d1%82%d0%be%d0%bc-%d0%bf%d1%80%d0%be%d1%82%d0%b8%d0%b2-%d1%80%d0%b0%d0%b7%d0%b1\/\" \/>\n<meta property=\"og:locale\" content=\"ru_RU\" \/>\n<meta property=\"og:type\" content=\"article\" \/>\n<meta property=\"og:title\" content=\"\u0423\u0433\u043b\u043e\u0432\u0430\u044f \u043a\u043e\u0440\u043c\u0443\u0448\u043a\u0430 \u0441 \u0431\u043e\u0440\u0442\u043e\u043c \u043f\u0440\u043e\u0442\u0438\u0432 \u0440\u0430\u0437\u0431\u0440\u0430\u0441\u044b\u0432\u0430\u043d\u0438\u044f \u043a\u043e\u0440\u043c\u0430 \u0434\u043b\u044f \u043a\u043e\u043d\u044e\u0448\u043d\u0438\" \/>\n<meta property=\"og:description\" content=\"\u0423\u0433\u043b\u043e\u0432\u0430\u044f \u043a\u043e\u0440\u043c\u0443\u0448\u043a\u0430 \u0441 \u0431\u043e\u0440\u0442\u043e\u043c \u043f\u0440\u043e\u0442\u0438\u0432 \u0440\u0430\u0437\u0431\u0440\u0430\u0441\u044b\u0432\u0430\u043d\u0438\u044f \u043a\u043e\u0440\u043c\u0430 \u0438\u0437 \u043e\u0446\u0438\u043d\u043a\u043e\u0432\u0430\u043d\u043d\u043e\u0433\u043e \u043c\u0435\u0442\u0430\u043b\u043b\u0430, \u0438\u0434\u0435\u0430\u043b\u044c\u043d\u043e \u043f\u043e\u0434\u0445\u043e\u0434\u0438\u0442 \u0434\u043b\u044f \u043a\u043e\u043d\u044e\u0448\u043d\u0438. \u041e\u0441\u043d\u0430\u0449\u0435\u043d\u0430 \u043f\u0440\u043e\u0431\u043a\u043e\u0439 \u043d\u0430 \u0434\u043d\u0435 \u0434\u043b\u044f \u043e\u0447\u0438\u0441\u0442\u043a\u0438. \u0426\u0432\u0435\u0442:\" \/>\n<meta property=\"og:url\" content=\"https:\/\/fdasrl.it\/ru\/prodotto\/%d1%83%d0%b3%d0%bb%d0%be%d0%b2%d0%b0%d1%8f-%d0%ba%d0%be%d1%80%d0%bc%d1%83%d1%88%d0%ba%d0%b0-%d1%81-%d0%b1%d0%be%d1%80%d1%82%d0%be%d0%bc-%d0%bf%d1%80%d0%be%d1%82%d0%b8%d0%b2-%d1%80%d0%b0%d0%b7%d0%b1\/\" \/>\n<meta property=\"og:site_name\" content=\"FDA srl\" \/>\n<meta property=\"article:publisher\" content=\"https:\/\/www.facebook.com\/share\/1MWhFWg1Tp\/?mibextid=LQQJ4d\" \/>\n<meta property=\"og:image\" content=\"https:\/\/fdasrl.it\/wp-content\/uploads\/2025\/01\/mangiatoia-angolare-bordo-metallo-pesante-zincato-fa-ma4.png\" \/>\n\t<meta property=\"og:image:width\" content=\"1400\" \/>\n\t<meta property=\"og:image:height\" content=\"1400\" \/>\n\t<meta property=\"og:image:type\" content=\"image\/png\" \/>\n<meta name=\"twitter:card\" content=\"summary_large_image\" \/>\n<meta name=\"twitter:label1\" content=\"\u0426\u0435\u043d\u0430\" \/>\n\t<meta name=\"twitter:data1\" content=\"\" \/>\n\t<meta name=\"twitter:label2\" content=\"\u0414\u043e\u0441\u0442\u0443\u043f\u043d\u043e\u0441\u0442\u044c\" \/>\n\t<meta name=\"twitter:data2\" content=\"\u0412 \u043d\u0430\u043b\u0438\u0447\u0438\u0438\" \/>\n<meta property=\"product:price:currency\" content=\"EUR\" \/>\n<meta property=\"og:availability\" content=\"instock\" \/>\n<meta property=\"product:availability\" content=\"instock\" \/>\n<meta property=\"product:retailer_item_id\" content=\"FA-MA4\" \/>\n<meta property=\"product:condition\" content=\"new\" \/>\n<!-- \/ Yoast SEO Premium plugin. -->","yoast_head_json":{"title":"\u0423\u0433\u043b\u043e\u0432\u0430\u044f \u043a\u043e\u0440\u043c\u0443\u0448\u043a\u0430 \u0441 \u0431\u043e\u0440\u0442\u043e\u043c \u043f\u0440\u043e\u0442\u0438\u0432 \u0440\u0430\u0437\u0431\u0440\u0430\u0441\u044b\u0432\u0430\u043d\u0438\u044f \u043a\u043e\u0440\u043c\u0430 \u0434\u043b\u044f \u043a\u043e\u043d\u044e\u0448\u043d\u0438 - FDA srl","description":"\u0423\u0433\u043b\u043e\u0432\u0430\u044f \u043a\u043e\u0440\u043c\u0443\u0448\u043a\u0430 \u0441 \u0431\u043e\u0440\u0442\u043e\u043c \u043f\u0440\u043e\u0442\u0438\u0432 \u0440\u0430\u0437\u0431\u0440\u0430\u0441\u044b\u0432\u0430\u043d\u0438\u044f \u043a\u043e\u0440\u043c\u0430 \u0438\u0437 \u043e\u0446\u0438\u043d\u043a\u043e\u0432\u0430\u043d\u043d\u043e\u0433\u043e \u043c\u0435\u0442\u0430\u043b\u043b\u0430, \u0438\u0434\u0435\u0430\u043b\u044c\u043d\u043e \u043f\u043e\u0434\u0445\u043e\u0434\u0438\u0442 \u0434\u043b\u044f \u043a\u043e\u043d\u044e\u0448\u043d\u0438. \u041e\u0441\u043d\u0430\u0449\u0435\u043d\u0430 \u043f\u0440\u043e\u0431\u043a\u043e\u0439 \u043d\u0430 \u0434\u043d\u0435 \u0434\u043b\u044f \u043e\u0447\u0438\u0441\u0442\u043a\u0438. \u0426\u0432\u0435\u0442:","robots":{"index":"index","follow":"follow","max-snippet":"max-snippet:-1","max-image-preview":"max-image-preview:large","max-video-preview":"max-video-preview:-1"},"canonical":"https:\/\/fdasrl.it\/ru\/prodotto\/%d1%83%d0%b3%d0%bb%d0%be%d0%b2%d0%b0%d1%8f-%d0%ba%d0%be%d1%80%d0%bc%d1%83%d1%88%d0%ba%d0%b0-%d1%81-%d0%b1%d0%be%d1%80%d1%82%d0%be%d0%bc-%d0%bf%d1%80%d0%be%d1%82%d0%b8%d0%b2-%d1%80%d0%b0%d0%b7%d0%b1\/","og_locale":"ru_RU","og_type":"article","og_title":"\u0423\u0433\u043b\u043e\u0432\u0430\u044f \u043a\u043e\u0440\u043c\u0443\u0448\u043a\u0430 \u0441 \u0431\u043e\u0440\u0442\u043e\u043c \u043f\u0440\u043e\u0442\u0438\u0432 \u0440\u0430\u0437\u0431\u0440\u0430\u0441\u044b\u0432\u0430\u043d\u0438\u044f \u043a\u043e\u0440\u043c\u0430 \u0434\u043b\u044f \u043a\u043e\u043d\u044e\u0448\u043d\u0438","og_description":"\u0423\u0433\u043b\u043e\u0432\u0430\u044f \u043a\u043e\u0440\u043c\u0443\u0448\u043a\u0430 \u0441 \u0431\u043e\u0440\u0442\u043e\u043c \u043f\u0440\u043e\u0442\u0438\u0432 \u0440\u0430\u0437\u0431\u0440\u0430\u0441\u044b\u0432\u0430\u043d\u0438\u044f \u043a\u043e\u0440\u043c\u0430 \u0438\u0437 \u043e\u0446\u0438\u043d\u043a\u043e\u0432\u0430\u043d\u043d\u043e\u0433\u043e \u043c\u0435\u0442\u0430\u043b\u043b\u0430, \u0438\u0434\u0435\u0430\u043b\u044c\u043d\u043e \u043f\u043e\u0434\u0445\u043e\u0434\u0438\u0442 \u0434\u043b\u044f \u043a\u043e\u043d\u044e\u0448\u043d\u0438. \u041e\u0441\u043d\u0430\u0449\u0435\u043d\u0430 \u043f\u0440\u043e\u0431\u043a\u043e\u0439 \u043d\u0430 \u0434\u043d\u0435 \u0434\u043b\u044f \u043e\u0447\u0438\u0441\u0442\u043a\u0438. \u0426\u0432\u0435\u0442:","og_url":"https:\/\/fdasrl.it\/ru\/prodotto\/%d1%83%d0%b3%d0%bb%d0%be%d0%b2%d0%b0%d1%8f-%d0%ba%d0%be%d1%80%d0%bc%d1%83%d1%88%d0%ba%d0%b0-%d1%81-%d0%b1%d0%be%d1%80%d1%82%d0%be%d0%bc-%d0%bf%d1%80%d0%be%d1%82%d0%b8%d0%b2-%d1%80%d0%b0%d0%b7%d0%b1\/","og_site_name":"FDA srl","article_publisher":"https:\/\/www.facebook.com\/share\/1MWhFWg1Tp\/?mibextid=LQQJ4d","og_image":[{"width":1400,"height":1400,"url":"https:\/\/fdasrl.it\/wp-content\/uploads\/2025\/01\/mangiatoia-angolare-bordo-metallo-pesante-zincato-fa-ma4.png","type":"image\/png"}],"twitter_card":"summary_large_image","twitter_misc":{"\u0426\u0435\u043d\u0430":"","\u0414\u043e\u0441\u0442\u0443\u043f\u043d\u043e\u0441\u0442\u044c":"\u0412 \u043d\u0430\u043b\u0438\u0447\u0438\u0438"},"schema":{"@context":"https:\/\/schema.org","@graph":[{"@type":"WebPage","@id":"https:\/\/fdasrl.it\/ru\/prodotto\/%d1%83%d0%b3%d0%bb%d0%be%d0%b2%d0%b0%d1%8f-%d0%ba%d0%be%d1%80%d0%bc%d1%83%d1%88%d0%ba%d0%b0-%d1%81-%d0%b1%d0%be%d1%80%d1%82%d0%be%d0%bc-%d0%bf%d1%80%d0%be%d1%82%d0%b8%d0%b2-%d1%80%d0%b0%d0%b7%d0%b1\/","url":"https:\/\/fdasrl.it\/ru\/prodotto\/%d1%83%d0%b3%d0%bb%d0%be%d0%b2%d0%b0%d1%8f-%d0%ba%d0%be%d1%80%d0%bc%d1%83%d1%88%d0%ba%d0%b0-%d1%81-%d0%b1%d0%be%d1%80%d1%82%d0%be%d0%bc-%d0%bf%d1%80%d0%be%d1%82%d0%b8%d0%b2-%d1%80%d0%b0%d0%b7%d0%b1\/","name":"\u0423\u0433\u043b\u043e\u0432\u0430\u044f \u043a\u043e\u0440\u043c\u0443\u0448\u043a\u0430 \u0441 \u0431\u043e\u0440\u0442\u043e\u043c \u043f\u0440\u043e\u0442\u0438\u0432 \u0440\u0430\u0437\u0431\u0440\u0430\u0441\u044b\u0432\u0430\u043d\u0438\u044f \u043a\u043e\u0440\u043c\u0430 \u0434\u043b\u044f \u043a\u043e\u043d\u044e\u0448\u043d\u0438 - FDA srl","isPartOf":{"@id":"https:\/\/fdasrl.it\/ru\/#website"},"primaryImageOfPage":{"@id":"https:\/\/fdasrl.it\/ru\/prodotto\/%d1%83%d0%b3%d0%bb%d0%be%d0%b2%d0%b0%d1%8f-%d0%ba%d0%be%d1%80%d0%bc%d1%83%d1%88%d0%ba%d0%b0-%d1%81-%d0%b1%d0%be%d1%80%d1%82%d0%be%d0%bc-%d0%bf%d1%80%d0%be%d1%82%d0%b8%d0%b2-%d1%80%d0%b0%d0%b7%d0%b1\/#primaryimage"},"image":{"@id":"https:\/\/fdasrl.it\/ru\/prodotto\/%d1%83%d0%b3%d0%bb%d0%be%d0%b2%d0%b0%d1%8f-%d0%ba%d0%be%d1%80%d0%bc%d1%83%d1%88%d0%ba%d0%b0-%d1%81-%d0%b1%d0%be%d1%80%d1%82%d0%be%d0%bc-%d0%bf%d1%80%d0%be%d1%82%d0%b8%d0%b2-%d1%80%d0%b0%d0%b7%d0%b1\/#primaryimage"},"thumbnailUrl":"https:\/\/fdasrl.it\/wp-content\/uploads\/2025\/01\/mangiatoia-angolare-bordo-metallo-pesante-zincato-fa-ma4.png","datePublished":"2025-01-21T11:02:15+00:00","description":"\u0423\u0433\u043b\u043e\u0432\u0430\u044f \u043a\u043e\u0440\u043c\u0443\u0448\u043a\u0430 \u0441 \u0431\u043e\u0440\u0442\u043e\u043c \u043f\u0440\u043e\u0442\u0438\u0432 \u0440\u0430\u0437\u0431\u0440\u0430\u0441\u044b\u0432\u0430\u043d\u0438\u044f \u043a\u043e\u0440\u043c\u0430 \u0438\u0437 \u043e\u0446\u0438\u043d\u043a\u043e\u0432\u0430\u043d\u043d\u043e\u0433\u043e \u043c\u0435\u0442\u0430\u043b\u043b\u0430, \u0438\u0434\u0435\u0430\u043b\u044c\u043d\u043e \u043f\u043e\u0434\u0445\u043e\u0434\u0438\u0442 \u0434\u043b\u044f \u043a\u043e\u043d\u044e\u0448\u043d\u0438. \u041e\u0441\u043d\u0430\u0449\u0435\u043d\u0430 \u043f\u0440\u043e\u0431\u043a\u043e\u0439 \u043d\u0430 \u0434\u043d\u0435 \u0434\u043b\u044f \u043e\u0447\u0438\u0441\u0442\u043a\u0438. \u0426\u0432\u0435\u0442:","breadcrumb":{"@id":"https:\/\/fdasrl.it\/ru\/prodotto\/%d1%83%d0%b3%d0%bb%d0%be%d0%b2%d0%b0%d1%8f-%d0%ba%d0%be%d1%80%d0%bc%d1%83%d1%88%d0%ba%d0%b0-%d1%81-%d0%b1%d0%be%d1%80%d1%82%d0%be%d0%bc-%d0%bf%d1%80%d0%be%d1%82%d0%b8%d0%b2-%d1%80%d0%b0%d0%b7%d0%b1\/#breadcrumb"},"inLanguage":"ru-RU","potentialAction":[{"@type":"ReadAction","target":["https:\/\/fdasrl.it\/ru\/prodotto\/%d1%83%d0%b3%d0%bb%d0%be%d0%b2%d0%b0%d1%8f-%d0%ba%d0%be%d1%80%d0%bc%d1%83%d1%88%d0%ba%d0%b0-%d1%81-%d0%b1%d0%be%d1%80%d1%82%d0%be%d0%bc-%d0%bf%d1%80%d0%be%d1%82%d0%b8%d0%b2-%d1%80%d0%b0%d0%b7%d0%b1\/"]}]},{"@type":"ImageObject","inLanguage":"ru-RU","@id":"https:\/\/fdasrl.it\/ru\/prodotto\/%d1%83%d0%b3%d0%bb%d0%be%d0%b2%d0%b0%d1%8f-%d0%ba%d0%be%d1%80%d0%bc%d1%83%d1%88%d0%ba%d0%b0-%d1%81-%d0%b1%d0%be%d1%80%d1%82%d0%be%d0%bc-%d0%bf%d1%80%d0%be%d1%82%d0%b8%d0%b2-%d1%80%d0%b0%d0%b7%d0%b1\/#primaryimage","url":"https:\/\/fdasrl.it\/wp-content\/uploads\/2025\/01\/mangiatoia-angolare-bordo-metallo-pesante-zincato-fa-ma4.png","contentUrl":"https:\/\/fdasrl.it\/wp-content\/uploads\/2025\/01\/mangiatoia-angolare-bordo-metallo-pesante-zincato-fa-ma4.png","width":1400,"height":1400,"caption":"mangiatoia-angolare-bordo-metallo-pesante-zincato-fa-ma4"},{"@type":"BreadcrumbList","@id":"https:\/\/fdasrl.it\/ru\/prodotto\/%d1%83%d0%b3%d0%bb%d0%be%d0%b2%d0%b0%d1%8f-%d0%ba%d0%be%d1%80%d0%bc%d1%83%d1%88%d0%ba%d0%b0-%d1%81-%d0%b1%d0%be%d1%80%d1%82%d0%be%d0%bc-%d0%bf%d1%80%d0%be%d1%82%d0%b8%d0%b2-%d1%80%d0%b0%d0%b7%d0%b1\/#breadcrumb","itemListElement":[{"@type":"ListItem","position":1,"name":"Home","item":"https:\/\/fdasrl.it\/ru\/%d0%b3%d0%bb%d0%b0%d0%b2%d0%bd%d0%b0%d1%8f\/"},{"@type":"ListItem","position":2,"name":"\u041c\u0430\u0433\u0430\u0437\u0438\u043d","item":"https:\/\/fdasrl.it\/ru\/%d0%bc%d0%b0%d0%b3%d0%b0%d0%b7%d0%b8%d0%bd\/"},{"@type":"ListItem","position":3,"name":"\u0423\u0433\u043b\u043e\u0432\u0430\u044f \u043a\u043e\u0440\u043c\u0443\u0448\u043a\u0430 \u0441 \u0431\u043e\u0440\u0442\u043e\u043c \u043f\u0440\u043e\u0442\u0438\u0432 \u0440\u0430\u0437\u0431\u0440\u0430\u0441\u044b\u0432\u0430\u043d\u0438\u044f \u043a\u043e\u0440\u043c\u0430 \u0434\u043b\u044f \u043a\u043e\u043d\u044e\u0448\u043d\u0438"}]},{"@type":"WebSite","@id":"https:\/\/fdasrl.it\/ru\/#website","url":"https:\/\/fdasrl.it\/ru\/","name":"FDA srl","description":"Equipment for animal husbandry","publisher":{"@id":"https:\/\/fdasrl.it\/ru\/#organization"},"potentialAction":[{"@type":"SearchAction","target":{"@type":"EntryPoint","urlTemplate":"https:\/\/fdasrl.it\/ru\/?s={search_term_string}"},"query-input":{"@type":"PropertyValueSpecification","valueRequired":true,"valueName":"search_term_string"}}],"inLanguage":"ru-RU"},{"@type":"Organization","@id":"https:\/\/fdasrl.it\/ru\/#organization","name":"FDA srl","url":"https:\/\/fdasrl.it\/ru\/","logo":{"@type":"ImageObject","inLanguage":"ru-RU","@id":"https:\/\/fdasrl.it\/ru\/#\/schema\/logo\/image\/","url":"https:\/\/fdasrl.it\/wp-content\/uploads\/2024\/12\/Logo-FDA.png","contentUrl":"https:\/\/fdasrl.it\/wp-content\/uploads\/2024\/12\/Logo-FDA.png","width":316,"height":119,"caption":"FDA srl"},"image":{"@id":"https:\/\/fdasrl.it\/ru\/#\/schema\/logo\/image\/"},"sameAs":["https:\/\/www.facebook.com\/share\/1MWhFWg1Tp\/?mibextid=LQQJ4d","https:\/\/www.instagram.com\/fda_srl\/profilecard\/?igsh=YW5lbzJ6MWg0d21u","https:\/\/www.youtube.com\/@FDASRL_ANIMALCARE"],"description":"FDA SRL \u2013 Equipment for animal husbandry nasce con l\u2019obiettivo di offrire soluzioni affidabili e innovative per l\u2019allevamento moderno. Con anni di esperienza nel settore zootecnico, progettiamo e realizziamo attrezzature destinate al benessere animale e alla gestione efficiente delle stalle: vasche, abbeveratoi, mangiatoie e sistemi di riscaldamento pensati per durare nel tempo e semplificare il lavoro quotidiano degli allevatori. Dalla progettazione alla produzione, ogni nostro prodotto \u00e8 studiato nei minimi dettagli, testato con cura e costruito per rispondere alle esigenze reali del settore. La nostra forza \u00e8 unire artigianalit\u00e0, tecnologia e competenza tecnica per trasformare ogni progetto in una soluzione concreta e funzionale. Oggi FDA SRL \u00e8 un punto di riferimento per privati e rivenditori che cercano qualit\u00e0, affidabilit\u00e0 e innovazione nelle attrezzature per l\u2019allevamento.","email":"info@fdasrl.it","telephone":"+390522826820","legalName":"F.D.A. SRL","foundingDate":"2024-10-13","vatID":"03075840359","taxID":"03075840359","numberOfEmployees":{"@type":"QuantitativeValue","minValue":"1","maxValue":"10"}}]},"product_price_currency":"EUR","og_availability":"instock","product_availability":"instock","product_retailer_item_id":"FA-MA4","product_condition":"new"},"_links":{"self":[{"href":"https:\/\/fdasrl.it\/ru\/wp-json\/wp\/v2\/product\/3463","targetHints":{"allow":["GET"]}}],"collection":[{"href":"https:\/\/fdasrl.it\/ru\/wp-json\/wp\/v2\/product"}],"about":[{"href":"https:\/\/fdasrl.it\/ru\/wp-json\/wp\/v2\/types\/product"}],"replies":[{"embeddable":true,"href":"https:\/\/fdasrl.it\/ru\/wp-json\/wp\/v2\/comments?post=3463"}],"wp:featuredmedia":[{"embeddable":true,"href":"https:\/\/fdasrl.it\/ru\/wp-json\/wp\/v2\/media\/640"}],"wp:attachment":[{"href":"https:\/\/fdasrl.it\/ru\/wp-json\/wp\/v2\/media?parent=3463"}],"wp:term":[{"taxonomy":"product_brand","embeddable":true,"href":"https:\/\/fdasrl.it\/ru\/wp-json\/wp\/v2\/product_brand?post=3463"},{"taxonomy":"product_cat","embeddable":true,"href":"https:\/\/fdasrl.it\/ru\/wp-json\/wp\/v2\/product_cat?post=3463"},{"taxonomy":"product_tag","embeddable":true,"href":"https:\/\/fdasrl.it\/ru\/wp-json\/wp\/v2\/product_tag?post=3463"}],"curies":[{"name":"wp","href":"https:\/\/api.w.org\/{rel}","templated":true}]}}