{"id":3502,"date":"2025-01-21T10:51:18","date_gmt":"2025-01-21T09:51:18","guid":{"rendered":"https:\/\/fdasrl.it\/prodotto\/%d0%b0%d0%b2%d1%82%d0%be%d0%bc%d0%b0%d1%82%d0%b8%d1%87%d0%b5%d1%81%d0%ba%d0%b0%d1%8f-%d0%bd%d0%b0%d0%ba%d0%bb%d0%be%d0%bd%d0%bd%d0%b0%d1%8f-%d0%bf%d0%be%d0%b8%d0%bb%d0%ba%d0%b0-%d0%b2%d0%b0%d0%bd\/"},"modified":"2025-01-21T10:51:18","modified_gmt":"2025-01-21T09:51:18","slug":"%d0%b0%d0%b2%d1%82%d0%be%d0%bc%d0%b0%d1%82%d0%b8%d1%87%d0%b5%d1%81%d0%ba%d0%b0%d1%8f-%d0%bd%d0%b0%d0%ba%d0%bb%d0%be%d0%bd%d0%bd%d0%b0%d1%8f-%d0%bf%d0%be%d0%b8%d0%bb%d0%ba%d0%b0-%d0%b2%d0%b0%d0%bd","status":"publish","type":"product","link":"https:\/\/fdasrl.it\/ru\/prodotto\/%d0%b0%d0%b2%d1%82%d0%be%d0%bc%d0%b0%d1%82%d0%b8%d1%87%d0%b5%d1%81%d0%ba%d0%b0%d1%8f-%d0%bd%d0%b0%d0%ba%d0%bb%d0%be%d0%bd%d0%bd%d0%b0%d1%8f-%d0%bf%d0%be%d0%b8%d0%bb%d0%ba%d0%b0-%d0%b2%d0%b0%d0%bd\/","title":{"rendered":"\u0410\u0412\u0422\u041e\u041c\u0410\u0422\u0418\u0427\u0415\u0421\u041a\u0410\u042f \u041d\u0410\u041a\u041b\u041e\u041d\u041d\u0410\u042f \u041f\u041e\u0418\u041b\u041a\u0410-\u0412\u0410\u041d\u041d\u0410 \u0418\u0417 \u041d\u0415\u0420\u0416\u0410\u0412\u0415\u042e\u0429\u0415\u0419 \u0421\u0422\u0410\u041b\u0418"},"content":{"rendered":"<h3 data-start=\"109\" data-end=\"179\">\u0410\u0432\u0442\u043e\u043c\u0430\u0442\u0438\u0447\u0435\u0441\u043a\u0430\u044f \u043f\u043e\u0438\u043b\u043a\u0430 \u043d\u0430\u043a\u043b\u043e\u043d\u043d\u043e\u0433\u043e \u0442\u0438\u043f\u0430 FA-V4 \u0441 \u043f\u043e\u0441\u0442\u043e\u044f\u043d\u043d\u044b\u043c \u0443\u0440\u043e\u0432\u043d\u0435\u043c \u0432\u043e\u0434\u044b<\/h3>\n<p data-start=\"181\" data-end=\"405\">\u0410\u0432\u0442\u043e\u043c\u0430\u0442\u0438\u0447\u0435\u0441\u043a\u0430\u044f \u043f\u043e\u0438\u043b\u043a\u0430 <strong data-start=\"207\" data-end=\"216\">FA-V4<\/strong>, \u0438\u0434\u0435\u0430\u043b\u044c\u043d\u043e \u043f\u043e\u0434\u0445\u043e\u0434\u044f\u0449\u0430\u044f \u0434\u043b\u044f <strong data-start=\"229\" data-end=\"264\">\u043a\u043e\u0440\u043e\u0432, \u043b\u043e\u0448\u0430\u0434\u0435\u0439, \u043a\u043e\u0437 \u0438 \u043e\u0432\u0435\u0446<\/strong>, \u043f\u043e\u043b\u043d\u043e\u0441\u0442\u044c\u044e \u0438\u0437\u0433\u043e\u0442\u043e\u0432\u043b\u0435\u043d\u0430 \u0438\u0437 <strong data-start=\"294\" data-end=\"319\">\u043d\u0435\u0440\u0436\u0430\u0432\u0435\u044e\u0449\u0435\u0439 \u0441\u0442\u0430\u043b\u0438 AISI 304<\/strong> \u0442\u043e\u043b\u0449\u0438\u043d\u043e\u0439 <strong data-start=\"333\" data-end=\"345\">1,5 \u043c\u043c<\/strong>, \u0447\u0442\u043e \u0433\u0430\u0440\u0430\u043d\u0442\u0438\u0440\u0443\u0435\u0442 \u043f\u0440\u043e\u0447\u043d\u043e\u0441\u0442\u044c, \u0433\u0438\u0433\u0438\u0435\u043d\u0438\u0447\u043d\u043e\u0441\u0442\u044c \u0438 \u0434\u043e\u043b\u0433\u043e\u0432\u0435\u0447\u043d\u043e\u0441\u0442\u044c.<\/p>\n<p data-start=\"407\" data-end=\"642\"><strong data-start=\"410\" data-end=\"429\">\u041d\u0430\u043a\u043b\u043e\u043d\u043d\u0430\u044f \u0432\u0430\u043d\u043d\u0430<\/strong> \u043e\u0431\u0435\u0441\u043f\u0435\u0447\u0438\u0432\u0430\u0435\u0442 <strong data-start=\"442\" data-end=\"469\">\u043d\u0435\u043f\u0440\u0435\u0440\u044b\u0432\u043d\u044b\u0439 \u043f\u043e\u0442\u043e\u043a \u0432\u043e\u0434\u044b<\/strong>, \u0430 <strong data-start=\"480\" data-end=\"512\">\u0437\u0430\u043a\u0440\u0443\u0433\u043b\u0435\u043d\u043d\u044b\u0435 \u043a\u0440\u0430\u044f<\/strong> \u0433\u0430\u0440\u0430\u043d\u0442\u0438\u0440\u0443\u044e\u0442 \u043c\u0430\u043a\u0441\u0438\u043c\u0430\u043b\u044c\u043d\u0443\u044e \u0431\u0435\u0437\u043e\u043f\u0430\u0441\u043d\u043e\u0441\u0442\u044c \u0434\u043b\u044f \u0436\u0438\u0432\u043e\u0442\u043d\u044b\u0445. <strong data-start=\"567\" data-end=\"587\">\u041d\u0430\u0441\u0442\u0435\u043d\u043d\u043e\u0435 \u043a\u0440\u0435\u043f\u043b\u0435\u043d\u0438\u0435<\/strong> \u0432\u044b\u043f\u043e\u043b\u043d\u044f\u0435\u0442\u0441\u044f \u0431\u044b\u0441\u0442\u0440\u043e \u0438 \u043b\u0435\u0433\u043a\u043e \u0431\u043b\u0430\u0433\u043e\u0434\u0430\u0440\u044f <strong data-start=\"620\" data-end=\"641\">\u0432\u0441\u0442\u0440\u043e\u0435\u043d\u043d\u044b\u043c \u043f\u043b\u0430\u0441\u0442\u0438\u043d\u0430\u043c<\/strong>. <\/p>\n<p data-start=\"644\" data-end=\"679\">\u2705 <strong data-start=\"646\" data-end=\"677\">\u041e\u0441\u043d\u043e\u0432\u043d\u044b\u0435 \u0445\u0430\u0440\u0430\u043a\u0442\u0435\u0440\u0438\u0441\u0442\u0438\u043a\u0438:<\/strong><\/p>\n<ul data-start=\"680\" data-end=\"1130\">\n<li data-start=\"680\" data-end=\"712\">\n<p data-start=\"682\" data-end=\"712\"><strong data-start=\"682\" data-end=\"701\">\u041e\u0431\u044a\u0435\u043c \u0432\u0430\u043d\u043d\u044b:<\/strong> 45 \u043b<\/p>\n<\/li>\n<li data-start=\"713\" data-end=\"778\">\n<p data-start=\"715\" data-end=\"778\">\u0420\u0430\u0437\u043c\u0435\u0449\u0435\u043d\u0438\u0435 <strong data-start=\"733\" data-end=\"749\">\u043f\u043e\u043f\u043b\u0430\u0432\u043a\u0430<\/strong> \u0441 \u043b\u0435\u0432\u043e\u0439 \u0438\u043b\u0438 \u043f\u0440\u0430\u0432\u043e\u0439 \u0441\u0442\u043e\u0440\u043e\u043d\u044b<\/p>\n<\/li>\n<li data-start=\"779\" data-end=\"872\">\n<p data-start=\"781\" data-end=\"872\"><strong data-start=\"781\" data-end=\"810\">\u041f\u043e\u043f\u043b\u0430\u0432\u043a\u043e\u0432\u044b\u0439 \u043a\u043b\u0430\u043f\u0430\u043d 3\/4&#8243;<\/strong> \u0432 \u043a\u043e\u043c\u043f\u043b\u0435\u043a\u0442\u0435 \u0434\u043b\u044f \u0430\u0432\u0442\u043e\u043c\u0430\u0442\u0438\u0447\u0435\u0441\u043a\u043e\u0433\u043e \u043f\u043e\u0434\u0434\u0435\u0440\u0436\u0430\u043d\u0438\u044f \u0443\u0440\u043e\u0432\u043d\u044f \u0432\u043e\u0434\u044b<\/p>\n<\/li>\n<li data-start=\"873\" data-end=\"900\">\n<p data-start=\"875\" data-end=\"900\"><strong data-start=\"875\" data-end=\"893\">\u041f\u043e\u0434\u043a\u043b\u044e\u0447\u0435\u043d\u0438\u0435 \u0432\u043e\u0434\u044b:<\/strong> 3\/4&#8243;<\/p>\n<\/li>\n<li data-start=\"901\" data-end=\"943\">\n<p data-start=\"903\" data-end=\"943\"><strong data-start=\"903\" data-end=\"927\">\u0420\u0430\u0431\u043e\u0447\u0435\u0435 \u0434\u0430\u0432\u043b\u0435\u043d\u0438\u0435:<\/strong> \u0434\u043e 10 \u0431\u0430\u0440<\/p>\n<\/li>\n<li data-start=\"944\" data-end=\"985\">\n<p data-start=\"946\" data-end=\"985\"><strong data-start=\"946\" data-end=\"958\">\u0421\u043b\u0438\u0432:<\/strong> 2&#8243; \u0434\u043b\u044f \u0443\u0434\u043e\u0431\u043d\u043e\u0439 \u043e\u0447\u0438\u0441\u0442\u043a\u0438<\/p>\n<\/li>\n<li data-start=\"986\" data-end=\"1027\">\n<p data-start=\"988\" data-end=\"1027\"><strong data-start=\"988\" data-end=\"1003\">\u0420\u0430\u0437\u043c\u0435\u0440\u044b:<\/strong> \u0428 80 \u00d7 \u0413 30 \u00d7 \u0412 40 \u0441\u043c<\/p>\n<\/li>\n<li data-start=\"1028\" data-end=\"1094\">\n<p data-start=\"1030\" data-end=\"1094\">\u0412\u043e\u0437\u043c\u043e\u0436\u043d\u043e\u0441\u0442\u044c <strong data-start=\"1045\" data-end=\"1067\">\u043d\u0430\u0441\u0442\u0435\u043d\u043d\u043e\u0433\u043e \u043a\u0440\u0435\u043f\u043b\u0435\u043d\u0438\u044f<\/strong> \u0441 \u043f\u043e\u043c\u043e\u0449\u044c\u044e \u0434\u044e\u0431\u0435\u043b\u0435\u0439 \u00d8 12 \u043c\u043c<\/p>\n<\/li>\n<li data-start=\"1095\" data-end=\"1130\">\n<p data-start=\"1097\" data-end=\"1130\"><strong data-start=\"1097\" data-end=\"1121\">\u0417\u0430\u0434\u043d\u0438\u0439 \u0433\u0430\u0431\u0430\u0440\u0438\u0442:<\/strong> 100 \u0441\u043c<\/p>\n<\/li>\n<\/ul>\n<p data-start=\"1132\" data-end=\"1264\">\u041f\u0440\u043e\u0434\u0443\u043a\u0442 <strong data-start=\"1141\" data-end=\"1163\">100% Made in Italy<\/strong>, \u0440\u0430\u0437\u0440\u0430\u0431\u043e\u0442\u0430\u043d \u0434\u043b\u044f \u0440\u0430\u0431\u043e\u0442\u044b \u0432 \u0441\u0430\u043c\u044b\u0445 \u0442\u044f\u0436\u0435\u043b\u044b\u0445 \u0443\u0441\u043b\u043e\u0432\u0438\u044f\u0445 \u0438 \u0433\u0430\u0440\u0430\u043d\u0442\u0438\u0440\u0443\u0435\u0442 \u044d\u0444\u0444\u0435\u043a\u0442\u0438\u0432\u043d\u043e\u0441\u0442\u044c \u0438 \u0434\u043e\u043b\u0433\u0438\u0439 \u0441\u0440\u043e\u043a \u0441\u043b\u0443\u0436\u0431\u044b.<\/p>\n<p data-start=\"1266\" data-end=\"1427\"><br data-start=\"1318\" data-end=\"1321\"><strong data-start=\"1321\" data-end=\"1337\">\ud83d\udc49 \u0414\u0438\u043b\u0435\u0440\u0430\u043c:<\/strong> \u0434\u043b\u044f \u043f\u043e\u043b\u0443\u0447\u0435\u043d\u0438\u044f \u0443\u0441\u043b\u043e\u0432\u0438\u0439 \u043f\u0435\u0440\u0435\u043f\u0440\u043e\u0434\u0430\u0436\u0438 \u043e\u0442\u043f\u0440\u0430\u0432\u044c\u0442\u0435 \u0437\u0430\u043f\u0440\u043e\u0441 \u043f\u043e \u044d\u043b\u0435\u043a\u0442\u0440\u043e\u043d\u043d\u043e\u0439 \u043f\u043e\u0447\u0442\u0435: <a href=\"mailto:info@fdasrl.it\">\u043d\u0430\u0436\u043c\u0438\u0442\u0435 \u0437\u0434\u0435\u0441\u044c.<\/a><\/p>\n<p data-start=\"1266\" data-end=\"1427\">\ud83d\udc49 \u041a\u0443\u043f\u0438\u0442\u0435 \u0432 \u043d\u0430\u0448\u0435\u043c <a href=\"https:\/\/fda-shop.it\/shop\/articoli-per-allevamento\/abbeveratoi\/abbeveratoio-automatico-bovini\" target=\"_blank\" rel=\"noopener\">\u0438\u043d\u0442\u0435\u0440\u043d\u0435\u0442-\u043c\u0430\u0433\u0430\u0437\u0438\u043d\u0435<\/a><\/p>\n","protected":false},"excerpt":{"rendered":"<p>\u0410\u0432\u0442\u043e\u043c\u0430\u0442\u0438\u0447\u0435\u0441\u043a\u0430\u044f \u043f\u043e\u0438\u043b\u043a\u0430 \u0441 \u043f\u043e\u0441\u0442\u043e\u044f\u043d\u043d\u044b\u043c \u0443\u0440\u043e\u0432\u043d\u0435\u043c \u0438\u0437 <strong data-start=\"1504\" data-end=\"1542\">\u043d\u0435\u0440\u0436\u0430\u0432\u0435\u044e\u0449\u0435\u0439 \u0441\u0442\u0430\u043b\u0438 AISI 304 \u0442\u043e\u043b\u0449\u0438\u043d\u043e\u0439 1,5 \u043c\u043c<\/strong>, \u0441 \u043d\u0430\u043a\u043b\u043e\u043d\u043d\u043e\u0439 \u0432\u0430\u043d\u043d\u043e\u0439 \u043d\u0430 <strong data-start=\"1567\" data-end=\"1579\">45 \u043b<\/strong>, <strong data-start=\"1581\" data-end=\"1610\">\u043f\u043e\u043f\u043b\u0430\u0432\u043a\u043e\u0432\u044b\u043c \u043a\u043b\u0430\u043f\u0430\u043d\u043e\u043c 3\/4&#8243;<\/strong> \u0438 \u0441\u043b\u0438\u0432\u043e\u043c 2&#8243;. \u0418\u0434\u0435\u0430\u043b\u044c\u043d\u043e \u0434\u043b\u044f <strong data-start=\"1647\" data-end=\"1682\">\u041a\u0420\u0421, \u043b\u043e\u0448\u0430\u0434\u0435\u0439, \u043a\u043e\u0437 \u0438 \u043e\u0432\u0435\u0446<\/strong>. <\/p>\n","protected":false},"featured_media":378,"comment_status":"open","ping_status":"closed","template":"","meta":{"_et_pb_use_builder":"","_et_pb_old_content":"","_et_gb_content_width":""},"product_brand":[],"product_cat":[562,400,591,416,563],"product_tag":[872],"class_list":{"0":"post-3502","1":"product","2":"type-product","3":"status-publish","4":"has-post-thumbnail","6":"product_cat-562","7":"product_cat-400","8":"product_cat-591","9":"product_cat-416","10":"product_cat-563","11":"product_tag-fa-v4","13":"first","14":"instock","15":"shipping-taxable","16":"product-type-simple"},"yoast_head":"<!-- This site is optimized with the Yoast SEO Premium plugin v27.5 (Yoast SEO v27.5) - https:\/\/yoast.com\/product\/yoast-seo-premium-wordpress\/ -->\n<title>\u041d\u0430\u043a\u043b\u043e\u043d\u043d\u0430\u044f \u043f\u043e\u0438\u043b\u043a\u0430-\u0432\u0430\u043d\u043d\u0430 \u0438\u0437 \u043d\u0435\u0440\u0436\u0430\u0432\u0435\u044e\u0449\u0435\u0439 \u0441\u0442\u0430\u043b\u0438 FA-V4 \u0434\u043b\u044f \u043a\u043e\u0440\u043e\u0432 \u0438 \u043b\u043e\u0448\u0430\u0434\u0435\u0439 - FDA srl<\/title>\n<meta name=\"description\" content=\"\u0411\u0435\u0437\u043e\u043f\u0430\u0441\u043d\u043e\u0441\u0442\u044c \u0438 \u044d\u0444\u0444\u0435\u043a\u0442\u0438\u0432\u043d\u043e\u0441\u0442\u044c \u0441 \u043d\u0430\u043a\u043b\u043e\u043d\u043d\u043e\u0439 \u043f\u043e\u0438\u043b\u043a\u043e\u0439 FA-V4! \u0418\u0434\u0435\u0430\u043b\u044c\u043d\u043e \u043f\u043e\u0434\u0445\u043e\u0434\u0438\u0442 \u0434\u043b\u044f \u043a\u043e\u0437, \u043a\u043e\u0440\u043e\u0432 \u0438 \u043e\u0432\u0435\u0446, \u0443\u043f\u0440\u043e\u0449\u0430\u044f \u043f\u0440\u043e\u0446\u0435\u0441\u0441 \u0440\u0430\u0437\u0432\u0435\u0434\u0435\u043d\u0438\u044f. \ud83d\udc04\" \/>\n<meta name=\"robots\" content=\"index, follow, max-snippet:-1, max-image-preview:large, max-video-preview:-1\" \/>\n<link rel=\"canonical\" href=\"https:\/\/fdasrl.it\/ru\/prodotto\/%d0%b0%d0%b2%d1%82%d0%be%d0%bc%d0%b0%d1%82%d0%b8%d1%87%d0%b5%d1%81%d0%ba%d0%b0%d1%8f-%d0%bd%d0%b0%d0%ba%d0%bb%d0%be%d0%bd%d0%bd%d0%b0%d1%8f-%d0%bf%d0%be%d0%b8%d0%bb%d0%ba%d0%b0-%d0%b2%d0%b0%d0%bd\/\" \/>\n<meta property=\"og:locale\" content=\"ru_RU\" \/>\n<meta property=\"og:type\" content=\"article\" \/>\n<meta property=\"og:title\" content=\"\u0410\u0412\u0422\u041e\u041c\u0410\u0422\u0418\u0427\u0415\u0421\u041a\u0410\u042f \u041d\u0410\u041a\u041b\u041e\u041d\u041d\u0410\u042f \u041f\u041e\u0418\u041b\u041a\u0410-\u0412\u0410\u041d\u041d\u0410 \u0418\u0417 \u041d\u0415\u0420\u0416\u0410\u0412\u0415\u042e\u0429\u0415\u0419 \u0421\u0422\u0410\u041b\u0418\" \/>\n<meta property=\"og:description\" content=\"\u0411\u0435\u0437\u043e\u043f\u0430\u0441\u043d\u043e\u0441\u0442\u044c \u0438 \u044d\u0444\u0444\u0435\u043a\u0442\u0438\u0432\u043d\u043e\u0441\u0442\u044c \u0441 \u043d\u0430\u043a\u043b\u043e\u043d\u043d\u043e\u0439 \u043f\u043e\u0438\u043b\u043a\u043e\u0439 FA-V4! \u0418\u0434\u0435\u0430\u043b\u044c\u043d\u043e \u043f\u043e\u0434\u0445\u043e\u0434\u0438\u0442 \u0434\u043b\u044f \u043a\u043e\u0437, \u043a\u043e\u0440\u043e\u0432 \u0438 \u043e\u0432\u0435\u0446, \u0443\u043f\u0440\u043e\u0449\u0430\u044f \u043f\u0440\u043e\u0446\u0435\u0441\u0441 \u0440\u0430\u0437\u0432\u0435\u0434\u0435\u043d\u0438\u044f. \ud83d\udc04\" \/>\n<meta property=\"og:url\" content=\"https:\/\/fdasrl.it\/ru\/prodotto\/%d0%b0%d0%b2%d1%82%d0%be%d0%bc%d0%b0%d1%82%d0%b8%d1%87%d0%b5%d1%81%d0%ba%d0%b0%d1%8f-%d0%bd%d0%b0%d0%ba%d0%bb%d0%be%d0%bd%d0%bd%d0%b0%d1%8f-%d0%bf%d0%be%d0%b8%d0%bb%d0%ba%d0%b0-%d0%b2%d0%b0%d0%bd\/\" \/>\n<meta property=\"og:site_name\" content=\"FDA srl\" \/>\n<meta property=\"article:publisher\" content=\"https:\/\/www.facebook.com\/share\/1MWhFWg1Tp\/?mibextid=LQQJ4d\" \/>\n<meta property=\"og:image\" content=\"https:\/\/fdasrl.it\/wp-content\/uploads\/2025\/01\/FA-VS4_2.jpg\" \/>\n\t<meta property=\"og:image:width\" content=\"800\" \/>\n\t<meta property=\"og:image:height\" content=\"600\" \/>\n\t<meta property=\"og:image:type\" content=\"image\/jpeg\" \/>\n<meta name=\"twitter:card\" content=\"summary_large_image\" \/>\n<meta name=\"twitter:label1\" content=\"\u0426\u0435\u043d\u0430\" \/>\n\t<meta name=\"twitter:data1\" content=\"\" \/>\n\t<meta name=\"twitter:label2\" content=\"\u0414\u043e\u0441\u0442\u0443\u043f\u043d\u043e\u0441\u0442\u044c\" \/>\n\t<meta name=\"twitter:data2\" content=\"\u0412 \u043d\u0430\u043b\u0438\u0447\u0438\u0438\" \/>\n<meta property=\"product:price:currency\" content=\"EUR\" \/>\n<meta property=\"og:availability\" content=\"instock\" \/>\n<meta property=\"product:availability\" content=\"instock\" \/>\n<meta property=\"product:retailer_item_id\" content=\"FA-V4\" \/>\n<meta property=\"product:condition\" content=\"new\" \/>\n<!-- \/ Yoast SEO Premium plugin. -->","yoast_head_json":{"title":"\u041d\u0430\u043a\u043b\u043e\u043d\u043d\u0430\u044f \u043f\u043e\u0438\u043b\u043a\u0430-\u0432\u0430\u043d\u043d\u0430 \u0438\u0437 \u043d\u0435\u0440\u0436\u0430\u0432\u0435\u044e\u0449\u0435\u0439 \u0441\u0442\u0430\u043b\u0438 FA-V4 \u0434\u043b\u044f \u043a\u043e\u0440\u043e\u0432 \u0438 \u043b\u043e\u0448\u0430\u0434\u0435\u0439 - FDA srl","description":"\u0411\u0435\u0437\u043e\u043f\u0430\u0441\u043d\u043e\u0441\u0442\u044c \u0438 \u044d\u0444\u0444\u0435\u043a\u0442\u0438\u0432\u043d\u043e\u0441\u0442\u044c \u0441 \u043d\u0430\u043a\u043b\u043e\u043d\u043d\u043e\u0439 \u043f\u043e\u0438\u043b\u043a\u043e\u0439 FA-V4! \u0418\u0434\u0435\u0430\u043b\u044c\u043d\u043e \u043f\u043e\u0434\u0445\u043e\u0434\u0438\u0442 \u0434\u043b\u044f \u043a\u043e\u0437, \u043a\u043e\u0440\u043e\u0432 \u0438 \u043e\u0432\u0435\u0446, \u0443\u043f\u0440\u043e\u0449\u0430\u044f \u043f\u0440\u043e\u0446\u0435\u0441\u0441 \u0440\u0430\u0437\u0432\u0435\u0434\u0435\u043d\u0438\u044f. \ud83d\udc04","robots":{"index":"index","follow":"follow","max-snippet":"max-snippet:-1","max-image-preview":"max-image-preview:large","max-video-preview":"max-video-preview:-1"},"canonical":"https:\/\/fdasrl.it\/ru\/prodotto\/%d0%b0%d0%b2%d1%82%d0%be%d0%bc%d0%b0%d1%82%d0%b8%d1%87%d0%b5%d1%81%d0%ba%d0%b0%d1%8f-%d0%bd%d0%b0%d0%ba%d0%bb%d0%be%d0%bd%d0%bd%d0%b0%d1%8f-%d0%bf%d0%be%d0%b8%d0%bb%d0%ba%d0%b0-%d0%b2%d0%b0%d0%bd\/","og_locale":"ru_RU","og_type":"article","og_title":"\u0410\u0412\u0422\u041e\u041c\u0410\u0422\u0418\u0427\u0415\u0421\u041a\u0410\u042f \u041d\u0410\u041a\u041b\u041e\u041d\u041d\u0410\u042f \u041f\u041e\u0418\u041b\u041a\u0410-\u0412\u0410\u041d\u041d\u0410 \u0418\u0417 \u041d\u0415\u0420\u0416\u0410\u0412\u0415\u042e\u0429\u0415\u0419 \u0421\u0422\u0410\u041b\u0418","og_description":"\u0411\u0435\u0437\u043e\u043f\u0430\u0441\u043d\u043e\u0441\u0442\u044c \u0438 \u044d\u0444\u0444\u0435\u043a\u0442\u0438\u0432\u043d\u043e\u0441\u0442\u044c \u0441 \u043d\u0430\u043a\u043b\u043e\u043d\u043d\u043e\u0439 \u043f\u043e\u0438\u043b\u043a\u043e\u0439 FA-V4! \u0418\u0434\u0435\u0430\u043b\u044c\u043d\u043e \u043f\u043e\u0434\u0445\u043e\u0434\u0438\u0442 \u0434\u043b\u044f \u043a\u043e\u0437, \u043a\u043e\u0440\u043e\u0432 \u0438 \u043e\u0432\u0435\u0446, \u0443\u043f\u0440\u043e\u0449\u0430\u044f \u043f\u0440\u043e\u0446\u0435\u0441\u0441 \u0440\u0430\u0437\u0432\u0435\u0434\u0435\u043d\u0438\u044f. \ud83d\udc04","og_url":"https:\/\/fdasrl.it\/ru\/prodotto\/%d0%b0%d0%b2%d1%82%d0%be%d0%bc%d0%b0%d1%82%d0%b8%d1%87%d0%b5%d1%81%d0%ba%d0%b0%d1%8f-%d0%bd%d0%b0%d0%ba%d0%bb%d0%be%d0%bd%d0%bd%d0%b0%d1%8f-%d0%bf%d0%be%d0%b8%d0%bb%d0%ba%d0%b0-%d0%b2%d0%b0%d0%bd\/","og_site_name":"FDA srl","article_publisher":"https:\/\/www.facebook.com\/share\/1MWhFWg1Tp\/?mibextid=LQQJ4d","og_image":[{"width":800,"height":600,"url":"https:\/\/fdasrl.it\/wp-content\/uploads\/2025\/01\/FA-VS4_2.jpg","type":"image\/jpeg"}],"twitter_card":"summary_large_image","twitter_misc":{"\u0426\u0435\u043d\u0430":"","\u0414\u043e\u0441\u0442\u0443\u043f\u043d\u043e\u0441\u0442\u044c":"\u0412 \u043d\u0430\u043b\u0438\u0447\u0438\u0438"},"schema":{"@context":"https:\/\/schema.org","@graph":[{"@type":"WebPage","@id":"https:\/\/fdasrl.it\/ru\/prodotto\/%d0%b0%d0%b2%d1%82%d0%be%d0%bc%d0%b0%d1%82%d0%b8%d1%87%d0%b5%d1%81%d0%ba%d0%b0%d1%8f-%d0%bd%d0%b0%d0%ba%d0%bb%d0%be%d0%bd%d0%bd%d0%b0%d1%8f-%d0%bf%d0%be%d0%b8%d0%bb%d0%ba%d0%b0-%d0%b2%d0%b0%d0%bd\/","url":"https:\/\/fdasrl.it\/ru\/prodotto\/%d0%b0%d0%b2%d1%82%d0%be%d0%bc%d0%b0%d1%82%d0%b8%d1%87%d0%b5%d1%81%d0%ba%d0%b0%d1%8f-%d0%bd%d0%b0%d0%ba%d0%bb%d0%be%d0%bd%d0%bd%d0%b0%d1%8f-%d0%bf%d0%be%d0%b8%d0%bb%d0%ba%d0%b0-%d0%b2%d0%b0%d0%bd\/","name":"\u041d\u0430\u043a\u043b\u043e\u043d\u043d\u0430\u044f \u043f\u043e\u0438\u043b\u043a\u0430-\u0432\u0430\u043d\u043d\u0430 \u0438\u0437 \u043d\u0435\u0440\u0436\u0430\u0432\u0435\u044e\u0449\u0435\u0439 \u0441\u0442\u0430\u043b\u0438 FA-V4 \u0434\u043b\u044f \u043a\u043e\u0440\u043e\u0432 \u0438 \u043b\u043e\u0448\u0430\u0434\u0435\u0439 - FDA srl","isPartOf":{"@id":"https:\/\/fdasrl.it\/ru\/#website"},"primaryImageOfPage":{"@id":"https:\/\/fdasrl.it\/ru\/prodotto\/%d0%b0%d0%b2%d1%82%d0%be%d0%bc%d0%b0%d1%82%d0%b8%d1%87%d0%b5%d1%81%d0%ba%d0%b0%d1%8f-%d0%bd%d0%b0%d0%ba%d0%bb%d0%be%d0%bd%d0%bd%d0%b0%d1%8f-%d0%bf%d0%be%d0%b8%d0%bb%d0%ba%d0%b0-%d0%b2%d0%b0%d0%bd\/#primaryimage"},"image":{"@id":"https:\/\/fdasrl.it\/ru\/prodotto\/%d0%b0%d0%b2%d1%82%d0%be%d0%bc%d0%b0%d1%82%d0%b8%d1%87%d0%b5%d1%81%d0%ba%d0%b0%d1%8f-%d0%bd%d0%b0%d0%ba%d0%bb%d0%be%d0%bd%d0%bd%d0%b0%d1%8f-%d0%bf%d0%be%d0%b8%d0%bb%d0%ba%d0%b0-%d0%b2%d0%b0%d0%bd\/#primaryimage"},"thumbnailUrl":"https:\/\/fdasrl.it\/wp-content\/uploads\/2025\/01\/FA-VS4_2.jpg","datePublished":"2025-01-21T09:51:18+00:00","description":"\u0411\u0435\u0437\u043e\u043f\u0430\u0441\u043d\u043e\u0441\u0442\u044c \u0438 \u044d\u0444\u0444\u0435\u043a\u0442\u0438\u0432\u043d\u043e\u0441\u0442\u044c \u0441 \u043d\u0430\u043a\u043b\u043e\u043d\u043d\u043e\u0439 \u043f\u043e\u0438\u043b\u043a\u043e\u0439 FA-V4! \u0418\u0434\u0435\u0430\u043b\u044c\u043d\u043e \u043f\u043e\u0434\u0445\u043e\u0434\u0438\u0442 \u0434\u043b\u044f \u043a\u043e\u0437, \u043a\u043e\u0440\u043e\u0432 \u0438 \u043e\u0432\u0435\u0446, \u0443\u043f\u0440\u043e\u0449\u0430\u044f \u043f\u0440\u043e\u0446\u0435\u0441\u0441 \u0440\u0430\u0437\u0432\u0435\u0434\u0435\u043d\u0438\u044f. \ud83d\udc04","breadcrumb":{"@id":"https:\/\/fdasrl.it\/ru\/prodotto\/%d0%b0%d0%b2%d1%82%d0%be%d0%bc%d0%b0%d1%82%d0%b8%d1%87%d0%b5%d1%81%d0%ba%d0%b0%d1%8f-%d0%bd%d0%b0%d0%ba%d0%bb%d0%be%d0%bd%d0%bd%d0%b0%d1%8f-%d0%bf%d0%be%d0%b8%d0%bb%d0%ba%d0%b0-%d0%b2%d0%b0%d0%bd\/#breadcrumb"},"inLanguage":"ru-RU","potentialAction":[{"@type":"ReadAction","target":["https:\/\/fdasrl.it\/ru\/prodotto\/%d0%b0%d0%b2%d1%82%d0%be%d0%bc%d0%b0%d1%82%d0%b8%d1%87%d0%b5%d1%81%d0%ba%d0%b0%d1%8f-%d0%bd%d0%b0%d0%ba%d0%bb%d0%be%d0%bd%d0%bd%d0%b0%d1%8f-%d0%bf%d0%be%d0%b8%d0%bb%d0%ba%d0%b0-%d0%b2%d0%b0%d0%bd\/"]}]},{"@type":"ImageObject","inLanguage":"ru-RU","@id":"https:\/\/fdasrl.it\/ru\/prodotto\/%d0%b0%d0%b2%d1%82%d0%be%d0%bc%d0%b0%d1%82%d0%b8%d1%87%d0%b5%d1%81%d0%ba%d0%b0%d1%8f-%d0%bd%d0%b0%d0%ba%d0%bb%d0%be%d0%bd%d0%bd%d0%b0%d1%8f-%d0%bf%d0%be%d0%b8%d0%bb%d0%ba%d0%b0-%d0%b2%d0%b0%d0%bd\/#primaryimage","url":"https:\/\/fdasrl.it\/wp-content\/uploads\/2025\/01\/FA-VS4_2.jpg","contentUrl":"https:\/\/fdasrl.it\/wp-content\/uploads\/2025\/01\/FA-VS4_2.jpg","width":800,"height":600},{"@type":"BreadcrumbList","@id":"https:\/\/fdasrl.it\/ru\/prodotto\/%d0%b0%d0%b2%d1%82%d0%be%d0%bc%d0%b0%d1%82%d0%b8%d1%87%d0%b5%d1%81%d0%ba%d0%b0%d1%8f-%d0%bd%d0%b0%d0%ba%d0%bb%d0%be%d0%bd%d0%bd%d0%b0%d1%8f-%d0%bf%d0%be%d0%b8%d0%bb%d0%ba%d0%b0-%d0%b2%d0%b0%d0%bd\/#breadcrumb","itemListElement":[{"@type":"ListItem","position":1,"name":"Home","item":"https:\/\/fdasrl.it\/ru\/%d0%b3%d0%bb%d0%b0%d0%b2%d0%bd%d0%b0%d1%8f\/"},{"@type":"ListItem","position":2,"name":"\u041c\u0430\u0433\u0430\u0437\u0438\u043d","item":"https:\/\/fdasrl.it\/ru\/%d0%bc%d0%b0%d0%b3%d0%b0%d0%b7%d0%b8%d0%bd\/"},{"@type":"ListItem","position":3,"name":"\u0410\u0412\u0422\u041e\u041c\u0410\u0422\u0418\u0427\u0415\u0421\u041a\u0410\u042f \u041d\u0410\u041a\u041b\u041e\u041d\u041d\u0410\u042f \u041f\u041e\u0418\u041b\u041a\u0410-\u0412\u0410\u041d\u041d\u0410 \u0418\u0417 \u041d\u0415\u0420\u0416\u0410\u0412\u0415\u042e\u0429\u0415\u0419 \u0421\u0422\u0410\u041b\u0418"}]},{"@type":"WebSite","@id":"https:\/\/fdasrl.it\/ru\/#website","url":"https:\/\/fdasrl.it\/ru\/","name":"FDA srl","description":"Equipment for animal husbandry","publisher":{"@id":"https:\/\/fdasrl.it\/ru\/#organization"},"potentialAction":[{"@type":"SearchAction","target":{"@type":"EntryPoint","urlTemplate":"https:\/\/fdasrl.it\/ru\/?s={search_term_string}"},"query-input":{"@type":"PropertyValueSpecification","valueRequired":true,"valueName":"search_term_string"}}],"inLanguage":"ru-RU"},{"@type":"Organization","@id":"https:\/\/fdasrl.it\/ru\/#organization","name":"FDA srl","url":"https:\/\/fdasrl.it\/ru\/","logo":{"@type":"ImageObject","inLanguage":"ru-RU","@id":"https:\/\/fdasrl.it\/ru\/#\/schema\/logo\/image\/","url":"https:\/\/fdasrl.it\/wp-content\/uploads\/2024\/12\/Logo-FDA.png","contentUrl":"https:\/\/fdasrl.it\/wp-content\/uploads\/2024\/12\/Logo-FDA.png","width":316,"height":119,"caption":"FDA srl"},"image":{"@id":"https:\/\/fdasrl.it\/ru\/#\/schema\/logo\/image\/"},"sameAs":["https:\/\/www.facebook.com\/share\/1MWhFWg1Tp\/?mibextid=LQQJ4d","https:\/\/www.instagram.com\/fda_srl\/profilecard\/?igsh=YW5lbzJ6MWg0d21u","https:\/\/www.youtube.com\/@FDASRL_ANIMALCARE"],"description":"FDA SRL \u2013 Equipment for animal husbandry nasce con l\u2019obiettivo di offrire soluzioni affidabili e innovative per l\u2019allevamento moderno. Con anni di esperienza nel settore zootecnico, progettiamo e realizziamo attrezzature destinate al benessere animale e alla gestione efficiente delle stalle: vasche, abbeveratoi, mangiatoie e sistemi di riscaldamento pensati per durare nel tempo e semplificare il lavoro quotidiano degli allevatori. Dalla progettazione alla produzione, ogni nostro prodotto \u00e8 studiato nei minimi dettagli, testato con cura e costruito per rispondere alle esigenze reali del settore. La nostra forza \u00e8 unire artigianalit\u00e0, tecnologia e competenza tecnica per trasformare ogni progetto in una soluzione concreta e funzionale. Oggi FDA SRL \u00e8 un punto di riferimento per privati e rivenditori che cercano qualit\u00e0, affidabilit\u00e0 e innovazione nelle attrezzature per l\u2019allevamento.","email":"info@fdasrl.it","telephone":"+390522826820","legalName":"F.D.A. SRL","foundingDate":"2024-10-13","vatID":"03075840359","taxID":"03075840359","numberOfEmployees":{"@type":"QuantitativeValue","minValue":"1","maxValue":"10"}}]},"product_price_currency":"EUR","og_availability":"instock","product_availability":"instock","product_retailer_item_id":"FA-V4","product_condition":"new"},"_links":{"self":[{"href":"https:\/\/fdasrl.it\/ru\/wp-json\/wp\/v2\/product\/3502","targetHints":{"allow":["GET"]}}],"collection":[{"href":"https:\/\/fdasrl.it\/ru\/wp-json\/wp\/v2\/product"}],"about":[{"href":"https:\/\/fdasrl.it\/ru\/wp-json\/wp\/v2\/types\/product"}],"replies":[{"embeddable":true,"href":"https:\/\/fdasrl.it\/ru\/wp-json\/wp\/v2\/comments?post=3502"}],"wp:featuredmedia":[{"embeddable":true,"href":"https:\/\/fdasrl.it\/ru\/wp-json\/wp\/v2\/media\/378"}],"wp:attachment":[{"href":"https:\/\/fdasrl.it\/ru\/wp-json\/wp\/v2\/media?parent=3502"}],"wp:term":[{"taxonomy":"product_brand","embeddable":true,"href":"https:\/\/fdasrl.it\/ru\/wp-json\/wp\/v2\/product_brand?post=3502"},{"taxonomy":"product_cat","embeddable":true,"href":"https:\/\/fdasrl.it\/ru\/wp-json\/wp\/v2\/product_cat?post=3502"},{"taxonomy":"product_tag","embeddable":true,"href":"https:\/\/fdasrl.it\/ru\/wp-json\/wp\/v2\/product_tag?post=3502"}],"curies":[{"name":"wp","href":"https:\/\/api.w.org\/{rel}","templated":true}]}}