{"id":3691,"date":"2025-01-21T11:54:16","date_gmt":"2025-01-21T10:54:16","guid":{"rendered":"https:\/\/fdasrl.it\/prodotto\/%d0%bf%d0%b5%d1%80%d0%b5%d0%bd%d0%be%d1%81%d0%bd%d0%b0%d1%8f-%d0%bf%d0%be%d0%bb%d0%b8%d1%8d%d1%82%d0%b8%d0%bb%d0%b5%d0%bd%d0%be%d0%b2%d0%b0%d1%8f-%d0%ba%d0%be%d1%80%d0%bc%d1%83%d1%88%d0%ba%d0%b0\/"},"modified":"2025-01-21T11:54:16","modified_gmt":"2025-01-21T10:54:16","slug":"%d0%bf%d0%b5%d1%80%d0%b5%d0%bd%d0%be%d1%81%d0%bd%d0%b0%d1%8f-%d0%bf%d0%be%d0%bb%d0%b8%d1%8d%d1%82%d0%b8%d0%bb%d0%b5%d0%bd%d0%be%d0%b2%d0%b0%d1%8f-%d0%ba%d0%be%d1%80%d0%bc%d1%83%d1%88%d0%ba%d0%b0","status":"publish","type":"product","link":"https:\/\/fdasrl.it\/ru\/prodotto\/%d0%bf%d0%b5%d1%80%d0%b5%d0%bd%d0%be%d1%81%d0%bd%d0%b0%d1%8f-%d0%bf%d0%be%d0%bb%d0%b8%d1%8d%d1%82%d0%b8%d0%bb%d0%b5%d0%bd%d0%be%d0%b2%d0%b0%d1%8f-%d0%ba%d0%be%d1%80%d0%bc%d1%83%d1%88%d0%ba%d0%b0\/","title":{"rendered":"\u041f\u0415\u0420\u0415\u041d\u041e\u0421\u041d\u0410\u042f \u041f\u041e\u041b\u0418\u042d\u0422\u0418\u041b\u0415\u041d\u041e\u0412\u0410\u042f \u041a\u041e\u0420\u041c\u0423\u0428\u041a\u0410 \u0414\u041b\u042f \u041b\u041e\u0428\u0410\u0414\u0415\u0419"},"content":{"rendered":"<p>\u041f\u0435\u0440\u0435\u043d\u043e\u0441\u043d\u0430\u044f \u043f\u043e\u043b\u0438\u044d\u0442\u0438\u043b\u0435\u043d\u043e\u0432\u0430\u044f \u043a\u043e\u0440\u043c\u0443\u0448\u043a\u0430 \u0434\u043b\u044f \u043b\u043e\u0448\u0430\u0434\u0435\u0439 \u0441 \u043f\u043b\u0430\u0441\u0442\u0438\u0444\u0438\u0446\u0438\u0440\u043e\u0432\u0430\u043d\u043d\u044b\u043c\u0438 \u043c\u0435\u0442\u0430\u043b\u043b\u0438\u0447\u0435\u0441\u043a\u0438\u043c\u0438 \u043a\u0440\u044e\u043a\u0430\u043c\u0438 \u0438 \u0440\u0443\u0447\u043a\u043e\u0439 \u0438\u0437 \u043e\u0446\u0438\u043d\u043a\u043e\u0432\u0430\u043d\u043d\u043e\u0433\u043e \u043c\u0435\u0442\u0430\u043b\u043b\u0430.<\/p>\n<p>\u041c\u0430\u043d\u0435\u0432\u0440\u0435\u043d\u043d\u0430\u044f, \u0443\u0434\u043e\u0431\u043d\u0430\u044f \u0438 \u043f\u0440\u043e\u0447\u043d\u0430\u044f. \u041b\u0435\u0433\u043a\u043e \u0442\u0440\u0430\u043d\u0441\u043f\u043e\u0440\u0442\u0438\u0440\u0443\u0435\u0442\u0441\u044f \u0431\u043b\u0430\u0433\u043e\u0434\u0430\u0440\u044f \u043c\u0435\u0442\u0430\u043b\u043b\u0438\u0447\u0435\u0441\u043a\u043e\u0439 \u0440\u0443\u0447\u043a\u0435. \u041e\u0441\u043d\u0430\u0449\u0435\u043d\u0430 \u043a\u0440\u043e\u043d\u0448\u0442\u0435\u0439\u043d\u0430\u043c\u0438, \u043a\u043e\u0442\u043e\u0440\u044b\u0435 \u043f\u043e\u0437\u0432\u043e\u043b\u044f\u044e\u0442 \u0432\u0435\u0448\u0430\u0442\u044c \u0438 \u0441\u043d\u0438\u043c\u0430\u0442\u044c \u043a\u043e\u0440\u043c\u0443\u0448\u043a\u0443 \u0441 \u0434\u0435\u043d\u043d\u0438\u043a\u0430. \u041e\u0431\u044a\u0435\u043c: 16 \u043b   <\/p>\n","protected":false},"excerpt":{"rendered":"<p>\u041f\u0435\u0440\u0435\u043d\u043e\u0441\u043d\u0430\u044f \u043f\u043e\u043b\u0438\u044d\u0442\u0438\u043b\u0435\u043d\u043e\u0432\u0430\u044f \u043a\u043e\u0440\u043c\u0443\u0448\u043a\u0430 \u0434\u043b\u044f \u043b\u043e\u0448\u0430\u0434\u0435\u0439 \u0441 \u043f\u043b\u0430\u0441\u0442\u0438\u0444\u0438\u0446\u0438\u0440\u043e\u0432\u0430\u043d\u043d\u044b\u043c\u0438 \u043c\u0435\u0442\u0430\u043b\u043b\u0438\u0447\u0435\u0441\u043a\u0438\u043c\u0438 \u043a\u0440\u044e\u043a\u0430\u043c\u0438 \u0438 \u0440\u0443\u0447\u043a\u043e\u0439 \u0438\u0437 \u043e\u0446\u0438\u043d\u043a\u043e\u0432\u0430\u043d\u043d\u043e\u0433\u043e \u043c\u0435\u0442\u0430\u043b\u043b\u0430. \u041c\u0430\u043d\u0435\u0432\u0440\u0435\u043d\u043d\u0430\u044f, \u0443\u0434\u043e\u0431\u043d\u0430\u044f \u0438 \u043f\u0440\u043e\u0447\u043d\u0430\u044f. \u041b\u0435\u0433\u043a\u043e \u0442\u0440\u0430\u043d\u0441\u043f\u043e\u0440\u0442\u0438\u0440\u0443\u0435\u0442\u0441\u044f \u0431\u043b\u0430\u0433\u043e\u0434\u0430\u0440\u044f \u043c\u0435\u0442\u0430\u043b\u043b\u0438\u0447\u0435\u0441\u043a\u043e\u0439 \u0440\u0443\u0447\u043a\u0435. \u041e\u0441\u043d\u0430\u0449\u0435\u043d\u0430 \u043a\u0440\u043e\u043d\u0448\u0442\u0435\u0439\u043d\u0430\u043c\u0438, \u043a\u043e\u0442\u043e\u0440\u044b\u0435 \u043f\u043e\u0437\u0432\u043e\u043b\u044f\u044e\u0442 \u0432\u0435\u0448\u0430\u0442\u044c \u0438 \u0441\u043d\u0438\u043c\u0430\u0442\u044c \u043a\u043e\u0440\u043c\u0443\u0448\u043a\u0443 \u0441 \u0434\u0435\u043d\u043d\u0438\u043a\u0430. \u041e\u0431\u044a\u0435\u043c: 16 \u043b<\/p>\n","protected":false},"featured_media":644,"comment_status":"open","ping_status":"closed","template":"","meta":{"_et_pb_use_builder":"","_et_pb_old_content":"","_et_gb_content_width":""},"product_brand":[],"product_cat":[737,591],"product_tag":[894],"class_list":{"0":"post-3691","1":"product","2":"type-product","3":"status-publish","4":"has-post-thumbnail","6":"product_cat-737","7":"product_cat-591","8":"product_tag-fa-ma2","10":"first","11":"instock","12":"shipping-taxable","13":"product-type-simple"},"yoast_head":"<!-- This site is optimized with the Yoast SEO Premium plugin v27.5 (Yoast SEO v27.5) - https:\/\/yoast.com\/product\/yoast-seo-premium-wordpress\/ -->\n<title>\u041f\u0415\u0420\u0415\u041d\u041e\u0421\u041d\u0410\u042f \u041f\u041e\u041b\u0418\u042d\u0422\u0418\u041b\u0415\u041d\u041e\u0412\u0410\u042f \u041a\u041e\u0420\u041c\u0423\u0428\u041a\u0410 \u0414\u041b\u042f \u041b\u041e\u0428\u0410\u0414\u0415\u0419 - FDA srl<\/title>\n<meta name=\"description\" content=\"\u041f\u0435\u0440\u0435\u043d\u043e\u0441\u043d\u0430\u044f \u043f\u043e\u043b\u0438\u044d\u0442\u0438\u043b\u0435\u043d\u043e\u0432\u0430\u044f \u043a\u043e\u0440\u043c\u0443\u0448\u043a\u0430 \u0434\u043b\u044f \u043b\u043e\u0448\u0430\u0434\u0435\u0439 \u0441 \u043f\u043b\u0430\u0441\u0442\u0438\u0444\u0438\u0446\u0438\u0440\u043e\u0432\u0430\u043d\u043d\u044b\u043c\u0438 \u043c\u0435\u0442\u0430\u043b\u043b\u0438\u0447\u0435\u0441\u043a\u0438\u043c\u0438 \u043a\u0440\u044e\u043a\u0430\u043c\u0438 \u0438 \u0440\u0443\u0447\u043a\u043e\u0439 \u0438\u0437 \u043e\u0446\u0438\u043d\u043a\u043e\u0432\u0430\u043d\u043d\u043e\u0433\u043e \u043c\u0435\u0442\u0430\u043b\u043b\u0430. \u041c\u0430\u043d\u0435\u0432\u0440\u0435\u043d\u043d\u0430\u044f, \u0443\u0434\u043e\u0431\u043d\u0430\u044f \u0438\" \/>\n<meta name=\"robots\" content=\"index, follow, max-snippet:-1, max-image-preview:large, max-video-preview:-1\" \/>\n<link rel=\"canonical\" href=\"https:\/\/fdasrl.it\/ru\/prodotto\/%d0%bf%d0%b5%d1%80%d0%b5%d0%bd%d0%be%d1%81%d0%bd%d0%b0%d1%8f-%d0%bf%d0%be%d0%bb%d0%b8%d1%8d%d1%82%d0%b8%d0%bb%d0%b5%d0%bd%d0%be%d0%b2%d0%b0%d1%8f-%d0%ba%d0%be%d1%80%d0%bc%d1%83%d1%88%d0%ba%d0%b0\/\" \/>\n<meta property=\"og:locale\" content=\"ru_RU\" \/>\n<meta property=\"og:type\" content=\"article\" \/>\n<meta property=\"og:title\" content=\"\u041f\u0415\u0420\u0415\u041d\u041e\u0421\u041d\u0410\u042f \u041f\u041e\u041b\u0418\u042d\u0422\u0418\u041b\u0415\u041d\u041e\u0412\u0410\u042f \u041a\u041e\u0420\u041c\u0423\u0428\u041a\u0410 \u0414\u041b\u042f \u041b\u041e\u0428\u0410\u0414\u0415\u0419\" \/>\n<meta property=\"og:description\" content=\"\u041f\u0435\u0440\u0435\u043d\u043e\u0441\u043d\u0430\u044f \u043f\u043e\u043b\u0438\u044d\u0442\u0438\u043b\u0435\u043d\u043e\u0432\u0430\u044f \u043a\u043e\u0440\u043c\u0443\u0448\u043a\u0430 \u0434\u043b\u044f \u043b\u043e\u0448\u0430\u0434\u0435\u0439 \u0441 \u043f\u043b\u0430\u0441\u0442\u0438\u0444\u0438\u0446\u0438\u0440\u043e\u0432\u0430\u043d\u043d\u044b\u043c\u0438 \u043c\u0435\u0442\u0430\u043b\u043b\u0438\u0447\u0435\u0441\u043a\u0438\u043c\u0438 \u043a\u0440\u044e\u043a\u0430\u043c\u0438 \u0438 \u0440\u0443\u0447\u043a\u043e\u0439 \u0438\u0437 \u043e\u0446\u0438\u043d\u043a\u043e\u0432\u0430\u043d\u043d\u043e\u0433\u043e \u043c\u0435\u0442\u0430\u043b\u043b\u0430. \u041c\u0430\u043d\u0435\u0432\u0440\u0435\u043d\u043d\u0430\u044f, \u0443\u0434\u043e\u0431\u043d\u0430\u044f \u0438\" \/>\n<meta property=\"og:url\" content=\"https:\/\/fdasrl.it\/ru\/prodotto\/%d0%bf%d0%b5%d1%80%d0%b5%d0%bd%d0%be%d1%81%d0%bd%d0%b0%d1%8f-%d0%bf%d0%be%d0%bb%d0%b8%d1%8d%d1%82%d0%b8%d0%bb%d0%b5%d0%bd%d0%be%d0%b2%d0%b0%d1%8f-%d0%ba%d0%be%d1%80%d0%bc%d1%83%d1%88%d0%ba%d0%b0\/\" \/>\n<meta property=\"og:site_name\" content=\"FDA srl\" \/>\n<meta property=\"article:publisher\" content=\"https:\/\/www.facebook.com\/share\/1MWhFWg1Tp\/?mibextid=LQQJ4d\" \/>\n<meta property=\"og:image\" content=\"https:\/\/fdasrl.it\/wp-content\/uploads\/2025\/01\/mangiatoia-portatile-in-polietilene-per-cavalli-fa-ma2.jpg\" \/>\n\t<meta property=\"og:image:width\" content=\"1500\" \/>\n\t<meta property=\"og:image:height\" content=\"1500\" \/>\n\t<meta property=\"og:image:type\" content=\"image\/jpeg\" \/>\n<meta name=\"twitter:card\" content=\"summary_large_image\" \/>\n<meta name=\"twitter:label1\" content=\"\u0426\u0435\u043d\u0430\" \/>\n\t<meta name=\"twitter:data1\" content=\"\" \/>\n\t<meta name=\"twitter:label2\" content=\"\u0414\u043e\u0441\u0442\u0443\u043f\u043d\u043e\u0441\u0442\u044c\" \/>\n\t<meta name=\"twitter:data2\" content=\"\u0412 \u043d\u0430\u043b\u0438\u0447\u0438\u0438\" \/>\n<meta property=\"product:price:currency\" content=\"EUR\" \/>\n<meta property=\"og:availability\" content=\"instock\" \/>\n<meta property=\"product:availability\" content=\"instock\" \/>\n<meta property=\"product:condition\" content=\"new\" \/>\n<!-- \/ Yoast SEO Premium plugin. -->","yoast_head_json":{"title":"\u041f\u0415\u0420\u0415\u041d\u041e\u0421\u041d\u0410\u042f \u041f\u041e\u041b\u0418\u042d\u0422\u0418\u041b\u0415\u041d\u041e\u0412\u0410\u042f \u041a\u041e\u0420\u041c\u0423\u0428\u041a\u0410 \u0414\u041b\u042f \u041b\u041e\u0428\u0410\u0414\u0415\u0419 - FDA srl","description":"\u041f\u0435\u0440\u0435\u043d\u043e\u0441\u043d\u0430\u044f \u043f\u043e\u043b\u0438\u044d\u0442\u0438\u043b\u0435\u043d\u043e\u0432\u0430\u044f \u043a\u043e\u0440\u043c\u0443\u0448\u043a\u0430 \u0434\u043b\u044f \u043b\u043e\u0448\u0430\u0434\u0435\u0439 \u0441 \u043f\u043b\u0430\u0441\u0442\u0438\u0444\u0438\u0446\u0438\u0440\u043e\u0432\u0430\u043d\u043d\u044b\u043c\u0438 \u043c\u0435\u0442\u0430\u043b\u043b\u0438\u0447\u0435\u0441\u043a\u0438\u043c\u0438 \u043a\u0440\u044e\u043a\u0430\u043c\u0438 \u0438 \u0440\u0443\u0447\u043a\u043e\u0439 \u0438\u0437 \u043e\u0446\u0438\u043d\u043a\u043e\u0432\u0430\u043d\u043d\u043e\u0433\u043e \u043c\u0435\u0442\u0430\u043b\u043b\u0430. \u041c\u0430\u043d\u0435\u0432\u0440\u0435\u043d\u043d\u0430\u044f, \u0443\u0434\u043e\u0431\u043d\u0430\u044f \u0438","robots":{"index":"index","follow":"follow","max-snippet":"max-snippet:-1","max-image-preview":"max-image-preview:large","max-video-preview":"max-video-preview:-1"},"canonical":"https:\/\/fdasrl.it\/ru\/prodotto\/%d0%bf%d0%b5%d1%80%d0%b5%d0%bd%d0%be%d1%81%d0%bd%d0%b0%d1%8f-%d0%bf%d0%be%d0%bb%d0%b8%d1%8d%d1%82%d0%b8%d0%bb%d0%b5%d0%bd%d0%be%d0%b2%d0%b0%d1%8f-%d0%ba%d0%be%d1%80%d0%bc%d1%83%d1%88%d0%ba%d0%b0\/","og_locale":"ru_RU","og_type":"article","og_title":"\u041f\u0415\u0420\u0415\u041d\u041e\u0421\u041d\u0410\u042f \u041f\u041e\u041b\u0418\u042d\u0422\u0418\u041b\u0415\u041d\u041e\u0412\u0410\u042f \u041a\u041e\u0420\u041c\u0423\u0428\u041a\u0410 \u0414\u041b\u042f \u041b\u041e\u0428\u0410\u0414\u0415\u0419","og_description":"\u041f\u0435\u0440\u0435\u043d\u043e\u0441\u043d\u0430\u044f \u043f\u043e\u043b\u0438\u044d\u0442\u0438\u043b\u0435\u043d\u043e\u0432\u0430\u044f \u043a\u043e\u0440\u043c\u0443\u0448\u043a\u0430 \u0434\u043b\u044f \u043b\u043e\u0448\u0430\u0434\u0435\u0439 \u0441 \u043f\u043b\u0430\u0441\u0442\u0438\u0444\u0438\u0446\u0438\u0440\u043e\u0432\u0430\u043d\u043d\u044b\u043c\u0438 \u043c\u0435\u0442\u0430\u043b\u043b\u0438\u0447\u0435\u0441\u043a\u0438\u043c\u0438 \u043a\u0440\u044e\u043a\u0430\u043c\u0438 \u0438 \u0440\u0443\u0447\u043a\u043e\u0439 \u0438\u0437 \u043e\u0446\u0438\u043d\u043a\u043e\u0432\u0430\u043d\u043d\u043e\u0433\u043e \u043c\u0435\u0442\u0430\u043b\u043b\u0430. \u041c\u0430\u043d\u0435\u0432\u0440\u0435\u043d\u043d\u0430\u044f, \u0443\u0434\u043e\u0431\u043d\u0430\u044f \u0438","og_url":"https:\/\/fdasrl.it\/ru\/prodotto\/%d0%bf%d0%b5%d1%80%d0%b5%d0%bd%d0%be%d1%81%d0%bd%d0%b0%d1%8f-%d0%bf%d0%be%d0%bb%d0%b8%d1%8d%d1%82%d0%b8%d0%bb%d0%b5%d0%bd%d0%be%d0%b2%d0%b0%d1%8f-%d0%ba%d0%be%d1%80%d0%bc%d1%83%d1%88%d0%ba%d0%b0\/","og_site_name":"FDA srl","article_publisher":"https:\/\/www.facebook.com\/share\/1MWhFWg1Tp\/?mibextid=LQQJ4d","og_image":[{"width":1500,"height":1500,"url":"https:\/\/fdasrl.it\/wp-content\/uploads\/2025\/01\/mangiatoia-portatile-in-polietilene-per-cavalli-fa-ma2.jpg","type":"image\/jpeg"}],"twitter_card":"summary_large_image","twitter_misc":{"\u0426\u0435\u043d\u0430":"","\u0414\u043e\u0441\u0442\u0443\u043f\u043d\u043e\u0441\u0442\u044c":"\u0412 \u043d\u0430\u043b\u0438\u0447\u0438\u0438"},"schema":{"@context":"https:\/\/schema.org","@graph":[{"@type":"WebPage","@id":"https:\/\/fdasrl.it\/ru\/prodotto\/%d0%bf%d0%b5%d1%80%d0%b5%d0%bd%d0%be%d1%81%d0%bd%d0%b0%d1%8f-%d0%bf%d0%be%d0%bb%d0%b8%d1%8d%d1%82%d0%b8%d0%bb%d0%b5%d0%bd%d0%be%d0%b2%d0%b0%d1%8f-%d0%ba%d0%be%d1%80%d0%bc%d1%83%d1%88%d0%ba%d0%b0\/","url":"https:\/\/fdasrl.it\/ru\/prodotto\/%d0%bf%d0%b5%d1%80%d0%b5%d0%bd%d0%be%d1%81%d0%bd%d0%b0%d1%8f-%d0%bf%d0%be%d0%bb%d0%b8%d1%8d%d1%82%d0%b8%d0%bb%d0%b5%d0%bd%d0%be%d0%b2%d0%b0%d1%8f-%d0%ba%d0%be%d1%80%d0%bc%d1%83%d1%88%d0%ba%d0%b0\/","name":"\u041f\u0415\u0420\u0415\u041d\u041e\u0421\u041d\u0410\u042f \u041f\u041e\u041b\u0418\u042d\u0422\u0418\u041b\u0415\u041d\u041e\u0412\u0410\u042f \u041a\u041e\u0420\u041c\u0423\u0428\u041a\u0410 \u0414\u041b\u042f \u041b\u041e\u0428\u0410\u0414\u0415\u0419 - FDA srl","isPartOf":{"@id":"https:\/\/fdasrl.it\/ru\/#website"},"primaryImageOfPage":{"@id":"https:\/\/fdasrl.it\/ru\/prodotto\/%d0%bf%d0%b5%d1%80%d0%b5%d0%bd%d0%be%d1%81%d0%bd%d0%b0%d1%8f-%d0%bf%d0%be%d0%bb%d0%b8%d1%8d%d1%82%d0%b8%d0%bb%d0%b5%d0%bd%d0%be%d0%b2%d0%b0%d1%8f-%d0%ba%d0%be%d1%80%d0%bc%d1%83%d1%88%d0%ba%d0%b0\/#primaryimage"},"image":{"@id":"https:\/\/fdasrl.it\/ru\/prodotto\/%d0%bf%d0%b5%d1%80%d0%b5%d0%bd%d0%be%d1%81%d0%bd%d0%b0%d1%8f-%d0%bf%d0%be%d0%bb%d0%b8%d1%8d%d1%82%d0%b8%d0%bb%d0%b5%d0%bd%d0%be%d0%b2%d0%b0%d1%8f-%d0%ba%d0%be%d1%80%d0%bc%d1%83%d1%88%d0%ba%d0%b0\/#primaryimage"},"thumbnailUrl":"https:\/\/fdasrl.it\/wp-content\/uploads\/2025\/01\/mangiatoia-portatile-in-polietilene-per-cavalli-fa-ma2.jpg","datePublished":"2025-01-21T10:54:16+00:00","description":"\u041f\u0435\u0440\u0435\u043d\u043e\u0441\u043d\u0430\u044f \u043f\u043e\u043b\u0438\u044d\u0442\u0438\u043b\u0435\u043d\u043e\u0432\u0430\u044f \u043a\u043e\u0440\u043c\u0443\u0448\u043a\u0430 \u0434\u043b\u044f \u043b\u043e\u0448\u0430\u0434\u0435\u0439 \u0441 \u043f\u043b\u0430\u0441\u0442\u0438\u0444\u0438\u0446\u0438\u0440\u043e\u0432\u0430\u043d\u043d\u044b\u043c\u0438 \u043c\u0435\u0442\u0430\u043b\u043b\u0438\u0447\u0435\u0441\u043a\u0438\u043c\u0438 \u043a\u0440\u044e\u043a\u0430\u043c\u0438 \u0438 \u0440\u0443\u0447\u043a\u043e\u0439 \u0438\u0437 \u043e\u0446\u0438\u043d\u043a\u043e\u0432\u0430\u043d\u043d\u043e\u0433\u043e \u043c\u0435\u0442\u0430\u043b\u043b\u0430. \u041c\u0430\u043d\u0435\u0432\u0440\u0435\u043d\u043d\u0430\u044f, \u0443\u0434\u043e\u0431\u043d\u0430\u044f \u0438","breadcrumb":{"@id":"https:\/\/fdasrl.it\/ru\/prodotto\/%d0%bf%d0%b5%d1%80%d0%b5%d0%bd%d0%be%d1%81%d0%bd%d0%b0%d1%8f-%d0%bf%d0%be%d0%bb%d0%b8%d1%8d%d1%82%d0%b8%d0%bb%d0%b5%d0%bd%d0%be%d0%b2%d0%b0%d1%8f-%d0%ba%d0%be%d1%80%d0%bc%d1%83%d1%88%d0%ba%d0%b0\/#breadcrumb"},"inLanguage":"ru-RU","potentialAction":[{"@type":"ReadAction","target":["https:\/\/fdasrl.it\/ru\/prodotto\/%d0%bf%d0%b5%d1%80%d0%b5%d0%bd%d0%be%d1%81%d0%bd%d0%b0%d1%8f-%d0%bf%d0%be%d0%bb%d0%b8%d1%8d%d1%82%d0%b8%d0%bb%d0%b5%d0%bd%d0%be%d0%b2%d0%b0%d1%8f-%d0%ba%d0%be%d1%80%d0%bc%d1%83%d1%88%d0%ba%d0%b0\/"]}]},{"@type":"ImageObject","inLanguage":"ru-RU","@id":"https:\/\/fdasrl.it\/ru\/prodotto\/%d0%bf%d0%b5%d1%80%d0%b5%d0%bd%d0%be%d1%81%d0%bd%d0%b0%d1%8f-%d0%bf%d0%be%d0%bb%d0%b8%d1%8d%d1%82%d0%b8%d0%bb%d0%b5%d0%bd%d0%be%d0%b2%d0%b0%d1%8f-%d0%ba%d0%be%d1%80%d0%bc%d1%83%d1%88%d0%ba%d0%b0\/#primaryimage","url":"https:\/\/fdasrl.it\/wp-content\/uploads\/2025\/01\/mangiatoia-portatile-in-polietilene-per-cavalli-fa-ma2.jpg","contentUrl":"https:\/\/fdasrl.it\/wp-content\/uploads\/2025\/01\/mangiatoia-portatile-in-polietilene-per-cavalli-fa-ma2.jpg","width":1500,"height":1500,"caption":"perenosnaya-polietilenovaya-kormushka-dlya-loshadey-fa-ma2"},{"@type":"BreadcrumbList","@id":"https:\/\/fdasrl.it\/ru\/prodotto\/%d0%bf%d0%b5%d1%80%d0%b5%d0%bd%d0%be%d1%81%d0%bd%d0%b0%d1%8f-%d0%bf%d0%be%d0%bb%d0%b8%d1%8d%d1%82%d0%b8%d0%bb%d0%b5%d0%bd%d0%be%d0%b2%d0%b0%d1%8f-%d0%ba%d0%be%d1%80%d0%bc%d1%83%d1%88%d0%ba%d0%b0\/#breadcrumb","itemListElement":[{"@type":"ListItem","position":1,"name":"Home","item":"https:\/\/fdasrl.it\/ru\/%d0%b3%d0%bb%d0%b0%d0%b2%d0%bd%d0%b0%d1%8f\/"},{"@type":"ListItem","position":2,"name":"\u041c\u0430\u0433\u0430\u0437\u0438\u043d","item":"https:\/\/fdasrl.it\/ru\/%d0%bc%d0%b0%d0%b3%d0%b0%d0%b7%d0%b8%d0%bd\/"},{"@type":"ListItem","position":3,"name":"\u041f\u0415\u0420\u0415\u041d\u041e\u0421\u041d\u0410\u042f \u041f\u041e\u041b\u0418\u042d\u0422\u0418\u041b\u0415\u041d\u041e\u0412\u0410\u042f \u041a\u041e\u0420\u041c\u0423\u0428\u041a\u0410 \u0414\u041b\u042f \u041b\u041e\u0428\u0410\u0414\u0415\u0419"}]},{"@type":"WebSite","@id":"https:\/\/fdasrl.it\/ru\/#website","url":"https:\/\/fdasrl.it\/ru\/","name":"FDA srl","description":"Equipment for animal husbandry","publisher":{"@id":"https:\/\/fdasrl.it\/ru\/#organization"},"potentialAction":[{"@type":"SearchAction","target":{"@type":"EntryPoint","urlTemplate":"https:\/\/fdasrl.it\/ru\/?s={search_term_string}"},"query-input":{"@type":"PropertyValueSpecification","valueRequired":true,"valueName":"search_term_string"}}],"inLanguage":"ru-RU"},{"@type":"Organization","@id":"https:\/\/fdasrl.it\/ru\/#organization","name":"FDA srl","url":"https:\/\/fdasrl.it\/ru\/","logo":{"@type":"ImageObject","inLanguage":"ru-RU","@id":"https:\/\/fdasrl.it\/ru\/#\/schema\/logo\/image\/","url":"https:\/\/fdasrl.it\/wp-content\/uploads\/2024\/12\/Logo-FDA.png","contentUrl":"https:\/\/fdasrl.it\/wp-content\/uploads\/2024\/12\/Logo-FDA.png","width":316,"height":119,"caption":"FDA srl"},"image":{"@id":"https:\/\/fdasrl.it\/ru\/#\/schema\/logo\/image\/"},"sameAs":["https:\/\/www.facebook.com\/share\/1MWhFWg1Tp\/?mibextid=LQQJ4d","https:\/\/www.instagram.com\/fda_srl\/profilecard\/?igsh=YW5lbzJ6MWg0d21u","https:\/\/www.youtube.com\/@FDASRL_ANIMALCARE"],"description":"FDA SRL \u2013 Equipment for animal husbandry nasce con l\u2019obiettivo di offrire soluzioni affidabili e innovative per l\u2019allevamento moderno. Con anni di esperienza nel settore zootecnico, progettiamo e realizziamo attrezzature destinate al benessere animale e alla gestione efficiente delle stalle: vasche, abbeveratoi, mangiatoie e sistemi di riscaldamento pensati per durare nel tempo e semplificare il lavoro quotidiano degli allevatori. Dalla progettazione alla produzione, ogni nostro prodotto \u00e8 studiato nei minimi dettagli, testato con cura e costruito per rispondere alle esigenze reali del settore. La nostra forza \u00e8 unire artigianalit\u00e0, tecnologia e competenza tecnica per trasformare ogni progetto in una soluzione concreta e funzionale. Oggi FDA SRL \u00e8 un punto di riferimento per privati e rivenditori che cercano qualit\u00e0, affidabilit\u00e0 e innovazione nelle attrezzature per l\u2019allevamento.","email":"info@fdasrl.it","telephone":"+390522826820","legalName":"F.D.A. SRL","foundingDate":"2024-10-13","vatID":"03075840359","taxID":"03075840359","numberOfEmployees":{"@type":"QuantitativeValue","minValue":"1","maxValue":"10"}}]},"product_price_currency":"EUR","og_availability":"instock","product_availability":"instock","product_condition":"new"},"_links":{"self":[{"href":"https:\/\/fdasrl.it\/ru\/wp-json\/wp\/v2\/product\/3691","targetHints":{"allow":["GET"]}}],"collection":[{"href":"https:\/\/fdasrl.it\/ru\/wp-json\/wp\/v2\/product"}],"about":[{"href":"https:\/\/fdasrl.it\/ru\/wp-json\/wp\/v2\/types\/product"}],"replies":[{"embeddable":true,"href":"https:\/\/fdasrl.it\/ru\/wp-json\/wp\/v2\/comments?post=3691"}],"wp:featuredmedia":[{"embeddable":true,"href":"https:\/\/fdasrl.it\/ru\/wp-json\/wp\/v2\/media\/644"}],"wp:attachment":[{"href":"https:\/\/fdasrl.it\/ru\/wp-json\/wp\/v2\/media?parent=3691"}],"wp:term":[{"taxonomy":"product_brand","embeddable":true,"href":"https:\/\/fdasrl.it\/ru\/wp-json\/wp\/v2\/product_brand?post=3691"},{"taxonomy":"product_cat","embeddable":true,"href":"https:\/\/fdasrl.it\/ru\/wp-json\/wp\/v2\/product_cat?post=3691"},{"taxonomy":"product_tag","embeddable":true,"href":"https:\/\/fdasrl.it\/ru\/wp-json\/wp\/v2\/product_tag?post=3691"}],"curies":[{"name":"wp","href":"https:\/\/api.w.org\/{rel}","templated":true}]}}