{"id":4003,"date":"2025-01-21T09:57:19","date_gmt":"2025-01-21T08:57:19","guid":{"rendered":"https:\/\/fdasrl.it\/prodotto\/%d1%87%d1%83%d0%b3%d1%83%d0%bd%d0%bd%d0%b0%d1%8f-%d0%bf%d0%be%d0%b8%d0%bb%d0%ba%d0%b0-%d1%81-%d0%b0%d0%b2%d1%82%d0%be%d0%bc%d0%b0%d1%82%d0%b8%d1%87%d0%b5%d1%81%d0%ba%d0%b8%d0%bc-%d1%83%d1%80%d0%be\/"},"modified":"2025-01-21T09:57:19","modified_gmt":"2025-01-21T08:57:19","slug":"%d1%87%d1%83%d0%b3%d1%83%d0%bd%d0%bd%d0%b0%d1%8f-%d0%bf%d0%be%d0%b8%d0%bb%d0%ba%d0%b0-%d1%81-%d0%b0%d0%b2%d1%82%d0%be%d0%bc%d0%b0%d1%82%d0%b8%d1%87%d0%b5%d1%81%d0%ba%d0%b8%d0%bc-%d1%83%d1%80%d0%be","status":"publish","type":"product","link":"https:\/\/fdasrl.it\/ru\/prodotto\/%d1%87%d1%83%d0%b3%d1%83%d0%bd%d0%bd%d0%b0%d1%8f-%d0%bf%d0%be%d0%b8%d0%bb%d0%ba%d0%b0-%d1%81-%d0%b0%d0%b2%d1%82%d0%be%d0%bc%d0%b0%d1%82%d0%b8%d1%87%d0%b5%d1%81%d0%ba%d0%b8%d0%bc-%d1%83%d1%80%d0%be\/","title":{"rendered":"\u0427\u0443\u0433\u0443\u043d\u043d\u0430\u044f \u043f\u043e\u0438\u043b\u043a\u0430 \u0441 \u0430\u0432\u0442\u043e\u043c\u0430\u0442\u0438\u0447\u0435\u0441\u043a\u0438\u043c \u0443\u0440\u043e\u0432\u043d\u0435\u043c \u0434\u043b\u044f \u041a\u0420\u0421 \u0438 \u043b\u043e\u0448\u0430\u0434\u0435\u0439"},"content":{"rendered":"<h3 data-start=\"396\" data-end=\"488\">\u0427\u0443\u0433\u0443\u043d\u043d\u0430\u044f \u043f\u043e\u0438\u043b\u043a\u0430 \u0441 \u0430\u0432\u0442\u043e\u043c\u0430\u0442\u0438\u0447\u0435\u0441\u043a\u0438\u043c \u043f\u043e\u0434\u0434\u0435\u0440\u0436\u0430\u043d\u0438\u0435\u043c \u0443\u0440\u043e\u0432\u043d\u044f \u0432\u043e\u0434\u044b \u043d\u0430 4,5 \u043b\u0438\u0442\u0440\u0430 \u0434\u043b\u044f \u041a\u0420\u0421 \u0438 \u043b\u043e\u0448\u0430\u0434\u0435\u0439 \u2014 \u043c\u043e\u0434\u0435\u043b\u044c FDA<\/h3>\n<h4 data-start=\"490\" data-end=\"780\">\u0410\u0432\u0442\u043e\u043c\u0430\u0442\u0438\u0447\u0435\u0441\u043a\u0430\u044f \u043f\u043e\u0438\u043b\u043a\u0430 FDA \u2014 \u0438\u0434\u0435\u0430\u043b\u044c\u043d\u043e\u0435 \u0440\u0435\u0448\u0435\u043d\u0438\u0435 \u0434\u043b\u044f \u043e\u0431\u0435\u0441\u043f\u0435\u0447\u0435\u043d\u0438\u044f \u043f\u043e\u0441\u0442\u043e\u044f\u043d\u043d\u043e\u0433\u043e \u0438 \u0431\u0435\u0437\u043e\u043f\u0430\u0441\u043d\u043e\u0433\u043e \u0432\u043e\u0434\u043e\u043f\u043e\u044f \u041a\u0420\u0421 \u0438 \u043b\u043e\u0448\u0430\u0434\u0435\u0439.<\/h4>\n<p data-start=\"490\" data-end=\"780\">\u0418\u0437\u0433\u043e\u0442\u043e\u0432\u043b\u0435\u043d\u043d\u0430\u044f \u0438\u0437 <strong data-start=\"639\" data-end=\"700\">\u044d\u043c\u0430\u043b\u0438\u0440\u043e\u0432\u0430\u043d\u043d\u043e\u0433\u043e \u0447\u0443\u0433\u0443\u043d\u0430 \u0441 \u043a\u0430\u0442\u0430\u0444\u043e\u0440\u0435\u0437\u043d\u044b\u043c \u043f\u043e\u043a\u0440\u044b\u0442\u0438\u0435\u043c<\/strong>, \u043e\u043d\u0430 \u0440\u0430\u0441\u0441\u0447\u0438\u0442\u0430\u043d\u0430 \u043d\u0430 \u0434\u043b\u0438\u0442\u0435\u043b\u044c\u043d\u044b\u0439 \u0441\u0440\u043e\u043a \u0441\u043b\u0443\u0436\u0431\u044b \u0434\u0430\u0436\u0435 \u0432 \u0441\u043b\u043e\u0436\u043d\u044b\u0445 \u0443\u0441\u043b\u043e\u0432\u0438\u044f\u0445 \u0436\u0438\u0432\u043e\u0442\u043d\u043e\u0432\u043e\u0434\u0447\u0435\u0441\u043a\u0438\u0445 \u0444\u0435\u0440\u043c.<\/p>\n<p data-start=\"782\" data-end=\"1116\">\u041e\u0441\u043d\u0430\u0449\u0435\u043d\u043d\u0430\u044f <strong data-start=\"792\" data-end=\"843\">\u0440\u0435\u0433\u0443\u043b\u0438\u0440\u0443\u0435\u043c\u044b\u043c \u043f\u043e\u043f\u043b\u0430\u0432\u043a\u043e\u0432\u044b\u043c \u043a\u043b\u0430\u043f\u0430\u043d\u043e\u043c FAR 16P<\/strong>, \u043f\u043e\u0438\u043b\u043a\u0430 \u0430\u0432\u0442\u043e\u043c\u0430\u0442\u0438\u0447\u0435\u0441\u043a\u0438 \u043f\u043e\u0434\u0434\u0435\u0440\u0436\u0438\u0432\u0430\u0435\u0442 \u043f\u043e\u0441\u0442\u043e\u044f\u043d\u043d\u044b\u0439 \u0443\u0440\u043e\u0432\u0435\u043d\u044c \u0432\u043e\u0434\u044b, \u0441\u043e\u043a\u0440\u0430\u0449\u0430\u044f \u043f\u043e\u0442\u0435\u0440\u0438 \u0438 \u0440\u0443\u0447\u043d\u043e\u0439 \u0442\u0440\u0443\u0434. <strong data-start=\"945\" data-end=\"979\">\u0417\u0430\u0449\u0438\u0442\u0430 \u0438\u0437 \u043d\u0435\u0440\u0436\u0430\u0432\u0435\u044e\u0449\u0435\u0439 \u0441\u0442\u0430\u043b\u0438 304<\/strong> \u043e\u0431\u0435\u0441\u043f\u0435\u0447\u0438\u0432\u0430\u0435\u0442 \u0434\u043e\u043f\u043e\u043b\u043d\u0438\u0442\u0435\u043b\u044c\u043d\u0443\u044e \u043f\u0440\u043e\u0447\u043d\u043e\u0441\u0442\u044c \u0438 \u0433\u0438\u0433\u0438\u0435\u043d\u0443, \u0430 <strong data-start=\"1030\" data-end=\"1060\">\u0432\u0441\u0442\u0440\u043e\u0435\u043d\u043d\u0430\u044f \u0441\u043b\u0438\u0432\u043d\u0430\u044f \u043f\u0440\u043e\u0431\u043a\u0430<\/strong> \u043f\u043e\u0437\u0432\u043e\u043b\u044f\u0435\u0442 \u0431\u044b\u0441\u0442\u0440\u043e \u0438 \u043b\u0435\u0433\u043a\u043e \u043e\u0447\u0438\u0449\u0430\u0442\u044c \u0447\u0430\u0448\u0443. <\/p>\n<p data-start=\"1118\" data-end=\"1253\">\u0411\u043b\u0430\u0433\u043e\u0434\u0430\u0440\u044f <strong data-start=\"1128\" data-end=\"1157\">\u043a\u043e\u043c\u043f\u0430\u043a\u0442\u043d\u043e\u0439 \u0438 \u043f\u0440\u043e\u0447\u043d\u043e\u0439 \u043a\u043e\u043d\u0441\u0442\u0440\u0443\u043a\u0446\u0438\u0438<\/strong> \u043f\u043e\u0438\u043b\u043a\u0443 \u043c\u043e\u0436\u043d\u043e \u0443\u0441\u0442\u0430\u043d\u0430\u0432\u043b\u0438\u0432\u0430\u0442\u044c \u043d\u0430 <strong data-start=\"1198\" data-end=\"1222\">\u0441\u0442\u0435\u043d\u0443 \u0438\u043b\u0438 \u0441\u0442\u043e\u0439\u043a\u0443<\/strong> \u0441 \u043f\u043e\u0434\u0432\u043e\u0434\u043e\u043c \u0432\u043e\u0434\u044b \u0441\u043d\u0438\u0437\u0443.<\/p>\n<hr data-start=\"1255\" data-end=\"1258\">\n<h3 data-start=\"1260\" data-end=\"1292\">\u2699\ufe0f \u0422\u0435\u0445\u043d\u0438\u0447\u0435\u0441\u043a\u0438\u0435 \u0445\u0430\u0440\u0430\u043a\u0442\u0435\u0440\u0438\u0441\u0442\u0438\u043a\u0438:<\/h3>\n<ul data-start=\"1294\" data-end=\"1681\">\n<li data-start=\"1294\" data-end=\"1321\">\n<p data-start=\"1296\" data-end=\"1321\"><strong data-start=\"1296\" data-end=\"1308\">\u041e\u0431\u044a\u0435\u043c<\/strong>: 4,5 \u043b\u0438\u0442\u0440\u0430<\/p>\n<\/li>\n<li data-start=\"1322\" data-end=\"1378\">\n<p data-start=\"1324\" data-end=\"1378\"><strong data-start=\"1324\" data-end=\"1337\">\u041c\u0430\u0442\u0435\u0440\u0438\u0430\u043b<\/strong>: \u044d\u043c\u0430\u043b\u0438\u0440\u043e\u0432\u0430\u043d\u043d\u044b\u0439 \u0447\u0443\u0433\u0443\u043d, \u043d\u0435\u0440\u0436\u0430\u0432\u0435\u044e\u0449\u0430\u044f \u0441\u0442\u0430\u043b\u044c AISI 304<\/p>\n<\/li>\n<li data-start=\"1379\" data-end=\"1433\">\n<p data-start=\"1381\" data-end=\"1433\"><strong data-start=\"1381\" data-end=\"1392\">\u041a\u043b\u0430\u043f\u0430\u043d<\/strong>: FAR 16P \u0441 \u0440\u0435\u0433\u0443\u043b\u0438\u0440\u0443\u0435\u043c\u044b\u043c \u043f\u043e\u0441\u0442\u043e\u044f\u043d\u043d\u044b\u043c \u0443\u0440\u043e\u0432\u043d\u0435\u043c<\/p>\n<\/li>\n<li data-start=\"1434\" data-end=\"1452\">\n<p data-start=\"1436\" data-end=\"1452\"><strong data-start=\"1436\" data-end=\"1444\">\u0412\u0435\u0441<\/strong>: 7 \u043a\u0433<\/p>\n<\/li>\n<li data-start=\"1453\" data-end=\"1494\">\n<p data-start=\"1455\" data-end=\"1494\"><strong data-start=\"1455\" data-end=\"1485\">\u0412\u043d\u0443\u0442\u0440\u0435\u043d\u043d\u0438\u0439 \u0434\u0438\u0430\u043c\u0435\u0442\u0440 \u0447\u0430\u0448\u0438<\/strong>: 21 \u0441\u043c<\/p>\n<\/li>\n<li data-start=\"1495\" data-end=\"1546\">\n<p data-start=\"1497\" data-end=\"1546\"><strong data-start=\"1497\" data-end=\"1514\">\u041c\u043e\u043d\u0442\u0430\u0436<\/strong>: \u043d\u0430 \u0441\u0442\u0435\u043d\u0443 \u0438\u043b\u0438 \u0432\u0435\u0440\u0442\u0438\u043a\u0430\u043b\u044c\u043d\u0443\u044e \u0442\u0440\u0443\u0431\u0443<\/p>\n<\/li>\n<li data-start=\"1547\" data-end=\"1622\">\n<p data-start=\"1549\" data-end=\"1622\"><strong data-start=\"1549\" data-end=\"1564\">\u041e\u0431\u0440\u0430\u0431\u043e\u0442\u043a\u0430<\/strong>: \u043a\u0430\u0442\u0430\u0444\u043e\u0440\u0435\u0437\u043d\u0430\u044f \u043f\u043e\u043a\u0440\u0430\u0441\u043a\u0430, \u0443\u0441\u0442\u043e\u0439\u0447\u0438\u0432\u0430\u044f \u043a \u043a\u043e\u0440\u0440\u043e\u0437\u0438\u0438<\/p>\n<\/li>\n<li data-start=\"1623\" data-end=\"1681\">\n<p data-start=\"1625\" data-end=\"1681\"><strong data-start=\"1625\" data-end=\"1641\">\u041e\u0431\u0441\u043b\u0443\u0436\u0438\u0432\u0430\u043d\u0438\u0435<\/strong>: \u043d\u0438\u0436\u043d\u0438\u0439 \u0441\u043b\u0438\u0432 \u0434\u043b\u044f \u0431\u044b\u0441\u0442\u0440\u043e\u0439 \u043e\u0447\u0438\u0441\u0442\u043a\u0438<\/p>\n<\/li>\n<\/ul>\n<p>&nbsp;<\/p>\n<p>\ud83d\udc49 \u0417\u0430\u043f\u0440\u043e\u0441\u0438\u0442\u0435 \u0446\u0435\u043d\u0443 \u0434\u043b\u044f \u043f\u0435\u0440\u0435\u043f\u0440\u043e\u0434\u0430\u0436\u0438: <a href=\"mailto:info@fdasrl.it\">\u041d\u0410\u0416\u041c\u0418\u0422\u0415 \u0417\u0414\u0415\u0421\u042c<\/a><\/p>\n<p>\ud83d\udc49 \u041a\u0443\u043f\u0438\u0442\u0435 \u0432 \u043d\u0430\u0448\u0435\u043c <a href=\"https:\/\/fda-shop.it\/shop\/articoli-per-allevamento\/abbeveratoi\/abbeveratoio-automatico-a-livello-costante-in-ghisa-45-l#\/299-tipo_di_fissaggio_-a_muro\" target=\"_blank\" rel=\"noopener\">\u0438\u043d\u0442\u0435\u0440\u043d\u0435\u0442-\u043c\u0430\u0433\u0430\u0437\u0438\u043d\u0435<\/a><\/p>\n","protected":false},"excerpt":{"rendered":"<p>\u041f\u043e\u0438\u043b\u043a\u0430 \u0438\u0437 \u044d\u043c\u0430\u043b\u0438\u0440\u043e\u0432\u0430\u043d\u043d\u043e\u0433\u043e \u0447\u0443\u0433\u0443\u043d\u0430 \u043d\u0430 4,5 \u043b \u0441 \u043f\u043e\u0441\u0442\u043e\u044f\u043d\u043d\u044b\u043c \u0443\u0440\u043e\u0432\u043d\u0435\u043c, \u043a\u043b\u0430\u043f\u0430\u043d\u043e\u043c FAR 16P \u0438 \u0437\u0430\u0449\u0438\u0442\u043e\u0439 \u0438\u0437 \u043d\u0435\u0440\u0436\u0430\u0432\u0435\u044e\u0449\u0435\u0439 \u0441\u0442\u0430\u043b\u0438. \u0418\u0434\u0435\u0430\u043b\u044c\u043d\u043e \u0434\u043b\u044f \u041a\u0420\u0421 \u0438 \u043b\u043e\u0448\u0430\u0434\u0435\u0439. <\/p>\n","protected":false},"featured_media":884,"comment_status":"open","ping_status":"closed","template":"","meta":{"_et_pb_use_builder":"","_et_pb_old_content":"","_et_gb_content_width":""},"product_brand":[],"product_cat":[400,591,519,563],"product_tag":[954,955],"class_list":{"0":"post-4003","1":"product","2":"type-product","3":"status-publish","4":"has-post-thumbnail","6":"product_cat-400","7":"product_cat-591","8":"product_cat-519","9":"product_cat-563","10":"product_tag-fa-ag-ghisa","11":"product_tag-faag-ghisa","13":"first","14":"instock","15":"shipping-taxable","16":"product-type-simple"},"yoast_head":"<!-- This site is optimized with the Yoast SEO Premium plugin v27.5 (Yoast SEO v27.5) - https:\/\/yoast.com\/product\/yoast-seo-premium-wordpress\/ -->\n<title>\u0427\u0443\u0433\u0443\u043d\u043d\u0430\u044f \u043f\u043e\u0438\u043b\u043a\u0430 \u0441 \u0430\u0432\u0442\u043e\u043c\u0430\u0442\u0438\u0447\u0435\u0441\u043a\u0438\u043c \u0443\u0440\u043e\u0432\u043d\u0435\u043c \u0434\u043b\u044f \u041a\u0420\u0421 \u0438 \u043b\u043e\u0448\u0430\u0434\u0435\u0439 - FDA srl<\/title>\n<meta name=\"description\" content=\"\u0412\u044b\u0431\u0438\u0440\u0430\u0439\u0442\u0435 \u0447\u0443\u0433\u0443\u043d\u043d\u0443\u044e \u043f\u043e\u0438\u043b\u043a\u0443 \u0441 \u0430\u0432\u0442\u043e\u043c\u0430\u0442\u0438\u0447\u0435\u0441\u043a\u0438\u043c \u0443\u0440\u043e\u0432\u043d\u0435\u043c \u0434\u043b\u044f \u041a\u0420\u0421 \u0438 \u043b\u043e\u0448\u0430\u0434\u0435\u0439 \u0434\u043b\u044f \u044d\u043a\u043e\u043d\u043e\u043c\u043d\u043e\u0433\u043e \u0440\u0430\u0441\u0445\u043e\u0434\u0430 \u0432\u043e\u0434\u044b. \u0423\u0437\u043d\u0430\u0439\u0442\u0435 \u0431\u043e\u043b\u044c\u0448\u0435 \u043f\u0440\u044f\u043c\u043e \u0441\u0435\u0439\u0447\u0430\u0441!\" \/>\n<meta name=\"robots\" content=\"index, follow, max-snippet:-1, max-image-preview:large, max-video-preview:-1\" \/>\n<link rel=\"canonical\" href=\"https:\/\/fdasrl.it\/ru\/prodotto\/%d1%87%d1%83%d0%b3%d1%83%d0%bd%d0%bd%d0%b0%d1%8f-%d0%bf%d0%be%d0%b8%d0%bb%d0%ba%d0%b0-%d1%81-%d0%b0%d0%b2%d1%82%d0%be%d0%bc%d0%b0%d1%82%d0%b8%d1%87%d0%b5%d1%81%d0%ba%d0%b8%d0%bc-%d1%83%d1%80%d0%be\/\" \/>\n<meta property=\"og:locale\" content=\"ru_RU\" \/>\n<meta property=\"og:type\" content=\"article\" \/>\n<meta property=\"og:title\" content=\"\u0427\u0443\u0433\u0443\u043d\u043d\u0430\u044f \u043f\u043e\u0438\u043b\u043a\u0430 \u0441 \u0430\u0432\u0442\u043e\u043c\u0430\u0442\u0438\u0447\u0435\u0441\u043a\u0438\u043c \u0443\u0440\u043e\u0432\u043d\u0435\u043c \u0434\u043b\u044f \u041a\u0420\u0421 \u0438 \u043b\u043e\u0448\u0430\u0434\u0435\u0439\" \/>\n<meta property=\"og:description\" content=\"\u0412\u044b\u0431\u0438\u0440\u0430\u0439\u0442\u0435 \u0447\u0443\u0433\u0443\u043d\u043d\u0443\u044e \u043f\u043e\u0438\u043b\u043a\u0443 \u0441 \u0430\u0432\u0442\u043e\u043c\u0430\u0442\u0438\u0447\u0435\u0441\u043a\u0438\u043c \u0443\u0440\u043e\u0432\u043d\u0435\u043c \u0434\u043b\u044f \u041a\u0420\u0421 \u0438 \u043b\u043e\u0448\u0430\u0434\u0435\u0439 \u0434\u043b\u044f \u044d\u043a\u043e\u043d\u043e\u043c\u043d\u043e\u0433\u043e \u0440\u0430\u0441\u0445\u043e\u0434\u0430 \u0432\u043e\u0434\u044b. \u0423\u0437\u043d\u0430\u0439\u0442\u0435 \u0431\u043e\u043b\u044c\u0448\u0435 \u043f\u0440\u044f\u043c\u043e \u0441\u0435\u0439\u0447\u0430\u0441!\" \/>\n<meta property=\"og:url\" content=\"https:\/\/fdasrl.it\/ru\/prodotto\/%d1%87%d1%83%d0%b3%d1%83%d0%bd%d0%bd%d0%b0%d1%8f-%d0%bf%d0%be%d0%b8%d0%bb%d0%ba%d0%b0-%d1%81-%d0%b0%d0%b2%d1%82%d0%be%d0%bc%d0%b0%d1%82%d0%b8%d1%87%d0%b5%d1%81%d0%ba%d0%b8%d0%bc-%d1%83%d1%80%d0%be\/\" \/>\n<meta property=\"og:site_name\" content=\"FDA srl\" \/>\n<meta property=\"article:publisher\" content=\"https:\/\/www.facebook.com\/share\/1MWhFWg1Tp\/?mibextid=LQQJ4d\" \/>\n<meta property=\"og:image\" content=\"https:\/\/fdasrl.it\/wp-content\/uploads\/2025\/01\/vaschetta-abbeveratoio-ghisa-fda-1.webp\" \/>\n\t<meta property=\"og:image:width\" content=\"1684\" \/>\n\t<meta property=\"og:image:height\" content=\"1190\" \/>\n\t<meta property=\"og:image:type\" content=\"image\/webp\" \/>\n<meta name=\"twitter:card\" content=\"summary_large_image\" \/>\n<meta name=\"twitter:label1\" content=\"\u0426\u0435\u043d\u0430\" \/>\n\t<meta name=\"twitter:data1\" content=\"\" \/>\n\t<meta name=\"twitter:label2\" content=\"\u0414\u043e\u0441\u0442\u0443\u043f\u043d\u043e\u0441\u0442\u044c\" \/>\n\t<meta name=\"twitter:data2\" content=\"\u0412 \u043d\u0430\u043b\u0438\u0447\u0438\u0438\" \/>\n<meta property=\"product:price:currency\" content=\"EUR\" \/>\n<meta property=\"og:availability\" content=\"instock\" \/>\n<meta property=\"product:availability\" content=\"instock\" \/>\n<meta property=\"product:retailer_item_id\" content=\"FAAG-GHISA\" \/>\n<meta property=\"product:condition\" content=\"new\" \/>\n<!-- \/ Yoast SEO Premium plugin. -->","yoast_head_json":{"title":"\u0427\u0443\u0433\u0443\u043d\u043d\u0430\u044f \u043f\u043e\u0438\u043b\u043a\u0430 \u0441 \u0430\u0432\u0442\u043e\u043c\u0430\u0442\u0438\u0447\u0435\u0441\u043a\u0438\u043c \u0443\u0440\u043e\u0432\u043d\u0435\u043c \u0434\u043b\u044f \u041a\u0420\u0421 \u0438 \u043b\u043e\u0448\u0430\u0434\u0435\u0439 - FDA srl","description":"\u0412\u044b\u0431\u0438\u0440\u0430\u0439\u0442\u0435 \u0447\u0443\u0433\u0443\u043d\u043d\u0443\u044e \u043f\u043e\u0438\u043b\u043a\u0443 \u0441 \u0430\u0432\u0442\u043e\u043c\u0430\u0442\u0438\u0447\u0435\u0441\u043a\u0438\u043c \u0443\u0440\u043e\u0432\u043d\u0435\u043c \u0434\u043b\u044f \u041a\u0420\u0421 \u0438 \u043b\u043e\u0448\u0430\u0434\u0435\u0439 \u0434\u043b\u044f \u044d\u043a\u043e\u043d\u043e\u043c\u043d\u043e\u0433\u043e \u0440\u0430\u0441\u0445\u043e\u0434\u0430 \u0432\u043e\u0434\u044b. \u0423\u0437\u043d\u0430\u0439\u0442\u0435 \u0431\u043e\u043b\u044c\u0448\u0435 \u043f\u0440\u044f\u043c\u043e \u0441\u0435\u0439\u0447\u0430\u0441!","robots":{"index":"index","follow":"follow","max-snippet":"max-snippet:-1","max-image-preview":"max-image-preview:large","max-video-preview":"max-video-preview:-1"},"canonical":"https:\/\/fdasrl.it\/ru\/prodotto\/%d1%87%d1%83%d0%b3%d1%83%d0%bd%d0%bd%d0%b0%d1%8f-%d0%bf%d0%be%d0%b8%d0%bb%d0%ba%d0%b0-%d1%81-%d0%b0%d0%b2%d1%82%d0%be%d0%bc%d0%b0%d1%82%d0%b8%d1%87%d0%b5%d1%81%d0%ba%d0%b8%d0%bc-%d1%83%d1%80%d0%be\/","og_locale":"ru_RU","og_type":"article","og_title":"\u0427\u0443\u0433\u0443\u043d\u043d\u0430\u044f \u043f\u043e\u0438\u043b\u043a\u0430 \u0441 \u0430\u0432\u0442\u043e\u043c\u0430\u0442\u0438\u0447\u0435\u0441\u043a\u0438\u043c \u0443\u0440\u043e\u0432\u043d\u0435\u043c \u0434\u043b\u044f \u041a\u0420\u0421 \u0438 \u043b\u043e\u0448\u0430\u0434\u0435\u0439","og_description":"\u0412\u044b\u0431\u0438\u0440\u0430\u0439\u0442\u0435 \u0447\u0443\u0433\u0443\u043d\u043d\u0443\u044e \u043f\u043e\u0438\u043b\u043a\u0443 \u0441 \u0430\u0432\u0442\u043e\u043c\u0430\u0442\u0438\u0447\u0435\u0441\u043a\u0438\u043c \u0443\u0440\u043e\u0432\u043d\u0435\u043c \u0434\u043b\u044f \u041a\u0420\u0421 \u0438 \u043b\u043e\u0448\u0430\u0434\u0435\u0439 \u0434\u043b\u044f \u044d\u043a\u043e\u043d\u043e\u043c\u043d\u043e\u0433\u043e \u0440\u0430\u0441\u0445\u043e\u0434\u0430 \u0432\u043e\u0434\u044b. \u0423\u0437\u043d\u0430\u0439\u0442\u0435 \u0431\u043e\u043b\u044c\u0448\u0435 \u043f\u0440\u044f\u043c\u043e \u0441\u0435\u0439\u0447\u0430\u0441!","og_url":"https:\/\/fdasrl.it\/ru\/prodotto\/%d1%87%d1%83%d0%b3%d1%83%d0%bd%d0%bd%d0%b0%d1%8f-%d0%bf%d0%be%d0%b8%d0%bb%d0%ba%d0%b0-%d1%81-%d0%b0%d0%b2%d1%82%d0%be%d0%bc%d0%b0%d1%82%d0%b8%d1%87%d0%b5%d1%81%d0%ba%d0%b8%d0%bc-%d1%83%d1%80%d0%be\/","og_site_name":"FDA srl","article_publisher":"https:\/\/www.facebook.com\/share\/1MWhFWg1Tp\/?mibextid=LQQJ4d","og_image":[{"width":1684,"height":1190,"url":"https:\/\/fdasrl.it\/wp-content\/uploads\/2025\/01\/vaschetta-abbeveratoio-ghisa-fda-1.webp","type":"image\/webp"}],"twitter_card":"summary_large_image","twitter_misc":{"\u0426\u0435\u043d\u0430":"","\u0414\u043e\u0441\u0442\u0443\u043f\u043d\u043e\u0441\u0442\u044c":"\u0412 \u043d\u0430\u043b\u0438\u0447\u0438\u0438"},"schema":{"@context":"https:\/\/schema.org","@graph":[{"@type":"WebPage","@id":"https:\/\/fdasrl.it\/ru\/prodotto\/%d1%87%d1%83%d0%b3%d1%83%d0%bd%d0%bd%d0%b0%d1%8f-%d0%bf%d0%be%d0%b8%d0%bb%d0%ba%d0%b0-%d1%81-%d0%b0%d0%b2%d1%82%d0%be%d0%bc%d0%b0%d1%82%d0%b8%d1%87%d0%b5%d1%81%d0%ba%d0%b8%d0%bc-%d1%83%d1%80%d0%be\/","url":"https:\/\/fdasrl.it\/ru\/prodotto\/%d1%87%d1%83%d0%b3%d1%83%d0%bd%d0%bd%d0%b0%d1%8f-%d0%bf%d0%be%d0%b8%d0%bb%d0%ba%d0%b0-%d1%81-%d0%b0%d0%b2%d1%82%d0%be%d0%bc%d0%b0%d1%82%d0%b8%d1%87%d0%b5%d1%81%d0%ba%d0%b8%d0%bc-%d1%83%d1%80%d0%be\/","name":"\u0427\u0443\u0433\u0443\u043d\u043d\u0430\u044f \u043f\u043e\u0438\u043b\u043a\u0430 \u0441 \u0430\u0432\u0442\u043e\u043c\u0430\u0442\u0438\u0447\u0435\u0441\u043a\u0438\u043c \u0443\u0440\u043e\u0432\u043d\u0435\u043c \u0434\u043b\u044f \u041a\u0420\u0421 \u0438 \u043b\u043e\u0448\u0430\u0434\u0435\u0439 - FDA srl","isPartOf":{"@id":"https:\/\/fdasrl.it\/ru\/#website"},"primaryImageOfPage":{"@id":"https:\/\/fdasrl.it\/ru\/prodotto\/%d1%87%d1%83%d0%b3%d1%83%d0%bd%d0%bd%d0%b0%d1%8f-%d0%bf%d0%be%d0%b8%d0%bb%d0%ba%d0%b0-%d1%81-%d0%b0%d0%b2%d1%82%d0%be%d0%bc%d0%b0%d1%82%d0%b8%d1%87%d0%b5%d1%81%d0%ba%d0%b8%d0%bc-%d1%83%d1%80%d0%be\/#primaryimage"},"image":{"@id":"https:\/\/fdasrl.it\/ru\/prodotto\/%d1%87%d1%83%d0%b3%d1%83%d0%bd%d0%bd%d0%b0%d1%8f-%d0%bf%d0%be%d0%b8%d0%bb%d0%ba%d0%b0-%d1%81-%d0%b0%d0%b2%d1%82%d0%be%d0%bc%d0%b0%d1%82%d0%b8%d1%87%d0%b5%d1%81%d0%ba%d0%b8%d0%bc-%d1%83%d1%80%d0%be\/#primaryimage"},"thumbnailUrl":"https:\/\/fdasrl.it\/wp-content\/uploads\/2025\/01\/vaschetta-abbeveratoio-ghisa-fda-1.webp","datePublished":"2025-01-21T08:57:19+00:00","description":"\u0412\u044b\u0431\u0438\u0440\u0430\u0439\u0442\u0435 \u0447\u0443\u0433\u0443\u043d\u043d\u0443\u044e \u043f\u043e\u0438\u043b\u043a\u0443 \u0441 \u0430\u0432\u0442\u043e\u043c\u0430\u0442\u0438\u0447\u0435\u0441\u043a\u0438\u043c \u0443\u0440\u043e\u0432\u043d\u0435\u043c \u0434\u043b\u044f \u041a\u0420\u0421 \u0438 \u043b\u043e\u0448\u0430\u0434\u0435\u0439 \u0434\u043b\u044f \u044d\u043a\u043e\u043d\u043e\u043c\u043d\u043e\u0433\u043e \u0440\u0430\u0441\u0445\u043e\u0434\u0430 \u0432\u043e\u0434\u044b. \u0423\u0437\u043d\u0430\u0439\u0442\u0435 \u0431\u043e\u043b\u044c\u0448\u0435 \u043f\u0440\u044f\u043c\u043e \u0441\u0435\u0439\u0447\u0430\u0441!","breadcrumb":{"@id":"https:\/\/fdasrl.it\/ru\/prodotto\/%d1%87%d1%83%d0%b3%d1%83%d0%bd%d0%bd%d0%b0%d1%8f-%d0%bf%d0%be%d0%b8%d0%bb%d0%ba%d0%b0-%d1%81-%d0%b0%d0%b2%d1%82%d0%be%d0%bc%d0%b0%d1%82%d0%b8%d1%87%d0%b5%d1%81%d0%ba%d0%b8%d0%bc-%d1%83%d1%80%d0%be\/#breadcrumb"},"inLanguage":"ru-RU","potentialAction":[{"@type":"ReadAction","target":["https:\/\/fdasrl.it\/ru\/prodotto\/%d1%87%d1%83%d0%b3%d1%83%d0%bd%d0%bd%d0%b0%d1%8f-%d0%bf%d0%be%d0%b8%d0%bb%d0%ba%d0%b0-%d1%81-%d0%b0%d0%b2%d1%82%d0%be%d0%bc%d0%b0%d1%82%d0%b8%d1%87%d0%b5%d1%81%d0%ba%d0%b8%d0%bc-%d1%83%d1%80%d0%be\/"]}]},{"@type":"ImageObject","inLanguage":"ru-RU","@id":"https:\/\/fdasrl.it\/ru\/prodotto\/%d1%87%d1%83%d0%b3%d1%83%d0%bd%d0%bd%d0%b0%d1%8f-%d0%bf%d0%be%d0%b8%d0%bb%d0%ba%d0%b0-%d1%81-%d0%b0%d0%b2%d1%82%d0%be%d0%bc%d0%b0%d1%82%d0%b8%d1%87%d0%b5%d1%81%d0%ba%d0%b8%d0%bc-%d1%83%d1%80%d0%be\/#primaryimage","url":"https:\/\/fdasrl.it\/wp-content\/uploads\/2025\/01\/vaschetta-abbeveratoio-ghisa-fda-1.webp","contentUrl":"https:\/\/fdasrl.it\/wp-content\/uploads\/2025\/01\/vaschetta-abbeveratoio-ghisa-fda-1.webp","width":1684,"height":1190,"caption":"Vaschetta abbeveratoio in ghisa smaltata verde a livello costante - vista 1"},{"@type":"BreadcrumbList","@id":"https:\/\/fdasrl.it\/ru\/prodotto\/%d1%87%d1%83%d0%b3%d1%83%d0%bd%d0%bd%d0%b0%d1%8f-%d0%bf%d0%be%d0%b8%d0%bb%d0%ba%d0%b0-%d1%81-%d0%b0%d0%b2%d1%82%d0%be%d0%bc%d0%b0%d1%82%d0%b8%d1%87%d0%b5%d1%81%d0%ba%d0%b8%d0%bc-%d1%83%d1%80%d0%be\/#breadcrumb","itemListElement":[{"@type":"ListItem","position":1,"name":"Home","item":"https:\/\/fdasrl.it\/ru\/%d0%b3%d0%bb%d0%b0%d0%b2%d0%bd%d0%b0%d1%8f\/"},{"@type":"ListItem","position":2,"name":"\u041c\u0430\u0433\u0430\u0437\u0438\u043d","item":"https:\/\/fdasrl.it\/ru\/%d0%bc%d0%b0%d0%b3%d0%b0%d0%b7%d0%b8%d0%bd\/"},{"@type":"ListItem","position":3,"name":"\u0427\u0443\u0433\u0443\u043d\u043d\u0430\u044f \u043f\u043e\u0438\u043b\u043a\u0430 \u0441 \u0430\u0432\u0442\u043e\u043c\u0430\u0442\u0438\u0447\u0435\u0441\u043a\u0438\u043c \u0443\u0440\u043e\u0432\u043d\u0435\u043c \u0434\u043b\u044f \u041a\u0420\u0421 \u0438 \u043b\u043e\u0448\u0430\u0434\u0435\u0439"}]},{"@type":"WebSite","@id":"https:\/\/fdasrl.it\/ru\/#website","url":"https:\/\/fdasrl.it\/ru\/","name":"FDA srl","description":"Equipment for animal husbandry","publisher":{"@id":"https:\/\/fdasrl.it\/ru\/#organization"},"potentialAction":[{"@type":"SearchAction","target":{"@type":"EntryPoint","urlTemplate":"https:\/\/fdasrl.it\/ru\/?s={search_term_string}"},"query-input":{"@type":"PropertyValueSpecification","valueRequired":true,"valueName":"search_term_string"}}],"inLanguage":"ru-RU"},{"@type":"Organization","@id":"https:\/\/fdasrl.it\/ru\/#organization","name":"FDA srl","url":"https:\/\/fdasrl.it\/ru\/","logo":{"@type":"ImageObject","inLanguage":"ru-RU","@id":"https:\/\/fdasrl.it\/ru\/#\/schema\/logo\/image\/","url":"https:\/\/fdasrl.it\/wp-content\/uploads\/2024\/12\/Logo-FDA.png","contentUrl":"https:\/\/fdasrl.it\/wp-content\/uploads\/2024\/12\/Logo-FDA.png","width":316,"height":119,"caption":"FDA srl"},"image":{"@id":"https:\/\/fdasrl.it\/ru\/#\/schema\/logo\/image\/"},"sameAs":["https:\/\/www.facebook.com\/share\/1MWhFWg1Tp\/?mibextid=LQQJ4d","https:\/\/www.instagram.com\/fda_srl\/profilecard\/?igsh=YW5lbzJ6MWg0d21u","https:\/\/www.youtube.com\/@FDASRL_ANIMALCARE"],"description":"FDA SRL \u2013 Equipment for animal husbandry nasce con l\u2019obiettivo di offrire soluzioni affidabili e innovative per l\u2019allevamento moderno. Con anni di esperienza nel settore zootecnico, progettiamo e realizziamo attrezzature destinate al benessere animale e alla gestione efficiente delle stalle: vasche, abbeveratoi, mangiatoie e sistemi di riscaldamento pensati per durare nel tempo e semplificare il lavoro quotidiano degli allevatori. Dalla progettazione alla produzione, ogni nostro prodotto \u00e8 studiato nei minimi dettagli, testato con cura e costruito per rispondere alle esigenze reali del settore. La nostra forza \u00e8 unire artigianalit\u00e0, tecnologia e competenza tecnica per trasformare ogni progetto in una soluzione concreta e funzionale. Oggi FDA SRL \u00e8 un punto di riferimento per privati e rivenditori che cercano qualit\u00e0, affidabilit\u00e0 e innovazione nelle attrezzature per l\u2019allevamento.","email":"info@fdasrl.it","telephone":"+390522826820","legalName":"F.D.A. SRL","foundingDate":"2024-10-13","vatID":"03075840359","taxID":"03075840359","numberOfEmployees":{"@type":"QuantitativeValue","minValue":"1","maxValue":"10"}}]},"product_price_currency":"EUR","og_availability":"instock","product_availability":"instock","product_retailer_item_id":"FAAG-GHISA","product_condition":"new"},"_links":{"self":[{"href":"https:\/\/fdasrl.it\/ru\/wp-json\/wp\/v2\/product\/4003","targetHints":{"allow":["GET"]}}],"collection":[{"href":"https:\/\/fdasrl.it\/ru\/wp-json\/wp\/v2\/product"}],"about":[{"href":"https:\/\/fdasrl.it\/ru\/wp-json\/wp\/v2\/types\/product"}],"replies":[{"embeddable":true,"href":"https:\/\/fdasrl.it\/ru\/wp-json\/wp\/v2\/comments?post=4003"}],"wp:featuredmedia":[{"embeddable":true,"href":"https:\/\/fdasrl.it\/ru\/wp-json\/wp\/v2\/media\/884"}],"wp:attachment":[{"href":"https:\/\/fdasrl.it\/ru\/wp-json\/wp\/v2\/media?parent=4003"}],"wp:term":[{"taxonomy":"product_brand","embeddable":true,"href":"https:\/\/fdasrl.it\/ru\/wp-json\/wp\/v2\/product_brand?post=4003"},{"taxonomy":"product_cat","embeddable":true,"href":"https:\/\/fdasrl.it\/ru\/wp-json\/wp\/v2\/product_cat?post=4003"},{"taxonomy":"product_tag","embeddable":true,"href":"https:\/\/fdasrl.it\/ru\/wp-json\/wp\/v2\/product_tag?post=4003"}],"curies":[{"name":"wp","href":"https:\/\/api.w.org\/{rel}","templated":true}]}}