{"id":4014,"date":"2025-01-21T10:25:05","date_gmt":"2025-01-21T09:25:05","guid":{"rendered":"https:\/\/fdasrl.it\/prodotto\/%d1%82%d0%b5%d1%80%d0%bc%d0%be%d0%bf%d0%be%d0%b8%d0%bb%d0%ba%d0%b0-%d0%bd%d0%b5%d0%b7%d0%b0%d0%bc%d0%b5%d1%80%d0%b7%d0%b0%d1%8e%d1%89%d0%b0%d1%8f-%d0%be%d0%b4%d0%bd%d0%be%d1%88%d0%b0%d1%80%d0%be%d0%b2\/"},"modified":"2025-01-21T10:25:05","modified_gmt":"2025-01-21T09:25:05","slug":"%d1%82%d0%b5%d1%80%d0%bc%d0%be%d0%bf%d0%be%d0%b8%d0%bb%d0%ba%d0%b0-%d0%bd%d0%b5%d0%b7%d0%b0%d0%bc%d0%b5%d1%80%d0%b7%d0%b0%d1%8e%d1%89%d0%b0%d1%8f-%d0%be%d0%b4%d0%bd%d0%be%d1%88%d0%b0%d1%80%d0%be%d0%b2","status":"publish","type":"product","link":"https:\/\/fdasrl.it\/ru\/prodotto\/%d1%82%d0%b5%d1%80%d0%bc%d0%be%d0%bf%d0%be%d0%b8%d0%bb%d0%ba%d0%b0-%d0%bd%d0%b5%d0%b7%d0%b0%d0%bc%d0%b5%d1%80%d0%b7%d0%b0%d1%8e%d1%89%d0%b0%d1%8f-%d0%be%d0%b4%d0%bd%d0%be%d1%88%d0%b0%d1%80%d0%be%d0%b2\/","title":{"rendered":"\u0422\u0435\u0440\u043c\u043e\u043f\u043e\u0438\u043b\u043a\u0430 \u043d\u0435\u0437\u0430\u043c\u0435\u0440\u0437\u0430\u044e\u0449\u0430\u044f \u043e\u0434\u043d\u043e\u0448\u0430\u0440\u043e\u0432\u0430\u044f FA-AT 1"},"content":{"rendered":"<h2 data-start=\"170\" data-end=\"250\">\u2744\ufe0f <strong data-start=\"176\" data-end=\"250\">\u0422\u0435\u0440\u043c\u043e\u043f\u043e\u0438\u043b\u043a\u0430 \u043d\u0435\u0437\u0430\u043c\u0435\u0440\u0437\u0430\u044e\u0449\u0430\u044f \u043e\u0434\u043d\u043e\u0448\u0430\u0440\u043e\u0432\u0430\u044f FA-AT 1 \u0434\u043b\u044f \u041a\u0420\u0421 \u0438 \u043b\u043e\u0448\u0430\u0434\u0435\u0439<\/strong><\/h2>\n<p data-start=\"252\" data-end=\"655\"><strong data-start=\"254\" data-end=\"295\">\u041d\u0435\u0437\u0430\u043c\u0435\u0440\u0437\u0430\u044e\u0449\u0430\u044f \u0442\u0435\u0440\u043c\u043e\u043f\u043e\u0438\u043b\u043a\u0430 FA-AT 1<\/strong> \u0440\u0430\u0437\u0440\u0430\u0431\u043e\u0442\u0430\u043d\u0430 \u0434\u043b\u044f \u043e\u0431\u0435\u0441\u043f\u0435\u0447\u0435\u043d\u0438\u044f <strong data-start=\"321\" data-end=\"366\">\u043f\u043e\u0441\u0442\u043e\u044f\u043d\u043d\u043e\u0433\u043e \u0434\u043e\u0441\u0442\u0443\u043f\u0430 \u043a \u0432\u043e\u0434\u0435 \u0434\u0430\u0436\u0435 \u0437\u0438\u043c\u043e\u0439<\/strong> \u0431\u0435\u0437 \u0438\u0441\u043f\u043e\u043b\u044c\u0437\u043e\u0432\u0430\u043d\u0438\u044f \u044d\u043b\u0435\u043a\u0442\u0440\u043e\u044d\u043d\u0435\u0440\u0433\u0438\u0438. \u0411\u043b\u0430\u0433\u043e\u0434\u0430\u0440\u044f <strong data-start=\"407\" data-end=\"463\">\u0438\u0437\u043e\u043b\u044f\u0446\u0438\u0438 \u0438\u0437 \u043f\u0435\u043d\u043e\u043f\u043e\u043b\u0438\u0443\u0440\u0435\u0442\u0430\u043d\u0430 \u0432\u044b\u0441\u043e\u043a\u043e\u0439 \u043f\u043b\u043e\u0442\u043d\u043e\u0441\u0442\u0438<\/strong> \u0438 <strong data-start=\"471\" data-end=\"500\">\u0434\u0432\u0443\u0441\u0442\u0435\u043d\u043d\u043e\u0439 \u043a\u043e\u043d\u0441\u0442\u0440\u0443\u043a\u0446\u0438\u0438<\/strong> \u043e\u043d\u0430 \u043f\u043e\u0434\u0434\u0435\u0440\u0436\u0438\u0432\u0430\u0435\u0442 \u0441\u0442\u0430\u0431\u0438\u043b\u044c\u043d\u0443\u044e \u0442\u0435\u043c\u043f\u0435\u0440\u0430\u0442\u0443\u0440\u0443 \u0432\u043e\u0434\u044b \u0432 \u043f\u0440\u0435\u0434\u0435\u043b\u0430\u0445 <strong data-start=\"550\" data-end=\"573\">3\u20135 \u00b0C \u0437\u0438\u043c\u043e\u0439<\/strong> \u0438 <strong data-start=\"580\" data-end=\"604\">10\u201312 \u00b0C \u043b\u0435\u0442\u043e\u043c<\/strong>, \u043e\u0431\u0435\u0441\u043f\u0435\u0447\u0438\u0432\u0430\u044f <strong data-start=\"617\" data-end=\"654\">\u0437\u0430\u0449\u0438\u0442\u0443 \u043e\u0442 \u0437\u0430\u043c\u0435\u0440\u0437\u0430\u043d\u0438\u044f \u0434\u043e -30 \u00b0C<\/strong>. <\/p>\n<hr data-start=\"657\" data-end=\"660\">\n<h3 data-start=\"662\" data-end=\"697\">\ud83d\udc04 <strong data-start=\"669\" data-end=\"697\">\u0422\u0435\u0445\u043d\u0438\u0447\u0435\u0441\u043a\u0438\u0435 \u0445\u0430\u0440\u0430\u043a\u0442\u0435\u0440\u0438\u0441\u0442\u0438\u043a\u0438<\/strong><\/h3>\n<ul data-start=\"699\" data-end=\"1229\">\n<li data-start=\"699\" data-end=\"723\">\n<p data-start=\"701\" data-end=\"723\"><strong data-start=\"701\" data-end=\"712\">\u041c\u043e\u0434\u0435\u043b\u044c<\/strong>: FA-AT 1<\/p>\n<\/li>\n<li data-start=\"724\" data-end=\"750\">\n<p data-start=\"726\" data-end=\"750\"><strong data-start=\"726\" data-end=\"738\">\u041e\u0431\u044a\u0435\u043c<\/strong>: 40 \u043b<\/p>\n<\/li>\n<li data-start=\"751\" data-end=\"784\">\n<p data-start=\"753\" data-end=\"784\"><strong data-start=\"753\" data-end=\"772\">\u041f\u0440\u043e\u043f\u0443\u0441\u043a\u043d\u0430\u044f \u0441\u043f\u043e\u0441\u043e\u0431\u043d\u043e\u0441\u0442\u044c \u043a\u043b\u0430\u043f\u0430\u043d\u0430<\/strong>: 35 \u043b\/\u043c\u0438\u043d<\/p>\n<\/li>\n<li data-start=\"785\" data-end=\"841\">\n<p data-start=\"787\" data-end=\"841\"><strong data-start=\"787\" data-end=\"810\">\u041f\u043e\u0434\u0432\u043e\u0434 \u0432\u043e\u0434\u044b<\/strong>: \u043d\u0438\u0436\u043d\u0435\u0435 \u043f\u043e\u0434\u043a\u043b\u044e\u0447\u0435\u043d\u0438\u0435 1\/2&#8243;<\/p>\n<\/li>\n<li data-start=\"842\" data-end=\"895\">\n<p data-start=\"844\" data-end=\"895\"><strong data-start=\"844\" data-end=\"874\">\u0421\u0438\u0441\u0442\u0435\u043c\u0430 \u043f\u043e\u0441\u0442\u043e\u044f\u043d\u043d\u043e\u0433\u043e \u0443\u0440\u043e\u0432\u043d\u044f<\/strong> \u0441 \u043d\u0435\u0437\u0430\u043c\u0435\u0440\u0437\u0430\u044e\u0449\u0438\u043c \u0448\u0430\u0440\u043e\u043c<\/p>\n<\/li>\n<li data-start=\"896\" data-end=\"951\">\n<p data-start=\"898\" data-end=\"951\"><strong data-start=\"898\" data-end=\"911\">\u041c\u0430\u0442\u0435\u0440\u0438\u0430\u043b<\/strong>: \u0434\u0432\u043e\u0439\u043d\u044b\u0435 \u0441\u0442\u0435\u043d\u043a\u0438 \u0441 \u043f\u043e\u043b\u0438\u0443\u0440\u0435\u0442\u0430\u043d\u043e\u0432\u043e\u0439 \u0438\u0437\u043e\u043b\u044f\u0446\u0438\u0435\u0439<\/p>\n<\/li>\n<li data-start=\"952\" data-end=\"1008\">\n<p data-start=\"954\" data-end=\"1008\"><strong data-start=\"954\" data-end=\"968\">\u041f\u043e\u0434\u0445\u043e\u0434\u0438\u0442 \u0434\u043b\u044f<\/strong>: \u0434\u043e 15 \u0433\u043e\u043b\u043e\u0432 (\u041a\u0420\u0421 \u0438 \u043b\u043e\u0448\u0430\u0434\u0438)<\/p>\n<\/li>\n<li data-start=\"1009\" data-end=\"1046\">\n<p data-start=\"1011\" data-end=\"1046\"><strong data-start=\"1011\" data-end=\"1025\">\u0420\u0430\u0437\u043c\u0435\u0440\u044b<\/strong>: 60 x 70 x 52,5 \u0441\u043c<\/p>\n<\/li>\n<li data-start=\"1047\" data-end=\"1085\">\n<p data-start=\"1049\" data-end=\"1085\"><strong data-start=\"1049\" data-end=\"1067\">\u0411\u044b\u0441\u0442\u0440\u044b\u0439 \u0441\u043b\u0438\u0432<\/strong>: \u043f\u0440\u043e\u0431\u043a\u0430 \u00d8 100 \u043c\u043c<\/p>\n<\/li>\n<li data-start=\"1086\" data-end=\"1229\">\n<p data-start=\"1088\" data-end=\"1110\"><strong data-start=\"1088\" data-end=\"1109\">\u0410\u043a\u0441\u0435\u0441\u0441\u0443\u0430\u0440\u044b \u0432 \u043a\u043e\u043c\u043f\u043b\u0435\u043a\u0442\u0435<\/strong>:<\/p>\n<ul data-start=\"1113\" data-end=\"1229\">\n<li data-start=\"1113\" data-end=\"1146\">\n<p data-start=\"1115\" data-end=\"1146\">\u0410\u043d\u043a\u0435\u0440\u044b \u0434\u043b\u044f \u043a\u0440\u0435\u043f\u043b\u0435\u043d\u0438\u044f \u043a \u043f\u043e\u043b\u0443<\/p>\n<\/li>\n<li data-start=\"1149\" data-end=\"1176\">\n<p data-start=\"1151\" data-end=\"1176\">\u0417\u0430\u043f\u0430\u0441\u043d\u044b\u0435 \u0443\u043f\u043b\u043e\u0442\u043d\u0438\u0442\u0435\u043b\u0438<\/p>\n<\/li>\n<li data-start=\"1179\" data-end=\"1229\">\n<p data-start=\"1181\" data-end=\"1229\">\u0421\u043b\u0438\u0432\u043d\u043e\u0439 \u043a\u043b\u0430\u043f\u0430\u043d \u0441 \u0438\u0437\u043e\u043b\u0438\u0440\u043e\u0432\u0430\u043d\u043d\u044b\u043c \u0433\u0438\u0431\u043a\u0438\u043c \u0448\u043b\u0430\u043d\u0433\u043e\u043c<\/p>\n<\/li>\n<\/ul>\n<\/li>\n<\/ul>\n<hr data-start=\"1231\" data-end=\"1234\">\n<h3 data-start=\"1236\" data-end=\"1280\">\u2705 <strong data-start=\"1242\" data-end=\"1280\">\u041f\u0440\u0435\u0438\u043c\u0443\u0449\u0435\u0441\u0442\u0432\u0430 \u043f\u043e\u0438\u043b\u043a\u0438 FA-AT 1<\/strong><\/h3>\n<ul data-start=\"1282\" data-end=\"1557\">\n<li data-start=\"1282\" data-end=\"1336\">\n<p data-start=\"1284\" data-end=\"1336\"><strong data-start=\"1284\" data-end=\"1309\">\u041f\u0430\u0441\u0441\u0438\u0432\u043d\u0430\u044f \u0440\u0430\u0431\u043e\u0442\u0430<\/strong>: \u0431\u0435\u0437 \u044d\u043b\u0435\u043a\u0442\u0440\u043e\u044d\u043d\u0435\u0440\u0433\u0438\u0438<\/p>\n<\/li>\n<li data-start=\"1337\" data-end=\"1408\">\n<p data-start=\"1339\" data-end=\"1408\"><strong data-start=\"1339\" data-end=\"1357\">\u041c\u0430\u043a\u0441\u0438\u043c\u0430\u043b\u044c\u043d\u0430\u044f \u0433\u0438\u0433\u0438\u0435\u043d\u0430<\/strong>: \u0441\u043d\u0438\u0436\u0430\u0435\u0442 \u0437\u0430\u0433\u0440\u044f\u0437\u043d\u0435\u043d\u0438\u0435 \u0432\u043e\u0434\u044b<\/p>\n<\/li>\n<li data-start=\"1409\" data-end=\"1451\">\n<p data-start=\"1411\" data-end=\"1451\"><strong data-start=\"1411\" data-end=\"1449\">\u042d\u0444\u0444\u0435\u043a\u0442\u0438\u0432\u043d\u0430\u044f \u0437\u0430\u0449\u0438\u0442\u0430 \u043e\u0442 \u0437\u0430\u043c\u0435\u0440\u0437\u0430\u043d\u0438\u044f<\/strong><\/p>\n<\/li>\n<li data-start=\"1452\" data-end=\"1491\">\n<p data-start=\"1454\" data-end=\"1491\"><strong data-start=\"1454\" data-end=\"1489\">\u041f\u0440\u043e\u0441\u0442\u0430\u044f \u0438 \u043d\u0430\u0434\u0435\u0436\u043d\u0430\u044f \u0443\u0441\u0442\u0430\u043d\u043e\u0432\u043a\u0430<\/strong><\/p>\n<\/li>\n<li data-start=\"1492\" data-end=\"1557\">\n<p data-start=\"1494\" data-end=\"1557\"><strong data-start=\"1494\" data-end=\"1557\">\u0418\u0434\u0435\u0430\u043b\u044c\u043d\u043e \u043f\u043e\u0434\u0445\u043e\u0434\u0438\u0442 \u0434\u043b\u044f \u043b\u0435\u0432\u0430\u0434, \u043e\u0442\u043a\u0440\u044b\u0442\u044b\u0445 \u0437\u0430\u0433\u043e\u043d\u043e\u0432 \u0438 \u043d\u0435\u043e\u0442\u0430\u043f\u043b\u0438\u0432\u0430\u0435\u043c\u044b\u0445 \u043a\u043e\u0440\u043e\u0432\u043d\u0438\u043a\u043e\u0432<\/strong><\/p>\n<\/li>\n<\/ul>\n<p>\u041f\u0440\u0438\u043e\u0431\u0440\u0435\u0442\u0438\u0442\u0435 \u0435\u0433\u043e \u0432 \u043d\u0430\u0448\u0435\u043c <a href=\"https:\/\/fda-shop.it\/shop\/articoli-per-allevamento\/abbeveratoio-termico-antigelo-fa-at-1\" target=\"_blank\" rel=\"noopener\">\u0438\u043d\u0442\u0435\u0440\u043d\u0435\u0442-\u043c\u0430\u0433\u0430\u0437\u0438\u043d\u0435<\/a><\/p>\n","protected":false},"excerpt":{"rendered":"<p>\u041d\u0435\u0437\u0430\u043c\u0435\u0440\u0437\u0430\u044e\u0449\u0430\u044f \u0442\u0435\u0440\u043c\u043e\u043f\u043e\u0438\u043b\u043a\u0430 \u043e\u0434\u043d\u043e\u0448\u0430\u0440\u043e\u0432\u0430\u044f FA-AT 1 \u043d\u0430 40 \u043b. \u0414\u043b\u044f \u041a\u0420\u0421 \u0438 \u043b\u043e\u0448\u0430\u0434\u0435\u0439, \u0431\u0435\u0437 \u044d\u043b\u0435\u043a\u0442\u0440\u0438\u0447\u0435\u0441\u0442\u0432\u0430, \u044d\u0444\u0444\u0435\u043a\u0442\u0438\u0432\u043d\u0430 \u0434\u043e -30 \u00b0C. \u041c\u0430\u043a\u0441\u0438\u043c\u0430\u043b\u044c\u043d\u0430\u044f \u0433\u0438\u0433\u0438\u0435\u043d\u0430 \u0438 \u0438\u0437\u043e\u043b\u044f\u0446\u0438\u044f.  <\/p>\n","protected":false},"featured_media":359,"comment_status":"open","ping_status":"closed","template":"","meta":{"_et_pb_use_builder":"","_et_pb_old_content":"","_et_gb_content_width":""},"product_brand":[],"product_cat":[400,591,929,563],"product_tag":[956],"class_list":{"0":"post-4014","1":"product","2":"type-product","3":"status-publish","4":"has-post-thumbnail","6":"product_cat-400","7":"product_cat-591","8":"product_cat-929","9":"product_cat-563","10":"product_tag-fa-at-1","12":"first","13":"instock","14":"shipping-taxable","15":"product-type-simple"},"yoast_head":"<!-- This site is optimized with the Yoast SEO Premium plugin v27.5 (Yoast SEO v27.5) - https:\/\/yoast.com\/product\/yoast-seo-premium-wordpress\/ -->\n<title>\u041d\u0435\u0437\u0430\u043c\u0435\u0440\u0437\u0430\u044e\u0449\u0430\u044f \u043f\u043e\u0438\u043b\u043a\u0430 \u0434\u043b\u044f \u043a\u043e\u0440\u043e\u0432\u043d\u0438\u043a\u043e\u0432 \u0438 \u043b\u0435\u0432\u0430\u0434 \u043d\u0430 \u0441\u0443\u0440\u043e\u0432\u0443\u044e \u0437\u0438\u043c\u0443 - FDA srl<\/title>\n<meta name=\"description\" content=\"\u0421 \u043d\u0435\u0437\u0430\u043c\u0435\u0440\u0437\u0430\u044e\u0449\u0435\u0439 \u043f\u043e\u0438\u043b\u043a\u043e\u0439 \u0434\u043b\u044f \u043a\u043e\u0440\u043e\u0432\u043d\u0438\u043a\u043e\u0432 \u0438 \u043b\u0435\u0432\u0430\u0434 \u0432\u0430\u043c \u0431\u043e\u043b\u044c\u0448\u0435 \u043d\u0435 \u043f\u0440\u0438\u0434\u0435\u0442\u0441\u044f \u0431\u0435\u0441\u043f\u043e\u043a\u043e\u0438\u0442\u044c\u0441\u044f \u043e \u043c\u043e\u0440\u043e\u0437\u0430\u0445. \u041e\u0446\u0435\u043d\u0438\u0442\u0435 \u0443\u0434\u043e\u0431\u0441\u0442\u0432\u043e \u044d\u043d\u0435\u0440\u0433\u043e\u043d\u0435\u0437\u0430\u0432\u0438\u0441\u0438\u043c\u043e\u0433\u043e \u043e\u0431\u043e\u0440\u0443\u0434\u043e\u0432\u0430\u043d\u0438\u044f!\" \/>\n<meta name=\"robots\" content=\"index, follow, max-snippet:-1, max-image-preview:large, max-video-preview:-1\" \/>\n<link rel=\"canonical\" href=\"https:\/\/fdasrl.it\/ru\/prodotto\/%d1%82%d0%b5%d1%80%d0%bc%d0%be%d0%bf%d0%be%d0%b8%d0%bb%d0%ba%d0%b0-%d0%bd%d0%b5%d0%b7%d0%b0%d0%bc%d0%b5%d1%80%d0%b7%d0%b0%d1%8e%d1%89%d0%b0%d1%8f-%d0%be%d0%b4%d0%bd%d0%be%d1%88%d0%b0%d1%80%d0%be%d0%b2\/\" \/>\n<meta property=\"og:locale\" content=\"ru_RU\" \/>\n<meta property=\"og:type\" content=\"article\" \/>\n<meta property=\"og:title\" content=\"\u0422\u0435\u0440\u043c\u043e\u043f\u043e\u0438\u043b\u043a\u0430 \u043d\u0435\u0437\u0430\u043c\u0435\u0440\u0437\u0430\u044e\u0449\u0430\u044f \u043e\u0434\u043d\u043e\u0448\u0430\u0440\u043e\u0432\u0430\u044f FA-AT 1\" \/>\n<meta property=\"og:description\" content=\"\u0421 \u043d\u0435\u0437\u0430\u043c\u0435\u0440\u0437\u0430\u044e\u0449\u0435\u0439 \u043f\u043e\u0438\u043b\u043a\u043e\u0439 \u0434\u043b\u044f \u043a\u043e\u0440\u043e\u0432\u043d\u0438\u043a\u043e\u0432 \u0438 \u043b\u0435\u0432\u0430\u0434 \u0432\u0430\u043c \u0431\u043e\u043b\u044c\u0448\u0435 \u043d\u0435 \u043f\u0440\u0438\u0434\u0435\u0442\u0441\u044f \u0431\u0435\u0441\u043f\u043e\u043a\u043e\u0438\u0442\u044c\u0441\u044f \u043e \u043c\u043e\u0440\u043e\u0437\u0430\u0445. \u041e\u0446\u0435\u043d\u0438\u0442\u0435 \u0443\u0434\u043e\u0431\u0441\u0442\u0432\u043e \u044d\u043d\u0435\u0440\u0433\u043e\u043d\u0435\u0437\u0430\u0432\u0438\u0441\u0438\u043c\u043e\u0433\u043e \u043e\u0431\u043e\u0440\u0443\u0434\u043e\u0432\u0430\u043d\u0438\u044f!\" \/>\n<meta property=\"og:url\" content=\"https:\/\/fdasrl.it\/ru\/prodotto\/%d1%82%d0%b5%d1%80%d0%bc%d0%be%d0%bf%d0%be%d0%b8%d0%bb%d0%ba%d0%b0-%d0%bd%d0%b5%d0%b7%d0%b0%d0%bc%d0%b5%d1%80%d0%b7%d0%b0%d1%8e%d1%89%d0%b0%d1%8f-%d0%be%d0%b4%d0%bd%d0%be%d1%88%d0%b0%d1%80%d0%be%d0%b2\/\" \/>\n<meta property=\"og:site_name\" content=\"FDA srl\" \/>\n<meta property=\"article:publisher\" content=\"https:\/\/www.facebook.com\/share\/1MWhFWg1Tp\/?mibextid=LQQJ4d\" \/>\n<meta property=\"og:image\" content=\"https:\/\/fdasrl.it\/wp-content\/uploads\/2025\/01\/FA-AT-1.jpg\" \/>\n\t<meta property=\"og:image:width\" content=\"705\" \/>\n\t<meta property=\"og:image:height\" content=\"640\" \/>\n\t<meta property=\"og:image:type\" content=\"image\/jpeg\" \/>\n<meta name=\"twitter:card\" content=\"summary_large_image\" \/>\n<meta name=\"twitter:label1\" content=\"\u0426\u0435\u043d\u0430\" \/>\n\t<meta name=\"twitter:data1\" content=\"\" \/>\n\t<meta name=\"twitter:label2\" content=\"\u0414\u043e\u0441\u0442\u0443\u043f\u043d\u043e\u0441\u0442\u044c\" \/>\n\t<meta name=\"twitter:data2\" content=\"\u0412 \u043d\u0430\u043b\u0438\u0447\u0438\u0438\" \/>\n<meta property=\"product:price:currency\" content=\"EUR\" \/>\n<meta property=\"og:availability\" content=\"instock\" \/>\n<meta property=\"product:availability\" content=\"instock\" \/>\n<meta property=\"product:retailer_item_id\" content=\"FA-AT1\" \/>\n<meta property=\"product:condition\" content=\"new\" \/>\n<!-- \/ Yoast SEO Premium plugin. -->","yoast_head_json":{"title":"\u041d\u0435\u0437\u0430\u043c\u0435\u0440\u0437\u0430\u044e\u0449\u0430\u044f \u043f\u043e\u0438\u043b\u043a\u0430 \u0434\u043b\u044f \u043a\u043e\u0440\u043e\u0432\u043d\u0438\u043a\u043e\u0432 \u0438 \u043b\u0435\u0432\u0430\u0434 \u043d\u0430 \u0441\u0443\u0440\u043e\u0432\u0443\u044e \u0437\u0438\u043c\u0443 - FDA srl","description":"\u0421 \u043d\u0435\u0437\u0430\u043c\u0435\u0440\u0437\u0430\u044e\u0449\u0435\u0439 \u043f\u043e\u0438\u043b\u043a\u043e\u0439 \u0434\u043b\u044f \u043a\u043e\u0440\u043e\u0432\u043d\u0438\u043a\u043e\u0432 \u0438 \u043b\u0435\u0432\u0430\u0434 \u0432\u0430\u043c \u0431\u043e\u043b\u044c\u0448\u0435 \u043d\u0435 \u043f\u0440\u0438\u0434\u0435\u0442\u0441\u044f \u0431\u0435\u0441\u043f\u043e\u043a\u043e\u0438\u0442\u044c\u0441\u044f \u043e \u043c\u043e\u0440\u043e\u0437\u0430\u0445. \u041e\u0446\u0435\u043d\u0438\u0442\u0435 \u0443\u0434\u043e\u0431\u0441\u0442\u0432\u043e \u044d\u043d\u0435\u0440\u0433\u043e\u043d\u0435\u0437\u0430\u0432\u0438\u0441\u0438\u043c\u043e\u0433\u043e \u043e\u0431\u043e\u0440\u0443\u0434\u043e\u0432\u0430\u043d\u0438\u044f!","robots":{"index":"index","follow":"follow","max-snippet":"max-snippet:-1","max-image-preview":"max-image-preview:large","max-video-preview":"max-video-preview:-1"},"canonical":"https:\/\/fdasrl.it\/ru\/prodotto\/%d1%82%d0%b5%d1%80%d0%bc%d0%be%d0%bf%d0%be%d0%b8%d0%bb%d0%ba%d0%b0-%d0%bd%d0%b5%d0%b7%d0%b0%d0%bc%d0%b5%d1%80%d0%b7%d0%b0%d1%8e%d1%89%d0%b0%d1%8f-%d0%be%d0%b4%d0%bd%d0%be%d1%88%d0%b0%d1%80%d0%be%d0%b2\/","og_locale":"ru_RU","og_type":"article","og_title":"\u0422\u0435\u0440\u043c\u043e\u043f\u043e\u0438\u043b\u043a\u0430 \u043d\u0435\u0437\u0430\u043c\u0435\u0440\u0437\u0430\u044e\u0449\u0430\u044f \u043e\u0434\u043d\u043e\u0448\u0430\u0440\u043e\u0432\u0430\u044f FA-AT 1","og_description":"\u0421 \u043d\u0435\u0437\u0430\u043c\u0435\u0440\u0437\u0430\u044e\u0449\u0435\u0439 \u043f\u043e\u0438\u043b\u043a\u043e\u0439 \u0434\u043b\u044f \u043a\u043e\u0440\u043e\u0432\u043d\u0438\u043a\u043e\u0432 \u0438 \u043b\u0435\u0432\u0430\u0434 \u0432\u0430\u043c \u0431\u043e\u043b\u044c\u0448\u0435 \u043d\u0435 \u043f\u0440\u0438\u0434\u0435\u0442\u0441\u044f \u0431\u0435\u0441\u043f\u043e\u043a\u043e\u0438\u0442\u044c\u0441\u044f \u043e \u043c\u043e\u0440\u043e\u0437\u0430\u0445. \u041e\u0446\u0435\u043d\u0438\u0442\u0435 \u0443\u0434\u043e\u0431\u0441\u0442\u0432\u043e \u044d\u043d\u0435\u0440\u0433\u043e\u043d\u0435\u0437\u0430\u0432\u0438\u0441\u0438\u043c\u043e\u0433\u043e \u043e\u0431\u043e\u0440\u0443\u0434\u043e\u0432\u0430\u043d\u0438\u044f!","og_url":"https:\/\/fdasrl.it\/ru\/prodotto\/%d1%82%d0%b5%d1%80%d0%bc%d0%be%d0%bf%d0%be%d0%b8%d0%bb%d0%ba%d0%b0-%d0%bd%d0%b5%d0%b7%d0%b0%d0%bc%d0%b5%d1%80%d0%b7%d0%b0%d1%8e%d1%89%d0%b0%d1%8f-%d0%be%d0%b4%d0%bd%d0%be%d1%88%d0%b0%d1%80%d0%be%d0%b2\/","og_site_name":"FDA srl","article_publisher":"https:\/\/www.facebook.com\/share\/1MWhFWg1Tp\/?mibextid=LQQJ4d","og_image":[{"width":705,"height":640,"url":"https:\/\/fdasrl.it\/wp-content\/uploads\/2025\/01\/FA-AT-1.jpg","type":"image\/jpeg"}],"twitter_card":"summary_large_image","twitter_misc":{"\u0426\u0435\u043d\u0430":"","\u0414\u043e\u0441\u0442\u0443\u043f\u043d\u043e\u0441\u0442\u044c":"\u0412 \u043d\u0430\u043b\u0438\u0447\u0438\u0438"},"schema":{"@context":"https:\/\/schema.org","@graph":[{"@type":"WebPage","@id":"https:\/\/fdasrl.it\/ru\/prodotto\/%d1%82%d0%b5%d1%80%d0%bc%d0%be%d0%bf%d0%be%d0%b8%d0%bb%d0%ba%d0%b0-%d0%bd%d0%b5%d0%b7%d0%b0%d0%bc%d0%b5%d1%80%d0%b7%d0%b0%d1%8e%d1%89%d0%b0%d1%8f-%d0%be%d0%b4%d0%bd%d0%be%d1%88%d0%b0%d1%80%d0%be%d0%b2\/","url":"https:\/\/fdasrl.it\/ru\/prodotto\/%d1%82%d0%b5%d1%80%d0%bc%d0%be%d0%bf%d0%be%d0%b8%d0%bb%d0%ba%d0%b0-%d0%bd%d0%b5%d0%b7%d0%b0%d0%bc%d0%b5%d1%80%d0%b7%d0%b0%d1%8e%d1%89%d0%b0%d1%8f-%d0%be%d0%b4%d0%bd%d0%be%d1%88%d0%b0%d1%80%d0%be%d0%b2\/","name":"\u041d\u0435\u0437\u0430\u043c\u0435\u0440\u0437\u0430\u044e\u0449\u0430\u044f \u043f\u043e\u0438\u043b\u043a\u0430 \u0434\u043b\u044f \u043a\u043e\u0440\u043e\u0432\u043d\u0438\u043a\u043e\u0432 \u0438 \u043b\u0435\u0432\u0430\u0434 \u043d\u0430 \u0441\u0443\u0440\u043e\u0432\u0443\u044e \u0437\u0438\u043c\u0443 - FDA srl","isPartOf":{"@id":"https:\/\/fdasrl.it\/ru\/#website"},"primaryImageOfPage":{"@id":"https:\/\/fdasrl.it\/ru\/prodotto\/%d1%82%d0%b5%d1%80%d0%bc%d0%be%d0%bf%d0%be%d0%b8%d0%bb%d0%ba%d0%b0-%d0%bd%d0%b5%d0%b7%d0%b0%d0%bc%d0%b5%d1%80%d0%b7%d0%b0%d1%8e%d1%89%d0%b0%d1%8f-%d0%be%d0%b4%d0%bd%d0%be%d1%88%d0%b0%d1%80%d0%be%d0%b2\/#primaryimage"},"image":{"@id":"https:\/\/fdasrl.it\/ru\/prodotto\/%d1%82%d0%b5%d1%80%d0%bc%d0%be%d0%bf%d0%be%d0%b8%d0%bb%d0%ba%d0%b0-%d0%bd%d0%b5%d0%b7%d0%b0%d0%bc%d0%b5%d1%80%d0%b7%d0%b0%d1%8e%d1%89%d0%b0%d1%8f-%d0%be%d0%b4%d0%bd%d0%be%d1%88%d0%b0%d1%80%d0%be%d0%b2\/#primaryimage"},"thumbnailUrl":"https:\/\/fdasrl.it\/wp-content\/uploads\/2025\/01\/FA-AT-1.jpg","datePublished":"2025-01-21T09:25:05+00:00","description":"\u0421 \u043d\u0435\u0437\u0430\u043c\u0435\u0440\u0437\u0430\u044e\u0449\u0435\u0439 \u043f\u043e\u0438\u043b\u043a\u043e\u0439 \u0434\u043b\u044f \u043a\u043e\u0440\u043e\u0432\u043d\u0438\u043a\u043e\u0432 \u0438 \u043b\u0435\u0432\u0430\u0434 \u0432\u0430\u043c \u0431\u043e\u043b\u044c\u0448\u0435 \u043d\u0435 \u043f\u0440\u0438\u0434\u0435\u0442\u0441\u044f \u0431\u0435\u0441\u043f\u043e\u043a\u043e\u0438\u0442\u044c\u0441\u044f \u043e \u043c\u043e\u0440\u043e\u0437\u0430\u0445. \u041e\u0446\u0435\u043d\u0438\u0442\u0435 \u0443\u0434\u043e\u0431\u0441\u0442\u0432\u043e \u044d\u043d\u0435\u0440\u0433\u043e\u043d\u0435\u0437\u0430\u0432\u0438\u0441\u0438\u043c\u043e\u0433\u043e \u043e\u0431\u043e\u0440\u0443\u0434\u043e\u0432\u0430\u043d\u0438\u044f!","breadcrumb":{"@id":"https:\/\/fdasrl.it\/ru\/prodotto\/%d1%82%d0%b5%d1%80%d0%bc%d0%be%d0%bf%d0%be%d0%b8%d0%bb%d0%ba%d0%b0-%d0%bd%d0%b5%d0%b7%d0%b0%d0%bc%d0%b5%d1%80%d0%b7%d0%b0%d1%8e%d1%89%d0%b0%d1%8f-%d0%be%d0%b4%d0%bd%d0%be%d1%88%d0%b0%d1%80%d0%be%d0%b2\/#breadcrumb"},"inLanguage":"ru-RU","potentialAction":[{"@type":"ReadAction","target":["https:\/\/fdasrl.it\/ru\/prodotto\/%d1%82%d0%b5%d1%80%d0%bc%d0%be%d0%bf%d0%be%d0%b8%d0%bb%d0%ba%d0%b0-%d0%bd%d0%b5%d0%b7%d0%b0%d0%bc%d0%b5%d1%80%d0%b7%d0%b0%d1%8e%d1%89%d0%b0%d1%8f-%d0%be%d0%b4%d0%bd%d0%be%d1%88%d0%b0%d1%80%d0%be%d0%b2\/"]}]},{"@type":"ImageObject","inLanguage":"ru-RU","@id":"https:\/\/fdasrl.it\/ru\/prodotto\/%d1%82%d0%b5%d1%80%d0%bc%d0%be%d0%bf%d0%be%d0%b8%d0%bb%d0%ba%d0%b0-%d0%bd%d0%b5%d0%b7%d0%b0%d0%bc%d0%b5%d1%80%d0%b7%d0%b0%d1%8e%d1%89%d0%b0%d1%8f-%d0%be%d0%b4%d0%bd%d0%be%d1%88%d0%b0%d1%80%d0%be%d0%b2\/#primaryimage","url":"https:\/\/fdasrl.it\/wp-content\/uploads\/2025\/01\/FA-AT-1.jpg","contentUrl":"https:\/\/fdasrl.it\/wp-content\/uploads\/2025\/01\/FA-AT-1.jpg","width":705,"height":640,"caption":"\u0422\u0435\u0440\u043c\u043e\u043f\u043e\u0438\u043b\u043a\u0430 \u043d\u0435\u0437\u0430\u043c\u0435\u0440\u0437\u0430\u044e\u0449\u0430\u044f \u043e\u0434\u043d\u043e\u0448\u0430\u0440\u043e\u0432\u0430\u044f FA-AT 1 \u0434\u043b\u044f \u041a\u0420\u0421 \u0438 \u043b\u043e\u0448\u0430\u0434\u0435\u0439"},{"@type":"BreadcrumbList","@id":"https:\/\/fdasrl.it\/ru\/prodotto\/%d1%82%d0%b5%d1%80%d0%bc%d0%be%d0%bf%d0%be%d0%b8%d0%bb%d0%ba%d0%b0-%d0%bd%d0%b5%d0%b7%d0%b0%d0%bc%d0%b5%d1%80%d0%b7%d0%b0%d1%8e%d1%89%d0%b0%d1%8f-%d0%be%d0%b4%d0%bd%d0%be%d1%88%d0%b0%d1%80%d0%be%d0%b2\/#breadcrumb","itemListElement":[{"@type":"ListItem","position":1,"name":"Home","item":"https:\/\/fdasrl.it\/ru\/%d0%b3%d0%bb%d0%b0%d0%b2%d0%bd%d0%b0%d1%8f\/"},{"@type":"ListItem","position":2,"name":"\u041c\u0430\u0433\u0430\u0437\u0438\u043d","item":"https:\/\/fdasrl.it\/ru\/%d0%bc%d0%b0%d0%b3%d0%b0%d0%b7%d0%b8%d0%bd\/"},{"@type":"ListItem","position":3,"name":"\u0422\u0435\u0440\u043c\u043e\u043f\u043e\u0438\u043b\u043a\u0430 \u043d\u0435\u0437\u0430\u043c\u0435\u0440\u0437\u0430\u044e\u0449\u0430\u044f \u043e\u0434\u043d\u043e\u0448\u0430\u0440\u043e\u0432\u0430\u044f FA-AT 1"}]},{"@type":"WebSite","@id":"https:\/\/fdasrl.it\/ru\/#website","url":"https:\/\/fdasrl.it\/ru\/","name":"FDA srl","description":"Equipment for animal husbandry","publisher":{"@id":"https:\/\/fdasrl.it\/ru\/#organization"},"potentialAction":[{"@type":"SearchAction","target":{"@type":"EntryPoint","urlTemplate":"https:\/\/fdasrl.it\/ru\/?s={search_term_string}"},"query-input":{"@type":"PropertyValueSpecification","valueRequired":true,"valueName":"search_term_string"}}],"inLanguage":"ru-RU"},{"@type":"Organization","@id":"https:\/\/fdasrl.it\/ru\/#organization","name":"FDA srl","url":"https:\/\/fdasrl.it\/ru\/","logo":{"@type":"ImageObject","inLanguage":"ru-RU","@id":"https:\/\/fdasrl.it\/ru\/#\/schema\/logo\/image\/","url":"https:\/\/fdasrl.it\/wp-content\/uploads\/2024\/12\/Logo-FDA.png","contentUrl":"https:\/\/fdasrl.it\/wp-content\/uploads\/2024\/12\/Logo-FDA.png","width":316,"height":119,"caption":"FDA srl"},"image":{"@id":"https:\/\/fdasrl.it\/ru\/#\/schema\/logo\/image\/"},"sameAs":["https:\/\/www.facebook.com\/share\/1MWhFWg1Tp\/?mibextid=LQQJ4d","https:\/\/www.instagram.com\/fda_srl\/profilecard\/?igsh=YW5lbzJ6MWg0d21u","https:\/\/www.youtube.com\/@FDASRL_ANIMALCARE"],"description":"FDA SRL \u2013 Equipment for animal husbandry nasce con l\u2019obiettivo di offrire soluzioni affidabili e innovative per l\u2019allevamento moderno. Con anni di esperienza nel settore zootecnico, progettiamo e realizziamo attrezzature destinate al benessere animale e alla gestione efficiente delle stalle: vasche, abbeveratoi, mangiatoie e sistemi di riscaldamento pensati per durare nel tempo e semplificare il lavoro quotidiano degli allevatori. Dalla progettazione alla produzione, ogni nostro prodotto \u00e8 studiato nei minimi dettagli, testato con cura e costruito per rispondere alle esigenze reali del settore. La nostra forza \u00e8 unire artigianalit\u00e0, tecnologia e competenza tecnica per trasformare ogni progetto in una soluzione concreta e funzionale. Oggi FDA SRL \u00e8 un punto di riferimento per privati e rivenditori che cercano qualit\u00e0, affidabilit\u00e0 e innovazione nelle attrezzature per l\u2019allevamento.","email":"info@fdasrl.it","telephone":"+390522826820","legalName":"F.D.A. SRL","foundingDate":"2024-10-13","vatID":"03075840359","taxID":"03075840359","numberOfEmployees":{"@type":"QuantitativeValue","minValue":"1","maxValue":"10"}}]},"product_price_currency":"EUR","og_availability":"instock","product_availability":"instock","product_retailer_item_id":"FA-AT1","product_condition":"new"},"_links":{"self":[{"href":"https:\/\/fdasrl.it\/ru\/wp-json\/wp\/v2\/product\/4014","targetHints":{"allow":["GET"]}}],"collection":[{"href":"https:\/\/fdasrl.it\/ru\/wp-json\/wp\/v2\/product"}],"about":[{"href":"https:\/\/fdasrl.it\/ru\/wp-json\/wp\/v2\/types\/product"}],"replies":[{"embeddable":true,"href":"https:\/\/fdasrl.it\/ru\/wp-json\/wp\/v2\/comments?post=4014"}],"wp:featuredmedia":[{"embeddable":true,"href":"https:\/\/fdasrl.it\/ru\/wp-json\/wp\/v2\/media\/359"}],"wp:attachment":[{"href":"https:\/\/fdasrl.it\/ru\/wp-json\/wp\/v2\/media?parent=4014"}],"wp:term":[{"taxonomy":"product_brand","embeddable":true,"href":"https:\/\/fdasrl.it\/ru\/wp-json\/wp\/v2\/product_brand?post=4014"},{"taxonomy":"product_cat","embeddable":true,"href":"https:\/\/fdasrl.it\/ru\/wp-json\/wp\/v2\/product_cat?post=4014"},{"taxonomy":"product_tag","embeddable":true,"href":"https:\/\/fdasrl.it\/ru\/wp-json\/wp\/v2\/product_tag?post=4014"}],"curies":[{"name":"wp","href":"https:\/\/api.w.org\/{rel}","templated":true}]}}