{"id":4395,"date":"2025-01-20T11:26:01","date_gmt":"2025-01-20T10:26:01","guid":{"rendered":"https:\/\/fdasrl.it\/prodotto\/%d0%b8%d0%bd%d1%84%d1%80%d0%b0%d0%ba%d1%80%d0%b0%d1%81%d0%bd%d1%8b%d0%b9-%d0%be%d0%b1%d0%bb%d1%83%d1%87%d0%b0%d1%82%d0%b5%d0%bb%d1%8c-%d0%b8%d0%b7-%d0%bf%d0%be%d0%bb%d0%b8%d0%ba%d0%b0%d1%80%d0%b1\/"},"modified":"2025-01-20T11:26:01","modified_gmt":"2025-01-20T10:26:01","slug":"%d0%b8%d0%bd%d1%84%d1%80%d0%b0%d0%ba%d1%80%d0%b0%d1%81%d0%bd%d1%8b%d0%b9-%d0%be%d0%b1%d0%bb%d1%83%d1%87%d0%b0%d1%82%d0%b5%d0%bb%d1%8c-%d0%b8%d0%b7-%d0%bf%d0%be%d0%bb%d0%b8%d0%ba%d0%b0%d1%80%d0%b1","status":"publish","type":"product","link":"https:\/\/fdasrl.it\/ru\/prodotto\/%d0%b8%d0%bd%d1%84%d1%80%d0%b0%d0%ba%d1%80%d0%b0%d1%81%d0%bd%d1%8b%d0%b9-%d0%be%d0%b1%d0%bb%d1%83%d1%87%d0%b0%d1%82%d0%b5%d0%bb%d1%8c-%d0%b8%d0%b7-%d0%bf%d0%be%d0%bb%d0%b8%d0%ba%d0%b0%d1%80%d0%b1\/","title":{"rendered":"\u0418\u043d\u0444\u0440\u0430\u043a\u0440\u0430\u0441\u043d\u044b\u0439 \u043e\u0431\u043b\u0443\u0447\u0430\u0442\u0435\u043b\u044c \u0438\u0437 \u043f\u043e\u043b\u0438\u043a\u0430\u0440\u0431\u043e\u043d\u0430\u0442\u0430 \u00d8 270 \u043c\u043c FDA"},"content":{"rendered":"<div align=\"left\">\n<p data-start=\"917\" data-end=\"1238\"><strong data-start=\"920\" data-end=\"972\">\u0418\u043d\u0444\u0440\u0430\u043a\u0440\u0430\u0441\u043d\u044b\u0439 \u043e\u0431\u043b\u0443\u0447\u0430\u0442\u0435\u043b\u044c \u0438\u0437 \u043f\u043e\u043b\u0438\u043a\u0430\u0440\u0431\u043e\u043d\u0430\u0442\u0430 \u00d8 270 \u043c\u043c<\/strong> \u043e\u0442 FDA \u2014 \u044d\u0442\u043e \u043f\u0440\u043e\u0447\u043d\u043e\u0435, \u0431\u0435\u0437\u043e\u043f\u0430\u0441\u043d\u043e\u0435 \u0438 \u043d\u0435\u0431\u044c\u044e\u0449\u0435\u0435\u0441\u044f \u0440\u0435\u0448\u0435\u043d\u0438\u0435 \u0434\u043b\u044f \u043e\u0431\u0435\u0441\u043f\u0435\u0447\u0435\u043d\u0438\u044f \u0442\u0435\u043f\u043b\u0430 \u0438 \u0437\u0430\u0449\u0438\u0442\u044b \u0436\u0438\u0432\u043e\u0442\u043d\u044b\u0445 \u043d\u0430 \u043f\u0435\u0440\u0432\u044b\u0445 \u044d\u0442\u0430\u043f\u0430\u0445 \u0436\u0438\u0437\u043d\u0438. \u0411\u043b\u0430\u0433\u043e\u0434\u0430\u0440\u044f <strong data-start=\"1113\" data-end=\"1137\">\u0442\u0435\u0440\u043c\u043e\u0441\u0442\u043e\u0439\u043a\u043e\u043c\u0443<\/strong> \u043c\u0430\u0442\u0435\u0440\u0438\u0430\u043b\u0443 \u0438 \u043f\u0440\u043e\u0437\u0440\u0430\u0447\u043d\u043e\u0439 \u043a\u043e\u043d\u0441\u0442\u0440\u0443\u043a\u0446\u0438\u0438 \u043e\u043d \u0438\u0434\u0435\u0430\u043b\u044c\u043d\u043e \u043f\u043e\u0434\u0445\u043e\u0434\u0438\u0442 \u0434\u043b\u044f \u0444\u0435\u0440\u043c \u0438 \u043f\u043e\u043c\u0435\u0449\u0435\u043d\u0438\u0439, \u0433\u0434\u0435 \u0431\u0435\u0437\u043e\u043f\u0430\u0441\u043d\u043e\u0441\u0442\u044c \u044f\u0432\u043b\u044f\u0435\u0442\u0441\u044f \u043f\u0440\u0438\u043e\u0440\u0438\u0442\u0435\u0442\u043e\u043c. <\/p>\n<h3 data-start=\"1240\" data-end=\"1274\">\u0414\u0430\u043d\u043d\u044b\u0439 \u043e\u0431\u043b\u0443\u0447\u0430\u0442\u0435\u043b\u044c \u0443\u043a\u043e\u043c\u043f\u043b\u0435\u043a\u0442\u043e\u0432\u0430\u043d:<\/h3>\n<ul data-start=\"1275\" data-end=\"1548\">\n<li data-start=\"1275\" data-end=\"1335\">\n<p data-start=\"1277\" data-end=\"1335\"><strong data-start=\"1277\" data-end=\"1294\">\u041a\u0430\u0431\u0435\u043b\u044c 2,5 \u043c<\/strong> \u0434\u043b\u044f \u043f\u0440\u043e\u0441\u0442\u043e\u0439 \u0438 \u0431\u0435\u0437\u043e\u043f\u0430\u0441\u043d\u043e\u0439 \u0443\u0441\u0442\u0430\u043d\u043e\u0432\u043a\u0438<\/p>\n<\/li>\n<li data-start=\"1336\" data-end=\"1380\">\n<p data-start=\"1338\" data-end=\"1380\"><strong data-start=\"1338\" data-end=\"1378\">\u0412\u0438\u043b\u043a\u0430 Schuko 16 \u0410, 250 \u0412 \u0441 \u0437\u0430\u0449\u0438\u0442\u043e\u0439 \u043e\u0442 \u0431\u0440\u044b\u0437\u0433<\/strong><\/p>\n<\/li>\n<li data-start=\"1381\" data-end=\"1448\">\n<p data-start=\"1383\" data-end=\"1448\"><strong data-start=\"1383\" data-end=\"1426\">\u0422\u044f\u0436\u0435\u043b\u044b\u0439 \u0444\u0430\u0440\u0444\u043e\u0440\u043e\u0432\u044b\u0439 \u043f\u0430\u0442\u0440\u043e\u043d \u00d8 54<\/strong> \u0441 \u043d\u0430\u0440\u0435\u0437\u043d\u043e\u0439 \u0433\u0438\u043b\u044c\u0437\u043e\u0439<\/p>\n<\/li>\n<li data-start=\"1449\" data-end=\"1503\">\n<p data-start=\"1451\" data-end=\"1503\"><strong data-start=\"1451\" data-end=\"1486\">\u041f\u043e\u0434\u0432\u0435\u0441\u043d\u0430\u044f \u0446\u0435\u043f\u044c 2 \u043c<\/strong> (\u043f\u043e \u0437\u0430\u043f\u0440\u043e\u0441\u0443)<\/p>\n<\/li>\n<li data-start=\"1504\" data-end=\"1548\">\n<p data-start=\"1506\" data-end=\"1548\"><strong data-start=\"1506\" data-end=\"1531\">\u0417\u0430\u0449\u0438\u0442\u043d\u0430\u044f \u0440\u0435\u0448\u0435\u0442\u043a\u0430<\/strong> (\u043f\u043e \u0437\u0430\u043f\u0440\u043e\u0441\u0443)<\/p>\n<\/li>\n<\/ul>\n<h3 data-start=\"1550\" data-end=\"1581\">\u0422\u0435\u0445\u043d\u0438\u0447\u0435\u0441\u043a\u0438\u0435 \u0445\u0430\u0440\u0430\u043a\u0442\u0435\u0440\u0438\u0441\u0442\u0438\u043a\u0438:<\/h3>\n<ul data-start=\"1582\" data-end=\"1777\">\n<li data-start=\"1582\" data-end=\"1639\">\n<p data-start=\"1584\" data-end=\"1639\">\u041c\u0430\u0442\u0435\u0440\u0438\u0430\u043b: <strong data-start=\"1595\" data-end=\"1637\">\u043f\u0440\u043e\u0437\u0440\u0430\u0447\u043d\u044b\u0439 \u043d\u0435\u0431\u044c\u044e\u0449\u0438\u0439\u0441\u044f \u043f\u043e\u043b\u0438\u043a\u0430\u0440\u0431\u043e\u043d\u0430\u0442<\/strong><\/p>\n<\/li>\n<li data-start=\"1640\" data-end=\"1676\">\n<p data-start=\"1642\" data-end=\"1676\">\u041f\u0438\u0442\u0430\u043d\u0438\u0435: <strong data-start=\"1657\" data-end=\"1674\">230 \u0412 \u2013 50 \u0413\u0446<\/strong><\/p>\n<\/li>\n<li data-start=\"1677\" data-end=\"1707\">\n<p data-start=\"1679\" data-end=\"1707\">\u041c\u0430\u043a\u0441\u0438\u043c\u0430\u043b\u044c\u043d\u0430\u044f \u043c\u043e\u0449\u043d\u043e\u0441\u0442\u044c: <strong data-start=\"1696\" data-end=\"1705\">250 \u0412\u0442<\/strong><\/p>\n<\/li>\n<li data-start=\"1708\" data-end=\"1777\">\n<p data-start=\"1710\" data-end=\"1777\">\u0414\u043e\u0441\u0442\u0443\u043f\u0435\u043d \u0442\u0430\u043a\u0436\u0435 \u0441 <strong data-start=\"1732\" data-end=\"1758\">\u0432\u0438\u043b\u043a\u043e\u0439 CEE IP 44<\/strong> \u0438 \u043a\u0430\u0431\u0435\u043b\u0435\u043c 2,80 \u043c<\/p>\n<\/li>\n<\/ul>\n<p data-start=\"1779\" data-end=\"1990\">\u0411\u043b\u0430\u0433\u043e\u0434\u0430\u0440\u044f \u0441\u0432\u043e\u0435\u0439 \u043f\u0440\u043e\u0447\u043d\u043e\u0441\u0442\u0438 \u0438 \u0431\u0435\u0437\u043e\u043f\u0430\u0441\u043d\u043e\u0441\u0442\u0438 \u044d\u0442\u043e\u0442 \u043e\u0431\u043b\u0443\u0447\u0430\u0442\u0435\u043b\u044c \u0438\u0434\u0435\u0430\u043b\u044c\u043d\u043e \u043f\u043e\u0434\u0445\u043e\u0434\u0438\u0442 \u0434\u043b\u044f <strong data-start=\"1855\" data-end=\"1927\">\u043e\u0431\u043e\u0433\u0440\u0435\u0432\u0430 \u0446\u044b\u043f\u043b\u044f\u0442, \u043a\u0443\u0440, \u043f\u043e\u0440\u043e\u0441\u044f\u0442, \u043a\u0440\u043e\u043b\u0438\u043a\u043e\u0432 \u0438 \u043c\u0435\u043b\u043a\u0438\u0445 \u0436\u0438\u0432\u043e\u0442\u043d\u044b\u0445<\/strong> \u043a\u0430\u043a \u043d\u0430 \u043f\u0440\u043e\u0444\u0435\u0441\u0441\u0438\u043e\u043d\u0430\u043b\u044c\u043d\u044b\u0445 \u0444\u0435\u0440\u043c\u0430\u0445, \u0442\u0430\u043a \u0438 \u0432 \u0434\u043e\u043c\u0430\u0448\u043d\u0438\u0445 \u0445\u043e\u0437\u044f\u0439\u0441\u0442\u0432\u0430\u0445.<\/p>\n<p data-start=\"1992\" data-end=\"2128\">\ud83d\udc49 <strong data-start=\"1995\" data-end=\"2068\">\u0417\u0430\u043f\u0440\u043e\u0441\u0438\u0442\u0435 \u043e\u043f\u0442\u043e\u0432\u043e\u0435 \u043f\u0440\u0435\u0434\u043b\u043e\u0436\u0435\u043d\u0438\u0435 \u043f\u043e \u0430\u0434\u0440\u0435\u0441\u0443 <a href=\"mailto:info@fdasrl.it\">info@fdasrl.it<\/a><\/strong><br data-start=\"2068\" data-end=\"2071\">\ud83d\udc49 \u041a\u0443\u043f\u0438\u0442\u0435 \u0432 \u043d\u0430\u0448\u0435\u043c <a href=\"https:\/\/fda-shop.it\/shop\/articoli-per-allevamento\/riflettori-e-infrarossi\/riflettore-in-policarbonato-fda-00034-dm-cm-27#\/32-accessori_e_confezioni-spina_schuko_senza_griglia\" target=\"_blank\" rel=\"noopener\">\u0438\u043d\u0442\u0435\u0440\u043d\u0435\u0442-\u043c\u0430\u0433\u0430\u0437\u0438\u043d\u0435<\/a><\/p>\n<\/div>\n","protected":false},"excerpt":{"rendered":"<p>\u0418\u043d\u0444\u0440\u0430\u043a\u0440\u0430\u0441\u043d\u044b\u0439 \u043e\u0431\u043b\u0443\u0447\u0430\u0442\u0435\u043b\u044c \u00d8 270 \u043c\u043c \u043e\u0442 FDA \u0438\u0437 \u043d\u0435\u0431\u044c\u044e\u0449\u0435\u0433\u043e\u0441\u044f \u0442\u0435\u0440\u043c\u043e\u0441\u0442\u043e\u0439\u043a\u043e\u0433\u043e \u043f\u043e\u043b\u0438\u043a\u0430\u0440\u0431\u043e\u043d\u0430\u0442\u0430. \u0412 \u043a\u043e\u043c\u043f\u043b\u0435\u043a\u0442\u0435 \u0441 \u043a\u0430\u0431\u0435\u043b\u0435\u043c \u0438 \u0432\u0438\u043b\u043a\u043e\u0439 Schuko. <\/p>\n","protected":false},"featured_media":914,"comment_status":"open","ping_status":"closed","template":"","meta":{"_et_pb_use_builder":"","_et_pb_old_content":"","_et_gb_content_width":""},"product_brand":[],"product_cat":[656,1039,655,653],"product_tag":[1040],"class_list":{"0":"post-4395","1":"product","2":"type-product","3":"status-publish","4":"has-post-thumbnail","6":"product_cat-656","7":"product_cat-1039","8":"product_cat-655","9":"product_cat-653","10":"product_tag-fda-000034","12":"first","13":"instock","14":"shipping-taxable","15":"product-type-simple"},"yoast_head":"<!-- This site is optimized with the Yoast SEO Premium plugin v27.5 (Yoast SEO v27.6) - https:\/\/yoast.com\/product\/yoast-seo-premium-wordpress\/ -->\n<title>\u0418\u043d\u0444\u0440\u0430\u043a\u0440\u0430\u0441\u043d\u044b\u0439 \u043e\u0431\u043b\u0443\u0447\u0430\u0442\u0435\u043b\u044c \u0438\u0437 \u043f\u043e\u043b\u0438\u043a\u0430\u0440\u0431\u043e\u043d\u0430\u0442\u0430 \u00d8 270 \u043c\u043c \u041f\u0440\u043e\u0447\u043d\u043e\u0441\u0442\u044c - FDA srl<\/title>\n<meta name=\"description\" content=\"\u041e\u0442\u043a\u0440\u043e\u0439\u0442\u0435 \u0434\u043b\u044f \u0441\u0435\u0431\u044f \u0438\u043d\u0444\u0440\u0430\u043a\u0440\u0430\u0441\u043d\u044b\u0439 \u043e\u0431\u043b\u0443\u0447\u0430\u0442\u0435\u043b\u044c \u0438\u0437 \u043f\u043e\u043b\u0438\u043a\u0430\u0440\u0431\u043e\u043d\u0430\u0442\u0430 \u00d8 270 \u043c\u043c \u2014 \u0431\u0435\u0437\u043e\u043f\u0430\u0441\u043d\u043e\u0435 \u0438 \u043d\u0435\u0431\u044c\u044e\u0449\u0435\u0435\u0441\u044f \u0440\u0435\u0448\u0435\u043d\u0438\u0435 \u0434\u043b\u044f \u0431\u043b\u0430\u0433\u043e\u043f\u043e\u043b\u0443\u0447\u0438\u044f \u0436\u0438\u0432\u043e\u0442\u043d\u044b\u0445. \u0423\u0437\u043d\u0430\u0439\u0442\u0435 \u0431\u043e\u043b\u044c\u0448\u0435!\" \/>\n<meta name=\"robots\" content=\"index, follow, max-snippet:-1, max-image-preview:large, max-video-preview:-1\" \/>\n<link rel=\"canonical\" href=\"https:\/\/fdasrl.it\/ru\/prodotto\/%d0%b8%d0%bd%d1%84%d1%80%d0%b0%d0%ba%d1%80%d0%b0%d1%81%d0%bd%d1%8b%d0%b9-%d0%be%d0%b1%d0%bb%d1%83%d1%87%d0%b0%d1%82%d0%b5%d0%bb%d1%8c-%d0%b8%d0%b7-%d0%bf%d0%be%d0%bb%d0%b8%d0%ba%d0%b0%d1%80%d0%b1\/\" \/>\n<meta property=\"og:locale\" content=\"ru_RU\" \/>\n<meta property=\"og:type\" content=\"article\" \/>\n<meta property=\"og:title\" content=\"\u0418\u043d\u0444\u0440\u0430\u043a\u0440\u0430\u0441\u043d\u044b\u0439 \u043e\u0431\u043b\u0443\u0447\u0430\u0442\u0435\u043b\u044c \u0438\u0437 \u043f\u043e\u043b\u0438\u043a\u0430\u0440\u0431\u043e\u043d\u0430\u0442\u0430 \u00d8 270 \u043c\u043c FDA\" \/>\n<meta property=\"og:description\" content=\"\u041e\u0442\u043a\u0440\u043e\u0439\u0442\u0435 \u0434\u043b\u044f \u0441\u0435\u0431\u044f \u0438\u043d\u0444\u0440\u0430\u043a\u0440\u0430\u0441\u043d\u044b\u0439 \u043e\u0431\u043b\u0443\u0447\u0430\u0442\u0435\u043b\u044c \u0438\u0437 \u043f\u043e\u043b\u0438\u043a\u0430\u0440\u0431\u043e\u043d\u0430\u0442\u0430 \u00d8 270 \u043c\u043c \u2014 \u0431\u0435\u0437\u043e\u043f\u0430\u0441\u043d\u043e\u0435 \u0438 \u043d\u0435\u0431\u044c\u044e\u0449\u0435\u0435\u0441\u044f \u0440\u0435\u0448\u0435\u043d\u0438\u0435 \u0434\u043b\u044f \u0431\u043b\u0430\u0433\u043e\u043f\u043e\u043b\u0443\u0447\u0438\u044f \u0436\u0438\u0432\u043e\u0442\u043d\u044b\u0445. \u0423\u0437\u043d\u0430\u0439\u0442\u0435 \u0431\u043e\u043b\u044c\u0448\u0435!\" \/>\n<meta property=\"og:url\" content=\"https:\/\/fdasrl.it\/ru\/prodotto\/%d0%b8%d0%bd%d1%84%d1%80%d0%b0%d0%ba%d1%80%d0%b0%d1%81%d0%bd%d1%8b%d0%b9-%d0%be%d0%b1%d0%bb%d1%83%d1%87%d0%b0%d1%82%d0%b5%d0%bb%d1%8c-%d0%b8%d0%b7-%d0%bf%d0%be%d0%bb%d0%b8%d0%ba%d0%b0%d1%80%d0%b1\/\" \/>\n<meta property=\"og:site_name\" content=\"FDA srl\" \/>\n<meta property=\"article:publisher\" content=\"https:\/\/www.facebook.com\/share\/1MWhFWg1Tp\/?mibextid=LQQJ4d\" \/>\n<meta property=\"og:image\" content=\"https:\/\/fdasrl.it\/wp-content\/uploads\/2025\/01\/riflettore-riscaldante-policarbonato-270mm-fda.webp\" \/>\n\t<meta property=\"og:image:width\" content=\"1200\" \/>\n\t<meta property=\"og:image:height\" content=\"904\" \/>\n\t<meta property=\"og:image:type\" content=\"image\/webp\" \/>\n<meta name=\"twitter:card\" content=\"summary_large_image\" \/>\n<meta name=\"twitter:label1\" content=\"\u0426\u0435\u043d\u0430\" \/>\n\t<meta name=\"twitter:data1\" content=\"\" \/>\n\t<meta name=\"twitter:label2\" content=\"\u0414\u043e\u0441\u0442\u0443\u043f\u043d\u043e\u0441\u0442\u044c\" \/>\n\t<meta name=\"twitter:data2\" content=\"\u0412 \u043d\u0430\u043b\u0438\u0447\u0438\u0438\" \/>\n<meta property=\"product:price:currency\" content=\"EUR\" \/>\n<meta property=\"og:availability\" content=\"instock\" \/>\n<meta property=\"product:availability\" content=\"instock\" \/>\n<meta property=\"product:retailer_item_id\" content=\"FDA-000034\" \/>\n<meta property=\"product:condition\" content=\"new\" \/>\n<!-- \/ Yoast SEO Premium plugin. -->","yoast_head_json":{"title":"\u0418\u043d\u0444\u0440\u0430\u043a\u0440\u0430\u0441\u043d\u044b\u0439 \u043e\u0431\u043b\u0443\u0447\u0430\u0442\u0435\u043b\u044c \u0438\u0437 \u043f\u043e\u043b\u0438\u043a\u0430\u0440\u0431\u043e\u043d\u0430\u0442\u0430 \u00d8 270 \u043c\u043c \u041f\u0440\u043e\u0447\u043d\u043e\u0441\u0442\u044c - FDA srl","description":"\u041e\u0442\u043a\u0440\u043e\u0439\u0442\u0435 \u0434\u043b\u044f \u0441\u0435\u0431\u044f \u0438\u043d\u0444\u0440\u0430\u043a\u0440\u0430\u0441\u043d\u044b\u0439 \u043e\u0431\u043b\u0443\u0447\u0430\u0442\u0435\u043b\u044c \u0438\u0437 \u043f\u043e\u043b\u0438\u043a\u0430\u0440\u0431\u043e\u043d\u0430\u0442\u0430 \u00d8 270 \u043c\u043c \u2014 \u0431\u0435\u0437\u043e\u043f\u0430\u0441\u043d\u043e\u0435 \u0438 \u043d\u0435\u0431\u044c\u044e\u0449\u0435\u0435\u0441\u044f \u0440\u0435\u0448\u0435\u043d\u0438\u0435 \u0434\u043b\u044f \u0431\u043b\u0430\u0433\u043e\u043f\u043e\u043b\u0443\u0447\u0438\u044f \u0436\u0438\u0432\u043e\u0442\u043d\u044b\u0445. \u0423\u0437\u043d\u0430\u0439\u0442\u0435 \u0431\u043e\u043b\u044c\u0448\u0435!","robots":{"index":"index","follow":"follow","max-snippet":"max-snippet:-1","max-image-preview":"max-image-preview:large","max-video-preview":"max-video-preview:-1"},"canonical":"https:\/\/fdasrl.it\/ru\/prodotto\/%d0%b8%d0%bd%d1%84%d1%80%d0%b0%d0%ba%d1%80%d0%b0%d1%81%d0%bd%d1%8b%d0%b9-%d0%be%d0%b1%d0%bb%d1%83%d1%87%d0%b0%d1%82%d0%b5%d0%bb%d1%8c-%d0%b8%d0%b7-%d0%bf%d0%be%d0%bb%d0%b8%d0%ba%d0%b0%d1%80%d0%b1\/","og_locale":"ru_RU","og_type":"article","og_title":"\u0418\u043d\u0444\u0440\u0430\u043a\u0440\u0430\u0441\u043d\u044b\u0439 \u043e\u0431\u043b\u0443\u0447\u0430\u0442\u0435\u043b\u044c \u0438\u0437 \u043f\u043e\u043b\u0438\u043a\u0430\u0440\u0431\u043e\u043d\u0430\u0442\u0430 \u00d8 270 \u043c\u043c FDA","og_description":"\u041e\u0442\u043a\u0440\u043e\u0439\u0442\u0435 \u0434\u043b\u044f \u0441\u0435\u0431\u044f \u0438\u043d\u0444\u0440\u0430\u043a\u0440\u0430\u0441\u043d\u044b\u0439 \u043e\u0431\u043b\u0443\u0447\u0430\u0442\u0435\u043b\u044c \u0438\u0437 \u043f\u043e\u043b\u0438\u043a\u0430\u0440\u0431\u043e\u043d\u0430\u0442\u0430 \u00d8 270 \u043c\u043c \u2014 \u0431\u0435\u0437\u043e\u043f\u0430\u0441\u043d\u043e\u0435 \u0438 \u043d\u0435\u0431\u044c\u044e\u0449\u0435\u0435\u0441\u044f \u0440\u0435\u0448\u0435\u043d\u0438\u0435 \u0434\u043b\u044f \u0431\u043b\u0430\u0433\u043e\u043f\u043e\u043b\u0443\u0447\u0438\u044f \u0436\u0438\u0432\u043e\u0442\u043d\u044b\u0445. \u0423\u0437\u043d\u0430\u0439\u0442\u0435 \u0431\u043e\u043b\u044c\u0448\u0435!","og_url":"https:\/\/fdasrl.it\/ru\/prodotto\/%d0%b8%d0%bd%d1%84%d1%80%d0%b0%d0%ba%d1%80%d0%b0%d1%81%d0%bd%d1%8b%d0%b9-%d0%be%d0%b1%d0%bb%d1%83%d1%87%d0%b0%d1%82%d0%b5%d0%bb%d1%8c-%d0%b8%d0%b7-%d0%bf%d0%be%d0%bb%d0%b8%d0%ba%d0%b0%d1%80%d0%b1\/","og_site_name":"FDA srl","article_publisher":"https:\/\/www.facebook.com\/share\/1MWhFWg1Tp\/?mibextid=LQQJ4d","og_image":[{"width":1200,"height":904,"url":"https:\/\/fdasrl.it\/wp-content\/uploads\/2025\/01\/riflettore-riscaldante-policarbonato-270mm-fda.webp","type":"image\/webp"}],"twitter_card":"summary_large_image","twitter_misc":{"\u0426\u0435\u043d\u0430":"","\u0414\u043e\u0441\u0442\u0443\u043f\u043d\u043e\u0441\u0442\u044c":"\u0412 \u043d\u0430\u043b\u0438\u0447\u0438\u0438"},"schema":{"@context":"https:\/\/schema.org","@graph":[{"@type":"WebPage","@id":"https:\/\/fdasrl.it\/ru\/prodotto\/%d0%b8%d0%bd%d1%84%d1%80%d0%b0%d0%ba%d1%80%d0%b0%d1%81%d0%bd%d1%8b%d0%b9-%d0%be%d0%b1%d0%bb%d1%83%d1%87%d0%b0%d1%82%d0%b5%d0%bb%d1%8c-%d0%b8%d0%b7-%d0%bf%d0%be%d0%bb%d0%b8%d0%ba%d0%b0%d1%80%d0%b1\/","url":"https:\/\/fdasrl.it\/ru\/prodotto\/%d0%b8%d0%bd%d1%84%d1%80%d0%b0%d0%ba%d1%80%d0%b0%d1%81%d0%bd%d1%8b%d0%b9-%d0%be%d0%b1%d0%bb%d1%83%d1%87%d0%b0%d1%82%d0%b5%d0%bb%d1%8c-%d0%b8%d0%b7-%d0%bf%d0%be%d0%bb%d0%b8%d0%ba%d0%b0%d1%80%d0%b1\/","name":"\u0418\u043d\u0444\u0440\u0430\u043a\u0440\u0430\u0441\u043d\u044b\u0439 \u043e\u0431\u043b\u0443\u0447\u0430\u0442\u0435\u043b\u044c \u0438\u0437 \u043f\u043e\u043b\u0438\u043a\u0430\u0440\u0431\u043e\u043d\u0430\u0442\u0430 \u00d8 270 \u043c\u043c \u041f\u0440\u043e\u0447\u043d\u043e\u0441\u0442\u044c - FDA srl","isPartOf":{"@id":"https:\/\/fdasrl.it\/ru\/#website"},"primaryImageOfPage":{"@id":"https:\/\/fdasrl.it\/ru\/prodotto\/%d0%b8%d0%bd%d1%84%d1%80%d0%b0%d0%ba%d1%80%d0%b0%d1%81%d0%bd%d1%8b%d0%b9-%d0%be%d0%b1%d0%bb%d1%83%d1%87%d0%b0%d1%82%d0%b5%d0%bb%d1%8c-%d0%b8%d0%b7-%d0%bf%d0%be%d0%bb%d0%b8%d0%ba%d0%b0%d1%80%d0%b1\/#primaryimage"},"image":{"@id":"https:\/\/fdasrl.it\/ru\/prodotto\/%d0%b8%d0%bd%d1%84%d1%80%d0%b0%d0%ba%d1%80%d0%b0%d1%81%d0%bd%d1%8b%d0%b9-%d0%be%d0%b1%d0%bb%d1%83%d1%87%d0%b0%d1%82%d0%b5%d0%bb%d1%8c-%d0%b8%d0%b7-%d0%bf%d0%be%d0%bb%d0%b8%d0%ba%d0%b0%d1%80%d0%b1\/#primaryimage"},"thumbnailUrl":"https:\/\/fdasrl.it\/wp-content\/uploads\/2025\/01\/riflettore-riscaldante-policarbonato-270mm-fda.webp","datePublished":"2025-01-20T10:26:01+00:00","description":"\u041e\u0442\u043a\u0440\u043e\u0439\u0442\u0435 \u0434\u043b\u044f \u0441\u0435\u0431\u044f \u0438\u043d\u0444\u0440\u0430\u043a\u0440\u0430\u0441\u043d\u044b\u0439 \u043e\u0431\u043b\u0443\u0447\u0430\u0442\u0435\u043b\u044c \u0438\u0437 \u043f\u043e\u043b\u0438\u043a\u0430\u0440\u0431\u043e\u043d\u0430\u0442\u0430 \u00d8 270 \u043c\u043c \u2014 \u0431\u0435\u0437\u043e\u043f\u0430\u0441\u043d\u043e\u0435 \u0438 \u043d\u0435\u0431\u044c\u044e\u0449\u0435\u0435\u0441\u044f \u0440\u0435\u0448\u0435\u043d\u0438\u0435 \u0434\u043b\u044f \u0431\u043b\u0430\u0433\u043e\u043f\u043e\u043b\u0443\u0447\u0438\u044f \u0436\u0438\u0432\u043e\u0442\u043d\u044b\u0445. \u0423\u0437\u043d\u0430\u0439\u0442\u0435 \u0431\u043e\u043b\u044c\u0448\u0435!","breadcrumb":{"@id":"https:\/\/fdasrl.it\/ru\/prodotto\/%d0%b8%d0%bd%d1%84%d1%80%d0%b0%d0%ba%d1%80%d0%b0%d1%81%d0%bd%d1%8b%d0%b9-%d0%be%d0%b1%d0%bb%d1%83%d1%87%d0%b0%d1%82%d0%b5%d0%bb%d1%8c-%d0%b8%d0%b7-%d0%bf%d0%be%d0%bb%d0%b8%d0%ba%d0%b0%d1%80%d0%b1\/#breadcrumb"},"inLanguage":"ru-RU","potentialAction":[{"@type":"ReadAction","target":["https:\/\/fdasrl.it\/ru\/prodotto\/%d0%b8%d0%bd%d1%84%d1%80%d0%b0%d0%ba%d1%80%d0%b0%d1%81%d0%bd%d1%8b%d0%b9-%d0%be%d0%b1%d0%bb%d1%83%d1%87%d0%b0%d1%82%d0%b5%d0%bb%d1%8c-%d0%b8%d0%b7-%d0%bf%d0%be%d0%bb%d0%b8%d0%ba%d0%b0%d1%80%d0%b1\/"]}]},{"@type":"ImageObject","inLanguage":"ru-RU","@id":"https:\/\/fdasrl.it\/ru\/prodotto\/%d0%b8%d0%bd%d1%84%d1%80%d0%b0%d0%ba%d1%80%d0%b0%d1%81%d0%bd%d1%8b%d0%b9-%d0%be%d0%b1%d0%bb%d1%83%d1%87%d0%b0%d1%82%d0%b5%d0%bb%d1%8c-%d0%b8%d0%b7-%d0%bf%d0%be%d0%bb%d0%b8%d0%ba%d0%b0%d1%80%d0%b1\/#primaryimage","url":"https:\/\/fdasrl.it\/wp-content\/uploads\/2025\/01\/riflettore-riscaldante-policarbonato-270mm-fda.webp","contentUrl":"https:\/\/fdasrl.it\/wp-content\/uploads\/2025\/01\/riflettore-riscaldante-policarbonato-270mm-fda.webp","width":1200,"height":904,"caption":"\u041e\u0431\u043b\u0443\u0447\u0430\u0442\u0435\u043b\u044c \u00d8 270 \u043c\u043c \u0438\u0437 \u043f\u0440\u043e\u0437\u0440\u0430\u0447\u043d\u043e\u0433\u043e \u043d\u0435\u0431\u044c\u044e\u0449\u0435\u0433\u043e\u0441\u044f \u0442\u0435\u0440\u043c\u043e\u0441\u0442\u043e\u0439\u043a\u043e\u0433\u043e \u043f\u043e\u043b\u0438\u043a\u0430\u0440\u0431\u043e\u043d\u0430\u0442\u0430 \u0432 \u043a\u043e\u043c\u043f\u043b\u0435\u043a\u0442\u0435 \u0441 \u043a\u0430\u0431\u0435\u043b\u0435\u043c \u0438 \u0432\u0438\u043b\u043a\u043e\u0439 Schuko."},{"@type":"BreadcrumbList","@id":"https:\/\/fdasrl.it\/ru\/prodotto\/%d0%b8%d0%bd%d1%84%d1%80%d0%b0%d0%ba%d1%80%d0%b0%d1%81%d0%bd%d1%8b%d0%b9-%d0%be%d0%b1%d0%bb%d1%83%d1%87%d0%b0%d1%82%d0%b5%d0%bb%d1%8c-%d0%b8%d0%b7-%d0%bf%d0%be%d0%bb%d0%b8%d0%ba%d0%b0%d1%80%d0%b1\/#breadcrumb","itemListElement":[{"@type":"ListItem","position":1,"name":"Home","item":"https:\/\/fdasrl.it\/ru\/%d0%b3%d0%bb%d0%b0%d0%b2%d0%bd%d0%b0%d1%8f\/"},{"@type":"ListItem","position":2,"name":"\u041c\u0430\u0433\u0430\u0437\u0438\u043d","item":"https:\/\/fdasrl.it\/ru\/%d0%bc%d0%b0%d0%b3%d0%b0%d0%b7%d0%b8%d0%bd\/"},{"@type":"ListItem","position":3,"name":"\u0418\u043d\u0444\u0440\u0430\u043a\u0440\u0430\u0441\u043d\u044b\u0439 \u043e\u0431\u043b\u0443\u0447\u0430\u0442\u0435\u043b\u044c \u0438\u0437 \u043f\u043e\u043b\u0438\u043a\u0430\u0440\u0431\u043e\u043d\u0430\u0442\u0430 \u00d8 270 \u043c\u043c FDA"}]},{"@type":"WebSite","@id":"https:\/\/fdasrl.it\/ru\/#website","url":"https:\/\/fdasrl.it\/ru\/","name":"FDA srl","description":"Equipment for animal husbandry","publisher":{"@id":"https:\/\/fdasrl.it\/ru\/#organization"},"potentialAction":[{"@type":"SearchAction","target":{"@type":"EntryPoint","urlTemplate":"https:\/\/fdasrl.it\/ru\/?s={search_term_string}"},"query-input":{"@type":"PropertyValueSpecification","valueRequired":true,"valueName":"search_term_string"}}],"inLanguage":"ru-RU"},{"@type":"Organization","@id":"https:\/\/fdasrl.it\/ru\/#organization","name":"FDA srl","url":"https:\/\/fdasrl.it\/ru\/","logo":{"@type":"ImageObject","inLanguage":"ru-RU","@id":"https:\/\/fdasrl.it\/ru\/#\/schema\/logo\/image\/","url":"https:\/\/fdasrl.it\/wp-content\/uploads\/2024\/12\/Logo-FDA.png","contentUrl":"https:\/\/fdasrl.it\/wp-content\/uploads\/2024\/12\/Logo-FDA.png","width":316,"height":119,"caption":"FDA srl"},"image":{"@id":"https:\/\/fdasrl.it\/ru\/#\/schema\/logo\/image\/"},"sameAs":["https:\/\/www.facebook.com\/share\/1MWhFWg1Tp\/?mibextid=LQQJ4d","https:\/\/www.instagram.com\/fda_srl\/profilecard\/?igsh=YW5lbzJ6MWg0d21u","https:\/\/www.youtube.com\/@FDASRL_ANIMALCARE"],"description":"FDA SRL \u2013 Equipment for animal husbandry nasce con l\u2019obiettivo di offrire soluzioni affidabili e innovative per l\u2019allevamento moderno. Con anni di esperienza nel settore zootecnico, progettiamo e realizziamo attrezzature destinate al benessere animale e alla gestione efficiente delle stalle: vasche, abbeveratoi, mangiatoie e sistemi di riscaldamento pensati per durare nel tempo e semplificare il lavoro quotidiano degli allevatori. Dalla progettazione alla produzione, ogni nostro prodotto \u00e8 studiato nei minimi dettagli, testato con cura e costruito per rispondere alle esigenze reali del settore. La nostra forza \u00e8 unire artigianalit\u00e0, tecnologia e competenza tecnica per trasformare ogni progetto in una soluzione concreta e funzionale. Oggi FDA SRL \u00e8 un punto di riferimento per privati e rivenditori che cercano qualit\u00e0, affidabilit\u00e0 e innovazione nelle attrezzature per l\u2019allevamento.","email":"info@fdasrl.it","telephone":"+390522826820","legalName":"F.D.A. SRL","foundingDate":"2024-10-13","vatID":"03075840359","taxID":"03075840359","numberOfEmployees":{"@type":"QuantitativeValue","minValue":"1","maxValue":"10"}}]},"product_price_currency":"EUR","og_availability":"instock","product_availability":"instock","product_retailer_item_id":"FDA-000034","product_condition":"new"},"_links":{"self":[{"href":"https:\/\/fdasrl.it\/ru\/wp-json\/wp\/v2\/product\/4395","targetHints":{"allow":["GET"]}}],"collection":[{"href":"https:\/\/fdasrl.it\/ru\/wp-json\/wp\/v2\/product"}],"about":[{"href":"https:\/\/fdasrl.it\/ru\/wp-json\/wp\/v2\/types\/product"}],"replies":[{"embeddable":true,"href":"https:\/\/fdasrl.it\/ru\/wp-json\/wp\/v2\/comments?post=4395"}],"wp:featuredmedia":[{"embeddable":true,"href":"https:\/\/fdasrl.it\/ru\/wp-json\/wp\/v2\/media\/914"}],"wp:attachment":[{"href":"https:\/\/fdasrl.it\/ru\/wp-json\/wp\/v2\/media?parent=4395"}],"wp:term":[{"taxonomy":"product_brand","embeddable":true,"href":"https:\/\/fdasrl.it\/ru\/wp-json\/wp\/v2\/product_brand?post=4395"},{"taxonomy":"product_cat","embeddable":true,"href":"https:\/\/fdasrl.it\/ru\/wp-json\/wp\/v2\/product_cat?post=4395"},{"taxonomy":"product_tag","embeddable":true,"href":"https:\/\/fdasrl.it\/ru\/wp-json\/wp\/v2\/product_tag?post=4395"}],"curies":[{"name":"wp","href":"https:\/\/api.w.org\/{rel}","templated":true}]}}