{"id":4890,"date":"2025-01-18T19:27:52","date_gmt":"2025-01-18T18:27:52","guid":{"rendered":"https:\/\/fdasrl.it\/prodotto\/%d0%b0%d1%80%d1%82-fda-t00110-%d1%87%d0%b0%d1%88%d0%b5%d1%87%d0%bd%d0%b0%d1%8f-%d0%bf%d0%be%d0%b8%d0%bb%d0%ba%d0%b0-%d1%82%d0%b8%d0%bf%d0%b0-piccolo\/"},"modified":"2025-01-18T19:27:52","modified_gmt":"2025-01-18T18:27:52","slug":"%d0%b0%d1%80%d1%82-fda-t00110-%d1%87%d0%b0%d1%88%d0%b5%d1%87%d0%bd%d0%b0%d1%8f-%d0%bf%d0%be%d0%b8%d0%bb%d0%ba%d0%b0-%d1%82%d0%b8%d0%bf%d0%b0-piccolo","status":"publish","type":"product","link":"https:\/\/fdasrl.it\/ru\/prodotto\/%d0%b0%d1%80%d1%82-fda-t00110-%d1%87%d0%b0%d1%88%d0%b5%d1%87%d0%bd%d0%b0%d1%8f-%d0%bf%d0%be%d0%b8%d0%bb%d0%ba%d0%b0-%d1%82%d0%b8%d0%bf%d0%b0-piccolo\/","title":{"rendered":"\u0410\u0440\u0442. FDA-T00110 \u2014 \u0427\u0430\u0448\u0435\u0447\u043d\u0430\u044f \u043f\u043e\u0438\u043b\u043a\u0430 \u0442\u0438\u043f\u0430 Piccolo"},"content":{"rendered":"<div>\u041c\u0430\u043b\u0430\u044f \u044d\u043a\u043e\u043d\u043e\u043c\u0438\u0447\u043d\u0430\u044f \u0447\u0430\u0448\u0430 \u0441 \u043f\u043e\u0438\u043b\u043a\u043e\u0439 \u0434\u043b\u044f \u0441\u0432\u0438\u043d\u0435\u0439 \u0432\u0435\u0441\u043e\u043c \u043e\u0442 8 \u0434\u043e 30 \u043a\u0433.<\/div>\n<div>\n<div>\n<p data-start=\"163\" data-end=\"336\">\u042d\u043a\u043e\u043d\u043e\u043c\u0438\u0447\u043d\u0430\u044f \u0447\u0430\u0448\u0430 \u0434\u043b\u044f \u0441\u0432\u0438\u043d\u0435\u0439 \u043f\u043e\u043b\u043d\u043e\u0441\u0442\u044c\u044e \u0438\u0437\u0433\u043e\u0442\u043e\u0432\u043b\u0435\u043d\u0430 \u0438\u0437 <strong data-start=\"225\" data-end=\"250\">\u043d\u0435\u0440\u0436\u0430\u0432\u0435\u044e\u0449\u0435\u0439 \u0441\u0442\u0430\u043b\u0438 AISI 304<\/strong> \u0442\u043e\u043b\u0449\u0438\u043d\u043e\u0439 <strong data-start=\"264\" data-end=\"276\">10\/10 \u043c\u043c<\/strong>, \u0447\u0442\u043e \u0433\u0430\u0440\u0430\u043d\u0442\u0438\u0440\u0443\u0435\u0442 \u0433\u0438\u0433\u0438\u0435\u043d\u0438\u0447\u043d\u043e\u0441\u0442\u044c, \u043f\u0440\u043e\u0447\u043d\u043e\u0441\u0442\u044c \u0438 \u0434\u043e\u043b\u0433\u043e\u0432\u0435\u0447\u043d\u043e\u0441\u0442\u044c.<\/p>\n<p data-start=\"338\" data-end=\"535\">\u041e\u0441\u043d\u0430\u0449\u0435\u043d\u043d\u0430\u044f <strong data-start=\"348\" data-end=\"374\">\u0432\u0441\u0442\u0440\u043e\u0435\u043d\u043d\u043e\u0439 \u043f\u043e\u0438\u043b\u043a\u043e\u0439<\/strong>, \u043e\u043d\u0430 \u043c\u0438\u043d\u0438\u043c\u0438\u0437\u0438\u0440\u0443\u0435\u0442 \u043f\u043e\u0442\u0435\u0440\u0438 \u0432\u043e\u0434\u044b \u0438 \u043e\u0431\u0435\u0441\u043f\u0435\u0447\u0438\u0432\u0430\u0435\u0442 \u0436\u0438\u0432\u043e\u0442\u043d\u044b\u043c \u043b\u0435\u0433\u043a\u0438\u0439 \u0434\u043e\u0441\u0442\u0443\u043f \u043a \u043f\u0438\u0442\u044c\u044e, \u043f\u043e\u0432\u044b\u0448\u0430\u044f \u0431\u043b\u0430\u0433\u043e\u043f\u043e\u043b\u0443\u0447\u0438\u0435 \u0441\u0442\u0430\u0434\u0430 \u0438 \u044d\u0444\u0444\u0435\u043a\u0442\u0438\u0432\u043d\u043e\u0441\u0442\u044c \u0444\u0435\u0440\u043c\u044b.<\/p>\n<p data-start=\"537\" data-end=\"572\">\u2705 <strong data-start=\"539\" data-end=\"570\">\u041e\u0441\u043d\u043e\u0432\u043d\u044b\u0435 \u0445\u0430\u0440\u0430\u043a\u0442\u0435\u0440\u0438\u0441\u0442\u0438\u043a\u0438:<\/strong><\/p>\n<ul data-start=\"573\" data-end=\"746\">\n<li data-start=\"573\" data-end=\"616\">\n<p data-start=\"575\" data-end=\"616\">\u041f\u043e\u0434\u0445\u043e\u0434\u0438\u0442 \u0434\u043b\u044f <strong data-start=\"586\" data-end=\"614\">\u0441\u0432\u0438\u043d\u0435\u0439 \u0432\u0435\u0441\u043e\u043c \u043e\u0442 8 \u0434\u043e 30 \u043a\u0433<\/strong><\/p>\n<\/li>\n<li data-start=\"617\" data-end=\"673\">\n<p data-start=\"619\" data-end=\"673\">\u0418\u0437\u0433\u043e\u0442\u043e\u0432\u043b\u0435\u043d\u0430 \u0438\u0437 <strong data-start=\"633\" data-end=\"671\">\u043d\u0435\u0440\u0436\u0430\u0432\u0435\u044e\u0449\u0435\u0439 \u0441\u0442\u0430\u043b\u0438 AISI 304 \u0442\u043e\u043b\u0449\u0438\u043d\u043e\u0439 1,0 \u043c\u043c<\/strong><\/p>\n<\/li>\n<li data-start=\"674\" data-end=\"704\">\n<p data-start=\"676\" data-end=\"704\"><strong data-start=\"676\" data-end=\"702\">\u0412\u0441\u0442\u0440\u043e\u0435\u043d\u043d\u0430\u044f \u043f\u043e\u0438\u043b\u043a\u0430, \u043a\u043e\u0434 <a href=\"https:\/\/fdasrl.it\/prodotto\/art-fda-000006-abbeveratoio-1-2-per-vaschetta-inox\/\">FDA-000006 (\u041f\u0435\u0440\u0435\u0439\u0442\u0438 \u043a \u0442\u043e\u0432\u0430\u0440\u0443)<\/a><\/strong><\/p>\n<\/li>\n<li data-start=\"705\" data-end=\"746\">\n<p data-start=\"707\" data-end=\"746\"><strong data-start=\"707\" data-end=\"722\">\u0420\u0430\u0437\u043c\u0435\u0440\u044b:<\/strong> \u0428 15 \u00d7 \u0412 21 \u00d7 \u0413 9 \u0441\u043c<\/p>\n<\/li>\n<li><strong data-start=\"1420\" data-end=\"1438\">\u041f\u043e\u0434\u043a\u043b\u044e\u0447\u0435\u043d\u0438\u0435 \u0432\u043e\u0434\u044b:<\/strong> 1\/2&#8243;<\/li>\n<\/ul>\n<p data-start=\"748\" data-end=\"825\">\u041f\u0440\u043e\u0447\u043d\u0430\u044f, \u0433\u0438\u0433\u0438\u0435\u043d\u0438\u0447\u043d\u0430\u044f \u0438 \u043f\u0440\u043e\u0441\u0442\u0430\u044f \u0432 \u0443\u0441\u0442\u0430\u043d\u043e\u0432\u043a\u0435.<\/p>\n<p data-start=\"827\" data-end=\"988\"><br data-start=\"879\" data-end=\"882\"><strong data-start=\"882\" data-end=\"898\">\ud83d\udc49 \u0414\u0438\u043b\u0435\u0440\u0430\u043c:<\/strong> \u0434\u043b\u044f \u043f\u043e\u043b\u0443\u0447\u0435\u043d\u0438\u044f \u0443\u0441\u043b\u043e\u0432\u0438\u0439 \u043f\u0435\u0440\u0435\u043f\u0440\u043e\u0434\u0430\u0436\u0438 \u043e\u0442\u043f\u0440\u0430\u0432\u044c\u0442\u0435 \u0437\u0430\u043f\u0440\u043e\u0441 \u043f\u043e \u044d\u043b\u0435\u043a\u0442\u0440\u043e\u043d\u043d\u043e\u0439 \u043f\u043e\u0447\u0442\u0435: <a href=\"mailto:info@fdasrl.it\">\u043d\u0430\u0436\u043c\u0438\u0442\u0435 \u0437\u0434\u0435\u0441\u044c.<\/a><\/p>\n<\/div>\n<div>\ud83d\udc49 \u041a\u0443\u043f\u0438\u0442\u0435 \u0432 \u043d\u0430\u0448\u0435\u043c <a href=\"https:\/\/fda-shop.it\/shop\/articoli-per-allevamento\/abbeveratoi\/abbeveratoio-antispreco-piccolo-in-acciaio#\/25-accessori_e_confezioni-singola_unita\" target=\"_blank\" rel=\"noopener\">\u0438\u043d\u0442\u0435\u0440\u043d\u0435\u0442-\u043c\u0430\u0433\u0430\u0437\u0438\u043d\u0435<\/a><\/div>\n<\/div>\n","protected":false},"excerpt":{"rendered":"<p>\u042d\u043a\u043e\u043d\u043e\u043c\u0438\u0447\u043d\u0430\u044f \u0447\u0430\u0448\u0430 \u0438\u0437 <strong data-start=\"1043\" data-end=\"1081\">\u043d\u0435\u0440\u0436\u0430\u0432\u0435\u044e\u0449\u0435\u0439 \u0441\u0442\u0430\u043b\u0438 AISI 304 \u0442\u043e\u043b\u0449\u0438\u043d\u043e\u0439 10\/10 \u043c\u043c<\/strong> \u0441\u043e <strong data-start=\"1086\" data-end=\"1112\">\u0432\u0441\u0442\u0440\u043e\u0435\u043d\u043d\u043e\u0439 \u043f\u043e\u0438\u043b\u043a\u043e\u0439<\/strong>, \u043f\u043e\u0434\u0445\u043e\u0434\u0438\u0442 \u0434\u043b\u044f <strong data-start=\"1125\" data-end=\"1150\">\u0441\u0432\u0438\u043d\u0435\u0439 \u0432\u0435\u0441\u043e\u043c \u043e\u0442 8 \u0434\u043e 30 \u043a\u0433<\/strong>. \u0420\u0430\u0437\u043c\u0435\u0440\u044b: \u0428 15 \u00d7 \u0412 21 \u00d7 \u0413 9 \u0441\u043c. <\/p>\n","protected":false},"featured_media":977,"comment_status":"open","ping_status":"closed","template":"","meta":{"_et_pb_use_builder":"","_et_pb_old_content":"","_et_gb_content_width":""},"product_brand":[],"product_cat":[731,653,732],"product_tag":[1157],"class_list":{"0":"post-4890","1":"product","2":"type-product","3":"status-publish","4":"has-post-thumbnail","6":"product_cat-731","7":"product_cat-653","8":"product_cat-732","9":"product_tag-fda-t00110","11":"first","12":"instock","13":"shipping-taxable","14":"product-type-simple"},"yoast_head":"<!-- This site is optimized with the Yoast SEO Premium plugin v27.5 (Yoast SEO v27.5) - https:\/\/yoast.com\/product\/yoast-seo-premium-wordpress\/ -->\n<title>\u041c\u0430\u043b\u0430\u044f \u044d\u043a\u043e\u043d\u043e\u043c\u0438\u0447\u043d\u0430\u044f \u0447\u0430\u0448\u0430 \u0434\u043b\u044f \u0441\u0432\u0438\u043d\u0435\u0439 \u0432\u0435\u0441\u043e\u043c \u043e\u0442 8 \u0434\u043e 30 \u043a\u0433 - FDA srl<\/title>\n<meta name=\"description\" content=\"\u041e\u0442\u043a\u0440\u043e\u0439\u0442\u0435 \u0434\u043b\u044f \u0441\u0435\u0431\u044f \u043c\u0430\u043b\u0443\u044e \u044d\u043a\u043e\u043d\u043e\u043c\u0438\u0447\u043d\u0443\u044e \u0447\u0430\u0448\u0443 \u0441 \u043f\u043e\u0438\u043b\u043a\u043e\u0439 \u0434\u043b\u044f \u0441\u0432\u0438\u043d\u0435\u0439! \u0418\u0437\u0433\u043e\u0442\u043e\u0432\u043b\u0435\u043d\u0430 \u0438\u0437 \u043d\u0435\u0440\u0436\u0430\u0432\u0435\u044e\u0449\u0435\u0439 \u0441\u0442\u0430\u043b\u0438 AISI 304: \u0433\u0430\u0440\u0430\u043d\u0442\u0438\u0440\u043e\u0432\u0430\u043d\u043d\u0430\u044f \u043f\u0440\u043e\u0447\u043d\u043e\u0441\u0442\u044c \u0438 \u0434\u043e\u043b\u0433\u0438\u0439 \u0441\u0440\u043e\u043a \u0441\u043b\u0443\u0436\u0431\u044b.\" \/>\n<meta name=\"robots\" content=\"index, follow, max-snippet:-1, max-image-preview:large, max-video-preview:-1\" \/>\n<link rel=\"canonical\" href=\"https:\/\/fdasrl.it\/ru\/prodotto\/%d0%b0%d1%80%d1%82-fda-t00110-%d1%87%d0%b0%d1%88%d0%b5%d1%87%d0%bd%d0%b0%d1%8f-%d0%bf%d0%be%d0%b8%d0%bb%d0%ba%d0%b0-%d1%82%d0%b8%d0%bf%d0%b0-piccolo\/\" \/>\n<meta property=\"og:locale\" content=\"ru_RU\" \/>\n<meta property=\"og:type\" content=\"article\" \/>\n<meta property=\"og:title\" content=\"\u0410\u0440\u0442. FDA-T00110 \u2014 \u0427\u0430\u0448\u0435\u0447\u043d\u0430\u044f \u043f\u043e\u0438\u043b\u043a\u0430 \u0442\u0438\u043f\u0430 Piccolo\" \/>\n<meta property=\"og:description\" content=\"\u041e\u0442\u043a\u0440\u043e\u0439\u0442\u0435 \u0434\u043b\u044f \u0441\u0435\u0431\u044f \u043c\u0430\u043b\u0443\u044e \u044d\u043a\u043e\u043d\u043e\u043c\u0438\u0447\u043d\u0443\u044e \u0447\u0430\u0448\u0443 \u0441 \u043f\u043e\u0438\u043b\u043a\u043e\u0439 \u0434\u043b\u044f \u0441\u0432\u0438\u043d\u0435\u0439! \u0418\u0437\u0433\u043e\u0442\u043e\u0432\u043b\u0435\u043d\u0430 \u0438\u0437 \u043d\u0435\u0440\u0436\u0430\u0432\u0435\u044e\u0449\u0435\u0439 \u0441\u0442\u0430\u043b\u0438 AISI 304: \u0433\u0430\u0440\u0430\u043d\u0442\u0438\u0440\u043e\u0432\u0430\u043d\u043d\u0430\u044f \u043f\u0440\u043e\u0447\u043d\u043e\u0441\u0442\u044c \u0438 \u0434\u043e\u043b\u0433\u0438\u0439 \u0441\u0440\u043e\u043a \u0441\u043b\u0443\u0436\u0431\u044b.\" \/>\n<meta property=\"og:url\" content=\"https:\/\/fdasrl.it\/ru\/prodotto\/%d0%b0%d1%80%d1%82-fda-t00110-%d1%87%d0%b0%d1%88%d0%b5%d1%87%d0%bd%d0%b0%d1%8f-%d0%bf%d0%be%d0%b8%d0%bb%d0%ba%d0%b0-%d1%82%d0%b8%d0%bf%d0%b0-piccolo\/\" \/>\n<meta property=\"og:site_name\" content=\"FDA srl\" \/>\n<meta property=\"article:publisher\" content=\"https:\/\/www.facebook.com\/share\/1MWhFWg1Tp\/?mibextid=LQQJ4d\" \/>\n<meta property=\"og:image\" content=\"https:\/\/fdasrl.it\/wp-content\/uploads\/2025\/01\/FDA-T110-abbeveratoio_vaschetta_antispreco_per_suini.webp\" \/>\n\t<meta property=\"og:image:width\" content=\"1280\" \/>\n\t<meta property=\"og:image:height\" content=\"1280\" \/>\n\t<meta property=\"og:image:type\" content=\"image\/webp\" \/>\n<meta name=\"twitter:card\" content=\"summary_large_image\" \/>\n<meta name=\"twitter:label1\" content=\"\u0426\u0435\u043d\u0430\" \/>\n\t<meta name=\"twitter:data1\" content=\"\" \/>\n\t<meta name=\"twitter:label2\" content=\"\u0414\u043e\u0441\u0442\u0443\u043f\u043d\u043e\u0441\u0442\u044c\" \/>\n\t<meta name=\"twitter:data2\" content=\"\u0412 \u043d\u0430\u043b\u0438\u0447\u0438\u0438\" \/>\n<meta property=\"product:price:currency\" content=\"EUR\" \/>\n<meta property=\"og:availability\" content=\"instock\" \/>\n<meta property=\"product:availability\" content=\"instock\" \/>\n<meta property=\"product:retailer_item_id\" content=\"FDA-T00110\" \/>\n<meta property=\"product:condition\" content=\"new\" \/>\n<!-- \/ Yoast SEO Premium plugin. -->","yoast_head_json":{"title":"\u041c\u0430\u043b\u0430\u044f \u044d\u043a\u043e\u043d\u043e\u043c\u0438\u0447\u043d\u0430\u044f \u0447\u0430\u0448\u0430 \u0434\u043b\u044f \u0441\u0432\u0438\u043d\u0435\u0439 \u0432\u0435\u0441\u043e\u043c \u043e\u0442 8 \u0434\u043e 30 \u043a\u0433 - FDA srl","description":"\u041e\u0442\u043a\u0440\u043e\u0439\u0442\u0435 \u0434\u043b\u044f \u0441\u0435\u0431\u044f \u043c\u0430\u043b\u0443\u044e \u044d\u043a\u043e\u043d\u043e\u043c\u0438\u0447\u043d\u0443\u044e \u0447\u0430\u0448\u0443 \u0441 \u043f\u043e\u0438\u043b\u043a\u043e\u0439 \u0434\u043b\u044f \u0441\u0432\u0438\u043d\u0435\u0439! \u0418\u0437\u0433\u043e\u0442\u043e\u0432\u043b\u0435\u043d\u0430 \u0438\u0437 \u043d\u0435\u0440\u0436\u0430\u0432\u0435\u044e\u0449\u0435\u0439 \u0441\u0442\u0430\u043b\u0438 AISI 304: \u0433\u0430\u0440\u0430\u043d\u0442\u0438\u0440\u043e\u0432\u0430\u043d\u043d\u0430\u044f \u043f\u0440\u043e\u0447\u043d\u043e\u0441\u0442\u044c \u0438 \u0434\u043e\u043b\u0433\u0438\u0439 \u0441\u0440\u043e\u043a \u0441\u043b\u0443\u0436\u0431\u044b.","robots":{"index":"index","follow":"follow","max-snippet":"max-snippet:-1","max-image-preview":"max-image-preview:large","max-video-preview":"max-video-preview:-1"},"canonical":"https:\/\/fdasrl.it\/ru\/prodotto\/%d0%b0%d1%80%d1%82-fda-t00110-%d1%87%d0%b0%d1%88%d0%b5%d1%87%d0%bd%d0%b0%d1%8f-%d0%bf%d0%be%d0%b8%d0%bb%d0%ba%d0%b0-%d1%82%d0%b8%d0%bf%d0%b0-piccolo\/","og_locale":"ru_RU","og_type":"article","og_title":"\u0410\u0440\u0442. FDA-T00110 \u2014 \u0427\u0430\u0448\u0435\u0447\u043d\u0430\u044f \u043f\u043e\u0438\u043b\u043a\u0430 \u0442\u0438\u043f\u0430 Piccolo","og_description":"\u041e\u0442\u043a\u0440\u043e\u0439\u0442\u0435 \u0434\u043b\u044f \u0441\u0435\u0431\u044f \u043c\u0430\u043b\u0443\u044e \u044d\u043a\u043e\u043d\u043e\u043c\u0438\u0447\u043d\u0443\u044e \u0447\u0430\u0448\u0443 \u0441 \u043f\u043e\u0438\u043b\u043a\u043e\u0439 \u0434\u043b\u044f \u0441\u0432\u0438\u043d\u0435\u0439! \u0418\u0437\u0433\u043e\u0442\u043e\u0432\u043b\u0435\u043d\u0430 \u0438\u0437 \u043d\u0435\u0440\u0436\u0430\u0432\u0435\u044e\u0449\u0435\u0439 \u0441\u0442\u0430\u043b\u0438 AISI 304: \u0433\u0430\u0440\u0430\u043d\u0442\u0438\u0440\u043e\u0432\u0430\u043d\u043d\u0430\u044f \u043f\u0440\u043e\u0447\u043d\u043e\u0441\u0442\u044c \u0438 \u0434\u043e\u043b\u0433\u0438\u0439 \u0441\u0440\u043e\u043a \u0441\u043b\u0443\u0436\u0431\u044b.","og_url":"https:\/\/fdasrl.it\/ru\/prodotto\/%d0%b0%d1%80%d1%82-fda-t00110-%d1%87%d0%b0%d1%88%d0%b5%d1%87%d0%bd%d0%b0%d1%8f-%d0%bf%d0%be%d0%b8%d0%bb%d0%ba%d0%b0-%d1%82%d0%b8%d0%bf%d0%b0-piccolo\/","og_site_name":"FDA srl","article_publisher":"https:\/\/www.facebook.com\/share\/1MWhFWg1Tp\/?mibextid=LQQJ4d","og_image":[{"width":1280,"height":1280,"url":"https:\/\/fdasrl.it\/wp-content\/uploads\/2025\/01\/FDA-T110-abbeveratoio_vaschetta_antispreco_per_suini.webp","type":"image\/webp"}],"twitter_card":"summary_large_image","twitter_misc":{"\u0426\u0435\u043d\u0430":"","\u0414\u043e\u0441\u0442\u0443\u043f\u043d\u043e\u0441\u0442\u044c":"\u0412 \u043d\u0430\u043b\u0438\u0447\u0438\u0438"},"schema":{"@context":"https:\/\/schema.org","@graph":[{"@type":"WebPage","@id":"https:\/\/fdasrl.it\/ru\/prodotto\/%d0%b0%d1%80%d1%82-fda-t00110-%d1%87%d0%b0%d1%88%d0%b5%d1%87%d0%bd%d0%b0%d1%8f-%d0%bf%d0%be%d0%b8%d0%bb%d0%ba%d0%b0-%d1%82%d0%b8%d0%bf%d0%b0-piccolo\/","url":"https:\/\/fdasrl.it\/ru\/prodotto\/%d0%b0%d1%80%d1%82-fda-t00110-%d1%87%d0%b0%d1%88%d0%b5%d1%87%d0%bd%d0%b0%d1%8f-%d0%bf%d0%be%d0%b8%d0%bb%d0%ba%d0%b0-%d1%82%d0%b8%d0%bf%d0%b0-piccolo\/","name":"\u041c\u0430\u043b\u0430\u044f \u044d\u043a\u043e\u043d\u043e\u043c\u0438\u0447\u043d\u0430\u044f \u0447\u0430\u0448\u0430 \u0434\u043b\u044f \u0441\u0432\u0438\u043d\u0435\u0439 \u0432\u0435\u0441\u043e\u043c \u043e\u0442 8 \u0434\u043e 30 \u043a\u0433 - FDA srl","isPartOf":{"@id":"https:\/\/fdasrl.it\/ru\/#website"},"primaryImageOfPage":{"@id":"https:\/\/fdasrl.it\/ru\/prodotto\/%d0%b0%d1%80%d1%82-fda-t00110-%d1%87%d0%b0%d1%88%d0%b5%d1%87%d0%bd%d0%b0%d1%8f-%d0%bf%d0%be%d0%b8%d0%bb%d0%ba%d0%b0-%d1%82%d0%b8%d0%bf%d0%b0-piccolo\/#primaryimage"},"image":{"@id":"https:\/\/fdasrl.it\/ru\/prodotto\/%d0%b0%d1%80%d1%82-fda-t00110-%d1%87%d0%b0%d1%88%d0%b5%d1%87%d0%bd%d0%b0%d1%8f-%d0%bf%d0%be%d0%b8%d0%bb%d0%ba%d0%b0-%d1%82%d0%b8%d0%bf%d0%b0-piccolo\/#primaryimage"},"thumbnailUrl":"https:\/\/fdasrl.it\/wp-content\/uploads\/2025\/01\/FDA-T110-abbeveratoio_vaschetta_antispreco_per_suini.webp","datePublished":"2025-01-18T18:27:52+00:00","description":"\u041e\u0442\u043a\u0440\u043e\u0439\u0442\u0435 \u0434\u043b\u044f \u0441\u0435\u0431\u044f \u043c\u0430\u043b\u0443\u044e \u044d\u043a\u043e\u043d\u043e\u043c\u0438\u0447\u043d\u0443\u044e \u0447\u0430\u0448\u0443 \u0441 \u043f\u043e\u0438\u043b\u043a\u043e\u0439 \u0434\u043b\u044f \u0441\u0432\u0438\u043d\u0435\u0439! \u0418\u0437\u0433\u043e\u0442\u043e\u0432\u043b\u0435\u043d\u0430 \u0438\u0437 \u043d\u0435\u0440\u0436\u0430\u0432\u0435\u044e\u0449\u0435\u0439 \u0441\u0442\u0430\u043b\u0438 AISI 304: \u0433\u0430\u0440\u0430\u043d\u0442\u0438\u0440\u043e\u0432\u0430\u043d\u043d\u0430\u044f \u043f\u0440\u043e\u0447\u043d\u043e\u0441\u0442\u044c \u0438 \u0434\u043e\u043b\u0433\u0438\u0439 \u0441\u0440\u043e\u043a \u0441\u043b\u0443\u0436\u0431\u044b.","breadcrumb":{"@id":"https:\/\/fdasrl.it\/ru\/prodotto\/%d0%b0%d1%80%d1%82-fda-t00110-%d1%87%d0%b0%d1%88%d0%b5%d1%87%d0%bd%d0%b0%d1%8f-%d0%bf%d0%be%d0%b8%d0%bb%d0%ba%d0%b0-%d1%82%d0%b8%d0%bf%d0%b0-piccolo\/#breadcrumb"},"inLanguage":"ru-RU","potentialAction":[{"@type":"ReadAction","target":["https:\/\/fdasrl.it\/ru\/prodotto\/%d0%b0%d1%80%d1%82-fda-t00110-%d1%87%d0%b0%d1%88%d0%b5%d1%87%d0%bd%d0%b0%d1%8f-%d0%bf%d0%be%d0%b8%d0%bb%d0%ba%d0%b0-%d1%82%d0%b8%d0%bf%d0%b0-piccolo\/"]}]},{"@type":"ImageObject","inLanguage":"ru-RU","@id":"https:\/\/fdasrl.it\/ru\/prodotto\/%d0%b0%d1%80%d1%82-fda-t00110-%d1%87%d0%b0%d1%88%d0%b5%d1%87%d0%bd%d0%b0%d1%8f-%d0%bf%d0%be%d0%b8%d0%bb%d0%ba%d0%b0-%d1%82%d0%b8%d0%bf%d0%b0-piccolo\/#primaryimage","url":"https:\/\/fdasrl.it\/wp-content\/uploads\/2025\/01\/FDA-T110-abbeveratoio_vaschetta_antispreco_per_suini.webp","contentUrl":"https:\/\/fdasrl.it\/wp-content\/uploads\/2025\/01\/FDA-T110-abbeveratoio_vaschetta_antispreco_per_suini.webp","width":1280,"height":1280,"caption":"Vaschetta antispreco in acciaio inox per suini piccola FDA T110"},{"@type":"BreadcrumbList","@id":"https:\/\/fdasrl.it\/ru\/prodotto\/%d0%b0%d1%80%d1%82-fda-t00110-%d1%87%d0%b0%d1%88%d0%b5%d1%87%d0%bd%d0%b0%d1%8f-%d0%bf%d0%be%d0%b8%d0%bb%d0%ba%d0%b0-%d1%82%d0%b8%d0%bf%d0%b0-piccolo\/#breadcrumb","itemListElement":[{"@type":"ListItem","position":1,"name":"Home","item":"https:\/\/fdasrl.it\/ru\/%d0%b3%d0%bb%d0%b0%d0%b2%d0%bd%d0%b0%d1%8f\/"},{"@type":"ListItem","position":2,"name":"\u041c\u0430\u0433\u0430\u0437\u0438\u043d","item":"https:\/\/fdasrl.it\/ru\/%d0%bc%d0%b0%d0%b3%d0%b0%d0%b7%d0%b8%d0%bd\/"},{"@type":"ListItem","position":3,"name":"\u0410\u0440\u0442. FDA-T00110 \u2014 \u0427\u0430\u0448\u0435\u0447\u043d\u0430\u044f \u043f\u043e\u0438\u043b\u043a\u0430 \u0442\u0438\u043f\u0430 Piccolo"}]},{"@type":"WebSite","@id":"https:\/\/fdasrl.it\/ru\/#website","url":"https:\/\/fdasrl.it\/ru\/","name":"FDA srl","description":"Equipment for animal husbandry","publisher":{"@id":"https:\/\/fdasrl.it\/ru\/#organization"},"potentialAction":[{"@type":"SearchAction","target":{"@type":"EntryPoint","urlTemplate":"https:\/\/fdasrl.it\/ru\/?s={search_term_string}"},"query-input":{"@type":"PropertyValueSpecification","valueRequired":true,"valueName":"search_term_string"}}],"inLanguage":"ru-RU"},{"@type":"Organization","@id":"https:\/\/fdasrl.it\/ru\/#organization","name":"FDA srl","url":"https:\/\/fdasrl.it\/ru\/","logo":{"@type":"ImageObject","inLanguage":"ru-RU","@id":"https:\/\/fdasrl.it\/ru\/#\/schema\/logo\/image\/","url":"https:\/\/fdasrl.it\/wp-content\/uploads\/2024\/12\/Logo-FDA.png","contentUrl":"https:\/\/fdasrl.it\/wp-content\/uploads\/2024\/12\/Logo-FDA.png","width":316,"height":119,"caption":"FDA srl"},"image":{"@id":"https:\/\/fdasrl.it\/ru\/#\/schema\/logo\/image\/"},"sameAs":["https:\/\/www.facebook.com\/share\/1MWhFWg1Tp\/?mibextid=LQQJ4d","https:\/\/www.instagram.com\/fda_srl\/profilecard\/?igsh=YW5lbzJ6MWg0d21u","https:\/\/www.youtube.com\/@FDASRL_ANIMALCARE"],"description":"FDA SRL \u2013 Equipment for animal husbandry nasce con l\u2019obiettivo di offrire soluzioni affidabili e innovative per l\u2019allevamento moderno. Con anni di esperienza nel settore zootecnico, progettiamo e realizziamo attrezzature destinate al benessere animale e alla gestione efficiente delle stalle: vasche, abbeveratoi, mangiatoie e sistemi di riscaldamento pensati per durare nel tempo e semplificare il lavoro quotidiano degli allevatori. Dalla progettazione alla produzione, ogni nostro prodotto \u00e8 studiato nei minimi dettagli, testato con cura e costruito per rispondere alle esigenze reali del settore. La nostra forza \u00e8 unire artigianalit\u00e0, tecnologia e competenza tecnica per trasformare ogni progetto in una soluzione concreta e funzionale. Oggi FDA SRL \u00e8 un punto di riferimento per privati e rivenditori che cercano qualit\u00e0, affidabilit\u00e0 e innovazione nelle attrezzature per l\u2019allevamento.","email":"info@fdasrl.it","telephone":"+390522826820","legalName":"F.D.A. SRL","foundingDate":"2024-10-13","vatID":"03075840359","taxID":"03075840359","numberOfEmployees":{"@type":"QuantitativeValue","minValue":"1","maxValue":"10"}}]},"product_price_currency":"EUR","og_availability":"instock","product_availability":"instock","product_retailer_item_id":"FDA-T00110","product_condition":"new"},"_links":{"self":[{"href":"https:\/\/fdasrl.it\/ru\/wp-json\/wp\/v2\/product\/4890","targetHints":{"allow":["GET"]}}],"collection":[{"href":"https:\/\/fdasrl.it\/ru\/wp-json\/wp\/v2\/product"}],"about":[{"href":"https:\/\/fdasrl.it\/ru\/wp-json\/wp\/v2\/types\/product"}],"replies":[{"embeddable":true,"href":"https:\/\/fdasrl.it\/ru\/wp-json\/wp\/v2\/comments?post=4890"}],"wp:featuredmedia":[{"embeddable":true,"href":"https:\/\/fdasrl.it\/ru\/wp-json\/wp\/v2\/media\/977"}],"wp:attachment":[{"href":"https:\/\/fdasrl.it\/ru\/wp-json\/wp\/v2\/media?parent=4890"}],"wp:term":[{"taxonomy":"product_brand","embeddable":true,"href":"https:\/\/fdasrl.it\/ru\/wp-json\/wp\/v2\/product_brand?post=4890"},{"taxonomy":"product_cat","embeddable":true,"href":"https:\/\/fdasrl.it\/ru\/wp-json\/wp\/v2\/product_cat?post=4890"},{"taxonomy":"product_tag","embeddable":true,"href":"https:\/\/fdasrl.it\/ru\/wp-json\/wp\/v2\/product_tag?post=4890"}],"curies":[{"name":"wp","href":"https:\/\/api.w.org\/{rel}","templated":true}]}}