{"id":5012,"date":"2025-01-20T11:13:54","date_gmt":"2025-01-20T10:13:54","guid":{"rendered":"https:\/\/fdasrl.it\/prodotto\/%d0%ba%d1%80%d0%be%d0%bd%d1%88%d1%82%d0%b5%d0%b9%d0%bd-%d0%b8%d0%b7-%d0%bd%d0%b5%d1%80%d0%b6%d0%b0%d0%b2%d0%b5%d1%8e%d1%89%d0%b5%d0%b9-%d1%81%d1%82%d0%b0%d0%bb%d0%b8-%d0%b4%d0%bb%d1%8f-%d0%bd%d0%b8\/"},"modified":"2025-01-20T11:13:54","modified_gmt":"2025-01-20T10:13:54","slug":"%d0%ba%d1%80%d0%be%d0%bd%d1%88%d1%82%d0%b5%d0%b9%d0%bd-%d0%b8%d0%b7-%d0%bd%d0%b5%d1%80%d0%b6%d0%b0%d0%b2%d0%b5%d1%8e%d1%89%d0%b5%d0%b9-%d1%81%d1%82%d0%b0%d0%bb%d0%b8-%d0%b4%d0%bb%d1%8f-%d0%bd%d0%b8","status":"publish","type":"product","link":"https:\/\/fdasrl.it\/ru\/prodotto\/%d0%ba%d1%80%d0%be%d0%bd%d1%88%d1%82%d0%b5%d0%b9%d0%bd-%d0%b8%d0%b7-%d0%bd%d0%b5%d1%80%d0%b6%d0%b0%d0%b2%d0%b5%d1%8e%d1%89%d0%b5%d0%b9-%d1%81%d1%82%d0%b0%d0%bb%d0%b8-%d0%b4%d0%bb%d1%8f-%d0%bd%d0%b8\/","title":{"rendered":"\u041a\u0440\u043e\u043d\u0448\u0442\u0435\u0439\u043d \u0438\u0437 \u043d\u0435\u0440\u0436\u0430\u0432\u0435\u044e\u0449\u0435\u0439 \u0441\u0442\u0430\u043b\u0438 \u0434\u043b\u044f \u043d\u0438\u043f\u043f\u0435\u043b\u044c\u043d\u044b\u0445 \u043f\u043e\u0438\u043b\u043e\u043a"},"content":{"rendered":"<div>\n<p data-start=\"799\" data-end=\"1112\"><strong data-start=\"802\" data-end=\"855\">\u0424\u0438\u043a\u0441\u0438\u0440\u043e\u0432\u0430\u043d\u043d\u044b\u0439 \u043a\u0440\u043e\u043d\u0448\u0442\u0435\u0439\u043d FDA \u0438\u0437 \u043d\u0435\u0440\u0436\u0430\u0432\u0435\u044e\u0449\u0435\u0439 \u0441\u0442\u0430\u043b\u0438 \u0441 \u043d\u0430\u0441\u0442\u0435\u043d\u043d\u043e\u0439 \u043f\u043b\u0430\u0441\u0442\u0438\u043d\u043e\u0439<\/strong> \u043f\u0440\u0435\u0434\u043d\u0430\u0437\u043d\u0430\u0447\u0435\u043d \u0434\u043b\u044f \u0443\u0441\u0442\u0430\u043d\u043e\u0432\u043a\u0438 <strong data-start=\"892\" data-end=\"928\">\u0430\u0432\u0442\u043e\u043c\u0430\u0442\u0438\u0447\u0435\u0441\u043a\u0438\u0445 \u043f\u043e\u0438\u043b\u043e\u043a \u0434\u043b\u044f \u0441\u0432\u0438\u043d\u0435\u0439<\/strong>.<br data-start=\"929\" data-end=\"932\">\u0418\u0437\u0433\u043e\u0442\u043e\u0432\u043b\u0435\u043d\u043d\u044b\u0439 \u043f\u043e\u043b\u043d\u043e\u0441\u0442\u044c\u044e \u0438\u0437 <strong data-start=\"958\" data-end=\"990\">\u0432\u044b\u0441\u043e\u043a\u043e\u043a\u0430\u0447\u0435\u0441\u0442\u0432\u0435\u043d\u043d\u043e\u0439 \u043d\u0435\u0440\u0436\u0430\u0432\u0435\u044e\u0449\u0435\u0439 \u0441\u0442\u0430\u043b\u0438<\/strong>, \u043e\u043d \u0433\u0430\u0440\u0430\u043d\u0442\u0438\u0440\u0443\u0435\u0442 \u043c\u0430\u043a\u0441\u0438\u043c\u0430\u043b\u044c\u043d\u0443\u044e \u043a\u043e\u0440\u0440\u043e\u0437\u0438\u0439\u043d\u0443\u044e \u0441\u0442\u043e\u0439\u043a\u043e\u0441\u0442\u044c, \u0433\u0438\u0433\u0438\u0435\u043d\u0443 \u0438 \u0434\u043e\u043b\u0433\u043e\u0432\u0435\u0447\u043d\u043e\u0441\u0442\u044c \u0434\u0430\u0436\u0435 \u0432 \u0443\u0441\u043b\u043e\u0432\u0438\u044f\u0445 \u0438\u043d\u0442\u0435\u043d\u0441\u0438\u0432\u043d\u043e\u0433\u043e \u0436\u0438\u0432\u043e\u0442\u043d\u043e\u0432\u043e\u0434\u0441\u0442\u0432\u0430.<\/p>\n<p data-start=\"1114\" data-end=\"1414\">\u041f\u043e\u0434\u043a\u043b\u044e\u0447\u0435\u043d\u0438\u0435 \u0432\u043e\u0434\u044b \u2014 <strong data-start=\"1135\" data-end=\"1143\">1\/2&#8243;<\/strong>, \u043a\u0440\u043e\u043d\u0448\u0442\u0435\u0439\u043d \u0434\u043e\u0441\u0442\u0443\u043f\u0435\u043d \u0441 <strong data-start=\"1175\" data-end=\"1215\">\u0440\u0430\u0437\u043b\u0438\u0447\u043d\u044b\u043c\u0438 \u0443\u0433\u043b\u0430\u043c\u0438 \u043d\u0430\u043a\u043b\u043e\u043d\u0430 (45\u00b0, 60\u00b0, 90\u00b0)<\/strong> \u0434\u043b\u044f \u0430\u0434\u0430\u043f\u0442\u0430\u0446\u0438\u0438 \u043a \u043f\u043e\u0442\u0440\u0435\u0431\u043d\u043e\u0441\u0442\u044f\u043c \u0441\u0438\u0441\u0442\u0435\u043c\u044b.<br data-start=\"1258\" data-end=\"1261\">\u041d\u0430\u0441\u0442\u0435\u043d\u043d\u0430\u044f \u043f\u043b\u0430\u0441\u0442\u0438\u043d\u0430 \u043e\u0431\u0435\u0441\u043f\u0435\u0447\u0438\u0432\u0430\u0435\u0442 <strong data-start=\"1292\" data-end=\"1326\">\u0441\u0442\u0430\u0431\u0438\u043b\u044c\u043d\u0443\u044e \u0438 \u043d\u0430\u0434\u0435\u0436\u043d\u0443\u044e \u0443\u0441\u0442\u0430\u043d\u043e\u0432\u043a\u0443<\/strong>, \u0447\u0442\u043e \u0434\u0435\u043b\u0430\u0435\u0442 \u044d\u0442\u043e\u0442 \u0430\u043a\u0441\u0435\u0441\u0441\u0443\u0430\u0440 \u043d\u0435\u0437\u0430\u043c\u0435\u043d\u0438\u043c\u044b\u043c \u0434\u043b\u044f \u044d\u0444\u0444\u0435\u043a\u0442\u0438\u0432\u043d\u043e\u0439 \u0441\u0438\u0441\u0442\u0435\u043c\u044b \u043f\u043e\u0435\u043d\u0438\u044f.<\/p>\n<p data-start=\"1416\" data-end=\"1449\"><strong data-start=\"1416\" data-end=\"1447\">\u041e\u0441\u043d\u043e\u0432\u043d\u044b\u0435 \u0445\u0430\u0440\u0430\u043a\u0442\u0435\u0440\u0438\u0441\u0442\u0438\u043a\u0438:<\/strong><\/p>\n<ul data-start=\"1450\" data-end=\"1690\">\n<li data-start=\"1450\" data-end=\"1508\">\n<p data-start=\"1452\" data-end=\"1508\">\u041c\u0430\u0442\u0435\u0440\u0438\u0430\u043b: \u043f\u0440\u043e\u0447\u043d\u0430\u044f \u0438 \u0433\u0438\u0433\u0438\u0435\u043d\u0438\u0447\u043d\u0430\u044f <strong data-start=\"1463\" data-end=\"1484\">\u043d\u0435\u0440\u0436\u0430\u0432\u0435\u044e\u0449\u0430\u044f \u0441\u0442\u0430\u043b\u044c AISI<\/strong><\/p>\n<\/li>\n<li data-start=\"1509\" data-end=\"1536\">\n<p data-start=\"1511\" data-end=\"1536\">\u041f\u043e\u0434\u043a\u043b\u044e\u0447\u0435\u043d\u0438\u0435 \u0432\u043e\u0434\u044b: <strong data-start=\"1526\" data-end=\"1534\">1\/2&#8243;<\/strong><\/p>\n<\/li>\n<li data-start=\"1537\" data-end=\"1570\">\n<p data-start=\"1539\" data-end=\"1570\">\u041c\u043e\u043d\u0442\u0430\u0436: <strong data-start=\"1550\" data-end=\"1568\">\u043d\u0430\u0441\u0442\u0435\u043d\u043d\u0430\u044f \u043f\u043b\u0430\u0441\u0442\u0438\u043d\u0430<\/strong><\/p>\n<\/li>\n<li data-start=\"1571\" data-end=\"1620\">\n<p data-start=\"1573\" data-end=\"1620\">\u0414\u043e\u0441\u0442\u0443\u043f\u043d\u044b\u0435 \u0443\u0433\u043b\u044b \u043d\u0430\u043a\u043b\u043e\u043d\u0430: <strong data-start=\"1599\" data-end=\"1618\">45\u00b0 \u2013 60\u00b0 \u2013 90\u00b0<\/strong><\/p>\n<\/li>\n<li data-start=\"1621\" data-end=\"1652\">\n<p data-start=\"1623\" data-end=\"1652\">\u0410\u0440\u0442\u0438\u043a\u0443\u043b: <strong data-start=\"1633\" data-end=\"1650\">FDA 000008\/SS<\/strong><\/p>\n<\/li>\n<li data-start=\"1653\" data-end=\"1690\">\n<p data-start=\"1655\" data-end=\"1690\">\u0418\u0434\u0435\u0430\u043b\u044c\u043d\u043e \u0434\u043b\u044f: <strong data-start=\"1667\" data-end=\"1688\">\u0441\u0432\u0438\u043d\u043e\u0444\u0435\u0440\u043c \u0438 \u0444\u0435\u0440\u043c \u0434\u043b\u044f \u0442\u0435\u043b\u044f\u0442<\/strong><\/p>\n<\/li>\n<\/ul>\n<\/div>\n<p>\u0414\u043b\u044f \u043f\u043e\u043b\u0443\u0447\u0435\u043d\u0438\u044f \u0434\u043e\u043f\u043e\u043b\u043d\u0438\u0442\u0435\u043b\u044c\u043d\u043e\u0439 \u0438\u043d\u0444\u043e\u0440\u043c\u0430\u0446\u0438\u0438 \u0438 \u0437\u0430\u043f\u0440\u043e\u0441\u0430 \u041a\u041f \u0441\u0432\u044f\u0436\u0438\u0442\u0435\u0441\u044c \u0441 \u043d\u0430\u043c\u0438: <a href=\"https:\/\/fdasrl.it\/ru\/%d0%ba%d0%be%d0%bd%d1%82%d0%b0%d0%ba%d1%82%d1%8b\/\">\u043d\u0430\u0436\u043c\u0438\u0442\u0435 \u0437\u0434\u0435\u0441\u044c<\/a><\/p>\n","protected":false},"excerpt":{"rendered":"<p>\u0424\u0438\u043a\u0441\u0438\u0440\u043e\u0432\u0430\u043d\u043d\u044b\u0439 \u043a\u0440\u043e\u043d\u0448\u0442\u0435\u0439\u043d \u0438\u0437 \u043d\u0435\u0440\u0436\u0430\u0432\u0435\u044e\u0449\u0435\u0439 \u0441\u0442\u0430\u043b\u0438 \u0441 \u043d\u0430\u0441\u0442\u0435\u043d\u043d\u043e\u0439 \u043f\u043b\u0430\u0441\u0442\u0438\u043d\u043e\u0439 \u0434\u043b\u044f \u0430\u0432\u0442\u043e\u043c\u0430\u0442\u0438\u0447\u0435\u0441\u043a\u043e\u0439 \u043f\u043e\u0438\u043b\u043a\u0438 \u0434\u043b\u044f \u0441\u0432\u0438\u043d\u0435\u0439 \u0438 \u0442\u0435\u043b\u044f\u0442. \u041f\u043e\u0434\u043a\u043b\u044e\u0447\u0435\u043d\u0438\u0435 \u0432\u043e\u0434\u044b 1\/2&#8243;, \u0434\u043e\u0441\u0442\u0443\u043f\u0435\u043d \u0441 \u0443\u0433\u043b\u043e\u043c \u043d\u0430\u043a\u043b\u043e\u043d\u0430 45\u00b0 \u2013 60\u00b0 \u2013 90\u00b0. <\/p>\n","protected":false},"featured_media":294,"comment_status":"open","ping_status":"closed","template":"","meta":{"_et_pb_use_builder":"off","_et_pb_old_content":"<div>\u0424\u0438\u043a\u0441\u0438\u0440\u043e\u0432\u0430\u043d\u043d\u044b\u0439 \u043a\u0440\u043e\u043d\u0448\u0442\u0435\u0439\u043d \u0441 \u043d\u0430\u0441\u0442\u0435\u043d\u043d\u043e\u0439 \u043f\u043b\u0430\u0441\u0442\u0438\u043d\u043e\u0439 \u0434\u043b\u044f \u0430\u0432\u0442\u043e\u043c\u0430\u0442\u0438\u0447\u0435\u0441\u043a\u043e\u0439 \u043f\u043e\u0438\u043b\u043a\u0438 \u0434\u043b\u044f \u0441\u0432\u0438\u043d\u0435\u0439, \u043f\u043e\u0434\u043a\u043b\u044e\u0447\u0435\u043d\u0438\u0435 \u0432\u043e\u0434\u044b 1\/2\", \u043d\u0435\u0440\u0436\u0430\u0432\u0435\u044e\u0449\u0430\u044f \u0441\u0442\u0430\u043b\u044c<\/div>\n<div><\/div>\n<div>\u0410\u0440\u0442. FDA 000008\/SS 45\u00b0\/60\u00b0\/90\u00b0<\/div>","_et_gb_content_width":""},"product_brand":[],"product_cat":[1085,731],"product_tag":[1175,1086],"class_list":{"0":"post-5012","1":"product","2":"type-product","3":"status-publish","4":"has-post-thumbnail","6":"product_cat-1085","7":"product_cat-731","8":"product_tag-fda-000008-ss","9":"product_tag-fda-000008","11":"first","12":"instock","13":"shipping-taxable","14":"product-type-simple"},"yoast_head":"<!-- This site is optimized with the Yoast SEO Premium plugin v27.5 (Yoast SEO v27.5) - https:\/\/yoast.com\/product\/yoast-seo-premium-wordpress\/ -->\n<title>\u041a\u0440\u043e\u043d\u0448\u0442\u0435\u0439\u043d \u0438\u0437 \u043d\u0435\u0440\u0436\u0430\u0432\u0435\u044e\u0449\u0435\u0439 \u0441\u0442\u0430\u043b\u0438 \u0434\u043b\u044f \u043d\u0438\u043f\u043f\u0435\u043b\u044c\u043d\u044b\u0445 \u043f\u043e\u0438\u043b\u043e\u043a: \u0432\u044b\u0441\u043e\u043a\u043e\u0435 \u043a\u0430\u0447\u0435\u0441\u0442\u0432\u043e - FDA srl<\/title>\n<meta name=\"description\" content=\"\u041c\u0430\u043a\u0441\u0438\u043c\u0430\u043b\u044c\u043d\u0430\u044f \u043f\u0440\u043e\u0447\u043d\u043e\u0441\u0442\u044c \u0438 \u0433\u0438\u0433\u0438\u0435\u043d\u0430 \u0441 \u043a\u0440\u043e\u043d\u0448\u0442\u0435\u0439\u043d\u043e\u043c \u0438\u0437 \u043d\u0435\u0440\u0436\u0430\u0432\u0435\u044e\u0449\u0435\u0439 \u0441\u0442\u0430\u043b\u0438 \u0434\u043b\u044f \u043d\u0438\u043f\u043f\u0435\u043b\u044c\u043d\u044b\u0445 \u043f\u043e\u0438\u043b\u043e\u043a. \u0414\u043e\u0441\u0442\u0443\u043f\u043d\u044b \u0440\u0430\u0437\u043b\u0438\u0447\u043d\u044b\u0435 \u0443\u0433\u043b\u044b \u043d\u0430\u043a\u043b\u043e\u043d\u0430 \u2014 \u0438\u0434\u0435\u0430\u043b\u044c\u043d\u043e \u0434\u043b\u044f \u043b\u044e\u0431\u043e\u0439 \u0441\u0438\u0441\u0442\u0435\u043c\u044b! \ud83d\udc16\" \/>\n<meta name=\"robots\" content=\"index, follow, max-snippet:-1, max-image-preview:large, max-video-preview:-1\" \/>\n<link rel=\"canonical\" href=\"https:\/\/fdasrl.it\/ru\/prodotto\/%d0%ba%d1%80%d0%be%d0%bd%d1%88%d1%82%d0%b5%d0%b9%d0%bd-%d0%b8%d0%b7-%d0%bd%d0%b5%d1%80%d0%b6%d0%b0%d0%b2%d0%b5%d1%8e%d1%89%d0%b5%d0%b9-%d1%81%d1%82%d0%b0%d0%bb%d0%b8-%d0%b4%d0%bb%d1%8f-%d0%bd%d0%b8\/\" \/>\n<meta property=\"og:locale\" content=\"ru_RU\" \/>\n<meta property=\"og:type\" content=\"article\" \/>\n<meta property=\"og:title\" content=\"\u041a\u0440\u043e\u043d\u0448\u0442\u0435\u0439\u043d \u0438\u0437 \u043d\u0435\u0440\u0436\u0430\u0432\u0435\u044e\u0449\u0435\u0439 \u0441\u0442\u0430\u043b\u0438 \u0434\u043b\u044f \u043d\u0438\u043f\u043f\u0435\u043b\u044c\u043d\u044b\u0445 \u043f\u043e\u0438\u043b\u043e\u043a\" \/>\n<meta property=\"og:description\" content=\"\u041c\u0430\u043a\u0441\u0438\u043c\u0430\u043b\u044c\u043d\u0430\u044f \u043f\u0440\u043e\u0447\u043d\u043e\u0441\u0442\u044c \u0438 \u0433\u0438\u0433\u0438\u0435\u043d\u0430 \u0441 \u043a\u0440\u043e\u043d\u0448\u0442\u0435\u0439\u043d\u043e\u043c \u0438\u0437 \u043d\u0435\u0440\u0436\u0430\u0432\u0435\u044e\u0449\u0435\u0439 \u0441\u0442\u0430\u043b\u0438 \u0434\u043b\u044f \u043d\u0438\u043f\u043f\u0435\u043b\u044c\u043d\u044b\u0445 \u043f\u043e\u0438\u043b\u043e\u043a. \u0414\u043e\u0441\u0442\u0443\u043f\u043d\u044b \u0440\u0430\u0437\u043b\u0438\u0447\u043d\u044b\u0435 \u0443\u0433\u043b\u044b \u043d\u0430\u043a\u043b\u043e\u043d\u0430 \u2014 \u0438\u0434\u0435\u0430\u043b\u044c\u043d\u043e \u0434\u043b\u044f \u043b\u044e\u0431\u043e\u0439 \u0441\u0438\u0441\u0442\u0435\u043c\u044b! \ud83d\udc16\" \/>\n<meta property=\"og:url\" content=\"https:\/\/fdasrl.it\/ru\/prodotto\/%d0%ba%d1%80%d0%be%d0%bd%d1%88%d1%82%d0%b5%d0%b9%d0%bd-%d0%b8%d0%b7-%d0%bd%d0%b5%d1%80%d0%b6%d0%b0%d0%b2%d0%b5%d1%8e%d1%89%d0%b5%d0%b9-%d1%81%d1%82%d0%b0%d0%bb%d0%b8-%d0%b4%d0%bb%d1%8f-%d0%bd%d0%b8\/\" \/>\n<meta property=\"og:site_name\" content=\"FDA srl\" \/>\n<meta property=\"article:publisher\" content=\"https:\/\/www.facebook.com\/share\/1MWhFWg1Tp\/?mibextid=LQQJ4d\" \/>\n<meta property=\"og:image\" content=\"https:\/\/fdasrl.it\/wp-content\/uploads\/2025\/01\/FDA-00008-SS45.jpg\" \/>\n\t<meta property=\"og:image:width\" content=\"800\" \/>\n\t<meta property=\"og:image:height\" content=\"640\" \/>\n\t<meta property=\"og:image:type\" content=\"image\/jpeg\" \/>\n<meta name=\"twitter:card\" content=\"summary_large_image\" \/>\n<meta name=\"twitter:label1\" content=\"\u0426\u0435\u043d\u0430\" \/>\n\t<meta name=\"twitter:data1\" content=\"\" \/>\n\t<meta name=\"twitter:label2\" content=\"\u0414\u043e\u0441\u0442\u0443\u043f\u043d\u043e\u0441\u0442\u044c\" \/>\n\t<meta name=\"twitter:data2\" content=\"\u0412 \u043d\u0430\u043b\u0438\u0447\u0438\u0438\" \/>\n<meta property=\"product:price:currency\" content=\"EUR\" \/>\n<meta property=\"og:availability\" content=\"instock\" \/>\n<meta property=\"product:availability\" content=\"instock\" \/>\n<meta property=\"product:retailer_item_id\" content=\"FDA-000008\/SS\" \/>\n<meta property=\"product:condition\" content=\"new\" \/>\n<!-- \/ Yoast SEO Premium plugin. -->","yoast_head_json":{"title":"\u041a\u0440\u043e\u043d\u0448\u0442\u0435\u0439\u043d \u0438\u0437 \u043d\u0435\u0440\u0436\u0430\u0432\u0435\u044e\u0449\u0435\u0439 \u0441\u0442\u0430\u043b\u0438 \u0434\u043b\u044f \u043d\u0438\u043f\u043f\u0435\u043b\u044c\u043d\u044b\u0445 \u043f\u043e\u0438\u043b\u043e\u043a: \u0432\u044b\u0441\u043e\u043a\u043e\u0435 \u043a\u0430\u0447\u0435\u0441\u0442\u0432\u043e - FDA srl","description":"\u041c\u0430\u043a\u0441\u0438\u043c\u0430\u043b\u044c\u043d\u0430\u044f \u043f\u0440\u043e\u0447\u043d\u043e\u0441\u0442\u044c \u0438 \u0433\u0438\u0433\u0438\u0435\u043d\u0430 \u0441 \u043a\u0440\u043e\u043d\u0448\u0442\u0435\u0439\u043d\u043e\u043c \u0438\u0437 \u043d\u0435\u0440\u0436\u0430\u0432\u0435\u044e\u0449\u0435\u0439 \u0441\u0442\u0430\u043b\u0438 \u0434\u043b\u044f \u043d\u0438\u043f\u043f\u0435\u043b\u044c\u043d\u044b\u0445 \u043f\u043e\u0438\u043b\u043e\u043a. \u0414\u043e\u0441\u0442\u0443\u043f\u043d\u044b \u0440\u0430\u0437\u043b\u0438\u0447\u043d\u044b\u0435 \u0443\u0433\u043b\u044b \u043d\u0430\u043a\u043b\u043e\u043d\u0430 \u2014 \u0438\u0434\u0435\u0430\u043b\u044c\u043d\u043e \u0434\u043b\u044f \u043b\u044e\u0431\u043e\u0439 \u0441\u0438\u0441\u0442\u0435\u043c\u044b! \ud83d\udc16","robots":{"index":"index","follow":"follow","max-snippet":"max-snippet:-1","max-image-preview":"max-image-preview:large","max-video-preview":"max-video-preview:-1"},"canonical":"https:\/\/fdasrl.it\/ru\/prodotto\/%d0%ba%d1%80%d0%be%d0%bd%d1%88%d1%82%d0%b5%d0%b9%d0%bd-%d0%b8%d0%b7-%d0%bd%d0%b5%d1%80%d0%b6%d0%b0%d0%b2%d0%b5%d1%8e%d1%89%d0%b5%d0%b9-%d1%81%d1%82%d0%b0%d0%bb%d0%b8-%d0%b4%d0%bb%d1%8f-%d0%bd%d0%b8\/","og_locale":"ru_RU","og_type":"article","og_title":"\u041a\u0440\u043e\u043d\u0448\u0442\u0435\u0439\u043d \u0438\u0437 \u043d\u0435\u0440\u0436\u0430\u0432\u0435\u044e\u0449\u0435\u0439 \u0441\u0442\u0430\u043b\u0438 \u0434\u043b\u044f \u043d\u0438\u043f\u043f\u0435\u043b\u044c\u043d\u044b\u0445 \u043f\u043e\u0438\u043b\u043e\u043a","og_description":"\u041c\u0430\u043a\u0441\u0438\u043c\u0430\u043b\u044c\u043d\u0430\u044f \u043f\u0440\u043e\u0447\u043d\u043e\u0441\u0442\u044c \u0438 \u0433\u0438\u0433\u0438\u0435\u043d\u0430 \u0441 \u043a\u0440\u043e\u043d\u0448\u0442\u0435\u0439\u043d\u043e\u043c \u0438\u0437 \u043d\u0435\u0440\u0436\u0430\u0432\u0435\u044e\u0449\u0435\u0439 \u0441\u0442\u0430\u043b\u0438 \u0434\u043b\u044f \u043d\u0438\u043f\u043f\u0435\u043b\u044c\u043d\u044b\u0445 \u043f\u043e\u0438\u043b\u043e\u043a. \u0414\u043e\u0441\u0442\u0443\u043f\u043d\u044b \u0440\u0430\u0437\u043b\u0438\u0447\u043d\u044b\u0435 \u0443\u0433\u043b\u044b \u043d\u0430\u043a\u043b\u043e\u043d\u0430 \u2014 \u0438\u0434\u0435\u0430\u043b\u044c\u043d\u043e \u0434\u043b\u044f \u043b\u044e\u0431\u043e\u0439 \u0441\u0438\u0441\u0442\u0435\u043c\u044b! \ud83d\udc16","og_url":"https:\/\/fdasrl.it\/ru\/prodotto\/%d0%ba%d1%80%d0%be%d0%bd%d1%88%d1%82%d0%b5%d0%b9%d0%bd-%d0%b8%d0%b7-%d0%bd%d0%b5%d1%80%d0%b6%d0%b0%d0%b2%d0%b5%d1%8e%d1%89%d0%b5%d0%b9-%d1%81%d1%82%d0%b0%d0%bb%d0%b8-%d0%b4%d0%bb%d1%8f-%d0%bd%d0%b8\/","og_site_name":"FDA srl","article_publisher":"https:\/\/www.facebook.com\/share\/1MWhFWg1Tp\/?mibextid=LQQJ4d","og_image":[{"width":800,"height":640,"url":"https:\/\/fdasrl.it\/wp-content\/uploads\/2025\/01\/FDA-00008-SS45.jpg","type":"image\/jpeg"}],"twitter_card":"summary_large_image","twitter_misc":{"\u0426\u0435\u043d\u0430":"","\u0414\u043e\u0441\u0442\u0443\u043f\u043d\u043e\u0441\u0442\u044c":"\u0412 \u043d\u0430\u043b\u0438\u0447\u0438\u0438"},"schema":{"@context":"https:\/\/schema.org","@graph":[{"@type":"WebPage","@id":"https:\/\/fdasrl.it\/ru\/prodotto\/%d0%ba%d1%80%d0%be%d0%bd%d1%88%d1%82%d0%b5%d0%b9%d0%bd-%d0%b8%d0%b7-%d0%bd%d0%b5%d1%80%d0%b6%d0%b0%d0%b2%d0%b5%d1%8e%d1%89%d0%b5%d0%b9-%d1%81%d1%82%d0%b0%d0%bb%d0%b8-%d0%b4%d0%bb%d1%8f-%d0%bd%d0%b8\/","url":"https:\/\/fdasrl.it\/ru\/prodotto\/%d0%ba%d1%80%d0%be%d0%bd%d1%88%d1%82%d0%b5%d0%b9%d0%bd-%d0%b8%d0%b7-%d0%bd%d0%b5%d1%80%d0%b6%d0%b0%d0%b2%d0%b5%d1%8e%d1%89%d0%b5%d0%b9-%d1%81%d1%82%d0%b0%d0%bb%d0%b8-%d0%b4%d0%bb%d1%8f-%d0%bd%d0%b8\/","name":"\u041a\u0440\u043e\u043d\u0448\u0442\u0435\u0439\u043d \u0438\u0437 \u043d\u0435\u0440\u0436\u0430\u0432\u0435\u044e\u0449\u0435\u0439 \u0441\u0442\u0430\u043b\u0438 \u0434\u043b\u044f \u043d\u0438\u043f\u043f\u0435\u043b\u044c\u043d\u044b\u0445 \u043f\u043e\u0438\u043b\u043e\u043a: \u0432\u044b\u0441\u043e\u043a\u043e\u0435 \u043a\u0430\u0447\u0435\u0441\u0442\u0432\u043e - FDA srl","isPartOf":{"@id":"https:\/\/fdasrl.it\/ru\/#website"},"primaryImageOfPage":{"@id":"https:\/\/fdasrl.it\/ru\/prodotto\/%d0%ba%d1%80%d0%be%d0%bd%d1%88%d1%82%d0%b5%d0%b9%d0%bd-%d0%b8%d0%b7-%d0%bd%d0%b5%d1%80%d0%b6%d0%b0%d0%b2%d0%b5%d1%8e%d1%89%d0%b5%d0%b9-%d1%81%d1%82%d0%b0%d0%bb%d0%b8-%d0%b4%d0%bb%d1%8f-%d0%bd%d0%b8\/#primaryimage"},"image":{"@id":"https:\/\/fdasrl.it\/ru\/prodotto\/%d0%ba%d1%80%d0%be%d0%bd%d1%88%d1%82%d0%b5%d0%b9%d0%bd-%d0%b8%d0%b7-%d0%bd%d0%b5%d1%80%d0%b6%d0%b0%d0%b2%d0%b5%d1%8e%d1%89%d0%b5%d0%b9-%d1%81%d1%82%d0%b0%d0%bb%d0%b8-%d0%b4%d0%bb%d1%8f-%d0%bd%d0%b8\/#primaryimage"},"thumbnailUrl":"https:\/\/fdasrl.it\/wp-content\/uploads\/2025\/01\/FDA-00008-SS45.jpg","datePublished":"2025-01-20T10:13:54+00:00","description":"\u041c\u0430\u043a\u0441\u0438\u043c\u0430\u043b\u044c\u043d\u0430\u044f \u043f\u0440\u043e\u0447\u043d\u043e\u0441\u0442\u044c \u0438 \u0433\u0438\u0433\u0438\u0435\u043d\u0430 \u0441 \u043a\u0440\u043e\u043d\u0448\u0442\u0435\u0439\u043d\u043e\u043c \u0438\u0437 \u043d\u0435\u0440\u0436\u0430\u0432\u0435\u044e\u0449\u0435\u0439 \u0441\u0442\u0430\u043b\u0438 \u0434\u043b\u044f \u043d\u0438\u043f\u043f\u0435\u043b\u044c\u043d\u044b\u0445 \u043f\u043e\u0438\u043b\u043e\u043a. \u0414\u043e\u0441\u0442\u0443\u043f\u043d\u044b \u0440\u0430\u0437\u043b\u0438\u0447\u043d\u044b\u0435 \u0443\u0433\u043b\u044b \u043d\u0430\u043a\u043b\u043e\u043d\u0430 \u2014 \u0438\u0434\u0435\u0430\u043b\u044c\u043d\u043e \u0434\u043b\u044f \u043b\u044e\u0431\u043e\u0439 \u0441\u0438\u0441\u0442\u0435\u043c\u044b! \ud83d\udc16","breadcrumb":{"@id":"https:\/\/fdasrl.it\/ru\/prodotto\/%d0%ba%d1%80%d0%be%d0%bd%d1%88%d1%82%d0%b5%d0%b9%d0%bd-%d0%b8%d0%b7-%d0%bd%d0%b5%d1%80%d0%b6%d0%b0%d0%b2%d0%b5%d1%8e%d1%89%d0%b5%d0%b9-%d1%81%d1%82%d0%b0%d0%bb%d0%b8-%d0%b4%d0%bb%d1%8f-%d0%bd%d0%b8\/#breadcrumb"},"inLanguage":"ru-RU","potentialAction":[{"@type":"ReadAction","target":["https:\/\/fdasrl.it\/ru\/prodotto\/%d0%ba%d1%80%d0%be%d0%bd%d1%88%d1%82%d0%b5%d0%b9%d0%bd-%d0%b8%d0%b7-%d0%bd%d0%b5%d1%80%d0%b6%d0%b0%d0%b2%d0%b5%d1%8e%d1%89%d0%b5%d0%b9-%d1%81%d1%82%d0%b0%d0%bb%d0%b8-%d0%b4%d0%bb%d1%8f-%d0%bd%d0%b8\/"]}]},{"@type":"ImageObject","inLanguage":"ru-RU","@id":"https:\/\/fdasrl.it\/ru\/prodotto\/%d0%ba%d1%80%d0%be%d0%bd%d1%88%d1%82%d0%b5%d0%b9%d0%bd-%d0%b8%d0%b7-%d0%bd%d0%b5%d1%80%d0%b6%d0%b0%d0%b2%d0%b5%d1%8e%d1%89%d0%b5%d0%b9-%d1%81%d1%82%d0%b0%d0%bb%d0%b8-%d0%b4%d0%bb%d1%8f-%d0%bd%d0%b8\/#primaryimage","url":"https:\/\/fdasrl.it\/wp-content\/uploads\/2025\/01\/FDA-00008-SS45.jpg","contentUrl":"https:\/\/fdasrl.it\/wp-content\/uploads\/2025\/01\/FDA-00008-SS45.jpg","width":800,"height":640,"caption":"Supporto fisso in acciaio inox con piastra a muro per abbeveratoio automatico suini, attacco acqua 1\/2 pollice"},{"@type":"BreadcrumbList","@id":"https:\/\/fdasrl.it\/ru\/prodotto\/%d0%ba%d1%80%d0%be%d0%bd%d1%88%d1%82%d0%b5%d0%b9%d0%bd-%d0%b8%d0%b7-%d0%bd%d0%b5%d1%80%d0%b6%d0%b0%d0%b2%d0%b5%d1%8e%d1%89%d0%b5%d0%b9-%d1%81%d1%82%d0%b0%d0%bb%d0%b8-%d0%b4%d0%bb%d1%8f-%d0%bd%d0%b8\/#breadcrumb","itemListElement":[{"@type":"ListItem","position":1,"name":"Home","item":"https:\/\/fdasrl.it\/ru\/%d0%b3%d0%bb%d0%b0%d0%b2%d0%bd%d0%b0%d1%8f\/"},{"@type":"ListItem","position":2,"name":"\u041c\u0430\u0433\u0430\u0437\u0438\u043d","item":"https:\/\/fdasrl.it\/ru\/%d0%bc%d0%b0%d0%b3%d0%b0%d0%b7%d0%b8%d0%bd\/"},{"@type":"ListItem","position":3,"name":"\u041a\u0440\u043e\u043d\u0448\u0442\u0435\u0439\u043d \u0438\u0437 \u043d\u0435\u0440\u0436\u0430\u0432\u0435\u044e\u0449\u0435\u0439 \u0441\u0442\u0430\u043b\u0438 \u0434\u043b\u044f \u043d\u0438\u043f\u043f\u0435\u043b\u044c\u043d\u044b\u0445 \u043f\u043e\u0438\u043b\u043e\u043a"}]},{"@type":"WebSite","@id":"https:\/\/fdasrl.it\/ru\/#website","url":"https:\/\/fdasrl.it\/ru\/","name":"FDA srl","description":"Equipment for animal husbandry","publisher":{"@id":"https:\/\/fdasrl.it\/ru\/#organization"},"potentialAction":[{"@type":"SearchAction","target":{"@type":"EntryPoint","urlTemplate":"https:\/\/fdasrl.it\/ru\/?s={search_term_string}"},"query-input":{"@type":"PropertyValueSpecification","valueRequired":true,"valueName":"search_term_string"}}],"inLanguage":"ru-RU"},{"@type":"Organization","@id":"https:\/\/fdasrl.it\/ru\/#organization","name":"FDA srl","url":"https:\/\/fdasrl.it\/ru\/","logo":{"@type":"ImageObject","inLanguage":"ru-RU","@id":"https:\/\/fdasrl.it\/ru\/#\/schema\/logo\/image\/","url":"https:\/\/fdasrl.it\/wp-content\/uploads\/2024\/12\/Logo-FDA.png","contentUrl":"https:\/\/fdasrl.it\/wp-content\/uploads\/2024\/12\/Logo-FDA.png","width":316,"height":119,"caption":"FDA srl"},"image":{"@id":"https:\/\/fdasrl.it\/ru\/#\/schema\/logo\/image\/"},"sameAs":["https:\/\/www.facebook.com\/share\/1MWhFWg1Tp\/?mibextid=LQQJ4d","https:\/\/www.instagram.com\/fda_srl\/profilecard\/?igsh=YW5lbzJ6MWg0d21u","https:\/\/www.youtube.com\/@FDASRL_ANIMALCARE"],"description":"FDA SRL \u2013 Equipment for animal husbandry nasce con l\u2019obiettivo di offrire soluzioni affidabili e innovative per l\u2019allevamento moderno. Con anni di esperienza nel settore zootecnico, progettiamo e realizziamo attrezzature destinate al benessere animale e alla gestione efficiente delle stalle: vasche, abbeveratoi, mangiatoie e sistemi di riscaldamento pensati per durare nel tempo e semplificare il lavoro quotidiano degli allevatori. Dalla progettazione alla produzione, ogni nostro prodotto \u00e8 studiato nei minimi dettagli, testato con cura e costruito per rispondere alle esigenze reali del settore. La nostra forza \u00e8 unire artigianalit\u00e0, tecnologia e competenza tecnica per trasformare ogni progetto in una soluzione concreta e funzionale. Oggi FDA SRL \u00e8 un punto di riferimento per privati e rivenditori che cercano qualit\u00e0, affidabilit\u00e0 e innovazione nelle attrezzature per l\u2019allevamento.","email":"info@fdasrl.it","telephone":"+390522826820","legalName":"F.D.A. SRL","foundingDate":"2024-10-13","vatID":"03075840359","taxID":"03075840359","numberOfEmployees":{"@type":"QuantitativeValue","minValue":"1","maxValue":"10"}}]},"product_price_currency":"EUR","og_availability":"instock","product_availability":"instock","product_retailer_item_id":"FDA-000008\/SS","product_condition":"new"},"_links":{"self":[{"href":"https:\/\/fdasrl.it\/ru\/wp-json\/wp\/v2\/product\/5012","targetHints":{"allow":["GET"]}}],"collection":[{"href":"https:\/\/fdasrl.it\/ru\/wp-json\/wp\/v2\/product"}],"about":[{"href":"https:\/\/fdasrl.it\/ru\/wp-json\/wp\/v2\/types\/product"}],"replies":[{"embeddable":true,"href":"https:\/\/fdasrl.it\/ru\/wp-json\/wp\/v2\/comments?post=5012"}],"wp:featuredmedia":[{"embeddable":true,"href":"https:\/\/fdasrl.it\/ru\/wp-json\/wp\/v2\/media\/294"}],"wp:attachment":[{"href":"https:\/\/fdasrl.it\/ru\/wp-json\/wp\/v2\/media?parent=5012"}],"wp:term":[{"taxonomy":"product_brand","embeddable":true,"href":"https:\/\/fdasrl.it\/ru\/wp-json\/wp\/v2\/product_brand?post=5012"},{"taxonomy":"product_cat","embeddable":true,"href":"https:\/\/fdasrl.it\/ru\/wp-json\/wp\/v2\/product_cat?post=5012"},{"taxonomy":"product_tag","embeddable":true,"href":"https:\/\/fdasrl.it\/ru\/wp-json\/wp\/v2\/product_tag?post=5012"}],"curies":[{"name":"wp","href":"https:\/\/api.w.org\/{rel}","templated":true}]}}