{"id":5612,"date":"2025-01-15T12:00:45","date_gmt":"2025-01-15T11:00:45","guid":{"rendered":"https:\/\/fdasrl.it\/prodotto\/%d0%b0%d1%80%d1%82-fda-000027-%d0%bf%d0%be%d0%b8%d0%bb%d0%ba%d0%b0-%d1%83%d0%b2%d0%bb%d0%b0%d0%b6%d0%bd%d0%b8%d1%82%d0%b5%d0%bb%d1%8c-1-2\/"},"modified":"2025-01-15T12:00:45","modified_gmt":"2025-01-15T11:00:45","slug":"%d0%b0%d1%80%d1%82-fda-000027-%d0%bf%d0%be%d0%b8%d0%bb%d0%ba%d0%b0-%d1%83%d0%b2%d0%bb%d0%b0%d0%b6%d0%bd%d0%b8%d1%82%d0%b5%d0%bb%d1%8c-1-2","status":"publish","type":"product","link":"https:\/\/fdasrl.it\/ru\/prodotto\/%d0%b0%d1%80%d1%82-fda-000027-%d0%bf%d0%be%d0%b8%d0%bb%d0%ba%d0%b0-%d1%83%d0%b2%d0%bb%d0%b0%d0%b6%d0%bd%d0%b8%d1%82%d0%b5%d0%bb%d1%8c-1-2\/","title":{"rendered":"\u0410\u0440\u0442. FDA-000027 \u2014 \u041f\u043e\u0438\u043b\u043a\u0430-\u0443\u0432\u043b\u0430\u0436\u043d\u0438\u0442\u0435\u043b\u044c 1\/2\u201d"},"content":{"rendered":"<p>\u0420\u0435\u0437\u044c\u0431\u043e\u0432\u043e\u0435 \u0441\u043e\u0435\u0434\u0438\u043d\u0435\u043d\u0438\u0435 1\/2\u201d \u0443\u0432\u043b\u0430\u0436\u043d\u0438\u0442\u0435\u043b\u044c<br \/>\n\u0448\u0435\u0441\u0442\u0438\u0433\u0440. 22 \u2014 \u0441 \u043e\u0442\u0432\u0435\u0440\u0441\u0442\u0438\u044f\u043c\u0438 \u2014 \u0428\u0442\u0438\u0444\u0442 \u00d8 17&#215;10<\/p>\n<p>\u041b\u0430\u0442\u0443\u043d\u043d\u044b\u0439 \u0443\u0432\u043b\u0430\u0436\u043d\u0438\u0442\u0435\u043b\u044c.<\/p>\n","protected":false},"excerpt":{"rendered":"<p style=\"font-size: 16px;\">\n\u26a0\ufe0f <strong>\u0414\u0430\u043d\u043d\u044b\u0439 \u0442\u043e\u0432\u0430\u0440 \u0437\u0430\u043c\u0435\u043d\u0435\u043d \u043d\u043e\u0432\u043e\u0439 \u043e\u0431\u043d\u043e\u0432\u043b\u0435\u043d\u043d\u043e\u0439 \u0432\u0435\u0440\u0441\u0438\u0435\u0439.<\/strong><\/p>\n<p><a style=\"display: inline-block; padding: 8px 14px; background: #d10000; color: #fff; text-decoration: none; font-weight: bold; border-radius: 6px; font-size: 16px;\" href=\"https:\/\/fdasrl.it\/prodotto\/art-fda-000007tp-ottone-abbeveratoio-1-2-umidificatore\/\"><br \/>\n\u27a1\ufe0f \u041f\u0435\u0440\u0435\u0439\u0442\u0438 \u043a \u043d\u043e\u0432\u043e\u0439 \u043f\u043e\u0438\u043b\u043a\u0435<br \/>\n<\/a><\/p>\n","protected":false},"featured_media":233,"comment_status":"open","ping_status":"closed","template":"","meta":{"_et_pb_use_builder":"","_et_pb_old_content":"","_et_gb_content_width":""},"product_brand":[],"product_cat":[1200,1201,731,653],"product_tag":[1291],"class_list":{"0":"post-5612","1":"product","2":"type-product","3":"status-publish","4":"has-post-thumbnail","6":"product_cat-1200","7":"product_cat-1201","8":"product_cat-731","9":"product_cat-653","10":"product_tag-fda-000027","12":"first","13":"outofstock","14":"shipping-taxable","15":"product-type-simple"},"yoast_head":"<!-- This site is optimized with the Yoast SEO Premium plugin v27.5 (Yoast SEO v27.5) - https:\/\/yoast.com\/product\/yoast-seo-premium-wordpress\/ -->\n<title>\u0410\u0440\u0442. FDA-000027 \u2014 \u041f\u043e\u0438\u043b\u043a\u0430-\u0443\u0432\u043b\u0430\u0436\u043d\u0438\u0442\u0435\u043b\u044c 1\/2\u201d - FDA srl<\/title>\n<meta name=\"description\" content=\"\u26a0\ufe0f \u0414\u0430\u043d\u043d\u044b\u0439 \u0442\u043e\u0432\u0430\u0440 \u0437\u0430\u043c\u0435\u043d\u0435\u043d \u043d\u043e\u0432\u043e\u0439 \u043e\u0431\u043d\u043e\u0432\u043b\u0435\u043d\u043d\u043e\u0439 \u0432\u0435\u0440\u0441\u0438\u0435\u0439. \u27a1\ufe0f \u041f\u0435\u0440\u0435\u0439\u0442\u0438 \u043a \u043d\u043e\u0432\u043e\u0439 \u043f\u043e\u0438\u043b\u043a\u0435\" \/>\n<meta name=\"robots\" content=\"index, follow, max-snippet:-1, max-image-preview:large, max-video-preview:-1\" \/>\n<link rel=\"canonical\" href=\"https:\/\/fdasrl.it\/ru\/prodotto\/%d0%b0%d1%80%d1%82-fda-000027-%d0%bf%d0%be%d0%b8%d0%bb%d0%ba%d0%b0-%d1%83%d0%b2%d0%bb%d0%b0%d0%b6%d0%bd%d0%b8%d1%82%d0%b5%d0%bb%d1%8c-1-2\/\" \/>\n<meta property=\"og:locale\" content=\"ru_RU\" \/>\n<meta property=\"og:type\" content=\"article\" \/>\n<meta property=\"og:title\" content=\"\u0410\u0440\u0442. FDA-000027 \u2014 \u041f\u043e\u0438\u043b\u043a\u0430-\u0443\u0432\u043b\u0430\u0436\u043d\u0438\u0442\u0435\u043b\u044c 1\/2\u201d\" \/>\n<meta property=\"og:description\" content=\"\u26a0\ufe0f \u0414\u0430\u043d\u043d\u044b\u0439 \u0442\u043e\u0432\u0430\u0440 \u0437\u0430\u043c\u0435\u043d\u0435\u043d \u043d\u043e\u0432\u043e\u0439 \u043e\u0431\u043d\u043e\u0432\u043b\u0435\u043d\u043d\u043e\u0439 \u0432\u0435\u0440\u0441\u0438\u0435\u0439. \u27a1\ufe0f \u041f\u0435\u0440\u0435\u0439\u0442\u0438 \u043a \u043d\u043e\u0432\u043e\u0439 \u043f\u043e\u0438\u043b\u043a\u0435\" \/>\n<meta property=\"og:url\" content=\"https:\/\/fdasrl.it\/ru\/prodotto\/%d0%b0%d1%80%d1%82-fda-000027-%d0%bf%d0%be%d0%b8%d0%bb%d0%ba%d0%b0-%d1%83%d0%b2%d0%bb%d0%b0%d0%b6%d0%bd%d0%b8%d1%82%d0%b5%d0%bb%d1%8c-1-2\/\" \/>\n<meta property=\"og:site_name\" content=\"FDA srl\" \/>\n<meta property=\"article:publisher\" content=\"https:\/\/www.facebook.com\/share\/1MWhFWg1Tp\/?mibextid=LQQJ4d\" \/>\n<meta property=\"og:image\" content=\"https:\/\/fdasrl.it\/wp-content\/uploads\/2025\/01\/FDA-000027_1.jpg\" \/>\n\t<meta property=\"og:image:width\" content=\"300\" \/>\n\t<meta property=\"og:image:height\" content=\"300\" \/>\n\t<meta property=\"og:image:type\" content=\"image\/jpeg\" \/>\n<meta name=\"twitter:card\" content=\"summary_large_image\" \/>\n<meta name=\"twitter:label1\" content=\"\u0426\u0435\u043d\u0430\" \/>\n\t<meta name=\"twitter:data1\" content=\"\" \/>\n\t<meta name=\"twitter:label2\" content=\"\u0414\u043e\u0441\u0442\u0443\u043f\u043d\u043e\u0441\u0442\u044c\" \/>\n\t<meta name=\"twitter:data2\" content=\"\u0420\u0430\u0441\u043f\u0440\u043e\u0434\u0430\u043d\u043e\" \/>\n<meta property=\"product:price:currency\" content=\"EUR\" \/>\n<meta property=\"og:availability\" content=\"out of stock\" \/>\n<meta property=\"product:availability\" content=\"out of stock\" \/>\n<meta property=\"product:retailer_item_id\" content=\"FDA-000027\" \/>\n<meta property=\"product:condition\" content=\"new\" \/>\n<!-- \/ Yoast SEO Premium plugin. -->","yoast_head_json":{"title":"\u0410\u0440\u0442. FDA-000027 \u2014 \u041f\u043e\u0438\u043b\u043a\u0430-\u0443\u0432\u043b\u0430\u0436\u043d\u0438\u0442\u0435\u043b\u044c 1\/2\u201d - FDA srl","description":"\u26a0\ufe0f \u0414\u0430\u043d\u043d\u044b\u0439 \u0442\u043e\u0432\u0430\u0440 \u0437\u0430\u043c\u0435\u043d\u0435\u043d \u043d\u043e\u0432\u043e\u0439 \u043e\u0431\u043d\u043e\u0432\u043b\u0435\u043d\u043d\u043e\u0439 \u0432\u0435\u0440\u0441\u0438\u0435\u0439. \u27a1\ufe0f \u041f\u0435\u0440\u0435\u0439\u0442\u0438 \u043a \u043d\u043e\u0432\u043e\u0439 \u043f\u043e\u0438\u043b\u043a\u0435","robots":{"index":"index","follow":"follow","max-snippet":"max-snippet:-1","max-image-preview":"max-image-preview:large","max-video-preview":"max-video-preview:-1"},"canonical":"https:\/\/fdasrl.it\/ru\/prodotto\/%d0%b0%d1%80%d1%82-fda-000027-%d0%bf%d0%be%d0%b8%d0%bb%d0%ba%d0%b0-%d1%83%d0%b2%d0%bb%d0%b0%d0%b6%d0%bd%d0%b8%d1%82%d0%b5%d0%bb%d1%8c-1-2\/","og_locale":"ru_RU","og_type":"article","og_title":"\u0410\u0440\u0442. FDA-000027 \u2014 \u041f\u043e\u0438\u043b\u043a\u0430-\u0443\u0432\u043b\u0430\u0436\u043d\u0438\u0442\u0435\u043b\u044c 1\/2\u201d","og_description":"\u26a0\ufe0f \u0414\u0430\u043d\u043d\u044b\u0439 \u0442\u043e\u0432\u0430\u0440 \u0437\u0430\u043c\u0435\u043d\u0435\u043d \u043d\u043e\u0432\u043e\u0439 \u043e\u0431\u043d\u043e\u0432\u043b\u0435\u043d\u043d\u043e\u0439 \u0432\u0435\u0440\u0441\u0438\u0435\u0439. \u27a1\ufe0f \u041f\u0435\u0440\u0435\u0439\u0442\u0438 \u043a \u043d\u043e\u0432\u043e\u0439 \u043f\u043e\u0438\u043b\u043a\u0435","og_url":"https:\/\/fdasrl.it\/ru\/prodotto\/%d0%b0%d1%80%d1%82-fda-000027-%d0%bf%d0%be%d0%b8%d0%bb%d0%ba%d0%b0-%d1%83%d0%b2%d0%bb%d0%b0%d0%b6%d0%bd%d0%b8%d1%82%d0%b5%d0%bb%d1%8c-1-2\/","og_site_name":"FDA srl","article_publisher":"https:\/\/www.facebook.com\/share\/1MWhFWg1Tp\/?mibextid=LQQJ4d","og_image":[{"width":300,"height":300,"url":"https:\/\/fdasrl.it\/wp-content\/uploads\/2025\/01\/FDA-000027_1.jpg","type":"image\/jpeg"}],"twitter_card":"summary_large_image","twitter_misc":{"\u0426\u0435\u043d\u0430":"","\u0414\u043e\u0441\u0442\u0443\u043f\u043d\u043e\u0441\u0442\u044c":"\u0420\u0430\u0441\u043f\u0440\u043e\u0434\u0430\u043d\u043e"},"schema":{"@context":"https:\/\/schema.org","@graph":[{"@type":"WebPage","@id":"https:\/\/fdasrl.it\/ru\/prodotto\/%d0%b0%d1%80%d1%82-fda-000027-%d0%bf%d0%be%d0%b8%d0%bb%d0%ba%d0%b0-%d1%83%d0%b2%d0%bb%d0%b0%d0%b6%d0%bd%d0%b8%d1%82%d0%b5%d0%bb%d1%8c-1-2\/","url":"https:\/\/fdasrl.it\/ru\/prodotto\/%d0%b0%d1%80%d1%82-fda-000027-%d0%bf%d0%be%d0%b8%d0%bb%d0%ba%d0%b0-%d1%83%d0%b2%d0%bb%d0%b0%d0%b6%d0%bd%d0%b8%d1%82%d0%b5%d0%bb%d1%8c-1-2\/","name":"\u0410\u0440\u0442. FDA-000027 \u2014 \u041f\u043e\u0438\u043b\u043a\u0430-\u0443\u0432\u043b\u0430\u0436\u043d\u0438\u0442\u0435\u043b\u044c 1\/2\u201d - FDA srl","isPartOf":{"@id":"https:\/\/fdasrl.it\/ru\/#website"},"primaryImageOfPage":{"@id":"https:\/\/fdasrl.it\/ru\/prodotto\/%d0%b0%d1%80%d1%82-fda-000027-%d0%bf%d0%be%d0%b8%d0%bb%d0%ba%d0%b0-%d1%83%d0%b2%d0%bb%d0%b0%d0%b6%d0%bd%d0%b8%d1%82%d0%b5%d0%bb%d1%8c-1-2\/#primaryimage"},"image":{"@id":"https:\/\/fdasrl.it\/ru\/prodotto\/%d0%b0%d1%80%d1%82-fda-000027-%d0%bf%d0%be%d0%b8%d0%bb%d0%ba%d0%b0-%d1%83%d0%b2%d0%bb%d0%b0%d0%b6%d0%bd%d0%b8%d1%82%d0%b5%d0%bb%d1%8c-1-2\/#primaryimage"},"thumbnailUrl":"https:\/\/fdasrl.it\/wp-content\/uploads\/2025\/01\/FDA-000027_1.jpg","datePublished":"2025-01-15T11:00:45+00:00","description":"\u26a0\ufe0f \u0414\u0430\u043d\u043d\u044b\u0439 \u0442\u043e\u0432\u0430\u0440 \u0437\u0430\u043c\u0435\u043d\u0435\u043d \u043d\u043e\u0432\u043e\u0439 \u043e\u0431\u043d\u043e\u0432\u043b\u0435\u043d\u043d\u043e\u0439 \u0432\u0435\u0440\u0441\u0438\u0435\u0439. \u27a1\ufe0f \u041f\u0435\u0440\u0435\u0439\u0442\u0438 \u043a \u043d\u043e\u0432\u043e\u0439 \u043f\u043e\u0438\u043b\u043a\u0435","breadcrumb":{"@id":"https:\/\/fdasrl.it\/ru\/prodotto\/%d0%b0%d1%80%d1%82-fda-000027-%d0%bf%d0%be%d0%b8%d0%bb%d0%ba%d0%b0-%d1%83%d0%b2%d0%bb%d0%b0%d0%b6%d0%bd%d0%b8%d1%82%d0%b5%d0%bb%d1%8c-1-2\/#breadcrumb"},"inLanguage":"ru-RU","potentialAction":[{"@type":"ReadAction","target":["https:\/\/fdasrl.it\/ru\/prodotto\/%d0%b0%d1%80%d1%82-fda-000027-%d0%bf%d0%be%d0%b8%d0%bb%d0%ba%d0%b0-%d1%83%d0%b2%d0%bb%d0%b0%d0%b6%d0%bd%d0%b8%d1%82%d0%b5%d0%bb%d1%8c-1-2\/"]}]},{"@type":"ImageObject","inLanguage":"ru-RU","@id":"https:\/\/fdasrl.it\/ru\/prodotto\/%d0%b0%d1%80%d1%82-fda-000027-%d0%bf%d0%be%d0%b8%d0%bb%d0%ba%d0%b0-%d1%83%d0%b2%d0%bb%d0%b0%d0%b6%d0%bd%d0%b8%d1%82%d0%b5%d0%bb%d1%8c-1-2\/#primaryimage","url":"https:\/\/fdasrl.it\/wp-content\/uploads\/2025\/01\/FDA-000027_1.jpg","contentUrl":"https:\/\/fdasrl.it\/wp-content\/uploads\/2025\/01\/FDA-000027_1.jpg","width":300,"height":300},{"@type":"BreadcrumbList","@id":"https:\/\/fdasrl.it\/ru\/prodotto\/%d0%b0%d1%80%d1%82-fda-000027-%d0%bf%d0%be%d0%b8%d0%bb%d0%ba%d0%b0-%d1%83%d0%b2%d0%bb%d0%b0%d0%b6%d0%bd%d0%b8%d1%82%d0%b5%d0%bb%d1%8c-1-2\/#breadcrumb","itemListElement":[{"@type":"ListItem","position":1,"name":"Home","item":"https:\/\/fdasrl.it\/ru\/%d0%b3%d0%bb%d0%b0%d0%b2%d0%bd%d0%b0%d1%8f\/"},{"@type":"ListItem","position":2,"name":"\u041c\u0430\u0433\u0430\u0437\u0438\u043d","item":"https:\/\/fdasrl.it\/ru\/%d0%bc%d0%b0%d0%b3%d0%b0%d0%b7%d0%b8%d0%bd\/"},{"@type":"ListItem","position":3,"name":"\u0410\u0440\u0442. FDA-000027 \u2014 \u041f\u043e\u0438\u043b\u043a\u0430-\u0443\u0432\u043b\u0430\u0436\u043d\u0438\u0442\u0435\u043b\u044c 1\/2\u201d"}]},{"@type":"WebSite","@id":"https:\/\/fdasrl.it\/ru\/#website","url":"https:\/\/fdasrl.it\/ru\/","name":"FDA srl","description":"Equipment for animal husbandry","publisher":{"@id":"https:\/\/fdasrl.it\/ru\/#organization"},"potentialAction":[{"@type":"SearchAction","target":{"@type":"EntryPoint","urlTemplate":"https:\/\/fdasrl.it\/ru\/?s={search_term_string}"},"query-input":{"@type":"PropertyValueSpecification","valueRequired":true,"valueName":"search_term_string"}}],"inLanguage":"ru-RU"},{"@type":"Organization","@id":"https:\/\/fdasrl.it\/ru\/#organization","name":"FDA srl","url":"https:\/\/fdasrl.it\/ru\/","logo":{"@type":"ImageObject","inLanguage":"ru-RU","@id":"https:\/\/fdasrl.it\/ru\/#\/schema\/logo\/image\/","url":"https:\/\/fdasrl.it\/wp-content\/uploads\/2024\/12\/Logo-FDA.png","contentUrl":"https:\/\/fdasrl.it\/wp-content\/uploads\/2024\/12\/Logo-FDA.png","width":316,"height":119,"caption":"FDA srl"},"image":{"@id":"https:\/\/fdasrl.it\/ru\/#\/schema\/logo\/image\/"},"sameAs":["https:\/\/www.facebook.com\/share\/1MWhFWg1Tp\/?mibextid=LQQJ4d","https:\/\/www.instagram.com\/fda_srl\/profilecard\/?igsh=YW5lbzJ6MWg0d21u","https:\/\/www.youtube.com\/@FDASRL_ANIMALCARE"],"description":"FDA SRL \u2013 Equipment for animal husbandry nasce con l\u2019obiettivo di offrire soluzioni affidabili e innovative per l\u2019allevamento moderno. Con anni di esperienza nel settore zootecnico, progettiamo e realizziamo attrezzature destinate al benessere animale e alla gestione efficiente delle stalle: vasche, abbeveratoi, mangiatoie e sistemi di riscaldamento pensati per durare nel tempo e semplificare il lavoro quotidiano degli allevatori. Dalla progettazione alla produzione, ogni nostro prodotto \u00e8 studiato nei minimi dettagli, testato con cura e costruito per rispondere alle esigenze reali del settore. La nostra forza \u00e8 unire artigianalit\u00e0, tecnologia e competenza tecnica per trasformare ogni progetto in una soluzione concreta e funzionale. Oggi FDA SRL \u00e8 un punto di riferimento per privati e rivenditori che cercano qualit\u00e0, affidabilit\u00e0 e innovazione nelle attrezzature per l\u2019allevamento.","email":"info@fdasrl.it","telephone":"+390522826820","legalName":"F.D.A. SRL","foundingDate":"2024-10-13","vatID":"03075840359","taxID":"03075840359","numberOfEmployees":{"@type":"QuantitativeValue","minValue":"1","maxValue":"10"}}]},"product_price_currency":"EUR","og_availability":"out of stock","product_availability":"out of stock","product_retailer_item_id":"FDA-000027","product_condition":"new"},"_links":{"self":[{"href":"https:\/\/fdasrl.it\/ru\/wp-json\/wp\/v2\/product\/5612","targetHints":{"allow":["GET"]}}],"collection":[{"href":"https:\/\/fdasrl.it\/ru\/wp-json\/wp\/v2\/product"}],"about":[{"href":"https:\/\/fdasrl.it\/ru\/wp-json\/wp\/v2\/types\/product"}],"replies":[{"embeddable":true,"href":"https:\/\/fdasrl.it\/ru\/wp-json\/wp\/v2\/comments?post=5612"}],"wp:featuredmedia":[{"embeddable":true,"href":"https:\/\/fdasrl.it\/ru\/wp-json\/wp\/v2\/media\/233"}],"wp:attachment":[{"href":"https:\/\/fdasrl.it\/ru\/wp-json\/wp\/v2\/media?parent=5612"}],"wp:term":[{"taxonomy":"product_brand","embeddable":true,"href":"https:\/\/fdasrl.it\/ru\/wp-json\/wp\/v2\/product_brand?post=5612"},{"taxonomy":"product_cat","embeddable":true,"href":"https:\/\/fdasrl.it\/ru\/wp-json\/wp\/v2\/product_cat?post=5612"},{"taxonomy":"product_tag","embeddable":true,"href":"https:\/\/fdasrl.it\/ru\/wp-json\/wp\/v2\/product_tag?post=5612"}],"curies":[{"name":"wp","href":"https:\/\/api.w.org\/{rel}","templated":true}]}}